{"id":8630,"date":"2026-03-10T08:51:47","date_gmt":"2026-03-10T07:51:47","guid":{"rendered":"https:\/\/weldingconsulting.pl\/?page_id=8630"},"modified":"2026-03-10T08:55:32","modified_gmt":"2026-03-10T07:55:32","slug":"\u6ce2\u5170\u72ec\u7acb\u710a\u63a5\u68c0\u9a8c\u5458","status":"publish","type":"page","link":"https:\/\/weldingconsulting.pl\/zh\/\u6ce2\u5170\u72ec\u7acb\u710a\u63a5\u68c0\u9a8c\u5458\/","title":{"rendered":"\u6ce2\u5170\u72ec\u7acb\u710a\u63a5\u68c0\u9a8c\u5458 | IWE\u710a\u63a5\u76d1\u7763"},"content":{"rendered":"<div data-elementor-type=\"wp-page\" data-elementor-id=\"8630\" class=\"elementor elementor-8630\" data-elementor-post-type=\"page\">\n\t\t\t\t\t\t<section class=\"elementor-section elementor-top-section elementor-element elementor-element-20ccef29 elementor-section-boxed elementor-section-height-default elementor-section-height-default wpr-particle-no wpr-jarallax-no wpr-parallax-no wpr-sticky-section-no\" data-id=\"20ccef29\" data-element_type=\"section\" data-e-type=\"section\">\n\t\t\t\t\t\t<div class=\"elementor-container elementor-column-gap-default\">\n\t\t\t\t\t<div class=\"elementor-column elementor-col-100 elementor-top-column elementor-element elementor-element-3d93c143\" data-id=\"3d93c143\" data-element_type=\"column\" data-e-type=\"column\">\n\t\t\t<div class=\"elementor-widget-wrap elementor-element-populated\">\n\t\t\t\t\t\t<div class=\"elementor-element elementor-element-14cbb1bd elementor-widget elementor-widget-text-editor\" data-id=\"14cbb1bd\" data-element_type=\"widget\" data-e-type=\"widget\" data-widget_type=\"text-editor.default\">\n\t\t\t\t<div class=\"elementor-widget-container\">\n\t\t\t\t\t\t\t\t\t\n<h1 class=\"wp-block-heading\"><\/h1>\n\t\t\t\t\t\t\t\t<\/div>\n\t\t\t\t<\/div>\n\t\t\t\t\t<\/div>\n\t\t<\/div>\n\t\t\t\t\t<\/div>\n\t\t<\/section>\n\t\t\t\t<section class=\"elementor-section elementor-top-section elementor-element elementor-element-108b985 elementor-section-boxed elementor-section-height-default elementor-section-height-default wpr-particle-no wpr-jarallax-no wpr-parallax-no wpr-sticky-section-no\" data-id=\"108b985\" data-element_type=\"section\" data-e-type=\"section\">\n\t\t\t\t\t\t<div class=\"elementor-container elementor-column-gap-default\">\n\t\t\t\t\t<div class=\"elementor-column elementor-col-100 elementor-top-column elementor-element elementor-element-53a2d1d\" data-id=\"53a2d1d\" data-element_type=\"column\" data-e-type=\"column\">\n\t\t\t<div class=\"elementor-widget-wrap elementor-element-populated\">\n\t\t\t\t\t\t<div class=\"elementor-element elementor-element-65139d2 elementor-widget elementor-widget-heading\" data-id=\"65139d2\" data-element_type=\"widget\" data-e-type=\"widget\" data-widget_type=\"heading.default\">\n\t\t\t\t<div class=\"elementor-widget-container\">\n\t\t\t\t\t<h1 class=\"elementor-heading-title elementor-size-default\">\u6ce2\u5170\u72ec\u7acb\u710a\u63a5\u68c0\u9a8c\u5458<\/h1>\t\t\t\t<\/div>\n\t\t\t\t<\/div>\n\t\t\t\t\t<\/div>\n\t\t<\/div>\n\t\t\t\t\t<\/div>\n\t\t<\/section>\n\t\t\t\t<section class=\"elementor-section elementor-top-section elementor-element elementor-element-830ea08 elementor-section-boxed elementor-section-height-default elementor-section-height-default wpr-particle-no wpr-jarallax-no wpr-parallax-no wpr-sticky-section-no\" data-id=\"830ea08\" data-element_type=\"section\" data-e-type=\"section\">\n\t\t\t\t\t\t<div class=\"elementor-container elementor-column-gap-default\">\n\t\t\t\t\t<div class=\"elementor-column elementor-col-100 elementor-top-column elementor-element elementor-element-3e5a4aa\" data-id=\"3e5a4aa\" data-element_type=\"column\" data-e-type=\"column\">\n\t\t\t<div class=\"elementor-widget-wrap elementor-element-populated\">\n\t\t\t\t\t\t<div class=\"elementor-element elementor-element-0eae44d elementor-widget elementor-widget-heading\" data-id=\"0eae44d\" data-element_type=\"widget\" data-e-type=\"widget\" data-widget_type=\"heading.default\">\n\t\t\t\t<div class=\"elementor-widget-container\">\n\t\t\t\t\t<h2 class=\"elementor-heading-title elementor-size-default\">IWE\u8ba4\u8bc1\u710a\u63a5\u5de5\u7a0b\u5e08<\/h2>\t\t\t\t<\/div>\n\t\t\t\t<\/div>\n\t\t\t\t\t<\/div>\n\t\t<\/div>\n\t\t\t\t\t<\/div>\n\t\t<\/section>\n\t\t\t\t<section class=\"elementor-section elementor-top-section elementor-element elementor-element-35a58be elementor-section-boxed elementor-section-height-default elementor-section-height-default wpr-particle-no wpr-jarallax-no wpr-parallax-no wpr-sticky-section-no\" data-id=\"35a58be\" data-element_type=\"section\" data-e-type=\"section\">\n\t\t\t\t\t\t<div class=\"elementor-container elementor-column-gap-default\">\n\t\t\t\t\t<div class=\"elementor-column elementor-col-100 elementor-top-column elementor-element elementor-element-8f3c79e\" data-id=\"8f3c79e\" data-element_type=\"column\" data-e-type=\"column\">\n\t\t\t<div class=\"elementor-widget-wrap elementor-element-populated\">\n\t\t\t\t\t\t<div class=\"elementor-element elementor-element-7064c0c elementor-widget elementor-widget-text-editor\" data-id=\"7064c0c\" data-element_type=\"widget\" data-e-type=\"widget\" data-widget_type=\"text-editor.default\">\n\t\t\t\t<div class=\"elementor-widget-container\">\n\t\t\t\t\t\t\t\t\t<p data-start=\"637\" data-end=\"976\">\u72ec\u7acb\u710a\u63a5\u68c0\u9a8c\u5458\u662f\u8d1f\u8d23\u76d1\u7763\u5de5\u4e1a\u9879\u76ee\u4e2d\u710a\u63a5\u5de5\u827a\u548c\u8d28\u91cf\u63a7\u5236\u7684\u4e13\u4e1a\u4eba\u5458\u3002\u63d0\u4f9b\u8ba4\u8bc1\u652f\u6301 <strong data-start=\"832\" data-end=\"895\">\u56fd\u9645\u710a\u63a5\u5de5\u7a0b\u5e08\u534f\u4f1a (IWE) \u710a\u63a5\u5de5\u7a0b\u5e08<\/strong> \u4f7f\u6211\u4eec\u80fd\u591f\u786e\u4fdd\u751f\u4ea7\u6d41\u7a0b\u7b26\u5408\u56fd\u9645\u6807\u51c6\u3002.<\/p>\n<p data-start=\"978\" data-end=\"1220\">IWE\u4e13\u5bb6\u5177\u5907\u710a\u63a5\u6280\u672f\u3001\u6750\u6599\u79d1\u5b66\u548c\u8d28\u91cf\u63a7\u5236\u4f53\u7cfb\u65b9\u9762\u7684\u5148\u8fdb\u77e5\u8bc6\u3002\u8fd9\u4f7f\u5f97\u4ed6\u4eec\u80fd\u591f\u6709\u6548\u5730\u7ba1\u7406\u6280\u672f\u8981\u6c42\u9ad8\u7684\u9879\u76ee\u4e2d\u7684\u710a\u63a5\u6d41\u7a0b\u3002.<\/p>\n<p data-start=\"1222\" data-end=\"1258\">\u670d\u52a1\u8303\u56f4\u5305\u62ec\u4f46\u4e0d\u9650\u4e8e\uff1a<\/p>\n<ul>\n<li data-start=\"1262\" data-end=\"1298\">\u710a\u63a5\u8fc7\u7a0b\u76d1\u7763<\/li>\n<li data-start=\"1301\" data-end=\"1339\">\u6280\u672f\u6587\u6863\u7684\u9a8c\u8bc1<\/li>\n<li data-start=\"1342\" data-end=\"1389\">\u710a\u63a5\u6280\u672f\u9274\u5b9a\uff08WPS \u548c PQR\uff09<\/li>\n<li data-start=\"1392\" data-end=\"1424\">\u68c0\u67e5\u710a\u5de5\u7684\u8d44\u8d28<\/li>\n<li data-start=\"1427\" data-end=\"1473\">\u4e3a\u751f\u4ea7\u56e2\u961f\u63d0\u4f9b\u6280\u672f\u652f\u6301<\/li>\n<\/ul>\t\t\t\t\t\t\t\t<\/div>\n\t\t\t\t<\/div>\n\t\t\t\t\t<\/div>\n\t\t<\/div>\n\t\t\t\t\t<\/div>\n\t\t<\/section>\n\t\t\t\t<section class=\"elementor-section elementor-top-section elementor-element elementor-element-8dffcb2 elementor-section-boxed elementor-section-height-default elementor-section-height-default wpr-particle-no wpr-jarallax-no wpr-parallax-no wpr-sticky-section-no\" data-id=\"8dffcb2\" data-element_type=\"section\" data-e-type=\"section\">\n\t\t\t\t\t\t<div class=\"elementor-container elementor-column-gap-default\">\n\t\t\t\t\t<div class=\"elementor-column elementor-col-100 elementor-top-column elementor-element elementor-element-0c3ba90\" data-id=\"0c3ba90\" data-element_type=\"column\" data-e-type=\"column\">\n\t\t\t<div class=\"elementor-widget-wrap elementor-element-populated\">\n\t\t\t\t\t\t<div class=\"elementor-element elementor-element-95265f4 elementor-widget elementor-widget-heading\" data-id=\"95265f4\" data-element_type=\"widget\" data-e-type=\"widget\" data-widget_type=\"heading.default\">\n\t\t\t\t<div class=\"elementor-widget-container\">\n\t\t\t\t\t<h2 class=\"elementor-heading-title elementor-size-default\">\u652f\u6301 ISO 3834 \u5ba1\u6838<\/h2>\t\t\t\t<\/div>\n\t\t\t\t<\/div>\n\t\t\t\t\t<\/div>\n\t\t<\/div>\n\t\t\t\t\t<\/div>\n\t\t<\/section>\n\t\t\t\t<section class=\"elementor-section elementor-top-section elementor-element elementor-element-b1fb291 elementor-section-boxed elementor-section-height-default elementor-section-height-default wpr-particle-no wpr-jarallax-no wpr-parallax-no wpr-sticky-section-no\" data-id=\"b1fb291\" data-element_type=\"section\" data-e-type=\"section\">\n\t\t\t\t\t\t<div class=\"elementor-container elementor-column-gap-default\">\n\t\t\t\t\t<div class=\"elementor-column elementor-col-100 elementor-top-column elementor-element elementor-element-dd22cff\" data-id=\"dd22cff\" data-element_type=\"column\" data-e-type=\"column\">\n\t\t\t<div class=\"elementor-widget-wrap elementor-element-populated\">\n\t\t\t\t\t\t<div class=\"elementor-element elementor-element-d81e4ed elementor-widget elementor-widget-text-editor\" data-id=\"d81e4ed\" data-element_type=\"widget\" data-e-type=\"widget\" data-widget_type=\"text-editor.default\">\n\t\t\t\t<div class=\"elementor-widget-container\">\n\t\t\t\t\t\t\t\t\t<p data-start=\"1518\" data-end=\"1743\">\u6807\u51c6 <strong data-start=\"1524\" data-end=\"1536\">ISO 3834<\/strong> \u672c\u6807\u51c6\u89c4\u5b9a\u4e86\u710a\u63a5\u5de5\u827a\u8d28\u91cf\u7ba1\u7406\u4f53\u7cfb\u7684\u8981\u6c42\u3002\u5728\u8bb8\u591a\u5de5\u4e1a\u9879\u76ee\u4e2d\uff0c\u7b26\u5408\u672c\u6807\u51c6\u662f\u83b7\u5f97\u8ba4\u8bc1\u548c\u6267\u884c\u5408\u540c\u7684\u5fc5\u8981\u6761\u4ef6\u3002.<\/p>\n<p data-start=\"1745\" data-end=\"1801\">\u72ec\u7acb\u7684\u710a\u63a5\u68c0\u9a8c\u5458\u53ef\u4ee5\u4e3a\u516c\u53f8\u63d0\u4f9b\u4ee5\u4e0b\u652f\u6301\uff1a<\/p>\n<ul>\n<li data-start=\"1805\" data-end=\"1839\">ISO 3834\u5ba1\u6838\u51c6\u5907\u5de5\u4f5c<\/li>\n<li data-start=\"1842\" data-end=\"1881\">\u710a\u63a5\u6587\u4ef6\u6838\u5b9e<\/li>\n<li data-start=\"1884\" data-end=\"1917\">\u751f\u4ea7\u6d41\u7a0b\u5206\u6790<\/li>\n<li data-start=\"1920\" data-end=\"1965\">\u5b9e\u65bd\u9002\u5f53\u7684\u710a\u63a5\u76d1\u7763<\/li>\n<\/ul>\n<p data-start=\"1967\" data-end=\"2085\">\u5f97\u76ca\u4e8e\u4e13\u4e1a\u652f\u6301\uff0c\u5ba1\u8ba1\u8fc7\u7a0b\u8fdb\u884c\u5f97\u66f4\u52a0\u987a\u5229\uff0c\u4e0d\u5408\u89c4\u7684\u98ce\u9669\u4e5f\u5927\u5927\u964d\u4f4e\u3002.<\/p>\t\t\t\t\t\t\t\t<\/div>\n\t\t\t\t<\/div>\n\t\t\t\t\t<\/div>\n\t\t<\/div>\n\t\t\t\t\t<\/div>\n\t\t<\/section>\n\t\t\t\t<section class=\"elementor-section elementor-top-section elementor-element elementor-element-7d426c3 elementor-section-boxed elementor-section-height-default elementor-section-height-default wpr-particle-no wpr-jarallax-no wpr-parallax-no wpr-sticky-section-no\" data-id=\"7d426c3\" data-element_type=\"section\" data-e-type=\"section\">\n\t\t\t\t\t\t<div class=\"elementor-container elementor-column-gap-default\">\n\t\t\t\t\t<div class=\"elementor-column elementor-col-100 elementor-top-column elementor-element elementor-element-170ae9a\" data-id=\"170ae9a\" data-element_type=\"column\" data-e-type=\"column\">\n\t\t\t<div class=\"elementor-widget-wrap elementor-element-populated\">\n\t\t\t\t\t\t<div class=\"elementor-element elementor-element-6195e62 elementor-widget elementor-widget-heading\" data-id=\"6195e62\" data-element_type=\"widget\" data-e-type=\"widget\" data-widget_type=\"heading.default\">\n\t\t\t\t<div class=\"elementor-widget-container\">\n\t\t\t\t\t<h2 class=\"elementor-heading-title elementor-size-default\">\u6839\u636e ISO 14731 \u6807\u51c6\u8fdb\u884c\u710a\u63a5\u534f\u8c03<\/h2>\t\t\t\t<\/div>\n\t\t\t\t<\/div>\n\t\t\t\t\t<\/div>\n\t\t<\/div>\n\t\t\t\t\t<\/div>\n\t\t<\/section>\n\t\t\t\t<section class=\"elementor-section elementor-top-section elementor-element elementor-element-de3ff70 elementor-section-boxed elementor-section-height-default elementor-section-height-default wpr-particle-no wpr-jarallax-no wpr-parallax-no wpr-sticky-section-no\" data-id=\"de3ff70\" data-element_type=\"section\" data-e-type=\"section\">\n\t\t\t\t\t\t<div class=\"elementor-container elementor-column-gap-default\">\n\t\t\t\t\t<div class=\"elementor-column elementor-col-100 elementor-top-column elementor-element elementor-element-2984a2a\" data-id=\"2984a2a\" data-element_type=\"column\" data-e-type=\"column\">\n\t\t\t<div class=\"elementor-widget-wrap elementor-element-populated\">\n\t\t\t\t\t\t<div class=\"elementor-element elementor-element-fd6d67d elementor-widget elementor-widget-text-editor\" data-id=\"fd6d67d\" data-element_type=\"widget\" data-e-type=\"widget\" data-widget_type=\"text-editor.default\">\n\t\t\t\t<div class=\"elementor-widget-container\">\n\t\t\t\t\t\t\t\t\t<p data-start=\"2146\" data-end=\"2363\">\u6807\u51c6 <strong data-start=\"2152\" data-end=\"2165\">ISO 14731<\/strong> \u672c\u89c4\u5b9a\u660e\u786e\u4e86\u5de5\u4e1a\u9879\u76ee\u4e2d\u710a\u63a5\u534f\u8c03\u7684\u8981\u6c42\u3002\u59a5\u5584\u7ec4\u7ec7\u710a\u63a5\u76d1\u7406\u5de5\u4f5c\u5bf9\u4e8e\u786e\u4fdd\u65bd\u5de5\u8d28\u91cf\u548c\u5b89\u5168\u81f3\u5173\u91cd\u8981\u3002.<\/p>\n<p data-start=\"2365\" data-end=\"2417\">\u710a\u63a5\u534f\u8c03\u5458\u7684\u804c\u8d23\u5305\u62ec\uff08\u4f46\u4e0d\u9650\u4e8e\uff09\uff1a<\/p>\n<ul>\n<li data-start=\"2421\" data-end=\"2454\">\u710a\u63a5\u6280\u672f\u76d1\u7ba1<\/li>\n<li data-start=\"2457\" data-end=\"2493\">\u710a\u63a5\u6587\u4ef6\u63a7\u5236<\/li>\n<li data-start=\"2496\" data-end=\"2530\">\u710a\u5de5\u8d44\u683c\u7684\u76d1\u7763<\/li>\n<li data-start=\"2533\" data-end=\"2575\">\u4e0e\u8ba4\u8bc1\u673a\u6784\u7684\u5408\u4f5c<\/li>\n<li data-start=\"2578\" data-end=\"2613\">\u5bf9\u710a\u63a5\u8fdb\u884c\u8d28\u91cf\u63a7\u5236<\/li>\n<\/ul>\n<p data-start=\"2615\" data-end=\"2762\">\u4e13\u4e1a\u7684\u710a\u63a5\u5de5\u827a\u534f\u8c03\u4f7f\u6211\u4eec\u80fd\u591f\u63d0\u9ad8\u751f\u4ea7\u6548\u7387\u5e76\u6ee1\u8db3\u56fd\u9645\u8d28\u91cf\u6807\u51c6\u7684\u8981\u6c42\u3002.<\/p>\t\t\t\t\t\t\t\t<\/div>\n\t\t\t\t<\/div>\n\t\t\t\t\t<\/div>\n\t\t<\/div>\n\t\t\t\t\t<\/div>\n\t\t<\/section>\n\t\t\t\t<section class=\"elementor-section elementor-top-section elementor-element elementor-element-e967feb elementor-section-boxed elementor-section-height-default elementor-section-height-default wpr-particle-no wpr-jarallax-no wpr-parallax-no wpr-sticky-section-no\" data-id=\"e967feb\" data-element_type=\"section\" data-e-type=\"section\">\n\t\t\t\t\t\t<div class=\"elementor-container elementor-column-gap-default\">\n\t\t\t\t\t<div class=\"elementor-column elementor-col-100 elementor-top-column elementor-element elementor-element-c3792bb\" data-id=\"c3792bb\" data-element_type=\"column\" data-e-type=\"column\">\n\t\t\t<div class=\"elementor-widget-wrap elementor-element-populated\">\n\t\t\t\t\t\t<div class=\"elementor-element elementor-element-c0b1968 elementor-widget elementor-widget-heading\" data-id=\"c0b1968\" data-element_type=\"widget\" data-e-type=\"widget\" data-widget_type=\"heading.default\">\n\t\t\t\t<div class=\"elementor-widget-container\">\n\t\t\t\t\t<h2 class=\"elementor-heading-title elementor-size-default\">\u5de5\u4e1a\u9879\u76ee\u4e2d\u7684\u710a\u63a5\u76d1\u7406<\/h2>\t\t\t\t<\/div>\n\t\t\t\t<\/div>\n\t\t\t\t\t<\/div>\n\t\t<\/div>\n\t\t\t\t\t<\/div>\n\t\t<\/section>\n\t\t\t\t<section class=\"elementor-section elementor-top-section elementor-element elementor-element-cbcb10e elementor-section-boxed elementor-section-height-default elementor-section-height-default wpr-particle-no wpr-jarallax-no wpr-parallax-no wpr-sticky-section-no\" data-id=\"cbcb10e\" data-element_type=\"section\" data-e-type=\"section\">\n\t\t\t\t\t\t<div class=\"elementor-container elementor-column-gap-default\">\n\t\t\t\t\t<div class=\"elementor-column elementor-col-100 elementor-top-column elementor-element elementor-element-a2fd22e\" data-id=\"a2fd22e\" data-element_type=\"column\" data-e-type=\"column\">\n\t\t\t<div class=\"elementor-widget-wrap elementor-element-populated\">\n\t\t\t\t\t\t<div class=\"elementor-element elementor-element-db4c681 elementor-widget elementor-widget-text-editor\" data-id=\"db4c681\" data-element_type=\"widget\" data-e-type=\"widget\" data-widget_type=\"text-editor.default\">\n\t\t\t\t<div class=\"elementor-widget-container\">\n\t\t\t\t\t\t\t\t\t<p data-start=\"2824\" data-end=\"2938\">\u5728\u4ee5\u4e0b\u884c\u4e1a\u7684\u9879\u76ee\u4e2d\uff0c\u72ec\u7acb\u710a\u63a5\u68c0\u9a8c\u5458\u7684\u670d\u52a1\u5c24\u4e3a\u91cd\u8981\uff1a<\/p>\n<ul>\n<li data-start=\"2942\" data-end=\"2963\">\u94a2\u7ed3\u6784<\/li>\n<li data-start=\"2966\" data-end=\"2989\">\u80fd\u6e90\u884c\u4e1a<\/li>\n<li data-start=\"2992\" data-end=\"3009\">\u91cd\u5de5\u4e1a<\/li>\n<li data-start=\"3012\" data-end=\"3030\">\u77f3\u6cb9\u548c\u5929\u7136\u6c14\u884c\u4e1a<\/li>\n<li data-start=\"3033\" data-end=\"3059\">\u5de5\u4e1a\u57fa\u7840\u8bbe\u65bd<\/li>\n<\/ul>\n<p data-start=\"3061\" data-end=\"3213\">\u51ed\u501f\u6211\u4eec\u5728\u56fd\u9645\u9879\u76ee\u65b9\u9762\u7684\u7ecf\u9a8c\uff0c\u6211\u4eec\u53ef\u4ee5\u786e\u4fdd\u9ad8\u8d28\u91cf\u5730\u5b8c\u6210\u5de5\u4f5c\u5e76\u7b26\u5408\u6295\u8d44\u8005\u7684\u8981\u6c42\u3002.<\/p>\t\t\t\t\t\t\t\t<\/div>\n\t\t\t\t<\/div>\n\t\t\t\t\t<\/div>\n\t\t<\/div>\n\t\t\t\t\t<\/div>\n\t\t<\/section>\n\t\t\t\t<\/div>","protected":false},"excerpt":{"rendered":"<p>Niezale\u017cny Inspektor Spawalnictwa w Polsce Certyfikowany In\u017cynier Spawalnictwa IWE Niezale\u017cny inspektor spawalnictwa to specjalista odpowiedzialny za nadz\u00f3r nad procesami spawalniczymi oraz kontrol\u0119 jako\u015bci prac wykonywanych w projektach przemys\u0142owych. Wsparcie certyfikowanego In\u017cyniera Spawalnictwa IWE (International Welding Engineer) pozwala zapewni\u0107 zgodno\u015b\u0107 proces\u00f3w produkcyjnych z mi\u0119dzynarodowymi standardami. Ekspert IWE posiada zaawansowan\u0105 wiedz\u0119 z zakresu technologii spawania, materia\u0142oznawstwa oraz system\u00f3w kontroli jako\u015bci. Dzi\u0119ki temu mo\u017cliwe jest skuteczne zarz\u0105dzanie procesami spawalniczymi w projektach o wysokich wymaganiach technicznych. Zakres us\u0142ug obejmuje mi\u0119dzy innymi: nadz\u00f3r nad procesami spawalniczymi weryfikacj\u0119 dokumentacji technicznej kwalifikacj\u0119 technologii spawania (WPS i PQR) kontrol\u0119 kwalifikacji spawaczy wsparcie techniczne dla zespo\u0142\u00f3w produkcyjnych Wsparcie w audytach ISO 3834 Norma ISO 3834 okre\u015bla wymagania dotycz\u0105ce systemu zarz\u0105dzania jako\u015bci\u0105 w procesach spawalniczych. W wielu projektach przemys\u0142owych spe\u0142nienie tej normy jest niezb\u0119dne do uzyskania certyfikacji oraz realizacji kontrakt\u00f3w. Niezale\u017cny inspektor spawalnictwa mo\u017ce wspiera\u0107 firmy w: przygotowaniu do audytu ISO 3834 weryfikacji dokumentacji spawalniczej analizie procedur produkcyjnych wdro\u017ceniu odpowiedniego nadzoru spawalniczego Dzi\u0119ki profesjonalnemu wsparciu proces audytu przebiega sprawniej, a ryzyko niezgodno\u015bci zostaje znacz\u0105co ograniczone. Koordynacja spawalnictwa zgodnie z ISO 14731 Norma ISO 14731 okre\u015bla wymagania dotycz\u0105ce koordynacji spawalnictwa w projektach przemys\u0142owych. Odpowiednia organizacja nadzoru spawalniczego jest kluczowa dla zapewnienia jako\u015bci oraz bezpiecze\u0144stwa konstrukcji. Koordynator spawalnictwa odpowiada mi\u0119dzy innymi za: nadz\u00f3r nad technologi\u0105 spawania kontrol\u0119 dokumentacji spawalniczej nadz\u00f3r nad kwalifikacj\u0105 spawaczy wsp\u00f3\u0142prac\u0119 z jednostkami certyfikuj\u0105cymi kontrol\u0119 jako\u015bci wykonywanych spoin Profesjonalna koordynacja proces\u00f3w spawalniczych pozwala zwi\u0119kszy\u0107 efektywno\u015b\u0107 produkcji oraz spe\u0142ni\u0107 wymagania mi\u0119dzynarodowych norm jako\u015bciowych. Nadz\u00f3r spawalniczy w projektach przemys\u0142owych Us\u0142ugi niezale\u017cnego inspektora spawalnictwa s\u0105 szczeg\u00f3lnie wa\u017cne w projektach realizowanych w bran\u017cach takich jak: konstrukcje stalowe przemys\u0142 energetyczny przemys\u0142 ci\u0119\u017cki sektor oil &amp; gas infrastruktura przemys\u0142owa Dzi\u0119ki do\u015bwiadczeniu w mi\u0119dzynarodowych projektach mo\u017cliwe jest zapewnienie wysokiej jako\u015bci realizowanych prac oraz zgodno\u015bci z wymaganiami inwestor\u00f3w.<\/p>","protected":false},"author":1,"featured_media":0,"parent":0,"menu_order":0,"comment_status":"closed","ping_status":"closed","template":"elementor_header_footer","meta":{"site-sidebar-layout":"default","site-content-layout":"","ast-site-content-layout":"default","site-content-style":"default","site-sidebar-style":"default","ast-global-header-display":"","ast-banner-title-visibility":"","ast-main-header-display":"","ast-hfb-above-header-display":"","ast-hfb-below-header-display":"","ast-hfb-mobile-header-display":"","site-post-title":"","ast-breadcrumbs-content":"","ast-featured-img":"","footer-sml-layout":"","ast-disable-related-posts":"","theme-transparent-header-meta":"","adv-header-id-meta":"","stick-header-meta":"","header-above-stick-meta":"","header-main-stick-meta":"","header-below-stick-meta":"","astra-migrate-meta-layouts":"default","ast-page-background-enabled":"default","ast-page-background-meta":{"desktop":{"background-color":"var(--ast-global-color-4)","background-image":"","background-repeat":"repeat","background-position":"center center","background-size":"auto","background-attachment":"scroll","background-type":"","background-media":"","overlay-type":"","overlay-color":"","overlay-opacity":"","overlay-gradient":""},"tablet":{"background-color":"","background-image":"","background-repeat":"repeat","background-position":"center center","background-size":"auto","background-attachment":"scroll","background-type":"","background-media":"","overlay-type":"","overlay-color":"","overlay-opacity":"","overlay-gradient":""},"mobile":{"background-color":"","background-image":"","background-repeat":"repeat","background-position":"center center","background-size":"auto","background-attachment":"scroll","background-type":"","background-media":"","overlay-type":"","overlay-color":"","overlay-opacity":"","overlay-gradient":""}},"ast-content-background-meta":{"desktop":{"background-color":"var(--ast-global-color-5)","background-image":"","background-repeat":"repeat","background-position":"center center","background-size":"auto","background-attachment":"scroll","background-type":"","background-media":"","overlay-type":"","overlay-color":"","overlay-opacity":"","overlay-gradient":""},"tablet":{"background-color":"var(--ast-global-color-5)","background-image":"","background-repeat":"repeat","background-position":"center center","background-size":"auto","background-attachment":"scroll","background-type":"","background-media":"","overlay-type":"","overlay-color":"","overlay-opacity":"","overlay-gradient":""},"mobile":{"background-color":"var(--ast-global-color-5)","background-image":"","background-repeat":"repeat","background-position":"center center","background-size":"auto","background-attachment":"scroll","background-type":"","background-media":"","overlay-type":"","overlay-color":"","overlay-opacity":"","overlay-gradient":""}},"footnotes":""},"class_list":["post-8630","page","type-page","status-publish","hentry"],"rttpg_featured_image_url":null,"rttpg_author":{"display_name":"admin-JYZ7TiXE","author_link":"https:\/\/weldingconsulting.pl\/zh\/author\/admin-jyz7tixe\/"},"rttpg_comment":0,"rttpg_category":null,"rttpg_excerpt":"Niezale\u017cny Inspektor Spawalnictwa w Polsce Certyfikowany In\u017cynier Spawalnictwa IWE Niezale\u017cny inspektor spawalnictwa to specjalista odpowiedzialny za nadz\u00f3r nad procesami spawalniczymi oraz kontrol\u0119 jako\u015bci prac wykonywanych w projektach przemys\u0142owych. Wsparcie certyfikowanego In\u017cyniera Spawalnictwa IWE (International Welding Engineer) pozwala zapewni\u0107 zgodno\u015b\u0107 proces\u00f3w produkcyjnych z mi\u0119dzynarodowymi standardami. Ekspert IWE posiada zaawansowan\u0105 wiedz\u0119 z zakresu technologii spawania, materia\u0142oznawstwa oraz&hellip;","_links":{"self":[{"href":"https:\/\/weldingconsulting.pl\/zh\/wp-json\/wp\/v2\/pages\/8630","targetHints":{"allow":["GET"]}}],"collection":[{"href":"https:\/\/weldingconsulting.pl\/zh\/wp-json\/wp\/v2\/pages"}],"about":[{"href":"https:\/\/weldingconsulting.pl\/zh\/wp-json\/wp\/v2\/types\/page"}],"author":[{"embeddable":true,"href":"https:\/\/weldingconsulting.pl\/zh\/wp-json\/wp\/v2\/users\/1"}],"replies":[{"embeddable":true,"href":"https:\/\/weldingconsulting.pl\/zh\/wp-json\/wp\/v2\/comments?post=8630"}],"version-history":[{"count":4,"href":"https:\/\/weldingconsulting.pl\/zh\/wp-json\/wp\/v2\/pages\/8630\/revisions"}],"predecessor-version":[{"id":8635,"href":"https:\/\/weldingconsulting.pl\/zh\/wp-json\/wp\/v2\/pages\/8630\/revisions\/8635"}],"wp:attachment":[{"href":"https:\/\/weldingconsulting.pl\/zh\/wp-json\/wp\/v2\/media?parent=8630"}],"curies":[{"name":"wp","href":"https:\/\/api.w.org\/{rel}","templated":true}]}}