{"id":8522,"date":"2025-08-20T17:55:47","date_gmt":"2025-08-20T15:55:47","guid":{"rendered":"https:\/\/weldingconsulting.pl\/?page_id=8522"},"modified":"2025-08-20T18:49:03","modified_gmt":"2025-08-20T16:49:03","slug":"\u5173\u4e8e\u6211\u4eec","status":"publish","type":"page","link":"https:\/\/weldingconsulting.pl\/zh\/\u5173\u4e8e\u6211\u4eec\/","title":{"rendered":"\u5173\u4e8e\u6211\u4eec"},"content":{"rendered":"<div data-elementor-type=\"wp-page\" data-elementor-id=\"8522\" class=\"elementor elementor-8522\" data-elementor-post-type=\"page\">\n\t\t\t\t\t\t<section class=\"elementor-section elementor-top-section elementor-element elementor-element-9cfaf8a elementor-section-boxed elementor-section-height-default elementor-section-height-default wpr-particle-no wpr-jarallax-no wpr-parallax-no wpr-sticky-section-no wpr-equal-height-no\" data-id=\"9cfaf8a\" data-element_type=\"section\" data-e-type=\"section\">\n\t\t\t\t\t\t<div class=\"elementor-container elementor-column-gap-default\">\n\t\t\t\t\t<div class=\"elementor-column elementor-col-100 elementor-top-column elementor-element elementor-element-f18742f\" data-id=\"f18742f\" data-element_type=\"column\" data-e-type=\"column\">\n\t\t\t<div class=\"elementor-widget-wrap elementor-element-populated\">\n\t\t\t\t\t\t<div class=\"elementor-element elementor-element-4f2b644 elementor-widget elementor-widget-heading\" data-id=\"4f2b644\" data-element_type=\"widget\" data-e-type=\"widget\" data-widget_type=\"heading.default\">\n\t\t\t\t<div class=\"elementor-widget-container\">\n\t\t\t\t\t<h2 class=\"elementor-heading-title elementor-size-default\">\u5173\u4e8e\u6211\u4eec<\/h2>\t\t\t\t<\/div>\n\t\t\t\t<\/div>\n\t\t\t\t<div class=\"elementor-element elementor-element-b144b6d elementor-widget elementor-widget-text-editor\" data-id=\"b144b6d\" data-element_type=\"widget\" data-e-type=\"widget\" data-widget_type=\"text-editor.default\">\n\t\t\t\t<div class=\"elementor-widget-container\">\n\t\t\t\t\t\t\t\t\t<h2 data-start=\"1748\" data-end=\"1765\">\u6211\u4eec\u662f\u8c01<\/h2><p data-start=\"1766\" data-end=\"2036\"><strong data-start=\"1766\" data-end=\"1790\">WeldingConsulting.pl<\/strong> \u662f\u4e00\u652f\u7531\u4e13\u5bb6\u7ec4\u6210\u7684\u56e2\u961f\uff0c\u4e13\u95e8\u4ece\u4e8b\u710a\u63a5\u54a8\u8be2\u3001\u76d1\u7763\u4ee5\u53ca\u710a\u5de5\u548c\u516c\u53f8\u8ba4\u8bc1\u3002\u591a\u5e74\u6765\uff0c\u6211\u4eec\u4e00\u76f4\u4e3a\u6b27\u6d32\u5404\u5730\u7684\u516c\u53f8\u63d0\u4f9b\u652f\u6301\uff0c\u786e\u4fdd\u6700\u9ad8\u7684\u8d28\u91cf\u3001\u5b89\u5168\u6027\u5e76\u7b26\u5408\u56fd\u9645\u6807\u51c6\u3002<\/p><h2 data-start=\"2038\" data-end=\"2054\">\u6211\u4eec\u7684\u4f7f\u547d<\/h2><p data-start=\"2055\" data-end=\"2313\">\u6211\u4eec\u7684\u76ee\u6807\u662f <strong data-start=\"2073\" data-end=\"2120\">\u652f\u6301\u5efa\u7b51\u548c\u5de5\u4e1a\u516c\u53f8<\/strong> \u5728\u6700\u9ad8\u6c34\u5e73\u7684\u710a\u63a5\u9879\u76ee\u5b9e\u65bd\u4e2d\u3002\u6211\u4eec\u5c06\u6280\u672f\u77e5\u8bc6\u4e0e\u5b9e\u8df5\u7ecf\u9a8c\u76f8\u7ed3\u5408\uff0c\u6839\u636e\u5ba2\u6237\u7684\u4e2a\u6027\u5316\u9700\u6c42\u63d0\u4f9b\u5b9a\u5236\u89e3\u51b3\u65b9\u6848\u3002<\/p><h2 data-start=\"2315\" data-end=\"2329\">\u6211\u4eec\u6240\u505a\u7684<\/h2><p data-start=\"2330\" data-end=\"2348\">\u6211\u4eec\u63d0\u4f9b\u7684\u670d\u52a1\u5305\u62ec\uff1a<\/p><ul data-start=\"2349\" data-end=\"2601\"><li data-start=\"2349\" data-end=\"2412\"><p data-start=\"2351\" data-end=\"2412\">\u5efa\u7b51\u5de5\u5730\u548c\u5de5\u4e1a\u5382\u623f\u7684\u710a\u63a5\u76d1\u7763\uff0c<\/p><\/li><li data-start=\"2413\" data-end=\"2468\"><p data-start=\"2415\" data-end=\"2468\">\u710a\u5de5\u8d44\u683c\u8003\u8bd5\u548c\u8ba4\u8bc1\uff0c<\/p><\/li><li data-start=\"2469\" data-end=\"2521\"><p data-start=\"2471\" data-end=\"2521\">\u51c6\u5907\u710a\u63a5\u6587\u4ef6\uff08WPS\/PQR\uff09\uff0c<\/p><\/li><li data-start=\"2522\" data-end=\"2566\"><p data-start=\"2524\" data-end=\"2566\">\u8d28\u91cf\u63a7\u5236\u548c\u72ec\u7acb\u68c0\u67e5\uff0c<\/p><\/li><li data-start=\"2567\" data-end=\"2601\"><p data-start=\"2569\" data-end=\"2601\">\u4e3a\u4f01\u4e1a\u63d0\u4f9b\u6280\u672f\u54a8\u8be2\u3002<\/p><\/li><\/ul><h2 data-start=\"2603\" data-end=\"2619\">\u4e3a\u4ec0\u4e48\u9009\u62e9\u6211\u4eec<\/h2><p data-start=\"2620\" data-end=\"2837\"><img decoding=\"async\" class=\"emoji\" role=\"img\" draggable=\"false\" src=\"https:\/\/s.w.org\/images\/core\/emoji\/16.0.1\/svg\/2714.svg\" alt=\"\u2714\" title=\"\"> \u7ecf\u9a8c\u4e30\u5bcc\u4e14\u7ecf\u8fc7\u8ba4\u8bc1\u7684\u710a\u63a5\u987e\u95ee\uff0c<br data-start=\"2675\" data-end=\"2678\" \/><img decoding=\"async\" class=\"emoji\" role=\"img\" draggable=\"false\" src=\"https:\/\/s.w.org\/images\/core\/emoji\/16.0.1\/svg\/2714.svg\" alt=\"\u2714\" title=\"\"> \u4e86\u89e3\u56fd\u9645\u89c4\u8303\u548c\u6807\u51c6\uff0c<br data-start=\"2725\" data-end=\"2728\" \/><img decoding=\"async\" class=\"emoji\" role=\"img\" draggable=\"false\" src=\"https:\/\/s.w.org\/images\/core\/emoji\/16.0.1\/svg\/2714.svg\" alt=\"\u2714\" title=\"\"> \u4e3a\u5c0f\u578b\u548c\u5927\u578b\u516c\u53f8\u91cf\u8eab\u5b9a\u5236\u7684\u89e3\u51b3\u65b9\u6848\uff0c<br data-start=\"2777\" data-end=\"2780\" \/><img decoding=\"async\" class=\"emoji\" role=\"img\" draggable=\"false\" src=\"https:\/\/s.w.org\/images\/core\/emoji\/16.0.1\/svg\/2714.svg\" alt=\"\u2714\" title=\"\"> \u81f4\u529b\u4e8e\u8d28\u91cf\u3001\u5b89\u5168\u548c\u6548\u7387\u3002<\/p><h2 data-start=\"2839\" data-end=\"2856\">\u6211\u4eec\u7684\u5ba2\u6237<\/h2><p data-start=\"2857\" data-end=\"2876\">\u6211\u4eec\u7684\u5408\u4f5c\u4f19\u4f34\uff1a<\/p><ul data-start=\"2877\" data-end=\"3034\"><li data-start=\"2877\" data-end=\"2901\"><p data-start=\"2879\" data-end=\"2901\">\u5efa\u7b51\u516c\u53f8\uff0c<\/p><\/li><li data-start=\"2902\" data-end=\"2932\"><p data-start=\"2904\" data-end=\"2932\">\u94a2\u94c1\u751f\u4ea7\u5382\uff0c<\/p><\/li><li data-start=\"2933\" data-end=\"2971\"><p data-start=\"2935\" data-end=\"2971\">\u5de5\u7a0b\u516c\u53f8\uff0c<\/p><\/li><li data-start=\"2972\" data-end=\"3000\"><p data-start=\"2974\" data-end=\"3000\">\u603b\u627f\u5305\u5546\uff0c<\/p><\/li><li data-start=\"3001\" data-end=\"3034\"><p data-start=\"3003\" data-end=\"3034\">\u8ba4\u8bc1\u673a\u6784\u3002<\/p><\/li><\/ul>\t\t\t\t\t\t\t\t<\/div>\n\t\t\t\t<\/div>\n\t\t\t\t\t<\/div>\n\t\t<\/div>\n\t\t\t\t\t<\/div>\n\t\t<\/section>\n\t\t\t\t<\/div>","protected":false},"excerpt":{"rendered":"<p>O nas Kim jeste\u015bmy WeldingConsulting.pl to zesp\u00f3\u0142 ekspert\u00f3w specjalizuj\u0105cych si\u0119 w doradztwie spawalniczym, nadzorze oraz certyfikacji spawaczy i firm. Od lat wspieramy przedsi\u0119biorstwa w ca\u0142ej Europie, dbaj\u0105c o najwy\u017csz\u0105 jako\u015b\u0107, bezpiecze\u0144stwo i zgodno\u015b\u0107 z mi\u0119dzynarodowymi normami. Nasza misja Naszym celem jest wspieranie firm budowlanych i przemys\u0142owych w realizacji projekt\u00f3w spawalniczych na najwy\u017cszym poziomie. \u0141\u0105czymy wiedz\u0119 techniczn\u0105 z praktycznym do\u015bwiadczeniem, aby dostarcza\u0107 rozwi\u0105zania dopasowane do indywidualnych potrzeb klient\u00f3w. Co robimy Oferujemy m.in.: Nadz\u00f3r spawalniczy na budowach i w zak\u0142adach przemys\u0142owych, Egzaminy kwalifikacyjne oraz certyfikacj\u0119 spawaczy, Opracowanie dokumentacji spawalniczej (WPS\/PQR), Kontrole jako\u015bci i niezale\u017cne inspekcje, Doradztwo techniczne dla firm. Dlaczego my Do\u015bwiadczeni i certyfikowani konsultanci spawalniczy, Znajomo\u015b\u0107 mi\u0119dzynarodowych norm i standard\u00f3w, Rozwi\u0105zania dopasowane do ma\u0142ych i du\u017cych firm, Zaanga\u017cowanie w jako\u015b\u0107, bezpiecze\u0144stwo i efektywno\u015b\u0107. Nasi klienci Wsp\u00f3\u0142pracujemy z: Firmami budowlanymi, Zak\u0142adami produkcji stali, Przedsi\u0119biorstwami in\u017cynieryjnymi, Generalnymi wykonawcami, Instytucjami certyfikuj\u0105cymi.<\/p>","protected":false},"author":1,"featured_media":0,"parent":0,"menu_order":0,"comment_status":"closed","ping_status":"closed","template":"elementor_canvas","meta":{"site-sidebar-layout":"no-sidebar","site-content-layout":"","ast-site-content-layout":"full-width-container","site-content-style":"default","site-sidebar-style":"default","ast-global-header-display":"","ast-banner-title-visibility":"","ast-main-header-display":"","ast-hfb-above-header-display":"","ast-hfb-below-header-display":"","ast-hfb-mobile-header-display":"","site-post-title":"","ast-breadcrumbs-content":"","ast-featured-img":"disabled","footer-sml-layout":"","ast-disable-related-posts":"","theme-transparent-header-meta":"","adv-header-id-meta":"","stick-header-meta":"","header-above-stick-meta":"","header-main-stick-meta":"","header-below-stick-meta":"","astra-migrate-meta-layouts":"default","ast-page-background-enabled":"default","ast-page-background-meta":{"desktop":{"background-color":"var(--ast-global-color-4)","background-image":"","background-repeat":"repeat","background-position":"center center","background-size":"auto","background-attachment":"scroll","background-type":"","background-media":"","overlay-type":"","overlay-color":"","overlay-opacity":"","overlay-gradient":""},"tablet":{"background-color":"","background-image":"","background-repeat":"repeat","background-position":"center center","background-size":"auto","background-attachment":"scroll","background-type":"","background-media":"","overlay-type":"","overlay-color":"","overlay-opacity":"","overlay-gradient":""},"mobile":{"background-color":"","background-image":"","background-repeat":"repeat","background-position":"center center","background-size":"auto","background-attachment":"scroll","background-type":"","background-media":"","overlay-type":"","overlay-color":"","overlay-opacity":"","overlay-gradient":""}},"ast-content-background-meta":{"desktop":{"background-color":"var(--ast-global-color-5)","background-image":"","background-repeat":"repeat","background-position":"center center","background-size":"auto","background-attachment":"scroll","background-type":"","background-media":"","overlay-type":"","overlay-color":"","overlay-opacity":"","overlay-gradient":""},"tablet":{"background-color":"var(--ast-global-color-5)","background-image":"","background-repeat":"repeat","background-position":"center center","background-size":"auto","background-attachment":"scroll","background-type":"","background-media":"","overlay-type":"","overlay-color":"","overlay-opacity":"","overlay-gradient":""},"mobile":{"background-color":"var(--ast-global-color-5)","background-image":"","background-repeat":"repeat","background-position":"center center","background-size":"auto","background-attachment":"scroll","background-type":"","background-media":"","overlay-type":"","overlay-color":"","overlay-opacity":"","overlay-gradient":""}},"footnotes":""},"class_list":["post-8522","page","type-page","status-publish","hentry"],"rttpg_featured_image_url":null,"rttpg_author":{"display_name":"admin-JYZ7TiXE","author_link":"https:\/\/weldingconsulting.pl\/zh\/author\/admin-jyz7tixe\/"},"rttpg_comment":0,"rttpg_category":null,"rttpg_excerpt":"O nas Kim jeste\u015bmy WeldingConsulting.pl to zesp\u00f3\u0142 ekspert\u00f3w specjalizuj\u0105cych si\u0119 w doradztwie spawalniczym, nadzorze oraz certyfikacji spawaczy i firm. Od lat wspieramy przedsi\u0119biorstwa w ca\u0142ej Europie, dbaj\u0105c o najwy\u017csz\u0105 jako\u015b\u0107, bezpiecze\u0144stwo i zgodno\u015b\u0107 z mi\u0119dzynarodowymi normami. Nasza misja Naszym celem jest wspieranie firm budowlanych i przemys\u0142owych w realizacji projekt\u00f3w spawalniczych na najwy\u017cszym poziomie. \u0141\u0105czymy wiedz\u0119&hellip;","_links":{"self":[{"href":"https:\/\/weldingconsulting.pl\/zh\/wp-json\/wp\/v2\/pages\/8522","targetHints":{"allow":["GET"]}}],"collection":[{"href":"https:\/\/weldingconsulting.pl\/zh\/wp-json\/wp\/v2\/pages"}],"about":[{"href":"https:\/\/weldingconsulting.pl\/zh\/wp-json\/wp\/v2\/types\/page"}],"author":[{"embeddable":true,"href":"https:\/\/weldingconsulting.pl\/zh\/wp-json\/wp\/v2\/users\/1"}],"replies":[{"embeddable":true,"href":"https:\/\/weldingconsulting.pl\/zh\/wp-json\/wp\/v2\/comments?post=8522"}],"version-history":[{"count":4,"href":"https:\/\/weldingconsulting.pl\/zh\/wp-json\/wp\/v2\/pages\/8522\/revisions"}],"predecessor-version":[{"id":8527,"href":"https:\/\/weldingconsulting.pl\/zh\/wp-json\/wp\/v2\/pages\/8522\/revisions\/8527"}],"wp:attachment":[{"href":"https:\/\/weldingconsulting.pl\/zh\/wp-json\/wp\/v2\/media?parent=8522"}],"curies":[{"name":"wp","href":"https:\/\/api.w.org\/{rel}","templated":true}]}}