{"id":1150,"date":"2023-09-21T00:55:15","date_gmt":"2023-09-20T22:55:15","guid":{"rendered":"https:\/\/weldingconsulting.pl\/?page_id=1150"},"modified":"2023-12-19T10:29:36","modified_gmt":"2023-12-19T09:29:36","slug":"\u5728-4-\u8f74\u94e3\u5e8a\u4e0a\u94e3\u524a\u5c0f\u5143\u4ef6","status":"publish","type":"page","link":"https:\/\/weldingconsulting.pl\/zh\/\u5728-4-\u8f74\u94e3\u5e8a\u4e0a\u94e3\u524a\u5c0f\u5143\u4ef6\/","title":{"rendered":"\u5728 4 \u8f74\u94e3\u5e8a\u4e0a\u94e3\u524a\u5c0f\u5143\u4ef6"},"content":{"rendered":"<div data-elementor-type=\"wp-page\" data-elementor-id=\"1150\" class=\"elementor elementor-1150\" data-elementor-post-type=\"page\">\n\t\t\t\t\t\t<section class=\"elementor-section elementor-top-section elementor-element elementor-element-511e8ee elementor-section-boxed elementor-section-height-default elementor-section-height-default wpr-particle-no wpr-jarallax-no wpr-parallax-no wpr-sticky-section-no wpr-equal-height-no\" data-id=\"511e8ee\" data-element_type=\"section\" data-e-type=\"section\">\n\t\t\t\t\t\t<div class=\"elementor-container elementor-column-gap-default\">\n\t\t\t\t\t<div class=\"elementor-column elementor-col-100 elementor-top-column elementor-element elementor-element-3e81f9c\" data-id=\"3e81f9c\" data-element_type=\"column\" data-e-type=\"column\">\n\t\t\t<div class=\"elementor-widget-wrap elementor-element-populated\">\n\t\t\t\t\t\t<section class=\"elementor-section elementor-inner-section elementor-element elementor-element-6633f61 elementor-section-boxed elementor-section-height-default elementor-section-height-default wpr-particle-no wpr-jarallax-no wpr-parallax-no wpr-sticky-section-no wpr-equal-height-no\" data-id=\"6633f61\" data-element_type=\"section\" data-e-type=\"section\">\n\t\t\t\t\t\t<div class=\"elementor-container elementor-column-gap-default\">\n\t\t\t\t\t<div class=\"elementor-column elementor-col-100 elementor-inner-column elementor-element elementor-element-4763c43\" data-id=\"4763c43\" data-element_type=\"column\" data-e-type=\"column\">\n\t\t\t<div class=\"elementor-widget-wrap elementor-element-populated\">\n\t\t\t\t\t\t<div class=\"elementor-element elementor-element-245b6e0 elementor-widget elementor-widget-heading\" data-id=\"245b6e0\" data-element_type=\"widget\" data-e-type=\"widget\" data-widget_type=\"heading.default\">\n\t\t\t\t<div class=\"elementor-widget-container\">\n\t\t\t\t\t<h2 class=\"elementor-heading-title elementor-size-default\">\u5728 4 \u8f74\u94e3\u5e8a\u4e0a\u94e3\u524a\u5c0f\u5143\u4ef6<\/h2>\t\t\t\t<\/div>\n\t\t\t\t<\/div>\n\t\t\t\t\t<\/div>\n\t\t<\/div>\n\t\t\t\t\t<\/div>\n\t\t<\/section>\n\t\t\t\t<section class=\"elementor-section elementor-inner-section elementor-element elementor-element-962610c elementor-section-boxed elementor-section-height-default elementor-section-height-default wpr-particle-no wpr-jarallax-no wpr-parallax-no wpr-sticky-section-no wpr-equal-height-no\" data-id=\"962610c\" data-element_type=\"section\" data-e-type=\"section\">\n\t\t\t\t\t\t<div class=\"elementor-container elementor-column-gap-default\">\n\t\t\t\t\t<div class=\"elementor-column elementor-col-50 elementor-inner-column elementor-element elementor-element-338826e\" data-id=\"338826e\" data-element_type=\"column\" data-e-type=\"column\">\n\t\t\t<div class=\"elementor-widget-wrap elementor-element-populated\">\n\t\t\t\t\t\t<div class=\"elementor-element elementor-element-da024cf elementor-widget__width-initial elementor-widget elementor-widget-text-editor\" data-id=\"da024cf\" data-element_type=\"widget\" data-e-type=\"widget\" data-widget_type=\"text-editor.default\">\n\t\t\t\t<div class=\"elementor-widget-container\">\n\t\t\t\t\t\t\t\t\t<h2>\u591a\u529f\u80fd\u6027<\/h2><p>CNC \u94e3\u524a\u662f\u4e00\u79cd\u4f7f\u7528\u975e\u5e38\u5feb\u901f\u3001\u7cbe\u786e\u7684\u5200\u5177\u7684\u7f29\u51cf\u5de5\u827a\u3002\u94e3\u524a\u9002\u7528\u4e8e\u5404\u79cd\u4e0d\u540c\u786c\u5ea6\u7684\u6750\u6599\u3002\u7cbe\u5ea6\u7684\u63d0\u9ad8\u8fd8\u610f\u5473\u7740\u6570\u63a7\u94e3\u5e8a\u53ef\u4ee5\u52a0\u5de5\u5404\u79cd\u5c3a\u5bf8\u7684\u96f6\u4ef6\u3002<\/p><h2>\u521b\u65b0<\/h2><p>\u6570\u63a7\u94e3\u524a\u529f\u80fd\u7684\u589e\u5f3a\u4f7f\u5de5\u7a0b\u5e08\u80fd\u591f\u5229\u7528\u5355\u4e00\u6750\u6599\u521b\u5efa\u65e5\u76ca\u590d\u6742\u7684\u8bbe\u8ba1\uff0c\u5e76\u51cf\u5c11\u6d6a\u8d39\u3002\u8fd9\u4f7f\u5f97\u516c\u53f8\u80fd\u591f\u7b80\u5316\u5176\u7814\u53d1\u6d41\u7a0b\uff0c\u51cf\u5c11\u751f\u4ea7\u9650\u5236\u3002<\/p><h2>\u751f\u4ea7\u590d\u6742<\/h2><p>CNC \u94e3\u5e8a\u9075\u5faa\u9ad8\u5ea6\u8be6\u7ec6\u7684 CAD \u6216 CAM \u6a21\u578b\u7684\u8f6c\u6362\u65b9\u5411\u3002 CNC \u673a\u5e8a\u6700\u591a\u53ef\u914d\u5907\u4e94\u8f74\u63a7\u5236\u7cfb\u7edf\uff0c\u53ef\u4f7f\u7528\u4e0d\u540c\u5200\u5177\u540c\u65f6\u4ee5\u591a\u4e2a\u89d2\u5ea6\u94e3\u524a\u5de5\u4ef6\u3002\u8fd9\u4f7f\u5f97\u4ee5\u6bd4\u4ee5\u5f80\u66f4\u9ad8\u7684\u901f\u5ea6\u751f\u4ea7\u590d\u6742\u4e14\u7cbe\u786e\u7684\u94e3\u524a\u96f6\u4ef6\u53d8\u5f97\u66f4\u52a0\u5bb9\u6613\u3002<\/p><p>\u6211\u4eec\u9080\u8bf7\u60a8\u63d0\u4ea4\u67e5\u8be2\u3002<\/p>\t\t\t\t\t\t\t\t<\/div>\n\t\t\t\t<\/div>\n\t\t\t\t\t<\/div>\n\t\t<\/div>\n\t\t\t\t<div class=\"elementor-column elementor-col-50 elementor-inner-column elementor-element elementor-element-9efde6e\" data-id=\"9efde6e\" data-element_type=\"column\" data-e-type=\"column\">\n\t\t\t<div class=\"elementor-widget-wrap elementor-element-populated\">\n\t\t\t\t\t\t<div class=\"elementor-element elementor-element-348d36e elementor-widget elementor-widget-image\" data-id=\"348d36e\" data-element_type=\"widget\" data-e-type=\"widget\" data-widget_type=\"image.default\">\n\t\t\t\t<div class=\"elementor-widget-container\">\n\t\t\t\t\t\t\t\t\t\t\t\t\t\t\t<img fetchpriority=\"high\" decoding=\"async\" width=\"1024\" height=\"683\" src=\"https:\/\/weldingconsulting.pl\/wp-content\/uploads\/2023\/09\/frez1-1024x683.webp\" class=\"attachment-large size-large wp-image-1607\" alt=\"\" srcset=\"https:\/\/weldingconsulting.pl\/wp-content\/uploads\/2023\/09\/frez1-1024x683.webp 1024w, https:\/\/weldingconsulting.pl\/wp-content\/uploads\/2023\/09\/frez1-300x200.webp 300w, https:\/\/weldingconsulting.pl\/wp-content\/uploads\/2023\/09\/frez1-768x512.webp 768w, https:\/\/weldingconsulting.pl\/wp-content\/uploads\/2023\/09\/frez1-1536x1024.webp 1536w, https:\/\/weldingconsulting.pl\/wp-content\/uploads\/2023\/09\/frez1-2048x1365.webp 2048w\" sizes=\"(max-width: 1024px) 100vw, 1024px\" title=\"\">\t\t\t\t\t\t\t\t\t\t\t\t\t\t\t<\/div>\n\t\t\t\t<\/div>\n\t\t\t\t\t<\/div>\n\t\t<\/div>\n\t\t\t\t\t<\/div>\n\t\t<\/section>\n\t\t\t\t\t<\/div>\n\t\t<\/div>\n\t\t\t\t\t<\/div>\n\t\t<\/section>\n\t\t\t\t<\/div>","protected":false},"excerpt":{"rendered":"<p>Frezowanie ma\u0142ych element\u00f3w na frezarce 4 osiowej Wszechstronno\u015b\u0107 Frezowanie CNC jest procesem redukcyjnym, w\u00a0kt\u00f3rym wykorzystuje\u00a0si\u0119 bardzo szybkie, dok\u0142adne narz\u0119dzia. Frezowanie dzia\u0142a dobrze na\u00a0r\u00f3\u017cnych materia\u0142ach o\u00a0r\u00f3\u017cnym stopniu twardo\u015bci. Zwi\u0119kszona dok\u0142adno\u015b\u0107 oznacza r\u00f3wnie\u017c, \u017ce frezarki CNC mog\u0105 pracowa\u0107 na\u00a0cz\u0119\u015bciach o\u00a0r\u00f3\u017cnych wymiarach. Innowacje Zwi\u0119kszone mo\u017cliwo\u015bci frezowania CNC umo\u017cliwiaj\u0105 in\u017cynierom tworzenie coraz bardziej z\u0142o\u017conych projekt\u00f3w z\u00a0pojedynczych materia\u0142\u00f3w i\u00a0przy mniejszej ilo\u015bci odpad\u00f3w. Dzi\u0119ki temu firmy mog\u0105 usprawni\u0107 swoje procesy badawczo-rozwojowe przy mniejszych ograniczeniach produkcyjnych. Produkcja z\u0142o\u017cona Frezarki CNC kieruj\u0105\u00a0si\u0119 przet\u0142umaczonymi kierunkami z\u00a0bardzo szczeg\u00f3\u0142owych modeli CAD lub\u00a0CAM. Maszyny CNC mog\u0105 mie\u0107 do\u00a0pi\u0119ciu osiowych system\u00f3w sterowania do\u00a0frezowania detali pod\u00a0wieloma k\u0105tami jednocze\u015bnie za\u00a0pomoc\u0105 r\u00f3\u017cnych narz\u0119dzi. U\u0142atwia to\u00a0wytwarzanie z\u0142o\u017conych i\u00a0precyzyjnych cz\u0119\u015bci frezowanych z\u00a0wi\u0119ksz\u0105 pr\u0119dko\u015bci\u0105 ni\u017c kiedykolwiek wcze\u015bniej. Zapraszamy do\u00a0sk\u0142adania zapyta\u0144 ofertowych.<\/p>","protected":false},"author":1,"featured_media":0,"parent":0,"menu_order":0,"comment_status":"closed","ping_status":"closed","template":"elementor_header_footer","meta":{"site-sidebar-layout":"default","site-content-layout":"","ast-site-content-layout":"default","site-content-style":"default","site-sidebar-style":"default","ast-global-header-display":"","ast-banner-title-visibility":"","ast-main-header-display":"","ast-hfb-above-header-display":"","ast-hfb-below-header-display":"","ast-hfb-mobile-header-display":"","site-post-title":"","ast-breadcrumbs-content":"","ast-featured-img":"","footer-sml-layout":"","ast-disable-related-posts":"","theme-transparent-header-meta":"default","adv-header-id-meta":"","stick-header-meta":"","header-above-stick-meta":"","header-main-stick-meta":"","header-below-stick-meta":"","astra-migrate-meta-layouts":"set","ast-page-background-enabled":"default","ast-page-background-meta":{"desktop":{"background-color":"var(--ast-global-color-4)","background-image":"","background-repeat":"repeat","background-position":"center center","background-size":"auto","background-attachment":"scroll","background-type":"","background-media":"","overlay-type":"","overlay-color":"","overlay-opacity":"","overlay-gradient":""},"tablet":{"background-color":"","background-image":"","background-repeat":"repeat","background-position":"center center","background-size":"auto","background-attachment":"scroll","background-type":"","background-media":"","overlay-type":"","overlay-color":"","overlay-opacity":"","overlay-gradient":""},"mobile":{"background-color":"","background-image":"","background-repeat":"repeat","background-position":"center center","background-size":"auto","background-attachment":"scroll","background-type":"","background-media":"","overlay-type":"","overlay-color":"","overlay-opacity":"","overlay-gradient":""}},"ast-content-background-meta":{"desktop":{"background-color":"var(--ast-global-color-5)","background-image":"","background-repeat":"repeat","background-position":"center center","background-size":"auto","background-attachment":"scroll","background-type":"","background-media":"","overlay-type":"","overlay-color":"","overlay-opacity":"","overlay-gradient":""},"tablet":{"background-color":"var(--ast-global-color-5)","background-image":"","background-repeat":"repeat","background-position":"center center","background-size":"auto","background-attachment":"scroll","background-type":"","background-media":"","overlay-type":"","overlay-color":"","overlay-opacity":"","overlay-gradient":""},"mobile":{"background-color":"var(--ast-global-color-5)","background-image":"","background-repeat":"repeat","background-position":"center center","background-size":"auto","background-attachment":"scroll","background-type":"","background-media":"","overlay-type":"","overlay-color":"","overlay-opacity":"","overlay-gradient":""}},"footnotes":""},"class_list":["post-1150","page","type-page","status-publish","hentry"],"rttpg_featured_image_url":null,"rttpg_author":{"display_name":"admin-JYZ7TiXE","author_link":"https:\/\/weldingconsulting.pl\/zh\/author\/admin-jyz7tixe\/"},"rttpg_comment":0,"rttpg_category":null,"rttpg_excerpt":"Frezowanie ma\u0142ych element\u00f3w na frezarce 4 osiowej Wszechstronno\u015b\u0107 Frezowanie CNC jest procesem redukcyjnym, w\u00a0kt\u00f3rym wykorzystuje\u00a0si\u0119 bardzo szybkie, dok\u0142adne narz\u0119dzia. Frezowanie dzia\u0142a dobrze na\u00a0r\u00f3\u017cnych materia\u0142ach o\u00a0r\u00f3\u017cnym stopniu twardo\u015bci. Zwi\u0119kszona dok\u0142adno\u015b\u0107 oznacza r\u00f3wnie\u017c, \u017ce frezarki CNC mog\u0105 pracowa\u0107 na\u00a0cz\u0119\u015bciach o\u00a0r\u00f3\u017cnych wymiarach. Innowacje Zwi\u0119kszone mo\u017cliwo\u015bci frezowania CNC umo\u017cliwiaj\u0105 in\u017cynierom tworzenie coraz bardziej z\u0142o\u017conych projekt\u00f3w z\u00a0pojedynczych materia\u0142\u00f3w i\u00a0przy mniejszej&hellip;","_links":{"self":[{"href":"https:\/\/weldingconsulting.pl\/zh\/wp-json\/wp\/v2\/pages\/1150","targetHints":{"allow":["GET"]}}],"collection":[{"href":"https:\/\/weldingconsulting.pl\/zh\/wp-json\/wp\/v2\/pages"}],"about":[{"href":"https:\/\/weldingconsulting.pl\/zh\/wp-json\/wp\/v2\/types\/page"}],"author":[{"embeddable":true,"href":"https:\/\/weldingconsulting.pl\/zh\/wp-json\/wp\/v2\/users\/1"}],"replies":[{"embeddable":true,"href":"https:\/\/weldingconsulting.pl\/zh\/wp-json\/wp\/v2\/comments?post=1150"}],"version-history":[{"count":11,"href":"https:\/\/weldingconsulting.pl\/zh\/wp-json\/wp\/v2\/pages\/1150\/revisions"}],"predecessor-version":[{"id":2458,"href":"https:\/\/weldingconsulting.pl\/zh\/wp-json\/wp\/v2\/pages\/1150\/revisions\/2458"}],"wp:attachment":[{"href":"https:\/\/weldingconsulting.pl\/zh\/wp-json\/wp\/v2\/media?parent=1150"}],"curies":[{"name":"wp","href":"https:\/\/api.w.org\/{rel}","templated":true}]}}