{"id":1115,"date":"2023-09-21T00:21:57","date_gmt":"2023-09-20T22:21:57","guid":{"rendered":"https:\/\/weldingconsulting.pl\/?page_id=1115"},"modified":"2023-12-20T15:42:54","modified_gmt":"2023-12-20T14:42:54","slug":"iso-3834-\u8ba4\u8bc1","status":"publish","type":"page","link":"https:\/\/weldingconsulting.pl\/zh\/iso-3834-\u8ba4\u8bc1\/","title":{"rendered":"ISO 3834 \u8bc1\u4e66 \u2013 \u4f18\u70b9\u548c\u5b9e\u65bd"},"content":{"rendered":"<div data-elementor-type=\"wp-page\" data-elementor-id=\"1115\" class=\"elementor elementor-1115\" data-elementor-post-type=\"page\">\n\t\t\t\t\t\t<section class=\"elementor-section elementor-top-section elementor-element elementor-element-34dce07 elementor-section-boxed elementor-section-height-default elementor-section-height-default wpr-particle-no wpr-jarallax-no wpr-parallax-no wpr-sticky-section-no wpr-equal-height-no\" data-id=\"34dce07\" data-element_type=\"section\" data-e-type=\"section\">\n\t\t\t\t\t\t<div class=\"elementor-container elementor-column-gap-default\">\n\t\t\t\t\t<div class=\"elementor-column elementor-col-100 elementor-top-column elementor-element elementor-element-8916ae7\" data-id=\"8916ae7\" data-element_type=\"column\" data-e-type=\"column\">\n\t\t\t<div class=\"elementor-widget-wrap elementor-element-populated\">\n\t\t\t\t\t\t<section class=\"elementor-section elementor-inner-section elementor-element elementor-element-677d7fb elementor-section-boxed elementor-section-height-default elementor-section-height-default wpr-particle-no wpr-jarallax-no wpr-parallax-no wpr-sticky-section-no wpr-equal-height-no\" data-id=\"677d7fb\" data-element_type=\"section\" data-e-type=\"section\">\n\t\t\t\t\t\t<div class=\"elementor-container elementor-column-gap-default\">\n\t\t\t\t\t<div class=\"elementor-column elementor-col-100 elementor-inner-column elementor-element elementor-element-427f2f5\" data-id=\"427f2f5\" data-element_type=\"column\" data-e-type=\"column\">\n\t\t\t<div class=\"elementor-widget-wrap elementor-element-populated\">\n\t\t\t\t\t\t<div class=\"elementor-element elementor-element-13c11e6 elementor-widget elementor-widget-heading\" data-id=\"13c11e6\" data-element_type=\"widget\" data-e-type=\"widget\" data-widget_type=\"heading.default\">\n\t\t\t\t<div class=\"elementor-widget-container\">\n\t\t\t\t\t<h2 class=\"elementor-heading-title elementor-size-default\">ISO 3834 \u8bc1\u4e66 \u2013 \u710a\u63a5\u5b9e\u65bd<\/h2>\t\t\t\t<\/div>\n\t\t\t\t<\/div>\n\t\t\t\t\t<\/div>\n\t\t<\/div>\n\t\t\t\t\t<\/div>\n\t\t<\/section>\n\t\t\t\t<section class=\"elementor-section elementor-inner-section elementor-element elementor-element-316ba2f elementor-section-boxed elementor-section-height-default elementor-section-height-default wpr-particle-no wpr-jarallax-no wpr-parallax-no wpr-sticky-section-no wpr-equal-height-no\" data-id=\"316ba2f\" data-element_type=\"section\" data-e-type=\"section\">\n\t\t\t\t\t\t<div class=\"elementor-container elementor-column-gap-default\">\n\t\t\t\t\t<div class=\"elementor-column elementor-col-50 elementor-inner-column elementor-element elementor-element-d3bdc57\" data-id=\"d3bdc57\" data-element_type=\"column\" data-e-type=\"column\">\n\t\t\t<div class=\"elementor-widget-wrap elementor-element-populated\">\n\t\t\t\t\t\t<div class=\"elementor-element elementor-element-130093e elementor-widget elementor-widget-text-editor\" data-id=\"130093e\" data-element_type=\"widget\" data-e-type=\"widget\" data-widget_type=\"text-editor.default\">\n\t\t\t\t<div class=\"elementor-widget-container\">\n\t\t\t\t\t\t\t\t\t<p>\u5bf9\u4e8e\u4f7f\u7528\u710a\u63a5\u6280\u672f\u7684\u751f\u4ea7\u516c\u53f8\u6765\u8bf4\uff0cISO 3834 \u8bc1\u4e66\u73b0\u5728\u662f\u5fc5\u8981\u7684\uff0c\u4e5f\u662f\u4f7f\u8be5\u516c\u53f8\u88ab\u89c6\u4e3a\u53ef\u9760\u4e14\u503c\u5f97\u4fe1\u8d56\u7684\u5408\u4f5c\u4f19\u4f34\u7684\u6807\u5fd7\u3002\u00a0<strong>ISO 3834 \u7684\u5b9e\u65bd<\/strong>\u00a0\u8fd9\u662f\u54a8\u8be2\u548c\u5b9e\u65bd\u516c\u53f8\u6700\u91cd\u8981\u7684\u4efb\u52a1\u4e4b\u4e00\uff0c\u4e5f\u662f\u6700\u53d7\u8ba4\u53ef\u7684\u4efb\u52a1\u4e4b\u4e00\u00a0<strong>\u710a\u63a5\u8d28\u91cf\u8bc1\u4e66<\/strong>.<\/p>\t\t\t\t\t\t\t\t<\/div>\n\t\t\t\t<\/div>\n\t\t\t\t<div class=\"elementor-element elementor-element-997f7bc elementor-widget elementor-widget-text-editor\" data-id=\"997f7bc\" data-element_type=\"widget\" data-e-type=\"widget\" data-widget_type=\"text-editor.default\">\n\t\t\t\t<div class=\"elementor-widget-container\">\n\t\t\t\t\t\t\t\t\t<h2>ISO 3834 \u8ba4\u8bc1\u6db5\u76d6\u54ea\u4e9b\u5185\u5bb9\uff1f<\/h2><p>\u4e00\u822c\u6765\u8bf4\uff0cISO 3834 \u662f\u4e00\u5957\u5168\u9762\u7684\u91d1\u5c5e\u5143\u4ef6\u710a\u63a5\u6307\u5357\u3002\u4e0e\u4f8b\u5982\u00a0<a href=\"https:\/\/weldingconsulting.pl\/zh\/\u63d0\u4f9b\/\u538b\u529b\u6307\u4ee4-ped-2014-68-\u6b27\u76df\/\">\u538b\u529b\u8bbe\u5907\u6307\u4ee4 PED 2014\/68\/EU<\/a>\uff0c\u672c\u8bc1\u4e66\u4e2d\u5305\u542b\u7684\u5efa\u8bae\u4e25\u683c\u9002\u7528\u4e8e\u710a\u63a5\u3002\u8bf7\u6ce8\u610f\uff0cISO 3834 \u6807\u51c6\u65e8\u5728\u9002\u5e94\u56e2\u4f53\u9700\u6c42\u00a0<strong>\u5bf9\u710a\u63a5\u516c\u53f8\u7684\u8981\u6c42<\/strong>\u00a0\u53d6\u51b3\u4e8e\u710a\u63a5\u4ea7\u54c1\u5728\u5236\u9020\u7ed3\u6784\u7684\u6574\u4f53\u5b89\u5168\u6027\u65b9\u9762\u7684\u4f5c\u7528\u3002\u710a\u63a5\u4ea7\u54c1\u7684\u4f5c\u7528\u8d8a\u5927\uff0c\u5fc5\u987b\u6ee1\u8db3\u7684 ISO 3834 \u8ba4\u8bc1\u8981\u6c42\u5c31\u8d8a\u591a\u3002<\/p>\t\t\t\t\t\t\t\t<\/div>\n\t\t\t\t<\/div>\n\t\t\t\t\t<\/div>\n\t\t<\/div>\n\t\t\t\t<div class=\"elementor-column elementor-col-50 elementor-inner-column elementor-element elementor-element-8f77cca\" data-id=\"8f77cca\" data-element_type=\"column\" data-e-type=\"column\">\n\t\t\t<div class=\"elementor-widget-wrap elementor-element-populated\">\n\t\t\t\t\t\t<div class=\"elementor-element elementor-element-cefdab8 elementor-widget elementor-widget-image\" data-id=\"cefdab8\" data-element_type=\"widget\" data-e-type=\"widget\" data-widget_type=\"image.default\">\n\t\t\t\t<div class=\"elementor-widget-container\">\n\t\t\t\t\t\t\t\t\t\t\t\t\t\t\t<img fetchpriority=\"high\" decoding=\"async\" width=\"788\" height=\"443\" src=\"https:\/\/weldingconsulting.pl\/wp-content\/uploads\/2023\/09\/Wdrozenia-ISO-3834.webp\" class=\"attachment-large size-large wp-image-1566\" alt=\"\" srcset=\"https:\/\/weldingconsulting.pl\/wp-content\/uploads\/2023\/09\/Wdrozenia-ISO-3834.webp 788w, https:\/\/weldingconsulting.pl\/wp-content\/uploads\/2023\/09\/Wdrozenia-ISO-3834-300x169.webp 300w, https:\/\/weldingconsulting.pl\/wp-content\/uploads\/2023\/09\/Wdrozenia-ISO-3834-768x432.webp 768w\" sizes=\"(max-width: 788px) 100vw, 788px\" title=\"\">\t\t\t\t\t\t\t\t\t\t\t\t\t\t\t<\/div>\n\t\t\t\t<\/div>\n\t\t\t\t\t<\/div>\n\t\t<\/div>\n\t\t\t\t\t<\/div>\n\t\t<\/section>\n\t\t\t\t<section class=\"elementor-section elementor-inner-section elementor-element elementor-element-ae855c6 elementor-section-boxed elementor-section-height-default elementor-section-height-default wpr-particle-no wpr-jarallax-no wpr-parallax-no wpr-sticky-section-no wpr-equal-height-no\" data-id=\"ae855c6\" data-element_type=\"section\" data-e-type=\"section\">\n\t\t\t\t\t\t<div class=\"elementor-container elementor-column-gap-default\">\n\t\t\t\t\t<div class=\"elementor-column elementor-col-100 elementor-inner-column elementor-element elementor-element-fa3e259\" data-id=\"fa3e259\" data-element_type=\"column\" data-e-type=\"column\">\n\t\t\t<div class=\"elementor-widget-wrap elementor-element-populated\">\n\t\t\t\t\t\t<div class=\"elementor-element elementor-element-6695d06 elementor-widget elementor-widget-text-editor\" data-id=\"6695d06\" data-element_type=\"widget\" data-e-type=\"widget\" data-widget_type=\"text-editor.default\">\n\t\t\t\t<div class=\"elementor-widget-container\">\n\t\t\t\t\t\t\t\t\t<h2>ISO 3834 \u7684\u5b9e\u65bd\u60c5\u51b5\u5982\u4f55\uff1f<\/h2><p>\u4e0e\u710a\u63a5\u8ba4\u8bc1\u76f8\u5173\u7684\u6240\u6709\u9886\u57df\u4e00\u6837\uff0cISO 3834 \u7684\u5b9e\u65bd\u5fc5\u987b\u7531\u5408\u683c\u7684\u710a\u63a5\u5de5\u7a0b\u5e08\u6267\u884c\u3002\u670d\u52a1\u4f5c\u4e3a\u5b9e\u65bd\u8fc7\u7a0b\u7684\u4e00\u90e8\u5206\u63d0\u4f9b\u00a0<strong>\u710a\u63a5\u76d1\u7763<\/strong>\u00a0\u548c\u54a8\u8be2\uff0c\u5305\u62ec\u5de5\u4f5c\u573a\u6240\u7684\u7ec4\u7ec7\u548c\u5458\u5de5\u57f9\u8bad\uff0c\u4ee5\u53ca\u751f\u4ea7\u89c4\u5212\u9636\u6bb5\u3002\u83b7\u5f97\u8ba4\u8bc1\u7684\u516c\u53f8\u5e94\u8bc1\u660e\u5176\u80fd\u591f\u5b8c\u5168\u63a7\u5236\u751f\u4ea7\u53ca\u5176\u7ec4\u7ec7\u5e76\u907f\u514d\u9519\u8bef\u3002\u6ee1\u8db3\u6240\u6709\u6b63\u5f0f\u548c\u5b9e\u9645\u8981\u6c42\u540e\uff0c\u5c06\u88ab\u6388\u4e88\u00a0<strong>ISO 3834 \u8bc1\u4e66<\/strong>\uff0c\u5e76\u4e14\u516c\u53f8\u83b7\u5f97\u91cd\u8981\u6280\u672f\u548c\u7ec4\u7ec7\u80fd\u529b\u7684\u786e\u8ba4\u3002\u62e5\u6709\u8bc1\u4e66\u4e0d\u4ec5\u4ec5\u662f\u4e00\u79cd\u5f62\u5f0f\u00a0<strong>\u68c0\u67e5\u65f6\u7684\u5b89\u5168<\/strong>\u4f46\u6700\u91cd\u8981\u7684\u662f\uff0c\u8fd9\u662f\u627f\u5305\u5546\u4fe1\u8a89\u548c\u53ef\u9760\u6027\u7684\u660e\u786e\u4fe1\u53f7\u3002<\/p>\t\t\t\t\t\t\t\t<\/div>\n\t\t\t\t<\/div>\n\t\t\t\t\t<\/div>\n\t\t<\/div>\n\t\t\t\t\t<\/div>\n\t\t<\/section>\n\t\t\t\t\t<\/div>\n\t\t<\/div>\n\t\t\t\t\t<\/div>\n\t\t<\/section>\n\t\t\t\t<\/div>","protected":false},"excerpt":{"rendered":"<p>Certyfikat ISO 3834 \u2013 wdro\u017cenia dla spawalnictwa Certyfikat ISO 3834 dla firmy produkcyjnej wykorzystuj\u0105cej techniki spawalnicze jest obecnie konieczno\u015bci\u0105 i\u00a0znakiem rozpoznawczym, pozwalaj\u0105cym traktowa\u0107 firm\u0119 jako pewnego i\u00a0zaufanego partnera.\u00a0Wdro\u017cenie ISO 3834\u00a0to\u00a0jedno z\u00a0najwa\u017cniejszych zada\u0144 dla firmy doradczo-wdro\u017ceniowej, ale\u00a0te\u017c najbardziej rozpoznawalny\u00a0certyfikat jako\u015bci w\u00a0spawalnictwie. Co obejmuje certyfikat ISO 3834? Uog\u00f3lniaj\u0105c \u2013 ISO 3834 jest to\u00a0ca\u0142o\u015bciowy zestaw wytycznych odnosz\u0105cych\u00a0si\u0119 do\u00a0spawania element\u00f3w metalowych. W\u00a0odr\u00f3\u017cnieniu np. od\u00a0dyrektywy ci\u015bnieniowej PED 2014\/68\/EU, zalecenia zawarte w\u00a0tym certyfikacie odnosz\u0105\u00a0si\u0119 stricte do\u00a0spawania. Nale\u017cy pami\u0119ta\u0107 o\u00a0tym, \u017ce norma ISO 3834 jest opracowana tak, aby dostosowa\u0107 grup\u0119\u00a0wymaga\u0144 dla firmy spawalniczej\u00a0w\u00a0zale\u017cno\u015bci od\u00a0roli wyrobu spawalniczego pod\u00a0k\u0105tem og\u00f3lnego bezpiecze\u0144stwa produkowanej konstrukcji. Im rola produktu spawalniczego jest wi\u0119ksza, tym wi\u0119ksz\u0105 grup\u0119 wymaga\u0144 do\u00a0certyfikacji ISO 3834 nale\u017cy spe\u0142ni\u0107. Jak wygl\u0105da wdro\u017cenie ISO 3834? Tak jak wszystkie obszary zwi\u0105zane z\u00a0certyfikacj\u0105 dla spawalnictwa, tak\u00a0wdro\u017cenie ISO 3834 musi zosta\u0107 przeprowadzone przez wykwalifikowanego in\u017cyniera spawalnictwa. W\u00a0ramach procesu wdro\u017cenia \u015bwiadczone s\u0105 us\u0142ugi\u00a0nadzoru spawalniczego\u00a0i\u00a0doradztwa obejmuj\u0105ce organizacj\u0119 stanowiska pracy i\u00a0przeszkolenia pracownik\u00f3w, jak i\u00a0etap planowania produkcji. Certyfikowana firma powinna wykaza\u0107, \u017ce jest w\u00a0stanie w\u00a0pe\u0142ni kontrolowa\u0107 produkcj\u0119 i\u00a0jej\u00a0organizacj\u0119 oraz\u00a0wystrzega\u0107\u00a0si\u0119 b\u0142\u0119d\u00f3w. Po\u00a0spe\u0142nieniu wszystkich formalnych i\u00a0praktycznych wymaga\u0144 nadawany zostaje\u00a0certyfikat ISO 3834, a\u00a0firma uzyskuje potwierdzenie wa\u017cnych kompetencji technicznych i\u00a0organizacyjnych. Posiadanie certyfikatu nie\u00a0tylko\u00a0stanowi form\u0119\u00a0zabezpieczenia w\u00a0przypadku kontroli, ale\u00a0przede wszystkim jest jasnym sygna\u0142em wiarygodno\u015bci i\u00a0rzetelno\u015bci dla kontrahent\u00f3w.<\/p>","protected":false},"author":1,"featured_media":0,"parent":0,"menu_order":0,"comment_status":"closed","ping_status":"closed","template":"elementor_header_footer","meta":{"site-sidebar-layout":"default","site-content-layout":"","ast-site-content-layout":"default","site-content-style":"default","site-sidebar-style":"default","ast-global-header-display":"","ast-banner-title-visibility":"","ast-main-header-display":"","ast-hfb-above-header-display":"","ast-hfb-below-header-display":"","ast-hfb-mobile-header-display":"","site-post-title":"","ast-breadcrumbs-content":"","ast-featured-img":"","footer-sml-layout":"","ast-disable-related-posts":"","theme-transparent-header-meta":"default","adv-header-id-meta":"","stick-header-meta":"","header-above-stick-meta":"","header-main-stick-meta":"","header-below-stick-meta":"","astra-migrate-meta-layouts":"set","ast-page-background-enabled":"default","ast-page-background-meta":{"desktop":{"background-color":"var(--ast-global-color-4)","background-image":"","background-repeat":"repeat","background-position":"center center","background-size":"auto","background-attachment":"scroll","background-type":"","background-media":"","overlay-type":"","overlay-color":"","overlay-opacity":"","overlay-gradient":""},"tablet":{"background-color":"","background-image":"","background-repeat":"repeat","background-position":"center center","background-size":"auto","background-attachment":"scroll","background-type":"","background-media":"","overlay-type":"","overlay-color":"","overlay-opacity":"","overlay-gradient":""},"mobile":{"background-color":"","background-image":"","background-repeat":"repeat","background-position":"center center","background-size":"auto","background-attachment":"scroll","background-type":"","background-media":"","overlay-type":"","overlay-color":"","overlay-opacity":"","overlay-gradient":""}},"ast-content-background-meta":{"desktop":{"background-color":"var(--ast-global-color-5)","background-image":"","background-repeat":"repeat","background-position":"center center","background-size":"auto","background-attachment":"scroll","background-type":"","background-media":"","overlay-type":"","overlay-color":"","overlay-opacity":"","overlay-gradient":""},"tablet":{"background-color":"var(--ast-global-color-5)","background-image":"","background-repeat":"repeat","background-position":"center center","background-size":"auto","background-attachment":"scroll","background-type":"","background-media":"","overlay-type":"","overlay-color":"","overlay-opacity":"","overlay-gradient":""},"mobile":{"background-color":"var(--ast-global-color-5)","background-image":"","background-repeat":"repeat","background-position":"center center","background-size":"auto","background-attachment":"scroll","background-type":"","background-media":"","overlay-type":"","overlay-color":"","overlay-opacity":"","overlay-gradient":""}},"footnotes":""},"class_list":["post-1115","page","type-page","status-publish","hentry"],"rttpg_featured_image_url":null,"rttpg_author":{"display_name":"admin-JYZ7TiXE","author_link":"https:\/\/weldingconsulting.pl\/zh\/author\/admin-jyz7tixe\/"},"rttpg_comment":0,"rttpg_category":null,"rttpg_excerpt":"Certyfikat ISO 3834 \u2013 wdro\u017cenia dla spawalnictwa Certyfikat ISO 3834 dla firmy produkcyjnej wykorzystuj\u0105cej techniki spawalnicze jest obecnie konieczno\u015bci\u0105 i\u00a0znakiem rozpoznawczym, pozwalaj\u0105cym traktowa\u0107 firm\u0119 jako pewnego i\u00a0zaufanego partnera.\u00a0Wdro\u017cenie ISO 3834\u00a0to\u00a0jedno z\u00a0najwa\u017cniejszych zada\u0144 dla firmy doradczo-wdro\u017ceniowej, ale\u00a0te\u017c najbardziej rozpoznawalny\u00a0certyfikat jako\u015bci w\u00a0spawalnictwie. Co obejmuje certyfikat ISO 3834? Uog\u00f3lniaj\u0105c \u2013 ISO 3834 jest to\u00a0ca\u0142o\u015bciowy zestaw wytycznych odnosz\u0105cych\u00a0si\u0119 do\u00a0spawania&hellip;","_links":{"self":[{"href":"https:\/\/weldingconsulting.pl\/zh\/wp-json\/wp\/v2\/pages\/1115","targetHints":{"allow":["GET"]}}],"collection":[{"href":"https:\/\/weldingconsulting.pl\/zh\/wp-json\/wp\/v2\/pages"}],"about":[{"href":"https:\/\/weldingconsulting.pl\/zh\/wp-json\/wp\/v2\/types\/page"}],"author":[{"embeddable":true,"href":"https:\/\/weldingconsulting.pl\/zh\/wp-json\/wp\/v2\/users\/1"}],"replies":[{"embeddable":true,"href":"https:\/\/weldingconsulting.pl\/zh\/wp-json\/wp\/v2\/comments?post=1115"}],"version-history":[{"count":19,"href":"https:\/\/weldingconsulting.pl\/zh\/wp-json\/wp\/v2\/pages\/1115\/revisions"}],"predecessor-version":[{"id":2485,"href":"https:\/\/weldingconsulting.pl\/zh\/wp-json\/wp\/v2\/pages\/1115\/revisions\/2485"}],"wp:attachment":[{"href":"https:\/\/weldingconsulting.pl\/zh\/wp-json\/wp\/v2\/media?parent=1115"}],"curies":[{"name":"wp","href":"https:\/\/api.w.org\/{rel}","templated":true}]}}