{"id":1039,"date":"2023-09-20T20:31:11","date_gmt":"2023-09-20T18:31:11","guid":{"rendered":"https:\/\/weldingconsulting.pl\/?page_id=1039"},"modified":"2023-12-19T11:40:34","modified_gmt":"2023-12-19T10:40:34","slug":"\u710a\u5de5\u8bc1\u4e66","status":"publish","type":"page","link":"https:\/\/weldingconsulting.pl\/zh\/\u710a\u5de5\u8bc1\u4e66\/","title":{"rendered":"\u710a\u5de5\u8bc1\u4e66"},"content":{"rendered":"<div data-elementor-type=\"wp-page\" data-elementor-id=\"1039\" class=\"elementor elementor-1039\" data-elementor-post-type=\"page\">\n\t\t\t\t\t\t<section class=\"elementor-section elementor-top-section elementor-element elementor-element-3bee167 elementor-section-boxed elementor-section-height-default elementor-section-height-default wpr-particle-no wpr-jarallax-no wpr-parallax-no wpr-sticky-section-no wpr-equal-height-no\" data-id=\"3bee167\" data-element_type=\"section\" data-e-type=\"section\">\n\t\t\t\t\t\t<div class=\"elementor-container elementor-column-gap-default\">\n\t\t\t\t\t<div class=\"elementor-column elementor-col-100 elementor-top-column elementor-element elementor-element-42f9ca3\" data-id=\"42f9ca3\" data-element_type=\"column\" data-e-type=\"column\">\n\t\t\t<div class=\"elementor-widget-wrap elementor-element-populated\">\n\t\t\t\t\t\t<section class=\"elementor-section elementor-inner-section elementor-element elementor-element-876f2b9 elementor-section-boxed elementor-section-height-default elementor-section-height-default wpr-particle-no wpr-jarallax-no wpr-parallax-no wpr-sticky-section-no wpr-equal-height-no\" data-id=\"876f2b9\" data-element_type=\"section\" data-e-type=\"section\">\n\t\t\t\t\t\t<div class=\"elementor-container elementor-column-gap-default\">\n\t\t\t\t\t<div class=\"elementor-column elementor-col-100 elementor-inner-column elementor-element elementor-element-dbf56d8\" data-id=\"dbf56d8\" data-element_type=\"column\" data-e-type=\"column\">\n\t\t\t<div class=\"elementor-widget-wrap elementor-element-populated\">\n\t\t\t\t\t\t<div class=\"elementor-element elementor-element-f8ca20d elementor-widget elementor-widget-heading\" data-id=\"f8ca20d\" data-element_type=\"widget\" data-e-type=\"widget\" data-widget_type=\"heading.default\">\n\t\t\t\t<div class=\"elementor-widget-container\">\n\t\t\t\t\t<h2 class=\"elementor-heading-title elementor-size-default\">\u710a\u5de5\u8bc1\u4e66<\/h2>\t\t\t\t<\/div>\n\t\t\t\t<\/div>\n\t\t\t\t\t<\/div>\n\t\t<\/div>\n\t\t\t\t\t<\/div>\n\t\t<\/section>\n\t\t\t\t<section class=\"elementor-section elementor-inner-section elementor-element elementor-element-376f007 elementor-section-boxed elementor-section-height-default elementor-section-height-default wpr-particle-no wpr-jarallax-no wpr-parallax-no wpr-sticky-section-no wpr-equal-height-no\" data-id=\"376f007\" data-element_type=\"section\" data-e-type=\"section\">\n\t\t\t\t\t\t<div class=\"elementor-container elementor-column-gap-default\">\n\t\t\t\t\t<div class=\"elementor-column elementor-col-100 elementor-inner-column elementor-element elementor-element-1c29c5b\" data-id=\"1c29c5b\" data-element_type=\"column\" data-e-type=\"column\">\n\t\t\t<div class=\"elementor-widget-wrap elementor-element-populated\">\n\t\t\t\t\t\t<div class=\"elementor-element elementor-element-6c020a2 elementor-widget elementor-widget-text-editor\" data-id=\"6c020a2\" data-element_type=\"widget\" data-e-type=\"widget\" data-widget_type=\"text-editor.default\">\n\t\t\t\t<div class=\"elementor-widget-container\">\n\t\t\t\t\t\t\t\t\t<p>\u710a\u63a5\u54a8\u8be2\u6839\u636e\u4ee5\u4e0b\u6807\u51c6\u5bf9\u710a\u5de5\u8fdb\u884c\u8003\u8bd5\u00a0<strong>ISO 9606 \u6807\u51c6<\/strong>.<br \/>\u5728\u68c0\u67e5\u710a\u5de5\u65f6\uff0c\u91cd\u70b9\u662f\u710a\u5de5\u624b\u52a8\u64cd\u4f5c\u7535\u6781\u3001\u710a\u67aa\u6216\u710a\u67aa\u4ee5\u4ea7\u751f\u53ef\u63a5\u53d7\u8d28\u91cf\u7684\u710a\u7f1d\u7684\u80fd\u529b\u3002\u6839\u636e ISO 9606 \u8fd9\u4e00\u90e8\u5206\u7684\u710a\u63a5\u5de5\u827a\u4ec5\u5305\u62ec\u90a3\u4e9b\u88ab\u8ba4\u4e3a\u662f\u624b\u52a8\u6216\u534a\u673a\u68b0\u5316\u710a\u63a5\u5de5\u827a\u7684\u710a\u63a5\u5de5\u827a\u3002\u56e0\u6b64\uff0c\u5b83\u4eec\u4e0d\u6db5\u76d6\u5168\u673a\u68b0\u5316\u548c\u81ea\u52a8\u710a\u63a5\u5de5\u827a\u3002<\/p><p>\u5408\u683c\u7684\u00a0<strong>\u710a\u673a<\/strong>\u00a0\u59cb\u7ec8\u662f\u5404\u884c\u4e1a\u8bb8\u591a\u516c\u53f8\u975e\u5e38\u6e34\u671b\u7684\u4e13\u5bb6\u3002\u7136\u800c\uff0c\u6bcf\u4f4d\u710a\u63a5\u4e13\u5bb6\u90fd\u5e94\u83b7\u5f97\u5176\u77e5\u8bc6\u548c\u6280\u80fd\u7684\u6b63\u5f0f\u786e\u8ba4\uff0c\u624d\u80fd\u83b7\u5f97\u4ece\u4e8b\u8be5\u4e13\u4e1a\u7684\u6388\u6743\u3002\u83b7\u5f97\u6b64\u7c7b\u5b98\u65b9\u6743\u529b\u7684\u65b9\u6cd5\u662f\u901a\u8fc7\u63a5\u6536\u00a0<strong>\u8bc1\u4e66<\/strong>\u00a0\u6545\u610f\u7684\u00a0<strong>\u5bf9\u4e8e\u710a\u5de5<\/strong>\uff0c\u901a\u8fc7\u710a\u63a5\u8003\u8bd5\u540e\u83b7\u5f97\u3002\u710a\u63a5\u54a8\u8be2\u670d\u52a1\u5305\u62ec\u6839\u636e ISO 9606 \u6807\u51c6\u5bf9\u53c2\u4e0e\u710a\u63a5\u7684\u4eba\u5458\u8fdb\u884c\u68c0\u67e5\u3002<\/p><h2>\u710a\u5de5\u8bc1\u4e66\u786e\u8ba4\u5176\u8d44\u683c<\/h2><p>\u6211\u4eec\u8fdb\u884c\u4e13\u4e1a\u8003\u8bd5\uff0c\u8fd9\u662f\u83b7\u5f97\u8d44\u683c\u7684\u5fc5\u8981\u6b65\u9aa4\u00a0<strong>\u710a\u5de5\u8bc1\u4e66<\/strong>\u3002\u901a\u8fc7\u5236\u4f5c\u6d4b\u8bd5\u63a5\u5934\u6765\u6d4b\u8bd5\u6280\u80fd\uff0c\u7136\u540e\u68c0\u67e5\u6d4b\u8bd5\u63a5\u5934\u662f\u5426\u51c6\u5907\u6b63\u786e\u3002\u8003\u8bd5\u8fd8\u5305\u62ec\u6839\u636e\u6536\u5230\u7684\u6307\u793a\u8fdb\u884c\u7684\u5de5\u4f5c\u3002\u7136\u800c\uff0c\u8fd9\u4ec5\u9002\u7528\u4e8e\u975e\u673a\u68b0\u5316\u6d3b\u52a8\u3002\u00a0<strong>\u710a\u5de5\u8ba4\u8bc1<\/strong>\u00a0\u786e\u8ba4\u4e13\u5bb6\u7684\u8d44\u683c\uff0c\u5bf9\u4e8e\u6b63\u786e\u6267\u884c\u710a\u63a5\u4ee5\u53ca\u710a\u63a5\u7ed3\u6784\u7684\u5f3a\u5ea6\u975e\u5e38\u91cd\u8981\u3002<\/p><h2>\u6839\u636e ISO 9606 \u6807\u51c6\u5bf9\u710a\u5de5\u8fdb\u884c\u8ba4\u8bc1<\/h2><p>\u710a\u63a5\u5de5\u4f5c\u53ef\u4ee5\u91c7\u53d6\u591a\u79cd\u5f62\u5f0f\u5e76\u5728\u4e0d\u540c\u7684\u5de5\u5382\u8fdb\u884c\uff0c\u8fd9\u5c31\u662f\u4e3a\u4ec0\u4e48\u00a0<strong>\u710a\u5de5\u8bc1\u4e66<\/strong>\u00a0\u5e94\u786e\u8ba4\u5176\u5904\u7406\u7279\u5b9a\u6750\u6599\u7684\u8d44\u683c\u3002\u5728\u710a\u63a5\u54a8\u8be2\uff0c\u6211\u4eec\u6839\u636e\u91c7\u7528\u7684 ISO 9606 \u6807\u51c6\u63d0\u4f9b\u8003\u8bd5\u3002\u00a0<strong>\u710a\u5de5\u8ba4\u8bc1<\/strong>\u00a0\u6211\u4eec\u516c\u53f8\u7684\u6d4b\u8bd5\u6280\u80fd\u5305\u62ec\u94a2\u3001\u94dd\u3001\u94dc\u3001\u954d\u3001\u949b\u3001\u9506\u4ee5\u53ca\u8fd9\u4e9b\u91d1\u5c5e\u7684\u5408\u91d1\u7684\u6d4b\u8bd5\u6280\u80fd\u3002<\/p><h2>\u710a\u63a5\u54a8\u8be2\u710a\u5de5\u4e13\u4e1a\u8ba4\u8bc1<\/h2><p>\u710a\u63a5\u54a8\u8be2\u662f\u4e00\u5bb6\u4e13\u95e8\u63d0\u4f9b\u5e7f\u6cdb\u7406\u89e3\u7684\u710a\u63a5\u9886\u57df\u670d\u52a1\u7684\u516c\u53f8\uff0c\u662f\u5176\u4e2d\u4e4b\u4e00\u00a0<strong>\u710a\u5de5\u8ba4\u8bc1<\/strong>\uff0c\u8fd9\u662f\u83b7\u5f97\u6240\u9700\u6743\u9650\u7684\u5fc5\u8981\u6b65\u9aa4\u3002\u6211\u4eec\u9075\u5b88\u6240\u6709\u9002\u7528\u7684\u6807\u51c6\u548c\u6cd5\u89c4\uff0c\u4e30\u5bcc\u7684\u7ecf\u9a8c\u4f7f\u6211\u4eec\u7684\u4ea7\u54c1\u4ee5\u6700\u9ad8\u7684\u4e13\u4e1a\u6c34\u5e73\u8131\u9896\u800c\u51fa\u3002\u6211\u4eec\u9080\u8bf7\u60a8\u5229\u7528\u6211\u4eec\u7684\u8003\u8bd5\u4f18\u60e0\u00a0<strong>\u710a\u5de5\u8bc1\u4e66<\/strong>.<\/p>\t\t\t\t\t\t\t\t<\/div>\n\t\t\t\t<\/div>\n\t\t\t\t\t<\/div>\n\t\t<\/div>\n\t\t\t\t\t<\/div>\n\t\t<\/section>\n\t\t\t\t\t<\/div>\n\t\t<\/div>\n\t\t\t\t\t<\/div>\n\t\t<\/section>\n\t\t\t\t<\/div>","protected":false},"excerpt":{"rendered":"<p>Certyfikaty dla spawaczy Firma Welding Consulting przeprowadza egzaminy dla spawaczy wed\u0142ug\u00a0norm ISO 9606. Podczas egzaminowania spawacza, punktem ci\u0119\u017cko\u015bci jest zdolno\u015b\u0107 spawacza do\u00a0takiego r\u0119cznego manipulowania elektrod\u0105, uchwytem spawalniczym lub\u00a0palnikiem spawalniczym, aby wykona\u0107 spoin\u0119 o\u00a0akceptowanej jako\u015bci. Procesy spawania wed\u0142ug niniejszej cz\u0119\u015bci ISO 9606 obejmuj\u0105 tylko\u00a0takie procesy spawania, kt\u00f3re uznane s\u0105 za\u00a0procesy r\u0119cznego lub\u00a0cz\u0119\u015bciowo zmechanizowanego spawania. Nie\u00a0obejmuj\u0105 zatem\u00a0proces\u00f3w spawania w\u00a0pe\u0142ni zmechanizowanego i\u00a0automatycznego. Wykwalifikowany\u00a0spawacz\u00a0to\u00a0niezmiennie bardzo po\u017c\u0105dany fachowiec w\u00a0wielu firmach dzia\u0142aj\u0105cych w\u00a0obr\u0119bie r\u00f3\u017cnorodnych bran\u017c. Ka\u017cdy specjalista zajmuj\u0105cy\u00a0si\u0119\u00a0spawaniem powinien jednak uzyska\u0107 formalne potwierdzenie swojej wiedzy oraz\u00a0umiej\u0119tno\u015bci, aby\u00a0by\u0107\u00a0uprawnionym do\u00a0wykonywania zawodu. Metod\u0105 uzyskiwania takich oficjalnych uprawnie\u0144 jest otrzymanie\u00a0certyfikatu\u00a0przeznaczonego\u00a0dla spawaczy, zdobytego po\u00a0wcze\u015bniejszym zaliczeniu egzaminu z\u00a0zakresu spawalnictwa. Us\u0142ugi firmy Welding Consulting obejmuj\u0105 za\u015b\u00a0egzaminowanie os\u00f3b zajmuj\u0105cych\u00a0si\u0119\u00a0spawaniem zgodnie z\u00a0normami ISO\u00a09606. Certyfikaty dla\u00a0spawaczy potwierdzaj\u0105ce ich\u00a0kwalifikacje Zajmujemy\u00a0si\u0119\u00a0przeprowadzaniem profesjonalnych egzamin\u00f3w b\u0119d\u0105cych niezb\u0119dnym krokiem do\u00a0uzyskania\u00a0certyfikatu dla\u00a0spawaczy. Sprawdzanie umiej\u0119tno\u015bci ma\u00a0posta\u0107 wykonywania z\u0142\u0105cz pr\u00f3bnych, kt\u00f3re nast\u0119pnie s\u0105\u00a0kontrolowane pod\u00a0k\u0105tem prawid\u0142owo\u015bci przygotowania. Egzaminowanie obejmuje r\u00f3wnie\u017c prace na\u00a0podstawie otrzymanych instrukcji. Ca\u0142o\u015b\u0107 dotyczy jednak wy\u0142\u0105cznie czynno\u015bci niezmechanizowanych.\u00a0Certyfikacja spawaczy\u00a0potwierdza kwalifikacje fachowca i\u00a0ma\u00a0ogromne znaczenie dla\u00a0odpowiedniego wykonywania spoin, a\u00a0tym\u00a0samym wytrzyma\u0142o\u015bci spawanych konstrukcji. Certyfikacja spawaczy wed\u0142ug norm ISO\u00a09606 Prace spawalnicze mog\u0105 mie\u0107 r\u00f3\u017cn\u0105 posta\u0107 i\u00a0odbywa\u0107\u00a0si\u0119\u00a0w\u00a0rozmaitych zak\u0142adach przemys\u0142owych, dlatego\u00a0certyfikaty dla\u00a0spawaczy\u00a0powinny potwierdza\u0107 ich\u00a0kwalifikacje do\u00a0zajmowania\u00a0si\u0119\u00a0okre\u015blonymi materia\u0142ami. W\u00a0Welding Consulting oferujemy egzaminy zgodne z\u00a0przyj\u0119tymi normami ISO\u00a09606. Oznacza to, \u017ce\u00a0certyfikacja spawaczy\u00a0w\u00a0naszej firmie obejmuje sprawdzenie umiej\u0119tno\u015bci w\u00a0zakresie pracy ze\u00a0stal\u0105, aluminium, miedzi\u0105, niklem, tytanem, cyrkonem, a\u00a0tak\u017ce stopami tych metali. Profesjonalna certyfikacja spawaczy w\u00a0firmie Welding Consulting Welding Consulting to\u00a0firma specjalizuj\u0105ca\u00a0si\u0119\u00a0w\u00a0us\u0142ugach z\u00a0zakresu szeroko poj\u0119tego spawalnictwa, a\u00a0jedn\u0105 z\u00a0nich jest\u00a0certyfikacja spawaczy, kt\u00f3ra stanowi niezb\u0119dny krok do\u00a0uzyskania wymaganych uprawnie\u0144. Przestrzegamy wszystkich obowi\u0105zuj\u0105cych norm i\u00a0regulacji, za\u015b\u00a0bogate do\u015bwiadczenie sprawia, \u017ce\u00a0nasza oferta wyr\u00f3\u017cnia\u00a0si\u0119\u00a0najwy\u017cszym poziomem profesjonalizmu. Zapraszamy do\u00a0skorzystania z\u00a0propozycji egzamin\u00f3w na\u00a0certyfikaty dla\u00a0spawaczy.<\/p>","protected":false},"author":1,"featured_media":0,"parent":0,"menu_order":0,"comment_status":"closed","ping_status":"closed","template":"elementor_header_footer","meta":{"site-sidebar-layout":"default","site-content-layout":"","ast-site-content-layout":"default","site-content-style":"default","site-sidebar-style":"default","ast-global-header-display":"","ast-banner-title-visibility":"","ast-main-header-display":"","ast-hfb-above-header-display":"","ast-hfb-below-header-display":"","ast-hfb-mobile-header-display":"","site-post-title":"","ast-breadcrumbs-content":"","ast-featured-img":"","footer-sml-layout":"","ast-disable-related-posts":"","theme-transparent-header-meta":"default","adv-header-id-meta":"","stick-header-meta":"","header-above-stick-meta":"","header-main-stick-meta":"","header-below-stick-meta":"","astra-migrate-meta-layouts":"set","ast-page-background-enabled":"default","ast-page-background-meta":{"desktop":{"background-color":"var(--ast-global-color-4)","background-image":"","background-repeat":"repeat","background-position":"center center","background-size":"auto","background-attachment":"scroll","background-type":"","background-media":"","overlay-type":"","overlay-color":"","overlay-opacity":"","overlay-gradient":""},"tablet":{"background-color":"","background-image":"","background-repeat":"repeat","background-position":"center center","background-size":"auto","background-attachment":"scroll","background-type":"","background-media":"","overlay-type":"","overlay-color":"","overlay-opacity":"","overlay-gradient":""},"mobile":{"background-color":"","background-image":"","background-repeat":"repeat","background-position":"center center","background-size":"auto","background-attachment":"scroll","background-type":"","background-media":"","overlay-type":"","overlay-color":"","overlay-opacity":"","overlay-gradient":""}},"ast-content-background-meta":{"desktop":{"background-color":"var(--ast-global-color-5)","background-image":"","background-repeat":"repeat","background-position":"center center","background-size":"auto","background-attachment":"scroll","background-type":"","background-media":"","overlay-type":"","overlay-color":"","overlay-opacity":"","overlay-gradient":""},"tablet":{"background-color":"var(--ast-global-color-5)","background-image":"","background-repeat":"repeat","background-position":"center center","background-size":"auto","background-attachment":"scroll","background-type":"","background-media":"","overlay-type":"","overlay-color":"","overlay-opacity":"","overlay-gradient":""},"mobile":{"background-color":"var(--ast-global-color-5)","background-image":"","background-repeat":"repeat","background-position":"center center","background-size":"auto","background-attachment":"scroll","background-type":"","background-media":"","overlay-type":"","overlay-color":"","overlay-opacity":"","overlay-gradient":""}},"footnotes":""},"class_list":["post-1039","page","type-page","status-publish","hentry"],"rttpg_featured_image_url":null,"rttpg_author":{"display_name":"admin-JYZ7TiXE","author_link":"https:\/\/weldingconsulting.pl\/zh\/author\/admin-jyz7tixe\/"},"rttpg_comment":0,"rttpg_category":null,"rttpg_excerpt":"Certyfikaty dla spawaczy Firma Welding Consulting przeprowadza egzaminy dla spawaczy wed\u0142ug\u00a0norm ISO 9606. Podczas egzaminowania spawacza, punktem ci\u0119\u017cko\u015bci jest zdolno\u015b\u0107 spawacza do\u00a0takiego r\u0119cznego manipulowania elektrod\u0105, uchwytem spawalniczym lub\u00a0palnikiem spawalniczym, aby wykona\u0107 spoin\u0119 o\u00a0akceptowanej jako\u015bci. Procesy spawania wed\u0142ug niniejszej cz\u0119\u015bci ISO 9606 obejmuj\u0105 tylko\u00a0takie procesy spawania, kt\u00f3re uznane s\u0105 za\u00a0procesy r\u0119cznego lub\u00a0cz\u0119\u015bciowo zmechanizowanego spawania. Nie\u00a0obejmuj\u0105 zatem\u00a0proces\u00f3w&hellip;","_links":{"self":[{"href":"https:\/\/weldingconsulting.pl\/zh\/wp-json\/wp\/v2\/pages\/1039","targetHints":{"allow":["GET"]}}],"collection":[{"href":"https:\/\/weldingconsulting.pl\/zh\/wp-json\/wp\/v2\/pages"}],"about":[{"href":"https:\/\/weldingconsulting.pl\/zh\/wp-json\/wp\/v2\/types\/page"}],"author":[{"embeddable":true,"href":"https:\/\/weldingconsulting.pl\/zh\/wp-json\/wp\/v2\/users\/1"}],"replies":[{"embeddable":true,"href":"https:\/\/weldingconsulting.pl\/zh\/wp-json\/wp\/v2\/comments?post=1039"}],"version-history":[{"count":15,"href":"https:\/\/weldingconsulting.pl\/zh\/wp-json\/wp\/v2\/pages\/1039\/revisions"}],"predecessor-version":[{"id":2467,"href":"https:\/\/weldingconsulting.pl\/zh\/wp-json\/wp\/v2\/pages\/1039\/revisions\/2467"}],"wp:attachment":[{"href":"https:\/\/weldingconsulting.pl\/zh\/wp-json\/wp\/v2\/media?parent=1039"}],"curies":[{"name":"wp","href":"https:\/\/api.w.org\/{rel}","templated":true}]}}