{"id":8586,"date":"2025-09-05T13:24:35","date_gmt":"2025-09-05T11:24:35","guid":{"rendered":"https:\/\/weldingconsulting.pl\/?page_id=8586"},"modified":"2025-09-05T13:26:25","modified_gmt":"2025-09-05T11:26:25","slug":"artiklar","status":"publish","type":"page","link":"https:\/\/weldingconsulting.pl\/sv\/artiklar\/","title":{"rendered":"Artiklar"},"content":{"rendered":"<div data-elementor-type=\"wp-page\" data-elementor-id=\"8586\" class=\"elementor elementor-8586\" data-elementor-post-type=\"page\">\n\t\t\t\t\t\t<section class=\"elementor-section elementor-top-section elementor-element elementor-element-7faf5a3 elementor-section-boxed elementor-section-height-default elementor-section-height-default wpr-particle-no wpr-jarallax-no wpr-parallax-no wpr-sticky-section-no wpr-equal-height-no\" data-id=\"7faf5a3\" data-element_type=\"section\" data-e-type=\"section\">\n\t\t\t\t\t\t<div class=\"elementor-container elementor-column-gap-default\">\n\t\t\t\t\t<div class=\"elementor-column elementor-col-100 elementor-top-column elementor-element elementor-element-631a187\" data-id=\"631a187\" data-element_type=\"column\" data-e-type=\"column\">\n\t\t\t<div class=\"elementor-widget-wrap elementor-element-populated\">\n\t\t\t\t\t\t<div class=\"elementor-element elementor-element-b734443 meta-visibility-show title_position_default title_hover_border_default title-default img_hover_animation_default meta_position_default readmore-btn-default-style grid-hover-overlay-type-always tpg-el-box-border-enable tpg-border-bottom-disable elementor-widget elementor-widget-tpg-grid-layout\" data-id=\"b734443\" data-element_type=\"widget\" data-e-type=\"widget\" data-widget_type=\"tpg-grid-layout.default\">\n\t\t\t\t<div class=\"elementor-widget-container\">\n\t\t\t\t\t\t\t<div class=\"rt-container-fluid rt-tpg-container tpg-el-main-wrapper clearfix grid-layout3-main\"\n\t\t\t id=\"rt-tpg-container-1541465356\"\n\t\t\t data-layout=\"grid-layout3\"\n\t\t\t data-grid-style=\"tpg-full-height\"\n\t\t\t data-sc-id=\"elementor\"\n\t\t\t data-el-settings=''\n\t\t\t data-el-query=''\n\t\t\t data-el-path=''\n\t\t>\n\t\t\t\t\t\t<div class='tpg-header-wrapper'>\n\t\t\t\t\t\t\t<\/div>\n\n\t\t\t<div data-title=\"Loading ...\" class=\"rt-row rt-content-loader grid-layout3 grid-behaviour tpg-full-height grid_layout_wrapper\">\n\t\t\t\t\n<div class=\"rt-col-md-4 rt-col-sm-6 rt-col-xs-12 default rt-grid-item\" data-id=\"8624\">\n\t<div class=\"rt-holder tpg-post-holder\">\n\t\t<div class=\"rt-detail rt-el-content-wrapper\">\n\t\t\t\t\t\t\t<div class=\"rt-img-holder tpg-el-image-wrap has-no-thumbnail\">\n\t\t\t\t\t<a data-id=\"8624\" href=\"https:\/\/weldingconsulting.pl\/sv\/skillnaden-mellan-inspektionsorgan-och-iwe-konsulter\/\" class=\"tpg-post-link\" target=\"_self\">\t\t\n\t\t<\/a>\n\t\t        <div class=\"overlay grid-hover-content\"><\/div>\n\t\t\t\t\t\t<\/div>\n\t\t\t\n\n\t\t\t<div class=\"entry-title-wrapper\"><h3 class=\"entry-title\"><a data-id=\"8624\" href=\"https:\/\/weldingconsulting.pl\/sv\/skillnaden-mellan-inspektionsorgan-och-iwe-konsulter\/\" class=\"tpg-post-link\" target=\"_self\">Skillnaden mellan stora inspektionsorgan och oberoende IWE-konsulter<\/a><\/h3><\/div>\n\t\t\t\t\t\t\t<div class=\"post-meta-tags rt-el-post-meta\">\n\t\t\t\t\t\t\t\t\t<\/div>\n\t\t\t\n\t\t\t\t\t\t\t<div class=\"tpg-excerpt tpg-el-excerpt\">\n\t\t\t\t\t\t\t\t\t\t\t<div class=\"tpg-excerpt-inner\">\n\t\t\t\t\t\t\tSkillnaden mellan stora inspektionsorgan och oberoende IWE-konsulter Introduktion I industriella projekt relaterade till svetsning \u00e4r l\u00e4mplig teknisk \u00f6vervakning av avg\u00f6rande betydelse...\t\t\t\t\t\t<\/div>\n\t\t\t\t\t\t\t\t\t\t\t\t\t\t<\/div>\n\t\t\t\n\t\t\t        <div class=\"post-footer\">\n            <div class=\"post-footer\">\n                <div class=\"read-more\">\n\t\t\t\t\t<a data-id=\"8624\" href=\"https:\/\/weldingconsulting.pl\/sv\/skillnaden-mellan-inspektionsorgan-och-iwe-konsulter\/\" class=\"tpg-post-link\" target=\"_self\">L\u00e4s mer<\/a>                <\/div>\n            <\/div>\n        <\/div>\n\t\t\t\t<\/div>\n\t<\/div>\n<\/div>\n\n<div class=\"rt-col-md-4 rt-col-sm-6 rt-col-xs-12 default rt-grid-item\" data-id=\"8618\">\n\t<div class=\"rt-holder tpg-post-holder\">\n\t\t<div class=\"rt-detail rt-el-content-wrapper\">\n\t\t\t\t\t\t\t<div class=\"rt-img-holder tpg-el-image-wrap has-no-thumbnail\">\n\t\t\t\t\t<a data-id=\"8618\" href=\"https:\/\/weldingconsulting.pl\/sv\/forberedelser-infor-den-polska-iso-3834-revisionen\/\" class=\"tpg-post-link\" target=\"_self\">\t\t\n\t\t<\/a>\n\t\t        <div class=\"overlay grid-hover-content\"><\/div>\n\t\t\t\t\t\t<\/div>\n\t\t\t\n\n\t\t\t<div class=\"entry-title-wrapper\"><h3 class=\"entry-title\"><a data-id=\"8618\" href=\"https:\/\/weldingconsulting.pl\/sv\/forberedelser-infor-den-polska-iso-3834-revisionen\/\" class=\"tpg-post-link\" target=\"_self\">F\u00f6rberedelser inf\u00f6r en ISO 3834-revision i Polen<\/a><\/h3><\/div>\n\t\t\t\t\t\t\t<div class=\"post-meta-tags rt-el-post-meta\">\n\t\t\t\t\t\t\t\t\t<\/div>\n\t\t\t\n\t\t\t\t\t\t\t<div class=\"tpg-excerpt tpg-el-excerpt\">\n\t\t\t\t\t\t\t\t\t\t\t<div class=\"tpg-excerpt-inner\">\n\t\t\t\t\t\t\tF\u00f6rberedelser inf\u00f6r en ISO 3834-revision i Polen \u2013 vad utl\u00e4ndska kunder b\u00f6r veta. Introduktion: ISO 3834-standarden \u00e4r en av de viktigaste kvalitetsstandarderna inom svetsning. Den specificerar kraven...\t\t\t\t\t\t<\/div>\n\t\t\t\t\t\t\t\t\t\t\t\t\t\t<\/div>\n\t\t\t\n\t\t\t        <div class=\"post-footer\">\n            <div class=\"post-footer\">\n                <div class=\"read-more\">\n\t\t\t\t\t<a data-id=\"8618\" href=\"https:\/\/weldingconsulting.pl\/sv\/forberedelser-infor-den-polska-iso-3834-revisionen\/\" class=\"tpg-post-link\" target=\"_self\">L\u00e4s mer<\/a>                <\/div>\n            <\/div>\n        <\/div>\n\t\t\t\t<\/div>\n\t<\/div>\n<\/div>\n\n<div class=\"rt-col-md-4 rt-col-sm-6 rt-col-xs-12 default rt-grid-item\" data-id=\"8611\">\n\t<div class=\"rt-holder tpg-post-holder\">\n\t\t<div class=\"rt-detail rt-el-content-wrapper\">\n\t\t\t\t\t\t\t<div class=\"rt-img-holder tpg-el-image-wrap has-no-thumbnail\">\n\t\t\t\t\t<a data-id=\"8611\" href=\"https:\/\/weldingconsulting.pl\/sv\/anlita-en-oberoende-svetsinspektor-i-polen\/\" class=\"tpg-post-link\" target=\"_self\">\t\t\n\t\t<\/a>\n\t\t        <div class=\"overlay grid-hover-content\"><\/div>\n\t\t\t\t\t\t<\/div>\n\t\t\t\n\n\t\t\t<div class=\"entry-title-wrapper\"><h3 class=\"entry-title\"><a data-id=\"8611\" href=\"https:\/\/weldingconsulting.pl\/sv\/anlita-en-oberoende-svetsinspektor-i-polen\/\" class=\"tpg-post-link\" target=\"_self\">Hur man anlitar en oberoende svetsinspekt\u00f6r i Polen<\/a><\/h3><\/div>\n\t\t\t\t\t\t\t<div class=\"post-meta-tags rt-el-post-meta\">\n\t\t\t\t\t\t\t\t\t<\/div>\n\t\t\t\n\t\t\t\t\t\t\t<div class=\"tpg-excerpt tpg-el-excerpt\">\n\t\t\t\t\t\t\t\t\t\t\t<div class=\"tpg-excerpt-inner\">\n\t\t\t\t\t\t\tHur man anlitar en oberoende svetsinspekt\u00f6r i Polen Introduktion Polen \u00e4r ett av de viktigaste industricentrumen i Europa, s\u00e4rskilt inom sektorer som st\u00e5lkonstruktioner...\t\t\t\t\t\t<\/div>\n\t\t\t\t\t\t\t\t\t\t\t\t\t\t<\/div>\n\t\t\t\n\t\t\t        <div class=\"post-footer\">\n            <div class=\"post-footer\">\n                <div class=\"read-more\">\n\t\t\t\t\t<a data-id=\"8611\" href=\"https:\/\/weldingconsulting.pl\/sv\/anlita-en-oberoende-svetsinspektor-i-polen\/\" class=\"tpg-post-link\" target=\"_self\">L\u00e4s mer<\/a>                <\/div>\n            <\/div>\n        <\/div>\n\t\t\t\t<\/div>\n\t<\/div>\n<\/div>\n\n<div class=\"rt-col-md-4 rt-col-sm-6 rt-col-xs-12 default rt-grid-item\" data-id=\"8563\">\n\t<div class=\"rt-holder tpg-post-holder\">\n\t\t<div class=\"rt-detail rt-el-content-wrapper\">\n\t\t\t\t\t\t\t<div class=\"rt-img-holder tpg-el-image-wrap has-no-thumbnail\">\n\t\t\t\t\t<a data-id=\"8563\" href=\"https:\/\/weldingconsulting.pl\/sv\/svetsarens-sakerhet\/\" class=\"tpg-post-link\" target=\"_self\">\t\t\n\t\t<\/a>\n\t\t        <div class=\"overlay grid-hover-content\"><\/div>\n\t\t\t\t\t\t<\/div>\n\t\t\t\n\n\t\t\t<div class=\"entry-title-wrapper\"><h3 class=\"entry-title\"><a data-id=\"8563\" href=\"https:\/\/weldingconsulting.pl\/sv\/svetsarens-sakerhet\/\" class=\"tpg-post-link\" target=\"_self\">Svetsarens s\u00e4kerhet - h\u00e4lso- och s\u00e4kerhetsregler och praktiska tips<\/a><\/h3><\/div>\n\t\t\t\t\t\t\t<div class=\"post-meta-tags rt-el-post-meta\">\n\t\t\t\t\t\t\t\t\t<\/div>\n\t\t\t\n\t\t\t\t\t\t\t<div class=\"tpg-excerpt tpg-el-excerpt\">\n\t\t\t\t\t\t\t\t\t\t\t<div class=\"tpg-excerpt-inner\">\n\t\t\t\t\t\t\tSvetsars\u00e4kerhet \u2013 H\u00e4lso- och s\u00e4kerhetsregler och praktiska tips. Varf\u00f6r \u00e4r svetsars\u00e4kerhet avg\u00f6rande? Svetsning \u00e4r en process som \u00e4r fylld med m\u00e5nga faror: h\u00f6g temperatur, UV-str\u00e5lning...\t\t\t\t\t\t<\/div>\n\t\t\t\t\t\t\t\t\t\t\t\t\t\t<\/div>\n\t\t\t\n\t\t\t        <div class=\"post-footer\">\n            <div class=\"post-footer\">\n                <div class=\"read-more\">\n\t\t\t\t\t<a data-id=\"8563\" href=\"https:\/\/weldingconsulting.pl\/sv\/svetsarens-sakerhet\/\" class=\"tpg-post-link\" target=\"_self\">L\u00e4s mer<\/a>                <\/div>\n            <\/div>\n        <\/div>\n\t\t\t\t<\/div>\n\t<\/div>\n<\/div>\n\n<div class=\"rt-col-md-4 rt-col-sm-6 rt-col-xs-12 default rt-grid-item\" data-id=\"8558\">\n\t<div class=\"rt-holder tpg-post-holder\">\n\t\t<div class=\"rt-detail rt-el-content-wrapper\">\n\t\t\t\t\t\t\t<div class=\"rt-img-holder tpg-el-image-wrap has-no-thumbnail\">\n\t\t\t\t\t<a data-id=\"8558\" href=\"https:\/\/weldingconsulting.pl\/sv\/iso-3834-svetskvalitetssystem\/\" class=\"tpg-post-link\" target=\"_self\">\t\t\n\t\t<\/a>\n\t\t        <div class=\"overlay grid-hover-content\"><\/div>\n\t\t\t\t\t\t<\/div>\n\t\t\t\n\n\t\t\t<div class=\"entry-title-wrapper\"><h3 class=\"entry-title\"><a data-id=\"8558\" href=\"https:\/\/weldingconsulting.pl\/sv\/iso-3834-svetskvalitetssystem\/\" class=\"tpg-post-link\" target=\"_self\">ISO 3834 \u2013 kvalitetsledningssystem f\u00f6r svetsning<\/a><\/h3><\/div>\n\t\t\t\t\t\t\t<div class=\"post-meta-tags rt-el-post-meta\">\n\t\t\t\t\t\t\t\t\t<\/div>\n\t\t\t\n\t\t\t\t\t\t\t<div class=\"tpg-excerpt tpg-el-excerpt\">\n\t\t\t\t\t\t\t\t\t\t\t<div class=\"tpg-excerpt-inner\">\n\t\t\t\t\t\t\tISO 3834 \u2013 det viktigaste kvalitetssystemet inom svetsning. Vad \u00e4r ISO 3834? ISO 3834 \u00e4r en internationell standard som specificerar kvalitetskrav f\u00f6r svetsprocesser av metalliska material...\t\t\t\t\t\t<\/div>\n\t\t\t\t\t\t\t\t\t\t\t\t\t\t<\/div>\n\t\t\t\n\t\t\t        <div class=\"post-footer\">\n            <div class=\"post-footer\">\n                <div class=\"read-more\">\n\t\t\t\t\t<a data-id=\"8558\" href=\"https:\/\/weldingconsulting.pl\/sv\/iso-3834-svetskvalitetssystem\/\" class=\"tpg-post-link\" target=\"_self\">L\u00e4s mer<\/a>                <\/div>\n            <\/div>\n        <\/div>\n\t\t\t\t<\/div>\n\t<\/div>\n<\/div>\n\n<div class=\"rt-col-md-4 rt-col-sm-6 rt-col-xs-12 default rt-grid-item\" data-id=\"8550\">\n\t<div class=\"rt-holder tpg-post-holder\">\n\t\t<div class=\"rt-detail rt-el-content-wrapper\">\n\t\t\t\t\t\t\t<div class=\"rt-img-holder tpg-el-image-wrap has-no-thumbnail\">\n\t\t\t\t\t<a data-id=\"8550\" href=\"https:\/\/weldingconsulting.pl\/sv\/svetsovervakning-byggbranschen\/\" class=\"tpg-post-link\" target=\"_self\">\t\t\n\t\t<\/a>\n\t\t        <div class=\"overlay grid-hover-content\"><\/div>\n\t\t\t\t\t\t<\/div>\n\t\t\t\n\n\t\t\t<div class=\"entry-title-wrapper\"><h3 class=\"entry-title\"><a data-id=\"8550\" href=\"https:\/\/weldingconsulting.pl\/sv\/svetsovervakning-byggbranschen\/\" class=\"tpg-post-link\" target=\"_self\">Varf\u00f6r svets\u00f6vervakning \u00e4r avg\u00f6rande inom bygg och industri<\/a><\/h3><\/div>\n\t\t\t\t\t\t\t<div class=\"post-meta-tags rt-el-post-meta\">\n\t\t\t\t\t\t\t\t\t<\/div>\n\t\t\t\n\t\t\t\t\t\t\t<div class=\"tpg-excerpt tpg-el-excerpt\">\n\t\t\t\t\t\t\t\t\t\t\t<div class=\"tpg-excerpt-inner\">\n\t\t\t\t\t\t\tVarf\u00f6r svets\u00f6vervakning \u00e4r avg\u00f6rande inom bygg och industri Svets\u00f6vervakningens roll Svets\u00f6vervakning \u00e4r processen att systematiskt kontrollera kvaliteten p\u00e5 svetsar, dokumentation och efterlevnad av...\t\t\t\t\t\t<\/div>\n\t\t\t\t\t\t\t\t\t\t\t\t\t\t<\/div>\n\t\t\t\n\t\t\t        <div class=\"post-footer\">\n            <div class=\"post-footer\">\n                <div class=\"read-more\">\n\t\t\t\t\t<a data-id=\"8550\" href=\"https:\/\/weldingconsulting.pl\/sv\/svetsovervakning-byggbranschen\/\" class=\"tpg-post-link\" target=\"_self\">L\u00e4s mer<\/a>                <\/div>\n            <\/div>\n        <\/div>\n\t\t\t\t<\/div>\n\t<\/div>\n<\/div>\n\n<div class=\"rt-col-md-4 rt-col-sm-6 rt-col-xs-12 default rt-grid-item\" data-id=\"8545\">\n\t<div class=\"rt-holder tpg-post-holder\">\n\t\t<div class=\"rt-detail rt-el-content-wrapper\">\n\t\t\t\t\t\t\t<div class=\"rt-img-holder tpg-el-image-wrap has-no-thumbnail\">\n\t\t\t\t\t<a data-id=\"8545\" href=\"https:\/\/weldingconsulting.pl\/sv\/de-vanligaste-felen-i-svetsprocessen-och-hur-man-undviker-dem\/\" class=\"tpg-post-link\" target=\"_self\">\t\t\n\t\t<\/a>\n\t\t        <div class=\"overlay grid-hover-content\"><\/div>\n\t\t\t\t\t\t<\/div>\n\t\t\t\n\n\t\t\t<div class=\"entry-title-wrapper\"><h3 class=\"entry-title\"><a data-id=\"8545\" href=\"https:\/\/weldingconsulting.pl\/sv\/de-vanligaste-felen-i-svetsprocessen-och-hur-man-undviker-dem\/\" class=\"tpg-post-link\" target=\"_self\">De vanligaste svetsfelen och hur man undviker dem<\/a><\/h3><\/div>\n\t\t\t\t\t\t\t<div class=\"post-meta-tags rt-el-post-meta\">\n\t\t\t\t\t\t\t\t\t<\/div>\n\t\t\t\n\t\t\t\t\t\t\t<div class=\"tpg-excerpt tpg-el-excerpt\">\n\t\t\t\t\t\t\t\t\t\t\t<div class=\"tpg-excerpt-inner\">\n\t\t\t\t\t\t\tVanliga svetsfel och hur man undviker dem Introduktion Svetsprocessen kr\u00e4ver precision, erfarenhet och kunskap om standarder. \u00c4ven mindre fel kan leda till allvarliga problem \u2013 fr\u00e5n...\t\t\t\t\t\t<\/div>\n\t\t\t\t\t\t\t\t\t\t\t\t\t\t<\/div>\n\t\t\t\n\t\t\t        <div class=\"post-footer\">\n            <div class=\"post-footer\">\n                <div class=\"read-more\">\n\t\t\t\t\t<a data-id=\"8545\" href=\"https:\/\/weldingconsulting.pl\/sv\/de-vanligaste-felen-i-svetsprocessen-och-hur-man-undviker-dem\/\" class=\"tpg-post-link\" target=\"_self\">L\u00e4s mer<\/a>                <\/div>\n            <\/div>\n        <\/div>\n\t\t\t\t<\/div>\n\t<\/div>\n<\/div>\n\n<div class=\"rt-col-md-4 rt-col-sm-6 rt-col-xs-12 default rt-grid-item\" data-id=\"8531\">\n\t<div class=\"rt-holder tpg-post-holder\">\n\t\t<div class=\"rt-detail rt-el-content-wrapper\">\n\t\t\t\t\t\t\t<div class=\"rt-img-holder tpg-el-image-wrap has-no-thumbnail\">\n\t\t\t\t\t<a data-id=\"8531\" href=\"https:\/\/weldingconsulting.pl\/sv\/svetscertifiering-allt-du-behover-veta\/\" class=\"tpg-post-link\" target=\"_self\">\t\t\n\t\t<\/a>\n\t\t        <div class=\"overlay grid-hover-content\"><\/div>\n\t\t\t\t\t\t<\/div>\n\t\t\t\n\n\t\t\t<div class=\"entry-title-wrapper\"><h3 class=\"entry-title\"><a data-id=\"8531\" href=\"https:\/\/weldingconsulting.pl\/sv\/svetscertifiering-allt-du-behover-veta\/\" class=\"tpg-post-link\" target=\"_self\">Svetsarcertifiering \u2013 Allt du beh\u00f6ver veta<\/a><\/h3><\/div>\n\t\t\t\t\t\t\t<div class=\"post-meta-tags rt-el-post-meta\">\n\t\t\t\t\t\t\t\t\t<\/div>\n\t\t\t\n\t\t\t\t\t\t\t<div class=\"tpg-excerpt tpg-el-excerpt\">\n\t\t\t\t\t\t\t\t\t\t\t<div class=\"tpg-excerpt-inner\">\n\t\t\t\t\t\t\tSvetscertifiering \u2013 Allt du beh\u00f6ver veta Introduktion \u2013 Varf\u00f6r certifiering \u00e4r viktig Svetscertifiering bekr\u00e4ftar att en person har l\u00e4mpliga kvalifikationer och...\t\t\t\t\t\t<\/div>\n\t\t\t\t\t\t\t\t\t\t\t\t\t\t<\/div>\n\t\t\t\n\t\t\t        <div class=\"post-footer\">\n            <div class=\"post-footer\">\n                <div class=\"read-more\">\n\t\t\t\t\t<a data-id=\"8531\" href=\"https:\/\/weldingconsulting.pl\/sv\/svetscertifiering-allt-du-behover-veta\/\" class=\"tpg-post-link\" target=\"_self\">L\u00e4s mer<\/a>                <\/div>\n            <\/div>\n        <\/div>\n\t\t\t\t<\/div>\n\t<\/div>\n<\/div>\n\t\t\t<\/div>\n\t\t\t\n\t\t<\/div>\n\t\t\t\t\t\t<\/div>\n\t\t\t\t<\/div>\n\t\t\t\t\t<\/div>\n\t\t<\/div>\n\t\t\t\t\t<\/div>\n\t\t<\/section>\n\t\t\t\t<\/div>","protected":false},"excerpt":{"rendered":"<p>Bezpiecze\u0144stwo spawacza \u2013 zasady BHP i praktyczne wskaz\u00f3wki Bezpiecze\u0144stwo spawacza \u2013 zasady BHP i praktyczne wskaz\u00f3wki Dlaczego bezpiecze\u0144stwo spawacza jest kluczowe? Spawanie to proces obarczony wieloma zagro\u017ceniami: wysok\u0105 temperatur\u0105, promieniowaniem UV&#8230; Czytaj wi\u0119cej ISO 3834 \u2013 system zarz\u0105dzania jako\u015bci\u0105 w spawalnictwie ISO 3834 \u2013 najwa\u017cniejszy system jako\u015bci w spawalnictwie Czym jest ISO 3834? Norma ISO 3834 to mi\u0119dzynarodowy standard okre\u015blaj\u0105cy wymagania jako\u015bciowe dla proces\u00f3w spawania materia\u0142\u00f3w metalowych&#8230; Czytaj wi\u0119cej Dlaczego nadz\u00f3r spawalniczy jest kluczowy w budownictwie i przemy\u015ble Dlaczego nadz\u00f3r spawalniczy jest kluczowy w budownictwie i przemy\u015ble Rola nadzoru spawalniczego Nadz\u00f3r spawalniczy to proces systematycznego kontrolowania jako\u015bci spoin, dokumentacji oraz zgodno\u015bci z&#8230; Czytaj wi\u0119cej Najcz\u0119stsze b\u0142\u0119dy w procesie spawania i sposoby ich unikania Najcz\u0119stsze b\u0142\u0119dy w procesie spawania i jak ich unika\u0107 Wprowadzenie Proces spawania wymaga precyzji, do\u015bwiadczenia i znajomo\u015bci norm. Nawet drobne b\u0142\u0119dy mog\u0105 prowadzi\u0107 do powa\u017cnych problem\u00f3w \u2013 od&#8230; Czytaj wi\u0119cej Certyfikacja spawaczy \u2013 wszystko, co musisz wiedzie\u0107 Certyfikacja spawaczy \u2013 wszystko, co musisz wiedzie\u0107 Wprowadzenie \u2013 dlaczego certyfikacja jest wa\u017cna Certyfikacja spawaczy to potwierdzenie, \u017ce dana osoba posiada odpowiednie kwalifikacje i&#8230; Czytaj wi\u0119cej<\/p>","protected":false},"author":1,"featured_media":0,"parent":0,"menu_order":0,"comment_status":"closed","ping_status":"closed","template":"elementor_header_footer","meta":{"site-sidebar-layout":"no-sidebar","site-content-layout":"","ast-site-content-layout":"full-width-container","site-content-style":"default","site-sidebar-style":"default","ast-global-header-display":"","ast-banner-title-visibility":"","ast-main-header-display":"","ast-hfb-above-header-display":"","ast-hfb-below-header-display":"","ast-hfb-mobile-header-display":"","site-post-title":"","ast-breadcrumbs-content":"","ast-featured-img":"disabled","footer-sml-layout":"","ast-disable-related-posts":"","theme-transparent-header-meta":"","adv-header-id-meta":"","stick-header-meta":"","header-above-stick-meta":"","header-main-stick-meta":"","header-below-stick-meta":"","astra-migrate-meta-layouts":"default","ast-page-background-enabled":"default","ast-page-background-meta":{"desktop":{"background-color":"var(--ast-global-color-4)","background-image":"","background-repeat":"repeat","background-position":"center center","background-size":"auto","background-attachment":"scroll","background-type":"","background-media":"","overlay-type":"","overlay-color":"","overlay-opacity":"","overlay-gradient":""},"tablet":{"background-color":"","background-image":"","background-repeat":"repeat","background-position":"center center","background-size":"auto","background-attachment":"scroll","background-type":"","background-media":"","overlay-type":"","overlay-color":"","overlay-opacity":"","overlay-gradient":""},"mobile":{"background-color":"","background-image":"","background-repeat":"repeat","background-position":"center center","background-size":"auto","background-attachment":"scroll","background-type":"","background-media":"","overlay-type":"","overlay-color":"","overlay-opacity":"","overlay-gradient":""}},"ast-content-background-meta":{"desktop":{"background-color":"var(--ast-global-color-5)","background-image":"","background-repeat":"repeat","background-position":"center center","background-size":"auto","background-attachment":"scroll","background-type":"","background-media":"","overlay-type":"","overlay-color":"","overlay-opacity":"","overlay-gradient":""},"tablet":{"background-color":"var(--ast-global-color-5)","background-image":"","background-repeat":"repeat","background-position":"center center","background-size":"auto","background-attachment":"scroll","background-type":"","background-media":"","overlay-type":"","overlay-color":"","overlay-opacity":"","overlay-gradient":""},"mobile":{"background-color":"var(--ast-global-color-5)","background-image":"","background-repeat":"repeat","background-position":"center center","background-size":"auto","background-attachment":"scroll","background-type":"","background-media":"","overlay-type":"","overlay-color":"","overlay-opacity":"","overlay-gradient":""}},"footnotes":""},"class_list":["post-8586","page","type-page","status-publish","hentry"],"rttpg_featured_image_url":null,"rttpg_author":{"display_name":"admin-JYZ7TiXE","author_link":"https:\/\/weldingconsulting.pl\/sv\/author\/admin-jyz7tixe\/"},"rttpg_comment":0,"rttpg_category":"","rttpg_excerpt":"Bezpiecze\u0144stwo spawacza \u2013 zasady BHP i praktyczne wskaz\u00f3wki Bezpiecze\u0144stwo spawacza \u2013 zasady BHP i praktyczne wskaz\u00f3wki Dlaczego bezpiecze\u0144stwo spawacza jest kluczowe? Spawanie to proces obarczony wieloma zagro\u017ceniami: wysok\u0105 temperatur\u0105, promieniowaniem UV&#8230; Czytaj wi\u0119cej ISO 3834 \u2013 system zarz\u0105dzania jako\u015bci\u0105 w spawalnictwie ISO 3834 \u2013 najwa\u017cniejszy system jako\u015bci w spawalnictwie Czym jest ISO 3834? Norma ISO&hellip;","_links":{"self":[{"href":"https:\/\/weldingconsulting.pl\/sv\/wp-json\/wp\/v2\/pages\/8586","targetHints":{"allow":["GET"]}}],"collection":[{"href":"https:\/\/weldingconsulting.pl\/sv\/wp-json\/wp\/v2\/pages"}],"about":[{"href":"https:\/\/weldingconsulting.pl\/sv\/wp-json\/wp\/v2\/types\/page"}],"author":[{"embeddable":true,"href":"https:\/\/weldingconsulting.pl\/sv\/wp-json\/wp\/v2\/users\/1"}],"replies":[{"embeddable":true,"href":"https:\/\/weldingconsulting.pl\/sv\/wp-json\/wp\/v2\/comments?post=8586"}],"version-history":[{"count":4,"href":"https:\/\/weldingconsulting.pl\/sv\/wp-json\/wp\/v2\/pages\/8586\/revisions"}],"predecessor-version":[{"id":8590,"href":"https:\/\/weldingconsulting.pl\/sv\/wp-json\/wp\/v2\/pages\/8586\/revisions\/8590"}],"wp:attachment":[{"href":"https:\/\/weldingconsulting.pl\/sv\/wp-json\/wp\/v2\/media?parent=8586"}],"curies":[{"name":"wp","href":"https:\/\/api.w.org\/{rel}","templated":true}]}}