{"id":1039,"date":"2023-09-20T20:31:11","date_gmt":"2023-09-20T18:31:11","guid":{"rendered":"https:\/\/weldingconsulting.pl\/?page_id=1039"},"modified":"2023-12-19T11:40:34","modified_gmt":"2023-12-19T10:40:34","slug":"certifiering-for-svetsare-2","status":"publish","type":"page","link":"https:\/\/weldingconsulting.pl\/sv\/certifiering-for-svetsare-2\/","title":{"rendered":"Certifikat f\u00f6r svetsare"},"content":{"rendered":"<div data-elementor-type=\"wp-page\" data-elementor-id=\"1039\" class=\"elementor elementor-1039\" data-elementor-post-type=\"page\">\n\t\t\t\t\t\t<section class=\"elementor-section elementor-top-section elementor-element elementor-element-3bee167 elementor-section-boxed elementor-section-height-default elementor-section-height-default wpr-particle-no wpr-jarallax-no wpr-parallax-no wpr-sticky-section-no wpr-column-slider-no wpr-equal-height-no\" data-id=\"3bee167\" data-element_type=\"section\" data-e-type=\"section\">\n\t\t\t\t\t\t<div class=\"elementor-container elementor-column-gap-default\">\n\t\t\t\t\t<div class=\"elementor-column elementor-col-100 elementor-top-column elementor-element elementor-element-42f9ca3\" data-id=\"42f9ca3\" data-element_type=\"column\" data-e-type=\"column\">\n\t\t\t<div class=\"elementor-widget-wrap elementor-element-populated\">\n\t\t\t\t\t\t<section class=\"elementor-section elementor-inner-section elementor-element elementor-element-876f2b9 elementor-section-boxed elementor-section-height-default elementor-section-height-default wpr-particle-no wpr-jarallax-no wpr-parallax-no wpr-sticky-section-no wpr-column-slider-no wpr-equal-height-no\" data-id=\"876f2b9\" data-element_type=\"section\" data-e-type=\"section\">\n\t\t\t\t\t\t<div class=\"elementor-container elementor-column-gap-default\">\n\t\t\t\t\t<div class=\"elementor-column elementor-col-100 elementor-inner-column elementor-element elementor-element-dbf56d8\" data-id=\"dbf56d8\" data-element_type=\"column\" data-e-type=\"column\">\n\t\t\t<div class=\"elementor-widget-wrap elementor-element-populated\">\n\t\t\t\t\t\t<div class=\"elementor-element elementor-element-f8ca20d elementor-widget elementor-widget-heading\" data-id=\"f8ca20d\" data-element_type=\"widget\" data-e-type=\"widget\" data-widget_type=\"heading.default\">\n\t\t\t\t<div class=\"elementor-widget-container\">\n\t\t\t\t\t<h2 class=\"elementor-heading-title elementor-size-default\">Certifikat f\u00f6r svetsare<\/h2>\t\t\t\t<\/div>\n\t\t\t\t<\/div>\n\t\t\t\t\t<\/div>\n\t\t<\/div>\n\t\t\t\t\t<\/div>\n\t\t<\/section>\n\t\t\t\t<section class=\"elementor-section elementor-inner-section elementor-element elementor-element-376f007 elementor-section-boxed elementor-section-height-default elementor-section-height-default wpr-particle-no wpr-jarallax-no wpr-parallax-no wpr-sticky-section-no wpr-column-slider-no wpr-equal-height-no\" data-id=\"376f007\" data-element_type=\"section\" data-e-type=\"section\">\n\t\t\t\t\t\t<div class=\"elementor-container elementor-column-gap-default\">\n\t\t\t\t\t<div class=\"elementor-column elementor-col-100 elementor-inner-column elementor-element elementor-element-1c29c5b\" data-id=\"1c29c5b\" data-element_type=\"column\" data-e-type=\"column\">\n\t\t\t<div class=\"elementor-widget-wrap elementor-element-populated\">\n\t\t\t\t\t\t<div class=\"elementor-element elementor-element-6c020a2 elementor-widget elementor-widget-text-editor\" data-id=\"6c020a2\" data-element_type=\"widget\" data-e-type=\"widget\" data-widget_type=\"text-editor.default\">\n\t\t\t\t<div class=\"elementor-widget-container\">\n\t\t\t\t\t\t\t\t\t<p>Welding Consulting genomf\u00f6r examinationer f\u00f6r svetsare enligt\u00a0<strong>ISO 9606-standarder<\/strong>.<br \/>Vid unders\u00f6kning av en svetsare ligger fokus p\u00e5 svetsarens f\u00f6rm\u00e5ga att manuellt hantera elektroden, svetspistolen eller svetsbr\u00e4nnaren p\u00e5 ett s\u00e5dant s\u00e4tt att en svets av godtagbar kvalitet erh\u00e5lls. Svetsprocesser enligt denna del av ISO 9606 omfattar endast de svetsprocesser som anses vara manuella eller delvis mekaniserade svetsprocesser. De omfattar d\u00e4rf\u00f6r inte helt mekaniserade och automatiska svetsprocesser.<\/p><p>Kvalificerad\u00a0<strong>svetsare<\/strong>\u00a0\u00e4r en mycket eftertraktad yrkesgrupp i m\u00e5nga f\u00f6retag inom ett brett spektrum av branscher. Alla som arbetar med svetsning b\u00f6r dock f\u00e5 en formell bekr\u00e4ftelse p\u00e5 sina kunskaper och f\u00e4rdigheter f\u00f6r att f\u00e5 ut\u00f6va yrket. Metoden f\u00f6r att erh\u00e5lla en s\u00e5dan formell certifiering \u00e4r att erh\u00e5lla en\u00a0<strong>certifikat<\/strong>\u00a0avsedd\u00a0<strong>f\u00f6r svetsare<\/strong>Welding Consultings tj\u00e4nster omfattar svetsunders\u00f6kningar i enlighet med ISO 9606. Welding Consultings tj\u00e4nster omfattar i sin tur examination av svetsexperter enligt ISO 9606-standarderna.<\/p><h2>Certifikat f\u00f6r svetsare f\u00f6r att bekr\u00e4fta deras kvalifikationer<\/h2><p>Vi erbjuder professionella unders\u00f6kningar som ett n\u00f6dv\u00e4ndigt steg f\u00f6r att erh\u00e5lla\u00a0<strong>certifikat f\u00f6r svetsare<\/strong>. F\u00e4rdighetstestning sker genom att utf\u00f6ra provfogar, som sedan kontrolleras f\u00f6r korrekt f\u00f6rberedelse. Examinationen omfattar \u00e4ven arbete utifr\u00e5n erh\u00e5llna instruktioner. Hela processen g\u00e4ller dock endast f\u00f6r icke-mekaniserad verksamhet.\u00a0<strong>Certifiering av svetsare<\/strong>\u00a0bekr\u00e4ftar yrkesmannens kvalifikationer och \u00e4r av stor betydelse f\u00f6r korrekt utf\u00f6rande av svetsar och d\u00e4rmed h\u00e5llfastheten hos svetsade konstruktioner.<\/p><h2>ISO 9606-certifiering av svetsare<\/h2><p>Svetsarbete kan utf\u00f6ras i m\u00e5nga olika former och p\u00e5 m\u00e5nga olika industrianl\u00e4ggningar, s\u00e5\u00a0<strong>certifiering f\u00f6r svetsare<\/strong>\u00a0b\u00f6r bekr\u00e4fta sin beh\u00f6righet att hantera specifika material. P\u00e5 Welding Consulting erbjuder vi unders\u00f6kningar i enlighet med de accepterade ISO 9606-standarderna. Detta inneb\u00e4r att\u00a0<strong>certifiering av svetsare<\/strong>\u00a0i v\u00e5rt f\u00f6retag omfattar testning av f\u00e4rdigheter i att arbeta med st\u00e5l, aluminium, koppar, nickel, titan, zirkonium samt legeringar av dessa metaller.<\/p><h2>Professionell certifiering av svetsare hos Welding Consulting<\/h2><p>Welding Consulting \u00e4r ett f\u00f6retag som \u00e4r specialiserat p\u00e5 ett brett utbud av svetstj\u00e4nster, varav en \u00e4r\u00a0<strong>certifiering av svetsare<\/strong>vilket \u00e4r ett n\u00f6dv\u00e4ndigt steg f\u00f6r att erh\u00e5lla de tillst\u00e5nd som kr\u00e4vs. Vi f\u00f6ljer alla till\u00e4mpliga standarder och best\u00e4mmelser, och v\u00e5r omfattande erfarenhet g\u00f6r att v\u00e5rt erbjudande k\u00e4nnetecknas av den h\u00f6gsta niv\u00e5n av professionalism. Vi inbjuder dig att dra nytta av v\u00e5rt unders\u00f6kningserbjudande f\u00f6r\u00a0<strong>certifiering f\u00f6r svetsare<\/strong>.<\/p>\t\t\t\t\t\t\t\t<\/div>\n\t\t\t\t<\/div>\n\t\t\t\t\t<\/div>\n\t\t<\/div>\n\t\t\t\t\t<\/div>\n\t\t<\/section>\n\t\t\t\t\t<\/div>\n\t\t<\/div>\n\t\t\t\t\t<\/div>\n\t\t<\/section>\n\t\t\t\t<\/div>","protected":false},"excerpt":{"rendered":"<p>Certyfikaty dla spawaczy Firma Welding Consulting przeprowadza egzaminy dla spawaczy wed\u0142ug\u00a0norm ISO 9606. Podczas egzaminowania spawacza, punktem ci\u0119\u017cko\u015bci jest zdolno\u015b\u0107 spawacza do\u00a0takiego r\u0119cznego manipulowania elektrod\u0105, uchwytem spawalniczym lub\u00a0palnikiem spawalniczym, aby wykona\u0107 spoin\u0119 o\u00a0akceptowanej jako\u015bci. Procesy spawania wed\u0142ug niniejszej cz\u0119\u015bci ISO 9606 obejmuj\u0105 tylko\u00a0takie procesy spawania, kt\u00f3re uznane s\u0105 za\u00a0procesy r\u0119cznego lub\u00a0cz\u0119\u015bciowo zmechanizowanego spawania. Nie\u00a0obejmuj\u0105 zatem\u00a0proces\u00f3w spawania w\u00a0pe\u0142ni zmechanizowanego i\u00a0automatycznego. Wykwalifikowany\u00a0spawacz\u00a0to\u00a0niezmiennie bardzo po\u017c\u0105dany fachowiec w\u00a0wielu firmach dzia\u0142aj\u0105cych w\u00a0obr\u0119bie r\u00f3\u017cnorodnych bran\u017c. Ka\u017cdy specjalista zajmuj\u0105cy\u00a0si\u0119\u00a0spawaniem powinien jednak uzyska\u0107 formalne potwierdzenie swojej wiedzy oraz\u00a0umiej\u0119tno\u015bci, aby\u00a0by\u0107\u00a0uprawnionym do\u00a0wykonywania zawodu. Metod\u0105 uzyskiwania takich oficjalnych uprawnie\u0144 jest otrzymanie\u00a0certyfikatu\u00a0przeznaczonego\u00a0dla spawaczy, zdobytego po\u00a0wcze\u015bniejszym zaliczeniu egzaminu z\u00a0zakresu spawalnictwa. Us\u0142ugi firmy Welding Consulting obejmuj\u0105 za\u015b\u00a0egzaminowanie os\u00f3b zajmuj\u0105cych\u00a0si\u0119\u00a0spawaniem zgodnie z\u00a0normami ISO\u00a09606. Certyfikaty dla\u00a0spawaczy potwierdzaj\u0105ce ich\u00a0kwalifikacje Zajmujemy\u00a0si\u0119\u00a0przeprowadzaniem profesjonalnych egzamin\u00f3w b\u0119d\u0105cych niezb\u0119dnym krokiem do\u00a0uzyskania\u00a0certyfikatu dla\u00a0spawaczy. Sprawdzanie umiej\u0119tno\u015bci ma\u00a0posta\u0107 wykonywania z\u0142\u0105cz pr\u00f3bnych, kt\u00f3re nast\u0119pnie s\u0105\u00a0kontrolowane pod\u00a0k\u0105tem prawid\u0142owo\u015bci przygotowania. Egzaminowanie obejmuje r\u00f3wnie\u017c prace na\u00a0podstawie otrzymanych instrukcji. Ca\u0142o\u015b\u0107 dotyczy jednak wy\u0142\u0105cznie czynno\u015bci niezmechanizowanych.\u00a0Certyfikacja spawaczy\u00a0potwierdza kwalifikacje fachowca i\u00a0ma\u00a0ogromne znaczenie dla\u00a0odpowiedniego wykonywania spoin, a\u00a0tym\u00a0samym wytrzyma\u0142o\u015bci spawanych konstrukcji. Certyfikacja spawaczy wed\u0142ug norm ISO\u00a09606 Prace spawalnicze mog\u0105 mie\u0107 r\u00f3\u017cn\u0105 posta\u0107 i\u00a0odbywa\u0107\u00a0si\u0119\u00a0w\u00a0rozmaitych zak\u0142adach przemys\u0142owych, dlatego\u00a0certyfikaty dla\u00a0spawaczy\u00a0powinny potwierdza\u0107 ich\u00a0kwalifikacje do\u00a0zajmowania\u00a0si\u0119\u00a0okre\u015blonymi materia\u0142ami. W\u00a0Welding Consulting oferujemy egzaminy zgodne z\u00a0przyj\u0119tymi normami ISO\u00a09606. Oznacza to, \u017ce\u00a0certyfikacja spawaczy\u00a0w\u00a0naszej firmie obejmuje sprawdzenie umiej\u0119tno\u015bci w\u00a0zakresie pracy ze\u00a0stal\u0105, aluminium, miedzi\u0105, niklem, tytanem, cyrkonem, a\u00a0tak\u017ce stopami tych metali. Profesjonalna certyfikacja spawaczy w\u00a0firmie Welding Consulting Welding Consulting to\u00a0firma specjalizuj\u0105ca\u00a0si\u0119\u00a0w\u00a0us\u0142ugach z\u00a0zakresu szeroko poj\u0119tego spawalnictwa, a\u00a0jedn\u0105 z\u00a0nich jest\u00a0certyfikacja spawaczy, kt\u00f3ra stanowi niezb\u0119dny krok do\u00a0uzyskania wymaganych uprawnie\u0144. Przestrzegamy wszystkich obowi\u0105zuj\u0105cych norm i\u00a0regulacji, za\u015b\u00a0bogate do\u015bwiadczenie sprawia, \u017ce\u00a0nasza oferta wyr\u00f3\u017cnia\u00a0si\u0119\u00a0najwy\u017cszym poziomem profesjonalizmu. Zapraszamy do\u00a0skorzystania z\u00a0propozycji egzamin\u00f3w na\u00a0certyfikaty dla\u00a0spawaczy.<\/p>","protected":false},"author":1,"featured_media":0,"parent":0,"menu_order":0,"comment_status":"closed","ping_status":"closed","template":"elementor_header_footer","meta":{"site-sidebar-layout":"default","site-content-layout":"","ast-site-content-layout":"default","site-content-style":"default","site-sidebar-style":"default","ast-global-header-display":"","ast-banner-title-visibility":"","ast-main-header-display":"","ast-hfb-above-header-display":"","ast-hfb-below-header-display":"","ast-hfb-mobile-header-display":"","site-post-title":"","ast-breadcrumbs-content":"","ast-featured-img":"","footer-sml-layout":"","ast-disable-related-posts":"","theme-transparent-header-meta":"default","adv-header-id-meta":"","stick-header-meta":"","header-above-stick-meta":"","header-main-stick-meta":"","header-below-stick-meta":"","astra-migrate-meta-layouts":"set","ast-page-background-enabled":"default","ast-page-background-meta":{"desktop":{"background-color":"var(--ast-global-color-4)","background-image":"","background-repeat":"repeat","background-position":"center center","background-size":"auto","background-attachment":"scroll","background-type":"","background-media":"","overlay-type":"","overlay-color":"","overlay-opacity":"","overlay-gradient":""},"tablet":{"background-color":"","background-image":"","background-repeat":"repeat","background-position":"center center","background-size":"auto","background-attachment":"scroll","background-type":"","background-media":"","overlay-type":"","overlay-color":"","overlay-opacity":"","overlay-gradient":""},"mobile":{"background-color":"","background-image":"","background-repeat":"repeat","background-position":"center center","background-size":"auto","background-attachment":"scroll","background-type":"","background-media":"","overlay-type":"","overlay-color":"","overlay-opacity":"","overlay-gradient":""}},"ast-content-background-meta":{"desktop":{"background-color":"var(--ast-global-color-5)","background-image":"","background-repeat":"repeat","background-position":"center center","background-size":"auto","background-attachment":"scroll","background-type":"","background-media":"","overlay-type":"","overlay-color":"","overlay-opacity":"","overlay-gradient":""},"tablet":{"background-color":"var(--ast-global-color-5)","background-image":"","background-repeat":"repeat","background-position":"center center","background-size":"auto","background-attachment":"scroll","background-type":"","background-media":"","overlay-type":"","overlay-color":"","overlay-opacity":"","overlay-gradient":""},"mobile":{"background-color":"var(--ast-global-color-5)","background-image":"","background-repeat":"repeat","background-position":"center center","background-size":"auto","background-attachment":"scroll","background-type":"","background-media":"","overlay-type":"","overlay-color":"","overlay-opacity":"","overlay-gradient":""}},"footnotes":""},"class_list":["post-1039","page","type-page","status-publish","hentry"],"rttpg_featured_image_url":null,"rttpg_author":{"display_name":"admin-JYZ7TiXE","author_link":"https:\/\/weldingconsulting.pl\/sv\/author\/admin-jyz7tixe\/"},"rttpg_comment":0,"rttpg_category":null,"rttpg_excerpt":"Certyfikaty dla spawaczy Firma Welding Consulting przeprowadza egzaminy dla spawaczy wed\u0142ug\u00a0norm ISO 9606. Podczas egzaminowania spawacza, punktem ci\u0119\u017cko\u015bci jest zdolno\u015b\u0107 spawacza do\u00a0takiego r\u0119cznego manipulowania elektrod\u0105, uchwytem spawalniczym lub\u00a0palnikiem spawalniczym, aby wykona\u0107 spoin\u0119 o\u00a0akceptowanej jako\u015bci. Procesy spawania wed\u0142ug niniejszej cz\u0119\u015bci ISO 9606 obejmuj\u0105 tylko\u00a0takie procesy spawania, kt\u00f3re uznane s\u0105 za\u00a0procesy r\u0119cznego lub\u00a0cz\u0119\u015bciowo zmechanizowanego spawania. Nie\u00a0obejmuj\u0105 zatem\u00a0proces\u00f3w&hellip;","_links":{"self":[{"href":"https:\/\/weldingconsulting.pl\/sv\/wp-json\/wp\/v2\/pages\/1039","targetHints":{"allow":["GET"]}}],"collection":[{"href":"https:\/\/weldingconsulting.pl\/sv\/wp-json\/wp\/v2\/pages"}],"about":[{"href":"https:\/\/weldingconsulting.pl\/sv\/wp-json\/wp\/v2\/types\/page"}],"author":[{"embeddable":true,"href":"https:\/\/weldingconsulting.pl\/sv\/wp-json\/wp\/v2\/users\/1"}],"replies":[{"embeddable":true,"href":"https:\/\/weldingconsulting.pl\/sv\/wp-json\/wp\/v2\/comments?post=1039"}],"version-history":[{"count":15,"href":"https:\/\/weldingconsulting.pl\/sv\/wp-json\/wp\/v2\/pages\/1039\/revisions"}],"predecessor-version":[{"id":2467,"href":"https:\/\/weldingconsulting.pl\/sv\/wp-json\/wp\/v2\/pages\/1039\/revisions\/2467"}],"wp:attachment":[{"href":"https:\/\/weldingconsulting.pl\/sv\/wp-json\/wp\/v2\/media?parent=1039"}],"curies":[{"name":"wp","href":"https:\/\/api.w.org\/{rel}","templated":true}]}}