{"id":1027,"date":"2023-09-20T20:14:24","date_gmt":"2023-09-20T18:14:24","guid":{"rendered":"https:\/\/weldingconsulting.pl\/?page_id=1027"},"modified":"2023-12-20T16:11:37","modified_gmt":"2023-12-20T15:11:37","slug":"svetsingenjor-2","status":"publish","type":"page","link":"https:\/\/weldingconsulting.pl\/sv\/svetsingenjor-2\/","title":{"rendered":"Extern svetsingenj\u00f6r"},"content":{"rendered":"<div data-elementor-type=\"wp-page\" data-elementor-id=\"1027\" class=\"elementor elementor-1027\" data-elementor-post-type=\"page\">\n\t\t\t\t\t\t<section class=\"elementor-section elementor-top-section elementor-element elementor-element-c395eda elementor-section-boxed elementor-section-height-default elementor-section-height-default wpr-particle-no wpr-jarallax-no wpr-parallax-no wpr-sticky-section-no wpr-column-slider-no wpr-equal-height-no\" data-id=\"c395eda\" data-element_type=\"section\" data-e-type=\"section\">\n\t\t\t\t\t\t<div class=\"elementor-container elementor-column-gap-default\">\n\t\t\t\t\t<div class=\"elementor-column elementor-col-100 elementor-top-column elementor-element elementor-element-3c664c0\" data-id=\"3c664c0\" data-element_type=\"column\" data-e-type=\"column\">\n\t\t\t<div class=\"elementor-widget-wrap elementor-element-populated\">\n\t\t\t\t\t\t<div class=\"elementor-element elementor-element-b1e7c2c elementor-widget elementor-widget-heading\" data-id=\"b1e7c2c\" data-element_type=\"widget\" data-e-type=\"widget\" data-widget_type=\"heading.default\">\n\t\t\t\t<div class=\"elementor-widget-container\">\n\t\t\t\t\t<h1 class=\"elementor-heading-title elementor-size-default\">Svetsingenj\u00f6r<\/h1>\t\t\t\t<\/div>\n\t\t\t\t<\/div>\n\t\t\t\t<section class=\"elementor-section elementor-inner-section elementor-element elementor-element-da29a22 elementor-section-boxed elementor-section-height-default elementor-section-height-default wpr-particle-no wpr-jarallax-no wpr-parallax-no wpr-sticky-section-no wpr-column-slider-no wpr-equal-height-no\" data-id=\"da29a22\" data-element_type=\"section\" data-e-type=\"section\">\n\t\t\t\t\t\t<div class=\"elementor-container elementor-column-gap-default\">\n\t\t\t\t\t<div class=\"elementor-column elementor-col-50 elementor-inner-column elementor-element elementor-element-e5d09b2\" data-id=\"e5d09b2\" data-element_type=\"column\" data-e-type=\"column\">\n\t\t\t<div class=\"elementor-widget-wrap elementor-element-populated\">\n\t\t\t\t\t\t<div class=\"elementor-element elementor-element-e81ad32 elementor-widget elementor-widget-text-editor\" data-id=\"e81ad32\" data-element_type=\"widget\" data-e-type=\"widget\" data-widget_type=\"text-editor.default\">\n\t\t\t\t<div class=\"elementor-widget-container\">\n\t\t\t\t\t\t\t\t\t<p>Vid certifiering av en anl\u00e4ggning enligt ISO 3834 m\u00e5ste f\u00f6retaget ha personal med l\u00e4mpliga kvalifikationer. En IWE-certifierad svetsingenj\u00f6r blir en n\u00f6dv\u00e4ndighet och hans eller hennes dagliga n\u00e4rvaro \u00e4r inte n\u00f6dv\u00e4ndig. Vi f\u00f6resl\u00e5r att du utnyttjar det utbud av tj\u00e4nster som Welding Consulting erbjuder.<\/p><ul><li>Utvecklar svetstekniker, f\u00f6rfaranden och till\u00e4mpningen av svetsutrustning f\u00f6r metalltillverkningsproblem med hj\u00e4lp av kunskap om produktionsspecifikationer, metall- och metallegeringsegenskaper och tekniska principer: Utf\u00f6r forsknings- och utvecklingsstudier f\u00f6r att utveckla och testa nya processer och f\u00f6rfaranden, f\u00f6rb\u00e4ttrar befintlig eller testar ny svetsutrustning, utvecklar nya eller \u00e4ndrar nuvarande svetsmetoder, tekniker och f\u00f6rfaranden, uppt\u00e4cker nya m\u00f6nster av svetsfenomen.<\/li><li>Utv\u00e4rderar de tekniska rapporter som f\u00f6ljer av testresultaten och vidtar f\u00f6rebyggande \u00e5tg\u00e4rder vid bristande \u00f6verensst\u00e4mmelse.<\/li><li>Utvecklar svetsprocedurer f\u00f6r att v\u00e4gleda produktions- och svetspersonal med avseende p\u00e5 specifikationsbegr\u00e4nsningar, materialprocesser, v\u00e4rmebehandlingskrav som inkluderar anv\u00e4ndning av komplexa legeringar, ovanliga tillverkningsmetoder, svetsning av kritiska fogar och komplexa krav.<\/li><li>Utv\u00e4rderar ny utveckling inom svetsning f\u00f6r m\u00f6jlig till\u00e4mpning f\u00f6r att l\u00f6sa aktuella svetsproblem eller produktionsprocesser.<\/li><li>Leder och samordnar teknisk personal under inspektioner f\u00f6r att s\u00e4kerst\u00e4lla att de anst\u00e4llda k\u00e4nner till etablerade svetsf\u00f6rfaranden, restriktioner och standarder.<\/li><li>Kontaktar personal fr\u00e5n andra f\u00f6retag, ingenj\u00f6rer eller kunder f\u00f6r att utbyta id\u00e9er och teknisk information om svetsfr\u00e5gor.<\/li><\/ul>\t\t\t\t\t\t\t\t<\/div>\n\t\t\t\t<\/div>\n\t\t\t\t\t<\/div>\n\t\t<\/div>\n\t\t\t\t<div class=\"elementor-column elementor-col-50 elementor-inner-column elementor-element elementor-element-c1c1d6a\" data-id=\"c1c1d6a\" data-element_type=\"column\" data-e-type=\"column\">\n\t\t\t<div class=\"elementor-widget-wrap elementor-element-populated\">\n\t\t\t\t\t\t<div class=\"elementor-element elementor-element-fcacd14 elementor-widget elementor-widget-image\" data-id=\"fcacd14\" data-element_type=\"widget\" data-e-type=\"widget\" data-widget_type=\"image.default\">\n\t\t\t\t<div class=\"elementor-widget-container\">\n\t\t\t\t\t\t\t\t\t\t\t\t\t\t\t<img fetchpriority=\"high\" decoding=\"async\" width=\"768\" height=\"576\" src=\"https:\/\/weldingconsulting.pl\/wp-content\/uploads\/2023\/09\/4.webp\" class=\"attachment-large size-large wp-image-1383\" alt=\"\" srcset=\"https:\/\/weldingconsulting.pl\/wp-content\/uploads\/2023\/09\/4.webp 768w, https:\/\/weldingconsulting.pl\/wp-content\/uploads\/2023\/09\/4-300x225.webp 300w\" sizes=\"(max-width: 768px) 100vw, 768px\" title=\"\">\t\t\t\t\t\t\t\t\t\t\t\t\t\t\t<\/div>\n\t\t\t\t<\/div>\n\t\t\t\t\t<\/div>\n\t\t<\/div>\n\t\t\t\t\t<\/div>\n\t\t<\/section>\n\t\t\t\t\t<\/div>\n\t\t<\/div>\n\t\t\t\t\t<\/div>\n\t\t<\/section>\n\t\t\t\t<\/div>","protected":false},"excerpt":{"rendered":"<p>In\u017cynier Spawalnictwa Certyfikuj\u0105c zak\u0142ad wed\u0142ug normy ISO 3834 firma musi posiada\u0107 odpowiednio kwalifikowany personel. In\u017cynier spawalnictwa z\u00a0certyfikatem IWE staje\u00a0si\u0119 niezb\u0119dn\u0105 konieczno\u015bci\u0105 a\u00a0jego\u00a0codzienna obecno\u015b\u0107 nie\u00a0jest wymagana. Proponujemy aby\u015bcie skorzystali pa\u0144stwo z\u00a0zakresu us\u0142ug proponowanych przez Welding Consulting. Opracowuje techniki spawalnicze, procedury i\u00a0zastosowanie sprz\u0119tu spawalniczego do\u00a0problem\u00f3w zwi\u0105zanych z\u00a0wytwarzaniem metali, wykorzystuj\u0105c wiedz\u0119 na\u00a0temat specyfikacji produkcyjnych, w\u0142a\u015bciwo\u015bci metali i\u00a0stop\u00f3w metali oraz\u00a0zasad in\u017cynieryjnych: Prowadzi badania i\u00a0badania rozwojowe w\u00a0celu opracowania i\u00a0przetestowania nowych procesow i\u00a0procedur, ulepsza istniej\u0105ce lub\u00a0sprawdza nowy sprz\u0119t spawalniczy, opracuje nowe lub\u00a0modyfikuje obecne metody, techniki i\u00a0procedury spawalnicze, odkrywa nowe wzory zjawisk spawalniczych. Ocenia raporty techniczne b\u0119d\u0105ce rezultatem wyniku bada\u0144, przeprowadza dzia\u0142ania zapobiegawcze w\u00a0przypadku pojawienia\u00a0si\u0119 niezgodno\u015bci. Rozwija procedury spawania w\u00a0celu kierowania personelem produkcyjnym i\u00a0spawalniczym w\u00a0odniesieniu do\u00a0ogranicze\u0144 specyfikacji, proces\u00f3w materia\u0142owych, wymaga\u0144 obr\u00f3bki cieplnej, kt\u00f3re obejmuj\u0105 stosowanie z\u0142o\u017conych stop\u00f3w, nietypowych metod wytwarzania, spawania krytycznych po\u0142\u0105cze\u0144 i\u00a0z\u0142o\u017conych wymaga\u0144. Ocenia nowe osi\u0105gni\u0119cia w\u00a0dziedzinie spawania pod\u00a0k\u0105tem mo\u017cliwego zastosowania do\u00a0rozwi\u0105zania bie\u017c\u0105cych problem\u00f3w spawalniczych lub\u00a0proces\u00f3w produkcyjnych. Kieruje i\u00a0koordynuje personel techniczny podczas przeprowadzania kontroli w\u00a0celu zapewnienia znajmo\u015bci pracownik\u00f3w z\u00a0ustalonymi procedurami, ograniczeniami i\u00a0standardami spawalniczymi. Kontaktuje\u00a0si\u0119 z\u00a0personelem innych przedsi\u0119biorstw, personelem in\u017cynieryjnym lub\u00a0klientami w\u00a0celu wymiany pomys\u0142\u00f3w, informacji technicznej w\u00a0sprawach spawalniczych.<\/p>","protected":false},"author":1,"featured_media":0,"parent":0,"menu_order":0,"comment_status":"closed","ping_status":"closed","template":"elementor_header_footer","meta":{"site-sidebar-layout":"default","site-content-layout":"","ast-site-content-layout":"default","site-content-style":"default","site-sidebar-style":"default","ast-global-header-display":"","ast-banner-title-visibility":"","ast-main-header-display":"","ast-hfb-above-header-display":"","ast-hfb-below-header-display":"","ast-hfb-mobile-header-display":"","site-post-title":"","ast-breadcrumbs-content":"","ast-featured-img":"","footer-sml-layout":"","ast-disable-related-posts":"","theme-transparent-header-meta":"default","adv-header-id-meta":"","stick-header-meta":"","header-above-stick-meta":"","header-main-stick-meta":"","header-below-stick-meta":"","astra-migrate-meta-layouts":"set","ast-page-background-enabled":"default","ast-page-background-meta":{"desktop":{"background-color":"var(--ast-global-color-4)","background-image":"","background-repeat":"repeat","background-position":"center center","background-size":"auto","background-attachment":"scroll","background-type":"","background-media":"","overlay-type":"","overlay-color":"","overlay-opacity":"","overlay-gradient":""},"tablet":{"background-color":"","background-image":"","background-repeat":"repeat","background-position":"center center","background-size":"auto","background-attachment":"scroll","background-type":"","background-media":"","overlay-type":"","overlay-color":"","overlay-opacity":"","overlay-gradient":""},"mobile":{"background-color":"","background-image":"","background-repeat":"repeat","background-position":"center center","background-size":"auto","background-attachment":"scroll","background-type":"","background-media":"","overlay-type":"","overlay-color":"","overlay-opacity":"","overlay-gradient":""}},"ast-content-background-meta":{"desktop":{"background-color":"var(--ast-global-color-5)","background-image":"","background-repeat":"repeat","background-position":"center center","background-size":"auto","background-attachment":"scroll","background-type":"","background-media":"","overlay-type":"","overlay-color":"","overlay-opacity":"","overlay-gradient":""},"tablet":{"background-color":"var(--ast-global-color-5)","background-image":"","background-repeat":"repeat","background-position":"center center","background-size":"auto","background-attachment":"scroll","background-type":"","background-media":"","overlay-type":"","overlay-color":"","overlay-opacity":"","overlay-gradient":""},"mobile":{"background-color":"var(--ast-global-color-5)","background-image":"","background-repeat":"repeat","background-position":"center center","background-size":"auto","background-attachment":"scroll","background-type":"","background-media":"","overlay-type":"","overlay-color":"","overlay-opacity":"","overlay-gradient":""}},"footnotes":""},"class_list":["post-1027","page","type-page","status-publish","hentry"],"rttpg_featured_image_url":null,"rttpg_author":{"display_name":"admin-JYZ7TiXE","author_link":"https:\/\/weldingconsulting.pl\/sv\/author\/admin-jyz7tixe\/"},"rttpg_comment":0,"rttpg_category":null,"rttpg_excerpt":"In\u017cynier Spawalnictwa Certyfikuj\u0105c zak\u0142ad wed\u0142ug normy ISO 3834 firma musi posiada\u0107 odpowiednio kwalifikowany personel. In\u017cynier spawalnictwa z\u00a0certyfikatem IWE staje\u00a0si\u0119 niezb\u0119dn\u0105 konieczno\u015bci\u0105 a\u00a0jego\u00a0codzienna obecno\u015b\u0107 nie\u00a0jest wymagana. Proponujemy aby\u015bcie skorzystali pa\u0144stwo z\u00a0zakresu us\u0142ug proponowanych przez Welding Consulting. Opracowuje techniki spawalnicze, procedury i\u00a0zastosowanie sprz\u0119tu spawalniczego do\u00a0problem\u00f3w zwi\u0105zanych z\u00a0wytwarzaniem metali, wykorzystuj\u0105c wiedz\u0119 na\u00a0temat specyfikacji produkcyjnych, w\u0142a\u015bciwo\u015bci metali i\u00a0stop\u00f3w metali&hellip;","_links":{"self":[{"href":"https:\/\/weldingconsulting.pl\/sv\/wp-json\/wp\/v2\/pages\/1027","targetHints":{"allow":["GET"]}}],"collection":[{"href":"https:\/\/weldingconsulting.pl\/sv\/wp-json\/wp\/v2\/pages"}],"about":[{"href":"https:\/\/weldingconsulting.pl\/sv\/wp-json\/wp\/v2\/types\/page"}],"author":[{"embeddable":true,"href":"https:\/\/weldingconsulting.pl\/sv\/wp-json\/wp\/v2\/users\/1"}],"replies":[{"embeddable":true,"href":"https:\/\/weldingconsulting.pl\/sv\/wp-json\/wp\/v2\/comments?post=1027"}],"version-history":[{"count":13,"href":"https:\/\/weldingconsulting.pl\/sv\/wp-json\/wp\/v2\/pages\/1027\/revisions"}],"predecessor-version":[{"id":2491,"href":"https:\/\/weldingconsulting.pl\/sv\/wp-json\/wp\/v2\/pages\/1027\/revisions\/2491"}],"wp:attachment":[{"href":"https:\/\/weldingconsulting.pl\/sv\/wp-json\/wp\/v2\/media?parent=1027"}],"curies":[{"name":"wp","href":"https:\/\/api.w.org\/{rel}","templated":true}]}}