{"id":2199,"date":"2023-11-20T21:41:05","date_gmt":"2023-11-20T20:41:05","guid":{"rendered":"https:\/\/weldingconsulting.pl\/?page_id=2199"},"modified":"2023-12-19T10:24:52","modified_gmt":"2023-12-19T09:24:52","slug":"retouren-en-retourbeleid","status":"publish","type":"page","link":"https:\/\/weldingconsulting.pl\/nl\/retouren-en-retourbeleid\/","title":{"rendered":"Retourzendingen en retourbeleid"},"content":{"rendered":"<div data-elementor-type=\"wp-page\" data-elementor-id=\"2199\" class=\"elementor elementor-2199\" data-elementor-post-type=\"page\">\n\t\t\t\t\t\t<section class=\"elementor-section elementor-top-section elementor-element elementor-element-98b7f3f elementor-section-boxed elementor-section-height-default elementor-section-height-default wpr-particle-no wpr-jarallax-no wpr-parallax-no wpr-sticky-section-no wpr-equal-height-no\" data-id=\"98b7f3f\" data-element_type=\"section\" data-e-type=\"section\">\n\t\t\t\t\t\t<div class=\"elementor-container elementor-column-gap-default\">\n\t\t\t\t\t<div class=\"elementor-column elementor-col-100 elementor-top-column elementor-element elementor-element-ba300f7\" data-id=\"ba300f7\" data-element_type=\"column\" data-e-type=\"column\">\n\t\t\t<div class=\"elementor-widget-wrap elementor-element-populated\">\n\t\t\t\t\t\t<div class=\"elementor-element elementor-element-bf50a4f elementor-widget elementor-widget-heading\" data-id=\"bf50a4f\" data-element_type=\"widget\" data-e-type=\"widget\" data-widget_type=\"heading.default\">\n\t\t\t\t<div class=\"elementor-widget-container\">\n\t\t\t\t\t<h2 class=\"elementor-heading-title elementor-size-default\">Retourzendingen en retourbeleid<\/h2>\t\t\t\t<\/div>\n\t\t\t\t<\/div>\n\t\t\t\t<div class=\"elementor-element elementor-element-91d149a elementor-widget elementor-widget-text-editor\" data-id=\"91d149a\" data-element_type=\"widget\" data-e-type=\"widget\" data-widget_type=\"text-editor.default\">\n\t\t\t\t<div class=\"elementor-widget-container\">\n\t\t\t\t\t\t\t\t\t<p>Bedankt voor uw aankoop bij Welding Consulting.<\/p>\n<p><\/p>\n<p>Als u om welke reden dan ook niet helemaal tevreden bent met uw aankoop, lees dan ons terugbetalingsbeleid.<\/p>\n<p><\/p>\n<p>Op alle bij ons gekochte producten zijn de volgende voorwaarden van toepassing.<\/p>\n<h2>Interpretatie en definities<\/h2>\n<h3>Interpretatie<\/h3>\n<p>Woorden waarvan de eerste letter een hoofdletter is, hebben een betekenis die onder de volgende voorwaarden is gedefinieerd. De volgende definities hebben dezelfde betekenis, ongeacht of ze enkelvoud of meervoud zijn.<\/p>\n<h3>Definities<\/h3>\n<p>Voor de doeleinden van dit retour- en restitutiebeleid:<\/p>\n<p><span style=\"background-color: var(--ast-global-color-5);\"><b>Bedrijf<\/b><\/span>&nbsp;(in deze Overeenkomst &quot;het Bedrijf&quot;, &quot;Wij&quot;, &quot;Ons&quot; of &quot;Onze&quot; genoemd) betekent Welding Consulting, ul. Strzeli\u0144ska 23\/3 60-169 Pozna\u0144.<\/p>\n<p><span style=\"background-color: var(--ast-global-color-5);\"><b>Ok\u00e9&nbsp;<\/b><\/span>Bekijk de artikelen die te koop zijn op de website.<\/p>\n<p><span style=\"background-color: var(--ast-global-color-5);\"><b>Bestellingen<\/b><\/span>&nbsp;betekent uw verzoek om goederen bij ons te kopen.<\/p>\n<p><span style=\"background-color: var(--ast-global-color-5);\"><b>Werk<\/b><\/span><strong>&nbsp;<\/strong>verwijst naar de Website.<\/p>\n<p><span style=\"background-color: var(--ast-global-color-5);\"><b>Website<\/b><\/span>&nbsp;verwijst naar Welding Consulting, verkrijgbaar op <a href=\"https:\/\/weldingconsulting.pl\/nl\">https:\/\/weldingconsulting.pl\/<\/a><\/p>\n<p>T<b>j&nbsp;<\/b>Verwijst naar de persoon die toegang heeft tot of gebruik maakt van de Dienst, of het bedrijf of een andere juridische entiteit namens wie een dergelijke persoon toegang heeft tot of gebruik maakt van de Dienst, indien van toepassing.<\/p>\n<h2>Uw rechten om uw bestelling te annuleren<\/h2>\n<p>U heeft het recht uw Bestelling binnen 30 dagen zonder opgave van reden te annuleren.<\/p>\n<p>De deadline voor het annuleren van de Bestelling is 30 dagen vanaf de datum waarop u de Goederen heeft ontvangen of vanaf de datum waarop een derde partij, anders dan de door u aangewezen vervoerder, het geleverde product in bezit heeft genomen.<\/p>\n<p>Om uw herroepingsrecht uit te oefenen, moet u ons via een duidelijke verklaring op de hoogte stellen van uw beslissing. U kunt ons op de hoogte stellen van uw besluit door:<\/p>\n<ul>\n<li>Op telefoonnummer: +48 508 052 072<\/li>\n<\/ul>\n<p>Wij zullen uw geld uiterlijk 14 dagen na de datum van ontvangst van de geretourneerde goederen terugbetalen. We zullen dezelfde betaalmethoden gebruiken als die u heeft gebruikt om uw bestelling te plaatsen en er zijn voor u geen kosten verbonden aan een dergelijke terugbetaling.<\/p>\n<h2>Retourvoorwaarden<\/h2>\n<p>Om ervoor te zorgen dat goederen in aanmerking komen voor retournering, moet u ervoor zorgen dat:<\/p>\n<ul>\n<li>Het artikel is in de afgelopen 30 dagen gekocht<\/li>\n<li>De goederen bevinden zich in de originele verpakking<\/li>\n<\/ul>\n<p>De volgende goederen kunnen niet worden geretourneerd:<\/p>\n<ul>\n<li>De levering van goederen volgens uw specificaties of duidelijk gepersonaliseerd.<\/li>\n<li>Levering van goederen die vanwege hun aard niet geschikt zijn om te worden teruggezonden, die snel bederven of waarvan de houdbaarheidsdatum is verstreken.<\/li>\n<li>Levering van goederen waarvan de verpakking om gezondheidsbeschermings- of hygi\u00ebnische redenen niet geschikt is om te worden teruggezonden en die na levering is geopend.<\/li>\n<li>De levering van goederen die na levering door hun aard onlosmakelijk verbonden raken met andere zaken.<\/li>\n<\/ul>\n<p>Wij behouden ons het recht voor om, naar eigen goeddunken, goederen te weigeren die niet aan de bovenstaande retourvoorwaarden voldoen.<\/p>\n<p>Alleen normaal geprijsde goederen kunnen worden gerestitueerd. Helaas kunnen goederen die in de uitverkoop zijn niet worden geretourneerd. Deze uitsluiting is mogelijk niet op u van toepassing als dit niet is toegestaan door de toepasselijke wetgeving.<\/p>\n<h2>goederen retourneren<\/h2>\n<p>U bent verantwoordelijk voor de kosten en risico&#039;s van het retourneren van de Goederen aan ons. De goederen moeten naar het volgende adres worden verzonden:<\/p>\n<ol>\n<li>Strzeli\u0144ska 23\/3 60-169 Pozna\u0144<\/li>\n<\/ol>\n<p>Wij kunnen niet aansprakelijk zijn voor schade aan of verlies van goederen bij retourzending. Wij raden daarom een verzekerde en traceerbare postdienst aan. We kunnen geen terugbetaling uitvoeren zonder daadwerkelijke ontvangst van de goederen of een bewijs van ontvangst van de retourzending.<\/p>\n<h2>Cadeautjes<\/h2>\n<p>Als de goederen bij aankoop als cadeau zijn gemarkeerd en vervolgens rechtstreeks naar u zijn verzonden, ontvangt u een cadeautegoed ter waarde van de terugbetaling. Zodra wij uw geretourneerde product hebben ontvangen, wordt uw cadeaubon naar u verzonden.<\/p>\n<p>Als de goederen op het moment van aankoop niet als geschenk waren gemarkeerd of als de schenker ervoor heeft gezorgd dat de bestelling wordt verzonden voor latere bezorging, sturen wij een terugbetaling naar de schenker.<\/p>\n<h3>Neem contact met ons op<\/h3>\n<p>Als u vragen heeft over ons retour- en retourbeleid, neem dan contact met ons op:<\/p>\n<ul>\n<li>Op telefoonnummer: +48 508 052 072<\/li>\n<\/ul>\t\t\t\t\t\t\t\t<\/div>\n\t\t\t\t<\/div>\n\t\t\t\t\t<\/div>\n\t\t<\/div>\n\t\t\t\t\t<\/div>\n\t\t<\/section>\n\t\t\t\t<\/div>","protected":false},"excerpt":{"rendered":"<p>Polityka zwrot\u00f3w i zwrot\u00f3w Dzi\u0119kujemy za zakupy w Welding Consulting. Je\u015bli z jakiegokolwiek powodu nie jeste\u015b w pe\u0142ni usatysfakcjonowany zakupem, zapraszamy do zapoznania si\u0119 z nasz\u0105 polityk\u0105 dotycz\u0105c\u0105 zwrot\u00f3w pieni\u0119dzy. Poni\u017csze warunki maj\u0105 zastosowanie do wszystkich produkt\u00f3w zakupionych u nas. Interpretacja i definicje Interpretacja S\u0142owa, kt\u00f3rych pierwsza litera jest pisana wielk\u0105 liter\u0105, maj\u0105 znaczenie okre\u015blone zgodnie z poni\u017cszymi warunkami. Poni\u017csze definicje maj\u0105 to samo znaczenie niezale\u017cnie od tego, czy wyst\u0119puj\u0105 w liczbie pojedynczej czy mnogiej. Definicje Na potrzeby niniejszej Polityki zwrot\u00f3w i refundacji: Firma&nbsp;(zwana w niniejszej Umowie \u201eSp\u00f3\u0142k\u0105\u201d, \u201eMy\u201d, \u201eNas\u201d lub \u201eNasz\u201d) oznacza Welding Consulting, ul. Strzeli\u0144ska 23\/3 60-169 Pozna\u0144. Dobra&nbsp;zapozna\u0107 si\u0119 z przedmiotami wystawionymi na sprzeda\u017c w Serwisie. Zam\u00f3wienia&nbsp;oznaczaj\u0105 Twoj\u0105 pro\u015bb\u0119 o zakup od nas Towar\u00f3w. Praca&nbsp;odnosi si\u0119 do Strony internetowej. Strona internetowa&nbsp;odnosi si\u0119 do Welding Consulting, dost\u0119pnego pod adresem https:\/\/weldingconsulting.pl\/ Ty&nbsp;Oznacza osob\u0119 uzyskuj\u0105c\u0105 dost\u0119p do Us\u0142ugi lub korzystaj\u0105c\u0105 z niej, firm\u0119 lub inny podmiot prawny, w imieniu kt\u00f3rego taka osoba uzyskuje dost\u0119p do Us\u0142ugi lub korzysta z niej, stosownie do przypadku. Twoje prawa do anulowania zam\u00f3wienia Masz prawo anulowa\u0107 swoje Zam\u00f3wienie w ci\u0105gu 30 dni bez podawania przyczyny. Termin do anulowania Zam\u00f3wienia wynosi 30 dni od dnia, w kt\u00f3rym otrzymali Pa\u0144stwo Towar lub od dnia, w kt\u00f3rym wyznaczona przez Pa\u0144stwa osoba trzecia nieb\u0119d\u0105ca przewo\u017anikiem obj\u0119\u0142a dostarczony produkt w posiadanie. Aby skorzysta\u0107 z prawa do odst\u0105pienia od umowy, musisz poinformowa\u0107 nas o swojej decyzji w drodze jasnego o\u015bwiadczenia. Mo\u017cesz poinformowa\u0107 nas o swojej decyzji poprzez: Wed\u0142ug numeru telefonu: +48 508 052 072 Zwr\u00f3cimy Ci pieni\u0105dze nie p\u00f3\u017aniej ni\u017c 14 dni od dnia otrzymania zwracanego Towaru. B\u0119dziemy korzysta\u0107 z takich samych sposob\u00f3w p\u0142atno\u015bci, jakie u\u017cy\u0142e\u015b przy sk\u0142adaniu zam\u00f3wienia, a Ty nie poniesiesz \u017cadnych op\u0142at z tytu\u0142u takiego zwrotu. Warunki zwrot\u00f3w Aby Towar kwalifikowa\u0142 si\u0119 do zwrotu, prosimy upewni\u0107 si\u0119, \u017ce: Towar zosta\u0142 zakupiony w ci\u0105gu ostatnich 30 dni Towar znajduje si\u0119 w oryginalnym opakowaniu Zwrotowi nie podlegaj\u0105 nast\u0119puj\u0105ce Towary: Dostawa Towar\u00f3w wykonanych zgodnie z Twoj\u0105 specyfikacj\u0105 lub wyra\u017anie spersonalizowanych. Dostawa Towar\u00f3w, kt\u00f3re ze wzgl\u0119du na sw\u00f3j charakter nie nadaj\u0105 si\u0119 do zwrotu, ulegaj\u0105 szybkiemu zepsuciu lub kt\u00f3rych termin przydatno\u015bci do spo\u017cycia up\u0142yn\u0105\u0142. Dostawa Towaru, kt\u00f3rego opakowanie nie nadaje si\u0119 do zwrotu ze wzgl\u0119du na ochron\u0119 zdrowia lub ze wzgl\u0119d\u00f3w higienicznych i kt\u00f3re zosta\u0142o otwarte po dostarczeniu. Dostawa Towar\u00f3w, kt\u00f3re po dostarczeniu, ze wzgl\u0119du na sw\u00f3j charakter, zostaj\u0105 nieroz\u0142\u0105cznie po\u0142\u0105czone z innymi rzeczami. Zastrzegamy sobie prawo do odmowy zwrotu dowolnego towaru, kt\u00f3ry nie spe\u0142nia powy\u017cszych warunk\u00f3w zwrotu, wed\u0142ug w\u0142asnego uznania. Zwrotowi podlegaj\u0105 wy\u0142\u0105cznie Towary w cenie regularnej. Niestety, Towar wystawiony na wyprzeda\u017cy nie podlega zwrotowi. Wy\u0142\u0105czenie to mo\u017ce nie mie\u0107 zastosowania w Twoim przypadku, je\u015bli nie jest to dozwolone przez obowi\u0105zuj\u0105ce prawo. zwracanie towaru Ponosz\u0105 Pa\u0144stwo odpowiedzialno\u015b\u0107 za koszty i ryzyko zwrotu Towaru do nas. Towar nale\u017cy wys\u0142a\u0107 na adres: Strzeli\u0144ska 23\/3 60-169 Pozna\u0144 Nie mo\u017cemy ponosi\u0107 odpowiedzialno\u015bci za uszkodzenie lub zagubienie Towar\u00f3w w przesy\u0142ce zwrotnej. Dlatego zalecamy ubezpieczon\u0105 i mo\u017cliw\u0105 do \u015bledzenia us\u0142ug\u0119 pocztow\u0105. Nie mo\u017cemy dokona\u0107 zwrotu pieni\u0119dzy bez faktycznego otrzymania Towaru lub dowodu otrzymania przesy\u0142ki zwrotnej. Prezenty Je\u015bli Towar zosta\u0142 oznaczony jako prezent przy zakupie, a nast\u0119pnie wys\u0142any bezpo\u015brednio do Ciebie, otrzymasz kredyt podarunkowy o warto\u015bci zwrotu. Po otrzymaniu zwr\u00f3conego produktu, bon upominkowy zostanie do Ciebie wys\u0142any. Je\u017celi Towar nie zosta\u0142 oznaczony jako prezent w momencie zakupu lub osoba obdarowuj\u0105ca prezentem zleci\u0142a sobie wys\u0142anie Zam\u00f3wienia w celu przekazania go p\u00f3\u017aniej, wy\u015blemy zwrot pieni\u0119dzy do dawcy prezentu. Skontaktuj si\u0119 z nami Je\u015bli masz jakiekolwiek pytania dotycz\u0105ce naszej Polityki zwrot\u00f3w i zwrot\u00f3w, skontaktuj si\u0119 z nami: Wed\u0142ug numeru telefonu: +48 508 052 072<\/p>","protected":false},"author":1,"featured_media":0,"parent":0,"menu_order":0,"comment_status":"closed","ping_status":"closed","template":"","meta":{"site-sidebar-layout":"no-sidebar","site-content-layout":"","ast-site-content-layout":"full-width-container","site-content-style":"default","site-sidebar-style":"default","ast-global-header-display":"","ast-banner-title-visibility":"","ast-main-header-display":"","ast-hfb-above-header-display":"","ast-hfb-below-header-display":"","ast-hfb-mobile-header-display":"","site-post-title":"disabled","ast-breadcrumbs-content":"","ast-featured-img":"disabled","footer-sml-layout":"","ast-disable-related-posts":"","theme-transparent-header-meta":"","adv-header-id-meta":"","stick-header-meta":"","header-above-stick-meta":"","header-main-stick-meta":"","header-below-stick-meta":"","astra-migrate-meta-layouts":"default","ast-page-background-enabled":"default","ast-page-background-meta":{"desktop":{"background-color":"var(--ast-global-color-4)","background-image":"","background-repeat":"repeat","background-position":"center center","background-size":"auto","background-attachment":"scroll","background-type":"","background-media":"","overlay-type":"","overlay-color":"","overlay-opacity":"","overlay-gradient":""},"tablet":{"background-color":"","background-image":"","background-repeat":"repeat","background-position":"center center","background-size":"auto","background-attachment":"scroll","background-type":"","background-media":"","overlay-type":"","overlay-color":"","overlay-opacity":"","overlay-gradient":""},"mobile":{"background-color":"","background-image":"","background-repeat":"repeat","background-position":"center center","background-size":"auto","background-attachment":"scroll","background-type":"","background-media":"","overlay-type":"","overlay-color":"","overlay-opacity":"","overlay-gradient":""}},"ast-content-background-meta":{"desktop":{"background-color":"var(--ast-global-color-5)","background-image":"","background-repeat":"repeat","background-position":"center center","background-size":"auto","background-attachment":"scroll","background-type":"","background-media":"","overlay-type":"","overlay-color":"","overlay-opacity":"","overlay-gradient":""},"tablet":{"background-color":"var(--ast-global-color-5)","background-image":"","background-repeat":"repeat","background-position":"center center","background-size":"auto","background-attachment":"scroll","background-type":"","background-media":"","overlay-type":"","overlay-color":"","overlay-opacity":"","overlay-gradient":""},"mobile":{"background-color":"var(--ast-global-color-5)","background-image":"","background-repeat":"repeat","background-position":"center center","background-size":"auto","background-attachment":"scroll","background-type":"","background-media":"","overlay-type":"","overlay-color":"","overlay-opacity":"","overlay-gradient":""}},"footnotes":""},"class_list":["post-2199","page","type-page","status-publish","hentry"],"rttpg_featured_image_url":null,"rttpg_author":{"display_name":"admin-JYZ7TiXE","author_link":"https:\/\/weldingconsulting.pl\/nl\/author\/admin-jyz7tixe\/"},"rttpg_comment":0,"rttpg_category":null,"rttpg_excerpt":"Polityka zwrot\u00f3w i zwrot\u00f3w Dzi\u0119kujemy za zakupy w Welding Consulting. Je\u015bli z jakiegokolwiek powodu nie jeste\u015b w pe\u0142ni usatysfakcjonowany zakupem, zapraszamy do zapoznania si\u0119 z nasz\u0105 polityk\u0105 dotycz\u0105c\u0105 zwrot\u00f3w pieni\u0119dzy. Poni\u017csze warunki maj\u0105 zastosowanie do wszystkich produkt\u00f3w zakupionych u nas. Interpretacja i definicje Interpretacja S\u0142owa, kt\u00f3rych pierwsza litera jest pisana wielk\u0105 liter\u0105, maj\u0105 znaczenie okre\u015blone&hellip;","_links":{"self":[{"href":"https:\/\/weldingconsulting.pl\/nl\/wp-json\/wp\/v2\/pages\/2199","targetHints":{"allow":["GET"]}}],"collection":[{"href":"https:\/\/weldingconsulting.pl\/nl\/wp-json\/wp\/v2\/pages"}],"about":[{"href":"https:\/\/weldingconsulting.pl\/nl\/wp-json\/wp\/v2\/types\/page"}],"author":[{"embeddable":true,"href":"https:\/\/weldingconsulting.pl\/nl\/wp-json\/wp\/v2\/users\/1"}],"replies":[{"embeddable":true,"href":"https:\/\/weldingconsulting.pl\/nl\/wp-json\/wp\/v2\/comments?post=2199"}],"version-history":[{"count":25,"href":"https:\/\/weldingconsulting.pl\/nl\/wp-json\/wp\/v2\/pages\/2199\/revisions"}],"predecessor-version":[{"id":2455,"href":"https:\/\/weldingconsulting.pl\/nl\/wp-json\/wp\/v2\/pages\/2199\/revisions\/2455"}],"wp:attachment":[{"href":"https:\/\/weldingconsulting.pl\/nl\/wp-json\/wp\/v2\/media?parent=2199"}],"curies":[{"name":"wp","href":"https:\/\/api.w.org\/{rel}","templated":true}]}}