{"id":1152,"date":"2023-09-21T01:09:21","date_gmt":"2023-09-20T23:09:21","guid":{"rendered":"https:\/\/weldingconsulting.pl\/?page_id=1152"},"modified":"2023-12-21T16:26:25","modified_gmt":"2023-12-21T15:26:25","slug":"pl-1090-implementatie-en-audits","status":"publish","type":"page","link":"https:\/\/weldingconsulting.pl\/nl\/pl-1090-implementatie-en-audits\/","title":{"rendered":"EN 1090 implementatie en audits"},"content":{"rendered":"<div data-elementor-type=\"wp-page\" data-elementor-id=\"1152\" class=\"elementor elementor-1152\" data-elementor-post-type=\"page\">\n\t\t\t\t\t\t<section class=\"elementor-section elementor-top-section elementor-element elementor-element-bb2d9c7 elementor-section-boxed elementor-section-height-default elementor-section-height-default wpr-particle-no wpr-jarallax-no wpr-parallax-no wpr-sticky-section-no wpr-column-slider-no wpr-equal-height-no\" data-id=\"bb2d9c7\" data-element_type=\"section\" data-e-type=\"section\">\n\t\t\t\t\t\t<div class=\"elementor-container elementor-column-gap-default\">\n\t\t\t\t\t<div class=\"elementor-column elementor-col-100 elementor-top-column elementor-element elementor-element-449b04a\" data-id=\"449b04a\" data-element_type=\"column\" data-e-type=\"column\">\n\t\t\t<div class=\"elementor-widget-wrap elementor-element-populated\">\n\t\t\t\t\t\t<section class=\"elementor-section elementor-inner-section elementor-element elementor-element-99fe8ec elementor-section-boxed elementor-section-height-default elementor-section-height-default wpr-particle-no wpr-jarallax-no wpr-parallax-no wpr-sticky-section-no wpr-column-slider-no wpr-equal-height-no\" data-id=\"99fe8ec\" data-element_type=\"section\" data-e-type=\"section\">\n\t\t\t\t\t\t<div class=\"elementor-container elementor-column-gap-default\">\n\t\t\t\t\t<div class=\"elementor-column elementor-col-100 elementor-inner-column elementor-element elementor-element-d850700\" data-id=\"d850700\" data-element_type=\"column\" data-e-type=\"column\">\n\t\t\t<div class=\"elementor-widget-wrap elementor-element-populated\">\n\t\t\t\t\t\t<div class=\"elementor-element elementor-element-376e64e elementor-widget elementor-widget-heading\" data-id=\"376e64e\" data-element_type=\"widget\" data-e-type=\"widget\" data-widget_type=\"heading.default\">\n\t\t\t\t<div class=\"elementor-widget-container\">\n\t\t\t\t\t<h2 class=\"elementor-heading-title elementor-size-default\">EN 1090 implementatie en audits\n<\/h2>\t\t\t\t<\/div>\n\t\t\t\t<\/div>\n\t\t\t\t\t<\/div>\n\t\t<\/div>\n\t\t\t\t\t<\/div>\n\t\t<\/section>\n\t\t\t\t<section class=\"elementor-section elementor-inner-section elementor-element elementor-element-c26a18a elementor-section-boxed elementor-section-height-default elementor-section-height-default wpr-particle-no wpr-jarallax-no wpr-parallax-no wpr-sticky-section-no wpr-column-slider-no wpr-equal-height-no\" data-id=\"c26a18a\" data-element_type=\"section\" data-e-type=\"section\">\n\t\t\t\t\t\t<div class=\"elementor-container elementor-column-gap-default\">\n\t\t\t\t\t<div class=\"elementor-column elementor-col-50 elementor-inner-column elementor-element elementor-element-4057084\" data-id=\"4057084\" data-element_type=\"column\" data-e-type=\"column\">\n\t\t\t<div class=\"elementor-widget-wrap elementor-element-populated\">\n\t\t\t\t\t\t<div class=\"elementor-element elementor-element-f17a5ee elementor-widget elementor-widget-text-editor\" data-id=\"f17a5ee\" data-element_type=\"widget\" data-e-type=\"widget\" data-widget_type=\"text-editor.default\">\n\t\t\t\t<div class=\"elementor-widget-container\">\n\t\t\t\t\t\t\t\t\t<h2>Wat zijn de voordelen van EN 1090-certificering en CE-markering?<\/h2><p>Bedrijven die na 1 juli 2014 structurele stalen en aluminium componenten in de EU leveren, moeten EN 1090-1-gecertificeerd zijn en de CE-markering op hun producten implementeren om naleving van de ECPD te garanderen. Het zal een overtreding zijn om na deze datum producten te leveren, tenzij ze aan deze norm voldoen en een legitieme CE-markering dragen, en handelsnormen zullen de macht hebben om bedrijven te dwingen producten terug te roepen en terug te roepen die niet voldoen.<\/p><h2>Hoe kunnen wij helpen?<\/h2><p>Hoe kan Lasadvies helpen? Met behulp van onze methodologie kunnen we eenvoudige systemen leveren waarmee bedrijven de EN 1090-certificering kunnen behalen en de CE-markering voor hun producten kunnen implementeren, waardoor naleving van de norm wordt gegarandeerd en hun kwaliteitsmanagementsysteem wordt verbeterd. Welding Consulting kan de implementatie versnellen om compliance in zeer korte tijd te garanderen.<\/p><h2>Wat is een uitvoeringsklasse?<\/h2><p>De vakmanschapsklasse werd ge\u00efntroduceerd in de productienormen EN 1090-2 en EN 1090-3, waar deze wordt gebruikt om een reeks kwaliteitscontroles te defini\u00ebren en het productieproces te garanderen. Er zijn vier prestatieklassen, van EXC 1 Execution Class, die de laagste set controles biedt, tot EXC 4 Execution Class, die een hogere, strengere set controles biedt.<\/p>\t\t\t\t\t\t\t\t<\/div>\n\t\t\t\t<\/div>\n\t\t\t\t\t<\/div>\n\t\t<\/div>\n\t\t\t\t<div class=\"elementor-column elementor-col-50 elementor-inner-column elementor-element elementor-element-670af5a\" data-id=\"670af5a\" data-element_type=\"column\" data-e-type=\"column\">\n\t\t\t<div class=\"elementor-widget-wrap elementor-element-populated\">\n\t\t\t\t\t\t<div class=\"elementor-element elementor-element-c14590a elementor-widget elementor-widget-image\" data-id=\"c14590a\" data-element_type=\"widget\" data-e-type=\"widget\" data-widget_type=\"image.default\">\n\t\t\t\t<div class=\"elementor-widget-container\">\n\t\t\t\t\t\t\t\t\t\t\t\t\t\t\t<img fetchpriority=\"high\" decoding=\"async\" width=\"1024\" height=\"576\" src=\"https:\/\/weldingconsulting.pl\/wp-content\/uploads\/2023\/09\/en1090-wdrozenie-1024x576.webp\" class=\"attachment-large size-large wp-image-1375\" alt=\"\" srcset=\"https:\/\/weldingconsulting.pl\/wp-content\/uploads\/2023\/09\/en1090-wdrozenie-1024x576.webp 1024w, https:\/\/weldingconsulting.pl\/wp-content\/uploads\/2023\/09\/en1090-wdrozenie-300x169.webp 300w, https:\/\/weldingconsulting.pl\/wp-content\/uploads\/2023\/09\/en1090-wdrozenie-768x432.webp 768w, https:\/\/weldingconsulting.pl\/wp-content\/uploads\/2023\/09\/en1090-wdrozenie-1536x864.webp 1536w, https:\/\/weldingconsulting.pl\/wp-content\/uploads\/2023\/09\/en1090-wdrozenie.webp 1920w\" sizes=\"(max-width: 1024px) 100vw, 1024px\" title=\"\">\t\t\t\t\t\t\t\t\t\t\t\t\t\t\t<\/div>\n\t\t\t\t<\/div>\n\t\t\t\t\t<\/div>\n\t\t<\/div>\n\t\t\t\t\t<\/div>\n\t\t<\/section>\n\t\t\t\t\t<\/div>\n\t\t<\/div>\n\t\t\t\t\t<\/div>\n\t\t<\/section>\n\t\t\t\t<\/div>","protected":false},"excerpt":{"rendered":"<p>EN 1090 wdro\u017cenia i audyty Jakie s\u0105 zalety certyfikacji EN 1090 i\u00a0oznakowania CE? Firmy dostarczaj\u0105ce konstrukcyjne elementy stalowe i\u00a0aluminiowe w\u00a0UE po\u00a01 lipca 2014 r. musz\u0105 posiada\u0107 certyfikat EN 1090-1 i\u00a0wdro\u017cy\u0107 oznakowanie CE dla swoich produkt\u00f3w w\u00a0celu zapewnienia zgodno\u015bci z\u00a0ECPD. Dostarczanie produkt\u00f3w po\u00a0tej dacie b\u0119dzie wykroczeniem, o\u00a0ile nie\u00a0b\u0119d\u0105 one\u00a0zgodne z\u00a0niniejszym standardem i\u00a0nie\u00a0b\u0119d\u0105 nosi\u0142y uzasadnionego znaku CE, a\u00a0standardy handlowe b\u0119d\u0105 upowa\u017cnione do\u00a0zmuszenia firm do\u00a0wycofania i\u00a0wycofania produkt\u00f3w, kt\u00f3re nie\u00a0s\u0105 zgodne. Jak mo\u017cemy pom\u00f3c ? Jak Welding Consulting mo\u017ce pom\u00f3c? Stosuj\u0105c nasz\u0105 metodologi\u0119, mo\u017cemy dostarczy\u0107 proste systemy, kt\u00f3re umo\u017cliwiaj\u0105 firmom uzyskanie certyfikacji EN 1090 i\u00a0wdro\u017cenie oznakowania CE dla swoich produkt\u00f3w, kt\u00f3re zapewnia zgodno\u015b\u0107 z\u00a0norm\u0105 i\u00a0poprawi\u0105 ich\u00a0System Zarz\u0105dzania Jako\u015bci\u0105. Welding Consulting mo\u017ce przyspieszy\u0107 wdro\u017cenie, aby zapewni\u0107 zgodno\u015b\u0107 w\u00a0bardzo kr\u00f3tkim czasie. Co to\u00a0jest klasa wykonania? Klasa wykonania zosta\u0142a wprowadzona w\u00a0normach produkcyjnych EN 1090-2 i\u00a0EN 1090-3, gdzie jest u\u017cywana do\u00a0zdefiniowania zestawu kontroli jako\u015bci i\u00a0zapewnienia procesu produkcyjnego. Istniej\u0105 cztery klasy wykonania, od\u00a0klasy wykonania EXC 1, kt\u00f3ra daje najni\u017cszy zestaw kontroli, do\u00a0klasy wykonania EXC 4, kt\u00f3ra zapewnia wy\u017cszy, bardziej rygorystyczny zestaw kontroli.<\/p>","protected":false},"author":1,"featured_media":0,"parent":0,"menu_order":0,"comment_status":"closed","ping_status":"closed","template":"elementor_header_footer","meta":{"site-sidebar-layout":"default","site-content-layout":"","ast-site-content-layout":"default","site-content-style":"default","site-sidebar-style":"default","ast-global-header-display":"","ast-banner-title-visibility":"","ast-main-header-display":"","ast-hfb-above-header-display":"","ast-hfb-below-header-display":"","ast-hfb-mobile-header-display":"","site-post-title":"","ast-breadcrumbs-content":"","ast-featured-img":"","footer-sml-layout":"","ast-disable-related-posts":"","theme-transparent-header-meta":"default","adv-header-id-meta":"","stick-header-meta":"","header-above-stick-meta":"","header-main-stick-meta":"","header-below-stick-meta":"","astra-migrate-meta-layouts":"set","ast-page-background-enabled":"default","ast-page-background-meta":{"desktop":{"background-color":"var(--ast-global-color-4)","background-image":"","background-repeat":"repeat","background-position":"center center","background-size":"auto","background-attachment":"scroll","background-type":"","background-media":"","overlay-type":"","overlay-color":"","overlay-opacity":"","overlay-gradient":""},"tablet":{"background-color":"","background-image":"","background-repeat":"repeat","background-position":"center center","background-size":"auto","background-attachment":"scroll","background-type":"","background-media":"","overlay-type":"","overlay-color":"","overlay-opacity":"","overlay-gradient":""},"mobile":{"background-color":"","background-image":"","background-repeat":"repeat","background-position":"center center","background-size":"auto","background-attachment":"scroll","background-type":"","background-media":"","overlay-type":"","overlay-color":"","overlay-opacity":"","overlay-gradient":""}},"ast-content-background-meta":{"desktop":{"background-color":"var(--ast-global-color-5)","background-image":"","background-repeat":"repeat","background-position":"center center","background-size":"auto","background-attachment":"scroll","background-type":"","background-media":"","overlay-type":"","overlay-color":"","overlay-opacity":"","overlay-gradient":""},"tablet":{"background-color":"var(--ast-global-color-5)","background-image":"","background-repeat":"repeat","background-position":"center center","background-size":"auto","background-attachment":"scroll","background-type":"","background-media":"","overlay-type":"","overlay-color":"","overlay-opacity":"","overlay-gradient":""},"mobile":{"background-color":"var(--ast-global-color-5)","background-image":"","background-repeat":"repeat","background-position":"center center","background-size":"auto","background-attachment":"scroll","background-type":"","background-media":"","overlay-type":"","overlay-color":"","overlay-opacity":"","overlay-gradient":""}},"footnotes":""},"class_list":["post-1152","page","type-page","status-publish","hentry"],"rttpg_featured_image_url":null,"rttpg_author":{"display_name":"admin-JYZ7TiXE","author_link":"https:\/\/weldingconsulting.pl\/nl\/author\/admin-jyz7tixe\/"},"rttpg_comment":0,"rttpg_category":null,"rttpg_excerpt":"EN 1090 wdro\u017cenia i audyty Jakie s\u0105 zalety certyfikacji EN 1090 i\u00a0oznakowania CE? Firmy dostarczaj\u0105ce konstrukcyjne elementy stalowe i\u00a0aluminiowe w\u00a0UE po\u00a01 lipca 2014 r. musz\u0105 posiada\u0107 certyfikat EN 1090-1 i\u00a0wdro\u017cy\u0107 oznakowanie CE dla swoich produkt\u00f3w w\u00a0celu zapewnienia zgodno\u015bci z\u00a0ECPD. Dostarczanie produkt\u00f3w po\u00a0tej dacie b\u0119dzie wykroczeniem, o\u00a0ile nie\u00a0b\u0119d\u0105 one\u00a0zgodne z\u00a0niniejszym standardem i\u00a0nie\u00a0b\u0119d\u0105 nosi\u0142y uzasadnionego znaku CE,&hellip;","_links":{"self":[{"href":"https:\/\/weldingconsulting.pl\/nl\/wp-json\/wp\/v2\/pages\/1152","targetHints":{"allow":["GET"]}}],"collection":[{"href":"https:\/\/weldingconsulting.pl\/nl\/wp-json\/wp\/v2\/pages"}],"about":[{"href":"https:\/\/weldingconsulting.pl\/nl\/wp-json\/wp\/v2\/types\/page"}],"author":[{"embeddable":true,"href":"https:\/\/weldingconsulting.pl\/nl\/wp-json\/wp\/v2\/users\/1"}],"replies":[{"embeddable":true,"href":"https:\/\/weldingconsulting.pl\/nl\/wp-json\/wp\/v2\/comments?post=1152"}],"version-history":[{"count":13,"href":"https:\/\/weldingconsulting.pl\/nl\/wp-json\/wp\/v2\/pages\/1152\/revisions"}],"predecessor-version":[{"id":2494,"href":"https:\/\/weldingconsulting.pl\/nl\/wp-json\/wp\/v2\/pages\/1152\/revisions\/2494"}],"wp:attachment":[{"href":"https:\/\/weldingconsulting.pl\/nl\/wp-json\/wp\/v2\/media?parent=1152"}],"curies":[{"name":"wp","href":"https:\/\/api.w.org\/{rel}","templated":true}]}}