{"id":8586,"date":"2025-09-05T13:24:35","date_gmt":"2025-09-05T11:24:35","guid":{"rendered":"https:\/\/weldingconsulting.pl\/?page_id=8586"},"modified":"2025-09-05T13:26:25","modified_gmt":"2025-09-05T11:26:25","slug":"artikler","status":"publish","type":"page","link":"https:\/\/weldingconsulting.pl\/nb\/artikler\/","title":{"rendered":"Artikler"},"content":{"rendered":"<div data-elementor-type=\"wp-page\" data-elementor-id=\"8586\" class=\"elementor elementor-8586\" data-elementor-post-type=\"page\">\n\t\t\t\t\t\t<section class=\"elementor-section elementor-top-section elementor-element elementor-element-7faf5a3 elementor-section-boxed elementor-section-height-default elementor-section-height-default wpr-particle-no wpr-jarallax-no wpr-parallax-no wpr-sticky-section-no wpr-equal-height-no\" data-id=\"7faf5a3\" data-element_type=\"section\" data-e-type=\"section\">\n\t\t\t\t\t\t<div class=\"elementor-container elementor-column-gap-default\">\n\t\t\t\t\t<div class=\"elementor-column elementor-col-100 elementor-top-column elementor-element elementor-element-631a187\" data-id=\"631a187\" data-element_type=\"column\" data-e-type=\"column\">\n\t\t\t<div class=\"elementor-widget-wrap elementor-element-populated\">\n\t\t\t\t\t\t<div class=\"elementor-element elementor-element-b734443 meta-visibility-show title_position_default title_hover_border_default title-default img_hover_animation_default meta_position_default readmore-btn-default-style grid-hover-overlay-type-always tpg-el-box-border-enable tpg-border-bottom-disable elementor-widget elementor-widget-tpg-grid-layout\" data-id=\"b734443\" data-element_type=\"widget\" data-e-type=\"widget\" data-widget_type=\"tpg-grid-layout.default\">\n\t\t\t\t<div class=\"elementor-widget-container\">\n\t\t\t\t\t\t\t<div class=\"rt-container-fluid rt-tpg-container tpg-el-main-wrapper clearfix grid-layout3-main\"\n\t\t\t id=\"rt-tpg-container-3172186939\"\n\t\t\t data-layout=\"grid-layout3\"\n\t\t\t data-grid-style=\"tpg-full-height\"\n\t\t\t data-sc-id=\"elementor\"\n\t\t\t data-el-settings=''\n\t\t\t data-el-query=''\n\t\t\t data-el-path=''\n\t\t>\n\t\t\t\t\t\t<div class='tpg-header-wrapper'>\n\t\t\t\t\t\t\t<\/div>\n\n\t\t\t<div data-title=\"Loading ...\" class=\"rt-row rt-content-loader grid-layout3 grid-behaviour tpg-full-height grid_layout_wrapper\">\n\t\t\t\t\n<div class=\"rt-col-md-4 rt-col-sm-6 rt-col-xs-12 default rt-grid-item\" data-id=\"8624\">\n\t<div class=\"rt-holder tpg-post-holder\">\n\t\t<div class=\"rt-detail rt-el-content-wrapper\">\n\t\t\t\t\t\t\t<div class=\"rt-img-holder tpg-el-image-wrap has-no-thumbnail\">\n\t\t\t\t\t<a data-id=\"8624\" href=\"https:\/\/weldingconsulting.pl\/nb\/forskjellen-mellom-inspeksjonsorganer-og-iwe-konsulenter\/\" class=\"tpg-post-link\" target=\"_self\">\t\t\n\t\t<\/a>\n\t\t        <div class=\"overlay grid-hover-content\"><\/div>\n\t\t\t\t\t\t<\/div>\n\t\t\t\n\n\t\t\t<div class=\"entry-title-wrapper\"><h3 class=\"entry-title\"><a data-id=\"8624\" href=\"https:\/\/weldingconsulting.pl\/nb\/forskjellen-mellom-inspeksjonsorganer-og-iwe-konsulenter\/\" class=\"tpg-post-link\" target=\"_self\">Forskjellen mellom store inspeksjonsorganer og uavhengige IWE-konsulenter<\/a><\/h3><\/div>\n\t\t\t\t\t\t\t<div class=\"post-meta-tags rt-el-post-meta\">\n\t\t\t\t\t\t\t\t\t<\/div>\n\t\t\t\n\t\t\t\t\t\t\t<div class=\"tpg-excerpt tpg-el-excerpt\">\n\t\t\t\t\t\t\t\t\t\t\t<div class=\"tpg-excerpt-inner\">\n\t\t\t\t\t\t\tForskjellen mellom store inspeksjonsorganer og uavhengige IWE-konsulenter Innledning I industriprosjekter knyttet til sveising er passende teknisk tilsyn av sentral betydning...\t\t\t\t\t\t<\/div>\n\t\t\t\t\t\t\t\t\t\t\t\t\t\t<\/div>\n\t\t\t\n\t\t\t        <div class=\"post-footer\">\n            <div class=\"post-footer\">\n                <div class=\"read-more\">\n\t\t\t\t\t<a data-id=\"8624\" href=\"https:\/\/weldingconsulting.pl\/nb\/forskjellen-mellom-inspeksjonsorganer-og-iwe-konsulenter\/\" class=\"tpg-post-link\" target=\"_self\">Les mer<\/a>                <\/div>\n            <\/div>\n        <\/div>\n\t\t\t\t<\/div>\n\t<\/div>\n<\/div>\n\n<div class=\"rt-col-md-4 rt-col-sm-6 rt-col-xs-12 default rt-grid-item\" data-id=\"8618\">\n\t<div class=\"rt-holder tpg-post-holder\">\n\t\t<div class=\"rt-detail rt-el-content-wrapper\">\n\t\t\t\t\t\t\t<div class=\"rt-img-holder tpg-el-image-wrap has-no-thumbnail\">\n\t\t\t\t\t<a data-id=\"8618\" href=\"https:\/\/weldingconsulting.pl\/nb\/forberedelse-til-den-polske-iso-3834-revisjonen\/\" class=\"tpg-post-link\" target=\"_self\">\t\t\n\t\t<\/a>\n\t\t        <div class=\"overlay grid-hover-content\"><\/div>\n\t\t\t\t\t\t<\/div>\n\t\t\t\n\n\t\t\t<div class=\"entry-title-wrapper\"><h3 class=\"entry-title\"><a data-id=\"8618\" href=\"https:\/\/weldingconsulting.pl\/nb\/forberedelse-til-den-polske-iso-3834-revisjonen\/\" class=\"tpg-post-link\" target=\"_self\">Forberedelse til en ISO 3834-revisjon i Polen<\/a><\/h3><\/div>\n\t\t\t\t\t\t\t<div class=\"post-meta-tags rt-el-post-meta\">\n\t\t\t\t\t\t\t\t\t<\/div>\n\t\t\t\n\t\t\t\t\t\t\t<div class=\"tpg-excerpt tpg-el-excerpt\">\n\t\t\t\t\t\t\t\t\t\t\t<div class=\"tpg-excerpt-inner\">\n\t\t\t\t\t\t\tForberedelse til en ISO 3834-revisjon i Polen \u2013 hva utenlandske kunder b\u00f8r vite. Innledning: ISO 3834-standarden er en av de viktigste kvalitetsstandardene innen sveising. Den spesifiserer kravene...\t\t\t\t\t\t<\/div>\n\t\t\t\t\t\t\t\t\t\t\t\t\t\t<\/div>\n\t\t\t\n\t\t\t        <div class=\"post-footer\">\n            <div class=\"post-footer\">\n                <div class=\"read-more\">\n\t\t\t\t\t<a data-id=\"8618\" href=\"https:\/\/weldingconsulting.pl\/nb\/forberedelse-til-den-polske-iso-3834-revisjonen\/\" class=\"tpg-post-link\" target=\"_self\">Les mer<\/a>                <\/div>\n            <\/div>\n        <\/div>\n\t\t\t\t<\/div>\n\t<\/div>\n<\/div>\n\n<div class=\"rt-col-md-4 rt-col-sm-6 rt-col-xs-12 default rt-grid-item\" data-id=\"8611\">\n\t<div class=\"rt-holder tpg-post-holder\">\n\t\t<div class=\"rt-detail rt-el-content-wrapper\">\n\t\t\t\t\t\t\t<div class=\"rt-img-holder tpg-el-image-wrap has-no-thumbnail\">\n\t\t\t\t\t<a data-id=\"8611\" href=\"https:\/\/weldingconsulting.pl\/nb\/ansett-en-uavhengig-sveiseinspektor-i-polen\/\" class=\"tpg-post-link\" target=\"_self\">\t\t\n\t\t<\/a>\n\t\t        <div class=\"overlay grid-hover-content\"><\/div>\n\t\t\t\t\t\t<\/div>\n\t\t\t\n\n\t\t\t<div class=\"entry-title-wrapper\"><h3 class=\"entry-title\"><a data-id=\"8611\" href=\"https:\/\/weldingconsulting.pl\/nb\/ansett-en-uavhengig-sveiseinspektor-i-polen\/\" class=\"tpg-post-link\" target=\"_self\">Hvordan ansette en uavhengig sveiseinspekt\u00f8r i Polen<\/a><\/h3><\/div>\n\t\t\t\t\t\t\t<div class=\"post-meta-tags rt-el-post-meta\">\n\t\t\t\t\t\t\t\t\t<\/div>\n\t\t\t\n\t\t\t\t\t\t\t<div class=\"tpg-excerpt tpg-el-excerpt\">\n\t\t\t\t\t\t\t\t\t\t\t<div class=\"tpg-excerpt-inner\">\n\t\t\t\t\t\t\tSlik ansetter du en uavhengig sveiseinspekt\u00f8r i Polen Innledning Polen er et av de viktigste industrisentrene i Europa, spesielt innen sektorer som st\u00e5lkonstruksjoner...\t\t\t\t\t\t<\/div>\n\t\t\t\t\t\t\t\t\t\t\t\t\t\t<\/div>\n\t\t\t\n\t\t\t        <div class=\"post-footer\">\n            <div class=\"post-footer\">\n                <div class=\"read-more\">\n\t\t\t\t\t<a data-id=\"8611\" href=\"https:\/\/weldingconsulting.pl\/nb\/ansett-en-uavhengig-sveiseinspektor-i-polen\/\" class=\"tpg-post-link\" target=\"_self\">Les mer<\/a>                <\/div>\n            <\/div>\n        <\/div>\n\t\t\t\t<\/div>\n\t<\/div>\n<\/div>\n\n<div class=\"rt-col-md-4 rt-col-sm-6 rt-col-xs-12 default rt-grid-item\" data-id=\"8563\">\n\t<div class=\"rt-holder tpg-post-holder\">\n\t\t<div class=\"rt-detail rt-el-content-wrapper\">\n\t\t\t\t\t\t\t<div class=\"rt-img-holder tpg-el-image-wrap has-no-thumbnail\">\n\t\t\t\t\t<a data-id=\"8563\" href=\"https:\/\/weldingconsulting.pl\/nb\/sveisers-sikkerhet\/\" class=\"tpg-post-link\" target=\"_self\">\t\t\n\t\t<\/a>\n\t\t        <div class=\"overlay grid-hover-content\"><\/div>\n\t\t\t\t\t\t<\/div>\n\t\t\t\n\n\t\t\t<div class=\"entry-title-wrapper\"><h3 class=\"entry-title\"><a data-id=\"8563\" href=\"https:\/\/weldingconsulting.pl\/nb\/sveisers-sikkerhet\/\" class=\"tpg-post-link\" target=\"_self\">Sveisesikkerhet - helse- og sikkerhetsregler og praktiske tips<\/a><\/h3><\/div>\n\t\t\t\t\t\t\t<div class=\"post-meta-tags rt-el-post-meta\">\n\t\t\t\t\t\t\t\t\t<\/div>\n\t\t\t\n\t\t\t\t\t\t\t<div class=\"tpg-excerpt tpg-el-excerpt\">\n\t\t\t\t\t\t\t\t\t\t\t<div class=\"tpg-excerpt-inner\">\n\t\t\t\t\t\t\tSveisesikkerhet \u2013 Helse- og sikkerhetsregler og praktiske tips. Hvorfor er sveisesikkerhet avgj\u00f8rende? Sveising er en prosess full av mange farer: h\u00f8y temperatur, UV-str\u00e5ling...\t\t\t\t\t\t<\/div>\n\t\t\t\t\t\t\t\t\t\t\t\t\t\t<\/div>\n\t\t\t\n\t\t\t        <div class=\"post-footer\">\n            <div class=\"post-footer\">\n                <div class=\"read-more\">\n\t\t\t\t\t<a data-id=\"8563\" href=\"https:\/\/weldingconsulting.pl\/nb\/sveisers-sikkerhet\/\" class=\"tpg-post-link\" target=\"_self\">Les mer<\/a>                <\/div>\n            <\/div>\n        <\/div>\n\t\t\t\t<\/div>\n\t<\/div>\n<\/div>\n\n<div class=\"rt-col-md-4 rt-col-sm-6 rt-col-xs-12 default rt-grid-item\" data-id=\"8558\">\n\t<div class=\"rt-holder tpg-post-holder\">\n\t\t<div class=\"rt-detail rt-el-content-wrapper\">\n\t\t\t\t\t\t\t<div class=\"rt-img-holder tpg-el-image-wrap has-no-thumbnail\">\n\t\t\t\t\t<a data-id=\"8558\" href=\"https:\/\/weldingconsulting.pl\/nb\/iso-3834-sveisekvalitetssystem\/\" class=\"tpg-post-link\" target=\"_self\">\t\t\n\t\t<\/a>\n\t\t        <div class=\"overlay grid-hover-content\"><\/div>\n\t\t\t\t\t\t<\/div>\n\t\t\t\n\n\t\t\t<div class=\"entry-title-wrapper\"><h3 class=\"entry-title\"><a data-id=\"8558\" href=\"https:\/\/weldingconsulting.pl\/nb\/iso-3834-sveisekvalitetssystem\/\" class=\"tpg-post-link\" target=\"_self\">ISO 3834 \u2013 kvalitetsstyringssystem for sveising<\/a><\/h3><\/div>\n\t\t\t\t\t\t\t<div class=\"post-meta-tags rt-el-post-meta\">\n\t\t\t\t\t\t\t\t\t<\/div>\n\t\t\t\n\t\t\t\t\t\t\t<div class=\"tpg-excerpt tpg-el-excerpt\">\n\t\t\t\t\t\t\t\t\t\t\t<div class=\"tpg-excerpt-inner\">\n\t\t\t\t\t\t\tISO 3834 \u2013 det viktigste kvalitetssystemet innen sveising. Hva er ISO 3834? ISO 3834 er en internasjonal standard som spesifiserer kvalitetskrav for sveiseprosesser av metalliske materialer...\t\t\t\t\t\t<\/div>\n\t\t\t\t\t\t\t\t\t\t\t\t\t\t<\/div>\n\t\t\t\n\t\t\t        <div class=\"post-footer\">\n            <div class=\"post-footer\">\n                <div class=\"read-more\">\n\t\t\t\t\t<a data-id=\"8558\" href=\"https:\/\/weldingconsulting.pl\/nb\/iso-3834-sveisekvalitetssystem\/\" class=\"tpg-post-link\" target=\"_self\">Les mer<\/a>                <\/div>\n            <\/div>\n        <\/div>\n\t\t\t\t<\/div>\n\t<\/div>\n<\/div>\n\n<div class=\"rt-col-md-4 rt-col-sm-6 rt-col-xs-12 default rt-grid-item\" data-id=\"8550\">\n\t<div class=\"rt-holder tpg-post-holder\">\n\t\t<div class=\"rt-detail rt-el-content-wrapper\">\n\t\t\t\t\t\t\t<div class=\"rt-img-holder tpg-el-image-wrap has-no-thumbnail\">\n\t\t\t\t\t<a data-id=\"8550\" href=\"https:\/\/weldingconsulting.pl\/nb\/sveisetilsyn-byggebransjen\/\" class=\"tpg-post-link\" target=\"_self\">\t\t\n\t\t<\/a>\n\t\t        <div class=\"overlay grid-hover-content\"><\/div>\n\t\t\t\t\t\t<\/div>\n\t\t\t\n\n\t\t\t<div class=\"entry-title-wrapper\"><h3 class=\"entry-title\"><a data-id=\"8550\" href=\"https:\/\/weldingconsulting.pl\/nb\/sveisetilsyn-byggebransjen\/\" class=\"tpg-post-link\" target=\"_self\">Hvorfor sveisetilsyn er avgj\u00f8rende i bygg og anlegg og industri<\/a><\/h3><\/div>\n\t\t\t\t\t\t\t<div class=\"post-meta-tags rt-el-post-meta\">\n\t\t\t\t\t\t\t\t\t<\/div>\n\t\t\t\n\t\t\t\t\t\t\t<div class=\"tpg-excerpt tpg-el-excerpt\">\n\t\t\t\t\t\t\t\t\t\t\t<div class=\"tpg-excerpt-inner\">\n\t\t\t\t\t\t\tHvorfor sveisetilsyn er avgj\u00f8rende i bygg og anlegg og industri Rollen til sveisetilsyn Sveisetilsyn er prosessen med systematisk \u00e5 kontrollere kvaliteten p\u00e5 sveiser, dokumentasjon og samsvar med...\t\t\t\t\t\t<\/div>\n\t\t\t\t\t\t\t\t\t\t\t\t\t\t<\/div>\n\t\t\t\n\t\t\t        <div class=\"post-footer\">\n            <div class=\"post-footer\">\n                <div class=\"read-more\">\n\t\t\t\t\t<a data-id=\"8550\" href=\"https:\/\/weldingconsulting.pl\/nb\/sveisetilsyn-byggebransjen\/\" class=\"tpg-post-link\" target=\"_self\">Les mer<\/a>                <\/div>\n            <\/div>\n        <\/div>\n\t\t\t\t<\/div>\n\t<\/div>\n<\/div>\n\n<div class=\"rt-col-md-4 rt-col-sm-6 rt-col-xs-12 default rt-grid-item\" data-id=\"8545\">\n\t<div class=\"rt-holder tpg-post-holder\">\n\t\t<div class=\"rt-detail rt-el-content-wrapper\">\n\t\t\t\t\t\t\t<div class=\"rt-img-holder tpg-el-image-wrap has-no-thumbnail\">\n\t\t\t\t\t<a data-id=\"8545\" href=\"https:\/\/weldingconsulting.pl\/nb\/de-vanligste-feilene-i-sveiseprosessen-og-hvordan-man-unngar-dem\/\" class=\"tpg-post-link\" target=\"_self\">\t\t\n\t\t<\/a>\n\t\t        <div class=\"overlay grid-hover-content\"><\/div>\n\t\t\t\t\t\t<\/div>\n\t\t\t\n\n\t\t\t<div class=\"entry-title-wrapper\"><h3 class=\"entry-title\"><a data-id=\"8545\" href=\"https:\/\/weldingconsulting.pl\/nb\/de-vanligste-feilene-i-sveiseprosessen-og-hvordan-man-unngar-dem\/\" class=\"tpg-post-link\" target=\"_self\">De vanligste sveisefeilene og hvordan du unng\u00e5r dem<\/a><\/h3><\/div>\n\t\t\t\t\t\t\t<div class=\"post-meta-tags rt-el-post-meta\">\n\t\t\t\t\t\t\t\t\t<\/div>\n\t\t\t\n\t\t\t\t\t\t\t<div class=\"tpg-excerpt tpg-el-excerpt\">\n\t\t\t\t\t\t\t\t\t\t\t<div class=\"tpg-excerpt-inner\">\n\t\t\t\t\t\t\tVanlige sveisefeil og hvordan du unng\u00e5r dem Innledning Sveiseprosessen krever presisjon, erfaring og kunnskap om standarder. Selv sm\u00e5 feil kan f\u00f8re til alvorlige problemer \u2013 fra...\t\t\t\t\t\t<\/div>\n\t\t\t\t\t\t\t\t\t\t\t\t\t\t<\/div>\n\t\t\t\n\t\t\t        <div class=\"post-footer\">\n            <div class=\"post-footer\">\n                <div class=\"read-more\">\n\t\t\t\t\t<a data-id=\"8545\" href=\"https:\/\/weldingconsulting.pl\/nb\/de-vanligste-feilene-i-sveiseprosessen-og-hvordan-man-unngar-dem\/\" class=\"tpg-post-link\" target=\"_self\">Les mer<\/a>                <\/div>\n            <\/div>\n        <\/div>\n\t\t\t\t<\/div>\n\t<\/div>\n<\/div>\n\n<div class=\"rt-col-md-4 rt-col-sm-6 rt-col-xs-12 default rt-grid-item\" data-id=\"8531\">\n\t<div class=\"rt-holder tpg-post-holder\">\n\t\t<div class=\"rt-detail rt-el-content-wrapper\">\n\t\t\t\t\t\t\t<div class=\"rt-img-holder tpg-el-image-wrap has-no-thumbnail\">\n\t\t\t\t\t<a data-id=\"8531\" href=\"https:\/\/weldingconsulting.pl\/nb\/sveisesertifisering-alt-du-trenger-a-vite\/\" class=\"tpg-post-link\" target=\"_self\">\t\t\n\t\t<\/a>\n\t\t        <div class=\"overlay grid-hover-content\"><\/div>\n\t\t\t\t\t\t<\/div>\n\t\t\t\n\n\t\t\t<div class=\"entry-title-wrapper\"><h3 class=\"entry-title\"><a data-id=\"8531\" href=\"https:\/\/weldingconsulting.pl\/nb\/sveisesertifisering-alt-du-trenger-a-vite\/\" class=\"tpg-post-link\" target=\"_self\">Sveisesertifisering \u2013 Alt du trenger \u00e5 vite<\/a><\/h3><\/div>\n\t\t\t\t\t\t\t<div class=\"post-meta-tags rt-el-post-meta\">\n\t\t\t\t\t\t\t\t\t<\/div>\n\t\t\t\n\t\t\t\t\t\t\t<div class=\"tpg-excerpt tpg-el-excerpt\">\n\t\t\t\t\t\t\t\t\t\t\t<div class=\"tpg-excerpt-inner\">\n\t\t\t\t\t\t\tSveisesertifisering \u2013 Alt du trenger \u00e5 vite Introduksjon \u2013 Hvorfor sertifisering er viktig Sveisesertifisering bekrefter at en person har de n\u00f8dvendige kvalifikasjonene og...\t\t\t\t\t\t<\/div>\n\t\t\t\t\t\t\t\t\t\t\t\t\t\t<\/div>\n\t\t\t\n\t\t\t        <div class=\"post-footer\">\n            <div class=\"post-footer\">\n                <div class=\"read-more\">\n\t\t\t\t\t<a data-id=\"8531\" href=\"https:\/\/weldingconsulting.pl\/nb\/sveisesertifisering-alt-du-trenger-a-vite\/\" class=\"tpg-post-link\" target=\"_self\">Les mer<\/a>                <\/div>\n            <\/div>\n        <\/div>\n\t\t\t\t<\/div>\n\t<\/div>\n<\/div>\n\t\t\t<\/div>\n\t\t\t\n\t\t<\/div>\n\t\t\t\t\t\t<\/div>\n\t\t\t\t<\/div>\n\t\t\t\t\t<\/div>\n\t\t<\/div>\n\t\t\t\t\t<\/div>\n\t\t<\/section>\n\t\t\t\t<\/div>","protected":false},"excerpt":{"rendered":"<p>Bezpiecze\u0144stwo spawacza \u2013 zasady BHP i praktyczne wskaz\u00f3wki Bezpiecze\u0144stwo spawacza \u2013 zasady BHP i praktyczne wskaz\u00f3wki Dlaczego bezpiecze\u0144stwo spawacza jest kluczowe? Spawanie to proces obarczony wieloma zagro\u017ceniami: wysok\u0105 temperatur\u0105, promieniowaniem UV&#8230; Czytaj wi\u0119cej ISO 3834 \u2013 system zarz\u0105dzania jako\u015bci\u0105 w spawalnictwie ISO 3834 \u2013 najwa\u017cniejszy system jako\u015bci w spawalnictwie Czym jest ISO 3834? Norma ISO 3834 to mi\u0119dzynarodowy standard okre\u015blaj\u0105cy wymagania jako\u015bciowe dla proces\u00f3w spawania materia\u0142\u00f3w metalowych&#8230; Czytaj wi\u0119cej Dlaczego nadz\u00f3r spawalniczy jest kluczowy w budownictwie i przemy\u015ble Dlaczego nadz\u00f3r spawalniczy jest kluczowy w budownictwie i przemy\u015ble Rola nadzoru spawalniczego Nadz\u00f3r spawalniczy to proces systematycznego kontrolowania jako\u015bci spoin, dokumentacji oraz zgodno\u015bci z&#8230; Czytaj wi\u0119cej Najcz\u0119stsze b\u0142\u0119dy w procesie spawania i sposoby ich unikania Najcz\u0119stsze b\u0142\u0119dy w procesie spawania i jak ich unika\u0107 Wprowadzenie Proces spawania wymaga precyzji, do\u015bwiadczenia i znajomo\u015bci norm. Nawet drobne b\u0142\u0119dy mog\u0105 prowadzi\u0107 do powa\u017cnych problem\u00f3w \u2013 od&#8230; Czytaj wi\u0119cej Certyfikacja spawaczy \u2013 wszystko, co musisz wiedzie\u0107 Certyfikacja spawaczy \u2013 wszystko, co musisz wiedzie\u0107 Wprowadzenie \u2013 dlaczego certyfikacja jest wa\u017cna Certyfikacja spawaczy to potwierdzenie, \u017ce dana osoba posiada odpowiednie kwalifikacje i&#8230; Czytaj wi\u0119cej<\/p>","protected":false},"author":1,"featured_media":0,"parent":0,"menu_order":0,"comment_status":"closed","ping_status":"closed","template":"elementor_header_footer","meta":{"site-sidebar-layout":"no-sidebar","site-content-layout":"","ast-site-content-layout":"full-width-container","site-content-style":"default","site-sidebar-style":"default","ast-global-header-display":"","ast-banner-title-visibility":"","ast-main-header-display":"","ast-hfb-above-header-display":"","ast-hfb-below-header-display":"","ast-hfb-mobile-header-display":"","site-post-title":"","ast-breadcrumbs-content":"","ast-featured-img":"disabled","footer-sml-layout":"","ast-disable-related-posts":"","theme-transparent-header-meta":"","adv-header-id-meta":"","stick-header-meta":"","header-above-stick-meta":"","header-main-stick-meta":"","header-below-stick-meta":"","astra-migrate-meta-layouts":"default","ast-page-background-enabled":"default","ast-page-background-meta":{"desktop":{"background-color":"var(--ast-global-color-4)","background-image":"","background-repeat":"repeat","background-position":"center center","background-size":"auto","background-attachment":"scroll","background-type":"","background-media":"","overlay-type":"","overlay-color":"","overlay-opacity":"","overlay-gradient":""},"tablet":{"background-color":"","background-image":"","background-repeat":"repeat","background-position":"center center","background-size":"auto","background-attachment":"scroll","background-type":"","background-media":"","overlay-type":"","overlay-color":"","overlay-opacity":"","overlay-gradient":""},"mobile":{"background-color":"","background-image":"","background-repeat":"repeat","background-position":"center center","background-size":"auto","background-attachment":"scroll","background-type":"","background-media":"","overlay-type":"","overlay-color":"","overlay-opacity":"","overlay-gradient":""}},"ast-content-background-meta":{"desktop":{"background-color":"var(--ast-global-color-5)","background-image":"","background-repeat":"repeat","background-position":"center center","background-size":"auto","background-attachment":"scroll","background-type":"","background-media":"","overlay-type":"","overlay-color":"","overlay-opacity":"","overlay-gradient":""},"tablet":{"background-color":"var(--ast-global-color-5)","background-image":"","background-repeat":"repeat","background-position":"center center","background-size":"auto","background-attachment":"scroll","background-type":"","background-media":"","overlay-type":"","overlay-color":"","overlay-opacity":"","overlay-gradient":""},"mobile":{"background-color":"var(--ast-global-color-5)","background-image":"","background-repeat":"repeat","background-position":"center center","background-size":"auto","background-attachment":"scroll","background-type":"","background-media":"","overlay-type":"","overlay-color":"","overlay-opacity":"","overlay-gradient":""}},"footnotes":""},"class_list":["post-8586","page","type-page","status-publish","hentry"],"rttpg_featured_image_url":null,"rttpg_author":{"display_name":"admin-JYZ7TiXE","author_link":"https:\/\/weldingconsulting.pl\/nb\/author\/admin-jyz7tixe\/"},"rttpg_comment":0,"rttpg_category":"","rttpg_excerpt":"Bezpiecze\u0144stwo spawacza \u2013 zasady BHP i praktyczne wskaz\u00f3wki Bezpiecze\u0144stwo spawacza \u2013 zasady BHP i praktyczne wskaz\u00f3wki Dlaczego bezpiecze\u0144stwo spawacza jest kluczowe? Spawanie to proces obarczony wieloma zagro\u017ceniami: wysok\u0105 temperatur\u0105, promieniowaniem UV&#8230; Czytaj wi\u0119cej ISO 3834 \u2013 system zarz\u0105dzania jako\u015bci\u0105 w spawalnictwie ISO 3834 \u2013 najwa\u017cniejszy system jako\u015bci w spawalnictwie Czym jest ISO 3834? Norma ISO&hellip;","_links":{"self":[{"href":"https:\/\/weldingconsulting.pl\/nb\/wp-json\/wp\/v2\/pages\/8586","targetHints":{"allow":["GET"]}}],"collection":[{"href":"https:\/\/weldingconsulting.pl\/nb\/wp-json\/wp\/v2\/pages"}],"about":[{"href":"https:\/\/weldingconsulting.pl\/nb\/wp-json\/wp\/v2\/types\/page"}],"author":[{"embeddable":true,"href":"https:\/\/weldingconsulting.pl\/nb\/wp-json\/wp\/v2\/users\/1"}],"replies":[{"embeddable":true,"href":"https:\/\/weldingconsulting.pl\/nb\/wp-json\/wp\/v2\/comments?post=8586"}],"version-history":[{"count":4,"href":"https:\/\/weldingconsulting.pl\/nb\/wp-json\/wp\/v2\/pages\/8586\/revisions"}],"predecessor-version":[{"id":8590,"href":"https:\/\/weldingconsulting.pl\/nb\/wp-json\/wp\/v2\/pages\/8586\/revisions\/8590"}],"wp:attachment":[{"href":"https:\/\/weldingconsulting.pl\/nb\/wp-json\/wp\/v2\/media?parent=8586"}],"curies":[{"name":"wp","href":"https:\/\/api.w.org\/{rel}","templated":true}]}}