{"id":2199,"date":"2023-11-20T21:41:05","date_gmt":"2023-11-20T20:41:05","guid":{"rendered":"https:\/\/weldingconsulting.pl\/?page_id=2199"},"modified":"2023-12-19T10:24:52","modified_gmt":"2023-12-19T09:24:52","slug":"retningslinjer-for-retur-og-refusjon","status":"publish","type":"page","link":"https:\/\/weldingconsulting.pl\/nb\/retningslinjer-for-retur-og-refusjon\/","title":{"rendered":"Retningslinjer for retur og refusjon"},"content":{"rendered":"<div data-elementor-type=\"wp-page\" data-elementor-id=\"2199\" class=\"elementor elementor-2199\" data-elementor-post-type=\"page\">\n\t\t\t\t\t\t<section class=\"elementor-section elementor-top-section elementor-element elementor-element-98b7f3f elementor-section-boxed elementor-section-height-default elementor-section-height-default wpr-particle-no wpr-jarallax-no wpr-parallax-no wpr-sticky-section-no wpr-equal-height-no\" data-id=\"98b7f3f\" data-element_type=\"section\" data-e-type=\"section\">\n\t\t\t\t\t\t<div class=\"elementor-container elementor-column-gap-default\">\n\t\t\t\t\t<div class=\"elementor-column elementor-col-100 elementor-top-column elementor-element elementor-element-ba300f7\" data-id=\"ba300f7\" data-element_type=\"column\" data-e-type=\"column\">\n\t\t\t<div class=\"elementor-widget-wrap elementor-element-populated\">\n\t\t\t\t\t\t<div class=\"elementor-element elementor-element-bf50a4f elementor-widget elementor-widget-heading\" data-id=\"bf50a4f\" data-element_type=\"widget\" data-e-type=\"widget\" data-widget_type=\"heading.default\">\n\t\t\t\t<div class=\"elementor-widget-container\">\n\t\t\t\t\t<h2 class=\"elementor-heading-title elementor-size-default\">Retningslinjer for retur og refusjon<\/h2>\t\t\t\t<\/div>\n\t\t\t\t<\/div>\n\t\t\t\t<div class=\"elementor-element elementor-element-91d149a elementor-widget elementor-widget-text-editor\" data-id=\"91d149a\" data-element_type=\"widget\" data-e-type=\"widget\" data-widget_type=\"text-editor.default\">\n\t\t\t\t<div class=\"elementor-widget-container\">\n\t\t\t\t\t\t\t\t\t<p>Takk for at du handler hos Welding Consulting.<\/p>\n<p><\/p>\n<p>Hvis du av en eller annen grunn ikke er helt forn\u00f8yd med kj\u00f8pet, kan du lese v\u00e5re retningslinjer for refusjon.<\/p>\n<p><\/p>\n<p>F\u00f8lgende vilk\u00e5r og betingelser gjelder for alle produkter som kj\u00f8pes fra oss.<\/p>\n<h2>Tolkning og definisjoner<\/h2>\n<h3>Tolkning<\/h3>\n<p>Ord med stor forbokstav skal ha en betydning som er definert i samsvar med de f\u00f8lgende begrepene. F\u00f8lgende definisjoner har samme betydning uavhengig av om de forekommer i entall eller flertall.<\/p>\n<h3>Definisjoner<\/h3>\n<p>I henhold til disse retningslinjene for retur og refusjon:<\/p>\n<p><span style=\"background-color: var(--ast-global-color-5);\"><b>Selskap<\/b><\/span>&nbsp;(i denne avtalen kalt \"selskapet\", \"vi\", \"oss\" eller \"v\u00e5r\") betyr Welding Consulting, ul. Strzeli\u0144ska 23\/3 60-169 Poznan.<\/p>\n<p><span style=\"background-color: var(--ast-global-color-5);\"><b>Bra&nbsp;<\/b><\/span>se varene som er til salgs p\u00e5 nettstedet.<\/p>\n<p><span style=\"background-color: var(--ast-global-color-5);\"><b>Anskaffelser<\/b><\/span>&nbsp;signaliserer din foresp\u00f8rsel om \u00e5 kj\u00f8pe varer fra oss.<\/p>\n<p><span style=\"background-color: var(--ast-global-color-5);\"><b>Arbeid<\/b><\/span><strong>&nbsp;<\/strong>refererer til nettstedet.<\/p>\n<p><span style=\"background-color: var(--ast-global-color-5);\"><b>Nettsted<\/b><\/span>&nbsp;henviser til Welding Consulting, tilgjengelig p\u00e5 <a href=\"https:\/\/weldingconsulting.pl\/nb\">https:\/\/weldingconsulting.pl\/<\/a><\/p>\n<p>T<b>y&nbsp;<\/b>Betyr personen som f\u00e5r tilgang til eller bruker Tjenesten, selskapet eller annen juridisk enhet p\u00e5 hvis vegne personen f\u00e5r tilgang til eller bruker Tjenesten, alt etter hva som er tilfelle.<\/p>\n<h2>Dine angrerettigheter<\/h2>\n<p>Du har rett til \u00e5 kansellere bestillingen innen 30 dager uten \u00e5 oppgi noen grunn.<\/p>\n<p>Fristen for \u00e5 kansellere bestillingen er 30 dager fra den dagen du mottar varene, eller fra den dagen den utpekte tredjeparten som ikke er transport\u00f8r, overtar det leverte produktet.<\/p>\n<p>For \u00e5 ut\u00f8ve din angrerett m\u00e5 du informere oss om din beslutning i en tydelig erkl\u00e6ring. Du kan informere oss om din beslutning ved \u00e5:<\/p>\n<ul>\n<li>P\u00e5 telefonnummer: +48 508 052 072<\/li>\n<\/ul>\n<p>Vi refunderer deg senest 14 dager etter at vi har mottatt de returnerte varene. Vi bruker samme betalingsm\u00e5te som du brukte da du bestilte, og du p\u00e5drar deg ingen kostnader for en slik retur.<\/p>\n<h2>Betingelser for retur<\/h2>\n<p>For at varene skal v\u00e6re kvalifisert for retur, m\u00e5 du s\u00f8rge for at:<\/p>\n<ul>\n<li>Varene ble kj\u00f8pt i l\u00f8pet av de siste 30 dagene<\/li>\n<li>varene er i originalemballasjen<\/li>\n<\/ul>\n<p>F\u00f8lgende varer kan ikke returneres:<\/p>\n<ul>\n<li>Levering av varer som er laget i henhold til dine spesifikasjoner eller som er tydelig personlig tilpasset.<\/li>\n<li>Levering av varer som p\u00e5 grunn av sin art ikke kan returneres, er lett bedervelige eller har g\u00e5tt ut p\u00e5 dato.<\/li>\n<li>Levering av varer hvis emballasje av helsemessige eller hygieniske \u00e5rsaker ikke kan returneres og som har blitt \u00e5pnet etter levering.<\/li>\n<li>Levering av varer som etter sin art ikke kan skilles fra andre ting etter levering.<\/li>\n<\/ul>\n<p>Vi forbeholder oss retten til \u00e5 nekte \u00e5 returnere varer som ikke oppfyller ovennevnte returbetingelser etter eget skj\u00f8nn.<\/p>\n<p>Kun varer til ordin\u00e6r pris kan returneres. Varer p\u00e5 salg kan dessverre ikke returneres. Det kan hende at dette unntaket ikke gjelder i ditt tilfelle hvis det ikke er tillatt i henhold til gjeldende lov.<\/p>\n<h2>retur av varer<\/h2>\n<p>Du er ansvarlig for kostnadene og risikoen ved \u00e5 returnere varene til oss. Varene skal sendes til:<\/p>\n<ol>\n<li>Strzeli\u0144ska 23\/3 60-169 Pozna\u0144<\/li>\n<\/ol>\n<p>Vi kan ikke holdes ansvarlig for skade p\u00e5 eller tap av varer i returforsendelsen. Vi anbefaler derfor en forsikret og sporbar postforsendelse. Vi kan ikke utstede refusjon uten faktisk mottak av varene eller bevis p\u00e5 mottak av returporto.<\/p>\n<h2>Gaver<\/h2>\n<p>Hvis varen ble merket som en gave ved kj\u00f8pet og deretter sendt direkte til deg, vil du motta en gavekreditt p\u00e5 verdien av returen. Ved mottak av det returnerte produktet vil gavekortet bli sendt til deg.<\/p>\n<p>Hvis varene ikke var merket som gave p\u00e5 kj\u00f8pstidspunktet, eller hvis gavegiveren har f\u00e5tt ordren tilsendt til seg selv for senere overf\u00f8ring, vil vi refundere bel\u00f8pet til gavegiveren.<\/p>\n<h3>Kontakt oss<\/h3>\n<p>Hvis du har sp\u00f8rsm\u00e5l om v\u00e5re retningslinjer for retur og refusjon, kan du kontakte oss:<\/p>\n<ul>\n<li>P\u00e5 telefonnummer: +48 508 052 072<\/li>\n<\/ul>\t\t\t\t\t\t\t\t<\/div>\n\t\t\t\t<\/div>\n\t\t\t\t\t<\/div>\n\t\t<\/div>\n\t\t\t\t\t<\/div>\n\t\t<\/section>\n\t\t\t\t<\/div>","protected":false},"excerpt":{"rendered":"<p>Polityka zwrot\u00f3w i zwrot\u00f3w Dzi\u0119kujemy za zakupy w Welding Consulting. Je\u015bli z jakiegokolwiek powodu nie jeste\u015b w pe\u0142ni usatysfakcjonowany zakupem, zapraszamy do zapoznania si\u0119 z nasz\u0105 polityk\u0105 dotycz\u0105c\u0105 zwrot\u00f3w pieni\u0119dzy. Poni\u017csze warunki maj\u0105 zastosowanie do wszystkich produkt\u00f3w zakupionych u nas. Interpretacja i definicje Interpretacja S\u0142owa, kt\u00f3rych pierwsza litera jest pisana wielk\u0105 liter\u0105, maj\u0105 znaczenie okre\u015blone zgodnie z poni\u017cszymi warunkami. Poni\u017csze definicje maj\u0105 to samo znaczenie niezale\u017cnie od tego, czy wyst\u0119puj\u0105 w liczbie pojedynczej czy mnogiej. Definicje Na potrzeby niniejszej Polityki zwrot\u00f3w i refundacji: Firma&nbsp;(zwana w niniejszej Umowie \u201eSp\u00f3\u0142k\u0105\u201d, \u201eMy\u201d, \u201eNas\u201d lub \u201eNasz\u201d) oznacza Welding Consulting, ul. Strzeli\u0144ska 23\/3 60-169 Pozna\u0144. Dobra&nbsp;zapozna\u0107 si\u0119 z przedmiotami wystawionymi na sprzeda\u017c w Serwisie. Zam\u00f3wienia&nbsp;oznaczaj\u0105 Twoj\u0105 pro\u015bb\u0119 o zakup od nas Towar\u00f3w. Praca&nbsp;odnosi si\u0119 do Strony internetowej. Strona internetowa&nbsp;odnosi si\u0119 do Welding Consulting, dost\u0119pnego pod adresem https:\/\/weldingconsulting.pl\/ Ty&nbsp;Oznacza osob\u0119 uzyskuj\u0105c\u0105 dost\u0119p do Us\u0142ugi lub korzystaj\u0105c\u0105 z niej, firm\u0119 lub inny podmiot prawny, w imieniu kt\u00f3rego taka osoba uzyskuje dost\u0119p do Us\u0142ugi lub korzysta z niej, stosownie do przypadku. Twoje prawa do anulowania zam\u00f3wienia Masz prawo anulowa\u0107 swoje Zam\u00f3wienie w ci\u0105gu 30 dni bez podawania przyczyny. Termin do anulowania Zam\u00f3wienia wynosi 30 dni od dnia, w kt\u00f3rym otrzymali Pa\u0144stwo Towar lub od dnia, w kt\u00f3rym wyznaczona przez Pa\u0144stwa osoba trzecia nieb\u0119d\u0105ca przewo\u017anikiem obj\u0119\u0142a dostarczony produkt w posiadanie. Aby skorzysta\u0107 z prawa do odst\u0105pienia od umowy, musisz poinformowa\u0107 nas o swojej decyzji w drodze jasnego o\u015bwiadczenia. Mo\u017cesz poinformowa\u0107 nas o swojej decyzji poprzez: Wed\u0142ug numeru telefonu: +48 508 052 072 Zwr\u00f3cimy Ci pieni\u0105dze nie p\u00f3\u017aniej ni\u017c 14 dni od dnia otrzymania zwracanego Towaru. B\u0119dziemy korzysta\u0107 z takich samych sposob\u00f3w p\u0142atno\u015bci, jakie u\u017cy\u0142e\u015b przy sk\u0142adaniu zam\u00f3wienia, a Ty nie poniesiesz \u017cadnych op\u0142at z tytu\u0142u takiego zwrotu. Warunki zwrot\u00f3w Aby Towar kwalifikowa\u0142 si\u0119 do zwrotu, prosimy upewni\u0107 si\u0119, \u017ce: Towar zosta\u0142 zakupiony w ci\u0105gu ostatnich 30 dni Towar znajduje si\u0119 w oryginalnym opakowaniu Zwrotowi nie podlegaj\u0105 nast\u0119puj\u0105ce Towary: Dostawa Towar\u00f3w wykonanych zgodnie z Twoj\u0105 specyfikacj\u0105 lub wyra\u017anie spersonalizowanych. Dostawa Towar\u00f3w, kt\u00f3re ze wzgl\u0119du na sw\u00f3j charakter nie nadaj\u0105 si\u0119 do zwrotu, ulegaj\u0105 szybkiemu zepsuciu lub kt\u00f3rych termin przydatno\u015bci do spo\u017cycia up\u0142yn\u0105\u0142. Dostawa Towaru, kt\u00f3rego opakowanie nie nadaje si\u0119 do zwrotu ze wzgl\u0119du na ochron\u0119 zdrowia lub ze wzgl\u0119d\u00f3w higienicznych i kt\u00f3re zosta\u0142o otwarte po dostarczeniu. Dostawa Towar\u00f3w, kt\u00f3re po dostarczeniu, ze wzgl\u0119du na sw\u00f3j charakter, zostaj\u0105 nieroz\u0142\u0105cznie po\u0142\u0105czone z innymi rzeczami. Zastrzegamy sobie prawo do odmowy zwrotu dowolnego towaru, kt\u00f3ry nie spe\u0142nia powy\u017cszych warunk\u00f3w zwrotu, wed\u0142ug w\u0142asnego uznania. Zwrotowi podlegaj\u0105 wy\u0142\u0105cznie Towary w cenie regularnej. Niestety, Towar wystawiony na wyprzeda\u017cy nie podlega zwrotowi. Wy\u0142\u0105czenie to mo\u017ce nie mie\u0107 zastosowania w Twoim przypadku, je\u015bli nie jest to dozwolone przez obowi\u0105zuj\u0105ce prawo. zwracanie towaru Ponosz\u0105 Pa\u0144stwo odpowiedzialno\u015b\u0107 za koszty i ryzyko zwrotu Towaru do nas. Towar nale\u017cy wys\u0142a\u0107 na adres: Strzeli\u0144ska 23\/3 60-169 Pozna\u0144 Nie mo\u017cemy ponosi\u0107 odpowiedzialno\u015bci za uszkodzenie lub zagubienie Towar\u00f3w w przesy\u0142ce zwrotnej. Dlatego zalecamy ubezpieczon\u0105 i mo\u017cliw\u0105 do \u015bledzenia us\u0142ug\u0119 pocztow\u0105. Nie mo\u017cemy dokona\u0107 zwrotu pieni\u0119dzy bez faktycznego otrzymania Towaru lub dowodu otrzymania przesy\u0142ki zwrotnej. Prezenty Je\u015bli Towar zosta\u0142 oznaczony jako prezent przy zakupie, a nast\u0119pnie wys\u0142any bezpo\u015brednio do Ciebie, otrzymasz kredyt podarunkowy o warto\u015bci zwrotu. Po otrzymaniu zwr\u00f3conego produktu, bon upominkowy zostanie do Ciebie wys\u0142any. Je\u017celi Towar nie zosta\u0142 oznaczony jako prezent w momencie zakupu lub osoba obdarowuj\u0105ca prezentem zleci\u0142a sobie wys\u0142anie Zam\u00f3wienia w celu przekazania go p\u00f3\u017aniej, wy\u015blemy zwrot pieni\u0119dzy do dawcy prezentu. Skontaktuj si\u0119 z nami Je\u015bli masz jakiekolwiek pytania dotycz\u0105ce naszej Polityki zwrot\u00f3w i zwrot\u00f3w, skontaktuj si\u0119 z nami: Wed\u0142ug numeru telefonu: +48 508 052 072<\/p>","protected":false},"author":1,"featured_media":0,"parent":0,"menu_order":0,"comment_status":"closed","ping_status":"closed","template":"","meta":{"site-sidebar-layout":"no-sidebar","site-content-layout":"","ast-site-content-layout":"full-width-container","site-content-style":"default","site-sidebar-style":"default","ast-global-header-display":"","ast-banner-title-visibility":"","ast-main-header-display":"","ast-hfb-above-header-display":"","ast-hfb-below-header-display":"","ast-hfb-mobile-header-display":"","site-post-title":"disabled","ast-breadcrumbs-content":"","ast-featured-img":"disabled","footer-sml-layout":"","ast-disable-related-posts":"","theme-transparent-header-meta":"","adv-header-id-meta":"","stick-header-meta":"","header-above-stick-meta":"","header-main-stick-meta":"","header-below-stick-meta":"","astra-migrate-meta-layouts":"default","ast-page-background-enabled":"default","ast-page-background-meta":{"desktop":{"background-color":"var(--ast-global-color-4)","background-image":"","background-repeat":"repeat","background-position":"center center","background-size":"auto","background-attachment":"scroll","background-type":"","background-media":"","overlay-type":"","overlay-color":"","overlay-opacity":"","overlay-gradient":""},"tablet":{"background-color":"","background-image":"","background-repeat":"repeat","background-position":"center center","background-size":"auto","background-attachment":"scroll","background-type":"","background-media":"","overlay-type":"","overlay-color":"","overlay-opacity":"","overlay-gradient":""},"mobile":{"background-color":"","background-image":"","background-repeat":"repeat","background-position":"center center","background-size":"auto","background-attachment":"scroll","background-type":"","background-media":"","overlay-type":"","overlay-color":"","overlay-opacity":"","overlay-gradient":""}},"ast-content-background-meta":{"desktop":{"background-color":"var(--ast-global-color-5)","background-image":"","background-repeat":"repeat","background-position":"center center","background-size":"auto","background-attachment":"scroll","background-type":"","background-media":"","overlay-type":"","overlay-color":"","overlay-opacity":"","overlay-gradient":""},"tablet":{"background-color":"var(--ast-global-color-5)","background-image":"","background-repeat":"repeat","background-position":"center center","background-size":"auto","background-attachment":"scroll","background-type":"","background-media":"","overlay-type":"","overlay-color":"","overlay-opacity":"","overlay-gradient":""},"mobile":{"background-color":"var(--ast-global-color-5)","background-image":"","background-repeat":"repeat","background-position":"center center","background-size":"auto","background-attachment":"scroll","background-type":"","background-media":"","overlay-type":"","overlay-color":"","overlay-opacity":"","overlay-gradient":""}},"footnotes":""},"class_list":["post-2199","page","type-page","status-publish","hentry"],"rttpg_featured_image_url":null,"rttpg_author":{"display_name":"admin-JYZ7TiXE","author_link":"https:\/\/weldingconsulting.pl\/nb\/author\/admin-jyz7tixe\/"},"rttpg_comment":0,"rttpg_category":null,"rttpg_excerpt":"Polityka zwrot\u00f3w i zwrot\u00f3w Dzi\u0119kujemy za zakupy w Welding Consulting. Je\u015bli z jakiegokolwiek powodu nie jeste\u015b w pe\u0142ni usatysfakcjonowany zakupem, zapraszamy do zapoznania si\u0119 z nasz\u0105 polityk\u0105 dotycz\u0105c\u0105 zwrot\u00f3w pieni\u0119dzy. Poni\u017csze warunki maj\u0105 zastosowanie do wszystkich produkt\u00f3w zakupionych u nas. Interpretacja i definicje Interpretacja S\u0142owa, kt\u00f3rych pierwsza litera jest pisana wielk\u0105 liter\u0105, maj\u0105 znaczenie okre\u015blone&hellip;","_links":{"self":[{"href":"https:\/\/weldingconsulting.pl\/nb\/wp-json\/wp\/v2\/pages\/2199","targetHints":{"allow":["GET"]}}],"collection":[{"href":"https:\/\/weldingconsulting.pl\/nb\/wp-json\/wp\/v2\/pages"}],"about":[{"href":"https:\/\/weldingconsulting.pl\/nb\/wp-json\/wp\/v2\/types\/page"}],"author":[{"embeddable":true,"href":"https:\/\/weldingconsulting.pl\/nb\/wp-json\/wp\/v2\/users\/1"}],"replies":[{"embeddable":true,"href":"https:\/\/weldingconsulting.pl\/nb\/wp-json\/wp\/v2\/comments?post=2199"}],"version-history":[{"count":25,"href":"https:\/\/weldingconsulting.pl\/nb\/wp-json\/wp\/v2\/pages\/2199\/revisions"}],"predecessor-version":[{"id":2455,"href":"https:\/\/weldingconsulting.pl\/nb\/wp-json\/wp\/v2\/pages\/2199\/revisions\/2455"}],"wp:attachment":[{"href":"https:\/\/weldingconsulting.pl\/nb\/wp-json\/wp\/v2\/media?parent=2199"}],"curies":[{"name":"wp","href":"https:\/\/api.w.org\/{rel}","templated":true}]}}