{"id":1115,"date":"2023-09-21T00:21:57","date_gmt":"2023-09-20T22:21:57","guid":{"rendered":"https:\/\/weldingconsulting.pl\/?page_id=1115"},"modified":"2023-12-20T15:42:54","modified_gmt":"2023-12-20T14:42:54","slug":"fordeler-og-implementering-av-iso-3834-sertifisering","status":"publish","type":"page","link":"https:\/\/weldingconsulting.pl\/nb\/fordeler-og-implementering-av-iso-3834-sertifisering\/","title":{"rendered":"ISO 3834-sertifisering - fordeler og implementering"},"content":{"rendered":"<div data-elementor-type=\"wp-page\" data-elementor-id=\"1115\" class=\"elementor elementor-1115\" data-elementor-post-type=\"page\">\n\t\t\t\t\t\t<section class=\"elementor-section elementor-top-section elementor-element elementor-element-34dce07 elementor-section-boxed elementor-section-height-default elementor-section-height-default wpr-particle-no wpr-jarallax-no wpr-parallax-no wpr-sticky-section-no wpr-equal-height-no\" data-id=\"34dce07\" data-element_type=\"section\" data-e-type=\"section\">\n\t\t\t\t\t\t<div class=\"elementor-container elementor-column-gap-default\">\n\t\t\t\t\t<div class=\"elementor-column elementor-col-100 elementor-top-column elementor-element elementor-element-8916ae7\" data-id=\"8916ae7\" data-element_type=\"column\" data-e-type=\"column\">\n\t\t\t<div class=\"elementor-widget-wrap elementor-element-populated\">\n\t\t\t\t\t\t<section class=\"elementor-section elementor-inner-section elementor-element elementor-element-677d7fb elementor-section-boxed elementor-section-height-default elementor-section-height-default wpr-particle-no wpr-jarallax-no wpr-parallax-no wpr-sticky-section-no wpr-equal-height-no\" data-id=\"677d7fb\" data-element_type=\"section\" data-e-type=\"section\">\n\t\t\t\t\t\t<div class=\"elementor-container elementor-column-gap-default\">\n\t\t\t\t\t<div class=\"elementor-column elementor-col-100 elementor-inner-column elementor-element elementor-element-427f2f5\" data-id=\"427f2f5\" data-element_type=\"column\" data-e-type=\"column\">\n\t\t\t<div class=\"elementor-widget-wrap elementor-element-populated\">\n\t\t\t\t\t\t<div class=\"elementor-element elementor-element-13c11e6 elementor-widget elementor-widget-heading\" data-id=\"13c11e6\" data-element_type=\"widget\" data-e-type=\"widget\" data-widget_type=\"heading.default\">\n\t\t\t\t<div class=\"elementor-widget-container\">\n\t\t\t\t\t<h2 class=\"elementor-heading-title elementor-size-default\">ISO 3834-sertifisering - implementering for sveising<\/h2>\t\t\t\t<\/div>\n\t\t\t\t<\/div>\n\t\t\t\t\t<\/div>\n\t\t<\/div>\n\t\t\t\t\t<\/div>\n\t\t<\/section>\n\t\t\t\t<section class=\"elementor-section elementor-inner-section elementor-element elementor-element-316ba2f elementor-section-boxed elementor-section-height-default elementor-section-height-default wpr-particle-no wpr-jarallax-no wpr-parallax-no wpr-sticky-section-no wpr-equal-height-no\" data-id=\"316ba2f\" data-element_type=\"section\" data-e-type=\"section\">\n\t\t\t\t\t\t<div class=\"elementor-container elementor-column-gap-default\">\n\t\t\t\t\t<div class=\"elementor-column elementor-col-50 elementor-inner-column elementor-element elementor-element-d3bdc57\" data-id=\"d3bdc57\" data-element_type=\"column\" data-e-type=\"column\">\n\t\t\t<div class=\"elementor-widget-wrap elementor-element-populated\">\n\t\t\t\t\t\t<div class=\"elementor-element elementor-element-130093e elementor-widget elementor-widget-text-editor\" data-id=\"130093e\" data-element_type=\"widget\" data-e-type=\"widget\" data-widget_type=\"text-editor.default\">\n\t\t\t\t<div class=\"elementor-widget-container\">\n\t\t\t\t\t\t\t\t\t<p>ISO 3834-sertifisering for en produksjonsbedrift som bruker sveiseteknikker, er n\u00e5 en n\u00f8dvendighet og et kvalitetsstempel som gj\u00f8r at bedriften kan betraktes som en p\u00e5litelig og betrodd partner.\u00a0<strong>Implementering av ISO 3834<\/strong>\u00a0er en av de viktigste oppgavene for et konsulent- og implementeringsselskap, men ogs\u00e5 den mest gjenkjennelige.\u00a0<strong>kvalitetssertifikat for sveising<\/strong>.<\/p>\t\t\t\t\t\t\t\t<\/div>\n\t\t\t\t<\/div>\n\t\t\t\t<div class=\"elementor-element elementor-element-997f7bc elementor-widget elementor-widget-text-editor\" data-id=\"997f7bc\" data-element_type=\"widget\" data-e-type=\"widget\" data-widget_type=\"text-editor.default\">\n\t\t\t\t<div class=\"elementor-widget-container\">\n\t\t\t\t\t\t\t\t\t<h2>Hva omfatter ISO 3834-sertifiseringen?<\/h2><p>For \u00e5 generalisere - ISO 3834 er et omfattende sett med retningslinjer for sveising av metallkomponenter. I motsetning til for eksempel\u00a0<a href=\"https:\/\/weldingconsulting.pl\/nb\/tilbud-2\/trykkdirektivet-ped-2014-68-eu\/\">PED 2014\/68\/EU Trykkdirektiv<\/a>Anbefalingene i dette sertifikatet gjelder kun sveising. Det er viktig \u00e5 huske p\u00e5 at ISO 3834 er utformet for \u00e5 im\u00f8tekomme en gruppe av\u00a0<strong>krav til sveisebedriften<\/strong>\u00a0avhengig av hvilken rolle sveiseproduktet spiller for den totale sikkerheten til den produserte konstruksjonen. Jo st\u00f8rre rolle sveiseproduktet spiller, desto st\u00f8rre m\u00e5 kravgruppen for ISO 3834-sertifisering v\u00e6re.<\/p>\t\t\t\t\t\t\t\t<\/div>\n\t\t\t\t<\/div>\n\t\t\t\t\t<\/div>\n\t\t<\/div>\n\t\t\t\t<div class=\"elementor-column elementor-col-50 elementor-inner-column elementor-element elementor-element-8f77cca\" data-id=\"8f77cca\" data-element_type=\"column\" data-e-type=\"column\">\n\t\t\t<div class=\"elementor-widget-wrap elementor-element-populated\">\n\t\t\t\t\t\t<div class=\"elementor-element elementor-element-cefdab8 elementor-widget elementor-widget-image\" data-id=\"cefdab8\" data-element_type=\"widget\" data-e-type=\"widget\" data-widget_type=\"image.default\">\n\t\t\t\t<div class=\"elementor-widget-container\">\n\t\t\t\t\t\t\t\t\t\t\t\t\t\t\t<img fetchpriority=\"high\" decoding=\"async\" width=\"788\" height=\"443\" src=\"https:\/\/weldingconsulting.pl\/wp-content\/uploads\/2023\/09\/Wdrozenia-ISO-3834.webp\" class=\"attachment-large size-large wp-image-1566\" alt=\"\" srcset=\"https:\/\/weldingconsulting.pl\/wp-content\/uploads\/2023\/09\/Wdrozenia-ISO-3834.webp 788w, https:\/\/weldingconsulting.pl\/wp-content\/uploads\/2023\/09\/Wdrozenia-ISO-3834-300x169.webp 300w, https:\/\/weldingconsulting.pl\/wp-content\/uploads\/2023\/09\/Wdrozenia-ISO-3834-768x432.webp 768w\" sizes=\"(max-width: 788px) 100vw, 788px\" title=\"\">\t\t\t\t\t\t\t\t\t\t\t\t\t\t\t<\/div>\n\t\t\t\t<\/div>\n\t\t\t\t\t<\/div>\n\t\t<\/div>\n\t\t\t\t\t<\/div>\n\t\t<\/section>\n\t\t\t\t<section class=\"elementor-section elementor-inner-section elementor-element elementor-element-ae855c6 elementor-section-boxed elementor-section-height-default elementor-section-height-default wpr-particle-no wpr-jarallax-no wpr-parallax-no wpr-sticky-section-no wpr-equal-height-no\" data-id=\"ae855c6\" data-element_type=\"section\" data-e-type=\"section\">\n\t\t\t\t\t\t<div class=\"elementor-container elementor-column-gap-default\">\n\t\t\t\t\t<div class=\"elementor-column elementor-col-100 elementor-inner-column elementor-element elementor-element-fa3e259\" data-id=\"fa3e259\" data-element_type=\"column\" data-e-type=\"column\">\n\t\t\t<div class=\"elementor-widget-wrap elementor-element-populated\">\n\t\t\t\t\t\t<div class=\"elementor-element elementor-element-6695d06 elementor-widget elementor-widget-text-editor\" data-id=\"6695d06\" data-element_type=\"widget\" data-e-type=\"widget\" data-widget_type=\"text-editor.default\">\n\t\t\t\t<div class=\"elementor-widget-container\">\n\t\t\t\t\t\t\t\t\t<h2>Hvordan ser implementeringen av ISO 3834 ut?<\/h2><p>Som med alle sertifiseringsomr\u00e5der for sveising m\u00e5 implementeringen av ISO 3834 utf\u00f8res av en kvalifisert sveiseingeni\u00f8r. Som en del av implementeringsprosessen tilbys f\u00f8lgende tjenester\u00a0<strong>sveiseoverv\u00e5king<\/strong>\u00a0og r\u00e5d som omfatter organisering av arbeidsplassen og oppl\u00e6ring av de ansatte, samt produksjonsplanlegging. Den sertifiserte bedriften skal vise at den er i stand til \u00e5 ha full kontroll over produksjonen og organiseringen av den, samt sikre seg mot feil. N\u00e5r alle formelle og praktiske krav er oppfylt, tildeles f\u00f8lgende utmerkelser\u00a0<strong>ISO 3834-sertifikat<\/strong>og selskapet f\u00e5r en bekreftelse p\u00e5 sin viktige tekniske og organisatoriske kompetanse. \u00c5 inneha et sertifikat utgj\u00f8r ikke bare en form for\u00a0<strong>sikkerhetstiltak i tilfelle inspeksjoner<\/strong>men f\u00f8rst og fremst er det et tydelig signal om troverdighet og p\u00e5litelighet til leverand\u00f8rene.<\/p>\t\t\t\t\t\t\t\t<\/div>\n\t\t\t\t<\/div>\n\t\t\t\t\t<\/div>\n\t\t<\/div>\n\t\t\t\t\t<\/div>\n\t\t<\/section>\n\t\t\t\t\t<\/div>\n\t\t<\/div>\n\t\t\t\t\t<\/div>\n\t\t<\/section>\n\t\t\t\t<\/div>","protected":false},"excerpt":{"rendered":"<p>Certyfikat ISO 3834 \u2013 wdro\u017cenia dla spawalnictwa Certyfikat ISO 3834 dla firmy produkcyjnej wykorzystuj\u0105cej techniki spawalnicze jest obecnie konieczno\u015bci\u0105 i\u00a0znakiem rozpoznawczym, pozwalaj\u0105cym traktowa\u0107 firm\u0119 jako pewnego i\u00a0zaufanego partnera.\u00a0Wdro\u017cenie ISO 3834\u00a0to\u00a0jedno z\u00a0najwa\u017cniejszych zada\u0144 dla firmy doradczo-wdro\u017ceniowej, ale\u00a0te\u017c najbardziej rozpoznawalny\u00a0certyfikat jako\u015bci w\u00a0spawalnictwie. Co obejmuje certyfikat ISO 3834? Uog\u00f3lniaj\u0105c \u2013 ISO 3834 jest to\u00a0ca\u0142o\u015bciowy zestaw wytycznych odnosz\u0105cych\u00a0si\u0119 do\u00a0spawania element\u00f3w metalowych. W\u00a0odr\u00f3\u017cnieniu np. od\u00a0dyrektywy ci\u015bnieniowej PED 2014\/68\/EU, zalecenia zawarte w\u00a0tym certyfikacie odnosz\u0105\u00a0si\u0119 stricte do\u00a0spawania. Nale\u017cy pami\u0119ta\u0107 o\u00a0tym, \u017ce norma ISO 3834 jest opracowana tak, aby dostosowa\u0107 grup\u0119\u00a0wymaga\u0144 dla firmy spawalniczej\u00a0w\u00a0zale\u017cno\u015bci od\u00a0roli wyrobu spawalniczego pod\u00a0k\u0105tem og\u00f3lnego bezpiecze\u0144stwa produkowanej konstrukcji. Im rola produktu spawalniczego jest wi\u0119ksza, tym wi\u0119ksz\u0105 grup\u0119 wymaga\u0144 do\u00a0certyfikacji ISO 3834 nale\u017cy spe\u0142ni\u0107. Jak wygl\u0105da wdro\u017cenie ISO 3834? Tak jak wszystkie obszary zwi\u0105zane z\u00a0certyfikacj\u0105 dla spawalnictwa, tak\u00a0wdro\u017cenie ISO 3834 musi zosta\u0107 przeprowadzone przez wykwalifikowanego in\u017cyniera spawalnictwa. W\u00a0ramach procesu wdro\u017cenia \u015bwiadczone s\u0105 us\u0142ugi\u00a0nadzoru spawalniczego\u00a0i\u00a0doradztwa obejmuj\u0105ce organizacj\u0119 stanowiska pracy i\u00a0przeszkolenia pracownik\u00f3w, jak i\u00a0etap planowania produkcji. Certyfikowana firma powinna wykaza\u0107, \u017ce jest w\u00a0stanie w\u00a0pe\u0142ni kontrolowa\u0107 produkcj\u0119 i\u00a0jej\u00a0organizacj\u0119 oraz\u00a0wystrzega\u0107\u00a0si\u0119 b\u0142\u0119d\u00f3w. Po\u00a0spe\u0142nieniu wszystkich formalnych i\u00a0praktycznych wymaga\u0144 nadawany zostaje\u00a0certyfikat ISO 3834, a\u00a0firma uzyskuje potwierdzenie wa\u017cnych kompetencji technicznych i\u00a0organizacyjnych. Posiadanie certyfikatu nie\u00a0tylko\u00a0stanowi form\u0119\u00a0zabezpieczenia w\u00a0przypadku kontroli, ale\u00a0przede wszystkim jest jasnym sygna\u0142em wiarygodno\u015bci i\u00a0rzetelno\u015bci dla kontrahent\u00f3w.<\/p>","protected":false},"author":1,"featured_media":0,"parent":0,"menu_order":0,"comment_status":"closed","ping_status":"closed","template":"elementor_header_footer","meta":{"site-sidebar-layout":"default","site-content-layout":"","ast-site-content-layout":"default","site-content-style":"default","site-sidebar-style":"default","ast-global-header-display":"","ast-banner-title-visibility":"","ast-main-header-display":"","ast-hfb-above-header-display":"","ast-hfb-below-header-display":"","ast-hfb-mobile-header-display":"","site-post-title":"","ast-breadcrumbs-content":"","ast-featured-img":"","footer-sml-layout":"","ast-disable-related-posts":"","theme-transparent-header-meta":"default","adv-header-id-meta":"","stick-header-meta":"","header-above-stick-meta":"","header-main-stick-meta":"","header-below-stick-meta":"","astra-migrate-meta-layouts":"set","ast-page-background-enabled":"default","ast-page-background-meta":{"desktop":{"background-color":"var(--ast-global-color-4)","background-image":"","background-repeat":"repeat","background-position":"center center","background-size":"auto","background-attachment":"scroll","background-type":"","background-media":"","overlay-type":"","overlay-color":"","overlay-opacity":"","overlay-gradient":""},"tablet":{"background-color":"","background-image":"","background-repeat":"repeat","background-position":"center center","background-size":"auto","background-attachment":"scroll","background-type":"","background-media":"","overlay-type":"","overlay-color":"","overlay-opacity":"","overlay-gradient":""},"mobile":{"background-color":"","background-image":"","background-repeat":"repeat","background-position":"center center","background-size":"auto","background-attachment":"scroll","background-type":"","background-media":"","overlay-type":"","overlay-color":"","overlay-opacity":"","overlay-gradient":""}},"ast-content-background-meta":{"desktop":{"background-color":"var(--ast-global-color-5)","background-image":"","background-repeat":"repeat","background-position":"center center","background-size":"auto","background-attachment":"scroll","background-type":"","background-media":"","overlay-type":"","overlay-color":"","overlay-opacity":"","overlay-gradient":""},"tablet":{"background-color":"var(--ast-global-color-5)","background-image":"","background-repeat":"repeat","background-position":"center center","background-size":"auto","background-attachment":"scroll","background-type":"","background-media":"","overlay-type":"","overlay-color":"","overlay-opacity":"","overlay-gradient":""},"mobile":{"background-color":"var(--ast-global-color-5)","background-image":"","background-repeat":"repeat","background-position":"center center","background-size":"auto","background-attachment":"scroll","background-type":"","background-media":"","overlay-type":"","overlay-color":"","overlay-opacity":"","overlay-gradient":""}},"footnotes":""},"class_list":["post-1115","page","type-page","status-publish","hentry"],"rttpg_featured_image_url":null,"rttpg_author":{"display_name":"admin-JYZ7TiXE","author_link":"https:\/\/weldingconsulting.pl\/nb\/author\/admin-jyz7tixe\/"},"rttpg_comment":0,"rttpg_category":null,"rttpg_excerpt":"Certyfikat ISO 3834 \u2013 wdro\u017cenia dla spawalnictwa Certyfikat ISO 3834 dla firmy produkcyjnej wykorzystuj\u0105cej techniki spawalnicze jest obecnie konieczno\u015bci\u0105 i\u00a0znakiem rozpoznawczym, pozwalaj\u0105cym traktowa\u0107 firm\u0119 jako pewnego i\u00a0zaufanego partnera.\u00a0Wdro\u017cenie ISO 3834\u00a0to\u00a0jedno z\u00a0najwa\u017cniejszych zada\u0144 dla firmy doradczo-wdro\u017ceniowej, ale\u00a0te\u017c najbardziej rozpoznawalny\u00a0certyfikat jako\u015bci w\u00a0spawalnictwie. Co obejmuje certyfikat ISO 3834? Uog\u00f3lniaj\u0105c \u2013 ISO 3834 jest to\u00a0ca\u0142o\u015bciowy zestaw wytycznych odnosz\u0105cych\u00a0si\u0119 do\u00a0spawania&hellip;","_links":{"self":[{"href":"https:\/\/weldingconsulting.pl\/nb\/wp-json\/wp\/v2\/pages\/1115","targetHints":{"allow":["GET"]}}],"collection":[{"href":"https:\/\/weldingconsulting.pl\/nb\/wp-json\/wp\/v2\/pages"}],"about":[{"href":"https:\/\/weldingconsulting.pl\/nb\/wp-json\/wp\/v2\/types\/page"}],"author":[{"embeddable":true,"href":"https:\/\/weldingconsulting.pl\/nb\/wp-json\/wp\/v2\/users\/1"}],"replies":[{"embeddable":true,"href":"https:\/\/weldingconsulting.pl\/nb\/wp-json\/wp\/v2\/comments?post=1115"}],"version-history":[{"count":19,"href":"https:\/\/weldingconsulting.pl\/nb\/wp-json\/wp\/v2\/pages\/1115\/revisions"}],"predecessor-version":[{"id":2485,"href":"https:\/\/weldingconsulting.pl\/nb\/wp-json\/wp\/v2\/pages\/1115\/revisions\/2485"}],"wp:attachment":[{"href":"https:\/\/weldingconsulting.pl\/nb\/wp-json\/wp\/v2\/media?parent=1115"}],"curies":[{"name":"wp","href":"https:\/\/api.w.org\/{rel}","templated":true}]}}