{"id":1100,"date":"2023-09-20T22:39:10","date_gmt":"2023-09-20T20:39:10","guid":{"rendered":"https:\/\/weldingconsulting.pl\/?page_id=1100"},"modified":"2023-12-27T19:50:28","modified_gmt":"2023-12-27T18:50:28","slug":"fastsettelse-av-sveisekrav","status":"publish","type":"page","link":"https:\/\/weldingconsulting.pl\/nb\/fastsettelse-av-sveisekrav\/","title":{"rendered":"Fastsettelse av sveisekrav"},"content":{"rendered":"<div data-elementor-type=\"wp-page\" data-elementor-id=\"1100\" class=\"elementor elementor-1100\" data-elementor-post-type=\"page\">\n\t\t\t\t\t\t<section class=\"elementor-section elementor-top-section elementor-element elementor-element-3907065 elementor-section-boxed elementor-section-height-default elementor-section-height-default wpr-particle-no wpr-jarallax-no wpr-parallax-no wpr-sticky-section-no wpr-column-slider-no wpr-equal-height-no\" data-id=\"3907065\" data-element_type=\"section\" data-e-type=\"section\">\n\t\t\t\t\t\t<div class=\"elementor-container elementor-column-gap-default\">\n\t\t\t\t\t<div class=\"elementor-column elementor-col-100 elementor-top-column elementor-element elementor-element-b1286ba\" data-id=\"b1286ba\" data-element_type=\"column\" data-e-type=\"column\">\n\t\t\t<div class=\"elementor-widget-wrap elementor-element-populated\">\n\t\t\t\t\t\t<div class=\"elementor-element elementor-element-1bd5439 elementor-widget elementor-widget-heading\" data-id=\"1bd5439\" data-element_type=\"widget\" data-e-type=\"widget\" data-widget_type=\"heading.default\">\n\t\t\t\t<div class=\"elementor-widget-container\">\n\t\t\t\t\t<h1 class=\"elementor-heading-title elementor-size-default\">Optimalisering av sveisedesign: Hvordan fastsettelse av krav gir gode resultater<\/h1>\t\t\t\t<\/div>\n\t\t\t\t<\/div>\n\t\t\t\t<div class=\"elementor-element elementor-element-a81f5ed elementor-widget elementor-widget-text-editor\" data-id=\"a81f5ed\" data-element_type=\"widget\" data-e-type=\"widget\" data-widget_type=\"text-editor.default\">\n\t\t\t\t<div class=\"elementor-widget-container\">\n\t\t\t\t\t\t\t\t\t<p><span style=\"font-weight: 400;\">I dagens bygge- og anleggsprosjekter er n\u00f8yaktig fastsettelse av sveisekrav et n\u00f8kkelelement for \u00e5 sikre at konstruksjonene blir vellykkede og holdbare. For prosjektstyringsselskaper som er opptatt av utmerket sveisekvalitet, tilbyr Welding Consulting uvurderlig hjelp til \u00e5 bestemme disse viktige parametrene.<\/span><\/p>\t\t\t\t\t\t\t\t<\/div>\n\t\t\t\t<\/div>\n\t\t\t\t\t<\/div>\n\t\t<\/div>\n\t\t\t\t\t<\/div>\n\t\t<\/section>\n\t\t\t\t<section class=\"elementor-section elementor-top-section elementor-element elementor-element-ae353c9 elementor-section-boxed elementor-section-height-default elementor-section-height-default wpr-particle-no wpr-jarallax-no wpr-parallax-no wpr-sticky-section-no wpr-column-slider-no wpr-equal-height-no\" data-id=\"ae353c9\" data-element_type=\"section\" data-e-type=\"section\">\n\t\t\t\t\t\t<div class=\"elementor-container elementor-column-gap-default\">\n\t\t\t\t\t<div class=\"elementor-column elementor-col-50 elementor-top-column elementor-element elementor-element-b7bb04c\" data-id=\"b7bb04c\" data-element_type=\"column\" data-e-type=\"column\">\n\t\t\t<div class=\"elementor-widget-wrap elementor-element-populated\">\n\t\t\t\t\t\t<div class=\"elementor-element elementor-element-c4db93b elementor-widget elementor-widget-heading\" data-id=\"c4db93b\" data-element_type=\"widget\" data-e-type=\"widget\" data-widget_type=\"heading.default\">\n\t\t\t\t<div class=\"elementor-widget-container\">\n\t\t\t\t\t<h2 class=\"elementor-heading-title elementor-size-default\">Individuell tiln\u00e6rming til sveisekrav<\/h2>\t\t\t\t<\/div>\n\t\t\t\t<\/div>\n\t\t\t\t<div class=\"elementor-element elementor-element-171fd6c elementor-widget-divider--view-line elementor-widget elementor-widget-divider\" data-id=\"171fd6c\" data-element_type=\"widget\" data-e-type=\"widget\" data-widget_type=\"divider.default\">\n\t\t\t\t<div class=\"elementor-widget-container\">\n\t\t\t\t\t\t\t<div class=\"elementor-divider\">\n\t\t\t<span class=\"elementor-divider-separator\">\n\t\t\t\t\t\t<\/span>\n\t\t<\/div>\n\t\t\t\t\t\t<\/div>\n\t\t\t\t<\/div>\n\t\t\t\t<div class=\"elementor-element elementor-element-dfef6c1 elementor-widget elementor-widget-text-editor\" data-id=\"dfef6c1\" data-element_type=\"widget\" data-e-type=\"widget\" data-widget_type=\"text-editor.default\">\n\t\t\t\t<div class=\"elementor-widget-container\">\n\t\t\t\t\t\t\t\t\t<p><span style=\"font-weight: 400;\">Welding Consulting erkjenner at hvert prosjekt er unikt. Derfor er v\u00e5r tiln\u00e6rming til \u00e5 fastsette sveisebehovet basert p\u00e5 en inng\u00e5ende forst\u00e5else av de spesifikke detaljene i jobben. V\u00e5rt ekspertteam r\u00e5df\u00f8rer seg med kunden for \u00e5 f\u00e5 en fullstendig forst\u00e5else av forventninger og behov, slik at kravene kan skreddersys til det spesifikke prosjektet.<\/span><\/p>\t\t\t\t\t\t\t\t<\/div>\n\t\t\t\t<\/div>\n\t\t\t\t<div class=\"elementor-element elementor-element-f86eac6 elementor-widget elementor-widget-heading\" data-id=\"f86eac6\" data-element_type=\"widget\" data-e-type=\"widget\" data-widget_type=\"heading.default\">\n\t\t\t\t<div class=\"elementor-widget-container\">\n\t\t\t\t\t<h2 class=\"elementor-heading-title elementor-size-default\">Materialer, sertifisering, prosedyrer<\/h2>\t\t\t\t<\/div>\n\t\t\t\t<\/div>\n\t\t\t\t<div class=\"elementor-element elementor-element-e8b6d59 elementor-widget-divider--view-line elementor-widget elementor-widget-divider\" data-id=\"e8b6d59\" data-element_type=\"widget\" data-e-type=\"widget\" data-widget_type=\"divider.default\">\n\t\t\t\t<div class=\"elementor-widget-container\">\n\t\t\t\t\t\t\t<div class=\"elementor-divider\">\n\t\t\t<span class=\"elementor-divider-separator\">\n\t\t\t\t\t\t<\/span>\n\t\t<\/div>\n\t\t\t\t\t\t<\/div>\n\t\t\t\t<\/div>\n\t\t\t\t<div class=\"elementor-element elementor-element-c69775a elementor-widget elementor-widget-text-editor\" data-id=\"c69775a\" data-element_type=\"widget\" data-e-type=\"widget\" data-widget_type=\"text-editor.default\">\n\t\t\t\t<div class=\"elementor-widget-container\">\n\t\t\t\t\t\t\t\t\t<p><span style=\"font-weight: 400;\">Welding Consulting har spesialisert seg p\u00e5 \u00e5 identifisere materialkrav, sertifiseringsomr\u00e5der for anlegg\/personale og prosedyrene som trengs for \u00e5 f\u00e5 jobben gjort. V\u00e5r kunnskap basert p\u00e5 mange \u00e5rs erfaring gj\u00f8r det mulig for oss \u00e5 identifisere de viktigste aspektene som p\u00e5virker sveisens holdbarhet og kvalitet.<\/span><\/p>\t\t\t\t\t\t\t\t<\/div>\n\t\t\t\t<\/div>\n\t\t\t\t\t<\/div>\n\t\t<\/div>\n\t\t\t\t<div class=\"elementor-column elementor-col-50 elementor-top-column elementor-element elementor-element-82f29f5\" data-id=\"82f29f5\" data-element_type=\"column\" data-e-type=\"column\">\n\t\t\t<div class=\"elementor-widget-wrap elementor-element-populated\">\n\t\t\t\t\t\t<div class=\"elementor-element elementor-element-09a68e9 elementor-widget elementor-widget-image\" data-id=\"09a68e9\" data-element_type=\"widget\" data-e-type=\"widget\" data-widget_type=\"image.default\">\n\t\t\t\t<div class=\"elementor-widget-container\">\n\t\t\t\t\t\t\t\t\t\t\t\t\t\t\t<img decoding=\"async\" src=\"https:\/\/weldingconsulting.pl\/wp-content\/uploads\/elementor\/thumbs\/7xm.xyz230243_11zon-qhfvinytlj3wd6hlfc4erjka2brjcuxyja927whsts.jpg\" title=\"7xm.xyz230243_11zon\" alt=\"Individuell tiln\u00e6rming til sveisekrav\" loading=\"lazy\" \/>\t\t\t\t\t\t\t\t\t\t\t\t\t\t\t<\/div>\n\t\t\t\t<\/div>\n\t\t\t\t\t<\/div>\n\t\t<\/div>\n\t\t\t\t\t<\/div>\n\t\t<\/section>\n\t\t\t\t<section class=\"elementor-section elementor-top-section elementor-element elementor-element-00d3f11 elementor-section-boxed elementor-section-height-default elementor-section-height-default wpr-particle-no wpr-jarallax-no wpr-parallax-no wpr-sticky-section-no wpr-column-slider-no wpr-equal-height-no\" data-id=\"00d3f11\" data-element_type=\"section\" data-e-type=\"section\">\n\t\t\t\t\t\t<div class=\"elementor-container elementor-column-gap-default\">\n\t\t\t\t\t<div class=\"elementor-column elementor-col-100 elementor-top-column elementor-element elementor-element-573acd7\" data-id=\"573acd7\" data-element_type=\"column\" data-e-type=\"column\">\n\t\t\t<div class=\"elementor-widget-wrap elementor-element-populated\">\n\t\t\t\t\t\t<div class=\"elementor-element elementor-element-2dbb58b elementor-widget elementor-widget-heading\" data-id=\"2dbb58b\" data-element_type=\"widget\" data-e-type=\"widget\" data-widget_type=\"heading.default\">\n\t\t\t\t<div class=\"elementor-widget-container\">\n\t\t\t\t\t<h2 class=\"elementor-heading-title elementor-size-default\">Hvorfor du b\u00f8r bruke Welding Consulting<\/h2>\t\t\t\t<\/div>\n\t\t\t\t<\/div>\n\t\t\t\t\t<\/div>\n\t\t<\/div>\n\t\t\t\t\t<\/div>\n\t\t<\/section>\n\t\t\t\t<section class=\"elementor-section elementor-top-section elementor-element elementor-element-29d1ca6 elementor-section-boxed elementor-section-height-default elementor-section-height-default wpr-particle-no wpr-jarallax-no wpr-parallax-no wpr-sticky-section-no wpr-column-slider-no wpr-equal-height-no\" data-id=\"29d1ca6\" data-element_type=\"section\" data-e-type=\"section\">\n\t\t\t\t\t\t<div class=\"elementor-container elementor-column-gap-default\">\n\t\t\t\t\t<div class=\"elementor-column elementor-col-50 elementor-top-column elementor-element elementor-element-7e5c69c\" data-id=\"7e5c69c\" data-element_type=\"column\" data-e-type=\"column\">\n\t\t\t<div class=\"elementor-widget-wrap elementor-element-populated\">\n\t\t\t\t\t\t<div class=\"elementor-element elementor-element-3b35b59 elementor-widget elementor-widget-text-editor\" data-id=\"3b35b59\" data-element_type=\"widget\" data-e-type=\"widget\" data-widget_type=\"text-editor.default\">\n\t\t\t\t<div class=\"elementor-widget-container\">\n\t\t\t\t\t\t\t\t\t<p><b>Kompetanse<\/b><\/p><p><span style=\"font-weight: 400;\">Teamet v\u00e5rt best\u00e5r av erfarne spesialister som har inng\u00e5ende kunnskap om sveiseprosesser, noe som er grunnlaget for v\u00e5r effektivitet. Stol p\u00e5 eksperter som ikke bare kan teori, men ogs\u00e5 praksis, noe som garanterer sveiser\u00e5dgivning av h\u00f8yeste kvalitet.<\/span><\/p><p><b>Individuell tiln\u00e6rming<\/b><\/p><p><span style=\"font-weight: 400;\">Hos Welding Consulting setter vi pris p\u00e5 at hvert prosjekt er unikt. Vi er fleksible og tilpasser oss kundens individuelle behov. V\u00e5re skreddersydde l\u00f8sninger sikrer at hvert enkelt prosjekt f\u00e5r en unik behandling i henhold til dets spesifikasjoner og forventninger.<\/span><\/p><p><b>Prosessoptimalisering<\/b><\/p><p><span style=\"font-weight: 400;\">Vi opptrer ikke bare som konsulenter, men ogs\u00e5 som partnere n\u00e5r det gjelder optimalisering av sveiseprosesser. Vi hjelper deg med \u00e5 finne de mest effektive l\u00f8sningene, noe som f\u00f8rer til tids- og ressursbesparelser. M\u00e5let v\u00e5rt er ikke bare utmerket kvalitet, men ogs\u00e5 effektivitet i hvert prosesstrinn.<\/span><\/p>\t\t\t\t\t\t\t\t<\/div>\n\t\t\t\t<\/div>\n\t\t\t\t\t<\/div>\n\t\t<\/div>\n\t\t\t\t<div class=\"elementor-column elementor-col-50 elementor-top-column elementor-element elementor-element-1c11ccf\" data-id=\"1c11ccf\" data-element_type=\"column\" data-e-type=\"column\">\n\t\t\t<div class=\"elementor-widget-wrap elementor-element-populated\">\n\t\t\t\t\t\t<div class=\"elementor-element elementor-element-ee43242 elementor-widget elementor-widget-image\" data-id=\"ee43242\" data-element_type=\"widget\" data-e-type=\"widget\" data-widget_type=\"image.default\">\n\t\t\t\t<div class=\"elementor-widget-container\">\n\t\t\t\t\t\t\t\t\t\t\t\t\t\t\t<img fetchpriority=\"high\" decoding=\"async\" width=\"1024\" height=\"1024\" src=\"https:\/\/weldingconsulting.pl\/wp-content\/uploads\/2023\/12\/image-1080x1080_11zon-1024x1024.jpg\" class=\"attachment-large size-large wp-image-2499\" alt=\"\" srcset=\"https:\/\/weldingconsulting.pl\/wp-content\/uploads\/2023\/12\/image-1080x1080_11zon-1024x1024.jpg 1024w, https:\/\/weldingconsulting.pl\/wp-content\/uploads\/2023\/12\/image-1080x1080_11zon-300x300.jpg 300w, https:\/\/weldingconsulting.pl\/wp-content\/uploads\/2023\/12\/image-1080x1080_11zon-150x150.jpg 150w, https:\/\/weldingconsulting.pl\/wp-content\/uploads\/2023\/12\/image-1080x1080_11zon-768x768.jpg 768w, https:\/\/weldingconsulting.pl\/wp-content\/uploads\/2023\/12\/image-1080x1080_11zon-12x12.jpg 12w, https:\/\/weldingconsulting.pl\/wp-content\/uploads\/2023\/12\/image-1080x1080_11zon-600x600.jpg 600w, https:\/\/weldingconsulting.pl\/wp-content\/uploads\/2023\/12\/image-1080x1080_11zon-100x100.jpg 100w, https:\/\/weldingconsulting.pl\/wp-content\/uploads\/2023\/12\/image-1080x1080_11zon.jpg 1080w\" sizes=\"(max-width: 1024px) 100vw, 1024px\" title=\"\">\t\t\t\t\t\t\t\t\t\t\t\t\t\t\t<\/div>\n\t\t\t\t<\/div>\n\t\t\t\t\t<\/div>\n\t\t<\/div>\n\t\t\t\t\t<\/div>\n\t\t<\/section>\n\t\t\t\t<section class=\"elementor-section elementor-top-section elementor-element elementor-element-67fd62c elementor-section-boxed elementor-section-height-default elementor-section-height-default wpr-particle-no wpr-jarallax-no wpr-parallax-no wpr-sticky-section-no wpr-column-slider-no wpr-equal-height-no\" data-id=\"67fd62c\" data-element_type=\"section\" data-e-type=\"section\">\n\t\t\t\t\t\t<div class=\"elementor-container elementor-column-gap-default\">\n\t\t\t\t\t<div class=\"elementor-column elementor-col-100 elementor-top-column elementor-element elementor-element-5284d0c\" data-id=\"5284d0c\" data-element_type=\"column\" data-e-type=\"column\">\n\t\t\t<div class=\"elementor-widget-wrap elementor-element-populated\">\n\t\t\t\t\t\t<div class=\"elementor-element elementor-element-79d15b9 elementor-widget elementor-widget-heading\" data-id=\"79d15b9\" data-element_type=\"widget\" data-e-type=\"widget\" data-widget_type=\"heading.default\">\n\t\t\t\t<div class=\"elementor-widget-container\">\n\t\t\t\t\t<h2 class=\"elementor-heading-title elementor-size-default\">Kvalitetsgaranti<\/h2>\t\t\t\t<\/div>\n\t\t\t\t<\/div>\n\t\t\t\t<div class=\"elementor-element elementor-element-678a62f elementor-widget elementor-widget-text-editor\" data-id=\"678a62f\" data-element_type=\"widget\" data-e-type=\"widget\" data-widget_type=\"text-editor.default\">\n\t\t\t\t<div class=\"elementor-widget-container\">\n\t\t\t\t\t\t\t\t\t<p><span style=\"font-weight: 400;\">N\u00e5r du samarbeider med oss, investerer du i trygg forvissning om at sveisene dine vil oppfylle de h\u00f8yeste kvalitetsstandardene. Kvalitetsgarantien v\u00e5r er basert p\u00e5 en n\u00f8yaktig definisjon av kravene, en individuell tiln\u00e6rming til hvert enkelt prosjekt og kontinuerlig forbedring av ferdighetene v\u00e5re.<\/span><\/p><p><span style=\"font-weight: 400;\">Velg \u00e5 samarbeide med Welding Consulting ikke bare for \u00e5 definere de n\u00f8yaktige sveisekravene i prosjektet ditt, men ogs\u00e5 for \u00e5 sikre deg en partner som kan bidra med ekspertise, fleksibilitet og tillit til utmerket kvalitet. Kontakt oss i dag for \u00e5 innlede et samarbeid som vil forvandle prosjektet ditt til en robust og sikker konstruksjon som oppfyller de h\u00f8yeste bransjestandardene.<\/span><\/p>\t\t\t\t\t\t\t\t<\/div>\n\t\t\t\t<\/div>\n\t\t\t\t\t<\/div>\n\t\t<\/div>\n\t\t\t\t\t<\/div>\n\t\t<\/section>\n\t\t\t\t<\/div>","protected":false},"excerpt":{"rendered":"<p>Optymalizacja Projekt\u00f3w Spawalniczych: Jak Okre\u015blanie Wymaga\u0144 Sprzyja Doskona\u0142ym Wynikom W dzisiejszym \u015bwiecie projekt\u00f3w budowlanych i in\u017cynieryjnych, precyzyjne okre\u015blenie wymaga\u0144 spawalniczych stanowi kluczowy element gwarantuj\u0105cy sukces i trwa\u0142o\u015b\u0107 ka\u017cdej konstrukcji. Dla firm zarz\u0105dzaj\u0105cych projektami, kt\u00f3rym zale\u017cy na doskona\u0142ej jako\u015bci spaw\u00f3w, Welding Consulting oferuje nieocenione wsparcie w procesie okre\u015blania tych istotnych parametr\u00f3w. Indywidualne Podej\u015bcie do Wymaga\u0144 Spawalniczych Welding Consulting zdaje sobie spraw\u0119, \u017ce ka\u017cdy projekt jest unikalny. Dlatego nasze podej\u015bcie do okre\u015blania wymaga\u0144 spawalniczych opiera si\u0119 na g\u0142\u0119bokim zrozumieniu specyfiki danego zadania. Nasz zesp\u00f3\u0142 ekspert\u00f3w skonsultuje si\u0119 z klientem, aby uzyska\u0107 pe\u0142ne zrozumienie oczekiwa\u0144 i potrzeb, co pozwoli na dostosowanie wymaga\u0144 do konkretnego projektu. Materia\u0142y, Certyfikacje, Procedury Welding Consulting specjalizuje si\u0119 w precyzyjnym okre\u015blaniu wymaga\u0144 dotycz\u0105cych materia\u0142\u00f3w, zakres\u00f3w certyfikacji zak\u0142adu\/personelu oraz procedur niezb\u0119dnych do wykonania zadania. Nasza wiedza oparta na latach do\u015bwiadczenia pozwala nam zidentyfikowa\u0107 kluczowe aspekty, kt\u00f3re wp\u0142ywaj\u0105 na trwa\u0142o\u015b\u0107 i jako\u015b\u0107 spaw\u00f3w. Dlaczego Warto Skorzysta\u0107 z Pomocy Welding Consulting Ekspercka Wiedza Nasz zesp\u00f3\u0142 to grupa do\u015bwiadczonych specjalist\u00f3w, kt\u00f3rych g\u0142\u0119boka wiedza dotycz\u0105ca specyfiki proces\u00f3w spawalniczych stanowi fundament naszej skuteczno\u015bci. Zaufaj ekspertom, kt\u00f3rzy nie tylko znaj\u0105 teori\u0119, ale tak\u017ce praktyk\u0119, co gwarantuje najwy\u017csz\u0105 jako\u015b\u0107 doradztwa spawalniczego. Indywidualne Podej\u015bcie W Welding Consulting cenimy unikalno\u015b\u0107 ka\u017cdego projektu. Jeste\u015bmy elastyczni i dostosowujemy si\u0119 do indywidualnych potrzeb klienta. Nasze spersonalizowane rozwi\u0105zania zapewniaj\u0105, \u017ce ka\u017cdy projekt jest traktowany w spos\u00f3b wyj\u0105tkowy, zgodnie z jego specyfik\u0105 i oczekiwaniami. Optymalizacja Proces\u00f3w Dzia\u0142amy nie tylko jako konsultanci, lecz tak\u017ce partnerzy w optymalizacji proces\u00f3w spawalniczych. Pomagamy zidentyfikowa\u0107 najefektywniejsze rozwi\u0105zania, co przek\u0142ada si\u0119 na oszcz\u0119dno\u015b\u0107 czasu i zasob\u00f3w. Naszym celem jest nie tylko doskona\u0142a jako\u015b\u0107, ale tak\u017ce efektywno\u015b\u0107 ka\u017cdego etapu procesu. Gwarancja Jako\u015bci Wsp\u00f3\u0142pracuj\u0105c z nami, inwestujesz w pewno\u015b\u0107, \u017ce spawy spe\u0142ni\u0105 najwy\u017csze standardy jako\u015bci. Nasza gwarancja jako\u015bci opiera si\u0119 na precyzyjnym okre\u015blaniu wymaga\u0144, indywidualnym podej\u015bciu do ka\u017cdego projektu i ci\u0105g\u0142ym doskonaleniu naszych umiej\u0119tno\u015bci. Zdecyduj si\u0119 na wsp\u00f3\u0142prac\u0119 z Welding Consulting, aby nie tylko precyzyjnie zdefiniowa\u0107 wymagania spawalnicze Twojego projektu, ale tak\u017ce zapewni\u0107 sobie partnera, kt\u00f3ry wniesie do niego ekspertyz\u0119, elastyczno\u015b\u0107 i pewno\u015b\u0107 doskona\u0142ej jako\u015bci. Skontaktuj si\u0119 z nami ju\u017c dzi\u015b, aby rozpocz\u0105\u0107 wsp\u00f3\u0142prac\u0119, kt\u00f3ra przekszta\u0142ci Tw\u00f3j projekt w solidn\u0105, bezpieczn\u0105 konstrukcj\u0119, spe\u0142niaj\u0105c\u0105 najwy\u017csze standardy bran\u017cowe.<\/p>","protected":false},"author":1,"featured_media":0,"parent":0,"menu_order":0,"comment_status":"closed","ping_status":"closed","template":"elementor_header_footer","meta":{"site-sidebar-layout":"default","site-content-layout":"","ast-site-content-layout":"default","site-content-style":"default","site-sidebar-style":"default","ast-global-header-display":"","ast-banner-title-visibility":"","ast-main-header-display":"","ast-hfb-above-header-display":"","ast-hfb-below-header-display":"","ast-hfb-mobile-header-display":"","site-post-title":"","ast-breadcrumbs-content":"","ast-featured-img":"","footer-sml-layout":"","ast-disable-related-posts":"","theme-transparent-header-meta":"default","adv-header-id-meta":"","stick-header-meta":"","header-above-stick-meta":"","header-main-stick-meta":"","header-below-stick-meta":"","astra-migrate-meta-layouts":"set","ast-page-background-enabled":"default","ast-page-background-meta":{"desktop":{"background-color":"var(--ast-global-color-4)","background-image":"","background-repeat":"repeat","background-position":"center center","background-size":"auto","background-attachment":"scroll","background-type":"","background-media":"","overlay-type":"","overlay-color":"","overlay-opacity":"","overlay-gradient":""},"tablet":{"background-color":"","background-image":"","background-repeat":"repeat","background-position":"center center","background-size":"auto","background-attachment":"scroll","background-type":"","background-media":"","overlay-type":"","overlay-color":"","overlay-opacity":"","overlay-gradient":""},"mobile":{"background-color":"","background-image":"","background-repeat":"repeat","background-position":"center center","background-size":"auto","background-attachment":"scroll","background-type":"","background-media":"","overlay-type":"","overlay-color":"","overlay-opacity":"","overlay-gradient":""}},"ast-content-background-meta":{"desktop":{"background-color":"var(--ast-global-color-5)","background-image":"","background-repeat":"repeat","background-position":"center center","background-size":"auto","background-attachment":"scroll","background-type":"","background-media":"","overlay-type":"","overlay-color":"","overlay-opacity":"","overlay-gradient":""},"tablet":{"background-color":"var(--ast-global-color-5)","background-image":"","background-repeat":"repeat","background-position":"center center","background-size":"auto","background-attachment":"scroll","background-type":"","background-media":"","overlay-type":"","overlay-color":"","overlay-opacity":"","overlay-gradient":""},"mobile":{"background-color":"var(--ast-global-color-5)","background-image":"","background-repeat":"repeat","background-position":"center center","background-size":"auto","background-attachment":"scroll","background-type":"","background-media":"","overlay-type":"","overlay-color":"","overlay-opacity":"","overlay-gradient":""}},"footnotes":""},"class_list":["post-1100","page","type-page","status-publish","hentry"],"rttpg_featured_image_url":null,"rttpg_author":{"display_name":"admin-JYZ7TiXE","author_link":"https:\/\/weldingconsulting.pl\/nb\/author\/admin-jyz7tixe\/"},"rttpg_comment":0,"rttpg_category":null,"rttpg_excerpt":"Optymalizacja Projekt\u00f3w Spawalniczych: Jak Okre\u015blanie Wymaga\u0144 Sprzyja Doskona\u0142ym Wynikom W dzisiejszym \u015bwiecie projekt\u00f3w budowlanych i in\u017cynieryjnych, precyzyjne okre\u015blenie wymaga\u0144 spawalniczych stanowi kluczowy element gwarantuj\u0105cy sukces i trwa\u0142o\u015b\u0107 ka\u017cdej konstrukcji. Dla firm zarz\u0105dzaj\u0105cych projektami, kt\u00f3rym zale\u017cy na doskona\u0142ej jako\u015bci spaw\u00f3w, Welding Consulting oferuje nieocenione wsparcie w procesie okre\u015blania tych istotnych parametr\u00f3w. Indywidualne Podej\u015bcie do Wymaga\u0144 Spawalniczych&hellip;","_links":{"self":[{"href":"https:\/\/weldingconsulting.pl\/nb\/wp-json\/wp\/v2\/pages\/1100","targetHints":{"allow":["GET"]}}],"collection":[{"href":"https:\/\/weldingconsulting.pl\/nb\/wp-json\/wp\/v2\/pages"}],"about":[{"href":"https:\/\/weldingconsulting.pl\/nb\/wp-json\/wp\/v2\/types\/page"}],"author":[{"embeddable":true,"href":"https:\/\/weldingconsulting.pl\/nb\/wp-json\/wp\/v2\/users\/1"}],"replies":[{"embeddable":true,"href":"https:\/\/weldingconsulting.pl\/nb\/wp-json\/wp\/v2\/comments?post=1100"}],"version-history":[{"count":33,"href":"https:\/\/weldingconsulting.pl\/nb\/wp-json\/wp\/v2\/pages\/1100\/revisions"}],"predecessor-version":[{"id":2601,"href":"https:\/\/weldingconsulting.pl\/nb\/wp-json\/wp\/v2\/pages\/1100\/revisions\/2601"}],"wp:attachment":[{"href":"https:\/\/weldingconsulting.pl\/nb\/wp-json\/wp\/v2\/media?parent=1100"}],"curies":[{"name":"wp","href":"https:\/\/api.w.org\/{rel}","templated":true}]}}