{"id":1010,"date":"2023-09-20T19:34:02","date_gmt":"2023-09-20T17:34:02","guid":{"rendered":"https:\/\/weldingconsulting.pl\/?page_id=1010"},"modified":"2023-12-20T15:57:22","modified_gmt":"2023-12-20T14:57:22","slug":"tilbud","status":"publish","type":"page","link":"https:\/\/weldingconsulting.pl\/nb\/tilbud\/","title":{"rendered":"Tilbud"},"content":{"rendered":"<div data-elementor-type=\"wp-page\" data-elementor-id=\"1010\" class=\"elementor elementor-1010\" data-elementor-post-type=\"page\">\n\t\t\t\t\t\t<section class=\"elementor-section elementor-top-section elementor-element elementor-element-758f643 elementor-section-boxed elementor-section-height-default elementor-section-height-default wpr-particle-no wpr-jarallax-no wpr-parallax-no wpr-sticky-section-no wpr-equal-height-no\" data-id=\"758f643\" data-element_type=\"section\" data-e-type=\"section\">\n\t\t\t\t\t\t<div class=\"elementor-container elementor-column-gap-default\">\n\t\t\t\t\t<div class=\"elementor-column elementor-col-100 elementor-top-column elementor-element elementor-element-93a2514\" data-id=\"93a2514\" data-element_type=\"column\" data-e-type=\"column\">\n\t\t\t<div class=\"elementor-widget-wrap elementor-element-populated\">\n\t\t\t\t\t\t<div class=\"elementor-element elementor-element-35b2a21 elementor-widget elementor-widget-heading\" data-id=\"35b2a21\" data-element_type=\"widget\" data-e-type=\"widget\" data-widget_type=\"heading.default\">\n\t\t\t\t<div class=\"elementor-widget-container\">\n\t\t\t\t\t<h2 class=\"elementor-heading-title elementor-size-default\">Sveisekoordinering og prosjektobservasjon<\/h2>\t\t\t\t<\/div>\n\t\t\t\t<\/div>\n\t\t\t\t<section class=\"elementor-section elementor-inner-section elementor-element elementor-element-5eb620d elementor-section-boxed elementor-section-height-default elementor-section-height-default wpr-particle-no wpr-jarallax-no wpr-parallax-no wpr-sticky-section-no wpr-equal-height-no\" data-id=\"5eb620d\" data-element_type=\"section\" data-e-type=\"section\">\n\t\t\t\t\t\t<div class=\"elementor-container elementor-column-gap-default\">\n\t\t\t\t\t<div class=\"elementor-column elementor-col-50 elementor-inner-column elementor-element elementor-element-e0421e4\" data-id=\"e0421e4\" data-element_type=\"column\" data-e-type=\"column\">\n\t\t\t<div class=\"elementor-widget-wrap elementor-element-populated\">\n\t\t\t\t\t\t<div class=\"elementor-element elementor-element-1082cd9 elementor-widget elementor-widget-text-editor\" data-id=\"1082cd9\" data-element_type=\"widget\" data-e-type=\"widget\" data-widget_type=\"text-editor.default\">\n\t\t\t\t<div class=\"elementor-widget-container\">\n\t\t\t\t\t\t\t\t\t<p><strong>F\u00f8r prosjektet starter<\/strong><\/p><ul><li>Evaluering av prosjektet<\/li><li>Teknisk oversikt<\/li><li>Evaluering av underleverand\u00f8rer<\/li><li>Sveisepersonell<\/li><li>Kvalifisering av sveiseprosedyrer og sveiseprosessinstruksjoner (se WPQR og WPS)<\/li><\/ul><p>\u00a0<\/p><p><strong>I l\u00f8pet av prosjektet:<\/strong><\/p><ul><li>Produksjonsplanlegging<\/li><li>Utarbeide arbeidsinstrukser<\/li><li>Tilsettmaterialer til sveising og sertifisering av disse<\/li><li>Grunnleggende materialer og sertifisering av disse<\/li><li>Inspeksjoner f\u00f8r, under og etter sveising<\/li><li>Identifikasjon og sporbarhet<\/li><li>Avvik og korrigerende tiltak<\/li><li>Kontrollere kalibreringen av test- og sveiseutstyret.<\/li><\/ul><p><br \/><strong>Etter at prosjektet er fullf\u00f8rt<\/strong><\/p><ul><li>Identifikasjon og sporbarhet<\/li><li>Kontroller sveisegeometri \/ sveisest\u00f8rrelse p\u00e5 tegningen \/ WPS.<\/li><li>inspeksjon av sveiseomr\u00e5det, overgangsomr\u00e5det og omr\u00e5det i n\u00e6rheten av sveisen.<\/li><li>oksidasjonsniv\u00e5er (farge)<\/li><li>Omfang, rapportering og dokumentasjon av kvalifisering av NDT-operat\u00f8rer<\/li><li>merking, rengj\u00f8ring, vedlikehold, beskyttelse av flenser\/armaturer osv.<\/li><li>gjennomgang av dokumentasjon<\/li><\/ul>\t\t\t\t\t\t\t\t<\/div>\n\t\t\t\t<\/div>\n\t\t\t\t\t<\/div>\n\t\t<\/div>\n\t\t\t\t<div class=\"elementor-column elementor-col-50 elementor-inner-column elementor-element elementor-element-f9d3edf\" data-id=\"f9d3edf\" data-element_type=\"column\" data-e-type=\"column\">\n\t\t\t<div class=\"elementor-widget-wrap elementor-element-populated\">\n\t\t\t\t\t\t<div class=\"elementor-element elementor-element-539ad32 elementor-widget elementor-widget-image\" data-id=\"539ad32\" data-element_type=\"widget\" data-e-type=\"widget\" data-widget_type=\"image.default\">\n\t\t\t\t<div class=\"elementor-widget-container\">\n\t\t\t\t\t\t\t\t\t\t\t\t\t\t\t<img fetchpriority=\"high\" decoding=\"async\" width=\"768\" height=\"513\" src=\"https:\/\/weldingconsulting.pl\/wp-content\/uploads\/2023\/09\/1.webp\" class=\"attachment-large size-large wp-image-1016\" alt=\"\" srcset=\"https:\/\/weldingconsulting.pl\/wp-content\/uploads\/2023\/09\/1.webp 768w, https:\/\/weldingconsulting.pl\/wp-content\/uploads\/2023\/09\/1-300x200.webp 300w\" sizes=\"(max-width: 768px) 100vw, 768px\" title=\"\">\t\t\t\t\t\t\t\t\t\t\t\t\t\t\t<\/div>\n\t\t\t\t<\/div>\n\t\t\t\t\t<\/div>\n\t\t<\/div>\n\t\t\t\t\t<\/div>\n\t\t<\/section>\n\t\t\t\t\t<\/div>\n\t\t<\/div>\n\t\t\t\t\t<\/div>\n\t\t<\/section>\n\t\t\t\t<\/div>","protected":false},"excerpt":{"rendered":"<p>Koordynacja spawalnicza &amp; Obserwacja projektu Przed rozpocz\u0119ciem projektu Ocena projektu Przegl\u0105d techniczne Ocena podwykonawcy Personel spawalniczy Kwalifikacje procedur spawalniczych i\u00a0instrukcje technologiczne spawania (patrz WPQR i\u00a0WPS) Podczas trwania projektu: Planowanie produkcji Przygotuj instrukcje pracy Materia\u0142y spawalnicze i\u00a0ich\u00a0certyfikaty Podstawowe materia\u0142y i\u00a0ich\u00a0certyfikaty Przegl\u0105dy przed, podczas i\u00a0po\u00a0spawaniu Identyfikacja i\u00a0identyfikowalno\u015b\u0107 Niezgodno\u015bci i\u00a0dzia\u0142ania naprawcze Sprawdzenie kalibracji sprz\u0119tu kontrolnego i\u00a0spawalniczego Po zako\u0144czeniu projektu Identyfikacja i\u00a0identyfikowalno\u015b\u0107 sprawdzenie geometrii spoiny \/ rozmiaru spoiny na\u00a0rysunku \/ WPS kontrola powierzchni spoiny, obszaru przej\u015bcia i\u00a0obszaru w\u00a0pobli\u017cu spoiny poziomy utlenienia (kolor) zakres kwalifikacji operatora NDT, raportowanie i\u00a0dokumentacja znakowanie, czyszczenie, konserwacja, ochrona ko\u0142nierzy \/ z\u0142\u0105czek itp przegl\u0105d dokumentacji<\/p>","protected":false},"author":1,"featured_media":0,"parent":0,"menu_order":0,"comment_status":"closed","ping_status":"closed","template":"elementor_header_footer","meta":{"site-sidebar-layout":"default","site-content-layout":"","ast-site-content-layout":"default","site-content-style":"default","site-sidebar-style":"default","ast-global-header-display":"","ast-banner-title-visibility":"","ast-main-header-display":"","ast-hfb-above-header-display":"","ast-hfb-below-header-display":"","ast-hfb-mobile-header-display":"","site-post-title":"","ast-breadcrumbs-content":"","ast-featured-img":"","footer-sml-layout":"","ast-disable-related-posts":"","theme-transparent-header-meta":"default","adv-header-id-meta":"","stick-header-meta":"","header-above-stick-meta":"","header-main-stick-meta":"","header-below-stick-meta":"","astra-migrate-meta-layouts":"set","ast-page-background-enabled":"default","ast-page-background-meta":{"desktop":{"background-color":"var(--ast-global-color-4)","background-image":"","background-repeat":"repeat","background-position":"center center","background-size":"auto","background-attachment":"scroll","background-type":"","background-media":"","overlay-type":"","overlay-color":"","overlay-opacity":"","overlay-gradient":""},"tablet":{"background-color":"","background-image":"","background-repeat":"repeat","background-position":"center center","background-size":"auto","background-attachment":"scroll","background-type":"","background-media":"","overlay-type":"","overlay-color":"","overlay-opacity":"","overlay-gradient":""},"mobile":{"background-color":"","background-image":"","background-repeat":"repeat","background-position":"center center","background-size":"auto","background-attachment":"scroll","background-type":"","background-media":"","overlay-type":"","overlay-color":"","overlay-opacity":"","overlay-gradient":""}},"ast-content-background-meta":{"desktop":{"background-color":"var(--ast-global-color-5)","background-image":"","background-repeat":"repeat","background-position":"center center","background-size":"auto","background-attachment":"scroll","background-type":"","background-media":"","overlay-type":"","overlay-color":"","overlay-opacity":"","overlay-gradient":""},"tablet":{"background-color":"var(--ast-global-color-5)","background-image":"","background-repeat":"repeat","background-position":"center center","background-size":"auto","background-attachment":"scroll","background-type":"","background-media":"","overlay-type":"","overlay-color":"","overlay-opacity":"","overlay-gradient":""},"mobile":{"background-color":"var(--ast-global-color-5)","background-image":"","background-repeat":"repeat","background-position":"center center","background-size":"auto","background-attachment":"scroll","background-type":"","background-media":"","overlay-type":"","overlay-color":"","overlay-opacity":"","overlay-gradient":""}},"footnotes":""},"class_list":["post-1010","page","type-page","status-publish","hentry"],"rttpg_featured_image_url":null,"rttpg_author":{"display_name":"admin-JYZ7TiXE","author_link":"https:\/\/weldingconsulting.pl\/nb\/author\/admin-jyz7tixe\/"},"rttpg_comment":0,"rttpg_category":null,"rttpg_excerpt":"Koordynacja spawalnicza &amp; Obserwacja projektu Przed rozpocz\u0119ciem projektu Ocena projektu Przegl\u0105d techniczne Ocena podwykonawcy Personel spawalniczy Kwalifikacje procedur spawalniczych i\u00a0instrukcje technologiczne spawania (patrz WPQR i\u00a0WPS) Podczas trwania projektu: Planowanie produkcji Przygotuj instrukcje pracy Materia\u0142y spawalnicze i\u00a0ich\u00a0certyfikaty Podstawowe materia\u0142y i\u00a0ich\u00a0certyfikaty Przegl\u0105dy przed, podczas i\u00a0po\u00a0spawaniu Identyfikacja i\u00a0identyfikowalno\u015b\u0107 Niezgodno\u015bci i\u00a0dzia\u0142ania naprawcze Sprawdzenie kalibracji sprz\u0119tu kontrolnego i\u00a0spawalniczego Po zako\u0144czeniu&hellip;","_links":{"self":[{"href":"https:\/\/weldingconsulting.pl\/nb\/wp-json\/wp\/v2\/pages\/1010","targetHints":{"allow":["GET"]}}],"collection":[{"href":"https:\/\/weldingconsulting.pl\/nb\/wp-json\/wp\/v2\/pages"}],"about":[{"href":"https:\/\/weldingconsulting.pl\/nb\/wp-json\/wp\/v2\/types\/page"}],"author":[{"embeddable":true,"href":"https:\/\/weldingconsulting.pl\/nb\/wp-json\/wp\/v2\/users\/1"}],"replies":[{"embeddable":true,"href":"https:\/\/weldingconsulting.pl\/nb\/wp-json\/wp\/v2\/comments?post=1010"}],"version-history":[{"count":27,"href":"https:\/\/weldingconsulting.pl\/nb\/wp-json\/wp\/v2\/pages\/1010\/revisions"}],"predecessor-version":[{"id":2487,"href":"https:\/\/weldingconsulting.pl\/nb\/wp-json\/wp\/v2\/pages\/1010\/revisions\/2487"}],"wp:attachment":[{"href":"https:\/\/weldingconsulting.pl\/nb\/wp-json\/wp\/v2\/media?parent=1010"}],"curies":[{"name":"wp","href":"https:\/\/api.w.org\/{rel}","templated":true}]}}