{"id":8630,"date":"2026-03-10T08:51:47","date_gmt":"2026-03-10T07:51:47","guid":{"rendered":"https:\/\/weldingconsulting.pl\/?page_id=8630"},"modified":"2026-03-10T08:55:32","modified_gmt":"2026-03-10T07:55:32","slug":"inspecteur-de-soudage-independant-pologne","status":"publish","type":"page","link":"https:\/\/weldingconsulting.pl\/fr\/inspecteur-de-soudage-independant-pologne\/","title":{"rendered":"Inspecteur ind\u00e9pendant en soudage en Pologne | Supervision du soudage IWE"},"content":{"rendered":"<div data-elementor-type=\"wp-page\" data-elementor-id=\"8630\" class=\"elementor elementor-8630\" data-elementor-post-type=\"page\">\n\t\t\t\t\t\t<section class=\"elementor-section elementor-top-section elementor-element elementor-element-20ccef29 elementor-section-boxed elementor-section-height-default elementor-section-height-default wpr-particle-no wpr-jarallax-no wpr-parallax-no wpr-sticky-section-no\" data-id=\"20ccef29\" data-element_type=\"section\" data-e-type=\"section\">\n\t\t\t\t\t\t<div class=\"elementor-container elementor-column-gap-default\">\n\t\t\t\t\t<div class=\"elementor-column elementor-col-100 elementor-top-column elementor-element elementor-element-3d93c143\" data-id=\"3d93c143\" data-element_type=\"column\" data-e-type=\"column\">\n\t\t\t<div class=\"elementor-widget-wrap elementor-element-populated\">\n\t\t\t\t\t\t<div class=\"elementor-element elementor-element-14cbb1bd elementor-widget elementor-widget-text-editor\" data-id=\"14cbb1bd\" data-element_type=\"widget\" data-e-type=\"widget\" data-widget_type=\"text-editor.default\">\n\t\t\t\t<div class=\"elementor-widget-container\">\n\t\t\t\t\t\t\t\t\t\n<h1 class=\"wp-block-heading\"><\/h1>\n\t\t\t\t\t\t\t\t<\/div>\n\t\t\t\t<\/div>\n\t\t\t\t\t<\/div>\n\t\t<\/div>\n\t\t\t\t\t<\/div>\n\t\t<\/section>\n\t\t\t\t<section class=\"elementor-section elementor-top-section elementor-element elementor-element-108b985 elementor-section-boxed elementor-section-height-default elementor-section-height-default wpr-particle-no wpr-jarallax-no wpr-parallax-no wpr-sticky-section-no\" data-id=\"108b985\" data-element_type=\"section\" data-e-type=\"section\">\n\t\t\t\t\t\t<div class=\"elementor-container elementor-column-gap-default\">\n\t\t\t\t\t<div class=\"elementor-column elementor-col-100 elementor-top-column elementor-element elementor-element-53a2d1d\" data-id=\"53a2d1d\" data-element_type=\"column\" data-e-type=\"column\">\n\t\t\t<div class=\"elementor-widget-wrap elementor-element-populated\">\n\t\t\t\t\t\t<div class=\"elementor-element elementor-element-65139d2 elementor-widget elementor-widget-heading\" data-id=\"65139d2\" data-element_type=\"widget\" data-e-type=\"widget\" data-widget_type=\"heading.default\">\n\t\t\t\t<div class=\"elementor-widget-container\">\n\t\t\t\t\t<h1 class=\"elementor-heading-title elementor-size-default\">Inspecteur de soudage ind\u00e9pendant en Pologne<\/h1>\t\t\t\t<\/div>\n\t\t\t\t<\/div>\n\t\t\t\t\t<\/div>\n\t\t<\/div>\n\t\t\t\t\t<\/div>\n\t\t<\/section>\n\t\t\t\t<section class=\"elementor-section elementor-top-section elementor-element elementor-element-830ea08 elementor-section-boxed elementor-section-height-default elementor-section-height-default wpr-particle-no wpr-jarallax-no wpr-parallax-no wpr-sticky-section-no\" data-id=\"830ea08\" data-element_type=\"section\" data-e-type=\"section\">\n\t\t\t\t\t\t<div class=\"elementor-container elementor-column-gap-default\">\n\t\t\t\t\t<div class=\"elementor-column elementor-col-100 elementor-top-column elementor-element elementor-element-3e5a4aa\" data-id=\"3e5a4aa\" data-element_type=\"column\" data-e-type=\"column\">\n\t\t\t<div class=\"elementor-widget-wrap elementor-element-populated\">\n\t\t\t\t\t\t<div class=\"elementor-element elementor-element-0eae44d elementor-widget elementor-widget-heading\" data-id=\"0eae44d\" data-element_type=\"widget\" data-e-type=\"widget\" data-widget_type=\"heading.default\">\n\t\t\t\t<div class=\"elementor-widget-container\">\n\t\t\t\t\t<h2 class=\"elementor-heading-title elementor-size-default\">Ing\u00e9nieur soudeur certifi\u00e9 IWE<\/h2>\t\t\t\t<\/div>\n\t\t\t\t<\/div>\n\t\t\t\t\t<\/div>\n\t\t<\/div>\n\t\t\t\t\t<\/div>\n\t\t<\/section>\n\t\t\t\t<section class=\"elementor-section elementor-top-section elementor-element elementor-element-35a58be elementor-section-boxed elementor-section-height-default elementor-section-height-default wpr-particle-no wpr-jarallax-no wpr-parallax-no wpr-sticky-section-no\" data-id=\"35a58be\" data-element_type=\"section\" data-e-type=\"section\">\n\t\t\t\t\t\t<div class=\"elementor-container elementor-column-gap-default\">\n\t\t\t\t\t<div class=\"elementor-column elementor-col-100 elementor-top-column elementor-element elementor-element-8f3c79e\" data-id=\"8f3c79e\" data-element_type=\"column\" data-e-type=\"column\">\n\t\t\t<div class=\"elementor-widget-wrap elementor-element-populated\">\n\t\t\t\t\t\t<div class=\"elementor-element elementor-element-7064c0c elementor-widget elementor-widget-text-editor\" data-id=\"7064c0c\" data-element_type=\"widget\" data-e-type=\"widget\" data-widget_type=\"text-editor.default\">\n\t\t\t\t<div class=\"elementor-widget-container\">\n\t\t\t\t\t\t\t\t\t<p data-start=\"637\" data-end=\"976\">Un inspecteur de soudage ind\u00e9pendant est un sp\u00e9cialiste charg\u00e9 de superviser les proc\u00e9d\u00e9s de soudage et le contr\u00f4le qualit\u00e9 des travaux r\u00e9alis\u00e9s dans le cadre de projets industriels. Assistance certifi\u00e9e <strong data-start=\"832\" data-end=\"895\">Ing\u00e9nieur soudeur IWE (Ing\u00e9nieur soudeur international)<\/strong> nous permet de garantir la conformit\u00e9 des processus de production aux normes internationales.<\/p>\n<p data-start=\"978\" data-end=\"1220\">Un expert IWE poss\u00e8de des connaissances approfondies en technologie de soudage, en science des mat\u00e9riaux et en syst\u00e8mes de contr\u00f4le de la qualit\u00e9. Cela lui permet de g\u00e9rer efficacement les proc\u00e9d\u00e9s de soudage dans le cadre de projets aux exigences techniques \u00e9lev\u00e9es.<\/p>\n<p data-start=\"1222\" data-end=\"1258\">L&#039;\u00e9tendue des services comprend, entre autres\u00a0:<\/p>\n<ul>\n<li data-start=\"1262\" data-end=\"1298\">supervision des proc\u00e9d\u00e9s de soudage<\/li>\n<li data-start=\"1301\" data-end=\"1339\">v\u00e9rification de la documentation technique<\/li>\n<li data-start=\"1342\" data-end=\"1389\">qualification en technologie de soudage (WPS et PQR)<\/li>\n<li data-start=\"1392\" data-end=\"1424\">v\u00e9rification des qualifications des soudeurs<\/li>\n<li data-start=\"1427\" data-end=\"1473\">assistance technique aux \u00e9quipes de production<\/li>\n<\/ul>\t\t\t\t\t\t\t\t<\/div>\n\t\t\t\t<\/div>\n\t\t\t\t\t<\/div>\n\t\t<\/div>\n\t\t\t\t\t<\/div>\n\t\t<\/section>\n\t\t\t\t<section class=\"elementor-section elementor-top-section elementor-element elementor-element-8dffcb2 elementor-section-boxed elementor-section-height-default elementor-section-height-default wpr-particle-no wpr-jarallax-no wpr-parallax-no wpr-sticky-section-no\" data-id=\"8dffcb2\" data-element_type=\"section\" data-e-type=\"section\">\n\t\t\t\t\t\t<div class=\"elementor-container elementor-column-gap-default\">\n\t\t\t\t\t<div class=\"elementor-column elementor-col-100 elementor-top-column elementor-element elementor-element-0c3ba90\" data-id=\"0c3ba90\" data-element_type=\"column\" data-e-type=\"column\">\n\t\t\t<div class=\"elementor-widget-wrap elementor-element-populated\">\n\t\t\t\t\t\t<div class=\"elementor-element elementor-element-95265f4 elementor-widget elementor-widget-heading\" data-id=\"95265f4\" data-element_type=\"widget\" data-e-type=\"widget\" data-widget_type=\"heading.default\">\n\t\t\t\t<div class=\"elementor-widget-container\">\n\t\t\t\t\t<h2 class=\"elementor-heading-title elementor-size-default\">Assistance lors des audits ISO 3834<\/h2>\t\t\t\t<\/div>\n\t\t\t\t<\/div>\n\t\t\t\t\t<\/div>\n\t\t<\/div>\n\t\t\t\t\t<\/div>\n\t\t<\/section>\n\t\t\t\t<section class=\"elementor-section elementor-top-section elementor-element elementor-element-b1fb291 elementor-section-boxed elementor-section-height-default elementor-section-height-default wpr-particle-no wpr-jarallax-no wpr-parallax-no wpr-sticky-section-no\" data-id=\"b1fb291\" data-element_type=\"section\" data-e-type=\"section\">\n\t\t\t\t\t\t<div class=\"elementor-container elementor-column-gap-default\">\n\t\t\t\t\t<div class=\"elementor-column elementor-col-100 elementor-top-column elementor-element elementor-element-dd22cff\" data-id=\"dd22cff\" data-element_type=\"column\" data-e-type=\"column\">\n\t\t\t<div class=\"elementor-widget-wrap elementor-element-populated\">\n\t\t\t\t\t\t<div class=\"elementor-element elementor-element-d81e4ed elementor-widget elementor-widget-text-editor\" data-id=\"d81e4ed\" data-element_type=\"widget\" data-e-type=\"widget\" data-widget_type=\"text-editor.default\">\n\t\t\t\t<div class=\"elementor-widget-container\">\n\t\t\t\t\t\t\t\t\t<p data-start=\"1518\" data-end=\"1743\">Standard <strong data-start=\"1524\" data-end=\"1536\">ISO 3834<\/strong> Cette norme d\u00e9finit les exigences relatives \u00e0 un syst\u00e8me de gestion de la qualit\u00e9 pour les proc\u00e9d\u00e9s de soudage. Dans de nombreux projets industriels, le respect de cette norme est indispensable \u00e0 l&#039;obtention de la certification et \u00e0 l&#039;ex\u00e9cution du contrat.<\/p>\n<p data-start=\"1745\" data-end=\"1801\">Un inspecteur ind\u00e9pendant en soudage peut aider les entreprises dans les domaines suivants\u00a0:<\/p>\n<ul>\n<li data-start=\"1805\" data-end=\"1839\">pr\u00e9paration \u00e0 l&#039;audit ISO 3834<\/li>\n<li data-start=\"1842\" data-end=\"1881\">v\u00e9rification de la documentation de soudage<\/li>\n<li data-start=\"1884\" data-end=\"1917\">analyse des proc\u00e9dures de production<\/li>\n<li data-start=\"1920\" data-end=\"1965\">mise en \u0153uvre d&#039;une supervision de soudage appropri\u00e9e<\/li>\n<\/ul>\n<p data-start=\"1967\" data-end=\"2085\">Gr\u00e2ce \u00e0 un soutien professionnel, le processus d&#039;audit se d\u00e9roule plus facilement et le risque de non-conformit\u00e9 est consid\u00e9rablement r\u00e9duit.<\/p>\t\t\t\t\t\t\t\t<\/div>\n\t\t\t\t<\/div>\n\t\t\t\t\t<\/div>\n\t\t<\/div>\n\t\t\t\t\t<\/div>\n\t\t<\/section>\n\t\t\t\t<section class=\"elementor-section elementor-top-section elementor-element elementor-element-7d426c3 elementor-section-boxed elementor-section-height-default elementor-section-height-default wpr-particle-no wpr-jarallax-no wpr-parallax-no wpr-sticky-section-no\" data-id=\"7d426c3\" data-element_type=\"section\" data-e-type=\"section\">\n\t\t\t\t\t\t<div class=\"elementor-container elementor-column-gap-default\">\n\t\t\t\t\t<div class=\"elementor-column elementor-col-100 elementor-top-column elementor-element elementor-element-170ae9a\" data-id=\"170ae9a\" data-element_type=\"column\" data-e-type=\"column\">\n\t\t\t<div class=\"elementor-widget-wrap elementor-element-populated\">\n\t\t\t\t\t\t<div class=\"elementor-element elementor-element-6195e62 elementor-widget elementor-widget-heading\" data-id=\"6195e62\" data-element_type=\"widget\" data-e-type=\"widget\" data-widget_type=\"heading.default\">\n\t\t\t\t<div class=\"elementor-widget-container\">\n\t\t\t\t\t<h2 class=\"elementor-heading-title elementor-size-default\">Coordination du soudage selon la norme ISO 14731<\/h2>\t\t\t\t<\/div>\n\t\t\t\t<\/div>\n\t\t\t\t\t<\/div>\n\t\t<\/div>\n\t\t\t\t\t<\/div>\n\t\t<\/section>\n\t\t\t\t<section class=\"elementor-section elementor-top-section elementor-element elementor-element-de3ff70 elementor-section-boxed elementor-section-height-default elementor-section-height-default wpr-particle-no wpr-jarallax-no wpr-parallax-no wpr-sticky-section-no\" data-id=\"de3ff70\" data-element_type=\"section\" data-e-type=\"section\">\n\t\t\t\t\t\t<div class=\"elementor-container elementor-column-gap-default\">\n\t\t\t\t\t<div class=\"elementor-column elementor-col-100 elementor-top-column elementor-element elementor-element-2984a2a\" data-id=\"2984a2a\" data-element_type=\"column\" data-e-type=\"column\">\n\t\t\t<div class=\"elementor-widget-wrap elementor-element-populated\">\n\t\t\t\t\t\t<div class=\"elementor-element elementor-element-fd6d67d elementor-widget elementor-widget-text-editor\" data-id=\"fd6d67d\" data-element_type=\"widget\" data-e-type=\"widget\" data-widget_type=\"text-editor.default\">\n\t\t\t\t<div class=\"elementor-widget-container\">\n\t\t\t\t\t\t\t\t\t<p data-start=\"2146\" data-end=\"2363\">Standard <strong data-start=\"2152\" data-end=\"2165\">ISO 14731<\/strong> Ce document sp\u00e9cifie les exigences relatives \u00e0 la coordination du soudage dans les projets industriels. Une bonne organisation de la supervision du soudage est essentielle pour garantir la qualit\u00e9 et la s\u00e9curit\u00e9 de la construction.<\/p>\n<p data-start=\"2365\" data-end=\"2417\">Le coordinateur de soudage est responsable, entre autres, de\u00a0:<\/p>\n<ul>\n<li data-start=\"2421\" data-end=\"2454\">supervision de la technologie de soudage<\/li>\n<li data-start=\"2457\" data-end=\"2493\">contr\u00f4le de la documentation de soudage<\/li>\n<li data-start=\"2496\" data-end=\"2530\">supervision des qualifications des soudeurs<\/li>\n<li data-start=\"2533\" data-end=\"2575\">coop\u00e9ration avec les organismes de certification<\/li>\n<li data-start=\"2578\" data-end=\"2613\">contr\u00f4le de qualit\u00e9 des soudures r\u00e9alis\u00e9es<\/li>\n<\/ul>\n<p data-start=\"2615\" data-end=\"2762\">La coordination professionnelle des proc\u00e9d\u00e9s de soudage nous permet d&#039;accro\u00eetre l&#039;efficacit\u00e9 de la production et de r\u00e9pondre aux exigences des normes de qualit\u00e9 internationales.<\/p>\t\t\t\t\t\t\t\t<\/div>\n\t\t\t\t<\/div>\n\t\t\t\t\t<\/div>\n\t\t<\/div>\n\t\t\t\t\t<\/div>\n\t\t<\/section>\n\t\t\t\t<section class=\"elementor-section elementor-top-section elementor-element elementor-element-e967feb elementor-section-boxed elementor-section-height-default elementor-section-height-default wpr-particle-no wpr-jarallax-no wpr-parallax-no wpr-sticky-section-no\" data-id=\"e967feb\" data-element_type=\"section\" data-e-type=\"section\">\n\t\t\t\t\t\t<div class=\"elementor-container elementor-column-gap-default\">\n\t\t\t\t\t<div class=\"elementor-column elementor-col-100 elementor-top-column elementor-element elementor-element-c3792bb\" data-id=\"c3792bb\" data-element_type=\"column\" data-e-type=\"column\">\n\t\t\t<div class=\"elementor-widget-wrap elementor-element-populated\">\n\t\t\t\t\t\t<div class=\"elementor-element elementor-element-c0b1968 elementor-widget elementor-widget-heading\" data-id=\"c0b1968\" data-element_type=\"widget\" data-e-type=\"widget\" data-widget_type=\"heading.default\">\n\t\t\t\t<div class=\"elementor-widget-container\">\n\t\t\t\t\t<h2 class=\"elementor-heading-title elementor-size-default\">Supervision du soudage dans les projets industriels<\/h2>\t\t\t\t<\/div>\n\t\t\t\t<\/div>\n\t\t\t\t\t<\/div>\n\t\t<\/div>\n\t\t\t\t\t<\/div>\n\t\t<\/section>\n\t\t\t\t<section class=\"elementor-section elementor-top-section elementor-element elementor-element-cbcb10e elementor-section-boxed elementor-section-height-default elementor-section-height-default wpr-particle-no wpr-jarallax-no wpr-parallax-no wpr-sticky-section-no\" data-id=\"cbcb10e\" data-element_type=\"section\" data-e-type=\"section\">\n\t\t\t\t\t\t<div class=\"elementor-container elementor-column-gap-default\">\n\t\t\t\t\t<div class=\"elementor-column elementor-col-100 elementor-top-column elementor-element elementor-element-a2fd22e\" data-id=\"a2fd22e\" data-element_type=\"column\" data-e-type=\"column\">\n\t\t\t<div class=\"elementor-widget-wrap elementor-element-populated\">\n\t\t\t\t\t\t<div class=\"elementor-element elementor-element-db4c681 elementor-widget elementor-widget-text-editor\" data-id=\"db4c681\" data-element_type=\"widget\" data-e-type=\"widget\" data-widget_type=\"text-editor.default\">\n\t\t\t\t<div class=\"elementor-widget-container\">\n\t\t\t\t\t\t\t\t\t<p data-start=\"2824\" data-end=\"2938\">Les services d&#039;un inspecteur de soudage ind\u00e9pendant sont particuli\u00e8rement importants dans les projets r\u00e9alis\u00e9s dans des secteurs tels que\u00a0:<\/p>\n<ul>\n<li data-start=\"2942\" data-end=\"2963\">structures en acier<\/li>\n<li data-start=\"2966\" data-end=\"2989\">industrie \u00e9nerg\u00e9tique<\/li>\n<li data-start=\"2992\" data-end=\"3009\">industrie lourde<\/li>\n<li data-start=\"3012\" data-end=\"3030\">secteur p\u00e9trolier et gazier<\/li>\n<li data-start=\"3033\" data-end=\"3059\">infrastructure industrielle<\/li>\n<\/ul>\n<p data-start=\"3061\" data-end=\"3213\">Gr\u00e2ce \u00e0 notre exp\u00e9rience dans les projets internationaux, nous pouvons garantir la haute qualit\u00e9 du travail effectu\u00e9 et le respect des exigences des investisseurs.<\/p>\t\t\t\t\t\t\t\t<\/div>\n\t\t\t\t<\/div>\n\t\t\t\t\t<\/div>\n\t\t<\/div>\n\t\t\t\t\t<\/div>\n\t\t<\/section>\n\t\t\t\t<\/div>","protected":false},"excerpt":{"rendered":"<p>Niezale\u017cny Inspektor Spawalnictwa w Polsce Certyfikowany In\u017cynier Spawalnictwa IWE Niezale\u017cny inspektor spawalnictwa to specjalista odpowiedzialny za nadz\u00f3r nad procesami spawalniczymi oraz kontrol\u0119 jako\u015bci prac wykonywanych w projektach przemys\u0142owych. Wsparcie certyfikowanego In\u017cyniera Spawalnictwa IWE (International Welding Engineer) pozwala zapewni\u0107 zgodno\u015b\u0107 proces\u00f3w produkcyjnych z mi\u0119dzynarodowymi standardami. Ekspert IWE posiada zaawansowan\u0105 wiedz\u0119 z zakresu technologii spawania, materia\u0142oznawstwa oraz system\u00f3w kontroli jako\u015bci. Dzi\u0119ki temu mo\u017cliwe jest skuteczne zarz\u0105dzanie procesami spawalniczymi w projektach o wysokich wymaganiach technicznych. Zakres us\u0142ug obejmuje mi\u0119dzy innymi: nadz\u00f3r nad procesami spawalniczymi weryfikacj\u0119 dokumentacji technicznej kwalifikacj\u0119 technologii spawania (WPS i PQR) kontrol\u0119 kwalifikacji spawaczy wsparcie techniczne dla zespo\u0142\u00f3w produkcyjnych Wsparcie w audytach ISO 3834 Norma ISO 3834 okre\u015bla wymagania dotycz\u0105ce systemu zarz\u0105dzania jako\u015bci\u0105 w procesach spawalniczych. W wielu projektach przemys\u0142owych spe\u0142nienie tej normy jest niezb\u0119dne do uzyskania certyfikacji oraz realizacji kontrakt\u00f3w. Niezale\u017cny inspektor spawalnictwa mo\u017ce wspiera\u0107 firmy w: przygotowaniu do audytu ISO 3834 weryfikacji dokumentacji spawalniczej analizie procedur produkcyjnych wdro\u017ceniu odpowiedniego nadzoru spawalniczego Dzi\u0119ki profesjonalnemu wsparciu proces audytu przebiega sprawniej, a ryzyko niezgodno\u015bci zostaje znacz\u0105co ograniczone. Koordynacja spawalnictwa zgodnie z ISO 14731 Norma ISO 14731 okre\u015bla wymagania dotycz\u0105ce koordynacji spawalnictwa w projektach przemys\u0142owych. Odpowiednia organizacja nadzoru spawalniczego jest kluczowa dla zapewnienia jako\u015bci oraz bezpiecze\u0144stwa konstrukcji. Koordynator spawalnictwa odpowiada mi\u0119dzy innymi za: nadz\u00f3r nad technologi\u0105 spawania kontrol\u0119 dokumentacji spawalniczej nadz\u00f3r nad kwalifikacj\u0105 spawaczy wsp\u00f3\u0142prac\u0119 z jednostkami certyfikuj\u0105cymi kontrol\u0119 jako\u015bci wykonywanych spoin Profesjonalna koordynacja proces\u00f3w spawalniczych pozwala zwi\u0119kszy\u0107 efektywno\u015b\u0107 produkcji oraz spe\u0142ni\u0107 wymagania mi\u0119dzynarodowych norm jako\u015bciowych. Nadz\u00f3r spawalniczy w projektach przemys\u0142owych Us\u0142ugi niezale\u017cnego inspektora spawalnictwa s\u0105 szczeg\u00f3lnie wa\u017cne w projektach realizowanych w bran\u017cach takich jak: konstrukcje stalowe przemys\u0142 energetyczny przemys\u0142 ci\u0119\u017cki sektor oil &amp; gas infrastruktura przemys\u0142owa Dzi\u0119ki do\u015bwiadczeniu w mi\u0119dzynarodowych projektach mo\u017cliwe jest zapewnienie wysokiej jako\u015bci realizowanych prac oraz zgodno\u015bci z wymaganiami inwestor\u00f3w.<\/p>","protected":false},"author":1,"featured_media":0,"parent":0,"menu_order":0,"comment_status":"closed","ping_status":"closed","template":"elementor_header_footer","meta":{"site-sidebar-layout":"default","site-content-layout":"","ast-site-content-layout":"default","site-content-style":"default","site-sidebar-style":"default","ast-global-header-display":"","ast-banner-title-visibility":"","ast-main-header-display":"","ast-hfb-above-header-display":"","ast-hfb-below-header-display":"","ast-hfb-mobile-header-display":"","site-post-title":"","ast-breadcrumbs-content":"","ast-featured-img":"","footer-sml-layout":"","ast-disable-related-posts":"","theme-transparent-header-meta":"","adv-header-id-meta":"","stick-header-meta":"","header-above-stick-meta":"","header-main-stick-meta":"","header-below-stick-meta":"","astra-migrate-meta-layouts":"default","ast-page-background-enabled":"default","ast-page-background-meta":{"desktop":{"background-color":"var(--ast-global-color-4)","background-image":"","background-repeat":"repeat","background-position":"center center","background-size":"auto","background-attachment":"scroll","background-type":"","background-media":"","overlay-type":"","overlay-color":"","overlay-opacity":"","overlay-gradient":""},"tablet":{"background-color":"","background-image":"","background-repeat":"repeat","background-position":"center center","background-size":"auto","background-attachment":"scroll","background-type":"","background-media":"","overlay-type":"","overlay-color":"","overlay-opacity":"","overlay-gradient":""},"mobile":{"background-color":"","background-image":"","background-repeat":"repeat","background-position":"center center","background-size":"auto","background-attachment":"scroll","background-type":"","background-media":"","overlay-type":"","overlay-color":"","overlay-opacity":"","overlay-gradient":""}},"ast-content-background-meta":{"desktop":{"background-color":"var(--ast-global-color-5)","background-image":"","background-repeat":"repeat","background-position":"center center","background-size":"auto","background-attachment":"scroll","background-type":"","background-media":"","overlay-type":"","overlay-color":"","overlay-opacity":"","overlay-gradient":""},"tablet":{"background-color":"var(--ast-global-color-5)","background-image":"","background-repeat":"repeat","background-position":"center center","background-size":"auto","background-attachment":"scroll","background-type":"","background-media":"","overlay-type":"","overlay-color":"","overlay-opacity":"","overlay-gradient":""},"mobile":{"background-color":"var(--ast-global-color-5)","background-image":"","background-repeat":"repeat","background-position":"center center","background-size":"auto","background-attachment":"scroll","background-type":"","background-media":"","overlay-type":"","overlay-color":"","overlay-opacity":"","overlay-gradient":""}},"footnotes":""},"class_list":["post-8630","page","type-page","status-publish","hentry"],"rttpg_featured_image_url":null,"rttpg_author":{"display_name":"admin-JYZ7TiXE","author_link":"https:\/\/weldingconsulting.pl\/fr\/author\/admin-jyz7tixe\/"},"rttpg_comment":0,"rttpg_category":null,"rttpg_excerpt":"Niezale\u017cny Inspektor Spawalnictwa w Polsce Certyfikowany In\u017cynier Spawalnictwa IWE Niezale\u017cny inspektor spawalnictwa to specjalista odpowiedzialny za nadz\u00f3r nad procesami spawalniczymi oraz kontrol\u0119 jako\u015bci prac wykonywanych w projektach przemys\u0142owych. Wsparcie certyfikowanego In\u017cyniera Spawalnictwa IWE (International Welding Engineer) pozwala zapewni\u0107 zgodno\u015b\u0107 proces\u00f3w produkcyjnych z mi\u0119dzynarodowymi standardami. Ekspert IWE posiada zaawansowan\u0105 wiedz\u0119 z zakresu technologii spawania, materia\u0142oznawstwa oraz\u2026","_links":{"self":[{"href":"https:\/\/weldingconsulting.pl\/fr\/wp-json\/wp\/v2\/pages\/8630","targetHints":{"allow":["GET"]}}],"collection":[{"href":"https:\/\/weldingconsulting.pl\/fr\/wp-json\/wp\/v2\/pages"}],"about":[{"href":"https:\/\/weldingconsulting.pl\/fr\/wp-json\/wp\/v2\/types\/page"}],"author":[{"embeddable":true,"href":"https:\/\/weldingconsulting.pl\/fr\/wp-json\/wp\/v2\/users\/1"}],"replies":[{"embeddable":true,"href":"https:\/\/weldingconsulting.pl\/fr\/wp-json\/wp\/v2\/comments?post=8630"}],"version-history":[{"count":4,"href":"https:\/\/weldingconsulting.pl\/fr\/wp-json\/wp\/v2\/pages\/8630\/revisions"}],"predecessor-version":[{"id":8635,"href":"https:\/\/weldingconsulting.pl\/fr\/wp-json\/wp\/v2\/pages\/8630\/revisions\/8635"}],"wp:attachment":[{"href":"https:\/\/weldingconsulting.pl\/fr\/wp-json\/wp\/v2\/media?parent=8630"}],"curies":[{"name":"wp","href":"https:\/\/api.w.org\/{rel}","templated":true}]}}