{"id":8586,"date":"2025-09-05T13:24:35","date_gmt":"2025-09-05T11:24:35","guid":{"rendered":"https:\/\/weldingconsulting.pl\/?page_id=8586"},"modified":"2025-09-05T13:26:25","modified_gmt":"2025-09-05T11:26:25","slug":"articles","status":"publish","type":"page","link":"https:\/\/weldingconsulting.pl\/fr\/articles\/","title":{"rendered":"Articles"},"content":{"rendered":"<div data-elementor-type=\"wp-page\" data-elementor-id=\"8586\" class=\"elementor elementor-8586\" data-elementor-post-type=\"page\">\n\t\t\t\t\t\t<section class=\"elementor-section elementor-top-section elementor-element elementor-element-7faf5a3 elementor-section-boxed elementor-section-height-default elementor-section-height-default wpr-particle-no wpr-jarallax-no wpr-parallax-no wpr-sticky-section-no wpr-equal-height-no\" data-id=\"7faf5a3\" data-element_type=\"section\" data-e-type=\"section\">\n\t\t\t\t\t\t<div class=\"elementor-container elementor-column-gap-default\">\n\t\t\t\t\t<div class=\"elementor-column elementor-col-100 elementor-top-column elementor-element elementor-element-631a187\" data-id=\"631a187\" data-element_type=\"column\" data-e-type=\"column\">\n\t\t\t<div class=\"elementor-widget-wrap elementor-element-populated\">\n\t\t\t\t\t\t<div class=\"elementor-element elementor-element-b734443 meta-visibility-show title_position_default title_hover_border_default title-default img_hover_animation_default meta_position_default readmore-btn-default-style grid-hover-overlay-type-always tpg-el-box-border-enable tpg-border-bottom-disable elementor-widget elementor-widget-tpg-grid-layout\" data-id=\"b734443\" data-element_type=\"widget\" data-e-type=\"widget\" data-widget_type=\"tpg-grid-layout.default\">\n\t\t\t\t<div class=\"elementor-widget-container\">\n\t\t\t\t\t\t\t<div class=\"rt-container-fluid rt-tpg-container tpg-el-main-wrapper clearfix grid-layout3-main\"\n\t\t\t id=\"rt-tpg-container-2396038656\"\n\t\t\t data-layout=\"grid-layout3\"\n\t\t\t data-grid-style=\"tpg-full-height\"\n\t\t\t data-sc-id=\"elementor\"\n\t\t\t data-el-settings=''\n\t\t\t data-el-query=''\n\t\t\t data-el-path=''\n\t\t>\n\t\t\t\t\t\t<div class='tpg-header-wrapper'>\n\t\t\t\t\t\t\t<\/div>\n\n\t\t\t<div data-title=\"Loading ...\" class=\"rt-row rt-content-loader grid-layout3 grid-behaviour tpg-full-height grid_layout_wrapper\">\n\t\t\t\t\n<div class=\"rt-col-md-4 rt-col-sm-6 rt-col-xs-12 default rt-grid-item\" data-id=\"8624\">\n\t<div class=\"rt-holder tpg-post-holder\">\n\t\t<div class=\"rt-detail rt-el-content-wrapper\">\n\t\t\t\t\t\t\t<div class=\"rt-img-holder tpg-el-image-wrap has-no-thumbnail\">\n\t\t\t\t\t<a data-id=\"8624\" href=\"https:\/\/weldingconsulting.pl\/fr\/difference-entre-les-organismes-dinspection-et-les-consultants-iwe\/\" class=\"tpg-post-link\" target=\"_self\">        \n        <\/a>\n                <div class=\"overlay grid-hover-content\"><\/div>\n        \t\t\t\t<\/div>\n\t\t\t\n\n\t\t\t<div class=\"entry-title-wrapper\"><h3 class=\"entry-title\"><a data-id=\"8624\" href=\"https:\/\/weldingconsulting.pl\/fr\/difference-entre-les-organismes-dinspection-et-les-consultants-iwe\/\" class=\"tpg-post-link\" target=\"_self\">La diff\u00e9rence entre les grands organismes d&#039;inspection et les consultants ind\u00e9pendants en mati\u00e8re d&#039;EIE<\/a><\/h3><\/div>\n\t\t\t\t\t\t\t<div class=\"post-meta-tags rt-el-post-meta\">\n\t\t\t\t\t\t\t\t\t<\/div>\n\t\t\t\n\t\t\t\t\t\t\t<div class=\"tpg-excerpt tpg-el-excerpt\">\n\t\t\t\t\t\t\t\t\t\t\t<div class=\"tpg-excerpt-inner\">\n\t\t\t\t\t\t\tDiff\u00e9rences entre les grands organismes d&#039;inspection et les consultants ind\u00e9pendants en soudage Introduction Dans les projets industriels li\u00e9s au soudage, une supervision technique appropri\u00e9e est primordiale...\t\t\t\t\t\t<\/div>\n\t\t\t\t\t\t\t\t\t\t\t\t\t\t<\/div>\n\t\t\t\n\t\t\t        <div class=\"post-footer\">\n            <div class=\"post-footer\">\n                <div class=\"read-more\">\n                    <a data-id=\"8624\" href=\"https:\/\/weldingconsulting.pl\/fr\/difference-entre-les-organismes-dinspection-et-les-consultants-iwe\/\" class=\"tpg-post-link\" target=\"_self\">En savoir plus<\/a>                <\/div>\n            <\/div>\n        <\/div>\n        \t\t<\/div>\n\t<\/div>\n<\/div>\n\n<div class=\"rt-col-md-4 rt-col-sm-6 rt-col-xs-12 default rt-grid-item\" data-id=\"8618\">\n\t<div class=\"rt-holder tpg-post-holder\">\n\t\t<div class=\"rt-detail rt-el-content-wrapper\">\n\t\t\t\t\t\t\t<div class=\"rt-img-holder tpg-el-image-wrap has-no-thumbnail\">\n\t\t\t\t\t<a data-id=\"8618\" href=\"https:\/\/weldingconsulting.pl\/fr\/preparation-a-laudit-iso-3834-en-pologne\/\" class=\"tpg-post-link\" target=\"_self\">        \n        <\/a>\n                <div class=\"overlay grid-hover-content\"><\/div>\n        \t\t\t\t<\/div>\n\t\t\t\n\n\t\t\t<div class=\"entry-title-wrapper\"><h3 class=\"entry-title\"><a data-id=\"8618\" href=\"https:\/\/weldingconsulting.pl\/fr\/preparation-a-laudit-iso-3834-en-pologne\/\" class=\"tpg-post-link\" target=\"_self\">Pr\u00e9paration \u00e0 un audit ISO 3834 en Pologne<\/a><\/h3><\/div>\n\t\t\t\t\t\t\t<div class=\"post-meta-tags rt-el-post-meta\">\n\t\t\t\t\t\t\t\t\t<\/div>\n\t\t\t\n\t\t\t\t\t\t\t<div class=\"tpg-excerpt tpg-el-excerpt\">\n\t\t\t\t\t\t\t\t\t\t\t<div class=\"tpg-excerpt-inner\">\n\t\t\t\t\t\t\tPr\u00e9paration \u00e0 un audit ISO 3834 en Pologne\u00a0: ce que les clients \u00e9trangers doivent savoir. Introduction\u00a0: La norme ISO 3834 est l\u2019une des normes de qualit\u00e9 les plus importantes dans le domaine du soudage. Elle sp\u00e9cifie les exigences\u2026.\t\t\t\t\t\t<\/div>\n\t\t\t\t\t\t\t\t\t\t\t\t\t\t<\/div>\n\t\t\t\n\t\t\t        <div class=\"post-footer\">\n            <div class=\"post-footer\">\n                <div class=\"read-more\">\n                    <a data-id=\"8618\" href=\"https:\/\/weldingconsulting.pl\/fr\/preparation-a-laudit-iso-3834-en-pologne\/\" class=\"tpg-post-link\" target=\"_self\">En savoir plus<\/a>                <\/div>\n            <\/div>\n        <\/div>\n        \t\t<\/div>\n\t<\/div>\n<\/div>\n\n<div class=\"rt-col-md-4 rt-col-sm-6 rt-col-xs-12 default rt-grid-item\" data-id=\"8611\">\n\t<div class=\"rt-holder tpg-post-holder\">\n\t\t<div class=\"rt-detail rt-el-content-wrapper\">\n\t\t\t\t\t\t\t<div class=\"rt-img-holder tpg-el-image-wrap has-no-thumbnail\">\n\t\t\t\t\t<a data-id=\"8611\" href=\"https:\/\/weldingconsulting.pl\/fr\/embaucher-un-inspecteur-de-soudage-independant-en-pologne\/\" class=\"tpg-post-link\" target=\"_self\">        \n        <\/a>\n                <div class=\"overlay grid-hover-content\"><\/div>\n        \t\t\t\t<\/div>\n\t\t\t\n\n\t\t\t<div class=\"entry-title-wrapper\"><h3 class=\"entry-title\"><a data-id=\"8611\" href=\"https:\/\/weldingconsulting.pl\/fr\/embaucher-un-inspecteur-de-soudage-independant-en-pologne\/\" class=\"tpg-post-link\" target=\"_self\">Comment engager un inspecteur de soudage ind\u00e9pendant en Pologne<\/a><\/h3><\/div>\n\t\t\t\t\t\t\t<div class=\"post-meta-tags rt-el-post-meta\">\n\t\t\t\t\t\t\t\t\t<\/div>\n\t\t\t\n\t\t\t\t\t\t\t<div class=\"tpg-excerpt tpg-el-excerpt\">\n\t\t\t\t\t\t\t\t\t\t\t<div class=\"tpg-excerpt-inner\">\n\t\t\t\t\t\t\tComment engager un inspecteur de soudage ind\u00e9pendant en Pologne\u00a0? Introduction La Pologne est l\u2019un des centres industriels les plus importants d\u2019Europe, notamment dans des secteurs tels que les structures m\u00e9talliques\u2026.\t\t\t\t\t\t<\/div>\n\t\t\t\t\t\t\t\t\t\t\t\t\t\t<\/div>\n\t\t\t\n\t\t\t        <div class=\"post-footer\">\n            <div class=\"post-footer\">\n                <div class=\"read-more\">\n                    <a data-id=\"8611\" href=\"https:\/\/weldingconsulting.pl\/fr\/embaucher-un-inspecteur-de-soudage-independant-en-pologne\/\" class=\"tpg-post-link\" target=\"_self\">En savoir plus<\/a>                <\/div>\n            <\/div>\n        <\/div>\n        \t\t<\/div>\n\t<\/div>\n<\/div>\n\n<div class=\"rt-col-md-4 rt-col-sm-6 rt-col-xs-12 default rt-grid-item\" data-id=\"8563\">\n\t<div class=\"rt-holder tpg-post-holder\">\n\t\t<div class=\"rt-detail rt-el-content-wrapper\">\n\t\t\t\t\t\t\t<div class=\"rt-img-holder tpg-el-image-wrap has-no-thumbnail\">\n\t\t\t\t\t<a data-id=\"8563\" href=\"https:\/\/weldingconsulting.pl\/fr\/securite-du-soudeur\/\" class=\"tpg-post-link\" target=\"_self\">        \n        <\/a>\n                <div class=\"overlay grid-hover-content\"><\/div>\n        \t\t\t\t<\/div>\n\t\t\t\n\n\t\t\t<div class=\"entry-title-wrapper\"><h3 class=\"entry-title\"><a data-id=\"8563\" href=\"https:\/\/weldingconsulting.pl\/fr\/securite-du-soudeur\/\" class=\"tpg-post-link\" target=\"_self\">S\u00e9curit\u00e9 du soudeur - r\u00e8gles de sant\u00e9 et de s\u00e9curit\u00e9 et conseils pratiques<\/a><\/h3><\/div>\n\t\t\t\t\t\t\t<div class=\"post-meta-tags rt-el-post-meta\">\n\t\t\t\t\t\t\t\t\t<\/div>\n\t\t\t\n\t\t\t\t\t\t\t<div class=\"tpg-excerpt tpg-el-excerpt\">\n\t\t\t\t\t\t\t\t\t\t\t<div class=\"tpg-excerpt-inner\">\n\t\t\t\t\t\t\tS\u00e9curit\u00e9 des soudeurs \u2013 R\u00e8gles de sant\u00e9 et de s\u00e9curit\u00e9 et conseils pratiques. Pourquoi la s\u00e9curit\u00e9 des soudeurs est-elle cruciale\u00a0? Le soudage est un proc\u00e9d\u00e9 comportant de nombreux dangers\u00a0: temp\u00e9ratures \u00e9lev\u00e9es, rayonnement UV\u2026\t\t\t\t\t\t<\/div>\n\t\t\t\t\t\t\t\t\t\t\t\t\t\t<\/div>\n\t\t\t\n\t\t\t        <div class=\"post-footer\">\n            <div class=\"post-footer\">\n                <div class=\"read-more\">\n                    <a data-id=\"8563\" href=\"https:\/\/weldingconsulting.pl\/fr\/securite-du-soudeur\/\" class=\"tpg-post-link\" target=\"_self\">En savoir plus<\/a>                <\/div>\n            <\/div>\n        <\/div>\n        \t\t<\/div>\n\t<\/div>\n<\/div>\n\n<div class=\"rt-col-md-4 rt-col-sm-6 rt-col-xs-12 default rt-grid-item\" data-id=\"8558\">\n\t<div class=\"rt-holder tpg-post-holder\">\n\t\t<div class=\"rt-detail rt-el-content-wrapper\">\n\t\t\t\t\t\t\t<div class=\"rt-img-holder tpg-el-image-wrap has-no-thumbnail\">\n\t\t\t\t\t<a data-id=\"8558\" href=\"https:\/\/weldingconsulting.pl\/fr\/systeme-de-qualite-de-soudage-iso-3834\/\" class=\"tpg-post-link\" target=\"_self\">        \n        <\/a>\n                <div class=\"overlay grid-hover-content\"><\/div>\n        \t\t\t\t<\/div>\n\t\t\t\n\n\t\t\t<div class=\"entry-title-wrapper\"><h3 class=\"entry-title\"><a data-id=\"8558\" href=\"https:\/\/weldingconsulting.pl\/fr\/systeme-de-qualite-de-soudage-iso-3834\/\" class=\"tpg-post-link\" target=\"_self\">ISO 3834 \u2013 Syst\u00e8me de gestion de la qualit\u00e9 du soudage<\/a><\/h3><\/div>\n\t\t\t\t\t\t\t<div class=\"post-meta-tags rt-el-post-meta\">\n\t\t\t\t\t\t\t\t\t<\/div>\n\t\t\t\n\t\t\t\t\t\t\t<div class=\"tpg-excerpt tpg-el-excerpt\">\n\t\t\t\t\t\t\t\t\t\t\t<div class=\"tpg-excerpt-inner\">\n\t\t\t\t\t\t\tISO 3834 \u2013 le syst\u00e8me qualit\u00e9 le plus important en soudage. Qu&#039;est-ce que l&#039;ISO 3834\u00a0? L&#039;ISO 3834 est une norme internationale sp\u00e9cifiant les exigences de qualit\u00e9 pour les proc\u00e9d\u00e9s de soudage des mat\u00e9riaux m\u00e9talliques...\t\t\t\t\t\t<\/div>\n\t\t\t\t\t\t\t\t\t\t\t\t\t\t<\/div>\n\t\t\t\n\t\t\t        <div class=\"post-footer\">\n            <div class=\"post-footer\">\n                <div class=\"read-more\">\n                    <a data-id=\"8558\" href=\"https:\/\/weldingconsulting.pl\/fr\/systeme-de-qualite-de-soudage-iso-3834\/\" class=\"tpg-post-link\" target=\"_self\">En savoir plus<\/a>                <\/div>\n            <\/div>\n        <\/div>\n        \t\t<\/div>\n\t<\/div>\n<\/div>\n\n<div class=\"rt-col-md-4 rt-col-sm-6 rt-col-xs-12 default rt-grid-item\" data-id=\"8550\">\n\t<div class=\"rt-holder tpg-post-holder\">\n\t\t<div class=\"rt-detail rt-el-content-wrapper\">\n\t\t\t\t\t\t\t<div class=\"rt-img-holder tpg-el-image-wrap has-no-thumbnail\">\n\t\t\t\t\t<a data-id=\"8550\" href=\"https:\/\/weldingconsulting.pl\/fr\/supervision-de-soudage-dans-lindustrie-de-la-construction\/\" class=\"tpg-post-link\" target=\"_self\">        \n        <\/a>\n                <div class=\"overlay grid-hover-content\"><\/div>\n        \t\t\t\t<\/div>\n\t\t\t\n\n\t\t\t<div class=\"entry-title-wrapper\"><h3 class=\"entry-title\"><a data-id=\"8550\" href=\"https:\/\/weldingconsulting.pl\/fr\/supervision-de-soudage-dans-lindustrie-de-la-construction\/\" class=\"tpg-post-link\" target=\"_self\">Pourquoi la supervision du soudage est cruciale dans la construction et l&#039;industrie<\/a><\/h3><\/div>\n\t\t\t\t\t\t\t<div class=\"post-meta-tags rt-el-post-meta\">\n\t\t\t\t\t\t\t\t\t<\/div>\n\t\t\t\n\t\t\t\t\t\t\t<div class=\"tpg-excerpt tpg-el-excerpt\">\n\t\t\t\t\t\t\t\t\t\t\t<div class=\"tpg-excerpt-inner\">\n\t\t\t\t\t\t\tPourquoi la supervision du soudage est cruciale dans la construction et l&#039;industrie Le r\u00f4le de la supervision du soudage La supervision du soudage est le processus de v\u00e9rification syst\u00e9matique de la qualit\u00e9 des soudures, de la documentation et de la conformit\u00e9...\t\t\t\t\t\t<\/div>\n\t\t\t\t\t\t\t\t\t\t\t\t\t\t<\/div>\n\t\t\t\n\t\t\t        <div class=\"post-footer\">\n            <div class=\"post-footer\">\n                <div class=\"read-more\">\n                    <a data-id=\"8550\" href=\"https:\/\/weldingconsulting.pl\/fr\/supervision-de-soudage-dans-lindustrie-de-la-construction\/\" class=\"tpg-post-link\" target=\"_self\">En savoir plus<\/a>                <\/div>\n            <\/div>\n        <\/div>\n        \t\t<\/div>\n\t<\/div>\n<\/div>\n\n<div class=\"rt-col-md-4 rt-col-sm-6 rt-col-xs-12 default rt-grid-item\" data-id=\"8545\">\n\t<div class=\"rt-holder tpg-post-holder\">\n\t\t<div class=\"rt-detail rt-el-content-wrapper\">\n\t\t\t\t\t\t\t<div class=\"rt-img-holder tpg-el-image-wrap has-no-thumbnail\">\n\t\t\t\t\t<a data-id=\"8545\" href=\"https:\/\/weldingconsulting.pl\/fr\/les-erreurs-les-plus-courantes-dans-le-processus-de-soudage-et-comment-les-eviter\/\" class=\"tpg-post-link\" target=\"_self\">        \n        <\/a>\n                <div class=\"overlay grid-hover-content\"><\/div>\n        \t\t\t\t<\/div>\n\t\t\t\n\n\t\t\t<div class=\"entry-title-wrapper\"><h3 class=\"entry-title\"><a data-id=\"8545\" href=\"https:\/\/weldingconsulting.pl\/fr\/les-erreurs-les-plus-courantes-dans-le-processus-de-soudage-et-comment-les-eviter\/\" class=\"tpg-post-link\" target=\"_self\">Les erreurs de soudage les plus courantes et comment les \u00e9viter<\/a><\/h3><\/div>\n\t\t\t\t\t\t\t<div class=\"post-meta-tags rt-el-post-meta\">\n\t\t\t\t\t\t\t\t\t<\/div>\n\t\t\t\n\t\t\t\t\t\t\t<div class=\"tpg-excerpt tpg-el-excerpt\">\n\t\t\t\t\t\t\t\t\t\t\t<div class=\"tpg-excerpt-inner\">\n\t\t\t\t\t\t\tErreurs de soudage courantes et comment les \u00e9viter Introduction Le soudage exige pr\u00e9cision, exp\u00e9rience et connaissance des normes. M\u00eame des erreurs mineures peuvent entra\u00eener de graves probl\u00e8mes, allant de\u2026\t\t\t\t\t\t<\/div>\n\t\t\t\t\t\t\t\t\t\t\t\t\t\t<\/div>\n\t\t\t\n\t\t\t        <div class=\"post-footer\">\n            <div class=\"post-footer\">\n                <div class=\"read-more\">\n                    <a data-id=\"8545\" href=\"https:\/\/weldingconsulting.pl\/fr\/les-erreurs-les-plus-courantes-dans-le-processus-de-soudage-et-comment-les-eviter\/\" class=\"tpg-post-link\" target=\"_self\">En savoir plus<\/a>                <\/div>\n            <\/div>\n        <\/div>\n        \t\t<\/div>\n\t<\/div>\n<\/div>\n\n<div class=\"rt-col-md-4 rt-col-sm-6 rt-col-xs-12 default rt-grid-item\" data-id=\"8531\">\n\t<div class=\"rt-holder tpg-post-holder\">\n\t\t<div class=\"rt-detail rt-el-content-wrapper\">\n\t\t\t\t\t\t\t<div class=\"rt-img-holder tpg-el-image-wrap has-no-thumbnail\">\n\t\t\t\t\t<a data-id=\"8531\" href=\"https:\/\/weldingconsulting.pl\/fr\/certification-de-soudeur-tout-ce-que-vous-devez-savoir\/\" class=\"tpg-post-link\" target=\"_self\">        \n        <\/a>\n                <div class=\"overlay grid-hover-content\"><\/div>\n        \t\t\t\t<\/div>\n\t\t\t\n\n\t\t\t<div class=\"entry-title-wrapper\"><h3 class=\"entry-title\"><a data-id=\"8531\" href=\"https:\/\/weldingconsulting.pl\/fr\/certification-de-soudeur-tout-ce-que-vous-devez-savoir\/\" class=\"tpg-post-link\" target=\"_self\">Certification de soudeur\u00a0: tout ce que vous devez savoir<\/a><\/h3><\/div>\n\t\t\t\t\t\t\t<div class=\"post-meta-tags rt-el-post-meta\">\n\t\t\t\t\t\t\t\t\t<\/div>\n\t\t\t\n\t\t\t\t\t\t\t<div class=\"tpg-excerpt tpg-el-excerpt\">\n\t\t\t\t\t\t\t\t\t\t\t<div class=\"tpg-excerpt-inner\">\n\t\t\t\t\t\t\tCertification de soudeur \u2013 Tout ce que vous devez savoir Introduction \u2013 Pourquoi la certification est importante La certification de soudeur confirme qu&#039;une personne poss\u00e8de les qualifications appropri\u00e9es et...\t\t\t\t\t\t<\/div>\n\t\t\t\t\t\t\t\t\t\t\t\t\t\t<\/div>\n\t\t\t\n\t\t\t        <div class=\"post-footer\">\n            <div class=\"post-footer\">\n                <div class=\"read-more\">\n                    <a data-id=\"8531\" href=\"https:\/\/weldingconsulting.pl\/fr\/certification-de-soudeur-tout-ce-que-vous-devez-savoir\/\" class=\"tpg-post-link\" target=\"_self\">En savoir plus<\/a>                <\/div>\n            <\/div>\n        <\/div>\n        \t\t<\/div>\n\t<\/div>\n<\/div>\n\t\t\t<\/div>\n\t\t\t\n\t\t<\/div>\n\t\t\t\t\t\t<\/div>\n\t\t\t\t<\/div>\n\t\t\t\t\t<\/div>\n\t\t<\/div>\n\t\t\t\t\t<\/div>\n\t\t<\/section>\n\t\t\t\t<\/div>","protected":false},"excerpt":{"rendered":"<p>Bezpiecze\u0144stwo spawacza \u2013 zasady BHP i praktyczne wskaz\u00f3wki Bezpiecze\u0144stwo spawacza \u2013 zasady BHP i praktyczne wskaz\u00f3wki Dlaczego bezpiecze\u0144stwo spawacza jest kluczowe? Spawanie to proces obarczony wieloma zagro\u017ceniami: wysok\u0105 temperatur\u0105, promieniowaniem UV&#8230; Czytaj wi\u0119cej ISO 3834 \u2013 system zarz\u0105dzania jako\u015bci\u0105 w spawalnictwie ISO 3834 \u2013 najwa\u017cniejszy system jako\u015bci w spawalnictwie Czym jest ISO 3834? Norma ISO 3834 to mi\u0119dzynarodowy standard okre\u015blaj\u0105cy wymagania jako\u015bciowe dla proces\u00f3w spawania materia\u0142\u00f3w metalowych&#8230; Czytaj wi\u0119cej Dlaczego nadz\u00f3r spawalniczy jest kluczowy w budownictwie i przemy\u015ble Dlaczego nadz\u00f3r spawalniczy jest kluczowy w budownictwie i przemy\u015ble Rola nadzoru spawalniczego Nadz\u00f3r spawalniczy to proces systematycznego kontrolowania jako\u015bci spoin, dokumentacji oraz zgodno\u015bci z&#8230; Czytaj wi\u0119cej Najcz\u0119stsze b\u0142\u0119dy w procesie spawania i sposoby ich unikania Najcz\u0119stsze b\u0142\u0119dy w procesie spawania i jak ich unika\u0107 Wprowadzenie Proces spawania wymaga precyzji, do\u015bwiadczenia i znajomo\u015bci norm. Nawet drobne b\u0142\u0119dy mog\u0105 prowadzi\u0107 do powa\u017cnych problem\u00f3w \u2013 od&#8230; Czytaj wi\u0119cej Certyfikacja spawaczy \u2013 wszystko, co musisz wiedzie\u0107 Certyfikacja spawaczy \u2013 wszystko, co musisz wiedzie\u0107 Wprowadzenie \u2013 dlaczego certyfikacja jest wa\u017cna Certyfikacja spawaczy to potwierdzenie, \u017ce dana osoba posiada odpowiednie kwalifikacje i&#8230; Czytaj wi\u0119cej<\/p>","protected":false},"author":1,"featured_media":0,"parent":0,"menu_order":0,"comment_status":"closed","ping_status":"closed","template":"elementor_header_footer","meta":{"site-sidebar-layout":"no-sidebar","site-content-layout":"","ast-site-content-layout":"full-width-container","site-content-style":"default","site-sidebar-style":"default","ast-global-header-display":"","ast-banner-title-visibility":"","ast-main-header-display":"","ast-hfb-above-header-display":"","ast-hfb-below-header-display":"","ast-hfb-mobile-header-display":"","site-post-title":"","ast-breadcrumbs-content":"","ast-featured-img":"disabled","footer-sml-layout":"","ast-disable-related-posts":"","theme-transparent-header-meta":"","adv-header-id-meta":"","stick-header-meta":"","header-above-stick-meta":"","header-main-stick-meta":"","header-below-stick-meta":"","astra-migrate-meta-layouts":"default","ast-page-background-enabled":"default","ast-page-background-meta":{"desktop":{"background-color":"var(--ast-global-color-4)","background-image":"","background-repeat":"repeat","background-position":"center center","background-size":"auto","background-attachment":"scroll","background-type":"","background-media":"","overlay-type":"","overlay-color":"","overlay-opacity":"","overlay-gradient":""},"tablet":{"background-color":"","background-image":"","background-repeat":"repeat","background-position":"center center","background-size":"auto","background-attachment":"scroll","background-type":"","background-media":"","overlay-type":"","overlay-color":"","overlay-opacity":"","overlay-gradient":""},"mobile":{"background-color":"","background-image":"","background-repeat":"repeat","background-position":"center center","background-size":"auto","background-attachment":"scroll","background-type":"","background-media":"","overlay-type":"","overlay-color":"","overlay-opacity":"","overlay-gradient":""}},"ast-content-background-meta":{"desktop":{"background-color":"var(--ast-global-color-5)","background-image":"","background-repeat":"repeat","background-position":"center center","background-size":"auto","background-attachment":"scroll","background-type":"","background-media":"","overlay-type":"","overlay-color":"","overlay-opacity":"","overlay-gradient":""},"tablet":{"background-color":"var(--ast-global-color-5)","background-image":"","background-repeat":"repeat","background-position":"center center","background-size":"auto","background-attachment":"scroll","background-type":"","background-media":"","overlay-type":"","overlay-color":"","overlay-opacity":"","overlay-gradient":""},"mobile":{"background-color":"var(--ast-global-color-5)","background-image":"","background-repeat":"repeat","background-position":"center center","background-size":"auto","background-attachment":"scroll","background-type":"","background-media":"","overlay-type":"","overlay-color":"","overlay-opacity":"","overlay-gradient":""}},"footnotes":""},"class_list":["post-8586","page","type-page","status-publish","hentry"],"rttpg_featured_image_url":null,"rttpg_author":{"display_name":"admin-JYZ7TiXE","author_link":"https:\/\/weldingconsulting.pl\/fr\/author\/admin-jyz7tixe\/"},"rttpg_comment":0,"rttpg_category":"","rttpg_excerpt":"Bezpiecze\u0144stwo spawacza \u2013 zasady BHP i praktyczne wskaz\u00f3wki Bezpiecze\u0144stwo spawacza \u2013 zasady BHP i praktyczne wskaz\u00f3wki Dlaczego bezpiecze\u0144stwo spawacza jest kluczowe? Spawanie to proces obarczony wieloma zagro\u017ceniami: wysok\u0105 temperatur\u0105, promieniowaniem UV&#8230; Czytaj wi\u0119cej ISO 3834 \u2013 system zarz\u0105dzania jako\u015bci\u0105 w spawalnictwie ISO 3834 \u2013 najwa\u017cniejszy system jako\u015bci w spawalnictwie Czym jest ISO 3834? Norma ISO&hellip;","_links":{"self":[{"href":"https:\/\/weldingconsulting.pl\/fr\/wp-json\/wp\/v2\/pages\/8586","targetHints":{"allow":["GET"]}}],"collection":[{"href":"https:\/\/weldingconsulting.pl\/fr\/wp-json\/wp\/v2\/pages"}],"about":[{"href":"https:\/\/weldingconsulting.pl\/fr\/wp-json\/wp\/v2\/types\/page"}],"author":[{"embeddable":true,"href":"https:\/\/weldingconsulting.pl\/fr\/wp-json\/wp\/v2\/users\/1"}],"replies":[{"embeddable":true,"href":"https:\/\/weldingconsulting.pl\/fr\/wp-json\/wp\/v2\/comments?post=8586"}],"version-history":[{"count":4,"href":"https:\/\/weldingconsulting.pl\/fr\/wp-json\/wp\/v2\/pages\/8586\/revisions"}],"predecessor-version":[{"id":8590,"href":"https:\/\/weldingconsulting.pl\/fr\/wp-json\/wp\/v2\/pages\/8586\/revisions\/8590"}],"wp:attachment":[{"href":"https:\/\/weldingconsulting.pl\/fr\/wp-json\/wp\/v2\/media?parent=8586"}],"curies":[{"name":"wp","href":"https:\/\/api.w.org\/{rel}","templated":true}]}}