{"id":1121,"date":"2023-09-20T22:53:05","date_gmt":"2023-09-20T20:53:05","guid":{"rendered":"https:\/\/weldingconsulting.pl\/?page_id=1121"},"modified":"2023-12-19T10:27:03","modified_gmt":"2023-12-19T09:27:03","slug":"directive-sur-la-pression-ped-2014-68-ue","status":"publish","type":"page","link":"https:\/\/weldingconsulting.pl\/fr\/directive-sur-la-pression-ped-2014-68-ue\/","title":{"rendered":"Directive sur les \u00e9quipements sous pression ped\/2014\/68\/eu"},"content":{"rendered":"<div data-elementor-type=\"wp-page\" data-elementor-id=\"1121\" class=\"elementor elementor-1121\" data-elementor-post-type=\"page\">\n\t\t\t\t\t\t<section class=\"elementor-section elementor-top-section elementor-element elementor-element-172a851 elementor-section-boxed elementor-section-height-default elementor-section-height-default wpr-particle-no wpr-jarallax-no wpr-parallax-no wpr-sticky-section-no wpr-equal-height-no\" data-id=\"172a851\" data-element_type=\"section\" data-e-type=\"section\">\n\t\t\t\t\t\t<div class=\"elementor-container elementor-column-gap-default\">\n\t\t\t\t\t<div class=\"elementor-column elementor-col-100 elementor-top-column elementor-element elementor-element-b8b7d16\" data-id=\"b8b7d16\" data-element_type=\"column\" data-e-type=\"column\">\n\t\t\t<div class=\"elementor-widget-wrap elementor-element-populated\">\n\t\t\t\t\t\t<section class=\"elementor-section elementor-inner-section elementor-element elementor-element-b7b1bbc elementor-section-boxed elementor-section-height-default elementor-section-height-default wpr-particle-no wpr-jarallax-no wpr-parallax-no wpr-sticky-section-no wpr-equal-height-no\" data-id=\"b7b1bbc\" data-element_type=\"section\" data-e-type=\"section\">\n\t\t\t\t\t\t<div class=\"elementor-container elementor-column-gap-default\">\n\t\t\t\t\t<div class=\"elementor-column elementor-col-100 elementor-inner-column elementor-element elementor-element-61e18b6\" data-id=\"61e18b6\" data-element_type=\"column\" data-e-type=\"column\">\n\t\t\t<div class=\"elementor-widget-wrap elementor-element-populated\">\n\t\t\t\t\t\t<div class=\"elementor-element elementor-element-d47a44b elementor-widget elementor-widget-heading\" data-id=\"d47a44b\" data-element_type=\"widget\" data-e-type=\"widget\" data-widget_type=\"heading.default\">\n\t\t\t\t<div class=\"elementor-widget-container\">\n\t\t\t\t\t<h2 class=\"elementor-heading-title elementor-size-default\">Directive sur les \u00e9quipements sous pression ped\/2014\/68\/eu \u2013 normes pour le soudage<\/h2>\t\t\t\t<\/div>\n\t\t\t\t<\/div>\n\t\t\t\t\t<\/div>\n\t\t<\/div>\n\t\t\t\t\t<\/div>\n\t\t<\/section>\n\t\t\t\t<section class=\"elementor-section elementor-inner-section elementor-element elementor-element-6454959 elementor-section-boxed elementor-section-height-default elementor-section-height-default wpr-particle-no wpr-jarallax-no wpr-parallax-no wpr-sticky-section-no wpr-equal-height-no\" data-id=\"6454959\" data-element_type=\"section\" data-e-type=\"section\">\n\t\t\t\t\t\t<div class=\"elementor-container elementor-column-gap-default\">\n\t\t\t\t\t<div class=\"elementor-column elementor-col-100 elementor-inner-column elementor-element elementor-element-af3bb54\" data-id=\"af3bb54\" data-element_type=\"column\" data-e-type=\"column\">\n\t\t\t<div class=\"elementor-widget-wrap elementor-element-populated\">\n\t\t\t\t\t\t<div class=\"elementor-element elementor-element-9261bcc elementor-widget elementor-widget-text-editor\" data-id=\"9261bcc\" data-element_type=\"widget\" data-e-type=\"widget\" data-widget_type=\"text-editor.default\">\n\t\t\t\t<div class=\"elementor-widget-container\">\n\t\t\t\t\t\t\t\t\t<p>Comme les autres industries, le soudage est soumis aux normes et directives du Parlement europ\u00e9en. La directive sur les \u00e9quipements sous pression ped\/2014\/68\/eu a \u00e9t\u00e9 publi\u00e9e par le Parlement europ\u00e9en le 15 mai 2014. Elle concerne l&#039;harmonisation des l\u00e9gislations des \u00c9tats membres concernant la mise \u00e0 disposition des \u00e9quipements sous pression sur le march\u00e9.\u00a0<strong>Conseils et inspections en soudage<\/strong>\u00a0inclure la mise en \u0153uvre et le contr\u00f4le de la mise en \u0153uvre des principes d\u00e9crits dans la directive. R\u00e8glements contenus dans\u00a0<strong>Directive sur les \u00e9quipements sous pression PED\/2014\/68\/eu<\/strong>\u00a0leur objectif principal est d&#039;emp\u00eacher la mise sur le march\u00e9 d&#039;un nombre croissant d&#039;appareils certifi\u00e9s de mani\u00e8re injuste et inappropri\u00e9e.<\/p>\t\t\t\t\t\t\t\t<\/div>\n\t\t\t\t<\/div>\n\t\t\t\t<div class=\"elementor-element elementor-element-0fafbfc elementor-widget elementor-widget-heading\" data-id=\"0fafbfc\" data-element_type=\"widget\" data-e-type=\"widget\" data-widget_type=\"heading.default\">\n\t\t\t\t<div class=\"elementor-widget-container\">\n\t\t\t\t\t<h2 class=\"elementor-heading-title elementor-size-default\">Quand la directive sur les \u00e9quipements sous pression DESP 2014\/68\/eu s&#039;applique-t-elle ?<\/h2>\t\t\t\t<\/div>\n\t\t\t\t<\/div>\n\t\t\t\t<div class=\"elementor-element elementor-element-66033a8 elementor-widget elementor-widget-text-editor\" data-id=\"66033a8\" data-element_type=\"widget\" data-e-type=\"widget\" data-widget_type=\"text-editor.default\">\n\t\t\t\t<div class=\"elementor-widget-container\">\n\t\t\t\t\t\t\t\t\t<p>L&#039;obligation de mettre en \u0153uvre la directive incombe \u00e0 toutes les entreprises de production participant \u00e0 la cha\u00eene d&#039;approvisionnement. Gr\u00e2ce \u00e0 l&#039;introduction d&#039;une norme uniforme, la s\u00e9curit\u00e9 est consid\u00e9rablement am\u00e9lior\u00e9e, ce que nous veillons par exemple \u00e0 mettre en \u0153uvre.\u00a0<strong>instructions de soudage<\/strong>. La directive s&#039;applique \u00e0 l&#039;utilisation d&#039;\u00e9quipements sous pression avec une pression admissible sup\u00e9rieure \u00e0 0,5 bar, c&#039;est pourquoi il est si important de la mettre en \u0153uvre correctement dans les installations de soudage.<\/p><p>Welding Consulting fournit des services de certification pour le soudage et\u00a0<strong>contribue \u00e0 la mise en \u0153uvre compl\u00e8te de la directive DESP 2014\/68\/UE sur les \u00e9quipements sous pression<\/strong>, ainsi que toutes les exigences de soudage incluses. \u00c0 l&#039;instar d&#039;autres certificats de soudage ou proc\u00e9dures WPQR\/WPS, nous commen\u00e7ons par une visite de l&#039;usine de notre client, puis \u00e9laborons un plan pour mettre en \u0153uvre les r\u00e9glementations de la directive.<\/p>\t\t\t\t\t\t\t\t<\/div>\n\t\t\t\t<\/div>\n\t\t\t\t<div class=\"elementor-element elementor-element-0467929 elementor-widget elementor-widget-heading\" data-id=\"0467929\" data-element_type=\"widget\" data-e-type=\"widget\" data-widget_type=\"heading.default\">\n\t\t\t\t<div class=\"elementor-widget-container\">\n\t\t\t\t\t<h2 class=\"elementor-heading-title elementor-size-default\">Directive sur les \u00e9quipements sous pression pour le soudage<\/h2>\t\t\t\t<\/div>\n\t\t\t\t<\/div>\n\t\t\t\t<div class=\"elementor-element elementor-element-1147b74 elementor-widget elementor-widget-text-editor\" data-id=\"1147b74\" data-element_type=\"widget\" data-e-type=\"widget\" data-widget_type=\"text-editor.default\">\n\t\t\t\t<div class=\"elementor-widget-container\">\n\t\t\t\t\t\t\t\t\t<p><strong>Directive DESP sur les \u00e9quipements sous pression<\/strong>\/2014\/68\/UE comprend une s\u00e9rie de r\u00e9glementations diverses - concernant entre autres l&#039;industrie du soudage - qui visent principalement \u00e0 accro\u00eetre la s\u00e9curit\u00e9 de l&#039;utilisation d&#039;appareils et d&#039;installations de ce type gr\u00e2ce \u00e0 des r\u00e8gles unifi\u00e9es pour leur production et leur distribution. Elle s&#039;applique \u00e9galement au personnel impliqu\u00e9 dans la production des \u00e9quipements\u00a0<strong>pression<\/strong>, les mat\u00e9riaux utilis\u00e9s et les m\u00e9thodes de production utilis\u00e9es. Mise en \u0153uvre\u00a0<strong>directif<\/strong>\u00a0est n\u00e9cessaire dans de nombreuses entreprises, c&#039;est pourquoi chez Welding Consulting nous vous aidons \u00e0 s&#039;y conformer.<\/p>\t\t\t\t\t\t\t\t<\/div>\n\t\t\t\t<\/div>\n\t\t\t\t<div class=\"elementor-element elementor-element-882a0ea elementor-widget elementor-widget-heading\" data-id=\"882a0ea\" data-element_type=\"widget\" data-e-type=\"widget\" data-widget_type=\"heading.default\">\n\t\t\t\t<div class=\"elementor-widget-container\">\n\t\t\t\t\t<h2 class=\"elementor-heading-title elementor-size-default\">Mise en \u0153uvre de la directive DESP dans les entreprises<\/h2>\t\t\t\t<\/div>\n\t\t\t\t<\/div>\n\t\t\t\t<div class=\"elementor-element elementor-element-de28369 elementor-widget elementor-widget-text-editor\" data-id=\"de28369\" data-element_type=\"widget\" data-e-type=\"widget\" data-widget_type=\"text-editor.default\">\n\t\t\t\t<div class=\"elementor-widget-container\">\n\t\t\t\t\t\t\t\t\t<p>Appareils correctement construits et fonctionnels\u00a0<strong>pression<\/strong>\u00a0garantir non seulement le d\u00e9roulement efficace des diff\u00e9rents processus industriels, mais \u00e9galement un niveau de s\u00e9curit\u00e9 appropri\u00e9. C&#039;est pourquoi ils sont certifi\u00e9s selon\u00a0<strong>Directive DESP<\/strong>\/2014\/68\/EU est si important. Il couvre \u00e9galement les entreprises du secteur du soudage produisant des \u00e9quipements.\u00a0<strong>pression\u00a0<\/strong>\u2014 le respect des normes de l&#039;UE concerne, entre autres, les qualifications des soudeurs et les technologies utilis\u00e9es. Il est ainsi possible de commercialiser librement des chaudi\u00e8res \u00e0 vapeur, des conduites, des gazoducs et des appareils \u00e0 pression certifi\u00e9s sur les march\u00e9s de l\u2019Union europ\u00e9enne.<\/p>\t\t\t\t\t\t\t\t<\/div>\n\t\t\t\t<\/div>\n\t\t\t\t<div class=\"elementor-element elementor-element-01cc41d elementor-widget elementor-widget-heading\" data-id=\"01cc41d\" data-element_type=\"widget\" data-e-type=\"widget\" data-widget_type=\"heading.default\">\n\t\t\t\t<div class=\"elementor-widget-container\">\n\t\t\t\t\t<h2 class=\"elementor-heading-title elementor-size-default\">Assistance de sp\u00e9cialistes en soudage<\/h2>\t\t\t\t<\/div>\n\t\t\t\t<\/div>\n\t\t\t\t<div class=\"elementor-element elementor-element-0102b08 elementor-widget elementor-widget-text-editor\" data-id=\"0102b08\" data-element_type=\"widget\" data-e-type=\"widget\" data-widget_type=\"text-editor.default\">\n\t\t\t\t<div class=\"elementor-widget-container\">\n\t\t\t\t\t\t\t\t\t<p>Chez Welding Consulting, nous nous occupons de la mise en \u0153uvre professionnelle et du contr\u00f4le des r\u00e8gles d\u00e9coulant de\u00a0<strong>Directive DESP sur les \u00e9quipements sous pression<\/strong>\/2014\/68\/UE dans les entreprises de soudage. Nous adaptons toujours nos services aux besoins individuels du client, en pr\u00e9parant un plan complet permettant la mise en \u0153uvre des r\u00e9glementations \u00e9labor\u00e9es par le Parlement europ\u00e9en. Nous proposons entre autres de v\u00e9rifier les qualifications et certifications des soudeurs, de pr\u00e9parer des instructions de soudage ainsi que de v\u00e9rifier les m\u00e9thodes utilis\u00e9es. Gr\u00e2ce \u00e0 nous, le fonctionnement de votre entreprise sera pleinement conforme aux\u00a0<strong>Directive \u00c9quipements Sous Pression<\/strong>. Nous vous encourageons \u00e0 nous contacter.<\/p>\t\t\t\t\t\t\t\t<\/div>\n\t\t\t\t<\/div>\n\t\t\t\t<div class=\"elementor-element elementor-element-c7889a4 elementor-widget elementor-widget-heading\" data-id=\"c7889a4\" data-element_type=\"widget\" data-e-type=\"widget\" data-widget_type=\"heading.default\">\n\t\t\t\t<div class=\"elementor-widget-container\">\n\t\t\t\t\t<h2 class=\"elementor-heading-title elementor-size-default\">Directive PED 2014\/68\/eu - certaines normes et proc\u00e9dures pour la protection des personnes et la libre circulation sur le march\u00e9 de l&#039;Union europ\u00e9enne<\/h2>\t\t\t\t<\/div>\n\t\t\t\t<\/div>\n\t\t\t\t<div class=\"elementor-element elementor-element-2b32778 elementor-widget elementor-widget-text-editor\" data-id=\"2b32778\" data-element_type=\"widget\" data-e-type=\"widget\" data-widget_type=\"text-editor.default\">\n\t\t\t\t<div class=\"elementor-widget-container\">\n\t\t\t\t\t\t\t\t\t<p><strong>Directive DESP<\/strong>\u00a0\u00e9mises par le Parlement europ\u00e9en sont des exigences qui s&#039;appliquent \u00e0 la fois aux \u00e9quipements sous pression et aux employ\u00e9s effectuant des travaux de soudage. Pour s&#039;assurer que les activit\u00e9s exerc\u00e9es dans une entreprise donn\u00e9e sont conformes aux normes qui y sont sp\u00e9cifi\u00e9es, il convient de faire appel \u00e0 l&#039;aide professionnelle de sp\u00e9cialistes. Chez Welding Consulting, nous aidons nos clients \u00e0 mettre en \u0153uvre\u00a0<strong>directif<\/strong>\u00a0pression\u00a0<strong>\u00c9LAN<\/strong>\u00a02014\/68\/eu, nous avons de l&#039;exp\u00e9rience en mati\u00e8re d&#039;audits et de certification. En faisant appel \u00e0 notre accompagnement, vous pouvez \u00eatre s\u00fbr que votre entreprise r\u00e9pondra aux exigences, normes et directives internationales en mati\u00e8re de s\u00e9curit\u00e9 et de qualit\u00e9. Nous vous encourageons cordialement \u00e0 coop\u00e9rer, et si vous avez des questions ou des doutes, veuillez contacter nos repr\u00e9sentants.<\/p>\t\t\t\t\t\t\t\t<\/div>\n\t\t\t\t<\/div>\n\t\t\t\t\t<\/div>\n\t\t<\/div>\n\t\t\t\t\t<\/div>\n\t\t<\/section>\n\t\t\t\t\t<\/div>\n\t\t<\/div>\n\t\t\t\t\t<\/div>\n\t\t<\/section>\n\t\t\t\t<\/div>","protected":false},"excerpt":{"rendered":"<p>Dyrektywa ci\u015bnieniowa ped\/2014\/68\/eu \u2013 normy dla spawalnictwa Podobnie jak inne bran\u017ce spawalnictwo podlega normom i\u00a0dyrektywom Parlamentu Europejskiego. Dyrektywa Ci\u015bnieniowa ped\/2014\/68\/eu wydana zosta\u0142a przez Parlament Europejski w\u00a0dniu 15 maja 2014 r. Dotyczy ona harmonizacji ustawodawstw pa\u0144stw cz\u0142onkowskich w\u00a0zakresie udost\u0119pniania na\u00a0rynku urz\u0105dze\u0144 ci\u015bnieniowych.\u00a0Doradztwo i\u00a0inspekcje spawalnicze\u00a0obejmuj\u0105 wdro\u017cenie i\u00a0kontrol\u0119 wdro\u017cenia zasad opisanych w\u00a0dyrektywie. Regulacje zawarte w\u00a0dyrektywie ci\u015bnieniowej PED\/2014\/68\/eu\u00a0maj\u0105 przede wszystkim za\u00a0zadanie zapobiec wprowadzaniu na\u00a0rynek rosn\u0105cej liczby urz\u0105dze\u0144 certyfikowanych w\u00a0spos\u00f3b nieuczciwy i\u00a0niew\u0142a\u015bciwy. Kiedy stosuje si\u0119 dyrektyw\u0119 ci\u015bnieniow\u0105 PED 2014\/68\/eu? Obowi\u0105zek wdro\u017cenia dyrektywy spoczywa na\u00a0wszystkich firmach produkcyjnych uczestnicz\u0105cych w\u00a0\u0142a\u0144cuchu dostaw. Dzi\u0119ki wprowadzeniu jednolitego standardu \u2013 znacznie podwy\u017csza\u00a0si\u0119 bezpiecze\u0144stwo ,o kt\u00f3re dbamy np. poprzez\u00a0wdro\u017cenie\u00a0instrukcji spawania. Dyrektyw\u0119 stosuje\u00a0si\u0119 w\u00a0przypadku u\u017cywania urz\u0105dze\u0144 ci\u015bnieniowych o\u00a0dopuszczalnym ci\u015bnieniu wy\u017cszym ni\u017c 0,5 bara, dlatego tak\u00a0wa\u017cne jest jej\u00a0poprawne wprowadzenie do\u00a0zak\u0142ad\u00f3w spawalniczych. Welding Consulting \u015bwiadczy us\u0142ugi certyfikacyjne dla spawalnictwa i\u00a0pomaga kompleksowo wdro\u017cy\u0107 dyrektyw\u0119 ci\u015bnieniow\u0105 PED 2014\/68\/eu, wraz ze wszelkimi wymaganiami zawartymi dotycz\u0105cymi spawalnictwa. Podobnie jak i\u00a0w\u00a0przypadku innych certyfikat\u00f3w dla spawalnictwa czy\u00a0procedur WPQR\/WPS rozpoczynamy od\u00a0wizyty w\u00a0zak\u0142adzie naszego Klienta, a\u00a0nast\u0119pnie opracowujemy plan wdro\u017cenia regulacji dyrektywy. Dyrektywa ci\u015bnieniowa dla spawalnictwa Dyrektywa ci\u015bnieniowa PED\/2014\/68\/EU obejmuje szereg r\u00f3\u017cnorodnych regulacji \u2014 dotycz\u0105cych mi\u0119dzy innymi bran\u017cy spawalnictwa \u2014 kt\u00f3re maj\u0105 za\u00a0zadanie przede wszystkim zwi\u0119kszy\u0107 bezpiecze\u0144stwo korzystania z\u00a0urz\u0105dze\u0144 i\u00a0instalacji tego rodzaju za\u00a0spraw\u0105 ujednoliconych zasad ich\u00a0produkcji oraz\u00a0dystrybucji. Dotyczy ona\u00a0r\u00f3wnie\u017c personelu zajmuj\u0105cego\u00a0si\u0119\u00a0wykonywaniem sprz\u0119tu\u00a0ci\u015bnieniowego, stosowanych materia\u0142\u00f3w, a\u00a0tak\u017ce wykorzystywanych metod produkcyjnych. Wdro\u017cenie\u00a0dyrektywy\u00a0jest niezb\u0119dne w\u00a0wielu przedsi\u0119biorstwach, dlatego w\u00a0Welding Consulting udzielamy wsparcia w\u00a0jej\u00a0przestrzeganiu. Wdra\u017canie dyrektywy PED w przedsi\u0119biorstwach Prawid\u0142owo wykonane oraz\u00a0funkcjonuj\u0105ce urz\u0105dzenia\u00a0ci\u015bnieniowe\u00a0nie\u00a0tylko\u00a0zapewniaj\u0105 efektywny przebieg r\u00f3\u017cnorodnych proces\u00f3w przemys\u0142owych, lecz\u00a0tak\u017ce odpowiedni poziom bezpiecze\u0144stwa. W\u0142a\u015bnie dlatego ich\u00a0certyfikacja zgodna z\u00a0dyrektyw\u0105 PED\/2014\/68\/EU ma\u00a0tak\u00a0du\u017ce znaczenie. Podlegaj\u0105 jej\u00a0r\u00f3wnie\u017c firmy z\u00a0bran\u017cy spawalnictwa zajmuj\u0105ce\u00a0si\u0119\u00a0produkcja urz\u0105dze\u0144\u00a0ci\u015bnieniowych\u00a0\u2014 przestrzeganie norm unijnych dotyczy mi\u0119dzy innymi uprawnie\u0144 spawaczy oraz\u00a0wykorzystywanych technologii. W\u00a0rezultacie mo\u017cliwy jest swobodny obr\u00f3t na\u00a0rynkach Unii Europejskiej certyfikowanymi kot\u0142ami parowymi, ruroci\u0105gami, gazoci\u0105gami czy\u00a0zbiornikami ci\u015bnieniowymi. Wsparcie specjalist\u00f3w w zakresie spawalnictwa W firmie Welding Consulting zajmujemy\u00a0si\u0119\u00a0profesjonalnym wdra\u017caniem, a\u00a0tak\u017ce kontrolowaniem zasad wynikaj\u0105cych z\u00a0dyrektywy ci\u015bnieniowej PED\/2014\/68\/EU w\u00a0przedsi\u0119biorstwach w\u00a0obr\u0119bie spawalnictwa. Nasze us\u0142ugi zawsze dostosowujemy do\u00a0indywidualnych potrzeb Klienta, przygotowuj\u0105c kompleksowy plan pozwalaj\u0105cy na\u00a0realizowanie regulacji opracowanych przez Parlament Europejski. Oferujemy mi\u0119dzy innymi sprawdzanie uprawnie\u0144 spawaczy, a\u00a0tak\u017ce ich\u00a0certyfikacj\u0119, sporz\u0105dzanie instrukcji dotycz\u0105cych spawania, jak\u00a0r\u00f3wnie\u017c kontrol\u0119 wykorzystywanych metod. Dzi\u0119ki nam\u00a0funkcjonowanie Pa\u0144stwa firmy b\u0119dzie ca\u0142kowicie zgodne z\u00a0dyrektyw\u0105 ci\u015bnieniow\u0105. Zach\u0119camy do\u00a0kontaktu. Dyrektywa PED 2014\/68\/eu \u2014 okre\u015blone normy i procedury, s\u0142u\u017c\u0105ce ochronie ludzi oraz swobodnemu obrotowi w obr\u0119bie rynku Unii Europejskiej Dyrektywa PED\u00a0wydana przez Parlament Europejski to\u00a0wymagania, kt\u00f3re dotycz\u0105 zar\u00f3wno urz\u0105dze\u0144 ci\u015bnieniowych, jak\u00a0i\u00a0pracownik\u00f3w wykonuj\u0105cych prace spawalnicze. Aby\u00a0mie\u0107 pewno\u015b\u0107, \u017ce\u00a0dzia\u0142ania wykonywane w\u00a0danym przedsi\u0119biorstwie s\u0105\u00a0zgodnie z\u00a0zapisanymi w\u00a0niej normami, warto skorzysta\u0107 z\u00a0profesjonalnej pomocy specjalist\u00f3w. W\u00a0Welding Consulting naszym Klientom pomagamy wdro\u017cy\u0107\u00a0dyrektyw\u0119\u00a0ci\u015bnieniow\u0105\u00a0PED\u00a02014\/68\/eu, mamy do\u015bwiadczenie w\u00a0zakresie audyt\u00f3w i\u00a0certyfikacji. Korzystaj\u0105c z\u00a0naszego wsparcia, mo\u017cesz by\u0107\u00a0pewny, \u017ce\u00a0Twoja firma spe\u0142ni mi\u0119dzynarodowe wymagania, normy oraz\u00a0dyrektywy w\u00a0zakresie bezpiecze\u0144stwa i\u00a0jako\u015bci. Serdecznie zach\u0119camy do\u00a0wsp\u00f3\u0142pracy, a\u00a0w\u00a0przypadku pyta\u0144 lub\u00a0jakichkolwiek w\u0105tpliwo\u015bci zach\u0119camy do\u00a0kontaktu z\u00a0naszymi przedstawicielami.<\/p>","protected":false},"author":1,"featured_media":0,"parent":0,"menu_order":0,"comment_status":"closed","ping_status":"closed","template":"elementor_header_footer","meta":{"site-sidebar-layout":"default","site-content-layout":"","ast-site-content-layout":"default","site-content-style":"default","site-sidebar-style":"default","ast-global-header-display":"","ast-banner-title-visibility":"","ast-main-header-display":"","ast-hfb-above-header-display":"","ast-hfb-below-header-display":"","ast-hfb-mobile-header-display":"","site-post-title":"","ast-breadcrumbs-content":"","ast-featured-img":"","footer-sml-layout":"","ast-disable-related-posts":"","theme-transparent-header-meta":"default","adv-header-id-meta":"","stick-header-meta":"","header-above-stick-meta":"","header-main-stick-meta":"","header-below-stick-meta":"","astra-migrate-meta-layouts":"set","ast-page-background-enabled":"default","ast-page-background-meta":{"desktop":{"background-color":"var(--ast-global-color-4)","background-image":"","background-repeat":"repeat","background-position":"center center","background-size":"auto","background-attachment":"scroll","background-type":"","background-media":"","overlay-type":"","overlay-color":"","overlay-opacity":"","overlay-gradient":""},"tablet":{"background-color":"","background-image":"","background-repeat":"repeat","background-position":"center center","background-size":"auto","background-attachment":"scroll","background-type":"","background-media":"","overlay-type":"","overlay-color":"","overlay-opacity":"","overlay-gradient":""},"mobile":{"background-color":"","background-image":"","background-repeat":"repeat","background-position":"center center","background-size":"auto","background-attachment":"scroll","background-type":"","background-media":"","overlay-type":"","overlay-color":"","overlay-opacity":"","overlay-gradient":""}},"ast-content-background-meta":{"desktop":{"background-color":"var(--ast-global-color-5)","background-image":"","background-repeat":"repeat","background-position":"center center","background-size":"auto","background-attachment":"scroll","background-type":"","background-media":"","overlay-type":"","overlay-color":"","overlay-opacity":"","overlay-gradient":""},"tablet":{"background-color":"var(--ast-global-color-5)","background-image":"","background-repeat":"repeat","background-position":"center center","background-size":"auto","background-attachment":"scroll","background-type":"","background-media":"","overlay-type":"","overlay-color":"","overlay-opacity":"","overlay-gradient":""},"mobile":{"background-color":"var(--ast-global-color-5)","background-image":"","background-repeat":"repeat","background-position":"center center","background-size":"auto","background-attachment":"scroll","background-type":"","background-media":"","overlay-type":"","overlay-color":"","overlay-opacity":"","overlay-gradient":""}},"footnotes":""},"class_list":["post-1121","page","type-page","status-publish","hentry"],"rttpg_featured_image_url":null,"rttpg_author":{"display_name":"admin-JYZ7TiXE","author_link":"https:\/\/weldingconsulting.pl\/fr\/author\/admin-jyz7tixe\/"},"rttpg_comment":0,"rttpg_category":null,"rttpg_excerpt":"Dyrektywa ci\u015bnieniowa ped\/2014\/68\/eu \u2013 normy dla spawalnictwa Podobnie jak inne bran\u017ce spawalnictwo podlega normom i\u00a0dyrektywom Parlamentu Europejskiego. Dyrektywa Ci\u015bnieniowa ped\/2014\/68\/eu wydana zosta\u0142a przez Parlament Europejski w\u00a0dniu 15 maja 2014 r. Dotyczy ona harmonizacji ustawodawstw pa\u0144stw cz\u0142onkowskich w\u00a0zakresie udost\u0119pniania na\u00a0rynku urz\u0105dze\u0144 ci\u015bnieniowych.\u00a0Doradztwo i\u00a0inspekcje spawalnicze\u00a0obejmuj\u0105 wdro\u017cenie i\u00a0kontrol\u0119 wdro\u017cenia zasad opisanych w\u00a0dyrektywie. Regulacje zawarte w\u00a0dyrektywie ci\u015bnieniowej PED\/2014\/68\/eu\u00a0maj\u0105 przede&hellip;","_links":{"self":[{"href":"https:\/\/weldingconsulting.pl\/fr\/wp-json\/wp\/v2\/pages\/1121","targetHints":{"allow":["GET"]}}],"collection":[{"href":"https:\/\/weldingconsulting.pl\/fr\/wp-json\/wp\/v2\/pages"}],"about":[{"href":"https:\/\/weldingconsulting.pl\/fr\/wp-json\/wp\/v2\/types\/page"}],"author":[{"embeddable":true,"href":"https:\/\/weldingconsulting.pl\/fr\/wp-json\/wp\/v2\/users\/1"}],"replies":[{"embeddable":true,"href":"https:\/\/weldingconsulting.pl\/fr\/wp-json\/wp\/v2\/comments?post=1121"}],"version-history":[{"count":9,"href":"https:\/\/weldingconsulting.pl\/fr\/wp-json\/wp\/v2\/pages\/1121\/revisions"}],"predecessor-version":[{"id":2457,"href":"https:\/\/weldingconsulting.pl\/fr\/wp-json\/wp\/v2\/pages\/1121\/revisions\/2457"}],"wp:attachment":[{"href":"https:\/\/weldingconsulting.pl\/fr\/wp-json\/wp\/v2\/media?parent=1121"}],"curies":[{"name":"wp","href":"https:\/\/api.w.org\/{rel}","templated":true}]}}