{"id":1117,"date":"2023-09-21T00:13:44","date_gmt":"2023-09-20T22:13:44","guid":{"rendered":"https:\/\/weldingconsulting.pl\/?page_id=1117"},"modified":"2024-08-28T15:12:41","modified_gmt":"2024-08-28T13:12:41","slug":"procedures-wpqr-et-wps-pour-le-soudage","status":"publish","type":"page","link":"https:\/\/weldingconsulting.pl\/fr\/procedures-wpqr-et-wps-pour-le-soudage\/","title":{"rendered":"Proc\u00e9dures WPQR et WPS pour le soudage"},"content":{"rendered":"<div data-elementor-type=\"wp-page\" data-elementor-id=\"1117\" class=\"elementor elementor-1117\" data-elementor-post-type=\"page\">\n\t\t\t\t\t\t<section class=\"elementor-section elementor-top-section elementor-element elementor-element-59f7bdb elementor-section-boxed elementor-section-height-default elementor-section-height-default wpr-particle-no wpr-jarallax-no wpr-parallax-no wpr-sticky-section-no wpr-equal-height-no\" data-id=\"59f7bdb\" data-element_type=\"section\" data-e-type=\"section\">\n\t\t\t\t\t\t<div class=\"elementor-container elementor-column-gap-default\">\n\t\t\t\t\t<div class=\"elementor-column elementor-col-100 elementor-top-column elementor-element elementor-element-69db6c0\" data-id=\"69db6c0\" data-element_type=\"column\" data-e-type=\"column\">\n\t\t\t<div class=\"elementor-widget-wrap elementor-element-populated\">\n\t\t\t\t\t\t<section class=\"elementor-section elementor-inner-section elementor-element elementor-element-dd6a21d elementor-section-boxed elementor-section-height-default elementor-section-height-default wpr-particle-no wpr-jarallax-no wpr-parallax-no wpr-sticky-section-no wpr-equal-height-no\" data-id=\"dd6a21d\" data-element_type=\"section\" data-e-type=\"section\">\n\t\t\t\t\t\t<div class=\"elementor-container elementor-column-gap-default\">\n\t\t\t\t\t<div class=\"elementor-column elementor-col-100 elementor-inner-column elementor-element elementor-element-433a8fe\" data-id=\"433a8fe\" data-element_type=\"column\" data-e-type=\"column\">\n\t\t\t<div class=\"elementor-widget-wrap elementor-element-populated\">\n\t\t\t\t\t\t<div class=\"elementor-element elementor-element-5d82c38 elementor-widget elementor-widget-heading\" data-id=\"5d82c38\" data-element_type=\"widget\" data-e-type=\"widget\" data-widget_type=\"heading.default\">\n\t\t\t\t<div class=\"elementor-widget-container\">\n\t\t\t\t\t<h2 class=\"elementor-heading-title elementor-size-default\">Proc\u00e9dures WPQR et WPS pour le soudage<\/h2>\t\t\t\t<\/div>\n\t\t\t\t<\/div>\n\t\t\t\t\t<\/div>\n\t\t<\/div>\n\t\t\t\t\t<\/div>\n\t\t<\/section>\n\t\t\t\t<section class=\"elementor-section elementor-inner-section elementor-element elementor-element-6d0c4d2 elementor-section-boxed elementor-section-height-default elementor-section-height-default wpr-particle-no wpr-jarallax-no wpr-parallax-no wpr-sticky-section-no wpr-equal-height-no\" data-id=\"6d0c4d2\" data-element_type=\"section\" data-e-type=\"section\">\n\t\t\t\t\t\t<div class=\"elementor-container elementor-column-gap-default\">\n\t\t\t\t\t<div class=\"elementor-column elementor-col-50 elementor-inner-column elementor-element elementor-element-f062207\" data-id=\"f062207\" data-element_type=\"column\" data-e-type=\"column\">\n\t\t\t<div class=\"elementor-widget-wrap elementor-element-populated\">\n\t\t\t\t\t\t<div class=\"elementor-element elementor-element-ae4ca86 elementor-widget elementor-widget-text-editor\" data-id=\"ae4ca86\" data-element_type=\"widget\" data-e-type=\"widget\" data-widget_type=\"text-editor.default\">\n\t\t\t\t<div class=\"elementor-widget-container\">\n\t\t\t\t\t\t\t\t\t<p>L&#039;\u00e9laboration de la proc\u00e9dure de qualification en technologie de soudage ainsi que la pr\u00e9paration et la mise en \u0153uvre ult\u00e9rieures du manuel technologique sont un processus en plusieurs \u00e9tapes. Le rythme de travail et la fiabilit\u00e9 de l&#039;effet final d\u00e9pendront des connaissances et de l&#039;exp\u00e9rience du consultant en soudage. Mise en place de proc\u00e9dures\u00a0<strong>WPQR<\/strong>\u00a0et\u00a0<strong>WPS<\/strong>\u00a0Pour\u00a0<strong>soudage<\/strong>\u00a0nous effectuons, selon les normes g\u00e9n\u00e9ralement admises EN ISO 15614-1, EN 1090, EN 13445, EN 13480,\u00a0<strong>NORSOKM-101<\/strong>,\u00a0<strong>NORSOKM-601<\/strong>, AWS D1.1, ASME IX et la directive sur les \u00e9quipements sous pression PED 2014\/68\/UE.<\/p><h2>Production et proc\u00e9dures de soudage<\/h2><p>Avant de mettre en \u0153uvre les proc\u00e9dures, nous examinons en d\u00e9tail l&#039;\u00e9tat de la production de soudage dans l&#039;entreprise du client et conseillons sur les premi\u00e8res solutions technologiques. Tout d\u2019abord, il est n\u00e9cessaire d\u2019\u00e9valuer quelles technologies seront n\u00e9cessaires pour r\u00e9pondre aux exigences du processus en termes d\u2019\u00e9paisseur et de gamme de qualit\u00e9s de mat\u00e9riaux de base qualifi\u00e9es. Mise en \u0153uvre compl\u00e8te de la proc\u00e9dure de Qualification Technologique\u00a0<strong>Soudage\u00a0<\/strong>(<strong>WPQR<\/strong>) est r\u00e9alis\u00e9 en coop\u00e9ration avec le client et un laboratoire de recherche professionnel qui effectue des tests destructifs et non destructifs. Les r\u00e9sultats de ces \u00e9tudes sont des indications pr\u00e9cieuses pour la cr\u00e9ation d&#039;instructions technologiques\u00a0<strong>soudage\u00a0<\/strong>\u2013\u00a0<strong>WPS<\/strong>.<\/p>\t\t\t\t\t\t\t\t<\/div>\n\t\t\t\t<\/div>\n\t\t\t\t\t<\/div>\n\t\t<\/div>\n\t\t\t\t<div class=\"elementor-column elementor-col-50 elementor-inner-column elementor-element elementor-element-bbed28b\" data-id=\"bbed28b\" data-element_type=\"column\" data-e-type=\"column\">\n\t\t\t<div class=\"elementor-widget-wrap elementor-element-populated\">\n\t\t\t\t\t\t<div class=\"elementor-element elementor-element-c7a8337 elementor-widget elementor-widget-image\" data-id=\"c7a8337\" data-element_type=\"widget\" data-e-type=\"widget\" data-widget_type=\"image.default\">\n\t\t\t\t<div class=\"elementor-widget-container\">\n\t\t\t\t\t\t\t\t\t\t\t\t\t\t\t<img fetchpriority=\"high\" decoding=\"async\" width=\"724\" height=\"483\" src=\"https:\/\/weldingconsulting.pl\/wp-content\/uploads\/2023\/09\/Procedury-WPQR-WPS.webp\" class=\"attachment-large size-large wp-image-1578\" alt=\"\" srcset=\"https:\/\/weldingconsulting.pl\/wp-content\/uploads\/2023\/09\/Procedury-WPQR-WPS.webp 724w, https:\/\/weldingconsulting.pl\/wp-content\/uploads\/2023\/09\/Procedury-WPQR-WPS-300x200.webp 300w\" sizes=\"(max-width: 724px) 100vw, 724px\" title=\"\">\t\t\t\t\t\t\t\t\t\t\t\t\t\t\t<\/div>\n\t\t\t\t<\/div>\n\t\t\t\t<div class=\"elementor-element elementor-element-85e541f elementor-widget elementor-widget-text-editor\" data-id=\"85e541f\" data-element_type=\"widget\" data-e-type=\"widget\" data-widget_type=\"text-editor.default\">\n\t\t\t\t<div class=\"elementor-widget-container\">\n\t\t\t\t\t\t\t\t\t<p><strong>Quel que soit le pays dans lequel la qualification doit \u00eatre effectu\u00e9e, gr\u00e2ce aux technologies modernes, nous fournirons des conseils en ligne et m\u00e8nerons \u00e0 bien le processus complet de qualification technologique WPQR. Pour plus d\u2019informations ou pour d\u00e9marrer le processus, veuillez nous contacter au\u00a0<a href=\"tel:+48 508 052 072\">+48 508 052 072<\/a><\/strong><\/p>\t\t\t\t\t\t\t\t<\/div>\n\t\t\t\t<\/div>\n\t\t\t\t\t<\/div>\n\t\t<\/div>\n\t\t\t\t\t<\/div>\n\t\t<\/section>\n\t\t\t\t<section class=\"elementor-section elementor-inner-section elementor-element elementor-element-40b2e19 elementor-section-boxed elementor-section-height-default elementor-section-height-default wpr-particle-no wpr-jarallax-no wpr-parallax-no wpr-sticky-section-no wpr-equal-height-no\" data-id=\"40b2e19\" data-element_type=\"section\" data-e-type=\"section\">\n\t\t\t\t\t\t<div class=\"elementor-container elementor-column-gap-default\">\n\t\t\t\t\t<div class=\"elementor-column elementor-col-100 elementor-inner-column elementor-element elementor-element-2e83a04\" data-id=\"2e83a04\" data-element_type=\"column\" data-e-type=\"column\">\n\t\t\t<div class=\"elementor-widget-wrap elementor-element-populated\">\n\t\t\t\t\t\t<div class=\"elementor-element elementor-element-5950026 elementor-widget elementor-widget-text-editor\" data-id=\"5950026\" data-element_type=\"widget\" data-e-type=\"widget\" data-widget_type=\"text-editor.default\">\n\t\t\t\t<div class=\"elementor-widget-container\">\n\t\t\t\t\t\t\t\t\t<h2>\u00c9tapes de qualification de la technologie de soudage WPQR<\/h2><p>Le processus depuis la rencontre avec le client et la phase de conseil en soudage jusqu&#039;\u00e0 l&#039;\u00e9laboration de l&#039;enseignement technologique en soudage est le suivant :<\/p><ul><li>Analyse du projet - d\u00e9termination pr\u00e9cise du processus, du type de mat\u00e9riau de base, des plages d&#039;\u00e9paisseur et de diam\u00e8tre et du type de joints.<\/li><li>Pr\u00e9paration des instructions technologiques pr\u00e9liminaires de soudage - pWPS.<\/li><li>Test de soudage interne du joint cible.<\/li><li>Soudage de plaques ou de tuyaux avec la participation d&#039;un organisme notifi\u00e9.<\/li><li>R\u00e9sultats positifs des contr\u00f4les non destructifs, passage aux contr\u00f4les destructifs.<\/li><li>D\u00e9livrance du protocole de qualification de technologie de soudage WPQR par un organisme notifi\u00e9.<\/li><li>D\u00e9veloppement d&#039;instructions technologiques\u00a0<strong>soudage\u00a0<\/strong>\u2013\u00a0<strong>WPS<\/strong>.<\/li><\/ul>\t\t\t\t\t\t\t\t<\/div>\n\t\t\t\t<\/div>\n\t\t\t\t\t<\/div>\n\t\t<\/div>\n\t\t\t\t\t<\/div>\n\t\t<\/section>\n\t\t\t\t<section class=\"elementor-section elementor-inner-section elementor-element elementor-element-4f33979 elementor-section-boxed elementor-section-height-default elementor-section-height-default wpr-particle-no wpr-jarallax-no wpr-parallax-no wpr-sticky-section-no wpr-equal-height-no\" data-id=\"4f33979\" data-element_type=\"section\" data-e-type=\"section\">\n\t\t\t\t\t\t<div class=\"elementor-container elementor-column-gap-default\">\n\t\t\t\t\t<div class=\"elementor-column elementor-col-100 elementor-inner-column elementor-element elementor-element-d69fa33\" data-id=\"d69fa33\" data-element_type=\"column\" data-e-type=\"column\">\n\t\t\t<div class=\"elementor-widget-wrap elementor-element-populated\">\n\t\t\t\t\t\t<div class=\"elementor-element elementor-element-c22b00b elementor-widget elementor-widget-text-editor\" data-id=\"c22b00b\" data-element_type=\"widget\" data-e-type=\"widget\" data-widget_type=\"text-editor.default\">\n\t\t\t\t<div class=\"elementor-widget-container\">\n\t\t\t\t\t\t\t\t\t<h2>Soudage : d\u00e9veloppement rapide et complet de WPQR et WPS<\/h2><p>Si vous recherchez une entreprise fiable qui accompagne les entreprises dans la mise en \u0153uvre et le maintien de normes \u00e9lev\u00e9es des services offerts\u00a0<strong>soudage\u00a0<\/strong>\u2014 nous vous encourageons \u00e0 coop\u00e9rer avec Welding Consulting\u00a0! Nous fournissons des conseils en ing\u00e9nierie, la cr\u00e9ation de proc\u00e9dures de soudage, des inspections, des avis d&#039;experts et bien plus encore. Services de conseil et de certification pour les entreprises confront\u00e9es \u00e0\u00a0<strong>soudage<\/strong>\u00a0nous fournissons des services dans toute la Pologne. Pour en savoir plus sur les d\u00e9tails de l\u2019offre, veuillez nous contacter.<\/p>\t\t\t\t\t\t\t\t<\/div>\n\t\t\t\t<\/div>\n\t\t\t\t<div class=\"elementor-element elementor-element-b7d1e17 elementor-widget elementor-widget-text-editor\" data-id=\"b7d1e17\" data-element_type=\"widget\" data-e-type=\"widget\" data-widget_type=\"text-editor.default\">\n\t\t\t\t<div class=\"elementor-widget-container\">\n\t\t\t\t\t\t\t\t\t<h2>D\u00e9veloppement d&#039;une proc\u00e9dure de qualification en technologie de soudage - Soudage WPS au plus haut niveau<\/h2><p><strong>WPS<\/strong>\u00a0est une source d&#039;informations de base pour le personnel de soudage effectuant tous les travaux de soudage dans la production d&#039;une structure ou d&#039;un produit sp\u00e9cifique, cr\u00e9\u00e9 sur la base du WPQR. Il est suppos\u00e9 que la documentation doit contenir au moins des directives technologiques, par exemple le marquage num\u00e9rique du processus de soudage, la m\u00e9thode de pr\u00e9paration de la surface, le dessin sch\u00e9matique du joint soud\u00e9, les param\u00e8tres lors du processus de soudage.\u00a0<strong>soudage<\/strong>\u00a0et position ou informations sur le m\u00e9tal d&#039;apport, donn\u00e9es d&#039;identification, informations sur le mat\u00e9riau \u00e0 souder, ainsi que d&#039;autres exigences d\u00e9taill\u00e9es li\u00e9es \u00e0 la m\u00e9thode\u00a0<strong>soudage<\/strong>. Vous souhaitez en savoir plus sur les normes et les consignes technologiques\u00a0<strong>soudage<\/strong>? N&#039;h\u00e9sitez pas \u00e0 nous contacter !<\/p>\t\t\t\t\t\t\t\t<\/div>\n\t\t\t\t<\/div>\n\t\t\t\t\t<\/div>\n\t\t<\/div>\n\t\t\t\t\t<\/div>\n\t\t<\/section>\n\t\t\t\t\t<\/div>\n\t\t<\/div>\n\t\t\t\t\t<\/div>\n\t\t<\/section>\n\t\t\t\t<\/div>","protected":false},"excerpt":{"rendered":"<p>Procedury WPQR i WPS dla spawalnictwa Opracowanie procedury kwalifikowania technologii spawania oraz\u00a0p\u00f3\u017aniejsze przygotowanie i\u00a0wdro\u017cenie instrukcji technologicznej to\u00a0proces wieloetapowy. Od\u00a0wiedzy i\u00a0do\u015bwiadczenia doradcy spawalniczego b\u0119dzie zale\u017ce\u0107 tempo prac i\u00a0rzetelno\u015b\u0107 finalnego efektu. Wdro\u017cenie procedur\u00a0WPQR\u00a0i\u00a0WPS\u00a0dla\u00a0spawalnictwa\u00a0przeprowadzamy, wed\u0142ug og\u00f3lnie przyj\u0119tnych norm EN\u00a0ISO\u00a015614-1, EN\u00a01090, EN\u00a013445, EN\u00a013480,\u00a0NORSOK M-101,\u00a0NORSOK M-601, AWS\u00a0D1.1, ASME IX\u00a0oraz\u00a0dyrektywy ci\u015bnieniowej PED\u00a02014\/68\/EU. Produkcja spawalnicza a\u00a0procedury Przed wdro\u017ceniem procedur zapoznajemy\u00a0si\u0119\u00a0szczeg\u00f3\u0142owo ze\u00a0stanem produkcji spawalniczej w\u00a0firmie Klienta i\u00a0doradzamy w\u00a0kwestii wst\u0119pnych rozwi\u0105za\u0144 technologicznych. Na\u00a0pocz\u0105tku nale\u017cy oceni\u0107, jakie technologie b\u0119d\u0105 potrzebne, aby\u00a0spe\u0142ni\u0107 wymagania procesu w\u00a0zakresie grubo\u015bci oraz\u00a0zakresu kwalifikowanego gatunku materia\u0142u podstawowego. Pe\u0142ne przeprowadzenie procedury Kwalifikowania Technologii\u00a0Spawania\u00a0(WPQR) odbywa\u00a0si\u0119\u00a0we\u00a0wsp\u00f3\u0142pracy z\u00a0Klientem i\u00a0profesjonalnym laboratorium badawczym, kt\u00f3re przeprowadza badania niszcz\u0105ce i\u00a0nieniszcz\u0105ce. Wyniki tych bada\u0144 to\u00a0cenne wskazania do\u00a0stworzenia instrukcji technologicznej\u00a0spawania\u00a0\u2013\u00a0WPS. Niewa\u017cne w jakim kraju nale\u017cy przeprowadzi\u0107 kwalifikacj\u0119, dzi\u0119ki nowoczesnym technologiom przeprowadzimy doradztwo online i z sukcesem zako\u0144czymy pe\u0142ny proces kwalifikacji technologii WPQR.\u00a0 Aby uzyska\u0107 wi\u0119cej informacji lub rozpocz\u0105\u0107 proces, prosimy o kontakt pod numerem\u00a0+48 508 052 072 Etapy kwalifikowania technologii spawania WPQR Proces od\u00a0spotkania z\u00a0Klientem i\u00a0fazy doradztwa spawalniczego do\u00a0momentu opracowania instrukcji technologicznej spawania wygl\u0105da nast\u0119puj\u0105co: Analiza projektu \u2013 dok\u0142adne okre\u015blenie procesu, gatunku materia\u0142u podstawowego, zakres\u00f3w grubo\u015bci i\u00a0\u015brednic oraz\u00a0rodzaju z\u0142\u0105cz. Wykonanie wst\u0119pnej instrukcji technologicznej spawania \u2013 pWPS. Pr\u00f3ba wewn\u0119trzna spawania docelowego z\u0142\u0105cza. Spawanie p\u0142yt lub\u00a0rur\u00a0z\u00a0udzia\u0142em jednostki notyfikowanej. Pozytywne wyniki bada\u0144 nieniszcz\u0105cych, przej\u015bcie do\u00a0bada\u0144 niszcz\u0105cych. Wydanie protoko\u0142u kwalifikowania technologii spawania WPQR przez jednostk\u0119 notyfikowan\u0105. Opracowanie instrukcji technologicznej\u00a0spawania\u00a0\u2013\u00a0WPS. Spawalnictwo: szybkie i\u00a0kompleksowe opracowanie WPQR i\u00a0WPS Je\u015bli szukasz rzetelnej firmy, kt\u00f3ra wspiera przedsi\u0119biorstwa we\u00a0wdra\u017caniu i\u00a0utrzymaniu wysokich standard\u00f3w oferowanych us\u0142ug w\u00a0zakresie\u00a0spawalnictwa\u00a0\u2014 zach\u0119camy do\u00a0wsp\u00f3\u0142pracy z\u00a0Welding Consulting! Zapewniamy doradztwo in\u017cynieryjne, tworzenie procedur spawalniczych, inspekcje, ekspertyzy oraz\u00a0wiele wi\u0119cej. Us\u0142ugi doradcze i\u00a0certyfikacyjne dla\u00a0firm zajmuj\u0105cych\u00a0si\u0119\u00a0spawalnictwem\u00a0\u015bwiadczymy na\u00a0terenie ca\u0142ej Polski. W\u00a0celu zapoznania\u00a0si\u0119\u00a0ze\u00a0szczeg\u00f3\u0142ami oferty zach\u0119camy do\u00a0kontaktu. Opracowanie procedury kwalifikowania technologii spawania \u2014 spawalnictwo WPS\u00a0na\u00a0najwy\u017cszym poziomie WPS\u00a0to\u00a0podstawowe \u017ar\u00f3d\u0142o informacji dla\u00a0personelu spawalniczego wykonuj\u0105cego ca\u0142o\u015bci prac spawalniczych przy produkcji okre\u015blonej konstrukcji czy\u00a0wyrobu, tworzone na\u00a0podstawie WPQR. Przyjmuje si\u0119, \u017ce\u00a0dokumentacja powinna zawiera\u0107 co\u00a0najmniej wytyczne technologiczne, czyli\u00a0na\u00a0przyk\u0142ad oznaczenie cyfrowe procesu spawania, spos\u00f3b przygotowania powierzchni, rysunek schematyczny spawanego z\u0142\u0105cza, parametry podczas\u00a0spawania\u00a0i\u00a0pozycj\u0119 czy\u00a0informacje dotycz\u0105ce spoiwa, dane identyfikuj\u0105ce, informacje dotycz\u0105ce spawanego materia\u0142u, a\u00a0tak\u017ce pozosta\u0142e wymagania szczeg\u00f3\u0142owe zwi\u0105zane ze\u00a0sposobem\u00a0spawania. Chcesz dowiedzie\u0107\u00a0si\u0119\u00a0wi\u0119cej o\u00a0normach i\u00a0instrukcjach technologicznych\u00a0spawania? Serdecznie zapraszamy do\u00a0kontaktu!<\/p>","protected":false},"author":1,"featured_media":0,"parent":0,"menu_order":0,"comment_status":"closed","ping_status":"closed","template":"elementor_header_footer","meta":{"site-sidebar-layout":"default","site-content-layout":"","ast-site-content-layout":"default","site-content-style":"default","site-sidebar-style":"default","ast-global-header-display":"","ast-banner-title-visibility":"","ast-main-header-display":"","ast-hfb-above-header-display":"","ast-hfb-below-header-display":"","ast-hfb-mobile-header-display":"","site-post-title":"","ast-breadcrumbs-content":"","ast-featured-img":"","footer-sml-layout":"","ast-disable-related-posts":"","theme-transparent-header-meta":"default","adv-header-id-meta":"","stick-header-meta":"","header-above-stick-meta":"","header-main-stick-meta":"","header-below-stick-meta":"","astra-migrate-meta-layouts":"set","ast-page-background-enabled":"default","ast-page-background-meta":{"desktop":{"background-color":"var(--ast-global-color-4)","background-image":"","background-repeat":"repeat","background-position":"center center","background-size":"auto","background-attachment":"scroll","background-type":"","background-media":"","overlay-type":"","overlay-color":"","overlay-opacity":"","overlay-gradient":""},"tablet":{"background-color":"","background-image":"","background-repeat":"repeat","background-position":"center center","background-size":"auto","background-attachment":"scroll","background-type":"","background-media":"","overlay-type":"","overlay-color":"","overlay-opacity":"","overlay-gradient":""},"mobile":{"background-color":"","background-image":"","background-repeat":"repeat","background-position":"center center","background-size":"auto","background-attachment":"scroll","background-type":"","background-media":"","overlay-type":"","overlay-color":"","overlay-opacity":"","overlay-gradient":""}},"ast-content-background-meta":{"desktop":{"background-color":"var(--ast-global-color-5)","background-image":"","background-repeat":"repeat","background-position":"center center","background-size":"auto","background-attachment":"scroll","background-type":"","background-media":"","overlay-type":"","overlay-color":"","overlay-opacity":"","overlay-gradient":""},"tablet":{"background-color":"var(--ast-global-color-5)","background-image":"","background-repeat":"repeat","background-position":"center center","background-size":"auto","background-attachment":"scroll","background-type":"","background-media":"","overlay-type":"","overlay-color":"","overlay-opacity":"","overlay-gradient":""},"mobile":{"background-color":"var(--ast-global-color-5)","background-image":"","background-repeat":"repeat","background-position":"center center","background-size":"auto","background-attachment":"scroll","background-type":"","background-media":"","overlay-type":"","overlay-color":"","overlay-opacity":"","overlay-gradient":""}},"footnotes":""},"class_list":["post-1117","page","type-page","status-publish","hentry"],"rttpg_featured_image_url":null,"rttpg_author":{"display_name":"admin-JYZ7TiXE","author_link":"https:\/\/weldingconsulting.pl\/fr\/author\/admin-jyz7tixe\/"},"rttpg_comment":0,"rttpg_category":null,"rttpg_excerpt":"Procedury WPQR i WPS dla spawalnictwa Opracowanie procedury kwalifikowania technologii spawania oraz\u00a0p\u00f3\u017aniejsze przygotowanie i\u00a0wdro\u017cenie instrukcji technologicznej to\u00a0proces wieloetapowy. Od\u00a0wiedzy i\u00a0do\u015bwiadczenia doradcy spawalniczego b\u0119dzie zale\u017ce\u0107 tempo prac i\u00a0rzetelno\u015b\u0107 finalnego efektu. Wdro\u017cenie procedur\u00a0WPQR\u00a0i\u00a0WPS\u00a0dla\u00a0spawalnictwa\u00a0przeprowadzamy, wed\u0142ug og\u00f3lnie przyj\u0119tnych norm EN\u00a0ISO\u00a015614-1, EN\u00a01090, EN\u00a013445, EN\u00a013480,\u00a0NORSOK M-101,\u00a0NORSOK M-601, AWS\u00a0D1.1, ASME IX\u00a0oraz\u00a0dyrektywy ci\u015bnieniowej PED\u00a02014\/68\/EU. Produkcja spawalnicza a\u00a0procedury Przed wdro\u017ceniem procedur zapoznajemy\u00a0si\u0119\u00a0szczeg\u00f3\u0142owo ze\u00a0stanem produkcji&hellip;","_links":{"self":[{"href":"https:\/\/weldingconsulting.pl\/fr\/wp-json\/wp\/v2\/pages\/1117","targetHints":{"allow":["GET"]}}],"collection":[{"href":"https:\/\/weldingconsulting.pl\/fr\/wp-json\/wp\/v2\/pages"}],"about":[{"href":"https:\/\/weldingconsulting.pl\/fr\/wp-json\/wp\/v2\/types\/page"}],"author":[{"embeddable":true,"href":"https:\/\/weldingconsulting.pl\/fr\/wp-json\/wp\/v2\/users\/1"}],"replies":[{"embeddable":true,"href":"https:\/\/weldingconsulting.pl\/fr\/wp-json\/wp\/v2\/comments?post=1117"}],"version-history":[{"count":36,"href":"https:\/\/weldingconsulting.pl\/fr\/wp-json\/wp\/v2\/pages\/1117\/revisions"}],"predecessor-version":[{"id":3181,"href":"https:\/\/weldingconsulting.pl\/fr\/wp-json\/wp\/v2\/pages\/1117\/revisions\/3181"}],"wp:attachment":[{"href":"https:\/\/weldingconsulting.pl\/fr\/wp-json\/wp\/v2\/media?parent=1117"}],"curies":[{"name":"wp","href":"https:\/\/api.w.org\/{rel}","templated":true}]}}