{"id":1110,"date":"2023-09-21T00:38:33","date_gmt":"2023-09-20T22:38:33","guid":{"rendered":"https:\/\/weldingconsulting.pl\/?page_id=1110"},"modified":"2025-09-11T10:24:40","modified_gmt":"2025-09-11T08:24:40","slug":"soudage-de-barres-darmature","status":"publish","type":"page","link":"https:\/\/weldingconsulting.pl\/fr\/soudage-de-barres-darmature\/","title":{"rendered":"Soudage de l&#039;acier d&#039;armature"},"content":{"rendered":"<div data-elementor-type=\"wp-page\" data-elementor-id=\"1110\" class=\"elementor elementor-1110\" data-elementor-post-type=\"page\">\n\t\t\t\t\t\t<section class=\"elementor-section elementor-top-section elementor-element elementor-element-b153d22 elementor-section-boxed elementor-section-height-default elementor-section-height-default wpr-particle-no wpr-jarallax-no wpr-parallax-no wpr-sticky-section-no wpr-column-slider-no wpr-equal-height-no\" data-id=\"b153d22\" data-element_type=\"section\" data-e-type=\"section\">\n\t\t\t\t\t\t<div class=\"elementor-container elementor-column-gap-default\">\n\t\t\t\t\t<div class=\"elementor-column elementor-col-100 elementor-top-column elementor-element elementor-element-d9381c6\" data-id=\"d9381c6\" data-element_type=\"column\" data-e-type=\"column\">\n\t\t\t<div class=\"elementor-widget-wrap elementor-element-populated\">\n\t\t\t\t\t\t<section class=\"elementor-section elementor-inner-section elementor-element elementor-element-e6eddd1 elementor-section-boxed elementor-section-height-default elementor-section-height-default wpr-particle-no wpr-jarallax-no wpr-parallax-no wpr-sticky-section-no wpr-column-slider-no wpr-equal-height-no\" data-id=\"e6eddd1\" data-element_type=\"section\" data-e-type=\"section\">\n\t\t\t\t\t\t<div class=\"elementor-container elementor-column-gap-default\">\n\t\t\t\t\t<div class=\"elementor-column elementor-col-100 elementor-inner-column elementor-element elementor-element-7cae7e8\" data-id=\"7cae7e8\" data-element_type=\"column\" data-e-type=\"column\">\n\t\t\t<div class=\"elementor-widget-wrap elementor-element-populated\">\n\t\t\t\t\t\t<div class=\"elementor-element elementor-element-3d0d8f4 elementor-widget elementor-widget-heading\" data-id=\"3d0d8f4\" data-element_type=\"widget\" data-e-type=\"widget\" data-widget_type=\"heading.default\">\n\t\t\t\t<div class=\"elementor-widget-container\">\n\t\t\t\t\t<h2 class=\"elementor-heading-title elementor-size-default\">Soudage de barres d&#039;armature<\/h2>\t\t\t\t<\/div>\n\t\t\t\t<\/div>\n\t\t\t\t\t<\/div>\n\t\t<\/div>\n\t\t\t\t\t<\/div>\n\t\t<\/section>\n\t\t\t\t<section class=\"elementor-section elementor-inner-section elementor-element elementor-element-e1d8bd5 elementor-section-boxed elementor-section-height-default elementor-section-height-default wpr-particle-no wpr-jarallax-no wpr-parallax-no wpr-sticky-section-no wpr-column-slider-no wpr-equal-height-no\" data-id=\"e1d8bd5\" data-element_type=\"section\" data-e-type=\"section\">\n\t\t\t\t\t\t<div class=\"elementor-container elementor-column-gap-default\">\n\t\t\t\t\t<div class=\"elementor-column elementor-col-100 elementor-inner-column elementor-element elementor-element-3ad866b\" data-id=\"3ad866b\" data-element_type=\"column\" data-e-type=\"column\">\n\t\t\t<div class=\"elementor-widget-wrap elementor-element-populated\">\n\t\t\t\t\t\t<div class=\"elementor-element elementor-element-59dfb2c elementor-widget elementor-widget-text-editor\" data-id=\"59dfb2c\" data-element_type=\"widget\" data-e-type=\"widget\" data-widget_type=\"text-editor.default\">\n\t\t\t\t<div class=\"elementor-widget-container\">\n\t\t\t\t\t\t\t\t\t<p>Les barres d&#039;armature en acier sont fabriqu\u00e9es selon un certain nombre de proc\u00e9d\u00e9s et ont g\u00e9n\u00e9ralement un profil nervur\u00e9. Compte tenu de ce fait, il est clair qu&#039;un niveau particulier de comp\u00e9tence et de connaissances techniques est requis de la part des soudeurs et des superviseurs de soudage, et que des proc\u00e9dures sp\u00e9ciales doivent \u00eatre adopt\u00e9es pour garantir la qualit\u00e9.<\/p><p>La norme ISO 17660 s&#039;applique au soudage des aciers d&#039;armature soudables\/soudables et des aciers d&#039;armature inoxydables pour les joints porteurs en atelier de fabrication ou sur un chantier de construction. La norme sp\u00e9cifie les exigences relatives aux mat\u00e9riaux, \u00e0 la conception et \u00e0 la fabrication des joints soud\u00e9s, au personnel de soudage, aux exigences de qualit\u00e9, \u00e0 l&#039;inspection et aux tests.<\/p><p>Les joints soud\u00e9s des barres d&#039;armature peuvent \u00eatre divis\u00e9s en joints soud\u00e9s porteurs et joints soud\u00e9s non porteurs.<\/p><p>Selon la norme EN 1090-2, d\u00e9j\u00e0 pour la classe de construction EXC 2 des joints non porteurs, le soudage de l&#039;acier d&#039;armature avec l&#039;acier de construction doit \u00eatre effectu\u00e9 conform\u00e9ment aux recommandations donn\u00e9es dans la s\u00e9rie EN ISO 17660. Cependant, pour. joints porteurs, il est absolument n\u00e9cessaire\u00a0<strong>technologie de soudage qualifi\u00e9e.<\/strong><\/p><p>Exemple de joints \u00e0 recouvrement r\u00e9alis\u00e9s sur chantier :<\/p>\t\t\t\t\t\t\t\t<\/div>\n\t\t\t\t<\/div>\n\t\t\t\t\t<\/div>\n\t\t<\/div>\n\t\t\t\t\t<\/div>\n\t\t<\/section>\n\t\t\t\t<section class=\"elementor-section elementor-inner-section elementor-element elementor-element-0d9ebd3 elementor-section-boxed elementor-section-height-default elementor-section-height-default wpr-particle-no wpr-jarallax-no wpr-parallax-no wpr-sticky-section-no wpr-column-slider-no wpr-equal-height-no\" data-id=\"0d9ebd3\" data-element_type=\"section\" data-e-type=\"section\">\n\t\t\t\t\t\t<div class=\"elementor-container elementor-column-gap-default\">\n\t\t\t\t\t<div class=\"elementor-column elementor-col-100 elementor-inner-column elementor-element elementor-element-6480765\" data-id=\"6480765\" data-element_type=\"column\" data-e-type=\"column\">\n\t\t\t<div class=\"elementor-widget-wrap elementor-element-populated\">\n\t\t\t\t\t\t<div class=\"elementor-element elementor-element-4ce51aa elementor-widget elementor-widget-image\" data-id=\"4ce51aa\" data-element_type=\"widget\" data-e-type=\"widget\" data-widget_type=\"image.default\">\n\t\t\t\t<div class=\"elementor-widget-container\">\n\t\t\t\t\t\t\t\t\t\t\t\t\t\t\t<img fetchpriority=\"high\" decoding=\"async\" width=\"500\" height=\"330\" src=\"https:\/\/weldingconsulting.pl\/wp-content\/uploads\/2023\/09\/spawanie-pretow-zbrojeniowych.webp\" class=\"attachment-large size-large wp-image-1592\" alt=\"\" srcset=\"https:\/\/weldingconsulting.pl\/wp-content\/uploads\/2023\/09\/spawanie-pretow-zbrojeniowych.webp 500w, https:\/\/weldingconsulting.pl\/wp-content\/uploads\/2023\/09\/spawanie-pretow-zbrojeniowych-300x198.webp 300w\" sizes=\"(max-width: 500px) 100vw, 500px\" title=\"\">\t\t\t\t\t\t\t\t\t\t\t\t\t\t\t<\/div>\n\t\t\t\t<\/div>\n\t\t\t\t<div class=\"elementor-element elementor-element-e5470b0 elementor-widget elementor-widget-text-editor\" data-id=\"e5470b0\" data-element_type=\"widget\" data-e-type=\"widget\" data-widget_type=\"text-editor.default\">\n\t\t\t\t<div class=\"elementor-widget-container\">\n\t\t\t\t\t\t\t\t\t<p>Nous vous invitons \u00e0 coop\u00e9rer dans les domaines du conseil en soudage et de la construction.<\/p><h2>Conseil en soudage - le soudage des barres d&#039;armature est notre sp\u00e9cialit\u00e9<\/h2><p>Les comp\u00e9tences du soudeur ou l&#039;utilisation d&#039;\u00e9quipements de soudage modernes et fiables ne sont pas les seuls \u00e9l\u00e9ments cl\u00e9s pour garantir une qualit\u00e9 \u00e9lev\u00e9e du processus de soudage. La bonne approche des activit\u00e9s r\u00e9alis\u00e9es, avoir les qualifications requises, discuter attentivement des sp\u00e9cifications, commander les bons mat\u00e9riaux et contr\u00f4ler les processus, ainsi que prendre les bonnes d\u00e9cisions \u00e0 chaque \u00e9tape de la production sont d&#039;une grande importance. En tant qu&#039;entreprise hautement qualifi\u00e9e fournissant des services de certification et de conseil aux entreprises de soudage, nous sommes parfaitement conscients que la production de soudage n\u00e9cessite le strict respect de normes et de r\u00e8gles sp\u00e9cifiques. Dans le cadre du conseil et de l&#039;inspection en soudage, nous aidons nos clients, entre autres : dans l&#039;\u00e9laboration de proc\u00e9dures de qualification de technologie de soudage WPQR, la pr\u00e9paration d&#039;instructions technologiques de soudage WPS et la mise en \u0153uvre de proc\u00e9dures de soudage conform\u00e9ment, entre autres, Normes ISO 15614-1.<\/p><h2>Soudage des barres d&#039;armature selon les r\u00e8gles et normes<\/h2><p>Nous vous encourageons \u00e0 utiliser les services de nos conseillers. Chez Welding Consulting, nous abordons chaque coop\u00e9ration avec un engagement total, en sugg\u00e9rant les meilleures solutions et en partageant les connaissances que nous avons acquises au fil des ann\u00e9es. Nous offrons un service professionnel, de la ponctualit\u00e9 et des prix comp\u00e9titifs. Avez-vous des questions ? Appelez ou \u00e9crivez, nous sommes \u00e0 votre disposition !<\/p>\t\t\t\t\t\t\t\t<\/div>\n\t\t\t\t<\/div>\n\t\t\t\t\t<\/div>\n\t\t<\/div>\n\t\t\t\t\t<\/div>\n\t\t<\/section>\n\t\t\t\t\t<\/div>\n\t\t<\/div>\n\t\t\t\t\t<\/div>\n\t\t<\/section>\n\t\t\t\t<\/div>","protected":false},"excerpt":{"rendered":"<p>Spawanie pr\u0119t\u00f3w zbrojeniowych Pr\u0119ty ze stali zbrojeniowej s\u0105 produkowane przy zastosowaniu wielu proces\u00f3w i\u00a0zwykle maj\u0105 u\u017cebrowany profil. Uwzgl\u0119dniaj\u0105c ten\u00a0fakt oczywiste jest, \u017ce zar\u00f3wno od\u00a0spawaczy\/zgrzewaczy, jak i\u00a0nadzoru spawalniczego wymaga\u00a0si\u0119 specjalnego poziomu umiej\u0119tno\u015bci i\u00a0wiedzy technicznej, i\u00a0\u017ce nale\u017cy przyj\u0105\u0107 specjalne procedury dla zapewnienia jako\u015bci. Norma ISO 17660 dotyczy spawania\/zgrzewania spawalnej\/zgrzewalnej stali zbrojeniowej i\u00a0nierdzewnej stali zbrojeniowej dla z\u0142\u0105czy no\u015bnych w\u00a0warsztacie produkcyjnym lub\u00a0na\u00a0budowie. W\u00a0normie okre\u015blono wymagania dotycz\u0105ce materia\u0142u, projektowania i\u00a0wykonania z\u0142\u0105czy spawanych\/zgrzewanych, personelu spawalniczego, wymaga\u0144 jako\u015bci, kontroli i\u00a0badania. Po\u0142\u0105czenia spawane pr\u0119t\u00f3w zbrojeniowych mo\u017cna podzieli\u0107 na\u00a0z\u0142\u0105cza spawane no\u015bne i\u00a0z\u0142\u0105cza spawane nieno\u015bne. Wed\u0142ug normy EN 1090-2 ju\u017c dla klasy konstrukcji EXC 2 z\u0142\u0105cz nieno\u015bnych spawanie stali zbrojeniowej ze stal\u0105 konstrukcyjn\u0105 nale\u017cy wykonywa\u0107 zgodnie z\u00a0zaleceniami podanymi w\u00a0serii EN ISO 17660. Natomiast dla z\u0142\u0105cz no\u015bnych bezwzgl\u0119dnie wymagana jest\u00a0kwalifikowana technologia spawania. Przyk\u0142ad z\u0142\u0105cz zak\u0142adkowych wykonanych na\u00a0budowie: Zapraszamy do\u00a0wsp\u00f3\u0142pracy zar\u00f3wno w\u00a0zakresie doradztwa spawalniczego jak i\u00a0wykonawstwa. Welding Consulting \u2014 spawanie pr\u0119t\u00f3w zbrojeniowych to\u00a0nasza specjalno\u015b\u0107 Nie tylko\u00a0umiej\u0119tno\u015bci spawacza czy\u00a0korzystanie z\u00a0nowoczesnych i\u00a0niezawodnych urz\u0105dze\u0144 spawalniczych s\u0105\u00a0kluczowym aspektem zapewnienia wysokiej jako\u015bci w\u00a0procesie spawania. Ogromne znaczenie ma\u00a0odpowiednie podej\u015bcie do\u00a0wykonywanych czynno\u015bci, posiadanie wymaganych uprawnie\u0144, dok\u0142adne omawianie specyfikacji, zamawianie w\u0142a\u015bciwych materia\u0142\u00f3w i\u00a0kontrola procesu, a\u00a0tak\u017ce podejmowanie trafnych decyzji na\u00a0poszczeg\u00f3lnych etapach produkcji. Jako wysoce wykwalifikowane przedsi\u0119biorstwo \u015bwiadcz\u0105ce us\u0142ugi certyfikacyjne i\u00a0doradcze dla\u00a0firm zajmuj\u0105cych\u00a0si\u0119\u00a0spawalnictwem, doskonale zdajemy sobie sprawi\u0119, \u017ce\u00a0produkcja spawalnicza wymaga \u015bcis\u0142ego post\u0119powania wed\u0142ug okre\u015blonych norm i\u00a0zasad. W\u00a0ramach doradztwa i\u00a0inspekcji spawalniczej pomagamy naszym Klientom m.in. w\u00a0opracowywaniu procedur kwalifikowania technologii spawania WPQR, przygotowywania instrukcji technologicznych spwania WPS\u00a0oraz\u00a0wdra\u017cania procedur spawalniczych wed\u0142ug m.in. normy ISO\u00a015614-1. Spawanie pr\u0119t\u00f3w zbrojeniowych zgodne z\u00a0zasadami i\u00a0normami Serdecznie zach\u0119camy do\u00a0skorzystania z\u00a0us\u0142ug naszych doradc\u00f3w. W\u00a0Welding Consulting do\u00a0ka\u017cdej wsp\u00f3\u0142pracy podchodzimy z\u00a0pe\u0142nym zaanga\u017cowaniem, podpowiadaj\u0105c najlepsze rozwi\u0105zania i\u00a0dziel\u0105c\u00a0si\u0119\u00a0zdobyt\u0105 przez lata wiedz\u0105. Zapewniamy profesjonaln\u0105 obs\u0142ug\u0119, terminowo\u015b\u0107 oraz\u00a0konkurencyjne ceny. Masz pytania? Zadzwo\u0144 lub\u00a0napisz \u2014 jeste\u015bmy do\u00a0Twojej dyspozycji!<\/p>","protected":false},"author":1,"featured_media":0,"parent":0,"menu_order":0,"comment_status":"closed","ping_status":"closed","template":"elementor_header_footer","meta":{"site-sidebar-layout":"default","site-content-layout":"","ast-site-content-layout":"default","site-content-style":"default","site-sidebar-style":"default","ast-global-header-display":"","ast-banner-title-visibility":"","ast-main-header-display":"","ast-hfb-above-header-display":"","ast-hfb-below-header-display":"","ast-hfb-mobile-header-display":"","site-post-title":"","ast-breadcrumbs-content":"","ast-featured-img":"","footer-sml-layout":"","ast-disable-related-posts":"","theme-transparent-header-meta":"default","adv-header-id-meta":"","stick-header-meta":"","header-above-stick-meta":"","header-main-stick-meta":"","header-below-stick-meta":"","astra-migrate-meta-layouts":"set","ast-page-background-enabled":"default","ast-page-background-meta":{"desktop":{"background-color":"var(--ast-global-color-4)","background-image":"","background-repeat":"repeat","background-position":"center center","background-size":"auto","background-attachment":"scroll","background-type":"","background-media":"","overlay-type":"","overlay-color":"","overlay-opacity":"","overlay-gradient":""},"tablet":{"background-color":"","background-image":"","background-repeat":"repeat","background-position":"center center","background-size":"auto","background-attachment":"scroll","background-type":"","background-media":"","overlay-type":"","overlay-color":"","overlay-opacity":"","overlay-gradient":""},"mobile":{"background-color":"","background-image":"","background-repeat":"repeat","background-position":"center center","background-size":"auto","background-attachment":"scroll","background-type":"","background-media":"","overlay-type":"","overlay-color":"","overlay-opacity":"","overlay-gradient":""}},"ast-content-background-meta":{"desktop":{"background-color":"var(--ast-global-color-5)","background-image":"","background-repeat":"repeat","background-position":"center center","background-size":"auto","background-attachment":"scroll","background-type":"","background-media":"","overlay-type":"","overlay-color":"","overlay-opacity":"","overlay-gradient":""},"tablet":{"background-color":"var(--ast-global-color-5)","background-image":"","background-repeat":"repeat","background-position":"center center","background-size":"auto","background-attachment":"scroll","background-type":"","background-media":"","overlay-type":"","overlay-color":"","overlay-opacity":"","overlay-gradient":""},"mobile":{"background-color":"var(--ast-global-color-5)","background-image":"","background-repeat":"repeat","background-position":"center center","background-size":"auto","background-attachment":"scroll","background-type":"","background-media":"","overlay-type":"","overlay-color":"","overlay-opacity":"","overlay-gradient":""}},"footnotes":""},"class_list":["post-1110","page","type-page","status-publish","hentry"],"rttpg_featured_image_url":null,"rttpg_author":{"display_name":"admin-JYZ7TiXE","author_link":"https:\/\/weldingconsulting.pl\/fr\/author\/admin-jyz7tixe\/"},"rttpg_comment":0,"rttpg_category":null,"rttpg_excerpt":"Spawanie pr\u0119t\u00f3w zbrojeniowych Pr\u0119ty ze stali zbrojeniowej s\u0105 produkowane przy zastosowaniu wielu proces\u00f3w i\u00a0zwykle maj\u0105 u\u017cebrowany profil. Uwzgl\u0119dniaj\u0105c ten\u00a0fakt oczywiste jest, \u017ce zar\u00f3wno od\u00a0spawaczy\/zgrzewaczy, jak i\u00a0nadzoru spawalniczego wymaga\u00a0si\u0119 specjalnego poziomu umiej\u0119tno\u015bci i\u00a0wiedzy technicznej, i\u00a0\u017ce nale\u017cy przyj\u0105\u0107 specjalne procedury dla zapewnienia jako\u015bci. Norma ISO 17660 dotyczy spawania\/zgrzewania spawalnej\/zgrzewalnej stali zbrojeniowej i\u00a0nierdzewnej stali zbrojeniowej dla z\u0142\u0105czy no\u015bnych&hellip;","_links":{"self":[{"href":"https:\/\/weldingconsulting.pl\/fr\/wp-json\/wp\/v2\/pages\/1110","targetHints":{"allow":["GET"]}}],"collection":[{"href":"https:\/\/weldingconsulting.pl\/fr\/wp-json\/wp\/v2\/pages"}],"about":[{"href":"https:\/\/weldingconsulting.pl\/fr\/wp-json\/wp\/v2\/types\/page"}],"author":[{"embeddable":true,"href":"https:\/\/weldingconsulting.pl\/fr\/wp-json\/wp\/v2\/users\/1"}],"replies":[{"embeddable":true,"href":"https:\/\/weldingconsulting.pl\/fr\/wp-json\/wp\/v2\/comments?post=1110"}],"version-history":[{"count":13,"href":"https:\/\/weldingconsulting.pl\/fr\/wp-json\/wp\/v2\/pages\/1110\/revisions"}],"predecessor-version":[{"id":8604,"href":"https:\/\/weldingconsulting.pl\/fr\/wp-json\/wp\/v2\/pages\/1110\/revisions\/8604"}],"wp:attachment":[{"href":"https:\/\/weldingconsulting.pl\/fr\/wp-json\/wp\/v2\/media?parent=1110"}],"curies":[{"name":"wp","href":"https:\/\/api.w.org\/{rel}","templated":true}]}}