{"id":1088,"date":"2023-09-20T22:20:27","date_gmt":"2023-09-20T20:20:27","guid":{"rendered":"https:\/\/weldingconsulting.pl\/?page_id=1088"},"modified":"2023-12-19T10:35:28","modified_gmt":"2023-12-19T09:35:28","slug":"inspection-et-acceleration","status":"publish","type":"page","link":"https:\/\/weldingconsulting.pl\/fr\/inspection-et-acceleration\/","title":{"rendered":"Contr\u00f4le et acc\u00e9l\u00e9ration"},"content":{"rendered":"<div data-elementor-type=\"wp-page\" data-elementor-id=\"1088\" class=\"elementor elementor-1088\" data-elementor-post-type=\"page\">\n\t\t\t\t\t\t<section class=\"elementor-section elementor-top-section elementor-element elementor-element-06f91f6 elementor-section-boxed elementor-section-height-default elementor-section-height-default wpr-particle-no wpr-jarallax-no wpr-parallax-no wpr-sticky-section-no wpr-equal-height-no\" data-id=\"06f91f6\" data-element_type=\"section\" data-e-type=\"section\">\n\t\t\t\t\t\t<div class=\"elementor-container elementor-column-gap-default\">\n\t\t\t\t\t<div class=\"elementor-column elementor-col-100 elementor-top-column elementor-element elementor-element-c368a28\" data-id=\"c368a28\" data-element_type=\"column\" data-e-type=\"column\">\n\t\t\t<div class=\"elementor-widget-wrap elementor-element-populated\">\n\t\t\t\t\t\t<section class=\"elementor-section elementor-inner-section elementor-element elementor-element-ef7bac7 elementor-section-boxed elementor-section-height-default elementor-section-height-default wpr-particle-no wpr-jarallax-no wpr-parallax-no wpr-sticky-section-no wpr-equal-height-no\" data-id=\"ef7bac7\" data-element_type=\"section\" data-e-type=\"section\">\n\t\t\t\t\t\t<div class=\"elementor-container elementor-column-gap-default\">\n\t\t\t\t\t<div class=\"elementor-column elementor-col-100 elementor-inner-column elementor-element elementor-element-d8113f8\" data-id=\"d8113f8\" data-element_type=\"column\" data-e-type=\"column\">\n\t\t\t<div class=\"elementor-widget-wrap elementor-element-populated\">\n\t\t\t\t\t\t<div class=\"elementor-element elementor-element-fe84e94 elementor-widget elementor-widget-heading\" data-id=\"fe84e94\" data-element_type=\"widget\" data-e-type=\"widget\" data-widget_type=\"heading.default\">\n\t\t\t\t<div class=\"elementor-widget-container\">\n\t\t\t\t\t<h2 class=\"elementor-heading-title elementor-size-default\">Inspections et respect des d\u00e9lais du projet<\/h2>\t\t\t\t<\/div>\n\t\t\t\t<\/div>\n\t\t\t\t\t<\/div>\n\t\t<\/div>\n\t\t\t\t\t<\/div>\n\t\t<\/section>\n\t\t\t\t<section class=\"elementor-section elementor-inner-section elementor-element elementor-element-8512f3f elementor-section-boxed elementor-section-height-default elementor-section-height-default wpr-particle-no wpr-jarallax-no wpr-parallax-no wpr-sticky-section-no wpr-equal-height-no\" data-id=\"8512f3f\" data-element_type=\"section\" data-e-type=\"section\">\n\t\t\t\t\t\t<div class=\"elementor-container elementor-column-gap-default\">\n\t\t\t\t\t<div class=\"elementor-column elementor-col-50 elementor-inner-column elementor-element elementor-element-591ee38\" data-id=\"591ee38\" data-element_type=\"column\" data-e-type=\"column\">\n\t\t\t<div class=\"elementor-widget-wrap elementor-element-populated\">\n\t\t\t\t\t\t<div class=\"elementor-element elementor-element-37b45eb elementor-widget elementor-widget-text-editor\" data-id=\"37b45eb\" data-element_type=\"widget\" data-e-type=\"widget\" data-widget_type=\"text-editor.default\">\n\t\t\t\t<div class=\"elementor-widget-container\">\n\t\t\t\t\t\t\t\t\t<p>Pour les entreprises op\u00e9rant dans les secteurs de l\u2019\u00e9nergie, du gaz naturel, de l\u2019industrie et de la construction lourde, la circulation rapide des mat\u00e9riaux et des donn\u00e9es est essentielle au succ\u00e8s et \u00e0 la r\u00e9duction des retards co\u00fbteux dus \u00e0 la d\u00e9tection de probl\u00e8mes potentiels. L&#039;acc\u00e9l\u00e9ration est un autre avantage qui garantit toutes les activit\u00e9s visant \u00e0 une livraison \u00e0 temps : commande et r\u00e9ception des inspections de mat\u00e9riaux d\u00e8s la premi\u00e8re inspection. Fournit une logistique opportune et cibl\u00e9e, adapt\u00e9e aux besoins de chaque client, garantissant que toute la documentation est en ordre et que les produits arrivent l\u00e0 o\u00f9 ils sont n\u00e9cessaires, quand ils sont n\u00e9cessaires. Nous assurons la supervision de deuxi\u00e8me et de tierce partie, la r\u00e9ception finale, la supervision CND, les mesures, la supervision de soudage et autres.<\/p><p>\u00a0<\/p>\t\t\t\t\t\t\t\t<\/div>\n\t\t\t\t<\/div>\n\t\t\t\t\t<\/div>\n\t\t<\/div>\n\t\t\t\t<div class=\"elementor-column elementor-col-50 elementor-inner-column elementor-element elementor-element-3b0423d\" data-id=\"3b0423d\" data-element_type=\"column\" data-e-type=\"column\">\n\t\t\t<div class=\"elementor-widget-wrap elementor-element-populated\">\n\t\t\t\t\t\t<div class=\"elementor-element elementor-element-8834c9e elementor-widget elementor-widget-image\" data-id=\"8834c9e\" data-element_type=\"widget\" data-e-type=\"widget\" data-widget_type=\"image.default\">\n\t\t\t\t<div class=\"elementor-widget-container\">\n\t\t\t\t\t\t\t\t\t\t\t\t\t\t\t<img fetchpriority=\"high\" decoding=\"async\" width=\"768\" height=\"576\" src=\"https:\/\/weldingconsulting.pl\/wp-content\/uploads\/2023\/09\/5.webp\" class=\"attachment-large size-large wp-image-1384\" alt=\"\" srcset=\"https:\/\/weldingconsulting.pl\/wp-content\/uploads\/2023\/09\/5.webp 768w, https:\/\/weldingconsulting.pl\/wp-content\/uploads\/2023\/09\/5-300x225.webp 300w\" sizes=\"(max-width: 768px) 100vw, 768px\" title=\"\">\t\t\t\t\t\t\t\t\t\t\t\t\t\t\t<\/div>\n\t\t\t\t<\/div>\n\t\t\t\t\t<\/div>\n\t\t<\/div>\n\t\t\t\t\t<\/div>\n\t\t<\/section>\n\t\t\t\t\t<\/div>\n\t\t<\/div>\n\t\t\t\t\t<\/div>\n\t\t<\/section>\n\t\t\t\t<\/div>","protected":false},"excerpt":{"rendered":"<p>Inspekcje i terminowo\u015b\u0107 projektu W przypadku firm dzia\u0142aj\u0105cych w\u00a0sektorze energii, gazu ziemnego, przemys\u0142u i\u00a0budownictwa ci\u0119\u017ckiego terminowy przep\u0142yw materia\u0142\u00f3w i\u00a0danych jest niezb\u0119dny do\u00a0osi\u0105gni\u0119cia sukcesu i\u00a0ograniczenia kosztownych op\u00f3\u017anie\u0144 z\u00a0powodu wykrycia potencjalnych problem\u00f3w. Przyspieszenie jest kolejn\u0105 korzy\u015bci\u0105 gwarantuj\u0105c\u0105 wszystkie dzia\u0142ania maj\u0105ce na\u00a0celu terminow\u0105 dostaw\u0119: zamawianie i\u00a0odbi\u00f3r kontroli materia\u0142\u00f3w przy pierwszej kontroli. Zapewnia punktualn\u0105 i\u00a0ukierunkowan\u0105 logistyk\u0119 dostosowan\u0105 do\u00a0potrzeb ka\u017cdego klienta, zapewniaj\u0105c, \u017ce ca\u0142a dokumentacja jest w\u00a0porz\u0105dku, a\u00a0produkty docieraj\u0105 tam, gdzie s\u0105 potrzebne, kiedy s\u0105 potrzebne. Prowadzimy nadz\u00f3r drugiej i\u00a0trzeciej strony, odbiory ko\u0144cowe, nadz\u00f3r nad\u00a0NDT, pomiary, nadzory podczas spawania i\u00a0inne.<\/p>","protected":false},"author":1,"featured_media":0,"parent":0,"menu_order":0,"comment_status":"closed","ping_status":"closed","template":"elementor_header_footer","meta":{"site-sidebar-layout":"default","site-content-layout":"","ast-site-content-layout":"default","site-content-style":"default","site-sidebar-style":"default","ast-global-header-display":"","ast-banner-title-visibility":"","ast-main-header-display":"","ast-hfb-above-header-display":"","ast-hfb-below-header-display":"","ast-hfb-mobile-header-display":"","site-post-title":"","ast-breadcrumbs-content":"","ast-featured-img":"","footer-sml-layout":"","ast-disable-related-posts":"","theme-transparent-header-meta":"default","adv-header-id-meta":"","stick-header-meta":"","header-above-stick-meta":"","header-main-stick-meta":"","header-below-stick-meta":"","astra-migrate-meta-layouts":"set","ast-page-background-enabled":"default","ast-page-background-meta":{"desktop":{"background-color":"var(--ast-global-color-4)","background-image":"","background-repeat":"repeat","background-position":"center center","background-size":"auto","background-attachment":"scroll","background-type":"","background-media":"","overlay-type":"","overlay-color":"","overlay-opacity":"","overlay-gradient":""},"tablet":{"background-color":"","background-image":"","background-repeat":"repeat","background-position":"center center","background-size":"auto","background-attachment":"scroll","background-type":"","background-media":"","overlay-type":"","overlay-color":"","overlay-opacity":"","overlay-gradient":""},"mobile":{"background-color":"","background-image":"","background-repeat":"repeat","background-position":"center center","background-size":"auto","background-attachment":"scroll","background-type":"","background-media":"","overlay-type":"","overlay-color":"","overlay-opacity":"","overlay-gradient":""}},"ast-content-background-meta":{"desktop":{"background-color":"var(--ast-global-color-5)","background-image":"","background-repeat":"repeat","background-position":"center center","background-size":"auto","background-attachment":"scroll","background-type":"","background-media":"","overlay-type":"","overlay-color":"","overlay-opacity":"","overlay-gradient":""},"tablet":{"background-color":"var(--ast-global-color-5)","background-image":"","background-repeat":"repeat","background-position":"center center","background-size":"auto","background-attachment":"scroll","background-type":"","background-media":"","overlay-type":"","overlay-color":"","overlay-opacity":"","overlay-gradient":""},"mobile":{"background-color":"var(--ast-global-color-5)","background-image":"","background-repeat":"repeat","background-position":"center center","background-size":"auto","background-attachment":"scroll","background-type":"","background-media":"","overlay-type":"","overlay-color":"","overlay-opacity":"","overlay-gradient":""}},"footnotes":""},"class_list":["post-1088","page","type-page","status-publish","hentry"],"rttpg_featured_image_url":null,"rttpg_author":{"display_name":"admin-JYZ7TiXE","author_link":"https:\/\/weldingconsulting.pl\/fr\/author\/admin-jyz7tixe\/"},"rttpg_comment":0,"rttpg_category":null,"rttpg_excerpt":"Inspekcje i terminowo\u015b\u0107 projektu W przypadku firm dzia\u0142aj\u0105cych w\u00a0sektorze energii, gazu ziemnego, przemys\u0142u i\u00a0budownictwa ci\u0119\u017ckiego terminowy przep\u0142yw materia\u0142\u00f3w i\u00a0danych jest niezb\u0119dny do\u00a0osi\u0105gni\u0119cia sukcesu i\u00a0ograniczenia kosztownych op\u00f3\u017anie\u0144 z\u00a0powodu wykrycia potencjalnych problem\u00f3w. Przyspieszenie jest kolejn\u0105 korzy\u015bci\u0105 gwarantuj\u0105c\u0105 wszystkie dzia\u0142ania maj\u0105ce na\u00a0celu terminow\u0105 dostaw\u0119: zamawianie i\u00a0odbi\u00f3r kontroli materia\u0142\u00f3w przy pierwszej kontroli. Zapewnia punktualn\u0105 i\u00a0ukierunkowan\u0105 logistyk\u0119 dostosowan\u0105 do\u00a0potrzeb ka\u017cdego&hellip;","_links":{"self":[{"href":"https:\/\/weldingconsulting.pl\/fr\/wp-json\/wp\/v2\/pages\/1088","targetHints":{"allow":["GET"]}}],"collection":[{"href":"https:\/\/weldingconsulting.pl\/fr\/wp-json\/wp\/v2\/pages"}],"about":[{"href":"https:\/\/weldingconsulting.pl\/fr\/wp-json\/wp\/v2\/types\/page"}],"author":[{"embeddable":true,"href":"https:\/\/weldingconsulting.pl\/fr\/wp-json\/wp\/v2\/users\/1"}],"replies":[{"embeddable":true,"href":"https:\/\/weldingconsulting.pl\/fr\/wp-json\/wp\/v2\/comments?post=1088"}],"version-history":[{"count":19,"href":"https:\/\/weldingconsulting.pl\/fr\/wp-json\/wp\/v2\/pages\/1088\/revisions"}],"predecessor-version":[{"id":2464,"href":"https:\/\/weldingconsulting.pl\/fr\/wp-json\/wp\/v2\/pages\/1088\/revisions\/2464"}],"wp:attachment":[{"href":"https:\/\/weldingconsulting.pl\/fr\/wp-json\/wp\/v2\/media?parent=1088"}],"curies":[{"name":"wp","href":"https:\/\/api.w.org\/{rel}","templated":true}]}}