{"id":8586,"date":"2025-09-05T13:24:35","date_gmt":"2025-09-05T11:24:35","guid":{"rendered":"https:\/\/weldingconsulting.pl\/?page_id=8586"},"modified":"2025-09-05T13:26:25","modified_gmt":"2025-09-05T11:26:25","slug":"articulos","status":"publish","type":"page","link":"https:\/\/weldingconsulting.pl\/es\/articulos\/","title":{"rendered":"Art\u00edculos"},"content":{"rendered":"<div data-elementor-type=\"wp-page\" data-elementor-id=\"8586\" class=\"elementor elementor-8586\" data-elementor-post-type=\"page\">\n\t\t\t\t\t\t<section class=\"elementor-section elementor-top-section elementor-element elementor-element-7faf5a3 elementor-section-boxed elementor-section-height-default elementor-section-height-default wpr-particle-no wpr-jarallax-no wpr-parallax-no wpr-sticky-section-no wpr-equal-height-no\" data-id=\"7faf5a3\" data-element_type=\"section\" data-e-type=\"section\">\n\t\t\t\t\t\t<div class=\"elementor-container elementor-column-gap-default\">\n\t\t\t\t\t<div class=\"elementor-column elementor-col-100 elementor-top-column elementor-element elementor-element-631a187\" data-id=\"631a187\" data-element_type=\"column\" data-e-type=\"column\">\n\t\t\t<div class=\"elementor-widget-wrap elementor-element-populated\">\n\t\t\t\t\t\t<div class=\"elementor-element elementor-element-b734443 meta-visibility-show title_position_default title_hover_border_default title-default img_hover_animation_default meta_position_default readmore-btn-default-style grid-hover-overlay-type-always tpg-el-box-border-enable tpg-border-bottom-disable elementor-widget elementor-widget-tpg-grid-layout\" data-id=\"b734443\" data-element_type=\"widget\" data-e-type=\"widget\" data-widget_type=\"tpg-grid-layout.default\">\n\t\t\t\t<div class=\"elementor-widget-container\">\n\t\t\t\t\t\t\t<div class=\"rt-container-fluid rt-tpg-container tpg-el-main-wrapper clearfix grid-layout3-main\"\n\t\t\t id=\"rt-tpg-container-976938120\"\n\t\t\t data-layout=\"grid-layout3\"\n\t\t\t data-grid-style=\"tpg-full-height\"\n\t\t\t data-sc-id=\"elementor\"\n\t\t\t data-el-settings=''\n\t\t\t data-el-query=''\n\t\t\t data-el-path=''\n\t\t>\n\t\t\t\t\t\t<div class='tpg-header-wrapper'>\n\t\t\t\t\t\t\t<\/div>\n\n\t\t\t<div data-title=\"Loading ...\" class=\"rt-row rt-content-loader grid-layout3 grid-behaviour tpg-full-height grid_layout_wrapper\">\n\t\t\t\t\n<div class=\"rt-col-md-4 rt-col-sm-6 rt-col-xs-12 default rt-grid-item\" data-id=\"8624\">\n\t<div class=\"rt-holder tpg-post-holder\">\n\t\t<div class=\"rt-detail rt-el-content-wrapper\">\n\t\t\t\t\t\t\t<div class=\"rt-img-holder tpg-el-image-wrap has-no-thumbnail\">\n\t\t\t\t\t<a data-id=\"8624\" href=\"https:\/\/weldingconsulting.pl\/es\/diferencia-entre-organismos-de-inspeccion-y-consultores-de-iwe\/\" class=\"tpg-post-link\" target=\"_self\">\t\t\n\t\t<\/a>\n\t\t        <div class=\"overlay grid-hover-content\"><\/div>\n\t\t\t\t\t\t<\/div>\n\t\t\t\n\n\t\t\t<div class=\"entry-title-wrapper\"><h3 class=\"entry-title\"><a data-id=\"8624\" href=\"https:\/\/weldingconsulting.pl\/es\/diferencia-entre-organismos-de-inspeccion-y-consultores-de-iwe\/\" class=\"tpg-post-link\" target=\"_self\">La diferencia entre los grandes organismos de inspecci\u00f3n y los consultores independientes de IWE<\/a><\/h3><\/div>\n\t\t\t\t\t\t\t<div class=\"post-meta-tags rt-el-post-meta\">\n\t\t\t\t\t\t\t\t\t<\/div>\n\t\t\t\n\t\t\t\t\t\t\t<div class=\"tpg-excerpt tpg-el-excerpt\">\n\t\t\t\t\t\t\t\t\t\t\t<div class=\"tpg-excerpt-inner\">\n\t\t\t\t\t\t\tLa diferencia entre los grandes organismos de inspecci\u00f3n y los consultores independientes de IWE Introducci\u00f3n En los proyectos industriales relacionados con la soldadura, la supervisi\u00f3n t\u00e9cnica adecuada es de vital importancia...\t\t\t\t\t\t<\/div>\n\t\t\t\t\t\t\t\t\t\t\t\t\t\t<\/div>\n\t\t\t\n\t\t\t        <div class=\"post-footer\">\n            <div class=\"post-footer\">\n                <div class=\"read-more\">\n\t\t\t\t\t<a data-id=\"8624\" href=\"https:\/\/weldingconsulting.pl\/es\/diferencia-entre-organismos-de-inspeccion-y-consultores-de-iwe\/\" class=\"tpg-post-link\" target=\"_self\">Leer m\u00e1s<\/a>                <\/div>\n            <\/div>\n        <\/div>\n\t\t\t\t<\/div>\n\t<\/div>\n<\/div>\n\n<div class=\"rt-col-md-4 rt-col-sm-6 rt-col-xs-12 default rt-grid-item\" data-id=\"8618\">\n\t<div class=\"rt-holder tpg-post-holder\">\n\t\t<div class=\"rt-detail rt-el-content-wrapper\">\n\t\t\t\t\t\t\t<div class=\"rt-img-holder tpg-el-image-wrap has-no-thumbnail\">\n\t\t\t\t\t<a data-id=\"8618\" href=\"https:\/\/weldingconsulting.pl\/es\/preparacion-para-la-auditoria-iso-3834-polonia\/\" class=\"tpg-post-link\" target=\"_self\">\t\t\n\t\t<\/a>\n\t\t        <div class=\"overlay grid-hover-content\"><\/div>\n\t\t\t\t\t\t<\/div>\n\t\t\t\n\n\t\t\t<div class=\"entry-title-wrapper\"><h3 class=\"entry-title\"><a data-id=\"8618\" href=\"https:\/\/weldingconsulting.pl\/es\/preparacion-para-la-auditoria-iso-3834-polonia\/\" class=\"tpg-post-link\" target=\"_self\">Preparaci\u00f3n para una auditor\u00eda ISO 3834 en Polonia<\/a><\/h3><\/div>\n\t\t\t\t\t\t\t<div class=\"post-meta-tags rt-el-post-meta\">\n\t\t\t\t\t\t\t\t\t<\/div>\n\t\t\t\n\t\t\t\t\t\t\t<div class=\"tpg-excerpt tpg-el-excerpt\">\n\t\t\t\t\t\t\t\t\t\t\t<div class=\"tpg-excerpt-inner\">\n\t\t\t\t\t\t\tPreparaci\u00f3n para una auditor\u00eda ISO 3834 en Polonia: lo que los clientes extranjeros deben saber. Introducci\u00f3n: La norma ISO 3834 es una de las normas de calidad m\u00e1s importantes en soldadura. Especifica los requisitos...\t\t\t\t\t\t<\/div>\n\t\t\t\t\t\t\t\t\t\t\t\t\t\t<\/div>\n\t\t\t\n\t\t\t        <div class=\"post-footer\">\n            <div class=\"post-footer\">\n                <div class=\"read-more\">\n\t\t\t\t\t<a data-id=\"8618\" href=\"https:\/\/weldingconsulting.pl\/es\/preparacion-para-la-auditoria-iso-3834-polonia\/\" class=\"tpg-post-link\" target=\"_self\">Leer m\u00e1s<\/a>                <\/div>\n            <\/div>\n        <\/div>\n\t\t\t\t<\/div>\n\t<\/div>\n<\/div>\n\n<div class=\"rt-col-md-4 rt-col-sm-6 rt-col-xs-12 default rt-grid-item\" data-id=\"8611\">\n\t<div class=\"rt-holder tpg-post-holder\">\n\t\t<div class=\"rt-detail rt-el-content-wrapper\">\n\t\t\t\t\t\t\t<div class=\"rt-img-holder tpg-el-image-wrap has-no-thumbnail\">\n\t\t\t\t\t<a data-id=\"8611\" href=\"https:\/\/weldingconsulting.pl\/es\/contratar-un-inspector-de-soldadura-independiente-en-polonia\/\" class=\"tpg-post-link\" target=\"_self\">\t\t\n\t\t<\/a>\n\t\t        <div class=\"overlay grid-hover-content\"><\/div>\n\t\t\t\t\t\t<\/div>\n\t\t\t\n\n\t\t\t<div class=\"entry-title-wrapper\"><h3 class=\"entry-title\"><a data-id=\"8611\" href=\"https:\/\/weldingconsulting.pl\/es\/contratar-un-inspector-de-soldadura-independiente-en-polonia\/\" class=\"tpg-post-link\" target=\"_self\">C\u00f3mo contratar a un inspector de soldadura independiente en Polonia<\/a><\/h3><\/div>\n\t\t\t\t\t\t\t<div class=\"post-meta-tags rt-el-post-meta\">\n\t\t\t\t\t\t\t\t\t<\/div>\n\t\t\t\n\t\t\t\t\t\t\t<div class=\"tpg-excerpt tpg-el-excerpt\">\n\t\t\t\t\t\t\t\t\t\t\t<div class=\"tpg-excerpt-inner\">\n\t\t\t\t\t\t\tC\u00f3mo contratar a un inspector de soldadura independiente en Polonia Introducci\u00f3n Polonia es uno de los centros industriales m\u00e1s importantes de Europa, especialmente en sectores como el de las estructuras de acero...\t\t\t\t\t\t<\/div>\n\t\t\t\t\t\t\t\t\t\t\t\t\t\t<\/div>\n\t\t\t\n\t\t\t        <div class=\"post-footer\">\n            <div class=\"post-footer\">\n                <div class=\"read-more\">\n\t\t\t\t\t<a data-id=\"8611\" href=\"https:\/\/weldingconsulting.pl\/es\/contratar-un-inspector-de-soldadura-independiente-en-polonia\/\" class=\"tpg-post-link\" target=\"_self\">Leer m\u00e1s<\/a>                <\/div>\n            <\/div>\n        <\/div>\n\t\t\t\t<\/div>\n\t<\/div>\n<\/div>\n\n<div class=\"rt-col-md-4 rt-col-sm-6 rt-col-xs-12 default rt-grid-item\" data-id=\"8563\">\n\t<div class=\"rt-holder tpg-post-holder\">\n\t\t<div class=\"rt-detail rt-el-content-wrapper\">\n\t\t\t\t\t\t\t<div class=\"rt-img-holder tpg-el-image-wrap has-no-thumbnail\">\n\t\t\t\t\t<a data-id=\"8563\" href=\"https:\/\/weldingconsulting.pl\/es\/seguridad-del-soldador\/\" class=\"tpg-post-link\" target=\"_self\">\t\t\n\t\t<\/a>\n\t\t        <div class=\"overlay grid-hover-content\"><\/div>\n\t\t\t\t\t\t<\/div>\n\t\t\t\n\n\t\t\t<div class=\"entry-title-wrapper\"><h3 class=\"entry-title\"><a data-id=\"8563\" href=\"https:\/\/weldingconsulting.pl\/es\/seguridad-del-soldador\/\" class=\"tpg-post-link\" target=\"_self\">Seguridad del soldador: normas de salud y seguridad y consejos pr\u00e1cticos<\/a><\/h3><\/div>\n\t\t\t\t\t\t\t<div class=\"post-meta-tags rt-el-post-meta\">\n\t\t\t\t\t\t\t\t\t<\/div>\n\t\t\t\n\t\t\t\t\t\t\t<div class=\"tpg-excerpt tpg-el-excerpt\">\n\t\t\t\t\t\t\t\t\t\t\t<div class=\"tpg-excerpt-inner\">\n\t\t\t\t\t\t\tSeguridad del soldador: normas de salud y seguridad y consejos pr\u00e1cticos. \u00bfPor qu\u00e9 es crucial la seguridad del soldador? La soldadura es un proceso con muchos riesgos: altas temperaturas, radiaci\u00f3n UV...\t\t\t\t\t\t<\/div>\n\t\t\t\t\t\t\t\t\t\t\t\t\t\t<\/div>\n\t\t\t\n\t\t\t        <div class=\"post-footer\">\n            <div class=\"post-footer\">\n                <div class=\"read-more\">\n\t\t\t\t\t<a data-id=\"8563\" href=\"https:\/\/weldingconsulting.pl\/es\/seguridad-del-soldador\/\" class=\"tpg-post-link\" target=\"_self\">Leer m\u00e1s<\/a>                <\/div>\n            <\/div>\n        <\/div>\n\t\t\t\t<\/div>\n\t<\/div>\n<\/div>\n\n<div class=\"rt-col-md-4 rt-col-sm-6 rt-col-xs-12 default rt-grid-item\" data-id=\"8558\">\n\t<div class=\"rt-holder tpg-post-holder\">\n\t\t<div class=\"rt-detail rt-el-content-wrapper\">\n\t\t\t\t\t\t\t<div class=\"rt-img-holder tpg-el-image-wrap has-no-thumbnail\">\n\t\t\t\t\t<a data-id=\"8558\" href=\"https:\/\/weldingconsulting.pl\/es\/sistema-de-calidad-de-soldadura-iso-3834\/\" class=\"tpg-post-link\" target=\"_self\">\t\t\n\t\t<\/a>\n\t\t        <div class=\"overlay grid-hover-content\"><\/div>\n\t\t\t\t\t\t<\/div>\n\t\t\t\n\n\t\t\t<div class=\"entry-title-wrapper\"><h3 class=\"entry-title\"><a data-id=\"8558\" href=\"https:\/\/weldingconsulting.pl\/es\/sistema-de-calidad-de-soldadura-iso-3834\/\" class=\"tpg-post-link\" target=\"_self\">ISO 3834 \u2013 sistema de gesti\u00f3n de calidad de soldadura<\/a><\/h3><\/div>\n\t\t\t\t\t\t\t<div class=\"post-meta-tags rt-el-post-meta\">\n\t\t\t\t\t\t\t\t\t<\/div>\n\t\t\t\n\t\t\t\t\t\t\t<div class=\"tpg-excerpt tpg-el-excerpt\">\n\t\t\t\t\t\t\t\t\t\t\t<div class=\"tpg-excerpt-inner\">\n\t\t\t\t\t\t\tISO 3834: el sistema de calidad m\u00e1s importante en soldadura. \u00bfQu\u00e9 es la ISO 3834? La ISO 3834 es una norma internacional que especifica los requisitos de calidad para los procesos de soldadura de materiales met\u00e1licos...\t\t\t\t\t\t<\/div>\n\t\t\t\t\t\t\t\t\t\t\t\t\t\t<\/div>\n\t\t\t\n\t\t\t        <div class=\"post-footer\">\n            <div class=\"post-footer\">\n                <div class=\"read-more\">\n\t\t\t\t\t<a data-id=\"8558\" href=\"https:\/\/weldingconsulting.pl\/es\/sistema-de-calidad-de-soldadura-iso-3834\/\" class=\"tpg-post-link\" target=\"_self\">Leer m\u00e1s<\/a>                <\/div>\n            <\/div>\n        <\/div>\n\t\t\t\t<\/div>\n\t<\/div>\n<\/div>\n\n<div class=\"rt-col-md-4 rt-col-sm-6 rt-col-xs-12 default rt-grid-item\" data-id=\"8550\">\n\t<div class=\"rt-holder tpg-post-holder\">\n\t\t<div class=\"rt-detail rt-el-content-wrapper\">\n\t\t\t\t\t\t\t<div class=\"rt-img-holder tpg-el-image-wrap has-no-thumbnail\">\n\t\t\t\t\t<a data-id=\"8550\" href=\"https:\/\/weldingconsulting.pl\/es\/supervision-de-soldadura-en-la-industria-de-la-construccion\/\" class=\"tpg-post-link\" target=\"_self\">\t\t\n\t\t<\/a>\n\t\t        <div class=\"overlay grid-hover-content\"><\/div>\n\t\t\t\t\t\t<\/div>\n\t\t\t\n\n\t\t\t<div class=\"entry-title-wrapper\"><h3 class=\"entry-title\"><a data-id=\"8550\" href=\"https:\/\/weldingconsulting.pl\/es\/supervision-de-soldadura-en-la-industria-de-la-construccion\/\" class=\"tpg-post-link\" target=\"_self\">Por qu\u00e9 la supervisi\u00f3n de la soldadura es crucial en la construcci\u00f3n y la industria<\/a><\/h3><\/div>\n\t\t\t\t\t\t\t<div class=\"post-meta-tags rt-el-post-meta\">\n\t\t\t\t\t\t\t\t\t<\/div>\n\t\t\t\n\t\t\t\t\t\t\t<div class=\"tpg-excerpt tpg-el-excerpt\">\n\t\t\t\t\t\t\t\t\t\t\t<div class=\"tpg-excerpt-inner\">\n\t\t\t\t\t\t\tPor qu\u00e9 la supervisi\u00f3n de soldadura es crucial en la construcci\u00f3n y la industria El papel de la supervisi\u00f3n de soldadura La supervisi\u00f3n de soldadura es el proceso de comprobar sistem\u00e1ticamente la calidad de las soldaduras, la documentaci\u00f3n y el cumplimiento...\t\t\t\t\t\t<\/div>\n\t\t\t\t\t\t\t\t\t\t\t\t\t\t<\/div>\n\t\t\t\n\t\t\t        <div class=\"post-footer\">\n            <div class=\"post-footer\">\n                <div class=\"read-more\">\n\t\t\t\t\t<a data-id=\"8550\" href=\"https:\/\/weldingconsulting.pl\/es\/supervision-de-soldadura-en-la-industria-de-la-construccion\/\" class=\"tpg-post-link\" target=\"_self\">Leer m\u00e1s<\/a>                <\/div>\n            <\/div>\n        <\/div>\n\t\t\t\t<\/div>\n\t<\/div>\n<\/div>\n\n<div class=\"rt-col-md-4 rt-col-sm-6 rt-col-xs-12 default rt-grid-item\" data-id=\"8545\">\n\t<div class=\"rt-holder tpg-post-holder\">\n\t\t<div class=\"rt-detail rt-el-content-wrapper\">\n\t\t\t\t\t\t\t<div class=\"rt-img-holder tpg-el-image-wrap has-no-thumbnail\">\n\t\t\t\t\t<a data-id=\"8545\" href=\"https:\/\/weldingconsulting.pl\/es\/los-errores-mas-comunes-en-el-proceso-de-soldadura-y-como-evitarlos\/\" class=\"tpg-post-link\" target=\"_self\">\t\t\n\t\t<\/a>\n\t\t        <div class=\"overlay grid-hover-content\"><\/div>\n\t\t\t\t\t\t<\/div>\n\t\t\t\n\n\t\t\t<div class=\"entry-title-wrapper\"><h3 class=\"entry-title\"><a data-id=\"8545\" href=\"https:\/\/weldingconsulting.pl\/es\/los-errores-mas-comunes-en-el-proceso-de-soldadura-y-como-evitarlos\/\" class=\"tpg-post-link\" target=\"_self\">Los errores de soldadura m\u00e1s comunes y c\u00f3mo evitarlos<\/a><\/h3><\/div>\n\t\t\t\t\t\t\t<div class=\"post-meta-tags rt-el-post-meta\">\n\t\t\t\t\t\t\t\t\t<\/div>\n\t\t\t\n\t\t\t\t\t\t\t<div class=\"tpg-excerpt tpg-el-excerpt\">\n\t\t\t\t\t\t\t\t\t\t\t<div class=\"tpg-excerpt-inner\">\n\t\t\t\t\t\t\tErrores comunes de soldadura y c\u00f3mo evitarlos. Introducci\u00f3n. El proceso de soldadura requiere precisi\u00f3n, experiencia y conocimiento de las normas. Incluso errores menores pueden causar problemas graves, desde...\t\t\t\t\t\t<\/div>\n\t\t\t\t\t\t\t\t\t\t\t\t\t\t<\/div>\n\t\t\t\n\t\t\t        <div class=\"post-footer\">\n            <div class=\"post-footer\">\n                <div class=\"read-more\">\n\t\t\t\t\t<a data-id=\"8545\" href=\"https:\/\/weldingconsulting.pl\/es\/los-errores-mas-comunes-en-el-proceso-de-soldadura-y-como-evitarlos\/\" class=\"tpg-post-link\" target=\"_self\">Leer m\u00e1s<\/a>                <\/div>\n            <\/div>\n        <\/div>\n\t\t\t\t<\/div>\n\t<\/div>\n<\/div>\n\n<div class=\"rt-col-md-4 rt-col-sm-6 rt-col-xs-12 default rt-grid-item\" data-id=\"8531\">\n\t<div class=\"rt-holder tpg-post-holder\">\n\t\t<div class=\"rt-detail rt-el-content-wrapper\">\n\t\t\t\t\t\t\t<div class=\"rt-img-holder tpg-el-image-wrap has-no-thumbnail\">\n\t\t\t\t\t<a data-id=\"8531\" href=\"https:\/\/weldingconsulting.pl\/es\/certificacion-de-soldador-todo-lo-que-necesita-saber\/\" class=\"tpg-post-link\" target=\"_self\">\t\t\n\t\t<\/a>\n\t\t        <div class=\"overlay grid-hover-content\"><\/div>\n\t\t\t\t\t\t<\/div>\n\t\t\t\n\n\t\t\t<div class=\"entry-title-wrapper\"><h3 class=\"entry-title\"><a data-id=\"8531\" href=\"https:\/\/weldingconsulting.pl\/es\/certificacion-de-soldador-todo-lo-que-necesita-saber\/\" class=\"tpg-post-link\" target=\"_self\">Certificaci\u00f3n de soldadores: todo lo que necesita saber<\/a><\/h3><\/div>\n\t\t\t\t\t\t\t<div class=\"post-meta-tags rt-el-post-meta\">\n\t\t\t\t\t\t\t\t\t<\/div>\n\t\t\t\n\t\t\t\t\t\t\t<div class=\"tpg-excerpt tpg-el-excerpt\">\n\t\t\t\t\t\t\t\t\t\t\t<div class=\"tpg-excerpt-inner\">\n\t\t\t\t\t\t\tCertificaci\u00f3n de soldador: todo lo que necesita saber Introducci\u00f3n: por qu\u00e9 es importante la certificaci\u00f3n La certificaci\u00f3n de soldador confirma que una persona tiene las calificaciones apropiadas y...\t\t\t\t\t\t<\/div>\n\t\t\t\t\t\t\t\t\t\t\t\t\t\t<\/div>\n\t\t\t\n\t\t\t        <div class=\"post-footer\">\n            <div class=\"post-footer\">\n                <div class=\"read-more\">\n\t\t\t\t\t<a data-id=\"8531\" href=\"https:\/\/weldingconsulting.pl\/es\/certificacion-de-soldador-todo-lo-que-necesita-saber\/\" class=\"tpg-post-link\" target=\"_self\">Leer m\u00e1s<\/a>                <\/div>\n            <\/div>\n        <\/div>\n\t\t\t\t<\/div>\n\t<\/div>\n<\/div>\n\t\t\t<\/div>\n\t\t\t\n\t\t<\/div>\n\t\t\t\t\t\t<\/div>\n\t\t\t\t<\/div>\n\t\t\t\t\t<\/div>\n\t\t<\/div>\n\t\t\t\t\t<\/div>\n\t\t<\/section>\n\t\t\t\t<\/div>","protected":false},"excerpt":{"rendered":"<p>Bezpiecze\u0144stwo spawacza \u2013 zasady BHP i praktyczne wskaz\u00f3wki Bezpiecze\u0144stwo spawacza \u2013 zasady BHP i praktyczne wskaz\u00f3wki Dlaczego bezpiecze\u0144stwo spawacza jest kluczowe? Spawanie to proces obarczony wieloma zagro\u017ceniami: wysok\u0105 temperatur\u0105, promieniowaniem UV&#8230; Czytaj wi\u0119cej ISO 3834 \u2013 system zarz\u0105dzania jako\u015bci\u0105 w spawalnictwie ISO 3834 \u2013 najwa\u017cniejszy system jako\u015bci w spawalnictwie Czym jest ISO 3834? Norma ISO 3834 to mi\u0119dzynarodowy standard okre\u015blaj\u0105cy wymagania jako\u015bciowe dla proces\u00f3w spawania materia\u0142\u00f3w metalowych&#8230; Czytaj wi\u0119cej Dlaczego nadz\u00f3r spawalniczy jest kluczowy w budownictwie i przemy\u015ble Dlaczego nadz\u00f3r spawalniczy jest kluczowy w budownictwie i przemy\u015ble Rola nadzoru spawalniczego Nadz\u00f3r spawalniczy to proces systematycznego kontrolowania jako\u015bci spoin, dokumentacji oraz zgodno\u015bci z&#8230; Czytaj wi\u0119cej Najcz\u0119stsze b\u0142\u0119dy w procesie spawania i sposoby ich unikania Najcz\u0119stsze b\u0142\u0119dy w procesie spawania i jak ich unika\u0107 Wprowadzenie Proces spawania wymaga precyzji, do\u015bwiadczenia i znajomo\u015bci norm. Nawet drobne b\u0142\u0119dy mog\u0105 prowadzi\u0107 do powa\u017cnych problem\u00f3w \u2013 od&#8230; Czytaj wi\u0119cej Certyfikacja spawaczy \u2013 wszystko, co musisz wiedzie\u0107 Certyfikacja spawaczy \u2013 wszystko, co musisz wiedzie\u0107 Wprowadzenie \u2013 dlaczego certyfikacja jest wa\u017cna Certyfikacja spawaczy to potwierdzenie, \u017ce dana osoba posiada odpowiednie kwalifikacje i&#8230; Czytaj wi\u0119cej<\/p>","protected":false},"author":1,"featured_media":0,"parent":0,"menu_order":0,"comment_status":"closed","ping_status":"closed","template":"elementor_header_footer","meta":{"site-sidebar-layout":"no-sidebar","site-content-layout":"","ast-site-content-layout":"full-width-container","site-content-style":"default","site-sidebar-style":"default","ast-global-header-display":"","ast-banner-title-visibility":"","ast-main-header-display":"","ast-hfb-above-header-display":"","ast-hfb-below-header-display":"","ast-hfb-mobile-header-display":"","site-post-title":"","ast-breadcrumbs-content":"","ast-featured-img":"disabled","footer-sml-layout":"","ast-disable-related-posts":"","theme-transparent-header-meta":"","adv-header-id-meta":"","stick-header-meta":"","header-above-stick-meta":"","header-main-stick-meta":"","header-below-stick-meta":"","astra-migrate-meta-layouts":"default","ast-page-background-enabled":"default","ast-page-background-meta":{"desktop":{"background-color":"var(--ast-global-color-4)","background-image":"","background-repeat":"repeat","background-position":"center center","background-size":"auto","background-attachment":"scroll","background-type":"","background-media":"","overlay-type":"","overlay-color":"","overlay-opacity":"","overlay-gradient":""},"tablet":{"background-color":"","background-image":"","background-repeat":"repeat","background-position":"center center","background-size":"auto","background-attachment":"scroll","background-type":"","background-media":"","overlay-type":"","overlay-color":"","overlay-opacity":"","overlay-gradient":""},"mobile":{"background-color":"","background-image":"","background-repeat":"repeat","background-position":"center center","background-size":"auto","background-attachment":"scroll","background-type":"","background-media":"","overlay-type":"","overlay-color":"","overlay-opacity":"","overlay-gradient":""}},"ast-content-background-meta":{"desktop":{"background-color":"var(--ast-global-color-5)","background-image":"","background-repeat":"repeat","background-position":"center center","background-size":"auto","background-attachment":"scroll","background-type":"","background-media":"","overlay-type":"","overlay-color":"","overlay-opacity":"","overlay-gradient":""},"tablet":{"background-color":"var(--ast-global-color-5)","background-image":"","background-repeat":"repeat","background-position":"center center","background-size":"auto","background-attachment":"scroll","background-type":"","background-media":"","overlay-type":"","overlay-color":"","overlay-opacity":"","overlay-gradient":""},"mobile":{"background-color":"var(--ast-global-color-5)","background-image":"","background-repeat":"repeat","background-position":"center center","background-size":"auto","background-attachment":"scroll","background-type":"","background-media":"","overlay-type":"","overlay-color":"","overlay-opacity":"","overlay-gradient":""}},"footnotes":""},"class_list":["post-8586","page","type-page","status-publish","hentry"],"rttpg_featured_image_url":null,"rttpg_author":{"display_name":"admin-JYZ7TiXE","author_link":"https:\/\/weldingconsulting.pl\/es\/author\/admin-jyz7tixe\/"},"rttpg_comment":0,"rttpg_category":"","rttpg_excerpt":"Bezpiecze\u0144stwo spawacza \u2013 zasady BHP i praktyczne wskaz\u00f3wki Bezpiecze\u0144stwo spawacza \u2013 zasady BHP i praktyczne wskaz\u00f3wki Dlaczego bezpiecze\u0144stwo spawacza jest kluczowe? Spawanie to proces obarczony wieloma zagro\u017ceniami: wysok\u0105 temperatur\u0105, promieniowaniem UV&#8230; Czytaj wi\u0119cej ISO 3834 \u2013 system zarz\u0105dzania jako\u015bci\u0105 w spawalnictwie ISO 3834 \u2013 najwa\u017cniejszy system jako\u015bci w spawalnictwie Czym jest ISO 3834? Norma ISO&hellip;","_links":{"self":[{"href":"https:\/\/weldingconsulting.pl\/es\/wp-json\/wp\/v2\/pages\/8586","targetHints":{"allow":["GET"]}}],"collection":[{"href":"https:\/\/weldingconsulting.pl\/es\/wp-json\/wp\/v2\/pages"}],"about":[{"href":"https:\/\/weldingconsulting.pl\/es\/wp-json\/wp\/v2\/types\/page"}],"author":[{"embeddable":true,"href":"https:\/\/weldingconsulting.pl\/es\/wp-json\/wp\/v2\/users\/1"}],"replies":[{"embeddable":true,"href":"https:\/\/weldingconsulting.pl\/es\/wp-json\/wp\/v2\/comments?post=8586"}],"version-history":[{"count":4,"href":"https:\/\/weldingconsulting.pl\/es\/wp-json\/wp\/v2\/pages\/8586\/revisions"}],"predecessor-version":[{"id":8590,"href":"https:\/\/weldingconsulting.pl\/es\/wp-json\/wp\/v2\/pages\/8586\/revisions\/8590"}],"wp:attachment":[{"href":"https:\/\/weldingconsulting.pl\/es\/wp-json\/wp\/v2\/media?parent=8586"}],"curies":[{"name":"wp","href":"https:\/\/api.w.org\/{rel}","templated":true}]}}