{"id":1149,"date":"2023-09-21T00:51:09","date_gmt":"2023-09-20T22:51:09","guid":{"rendered":"https:\/\/weldingconsulting.pl\/?page_id=1149"},"modified":"2023-12-20T15:24:02","modified_gmt":"2023-12-20T14:24:02","slug":"diseno-mecanico","status":"publish","type":"page","link":"https:\/\/weldingconsulting.pl\/es\/diseno-mecanico\/","title":{"rendered":"Dise\u00f1o mec\u00e1nico"},"content":{"rendered":"<div data-elementor-type=\"wp-page\" data-elementor-id=\"1149\" class=\"elementor elementor-1149\" data-elementor-post-type=\"page\">\n\t\t\t\t\t\t<section class=\"elementor-section elementor-top-section elementor-element elementor-element-38f04e1 elementor-section-boxed elementor-section-height-default elementor-section-height-default wpr-particle-no wpr-jarallax-no wpr-parallax-no wpr-sticky-section-no wpr-equal-height-no\" data-id=\"38f04e1\" data-element_type=\"section\" data-e-type=\"section\">\n\t\t\t\t\t\t<div class=\"elementor-container elementor-column-gap-default\">\n\t\t\t\t\t<div class=\"elementor-column elementor-col-100 elementor-top-column elementor-element elementor-element-37d9920\" data-id=\"37d9920\" data-element_type=\"column\" data-e-type=\"column\">\n\t\t\t<div class=\"elementor-widget-wrap elementor-element-populated\">\n\t\t\t\t\t\t<section class=\"elementor-section elementor-inner-section elementor-element elementor-element-75e9acf elementor-section-boxed elementor-section-height-default elementor-section-height-default wpr-particle-no wpr-jarallax-no wpr-parallax-no wpr-sticky-section-no wpr-equal-height-no\" data-id=\"75e9acf\" data-element_type=\"section\" data-e-type=\"section\">\n\t\t\t\t\t\t<div class=\"elementor-container elementor-column-gap-default\">\n\t\t\t\t\t<div class=\"elementor-column elementor-col-100 elementor-inner-column elementor-element elementor-element-72edd86\" data-id=\"72edd86\" data-element_type=\"column\" data-e-type=\"column\">\n\t\t\t<div class=\"elementor-widget-wrap elementor-element-populated\">\n\t\t\t\t\t\t<div class=\"elementor-element elementor-element-24a93e4 elementor-widget elementor-widget-heading\" data-id=\"24a93e4\" data-element_type=\"widget\" data-e-type=\"widget\" data-widget_type=\"heading.default\">\n\t\t\t\t<div class=\"elementor-widget-container\">\n\t\t\t\t\t<h2 class=\"elementor-heading-title elementor-size-default\">Dise\u00f1o mec\u00e1nico<\/h2>\t\t\t\t<\/div>\n\t\t\t\t<\/div>\n\t\t\t\t\t<\/div>\n\t\t<\/div>\n\t\t\t\t\t<\/div>\n\t\t<\/section>\n\t\t\t\t<section class=\"elementor-section elementor-inner-section elementor-element elementor-element-35d020d elementor-section-boxed elementor-section-height-default elementor-section-height-default wpr-particle-no wpr-jarallax-no wpr-parallax-no wpr-sticky-section-no wpr-equal-height-no\" data-id=\"35d020d\" data-element_type=\"section\" data-e-type=\"section\">\n\t\t\t\t\t\t<div class=\"elementor-container elementor-column-gap-default\">\n\t\t\t\t\t<div class=\"elementor-column elementor-col-50 elementor-inner-column elementor-element elementor-element-9e342f5\" data-id=\"9e342f5\" data-element_type=\"column\" data-e-type=\"column\">\n\t\t\t<div class=\"elementor-widget-wrap elementor-element-populated\">\n\t\t\t\t\t\t<div class=\"elementor-element elementor-element-750f19c elementor-widget__width-initial elementor-widget elementor-widget-text-editor\" data-id=\"750f19c\" data-element_type=\"widget\" data-e-type=\"widget\" data-widget_type=\"text-editor.default\">\n\t\t\t\t<div class=\"elementor-widget-container\">\n\t\t\t\t\t\t\t\t\t<p>Hay quien cree que detr\u00e1s de toda gran idea debe haber un producto. El dise\u00f1o de ingenier\u00eda mec\u00e1nica es crucial a la hora de desarrollar un producto, pero \u00bfde qu\u00e9 sirve una idea asombrosa y creativa si no se puede hacer nada con ella? El proceso de dise\u00f1o y construcci\u00f3n de un prototipo mec\u00e1nico puede ser muy complejo.<\/p><p>Hay que encontrar los materiales adecuados para el proyecto, crear piezas que encajen entre s\u00ed de la forma correcta, hacer que todo funcione a la perfecci\u00f3n... lo que puede resultar dif\u00edcil si se est\u00e1 probando algo nuevo o se trabaja con un calendario apretado.<\/p><p>Y la cosa no acaba ah\u00ed: una vez establecido qu\u00e9 es lo que realmente funcionar\u00e1 tal y como se ha dise\u00f1ado, llega la fase de producci\u00f3n, en la que todos estos elementos individuales se transforman en una \u00fanica unidad funcional lista para la venta.<\/p><p>En Welding Consulting hacemos<\/p><p>- visualizaciones<\/p><p>- prototipos<\/p><p>- proponemos soluciones<\/p><p>Estamos deseando trabajar con usted.<\/p>\t\t\t\t\t\t\t\t<\/div>\n\t\t\t\t<\/div>\n\t\t\t\t\t<\/div>\n\t\t<\/div>\n\t\t\t\t<div class=\"elementor-column elementor-col-50 elementor-inner-column elementor-element elementor-element-7352ad7\" data-id=\"7352ad7\" data-element_type=\"column\" data-e-type=\"column\">\n\t\t\t<div class=\"elementor-widget-wrap elementor-element-populated\">\n\t\t\t\t\t\t<div class=\"elementor-element elementor-element-d80be4e elementor-widget elementor-widget-image\" data-id=\"d80be4e\" data-element_type=\"widget\" data-e-type=\"widget\" data-widget_type=\"image.default\">\n\t\t\t\t<div class=\"elementor-widget-container\">\n\t\t\t\t\t\t\t\t\t\t\t\t\t\t\t<img fetchpriority=\"high\" decoding=\"async\" width=\"2560\" height=\"2560\" src=\"https:\/\/weldingconsulting.pl\/wp-content\/uploads\/2023\/09\/texnolog5-scaled.webp\" class=\"attachment-full size-full wp-image-1617\" alt=\"\" srcset=\"https:\/\/weldingconsulting.pl\/wp-content\/uploads\/2023\/09\/texnolog5-scaled.webp 2560w, https:\/\/weldingconsulting.pl\/wp-content\/uploads\/2023\/09\/texnolog5-300x300.webp 300w, https:\/\/weldingconsulting.pl\/wp-content\/uploads\/2023\/09\/texnolog5-1024x1024.webp 1024w, https:\/\/weldingconsulting.pl\/wp-content\/uploads\/2023\/09\/texnolog5-150x150.webp 150w, https:\/\/weldingconsulting.pl\/wp-content\/uploads\/2023\/09\/texnolog5-768x768.webp 768w, https:\/\/weldingconsulting.pl\/wp-content\/uploads\/2023\/09\/texnolog5-1536x1536.webp 1536w, https:\/\/weldingconsulting.pl\/wp-content\/uploads\/2023\/09\/texnolog5-2048x2048.webp 2048w\" sizes=\"(max-width: 2560px) 100vw, 2560px\" title=\"\">\t\t\t\t\t\t\t\t\t\t\t\t\t\t\t<\/div>\n\t\t\t\t<\/div>\n\t\t\t\t\t<\/div>\n\t\t<\/div>\n\t\t\t\t\t<\/div>\n\t\t<\/section>\n\t\t\t\t\t<\/div>\n\t\t<\/div>\n\t\t\t\t\t<\/div>\n\t\t<\/section>\n\t\t\t\t<\/div>","protected":false},"excerpt":{"rendered":"<p>Projektowanie mechaniczne Niekt\u00f3rzy uwa\u017caj\u0105, \u017ce za\u00a0ka\u017cdym \u015bwietnym pomys\u0142em musi sta\u0107 produkt. Projekt in\u017cynierii mechanicznej ma kluczowe znaczenie przy opracowywaniu produktu, ale\u00a0jaki jest po\u017cytek z\u00a0niesamowitego i\u00a0kreatywnego pomys\u0142u, je\u015bli nie\u00a0mo\u017cna nic z\u00a0niego zrobi\u0107? Proces projektowania i\u00a0budowy prototypu mechanicznego mo\u017ce by\u0107 bardzo skomplikowany. Musisz znale\u017a\u0107 odpowiednie materia\u0142y do\u00a0swojego projektu, stworzy\u0107 cz\u0119\u015bci, kt\u00f3re pasuj\u0105 do\u00a0siebie we w\u0142a\u015bciwy spos\u00f3b, sprawi\u0107, by\u00a0wszystko ze sob\u0105 p\u0142ynnie wsp\u00f3\u0142pracowa\u0142o \u2014 co mo\u017ce by\u0107 trudne, je\u015bli pr\u00f3bujesz czego\u015b nowego lub\u00a0pracujesz w\u00a0napi\u0119tym harmonogramie. I na\u00a0tym\u00a0si\u0119 nie\u00a0ko\u0144czy: kiedy ju\u017c ustalisz, co faktycznie b\u0119dzie dzia\u0142a\u0107 zgodnie z\u00a0projektem, nadchodzi faza produkcji, w\u00a0kt\u00f3rej wszystkie te pojedyncze elementy s\u0105 przekszta\u0142cane w\u00a0jedn\u0105 funkcjonaln\u0105 jednostk\u0119 gotow\u0105 do\u00a0sprzeda\u017cy! W Welding Consulting wykonujemy &#8211; wizualizacje &#8211; prototypy &#8211; proponujemy rozwi\u0105zania Zapraszamy do\u00a0wsp\u00f3\u0142pracy.<\/p>","protected":false},"author":1,"featured_media":0,"parent":0,"menu_order":0,"comment_status":"closed","ping_status":"closed","template":"elementor_header_footer","meta":{"site-sidebar-layout":"default","site-content-layout":"","ast-site-content-layout":"default","site-content-style":"default","site-sidebar-style":"default","ast-global-header-display":"","ast-banner-title-visibility":"","ast-main-header-display":"","ast-hfb-above-header-display":"","ast-hfb-below-header-display":"","ast-hfb-mobile-header-display":"","site-post-title":"","ast-breadcrumbs-content":"","ast-featured-img":"","footer-sml-layout":"","ast-disable-related-posts":"","theme-transparent-header-meta":"default","adv-header-id-meta":"","stick-header-meta":"","header-above-stick-meta":"","header-main-stick-meta":"","header-below-stick-meta":"","astra-migrate-meta-layouts":"set","ast-page-background-enabled":"default","ast-page-background-meta":{"desktop":{"background-color":"var(--ast-global-color-4)","background-image":"","background-repeat":"repeat","background-position":"center center","background-size":"auto","background-attachment":"scroll","background-type":"","background-media":"","overlay-type":"","overlay-color":"","overlay-opacity":"","overlay-gradient":""},"tablet":{"background-color":"","background-image":"","background-repeat":"repeat","background-position":"center center","background-size":"auto","background-attachment":"scroll","background-type":"","background-media":"","overlay-type":"","overlay-color":"","overlay-opacity":"","overlay-gradient":""},"mobile":{"background-color":"","background-image":"","background-repeat":"repeat","background-position":"center center","background-size":"auto","background-attachment":"scroll","background-type":"","background-media":"","overlay-type":"","overlay-color":"","overlay-opacity":"","overlay-gradient":""}},"ast-content-background-meta":{"desktop":{"background-color":"var(--ast-global-color-5)","background-image":"","background-repeat":"repeat","background-position":"center center","background-size":"auto","background-attachment":"scroll","background-type":"","background-media":"","overlay-type":"","overlay-color":"","overlay-opacity":"","overlay-gradient":""},"tablet":{"background-color":"var(--ast-global-color-5)","background-image":"","background-repeat":"repeat","background-position":"center center","background-size":"auto","background-attachment":"scroll","background-type":"","background-media":"","overlay-type":"","overlay-color":"","overlay-opacity":"","overlay-gradient":""},"mobile":{"background-color":"var(--ast-global-color-5)","background-image":"","background-repeat":"repeat","background-position":"center center","background-size":"auto","background-attachment":"scroll","background-type":"","background-media":"","overlay-type":"","overlay-color":"","overlay-opacity":"","overlay-gradient":""}},"footnotes":""},"class_list":["post-1149","page","type-page","status-publish","hentry"],"rttpg_featured_image_url":null,"rttpg_author":{"display_name":"admin-JYZ7TiXE","author_link":"https:\/\/weldingconsulting.pl\/es\/author\/admin-jyz7tixe\/"},"rttpg_comment":0,"rttpg_category":null,"rttpg_excerpt":"Projektowanie mechaniczne Niekt\u00f3rzy uwa\u017caj\u0105, \u017ce za\u00a0ka\u017cdym \u015bwietnym pomys\u0142em musi sta\u0107 produkt. Projekt in\u017cynierii mechanicznej ma kluczowe znaczenie przy opracowywaniu produktu, ale\u00a0jaki jest po\u017cytek z\u00a0niesamowitego i\u00a0kreatywnego pomys\u0142u, je\u015bli nie\u00a0mo\u017cna nic z\u00a0niego zrobi\u0107? Proces projektowania i\u00a0budowy prototypu mechanicznego mo\u017ce by\u0107 bardzo skomplikowany. Musisz znale\u017a\u0107 odpowiednie materia\u0142y do\u00a0swojego projektu, stworzy\u0107 cz\u0119\u015bci, kt\u00f3re pasuj\u0105 do\u00a0siebie we w\u0142a\u015bciwy spos\u00f3b, sprawi\u0107,&hellip;","_links":{"self":[{"href":"https:\/\/weldingconsulting.pl\/es\/wp-json\/wp\/v2\/pages\/1149","targetHints":{"allow":["GET"]}}],"collection":[{"href":"https:\/\/weldingconsulting.pl\/es\/wp-json\/wp\/v2\/pages"}],"about":[{"href":"https:\/\/weldingconsulting.pl\/es\/wp-json\/wp\/v2\/types\/page"}],"author":[{"embeddable":true,"href":"https:\/\/weldingconsulting.pl\/es\/wp-json\/wp\/v2\/users\/1"}],"replies":[{"embeddable":true,"href":"https:\/\/weldingconsulting.pl\/es\/wp-json\/wp\/v2\/comments?post=1149"}],"version-history":[{"count":14,"href":"https:\/\/weldingconsulting.pl\/es\/wp-json\/wp\/v2\/pages\/1149\/revisions"}],"predecessor-version":[{"id":2483,"href":"https:\/\/weldingconsulting.pl\/es\/wp-json\/wp\/v2\/pages\/1149\/revisions\/2483"}],"wp:attachment":[{"href":"https:\/\/weldingconsulting.pl\/es\/wp-json\/wp\/v2\/media?parent=1149"}],"curies":[{"name":"wp","href":"https:\/\/api.w.org\/{rel}","templated":true}]}}