{"id":1121,"date":"2023-09-20T22:53:05","date_gmt":"2023-09-20T20:53:05","guid":{"rendered":"https:\/\/weldingconsulting.pl\/?page_id=1121"},"modified":"2023-12-19T10:27:03","modified_gmt":"2023-12-19T09:27:03","slug":"directiva-presion-ped-2014-68-ue","status":"publish","type":"page","link":"https:\/\/weldingconsulting.pl\/es\/directiva-presion-ped-2014-68-ue\/","title":{"rendered":"Directiva sobre equipos a presi\u00f3n ped\/2014\/68\/eu"},"content":{"rendered":"<div data-elementor-type=\"wp-page\" data-elementor-id=\"1121\" class=\"elementor elementor-1121\" data-elementor-post-type=\"page\">\n\t\t\t\t\t\t<section class=\"elementor-section elementor-top-section elementor-element elementor-element-172a851 elementor-section-boxed elementor-section-height-default elementor-section-height-default wpr-particle-no wpr-jarallax-no wpr-parallax-no wpr-sticky-section-no wpr-column-slider-no wpr-equal-height-no\" data-id=\"172a851\" data-element_type=\"section\" data-e-type=\"section\">\n\t\t\t\t\t\t<div class=\"elementor-container elementor-column-gap-default\">\n\t\t\t\t\t<div class=\"elementor-column elementor-col-100 elementor-top-column elementor-element elementor-element-b8b7d16\" data-id=\"b8b7d16\" data-element_type=\"column\" data-e-type=\"column\">\n\t\t\t<div class=\"elementor-widget-wrap elementor-element-populated\">\n\t\t\t\t\t\t<section class=\"elementor-section elementor-inner-section elementor-element elementor-element-b7b1bbc elementor-section-boxed elementor-section-height-default elementor-section-height-default wpr-particle-no wpr-jarallax-no wpr-parallax-no wpr-sticky-section-no wpr-column-slider-no wpr-equal-height-no\" data-id=\"b7b1bbc\" data-element_type=\"section\" data-e-type=\"section\">\n\t\t\t\t\t\t<div class=\"elementor-container elementor-column-gap-default\">\n\t\t\t\t\t<div class=\"elementor-column elementor-col-100 elementor-inner-column elementor-element elementor-element-61e18b6\" data-id=\"61e18b6\" data-element_type=\"column\" data-e-type=\"column\">\n\t\t\t<div class=\"elementor-widget-wrap elementor-element-populated\">\n\t\t\t\t\t\t<div class=\"elementor-element elementor-element-d47a44b elementor-widget elementor-widget-heading\" data-id=\"d47a44b\" data-element_type=\"widget\" data-e-type=\"widget\" data-widget_type=\"heading.default\">\n\t\t\t\t<div class=\"elementor-widget-container\">\n\t\t\t\t\t<h2 class=\"elementor-heading-title elementor-size-default\">Directiva de presi\u00f3n ped\/2014\/68\/eu - normas de soldadura<\/h2>\t\t\t\t<\/div>\n\t\t\t\t<\/div>\n\t\t\t\t\t<\/div>\n\t\t<\/div>\n\t\t\t\t\t<\/div>\n\t\t<\/section>\n\t\t\t\t<section class=\"elementor-section elementor-inner-section elementor-element elementor-element-6454959 elementor-section-boxed elementor-section-height-default elementor-section-height-default wpr-particle-no wpr-jarallax-no wpr-parallax-no wpr-sticky-section-no wpr-column-slider-no wpr-equal-height-no\" data-id=\"6454959\" data-element_type=\"section\" data-e-type=\"section\">\n\t\t\t\t\t\t<div class=\"elementor-container elementor-column-gap-default\">\n\t\t\t\t\t<div class=\"elementor-column elementor-col-100 elementor-inner-column elementor-element elementor-element-af3bb54\" data-id=\"af3bb54\" data-element_type=\"column\" data-e-type=\"column\">\n\t\t\t<div class=\"elementor-widget-wrap elementor-element-populated\">\n\t\t\t\t\t\t<div class=\"elementor-element elementor-element-9261bcc elementor-widget elementor-widget-text-editor\" data-id=\"9261bcc\" data-element_type=\"widget\" data-e-type=\"widget\" data-widget_type=\"text-editor.default\">\n\t\t\t\t<div class=\"elementor-widget-container\">\n\t\t\t\t\t\t\t\t\t<p>Al igual que otras industrias, la soldadura est\u00e1 sujeta a las normas y directivas del Parlamento Europeo. La Directiva sobre presi\u00f3n ped\/2014\/68\/eu fue publicada por el Parlamento Europeo el 15 de mayo de 2014. Se refiere a la armonizaci\u00f3n de las legislaciones de los Estados miembros relativas a la comercializaci\u00f3n de equipos a presi\u00f3n.\u00a0<strong>Consultor\u00eda e inspecciones de soldadura<\/strong>\u00a0incluyen la aplicaci\u00f3n y el control de la aplicaci\u00f3n de las normas descritas en la Directiva. Las normas contenidas en la\u00a0<strong>Directiva sobre presi\u00f3n PED\/2014\/68\/eu<\/strong>\u00a0tienen por objeto principal evitar que se introduzca en el mercado un n\u00famero creciente de productos certificados de forma fraudulenta e indebida.<\/p>\t\t\t\t\t\t\t\t<\/div>\n\t\t\t\t<\/div>\n\t\t\t\t<div class=\"elementor-element elementor-element-0fafbfc elementor-widget elementor-widget-heading\" data-id=\"0fafbfc\" data-element_type=\"widget\" data-e-type=\"widget\" data-widget_type=\"heading.default\">\n\t\t\t\t<div class=\"elementor-widget-container\">\n\t\t\t\t\t<h2 class=\"elementor-heading-title elementor-size-default\">\u00bfCu\u00e1ndo se aplica la Directiva sobre presi\u00f3n PED 2014\/68\/eu?<\/h2>\t\t\t\t<\/div>\n\t\t\t\t<\/div>\n\t\t\t\t<div class=\"elementor-element elementor-element-66033a8 elementor-widget elementor-widget-text-editor\" data-id=\"66033a8\" data-element_type=\"widget\" data-e-type=\"widget\" data-widget_type=\"text-editor.default\">\n\t\t\t\t<div class=\"elementor-widget-container\">\n\t\t\t\t\t\t\t\t\t<p>La obligaci\u00f3n de aplicar la directiva recae en todas las empresas de producci\u00f3n que intervienen en la cadena de suministro. Con la introducci\u00f3n de una norma uniforme - la seguridad que cuidamos, por ejemplo mediante la aplicaci\u00f3n de la\u00a0<strong>instrucciones de soldadura<\/strong>. La directiva se aplica al uso de equipos a presi\u00f3n con una presi\u00f3n admisible superior a 0,5 bar, por lo que es tan importante aplicarla correctamente en las plantas de soldadura.<\/p><p>Welding Consulting ofrece servicios de certificaci\u00f3n para soldadura y\u00a0<strong>ayuda a aplicar de forma exhaustiva la Directiva sobre presi\u00f3n PED 2014\/68\/eu<\/strong>incluyendo cualquier requisito relacionado con la soldadura. Al igual que con otros certificados de soldadura o procedimientos WPQR\/WPS, comenzamos con una visita a las instalaciones de nuestro cliente y, a continuaci\u00f3n, desarrollamos un plan para aplicar la normativa de la directiva.<\/p>\t\t\t\t\t\t\t\t<\/div>\n\t\t\t\t<\/div>\n\t\t\t\t<div class=\"elementor-element elementor-element-0467929 elementor-widget elementor-widget-heading\" data-id=\"0467929\" data-element_type=\"widget\" data-e-type=\"widget\" data-widget_type=\"heading.default\">\n\t\t\t\t<div class=\"elementor-widget-container\">\n\t\t\t\t\t<h2 class=\"elementor-heading-title elementor-size-default\">Directiva de presi\u00f3n para soldadura<\/h2>\t\t\t\t<\/div>\n\t\t\t\t<\/div>\n\t\t\t\t<div class=\"elementor-element elementor-element-1147b74 elementor-widget elementor-widget-text-editor\" data-id=\"1147b74\" data-element_type=\"widget\" data-e-type=\"widget\" data-widget_type=\"text-editor.default\">\n\t\t\t\t<div class=\"elementor-widget-container\">\n\t\t\t\t\t\t\t\t\t<p><strong>PED Directiva sobre presi\u00f3n<\/strong>\/2014\/68\/UE abarca una amplia gama de reglamentos, tambi\u00e9n para el sector de la soldadura, cuyo principal objetivo es aumentar la seguridad en el uso de dichos equipos e instalaciones mediante normas armonizadas para su fabricaci\u00f3n y distribuci\u00f3n. Tambi\u00e9n se aplica al personal que participa en la fabricaci\u00f3n de los equipos.\u00a0<strong>presi\u00f3n<\/strong>materiales utilizados, as\u00ed como los m\u00e9todos de producci\u00f3n empleados. Aplicaci\u00f3n\u00a0<strong>Directivas<\/strong>\u00a0es esencial en muchas empresas, por lo que en Welding Consulting ofrecemos apoyo para su cumplimiento.<\/p>\t\t\t\t\t\t\t\t<\/div>\n\t\t\t\t<\/div>\n\t\t\t\t<div class=\"elementor-element elementor-element-882a0ea elementor-widget elementor-widget-heading\" data-id=\"882a0ea\" data-element_type=\"widget\" data-e-type=\"widget\" data-widget_type=\"heading.default\">\n\t\t\t\t<div class=\"elementor-widget-container\">\n\t\t\t\t\t<h2 class=\"elementor-heading-title elementor-size-default\">Aplicaci\u00f3n de la PED en las empresas<\/h2>\t\t\t\t<\/div>\n\t\t\t\t<\/div>\n\t\t\t\t<div class=\"elementor-element elementor-element-de28369 elementor-widget elementor-widget-text-editor\" data-id=\"de28369\" data-element_type=\"widget\" data-e-type=\"widget\" data-widget_type=\"text-editor.default\">\n\t\t\t\t<div class=\"elementor-widget-container\">\n\t\t\t\t\t\t\t\t\t<p>Equipos correctamente construidos y en funcionamiento\u00a0<strong>presi\u00f3n<\/strong>\u00a0no s\u00f3lo garantizan el funcionamiento eficaz de diversos procesos industriales, sino tambi\u00e9n un nivel adecuado de seguridad. Por eso su certificaci\u00f3n conforme a\u00a0<strong>el PED<\/strong>\/2014\/68\/UE es tan importante. Las empresas de soldadura que participan en la fabricaci\u00f3n de equipos tambi\u00e9n est\u00e1n sujetas a ella\u00a0<strong>presi\u00f3n\u00a0<\/strong>- El cumplimiento de las normas de la UE afecta, entre otras cosas, a la cualificaci\u00f3n de los soldadores y a la tecnolog\u00eda utilizada. Gracias a ello, las calderas de vapor, tuber\u00edas, gasoductos o recipientes a presi\u00f3n certificados pueden comercializarse libremente en los mercados de la UE.<\/p>\t\t\t\t\t\t\t\t<\/div>\n\t\t\t\t<\/div>\n\t\t\t\t<div class=\"elementor-element elementor-element-01cc41d elementor-widget elementor-widget-heading\" data-id=\"01cc41d\" data-element_type=\"widget\" data-e-type=\"widget\" data-widget_type=\"heading.default\">\n\t\t\t\t<div class=\"elementor-widget-container\">\n\t\t\t\t\t<h2 class=\"elementor-heading-title elementor-size-default\">Asistencia de especialistas en soldadura<\/h2>\t\t\t\t<\/div>\n\t\t\t\t<\/div>\n\t\t\t\t<div class=\"elementor-element elementor-element-0102b08 elementor-widget elementor-widget-text-editor\" data-id=\"0102b08\" data-element_type=\"widget\" data-e-type=\"widget\" data-widget_type=\"text-editor.default\">\n\t\t\t\t<div class=\"elementor-widget-container\">\n\t\t\t\t\t\t\t\t\t<p>En Welding Consulting, nos ocupamos de la aplicaci\u00f3n profesional as\u00ed como del control de las normas resultantes de la\u00a0<strong>Directiva PED sobre presi\u00f3n<\/strong>\/2014\/68\/UE en empresas del \u00e1mbito de la soldadura. Nuestros servicios se adaptan siempre a las necesidades individuales del cliente, elaborando un plan integral para aplicar la normativa desarrollada por el Parlamento Europeo. Entre otras cosas, ofrecemos la verificaci\u00f3n de las cualificaciones de los soldadores y su certificaci\u00f3n, la redacci\u00f3n de instrucciones de soldadura, as\u00ed como el control de los m\u00e9todos utilizados. Gracias a nosotros, el funcionamiento de su empresa cumplir\u00e1 plenamente con\u00a0<strong>directiva de presi\u00f3n<\/strong>. Le animamos a que se ponga en contacto con nosotros.<\/p>\t\t\t\t\t\t\t\t<\/div>\n\t\t\t\t<\/div>\n\t\t\t\t<div class=\"elementor-element elementor-element-c7889a4 elementor-widget elementor-widget-heading\" data-id=\"c7889a4\" data-element_type=\"widget\" data-e-type=\"widget\" data-widget_type=\"heading.default\">\n\t\t\t\t<div class=\"elementor-widget-container\">\n\t\t\t\t\t<h2 class=\"elementor-heading-title elementor-size-default\">PED 2014\/68\/eu Directiva - normas y procedimientos espec\u00edficos para la protecci\u00f3n de las personas y la libre circulaci\u00f3n en el mercado de la Uni\u00f3n Europea.<\/h2>\t\t\t\t<\/div>\n\t\t\t\t<\/div>\n\t\t\t\t<div class=\"elementor-element elementor-element-2b32778 elementor-widget elementor-widget-text-editor\" data-id=\"2b32778\" data-element_type=\"widget\" data-e-type=\"widget\" data-widget_type=\"text-editor.default\">\n\t\t\t\t<div class=\"elementor-widget-container\">\n\t\t\t\t\t\t\t\t\t<p><strong>Directiva PED<\/strong>\u00a0emitidas por el Parlamento Europeo son requisitos que se aplican tanto a los equipos a presi\u00f3n como a los soldadores. Para asegurarse de que las actividades que se llevan a cabo en una empresa determinada se ajustan a las normas redactadas en ella, merece la pena recurrir a la ayuda profesional de especialistas. En Welding Consulting, ayudamos a nuestros clientes a aplicar\u00a0<strong>Directiva<\/strong>\u00a0presi\u00f3n\u00a0<strong>PED<\/strong>\u00a02014\/68\/eu, tenemos experiencia en auditor\u00edas y certificaci\u00f3n. Aprovechando nuestro apoyo, puede estar seguro de que su empresa cumplir\u00e1 los requisitos, normas y directivas internacionales en materia de seguridad y calidad. Le invitamos cordialmente a cooperar con nosotros, y si tiene alguna pregunta o inquietud, no dude en ponerse en contacto con nuestros representantes.<\/p>\t\t\t\t\t\t\t\t<\/div>\n\t\t\t\t<\/div>\n\t\t\t\t\t<\/div>\n\t\t<\/div>\n\t\t\t\t\t<\/div>\n\t\t<\/section>\n\t\t\t\t\t<\/div>\n\t\t<\/div>\n\t\t\t\t\t<\/div>\n\t\t<\/section>\n\t\t\t\t<\/div>","protected":false},"excerpt":{"rendered":"<p>Dyrektywa ci\u015bnieniowa ped\/2014\/68\/eu \u2013 normy dla spawalnictwa Podobnie jak inne bran\u017ce spawalnictwo podlega normom i\u00a0dyrektywom Parlamentu Europejskiego. Dyrektywa Ci\u015bnieniowa ped\/2014\/68\/eu wydana zosta\u0142a przez Parlament Europejski w\u00a0dniu 15 maja 2014 r. Dotyczy ona harmonizacji ustawodawstw pa\u0144stw cz\u0142onkowskich w\u00a0zakresie udost\u0119pniania na\u00a0rynku urz\u0105dze\u0144 ci\u015bnieniowych.\u00a0Doradztwo i\u00a0inspekcje spawalnicze\u00a0obejmuj\u0105 wdro\u017cenie i\u00a0kontrol\u0119 wdro\u017cenia zasad opisanych w\u00a0dyrektywie. Regulacje zawarte w\u00a0dyrektywie ci\u015bnieniowej PED\/2014\/68\/eu\u00a0maj\u0105 przede wszystkim za\u00a0zadanie zapobiec wprowadzaniu na\u00a0rynek rosn\u0105cej liczby urz\u0105dze\u0144 certyfikowanych w\u00a0spos\u00f3b nieuczciwy i\u00a0niew\u0142a\u015bciwy. Kiedy stosuje si\u0119 dyrektyw\u0119 ci\u015bnieniow\u0105 PED 2014\/68\/eu? Obowi\u0105zek wdro\u017cenia dyrektywy spoczywa na\u00a0wszystkich firmach produkcyjnych uczestnicz\u0105cych w\u00a0\u0142a\u0144cuchu dostaw. Dzi\u0119ki wprowadzeniu jednolitego standardu \u2013 znacznie podwy\u017csza\u00a0si\u0119 bezpiecze\u0144stwo ,o kt\u00f3re dbamy np. poprzez\u00a0wdro\u017cenie\u00a0instrukcji spawania. Dyrektyw\u0119 stosuje\u00a0si\u0119 w\u00a0przypadku u\u017cywania urz\u0105dze\u0144 ci\u015bnieniowych o\u00a0dopuszczalnym ci\u015bnieniu wy\u017cszym ni\u017c 0,5 bara, dlatego tak\u00a0wa\u017cne jest jej\u00a0poprawne wprowadzenie do\u00a0zak\u0142ad\u00f3w spawalniczych. Welding Consulting \u015bwiadczy us\u0142ugi certyfikacyjne dla spawalnictwa i\u00a0pomaga kompleksowo wdro\u017cy\u0107 dyrektyw\u0119 ci\u015bnieniow\u0105 PED 2014\/68\/eu, wraz ze wszelkimi wymaganiami zawartymi dotycz\u0105cymi spawalnictwa. Podobnie jak i\u00a0w\u00a0przypadku innych certyfikat\u00f3w dla spawalnictwa czy\u00a0procedur WPQR\/WPS rozpoczynamy od\u00a0wizyty w\u00a0zak\u0142adzie naszego Klienta, a\u00a0nast\u0119pnie opracowujemy plan wdro\u017cenia regulacji dyrektywy. Dyrektywa ci\u015bnieniowa dla spawalnictwa Dyrektywa ci\u015bnieniowa PED\/2014\/68\/EU obejmuje szereg r\u00f3\u017cnorodnych regulacji \u2014 dotycz\u0105cych mi\u0119dzy innymi bran\u017cy spawalnictwa \u2014 kt\u00f3re maj\u0105 za\u00a0zadanie przede wszystkim zwi\u0119kszy\u0107 bezpiecze\u0144stwo korzystania z\u00a0urz\u0105dze\u0144 i\u00a0instalacji tego rodzaju za\u00a0spraw\u0105 ujednoliconych zasad ich\u00a0produkcji oraz\u00a0dystrybucji. Dotyczy ona\u00a0r\u00f3wnie\u017c personelu zajmuj\u0105cego\u00a0si\u0119\u00a0wykonywaniem sprz\u0119tu\u00a0ci\u015bnieniowego, stosowanych materia\u0142\u00f3w, a\u00a0tak\u017ce wykorzystywanych metod produkcyjnych. Wdro\u017cenie\u00a0dyrektywy\u00a0jest niezb\u0119dne w\u00a0wielu przedsi\u0119biorstwach, dlatego w\u00a0Welding Consulting udzielamy wsparcia w\u00a0jej\u00a0przestrzeganiu. Wdra\u017canie dyrektywy PED w przedsi\u0119biorstwach Prawid\u0142owo wykonane oraz\u00a0funkcjonuj\u0105ce urz\u0105dzenia\u00a0ci\u015bnieniowe\u00a0nie\u00a0tylko\u00a0zapewniaj\u0105 efektywny przebieg r\u00f3\u017cnorodnych proces\u00f3w przemys\u0142owych, lecz\u00a0tak\u017ce odpowiedni poziom bezpiecze\u0144stwa. W\u0142a\u015bnie dlatego ich\u00a0certyfikacja zgodna z\u00a0dyrektyw\u0105 PED\/2014\/68\/EU ma\u00a0tak\u00a0du\u017ce znaczenie. Podlegaj\u0105 jej\u00a0r\u00f3wnie\u017c firmy z\u00a0bran\u017cy spawalnictwa zajmuj\u0105ce\u00a0si\u0119\u00a0produkcja urz\u0105dze\u0144\u00a0ci\u015bnieniowych\u00a0\u2014 przestrzeganie norm unijnych dotyczy mi\u0119dzy innymi uprawnie\u0144 spawaczy oraz\u00a0wykorzystywanych technologii. W\u00a0rezultacie mo\u017cliwy jest swobodny obr\u00f3t na\u00a0rynkach Unii Europejskiej certyfikowanymi kot\u0142ami parowymi, ruroci\u0105gami, gazoci\u0105gami czy\u00a0zbiornikami ci\u015bnieniowymi. Wsparcie specjalist\u00f3w w zakresie spawalnictwa W firmie Welding Consulting zajmujemy\u00a0si\u0119\u00a0profesjonalnym wdra\u017caniem, a\u00a0tak\u017ce kontrolowaniem zasad wynikaj\u0105cych z\u00a0dyrektywy ci\u015bnieniowej PED\/2014\/68\/EU w\u00a0przedsi\u0119biorstwach w\u00a0obr\u0119bie spawalnictwa. Nasze us\u0142ugi zawsze dostosowujemy do\u00a0indywidualnych potrzeb Klienta, przygotowuj\u0105c kompleksowy plan pozwalaj\u0105cy na\u00a0realizowanie regulacji opracowanych przez Parlament Europejski. Oferujemy mi\u0119dzy innymi sprawdzanie uprawnie\u0144 spawaczy, a\u00a0tak\u017ce ich\u00a0certyfikacj\u0119, sporz\u0105dzanie instrukcji dotycz\u0105cych spawania, jak\u00a0r\u00f3wnie\u017c kontrol\u0119 wykorzystywanych metod. Dzi\u0119ki nam\u00a0funkcjonowanie Pa\u0144stwa firmy b\u0119dzie ca\u0142kowicie zgodne z\u00a0dyrektyw\u0105 ci\u015bnieniow\u0105. Zach\u0119camy do\u00a0kontaktu. Dyrektywa PED 2014\/68\/eu \u2014 okre\u015blone normy i procedury, s\u0142u\u017c\u0105ce ochronie ludzi oraz swobodnemu obrotowi w obr\u0119bie rynku Unii Europejskiej Dyrektywa PED\u00a0wydana przez Parlament Europejski to\u00a0wymagania, kt\u00f3re dotycz\u0105 zar\u00f3wno urz\u0105dze\u0144 ci\u015bnieniowych, jak\u00a0i\u00a0pracownik\u00f3w wykonuj\u0105cych prace spawalnicze. Aby\u00a0mie\u0107 pewno\u015b\u0107, \u017ce\u00a0dzia\u0142ania wykonywane w\u00a0danym przedsi\u0119biorstwie s\u0105\u00a0zgodnie z\u00a0zapisanymi w\u00a0niej normami, warto skorzysta\u0107 z\u00a0profesjonalnej pomocy specjalist\u00f3w. W\u00a0Welding Consulting naszym Klientom pomagamy wdro\u017cy\u0107\u00a0dyrektyw\u0119\u00a0ci\u015bnieniow\u0105\u00a0PED\u00a02014\/68\/eu, mamy do\u015bwiadczenie w\u00a0zakresie audyt\u00f3w i\u00a0certyfikacji. Korzystaj\u0105c z\u00a0naszego wsparcia, mo\u017cesz by\u0107\u00a0pewny, \u017ce\u00a0Twoja firma spe\u0142ni mi\u0119dzynarodowe wymagania, normy oraz\u00a0dyrektywy w\u00a0zakresie bezpiecze\u0144stwa i\u00a0jako\u015bci. Serdecznie zach\u0119camy do\u00a0wsp\u00f3\u0142pracy, a\u00a0w\u00a0przypadku pyta\u0144 lub\u00a0jakichkolwiek w\u0105tpliwo\u015bci zach\u0119camy do\u00a0kontaktu z\u00a0naszymi przedstawicielami.<\/p>","protected":false},"author":1,"featured_media":0,"parent":0,"menu_order":0,"comment_status":"closed","ping_status":"closed","template":"elementor_header_footer","meta":{"site-sidebar-layout":"default","site-content-layout":"","ast-site-content-layout":"default","site-content-style":"default","site-sidebar-style":"default","ast-global-header-display":"","ast-banner-title-visibility":"","ast-main-header-display":"","ast-hfb-above-header-display":"","ast-hfb-below-header-display":"","ast-hfb-mobile-header-display":"","site-post-title":"","ast-breadcrumbs-content":"","ast-featured-img":"","footer-sml-layout":"","ast-disable-related-posts":"","theme-transparent-header-meta":"default","adv-header-id-meta":"","stick-header-meta":"","header-above-stick-meta":"","header-main-stick-meta":"","header-below-stick-meta":"","astra-migrate-meta-layouts":"set","ast-page-background-enabled":"default","ast-page-background-meta":{"desktop":{"background-color":"var(--ast-global-color-4)","background-image":"","background-repeat":"repeat","background-position":"center center","background-size":"auto","background-attachment":"scroll","background-type":"","background-media":"","overlay-type":"","overlay-color":"","overlay-opacity":"","overlay-gradient":""},"tablet":{"background-color":"","background-image":"","background-repeat":"repeat","background-position":"center center","background-size":"auto","background-attachment":"scroll","background-type":"","background-media":"","overlay-type":"","overlay-color":"","overlay-opacity":"","overlay-gradient":""},"mobile":{"background-color":"","background-image":"","background-repeat":"repeat","background-position":"center center","background-size":"auto","background-attachment":"scroll","background-type":"","background-media":"","overlay-type":"","overlay-color":"","overlay-opacity":"","overlay-gradient":""}},"ast-content-background-meta":{"desktop":{"background-color":"var(--ast-global-color-5)","background-image":"","background-repeat":"repeat","background-position":"center center","background-size":"auto","background-attachment":"scroll","background-type":"","background-media":"","overlay-type":"","overlay-color":"","overlay-opacity":"","overlay-gradient":""},"tablet":{"background-color":"var(--ast-global-color-5)","background-image":"","background-repeat":"repeat","background-position":"center center","background-size":"auto","background-attachment":"scroll","background-type":"","background-media":"","overlay-type":"","overlay-color":"","overlay-opacity":"","overlay-gradient":""},"mobile":{"background-color":"var(--ast-global-color-5)","background-image":"","background-repeat":"repeat","background-position":"center center","background-size":"auto","background-attachment":"scroll","background-type":"","background-media":"","overlay-type":"","overlay-color":"","overlay-opacity":"","overlay-gradient":""}},"footnotes":""},"class_list":["post-1121","page","type-page","status-publish","hentry"],"rttpg_featured_image_url":null,"rttpg_author":{"display_name":"admin-JYZ7TiXE","author_link":"https:\/\/weldingconsulting.pl\/es\/author\/admin-jyz7tixe\/"},"rttpg_comment":0,"rttpg_category":null,"rttpg_excerpt":"Dyrektywa ci\u015bnieniowa ped\/2014\/68\/eu \u2013 normy dla spawalnictwa Podobnie jak inne bran\u017ce spawalnictwo podlega normom i\u00a0dyrektywom Parlamentu Europejskiego. Dyrektywa Ci\u015bnieniowa ped\/2014\/68\/eu wydana zosta\u0142a przez Parlament Europejski w\u00a0dniu 15 maja 2014 r. Dotyczy ona harmonizacji ustawodawstw pa\u0144stw cz\u0142onkowskich w\u00a0zakresie udost\u0119pniania na\u00a0rynku urz\u0105dze\u0144 ci\u015bnieniowych.\u00a0Doradztwo i\u00a0inspekcje spawalnicze\u00a0obejmuj\u0105 wdro\u017cenie i\u00a0kontrol\u0119 wdro\u017cenia zasad opisanych w\u00a0dyrektywie. Regulacje zawarte w\u00a0dyrektywie ci\u015bnieniowej PED\/2014\/68\/eu\u00a0maj\u0105 przede&hellip;","_links":{"self":[{"href":"https:\/\/weldingconsulting.pl\/es\/wp-json\/wp\/v2\/pages\/1121","targetHints":{"allow":["GET"]}}],"collection":[{"href":"https:\/\/weldingconsulting.pl\/es\/wp-json\/wp\/v2\/pages"}],"about":[{"href":"https:\/\/weldingconsulting.pl\/es\/wp-json\/wp\/v2\/types\/page"}],"author":[{"embeddable":true,"href":"https:\/\/weldingconsulting.pl\/es\/wp-json\/wp\/v2\/users\/1"}],"replies":[{"embeddable":true,"href":"https:\/\/weldingconsulting.pl\/es\/wp-json\/wp\/v2\/comments?post=1121"}],"version-history":[{"count":9,"href":"https:\/\/weldingconsulting.pl\/es\/wp-json\/wp\/v2\/pages\/1121\/revisions"}],"predecessor-version":[{"id":2457,"href":"https:\/\/weldingconsulting.pl\/es\/wp-json\/wp\/v2\/pages\/1121\/revisions\/2457"}],"wp:attachment":[{"href":"https:\/\/weldingconsulting.pl\/es\/wp-json\/wp\/v2\/media?parent=1121"}],"curies":[{"name":"wp","href":"https:\/\/api.w.org\/{rel}","templated":true}]}}