{"id":1117,"date":"2023-09-21T00:13:44","date_gmt":"2023-09-20T22:13:44","guid":{"rendered":"https:\/\/weldingconsulting.pl\/?page_id=1117"},"modified":"2024-08-28T15:12:41","modified_gmt":"2024-08-28T13:12:41","slug":"procedimientos-wpqr-y-wps-para-soldadura","status":"publish","type":"page","link":"https:\/\/weldingconsulting.pl\/es\/procedimientos-wpqr-y-wps-para-soldadura\/","title":{"rendered":"Procedimientos WPQR y WPS para soldadura"},"content":{"rendered":"<div data-elementor-type=\"wp-page\" data-elementor-id=\"1117\" class=\"elementor elementor-1117\" data-elementor-post-type=\"page\">\n\t\t\t\t\t\t<section class=\"elementor-section elementor-top-section elementor-element elementor-element-59f7bdb elementor-section-boxed elementor-section-height-default elementor-section-height-default wpr-particle-no wpr-jarallax-no wpr-parallax-no wpr-sticky-section-no wpr-column-slider-no wpr-equal-height-no\" data-id=\"59f7bdb\" data-element_type=\"section\" data-e-type=\"section\">\n\t\t\t\t\t\t<div class=\"elementor-container elementor-column-gap-default\">\n\t\t\t\t\t<div class=\"elementor-column elementor-col-100 elementor-top-column elementor-element elementor-element-69db6c0\" data-id=\"69db6c0\" data-element_type=\"column\" data-e-type=\"column\">\n\t\t\t<div class=\"elementor-widget-wrap elementor-element-populated\">\n\t\t\t\t\t\t<section class=\"elementor-section elementor-inner-section elementor-element elementor-element-dd6a21d elementor-section-boxed elementor-section-height-default elementor-section-height-default wpr-particle-no wpr-jarallax-no wpr-parallax-no wpr-sticky-section-no wpr-column-slider-no wpr-equal-height-no\" data-id=\"dd6a21d\" data-element_type=\"section\" data-e-type=\"section\">\n\t\t\t\t\t\t<div class=\"elementor-container elementor-column-gap-default\">\n\t\t\t\t\t<div class=\"elementor-column elementor-col-100 elementor-inner-column elementor-element elementor-element-433a8fe\" data-id=\"433a8fe\" data-element_type=\"column\" data-e-type=\"column\">\n\t\t\t<div class=\"elementor-widget-wrap elementor-element-populated\">\n\t\t\t\t\t\t<div class=\"elementor-element elementor-element-5d82c38 elementor-widget elementor-widget-heading\" data-id=\"5d82c38\" data-element_type=\"widget\" data-e-type=\"widget\" data-widget_type=\"heading.default\">\n\t\t\t\t<div class=\"elementor-widget-container\">\n\t\t\t\t\t<h2 class=\"elementor-heading-title elementor-size-default\">Procedimientos WPQR y WPS para soldadura<\/h2>\t\t\t\t<\/div>\n\t\t\t\t<\/div>\n\t\t\t\t\t<\/div>\n\t\t<\/div>\n\t\t\t\t\t<\/div>\n\t\t<\/section>\n\t\t\t\t<section class=\"elementor-section elementor-inner-section elementor-element elementor-element-6d0c4d2 elementor-section-boxed elementor-section-height-default elementor-section-height-default wpr-particle-no wpr-jarallax-no wpr-parallax-no wpr-sticky-section-no wpr-column-slider-no wpr-equal-height-no\" data-id=\"6d0c4d2\" data-element_type=\"section\" data-e-type=\"section\">\n\t\t\t\t\t\t<div class=\"elementor-container elementor-column-gap-default\">\n\t\t\t\t\t<div class=\"elementor-column elementor-col-50 elementor-inner-column elementor-element elementor-element-f062207\" data-id=\"f062207\" data-element_type=\"column\" data-e-type=\"column\">\n\t\t\t<div class=\"elementor-widget-wrap elementor-element-populated\">\n\t\t\t\t\t\t<div class=\"elementor-element elementor-element-ae4ca86 elementor-widget elementor-widget-text-editor\" data-id=\"ae4ca86\" data-element_type=\"widget\" data-e-type=\"widget\" data-widget_type=\"text-editor.default\">\n\t\t\t\t<div class=\"elementor-widget-container\">\n\t\t\t\t\t\t\t\t\t<p>El desarrollo del procedimiento de cualificaci\u00f3n de la tecnolog\u00eda de soldadura y la posterior preparaci\u00f3n y aplicaci\u00f3n del manual tecnol\u00f3gico es un proceso que consta de varias fases. La rapidez del trabajo y la fiabilidad del resultado final depender\u00e1n de los conocimientos y la experiencia del consultor de soldadura. Aplicaci\u00f3n de los procedimientos\u00a0<strong>WPQR<\/strong>\u00a0i\u00a0<strong>WPS<\/strong>\u00a0para\u00a0<strong>soldadura<\/strong>\u00a0se llevan a cabo de conformidad con las normas generalmente aceptadas EN ISO 15614-1, EN 1090, EN 13445, EN 13480,\u00a0<strong>NORSOK M-101<\/strong>,\u00a0<strong>NORSOK M-601<\/strong>AWS D1.1, ASME IX y la Directiva sobre presi\u00f3n PED 2014\/68\/UE.<\/p><h2>Producci\u00f3n y procedimientos de soldadura<\/h2><p>Antes de aplicar los procedimientos, nos familiarizamos en detalle con el estado de la producci\u00f3n de soldadura en la empresa del cliente y asesoramos sobre las soluciones tecnol\u00f3gicas iniciales. Al principio, es necesario evaluar qu\u00e9 tecnolog\u00edas ser\u00e1n necesarias para cumplir los requisitos del proceso en t\u00e9rminos de espesor y la gama de calidades del material base. Proceso completo de cualificaci\u00f3n tecnol\u00f3gica\u00a0<strong>Soldadura\u00a0<\/strong>(<strong>WPQR<\/strong>) se lleva a cabo en colaboraci\u00f3n con el cliente y un laboratorio de ensayos profesional, que realiza pruebas destructivas y no destructivas. Los resultados de estas pruebas son valiosas indicaciones para la creaci\u00f3n de un manual tecnol\u00f3gico\u00a0<strong>soldadura\u00a0<\/strong>-\u00a0<strong>WPS<\/strong>.<\/p>\t\t\t\t\t\t\t\t<\/div>\n\t\t\t\t<\/div>\n\t\t\t\t\t<\/div>\n\t\t<\/div>\n\t\t\t\t<div class=\"elementor-column elementor-col-50 elementor-inner-column elementor-element elementor-element-bbed28b\" data-id=\"bbed28b\" data-element_type=\"column\" data-e-type=\"column\">\n\t\t\t<div class=\"elementor-widget-wrap elementor-element-populated\">\n\t\t\t\t\t\t<div class=\"elementor-element elementor-element-c7a8337 elementor-widget elementor-widget-image\" data-id=\"c7a8337\" data-element_type=\"widget\" data-e-type=\"widget\" data-widget_type=\"image.default\">\n\t\t\t\t<div class=\"elementor-widget-container\">\n\t\t\t\t\t\t\t\t\t\t\t\t\t\t\t<img fetchpriority=\"high\" decoding=\"async\" width=\"724\" height=\"483\" src=\"https:\/\/weldingconsulting.pl\/wp-content\/uploads\/2023\/09\/Procedury-WPQR-WPS.webp\" class=\"attachment-large size-large wp-image-1578\" alt=\"\" srcset=\"https:\/\/weldingconsulting.pl\/wp-content\/uploads\/2023\/09\/Procedury-WPQR-WPS.webp 724w, https:\/\/weldingconsulting.pl\/wp-content\/uploads\/2023\/09\/Procedury-WPQR-WPS-300x200.webp 300w\" sizes=\"(max-width: 724px) 100vw, 724px\" title=\"\">\t\t\t\t\t\t\t\t\t\t\t\t\t\t\t<\/div>\n\t\t\t\t<\/div>\n\t\t\t\t<div class=\"elementor-element elementor-element-85e541f elementor-widget elementor-widget-text-editor\" data-id=\"85e541f\" data-element_type=\"widget\" data-e-type=\"widget\" data-widget_type=\"text-editor.default\">\n\t\t\t\t<div class=\"elementor-widget-container\">\n\t\t\t\t\t\t\t\t\t<p><strong>Independientemente del pa\u00eds en el que necesite cualificarse, gracias a la moderna tecnolog\u00eda llevaremos a cabo el asesoramiento en l\u00ednea y completaremos con \u00e9xito todo el proceso de cualificaci\u00f3n tecnol\u00f3gica WPQR.  Para obtener m\u00e1s informaci\u00f3n o iniciar el proceso, p\u00f3ngase en contacto con nosotros en\u00a0<a href=\"tel:+48 508 052 072\">+48 508 052 072<\/a><\/strong><\/p>\t\t\t\t\t\t\t\t<\/div>\n\t\t\t\t<\/div>\n\t\t\t\t\t<\/div>\n\t\t<\/div>\n\t\t\t\t\t<\/div>\n\t\t<\/section>\n\t\t\t\t<section class=\"elementor-section elementor-inner-section elementor-element elementor-element-40b2e19 elementor-section-boxed elementor-section-height-default elementor-section-height-default wpr-particle-no wpr-jarallax-no wpr-parallax-no wpr-sticky-section-no wpr-column-slider-no wpr-equal-height-no\" data-id=\"40b2e19\" data-element_type=\"section\" data-e-type=\"section\">\n\t\t\t\t\t\t<div class=\"elementor-container elementor-column-gap-default\">\n\t\t\t\t\t<div class=\"elementor-column elementor-col-100 elementor-inner-column elementor-element elementor-element-2e83a04\" data-id=\"2e83a04\" data-element_type=\"column\" data-e-type=\"column\">\n\t\t\t<div class=\"elementor-widget-wrap elementor-element-populated\">\n\t\t\t\t\t\t<div class=\"elementor-element elementor-element-5950026 elementor-widget elementor-widget-text-editor\" data-id=\"5950026\" data-element_type=\"widget\" data-e-type=\"widget\" data-widget_type=\"text-editor.default\">\n\t\t\t\t<div class=\"elementor-widget-container\">\n\t\t\t\t\t\t\t\t\t<h2>Pasos de cualificaci\u00f3n para la tecnolog\u00eda de soldadura WPQR<\/h2><p>El proceso desde la reuni\u00f3n con el cliente y la fase de consultor\u00eda de soldadura hasta la elaboraci\u00f3n del manual de tecnolog\u00eda de soldadura es el siguiente:<\/p><ul><li>An\u00e1lisis del dise\u00f1o: definici\u00f3n precisa del proceso, grado del material base, rangos de grosor y di\u00e1metro y tipo de juntas.<\/li><li>Preparaci\u00f3n del manual preliminar del proceso de soldadura - pWPS.<\/li><li>Prueba de soldadura interna de la junta objetivo.<\/li><li>Soldadura de chapas o tubos con un cuerpo notificado.<\/li><li>Resultados positivos en las pruebas no destructivas, proceder a las pruebas destructivas.<\/li><li>Emisi\u00f3n de un protocolo de cualificaci\u00f3n de la tecnolog\u00eda de soldadura WPQR por un organismo notificado.<\/li><li>Desarrollo de instrucciones de proceso\u00a0<strong>soldadura\u00a0<\/strong>-\u00a0<strong>WPS<\/strong>.<\/li><\/ul>\t\t\t\t\t\t\t\t<\/div>\n\t\t\t\t<\/div>\n\t\t\t\t\t<\/div>\n\t\t<\/div>\n\t\t\t\t\t<\/div>\n\t\t<\/section>\n\t\t\t\t<section class=\"elementor-section elementor-inner-section elementor-element elementor-element-4f33979 elementor-section-boxed elementor-section-height-default elementor-section-height-default wpr-particle-no wpr-jarallax-no wpr-parallax-no wpr-sticky-section-no wpr-column-slider-no wpr-equal-height-no\" data-id=\"4f33979\" data-element_type=\"section\" data-e-type=\"section\">\n\t\t\t\t\t\t<div class=\"elementor-container elementor-column-gap-default\">\n\t\t\t\t\t<div class=\"elementor-column elementor-col-100 elementor-inner-column elementor-element elementor-element-d69fa33\" data-id=\"d69fa33\" data-element_type=\"column\" data-e-type=\"column\">\n\t\t\t<div class=\"elementor-widget-wrap elementor-element-populated\">\n\t\t\t\t\t\t<div class=\"elementor-element elementor-element-c22b00b elementor-widget elementor-widget-text-editor\" data-id=\"c22b00b\" data-element_type=\"widget\" data-e-type=\"widget\" data-widget_type=\"text-editor.default\">\n\t\t\t\t<div class=\"elementor-widget-container\">\n\t\t\t\t\t\t\t\t\t<h2>Soldadura: desarrollo r\u00e1pido y completo de WPQR y WPS<\/h2><p>Si busca una empresa de confianza que apoye a las empresas en la implantaci\u00f3n y el mantenimiento de los altos est\u00e1ndares de los servicios ofrecidos en t\u00e9rminos de\u00a0<strong>soldadura\u00a0<\/strong>- \u00a1Le invitamos a trabajar con Welding Consulting! Ofrecemos servicios de consultor\u00eda en ingenier\u00eda, creaci\u00f3n de procedimientos de soldadura, inspecciones, peritajes y mucho m\u00e1s. Servicios de consultor\u00eda y certificaci\u00f3n para empresas relacionadas con\u00a0<strong>soldadura<\/strong>\u00a0Prestamos servicios en toda Polonia. No dude en ponerse en contacto con nosotros para conocer los detalles de nuestra oferta.<\/p>\t\t\t\t\t\t\t\t<\/div>\n\t\t\t\t<\/div>\n\t\t\t\t<div class=\"elementor-element elementor-element-b7d1e17 elementor-widget elementor-widget-text-editor\" data-id=\"b7d1e17\" data-element_type=\"widget\" data-e-type=\"widget\" data-widget_type=\"text-editor.default\">\n\t\t\t\t<div class=\"elementor-widget-container\">\n\t\t\t\t\t\t\t\t\t<h2>Desarrollo de un procedimiento de cualificaci\u00f3n para la tecnolog\u00eda de soldadura - Soldadura WPS al m\u00e1s alto nivel<\/h2><p><strong>WPS<\/strong>\u00a0es la fuente b\u00e1sica de informaci\u00f3n para el personal de soldadura que realiza todos los trabajos de soldadura en una estructura o producto espec\u00edfico, creada sobre la base del WPQR. Se supone que la documentaci\u00f3n debe contener, como m\u00ednimo, las directrices tecnol\u00f3gicas, es decir, por ejemplo, la designaci\u00f3n num\u00e9rica del proceso de soldadura, el m\u00e9todo de preparaci\u00f3n de la superficie, un dibujo esquem\u00e1tico de la uni\u00f3n que se va a soldar, los par\u00e1metros durante el\u00a0<strong>soldadura<\/strong>\u00a0y posici\u00f3n, ya sea informaci\u00f3n sobre el material de aportaci\u00f3n, datos de identificaci\u00f3n, informaci\u00f3n sobre el material a soldar y otros requisitos espec\u00edficos relacionados con el m\u00e9todo de\u00a0<strong>soldadura<\/strong>. \u00bfDesea obtener m\u00e1s informaci\u00f3n sobre normas e instrucciones de proceso?\u00a0<strong>soldadura<\/strong>? Esperamos su respuesta.<\/p>\t\t\t\t\t\t\t\t<\/div>\n\t\t\t\t<\/div>\n\t\t\t\t\t<\/div>\n\t\t<\/div>\n\t\t\t\t\t<\/div>\n\t\t<\/section>\n\t\t\t\t\t<\/div>\n\t\t<\/div>\n\t\t\t\t\t<\/div>\n\t\t<\/section>\n\t\t\t\t<\/div>","protected":false},"excerpt":{"rendered":"<p>Procedimientos WPQR y WPS para soldadura El desarrollo del procedimiento de calificaci\u00f3n de la tecnolog\u00eda de soldadura y la posterior elaboraci\u00f3n e implementaci\u00f3n del manual tecnol\u00f3gico es un proceso de varias etapas. El ritmo de trabajo y la fiabilidad del efecto final depender\u00e1n del conocimiento y experiencia del asesor de soldadura. Implementamos procedimientos WPQR y WPS para soldadura de acuerdo con las normas generalmente aceptadas EN ISO 15614-1, EN 1090, EN 13445, EN 13480, NORSOK M-101, NORSOK M-601, AWS D1.1, ASME IX y el PED 2014. directiva de presi\u00f3n \/68\/UE. Producci\u00f3n y procedimientos de soldadura Antes de implementar procedimientos, revisamos detalladamente el estado de la producci\u00f3n de soldadura en la empresa del cliente y asesoramos sobre soluciones tecnol\u00f3gicas iniciales. En primer lugar, es necesario evaluar qu\u00e9 tecnolog\u00edas ser\u00e1n necesarias para cumplir con los requisitos del proceso en t\u00e9rminos de espesor y rango de grado de material base calificado. La implementaci\u00f3n completa del procedimiento de Calificaci\u00f3n de Tecnolog\u00eda de Soldadura (WPQR) se lleva a cabo en cooperaci\u00f3n con el cliente y un laboratorio de investigaci\u00f3n profesional que realiza pruebas destructivas y no destructivas. Los resultados de estas pruebas son indicaciones valiosas para la creaci\u00f3n de instrucciones tecnol\u00f3gicas de soldadura - WPS. Independientemente del pa\u00eds en el que se deba realizar la calificaci\u00f3n, gracias a las tecnolog\u00edas modernas, brindaremos consultor\u00eda en l\u00ednea y completaremos con \u00e9xito el proceso completo de calificaci\u00f3n de la tecnolog\u00eda WPQR. Para obtener m\u00e1s informaci\u00f3n o iniciar el proceso, por favor cont\u00e1ctenos al +48 508 052 072 Etapas de calificaci\u00f3n de tecnolog\u00eda de soldadura WPQR El proceso desde la reuni\u00f3n con el cliente y la fase de consultor\u00eda de soldadura hasta el desarrollo de la instrucci\u00f3n tecnol\u00f3gica de soldadura es el siguiente: An\u00e1lisis del proyecto - determinaci\u00f3n precisa del proceso, tipo de material b\u00e1sico, rangos de espesor y di\u00e1metro y tipo de juntas. Elaboraci\u00f3n de instrucciones tecnol\u00f3gicas preliminares de soldadura - pWPS. Prueba de soldadura interna de la junta objetivo. Soldadura de placas o tuber\u00edas con la participaci\u00f3n de un organismo notificado. Resultados positivos de las pruebas no destructivas, transici\u00f3n a pruebas destructivas. Emisi\u00f3n del protocolo de calificaci\u00f3n de tecnolog\u00eda de soldadura WPQR por parte de un organismo notificado. Elaboraci\u00f3n de instrucciones tecnol\u00f3gicas de soldadura - WPS. Soldadura: desarrollo r\u00e1pido y completo de WPQR y WPS Si est\u00e1 buscando una empresa confiable que apoye a las empresas en la implementaci\u00f3n y mantenimiento de altos est\u00e1ndares de los servicios de soldadura ofrecidos, \u00a1le animamos a cooperar con Welding Consulting! Brindamos consultor\u00eda de ingenier\u00eda, creaci\u00f3n de procedimientos de soldadura, inspecciones, opiniones de expertos y mucho m\u00e1s. Brindamos servicios de consultor\u00eda y certificaci\u00f3n para empresas de soldadura en toda Polonia. Para conocer m\u00e1s sobre los detalles de la oferta, por favor cont\u00e1ctenos. Desarrollo de un procedimiento de calificaci\u00f3n de tecnolog\u00eda de soldadura: soldadura WPS al m\u00e1s alto nivel WPS es la fuente b\u00e1sica de informaci\u00f3n para el personal de soldadura que realiza todos los trabajos de soldadura en la producci\u00f3n de una estructura o producto espec\u00edfico, creada sobre la base de WPQR. Se supone que la documentaci\u00f3n debe contener al menos directrices tecnol\u00f3gicas, es decir, por ejemplo, marcado digital del proceso de soldadura, m\u00e9todo de preparaci\u00f3n de la superficie, dibujo esquem\u00e1tico de la uni\u00f3n soldada, par\u00e1metros y posici\u00f3n de la soldadura, informaci\u00f3n sobre el aglutinante, datos de identificaci\u00f3n, informaci\u00f3n sobre el material soldado, as\u00ed como otros requisitos detallados relacionados con el m\u00e9todo de soldadura. \u00bfQuieres conocer m\u00e1s sobre est\u00e1ndares de soldadura e instrucciones tecnol\u00f3gicas? \u00a1No dude en contactarnos!<\/p>","protected":false},"author":1,"featured_media":0,"parent":0,"menu_order":0,"comment_status":"closed","ping_status":"closed","template":"elementor_header_footer","meta":{"site-sidebar-layout":"default","site-content-layout":"","ast-site-content-layout":"default","site-content-style":"default","site-sidebar-style":"default","ast-global-header-display":"","ast-banner-title-visibility":"","ast-main-header-display":"","ast-hfb-above-header-display":"","ast-hfb-below-header-display":"","ast-hfb-mobile-header-display":"","site-post-title":"","ast-breadcrumbs-content":"","ast-featured-img":"","footer-sml-layout":"","ast-disable-related-posts":"","theme-transparent-header-meta":"default","adv-header-id-meta":"","stick-header-meta":"","header-above-stick-meta":"","header-main-stick-meta":"","header-below-stick-meta":"","astra-migrate-meta-layouts":"set","ast-page-background-enabled":"default","ast-page-background-meta":{"desktop":{"background-color":"var(--ast-global-color-4)","background-image":"","background-repeat":"repeat","background-position":"center center","background-size":"auto","background-attachment":"scroll","background-type":"","background-media":"","overlay-type":"","overlay-color":"","overlay-opacity":"","overlay-gradient":""},"tablet":{"background-color":"","background-image":"","background-repeat":"repeat","background-position":"center center","background-size":"auto","background-attachment":"scroll","background-type":"","background-media":"","overlay-type":"","overlay-color":"","overlay-opacity":"","overlay-gradient":""},"mobile":{"background-color":"","background-image":"","background-repeat":"repeat","background-position":"center center","background-size":"auto","background-attachment":"scroll","background-type":"","background-media":"","overlay-type":"","overlay-color":"","overlay-opacity":"","overlay-gradient":""}},"ast-content-background-meta":{"desktop":{"background-color":"var(--ast-global-color-5)","background-image":"","background-repeat":"repeat","background-position":"center center","background-size":"auto","background-attachment":"scroll","background-type":"","background-media":"","overlay-type":"","overlay-color":"","overlay-opacity":"","overlay-gradient":""},"tablet":{"background-color":"var(--ast-global-color-5)","background-image":"","background-repeat":"repeat","background-position":"center center","background-size":"auto","background-attachment":"scroll","background-type":"","background-media":"","overlay-type":"","overlay-color":"","overlay-opacity":"","overlay-gradient":""},"mobile":{"background-color":"var(--ast-global-color-5)","background-image":"","background-repeat":"repeat","background-position":"center center","background-size":"auto","background-attachment":"scroll","background-type":"","background-media":"","overlay-type":"","overlay-color":"","overlay-opacity":"","overlay-gradient":""}},"footnotes":""},"class_list":["post-1117","page","type-page","status-publish","hentry"],"rttpg_featured_image_url":null,"rttpg_author":{"display_name":"admin-JYZ7TiXE","author_link":"https:\/\/weldingconsulting.pl\/es\/author\/admin-jyz7tixe\/"},"rttpg_comment":0,"rttpg_category":null,"rttpg_excerpt":"Procedury WPQR i WPS dla spawalnictwa Opracowanie procedury kwalifikowania technologii spawania oraz\u00a0p\u00f3\u017aniejsze przygotowanie i\u00a0wdro\u017cenie instrukcji technologicznej to\u00a0proces wieloetapowy. Od\u00a0wiedzy i\u00a0do\u015bwiadczenia doradcy spawalniczego b\u0119dzie zale\u017ce\u0107 tempo prac i\u00a0rzetelno\u015b\u0107 finalnego efektu. Wdro\u017cenie procedur\u00a0WPQR\u00a0i\u00a0WPS\u00a0dla\u00a0spawalnictwa\u00a0przeprowadzamy, wed\u0142ug og\u00f3lnie przyj\u0119tnych norm EN\u00a0ISO\u00a015614-1, EN\u00a01090, EN\u00a013445, EN\u00a013480,\u00a0NORSOK M-101,\u00a0NORSOK M-601, AWS\u00a0D1.1, ASME IX\u00a0oraz\u00a0dyrektywy ci\u015bnieniowej PED\u00a02014\/68\/EU. Produkcja spawalnicza a\u00a0procedury Przed wdro\u017ceniem procedur zapoznajemy\u00a0si\u0119\u00a0szczeg\u00f3\u0142owo ze\u00a0stanem produkcji&hellip;","_links":{"self":[{"href":"https:\/\/weldingconsulting.pl\/es\/wp-json\/wp\/v2\/pages\/1117","targetHints":{"allow":["GET"]}}],"collection":[{"href":"https:\/\/weldingconsulting.pl\/es\/wp-json\/wp\/v2\/pages"}],"about":[{"href":"https:\/\/weldingconsulting.pl\/es\/wp-json\/wp\/v2\/types\/page"}],"author":[{"embeddable":true,"href":"https:\/\/weldingconsulting.pl\/es\/wp-json\/wp\/v2\/users\/1"}],"replies":[{"embeddable":true,"href":"https:\/\/weldingconsulting.pl\/es\/wp-json\/wp\/v2\/comments?post=1117"}],"version-history":[{"count":36,"href":"https:\/\/weldingconsulting.pl\/es\/wp-json\/wp\/v2\/pages\/1117\/revisions"}],"predecessor-version":[{"id":3181,"href":"https:\/\/weldingconsulting.pl\/es\/wp-json\/wp\/v2\/pages\/1117\/revisions\/3181"}],"wp:attachment":[{"href":"https:\/\/weldingconsulting.pl\/es\/wp-json\/wp\/v2\/media?parent=1117"}],"curies":[{"name":"wp","href":"https:\/\/api.w.org\/{rel}","templated":true}]}}