{"id":1100,"date":"2023-09-20T22:39:10","date_gmt":"2023-09-20T20:39:10","guid":{"rendered":"https:\/\/weldingconsulting.pl\/?page_id=1100"},"modified":"2023-12-27T19:50:28","modified_gmt":"2023-12-27T18:50:28","slug":"determinacion-de-los-requisitos-de-soldadura","status":"publish","type":"page","link":"https:\/\/weldingconsulting.pl\/es\/determinacion-de-los-requisitos-de-soldadura\/","title":{"rendered":"Determinaci\u00f3n de los requisitos de soldadura"},"content":{"rendered":"<div data-elementor-type=\"wp-page\" data-elementor-id=\"1100\" class=\"elementor elementor-1100\" data-elementor-post-type=\"page\">\n\t\t\t\t\t\t<section class=\"elementor-section elementor-top-section elementor-element elementor-element-3907065 elementor-section-boxed elementor-section-height-default elementor-section-height-default wpr-particle-no wpr-jarallax-no wpr-parallax-no wpr-sticky-section-no wpr-equal-height-no\" data-id=\"3907065\" data-element_type=\"section\" data-e-type=\"section\">\n\t\t\t\t\t\t<div class=\"elementor-container elementor-column-gap-default\">\n\t\t\t\t\t<div class=\"elementor-column elementor-col-100 elementor-top-column elementor-element elementor-element-b1286ba\" data-id=\"b1286ba\" data-element_type=\"column\" data-e-type=\"column\">\n\t\t\t<div class=\"elementor-widget-wrap elementor-element-populated\">\n\t\t\t\t\t\t<div class=\"elementor-element elementor-element-1bd5439 elementor-widget elementor-widget-heading\" data-id=\"1bd5439\" data-element_type=\"widget\" data-e-type=\"widget\" data-widget_type=\"heading.default\">\n\t\t\t\t<div class=\"elementor-widget-container\">\n\t\t\t\t\t<h1 class=\"elementor-heading-title elementor-size-default\">Optimizaci\u00f3n del dise\u00f1o de soldadura: C\u00f3mo la determinaci\u00f3n de requisitos fomenta resultados excelentes<\/h1>\t\t\t\t<\/div>\n\t\t\t\t<\/div>\n\t\t\t\t<div class=\"elementor-element elementor-element-a81f5ed elementor-widget elementor-widget-text-editor\" data-id=\"a81f5ed\" data-element_type=\"widget\" data-e-type=\"widget\" data-widget_type=\"text-editor.default\">\n\t\t\t\t<div class=\"elementor-widget-container\">\n\t\t\t\t\t\t\t\t\t<p><span style=\"font-weight: 400;\">En el mundo actual de la construcci\u00f3n y los proyectos de ingenier\u00eda, la determinaci\u00f3n precisa de los requisitos de soldadura es un elemento clave para garantizar el \u00e9xito y la durabilidad de cualquier estructura. Para las empresas de gesti\u00f3n de proyectos comprometidas con la excelente calidad de las soldaduras, Welding Consulting ofrece un apoyo inestimable en la determinaci\u00f3n de estos par\u00e1metros vitales.<\/span><\/p>\t\t\t\t\t\t\t\t<\/div>\n\t\t\t\t<\/div>\n\t\t\t\t\t<\/div>\n\t\t<\/div>\n\t\t\t\t\t<\/div>\n\t\t<\/section>\n\t\t\t\t<section class=\"elementor-section elementor-top-section elementor-element elementor-element-ae353c9 elementor-section-boxed elementor-section-height-default elementor-section-height-default wpr-particle-no wpr-jarallax-no wpr-parallax-no wpr-sticky-section-no wpr-equal-height-no\" data-id=\"ae353c9\" data-element_type=\"section\" data-e-type=\"section\">\n\t\t\t\t\t\t<div class=\"elementor-container elementor-column-gap-default\">\n\t\t\t\t\t<div class=\"elementor-column elementor-col-50 elementor-top-column elementor-element elementor-element-b7bb04c\" data-id=\"b7bb04c\" data-element_type=\"column\" data-e-type=\"column\">\n\t\t\t<div class=\"elementor-widget-wrap elementor-element-populated\">\n\t\t\t\t\t\t<div class=\"elementor-element elementor-element-c4db93b elementor-widget elementor-widget-heading\" data-id=\"c4db93b\" data-element_type=\"widget\" data-e-type=\"widget\" data-widget_type=\"heading.default\">\n\t\t\t\t<div class=\"elementor-widget-container\">\n\t\t\t\t\t<h2 class=\"elementor-heading-title elementor-size-default\">Enfoque individual de los requisitos de soldadura<\/h2>\t\t\t\t<\/div>\n\t\t\t\t<\/div>\n\t\t\t\t<div class=\"elementor-element elementor-element-171fd6c elementor-widget-divider--view-line elementor-widget elementor-widget-divider\" data-id=\"171fd6c\" data-element_type=\"widget\" data-e-type=\"widget\" data-widget_type=\"divider.default\">\n\t\t\t\t<div class=\"elementor-widget-container\">\n\t\t\t\t\t\t\t<div class=\"elementor-divider\">\n\t\t\t<span class=\"elementor-divider-separator\">\n\t\t\t\t\t\t<\/span>\n\t\t<\/div>\n\t\t\t\t\t\t<\/div>\n\t\t\t\t<\/div>\n\t\t\t\t<div class=\"elementor-element elementor-element-dfef6c1 elementor-widget elementor-widget-text-editor\" data-id=\"dfef6c1\" data-element_type=\"widget\" data-e-type=\"widget\" data-widget_type=\"text-editor.default\">\n\t\t\t\t<div class=\"elementor-widget-container\">\n\t\t\t\t\t\t\t\t\t<p><span style=\"font-weight: 400;\">Welding Consulting reconoce que cada proyecto es \u00fanico. Por eso, nuestro enfoque para determinar los requisitos de soldadura se basa en un profundo conocimiento de las caracter\u00edsticas espec\u00edficas del trabajo. Nuestro equipo de expertos consultar\u00e1 con el cliente para obtener una comprensi\u00f3n completa de las expectativas y necesidades, de modo que los requisitos puedan adaptarse al proyecto espec\u00edfico.<\/span><\/p>\t\t\t\t\t\t\t\t<\/div>\n\t\t\t\t<\/div>\n\t\t\t\t<div class=\"elementor-element elementor-element-f86eac6 elementor-widget elementor-widget-heading\" data-id=\"f86eac6\" data-element_type=\"widget\" data-e-type=\"widget\" data-widget_type=\"heading.default\">\n\t\t\t\t<div class=\"elementor-widget-container\">\n\t\t\t\t\t<h2 class=\"elementor-heading-title elementor-size-default\">Materiales, certificaci\u00f3n, procedimientos<\/h2>\t\t\t\t<\/div>\n\t\t\t\t<\/div>\n\t\t\t\t<div class=\"elementor-element elementor-element-e8b6d59 elementor-widget-divider--view-line elementor-widget elementor-widget-divider\" data-id=\"e8b6d59\" data-element_type=\"widget\" data-e-type=\"widget\" data-widget_type=\"divider.default\">\n\t\t\t\t<div class=\"elementor-widget-container\">\n\t\t\t\t\t\t\t<div class=\"elementor-divider\">\n\t\t\t<span class=\"elementor-divider-separator\">\n\t\t\t\t\t\t<\/span>\n\t\t<\/div>\n\t\t\t\t\t\t<\/div>\n\t\t\t\t<\/div>\n\t\t\t\t<div class=\"elementor-element elementor-element-c69775a elementor-widget elementor-widget-text-editor\" data-id=\"c69775a\" data-element_type=\"widget\" data-e-type=\"widget\" data-widget_type=\"text-editor.default\">\n\t\t\t\t<div class=\"elementor-widget-container\">\n\t\t\t\t\t\t\t\t\t<p><span style=\"font-weight: 400;\">Welding Consulting est\u00e1 especializada en determinar con precisi\u00f3n los requisitos de material, los rangos de certificaci\u00f3n de planta\/personal y los procedimientos necesarios para realizar el trabajo. Nuestros conocimientos basados en a\u00f1os de experiencia nos permiten identificar los aspectos clave que afectan a la durabilidad y la calidad de las soldaduras.<\/span><\/p>\t\t\t\t\t\t\t\t<\/div>\n\t\t\t\t<\/div>\n\t\t\t\t\t<\/div>\n\t\t<\/div>\n\t\t\t\t<div class=\"elementor-column elementor-col-50 elementor-top-column elementor-element elementor-element-82f29f5\" data-id=\"82f29f5\" data-element_type=\"column\" data-e-type=\"column\">\n\t\t\t<div class=\"elementor-widget-wrap elementor-element-populated\">\n\t\t\t\t\t\t<div class=\"elementor-element elementor-element-09a68e9 elementor-widget elementor-widget-image\" data-id=\"09a68e9\" data-element_type=\"widget\" data-e-type=\"widget\" data-widget_type=\"image.default\">\n\t\t\t\t<div class=\"elementor-widget-container\">\n\t\t\t\t\t\t\t\t\t\t\t\t\t\t\t<img decoding=\"async\" src=\"https:\/\/weldingconsulting.pl\/wp-content\/uploads\/elementor\/thumbs\/7xm.xyz230243_11zon-qhfvinytlj3wd6hlfc4erjka2brjcuxyja927whsts.jpg\" title=\"7xm.xyz230243_11zon\" alt=\"Enfoque individual de los requisitos de soldadura\" loading=\"lazy\" \/>\t\t\t\t\t\t\t\t\t\t\t\t\t\t\t<\/div>\n\t\t\t\t<\/div>\n\t\t\t\t\t<\/div>\n\t\t<\/div>\n\t\t\t\t\t<\/div>\n\t\t<\/section>\n\t\t\t\t<section class=\"elementor-section elementor-top-section elementor-element elementor-element-00d3f11 elementor-section-boxed elementor-section-height-default elementor-section-height-default wpr-particle-no wpr-jarallax-no wpr-parallax-no wpr-sticky-section-no wpr-equal-height-no\" data-id=\"00d3f11\" data-element_type=\"section\" data-e-type=\"section\">\n\t\t\t\t\t\t<div class=\"elementor-container elementor-column-gap-default\">\n\t\t\t\t\t<div class=\"elementor-column elementor-col-100 elementor-top-column elementor-element elementor-element-573acd7\" data-id=\"573acd7\" data-element_type=\"column\" data-e-type=\"column\">\n\t\t\t<div class=\"elementor-widget-wrap elementor-element-populated\">\n\t\t\t\t\t\t<div class=\"elementor-element elementor-element-2dbb58b elementor-widget elementor-widget-heading\" data-id=\"2dbb58b\" data-element_type=\"widget\" data-e-type=\"widget\" data-widget_type=\"heading.default\">\n\t\t\t\t<div class=\"elementor-widget-container\">\n\t\t\t\t\t<h2 class=\"elementor-heading-title elementor-size-default\">Por qu\u00e9 deber\u00eda utilizar Welding Consulting<\/h2>\t\t\t\t<\/div>\n\t\t\t\t<\/div>\n\t\t\t\t\t<\/div>\n\t\t<\/div>\n\t\t\t\t\t<\/div>\n\t\t<\/section>\n\t\t\t\t<section class=\"elementor-section elementor-top-section elementor-element elementor-element-29d1ca6 elementor-section-boxed elementor-section-height-default elementor-section-height-default wpr-particle-no wpr-jarallax-no wpr-parallax-no wpr-sticky-section-no wpr-equal-height-no\" data-id=\"29d1ca6\" data-element_type=\"section\" data-e-type=\"section\">\n\t\t\t\t\t\t<div class=\"elementor-container elementor-column-gap-default\">\n\t\t\t\t\t<div class=\"elementor-column elementor-col-50 elementor-top-column elementor-element elementor-element-7e5c69c\" data-id=\"7e5c69c\" data-element_type=\"column\" data-e-type=\"column\">\n\t\t\t<div class=\"elementor-widget-wrap elementor-element-populated\">\n\t\t\t\t\t\t<div class=\"elementor-element elementor-element-3b35b59 elementor-widget elementor-widget-text-editor\" data-id=\"3b35b59\" data-element_type=\"widget\" data-e-type=\"widget\" data-widget_type=\"text-editor.default\">\n\t\t\t\t<div class=\"elementor-widget-container\">\n\t\t\t\t\t\t\t\t\t<p><b>Experiencia<\/b><\/p><p><span style=\"font-weight: 400;\">Nuestro equipo est\u00e1 formado por un grupo de especialistas experimentados cuyo profundo conocimiento de las particularidades de los procesos de soldadura es la base de nuestra eficacia. Conf\u00ede en expertos que no solo conocen la teor\u00eda, sino tambi\u00e9n la pr\u00e1ctica, lo que garantiza la m\u00e1xima calidad del asesoramiento en soldadura.<\/span><\/p><p><b>Enfoque individual<\/b><\/p><p><span style=\"font-weight: 400;\">En Welding Consulting, valoramos la singularidad de cada proyecto. Somos flexibles y nos adaptamos a las necesidades individuales del cliente. Nuestras soluciones personalizadas garantizan que cada proyecto se trate de forma \u00fanica, de acuerdo con sus especificidades y expectativas.<\/span><\/p><p><b>Optimizaci\u00f3n de procesos<\/b><\/p><p><span style=\"font-weight: 400;\">No s\u00f3lo actuamos como consultores, sino tambi\u00e9n como socios en la optimizaci\u00f3n de los procesos de soldadura. Ayudamos a identificar las soluciones m\u00e1s eficaces, lo que se traduce en un ahorro de tiempo y recursos. Nuestro objetivo no es solo una calidad excelente, sino tambi\u00e9n la eficiencia de cada paso del proceso.<\/span><\/p>\t\t\t\t\t\t\t\t<\/div>\n\t\t\t\t<\/div>\n\t\t\t\t\t<\/div>\n\t\t<\/div>\n\t\t\t\t<div class=\"elementor-column elementor-col-50 elementor-top-column elementor-element elementor-element-1c11ccf\" data-id=\"1c11ccf\" data-element_type=\"column\" data-e-type=\"column\">\n\t\t\t<div class=\"elementor-widget-wrap elementor-element-populated\">\n\t\t\t\t\t\t<div class=\"elementor-element elementor-element-ee43242 elementor-widget elementor-widget-image\" data-id=\"ee43242\" data-element_type=\"widget\" data-e-type=\"widget\" data-widget_type=\"image.default\">\n\t\t\t\t<div class=\"elementor-widget-container\">\n\t\t\t\t\t\t\t\t\t\t\t\t\t\t\t<img fetchpriority=\"high\" decoding=\"async\" width=\"1024\" height=\"1024\" src=\"https:\/\/weldingconsulting.pl\/wp-content\/uploads\/2023\/12\/image-1080x1080_11zon-1024x1024.jpg\" class=\"attachment-large size-large wp-image-2499\" alt=\"\" srcset=\"https:\/\/weldingconsulting.pl\/wp-content\/uploads\/2023\/12\/image-1080x1080_11zon-1024x1024.jpg 1024w, https:\/\/weldingconsulting.pl\/wp-content\/uploads\/2023\/12\/image-1080x1080_11zon-300x300.jpg 300w, https:\/\/weldingconsulting.pl\/wp-content\/uploads\/2023\/12\/image-1080x1080_11zon-150x150.jpg 150w, https:\/\/weldingconsulting.pl\/wp-content\/uploads\/2023\/12\/image-1080x1080_11zon-768x768.jpg 768w, https:\/\/weldingconsulting.pl\/wp-content\/uploads\/2023\/12\/image-1080x1080_11zon-12x12.jpg 12w, https:\/\/weldingconsulting.pl\/wp-content\/uploads\/2023\/12\/image-1080x1080_11zon-600x600.jpg 600w, https:\/\/weldingconsulting.pl\/wp-content\/uploads\/2023\/12\/image-1080x1080_11zon-100x100.jpg 100w, https:\/\/weldingconsulting.pl\/wp-content\/uploads\/2023\/12\/image-1080x1080_11zon.jpg 1080w\" sizes=\"(max-width: 1024px) 100vw, 1024px\" title=\"\">\t\t\t\t\t\t\t\t\t\t\t\t\t\t\t<\/div>\n\t\t\t\t<\/div>\n\t\t\t\t\t<\/div>\n\t\t<\/div>\n\t\t\t\t\t<\/div>\n\t\t<\/section>\n\t\t\t\t<section class=\"elementor-section elementor-top-section elementor-element elementor-element-67fd62c elementor-section-boxed elementor-section-height-default elementor-section-height-default wpr-particle-no wpr-jarallax-no wpr-parallax-no wpr-sticky-section-no wpr-equal-height-no\" data-id=\"67fd62c\" data-element_type=\"section\" data-e-type=\"section\">\n\t\t\t\t\t\t<div class=\"elementor-container elementor-column-gap-default\">\n\t\t\t\t\t<div class=\"elementor-column elementor-col-100 elementor-top-column elementor-element elementor-element-5284d0c\" data-id=\"5284d0c\" data-element_type=\"column\" data-e-type=\"column\">\n\t\t\t<div class=\"elementor-widget-wrap elementor-element-populated\">\n\t\t\t\t\t\t<div class=\"elementor-element elementor-element-79d15b9 elementor-widget elementor-widget-heading\" data-id=\"79d15b9\" data-element_type=\"widget\" data-e-type=\"widget\" data-widget_type=\"heading.default\">\n\t\t\t\t<div class=\"elementor-widget-container\">\n\t\t\t\t\t<h2 class=\"elementor-heading-title elementor-size-default\">Garant\u00eda de calidad<\/h2>\t\t\t\t<\/div>\n\t\t\t\t<\/div>\n\t\t\t\t<div class=\"elementor-element elementor-element-678a62f elementor-widget elementor-widget-text-editor\" data-id=\"678a62f\" data-element_type=\"widget\" data-e-type=\"widget\" data-widget_type=\"text-editor.default\">\n\t\t\t\t<div class=\"elementor-widget-container\">\n\t\t\t\t\t\t\t\t\t<p><span style=\"font-weight: 400;\">Cuando trabaja con nosotros, invierte en la confianza de que sus soldaduras cumplir\u00e1n las normas de calidad m\u00e1s exigentes. Nuestra garant\u00eda de calidad se basa en la definici\u00f3n precisa de los requisitos, un enfoque individual de cada proyecto y la mejora continua de nuestras competencias.<\/span><\/p><p><span style=\"font-weight: 400;\">Dec\u00eddase a trabajar con Welding Consulting no s\u00f3lo para definir los requisitos precisos de soldadura de su proyecto, sino tambi\u00e9n para asegurarse un socio que aporte experiencia, flexibilidad y confianza en una calidad excelente. P\u00f3ngase en contacto con nosotros hoy mismo para iniciar una colaboraci\u00f3n que transformar\u00e1 su proyecto en una estructura robusta y segura que cumpla las normas m\u00e1s exigentes del sector.<\/span><\/p>\t\t\t\t\t\t\t\t<\/div>\n\t\t\t\t<\/div>\n\t\t\t\t\t<\/div>\n\t\t<\/div>\n\t\t\t\t\t<\/div>\n\t\t<\/section>\n\t\t\t\t<\/div>","protected":false},"excerpt":{"rendered":"<p>Optymalizacja Projekt\u00f3w Spawalniczych: Jak Okre\u015blanie Wymaga\u0144 Sprzyja Doskona\u0142ym Wynikom W dzisiejszym \u015bwiecie projekt\u00f3w budowlanych i in\u017cynieryjnych, precyzyjne okre\u015blenie wymaga\u0144 spawalniczych stanowi kluczowy element gwarantuj\u0105cy sukces i trwa\u0142o\u015b\u0107 ka\u017cdej konstrukcji. Dla firm zarz\u0105dzaj\u0105cych projektami, kt\u00f3rym zale\u017cy na doskona\u0142ej jako\u015bci spaw\u00f3w, Welding Consulting oferuje nieocenione wsparcie w procesie okre\u015blania tych istotnych parametr\u00f3w. Indywidualne Podej\u015bcie do Wymaga\u0144 Spawalniczych Welding Consulting zdaje sobie spraw\u0119, \u017ce ka\u017cdy projekt jest unikalny. Dlatego nasze podej\u015bcie do okre\u015blania wymaga\u0144 spawalniczych opiera si\u0119 na g\u0142\u0119bokim zrozumieniu specyfiki danego zadania. Nasz zesp\u00f3\u0142 ekspert\u00f3w skonsultuje si\u0119 z klientem, aby uzyska\u0107 pe\u0142ne zrozumienie oczekiwa\u0144 i potrzeb, co pozwoli na dostosowanie wymaga\u0144 do konkretnego projektu. Materia\u0142y, Certyfikacje, Procedury Welding Consulting specjalizuje si\u0119 w precyzyjnym okre\u015blaniu wymaga\u0144 dotycz\u0105cych materia\u0142\u00f3w, zakres\u00f3w certyfikacji zak\u0142adu\/personelu oraz procedur niezb\u0119dnych do wykonania zadania. Nasza wiedza oparta na latach do\u015bwiadczenia pozwala nam zidentyfikowa\u0107 kluczowe aspekty, kt\u00f3re wp\u0142ywaj\u0105 na trwa\u0142o\u015b\u0107 i jako\u015b\u0107 spaw\u00f3w. Dlaczego Warto Skorzysta\u0107 z Pomocy Welding Consulting Ekspercka Wiedza Nasz zesp\u00f3\u0142 to grupa do\u015bwiadczonych specjalist\u00f3w, kt\u00f3rych g\u0142\u0119boka wiedza dotycz\u0105ca specyfiki proces\u00f3w spawalniczych stanowi fundament naszej skuteczno\u015bci. Zaufaj ekspertom, kt\u00f3rzy nie tylko znaj\u0105 teori\u0119, ale tak\u017ce praktyk\u0119, co gwarantuje najwy\u017csz\u0105 jako\u015b\u0107 doradztwa spawalniczego. Indywidualne Podej\u015bcie W Welding Consulting cenimy unikalno\u015b\u0107 ka\u017cdego projektu. Jeste\u015bmy elastyczni i dostosowujemy si\u0119 do indywidualnych potrzeb klienta. Nasze spersonalizowane rozwi\u0105zania zapewniaj\u0105, \u017ce ka\u017cdy projekt jest traktowany w spos\u00f3b wyj\u0105tkowy, zgodnie z jego specyfik\u0105 i oczekiwaniami. Optymalizacja Proces\u00f3w Dzia\u0142amy nie tylko jako konsultanci, lecz tak\u017ce partnerzy w optymalizacji proces\u00f3w spawalniczych. Pomagamy zidentyfikowa\u0107 najefektywniejsze rozwi\u0105zania, co przek\u0142ada si\u0119 na oszcz\u0119dno\u015b\u0107 czasu i zasob\u00f3w. Naszym celem jest nie tylko doskona\u0142a jako\u015b\u0107, ale tak\u017ce efektywno\u015b\u0107 ka\u017cdego etapu procesu. Gwarancja Jako\u015bci Wsp\u00f3\u0142pracuj\u0105c z nami, inwestujesz w pewno\u015b\u0107, \u017ce spawy spe\u0142ni\u0105 najwy\u017csze standardy jako\u015bci. Nasza gwarancja jako\u015bci opiera si\u0119 na precyzyjnym okre\u015blaniu wymaga\u0144, indywidualnym podej\u015bciu do ka\u017cdego projektu i ci\u0105g\u0142ym doskonaleniu naszych umiej\u0119tno\u015bci. Zdecyduj si\u0119 na wsp\u00f3\u0142prac\u0119 z Welding Consulting, aby nie tylko precyzyjnie zdefiniowa\u0107 wymagania spawalnicze Twojego projektu, ale tak\u017ce zapewni\u0107 sobie partnera, kt\u00f3ry wniesie do niego ekspertyz\u0119, elastyczno\u015b\u0107 i pewno\u015b\u0107 doskona\u0142ej jako\u015bci. Skontaktuj si\u0119 z nami ju\u017c dzi\u015b, aby rozpocz\u0105\u0107 wsp\u00f3\u0142prac\u0119, kt\u00f3ra przekszta\u0142ci Tw\u00f3j projekt w solidn\u0105, bezpieczn\u0105 konstrukcj\u0119, spe\u0142niaj\u0105c\u0105 najwy\u017csze standardy bran\u017cowe.<\/p>","protected":false},"author":1,"featured_media":0,"parent":0,"menu_order":0,"comment_status":"closed","ping_status":"closed","template":"elementor_header_footer","meta":{"site-sidebar-layout":"default","site-content-layout":"","ast-site-content-layout":"default","site-content-style":"default","site-sidebar-style":"default","ast-global-header-display":"","ast-banner-title-visibility":"","ast-main-header-display":"","ast-hfb-above-header-display":"","ast-hfb-below-header-display":"","ast-hfb-mobile-header-display":"","site-post-title":"","ast-breadcrumbs-content":"","ast-featured-img":"","footer-sml-layout":"","ast-disable-related-posts":"","theme-transparent-header-meta":"default","adv-header-id-meta":"","stick-header-meta":"","header-above-stick-meta":"","header-main-stick-meta":"","header-below-stick-meta":"","astra-migrate-meta-layouts":"set","ast-page-background-enabled":"default","ast-page-background-meta":{"desktop":{"background-color":"var(--ast-global-color-4)","background-image":"","background-repeat":"repeat","background-position":"center center","background-size":"auto","background-attachment":"scroll","background-type":"","background-media":"","overlay-type":"","overlay-color":"","overlay-opacity":"","overlay-gradient":""},"tablet":{"background-color":"","background-image":"","background-repeat":"repeat","background-position":"center center","background-size":"auto","background-attachment":"scroll","background-type":"","background-media":"","overlay-type":"","overlay-color":"","overlay-opacity":"","overlay-gradient":""},"mobile":{"background-color":"","background-image":"","background-repeat":"repeat","background-position":"center center","background-size":"auto","background-attachment":"scroll","background-type":"","background-media":"","overlay-type":"","overlay-color":"","overlay-opacity":"","overlay-gradient":""}},"ast-content-background-meta":{"desktop":{"background-color":"var(--ast-global-color-5)","background-image":"","background-repeat":"repeat","background-position":"center center","background-size":"auto","background-attachment":"scroll","background-type":"","background-media":"","overlay-type":"","overlay-color":"","overlay-opacity":"","overlay-gradient":""},"tablet":{"background-color":"var(--ast-global-color-5)","background-image":"","background-repeat":"repeat","background-position":"center center","background-size":"auto","background-attachment":"scroll","background-type":"","background-media":"","overlay-type":"","overlay-color":"","overlay-opacity":"","overlay-gradient":""},"mobile":{"background-color":"var(--ast-global-color-5)","background-image":"","background-repeat":"repeat","background-position":"center center","background-size":"auto","background-attachment":"scroll","background-type":"","background-media":"","overlay-type":"","overlay-color":"","overlay-opacity":"","overlay-gradient":""}},"footnotes":""},"class_list":["post-1100","page","type-page","status-publish","hentry"],"rttpg_featured_image_url":null,"rttpg_author":{"display_name":"admin-JYZ7TiXE","author_link":"https:\/\/weldingconsulting.pl\/es\/author\/admin-jyz7tixe\/"},"rttpg_comment":0,"rttpg_category":null,"rttpg_excerpt":"Optymalizacja Projekt\u00f3w Spawalniczych: Jak Okre\u015blanie Wymaga\u0144 Sprzyja Doskona\u0142ym Wynikom W dzisiejszym \u015bwiecie projekt\u00f3w budowlanych i in\u017cynieryjnych, precyzyjne okre\u015blenie wymaga\u0144 spawalniczych stanowi kluczowy element gwarantuj\u0105cy sukces i trwa\u0142o\u015b\u0107 ka\u017cdej konstrukcji. Dla firm zarz\u0105dzaj\u0105cych projektami, kt\u00f3rym zale\u017cy na doskona\u0142ej jako\u015bci spaw\u00f3w, Welding Consulting oferuje nieocenione wsparcie w procesie okre\u015blania tych istotnych parametr\u00f3w. Indywidualne Podej\u015bcie do Wymaga\u0144 Spawalniczych&hellip;","_links":{"self":[{"href":"https:\/\/weldingconsulting.pl\/es\/wp-json\/wp\/v2\/pages\/1100","targetHints":{"allow":["GET"]}}],"collection":[{"href":"https:\/\/weldingconsulting.pl\/es\/wp-json\/wp\/v2\/pages"}],"about":[{"href":"https:\/\/weldingconsulting.pl\/es\/wp-json\/wp\/v2\/types\/page"}],"author":[{"embeddable":true,"href":"https:\/\/weldingconsulting.pl\/es\/wp-json\/wp\/v2\/users\/1"}],"replies":[{"embeddable":true,"href":"https:\/\/weldingconsulting.pl\/es\/wp-json\/wp\/v2\/comments?post=1100"}],"version-history":[{"count":33,"href":"https:\/\/weldingconsulting.pl\/es\/wp-json\/wp\/v2\/pages\/1100\/revisions"}],"predecessor-version":[{"id":2601,"href":"https:\/\/weldingconsulting.pl\/es\/wp-json\/wp\/v2\/pages\/1100\/revisions\/2601"}],"wp:attachment":[{"href":"https:\/\/weldingconsulting.pl\/es\/wp-json\/wp\/v2\/media?parent=1100"}],"curies":[{"name":"wp","href":"https:\/\/api.w.org\/{rel}","templated":true}]}}