{"id":2199,"date":"2023-11-20T21:41:05","date_gmt":"2023-11-20T20:41:05","guid":{"rendered":"https:\/\/weldingconsulting.pl\/?page_id=2199"},"modified":"2023-12-19T10:24:52","modified_gmt":"2023-12-19T09:24:52","slug":"return-and-refund-policy","status":"publish","type":"page","link":"https:\/\/weldingconsulting.pl\/en\/return-and-refund-policy\/","title":{"rendered":"Return and refund policy"},"content":{"rendered":"<div data-elementor-type=\"wp-page\" data-elementor-id=\"2199\" class=\"elementor elementor-2199\" data-elementor-post-type=\"page\">\n\t\t\t\t\t\t<section class=\"elementor-section elementor-top-section elementor-element elementor-element-98b7f3f elementor-section-boxed elementor-section-height-default elementor-section-height-default wpr-particle-no wpr-jarallax-no wpr-parallax-no wpr-sticky-section-no wpr-column-slider-no wpr-equal-height-no\" data-id=\"98b7f3f\" data-element_type=\"section\" data-e-type=\"section\">\n\t\t\t\t\t\t<div class=\"elementor-container elementor-column-gap-default\">\n\t\t\t\t\t<div class=\"elementor-column elementor-col-100 elementor-top-column elementor-element elementor-element-ba300f7\" data-id=\"ba300f7\" data-element_type=\"column\" data-e-type=\"column\">\n\t\t\t<div class=\"elementor-widget-wrap elementor-element-populated\">\n\t\t\t\t\t\t<div class=\"elementor-element elementor-element-bf50a4f elementor-widget elementor-widget-heading\" data-id=\"bf50a4f\" data-element_type=\"widget\" data-e-type=\"widget\" data-widget_type=\"heading.default\">\n\t\t\t\t<div class=\"elementor-widget-container\">\n\t\t\t\t\t<h2 class=\"elementor-heading-title elementor-size-default\">Return and refund policy<\/h2>\t\t\t\t<\/div>\n\t\t\t\t<\/div>\n\t\t\t\t<div class=\"elementor-element elementor-element-91d149a elementor-widget elementor-widget-text-editor\" data-id=\"91d149a\" data-element_type=\"widget\" data-e-type=\"widget\" data-widget_type=\"text-editor.default\">\n\t\t\t\t<div class=\"elementor-widget-container\">\n\t\t\t\t\t\t\t\t\t<p>Thank you for shopping at Welding Consulting.<\/p>\n<p><\/p>\n<p>If for any reason you are not completely satisfied with your purchase, please refer to our refund policy.<\/p>\n<p><\/p>\n<p>The following terms and conditions apply to all products purchased from us.<\/p>\n<h2>Interpretation and definitions<\/h2>\n<h3>Interpretation<\/h3>\n<p>Words whose first letter is capitalised shall have their meaning defined in accordance with the following terms. The following definitions have the same meaning regardless of whether they appear in the singular or plural.<\/p>\n<h3>Definitions<\/h3>\n<p>For the purposes of this Returns and Refunds Policy:<\/p>\n<p><span style=\"background-color: var(--ast-global-color-5);\"><b>Company<\/b><\/span>&nbsp;(referred to in this Agreement as \"Company\", \"We\", \"Us\" or \"Our\") means Welding Consulting, ul. Strzeli\u0144ska 23\/3 60-169 Poznan.<\/p>\n<p><span style=\"background-color: var(--ast-global-color-5);\"><b>Good&nbsp;<\/b><\/span>view the items for sale on the Website.<\/p>\n<p><span style=\"background-color: var(--ast-global-color-5);\"><b>Procurement<\/b><\/span>&nbsp;signify your request to purchase Goods from us.<\/p>\n<p><span style=\"background-color: var(--ast-global-color-5);\"><b>Work<\/b><\/span><strong>&nbsp;<\/strong>refers to the Website.<\/p>\n<p><span style=\"background-color: var(--ast-global-color-5);\"><b>Website<\/b><\/span>&nbsp;refers to Welding Consulting, available at <a href=\"https:\/\/weldingconsulting.pl\/en\">https:\/\/weldingconsulting.pl\/<\/a><\/p>\n<p>T<b>y&nbsp;<\/b>Means the person accessing or using the Service, the company or other legal entity on whose behalf such person is accessing or using the Service, as the case may be.<\/p>\n<h2>Your cancellation rights<\/h2>\n<p>You have the right to cancel your Order within 30 days without giving any reason.<\/p>\n<p>The period for cancellation of the Order is 30 days from the day you receive the Goods or from the day your nominated third party who is not a carrier takes possession of the delivered product.<\/p>\n<p>To exercise your right of withdrawal, you must inform us of your decision by a clear statement. You can inform us of your decision by:<\/p>\n<ul>\n<li>By telephone number: +48 508 052 072<\/li>\n<\/ul>\n<p>We will refund you no later than 14 days from the day we receive the returned Goods. We will use the same means of payment that you used when placing your order and you will not incur any charges for such a return.<\/p>\n<h2>Conditions for returns<\/h2>\n<p>For the Goods to be eligible for return, please ensure that:<\/p>\n<ul>\n<li>The goods were purchased within the last 30 days<\/li>\n<li>The goods are in their original packaging<\/li>\n<\/ul>\n<p>The following Goods are not returnable:<\/p>\n<ul>\n<li>Delivery of Goods made to your specification or clearly personalised.<\/li>\n<li>Delivery of Goods which, due to their nature, are not returnable, are perishable or have expired.<\/li>\n<li>Delivery of Goods whose packaging is not returnable for health or hygiene reasons and which have been opened after delivery.<\/li>\n<li>Delivery of Goods which, by their nature, become inseparable from other things after delivery.<\/li>\n<\/ul>\n<p>We reserve the right to refuse to return any goods that do not meet the above return conditions at our sole discretion.<\/p>\n<p>Only Goods at the regular price are returnable. Unfortunately, Goods on sale are not returnable. This exclusion may not apply in your case if it is not permitted by applicable law.<\/p>\n<h2>return of goods<\/h2>\n<p>You are responsible for the cost and risk of returning the Goods to us. Goods should be sent to:<\/p>\n<ol>\n<li>Strzeli\u0144ska 23\/3 60-169 Pozna\u0144<\/li>\n<\/ol>\n<p>We cannot be held responsible for damage to or loss of Goods in return postage. We therefore recommend an insured and traceable postal service. We cannot issue a refund without actual receipt of the Goods or proof of receipt of return postage.<\/p>\n<h2>Gifts<\/h2>\n<p>If the Merchandise was marked as a gift upon purchase and then sent directly to you, you will receive a gift credit of the value of the return. Upon receipt of the returned product, the gift voucher will be sent to you.<\/p>\n<p>If the Goods were not marked as a gift at the time of purchase or the gift giver has had the Order sent to him\/herself for transfer at a later date, we will send a refund to the gift giver.<\/p>\n<h3>Contact us<\/h3>\n<p>If you have any questions about our Returns and Refunds Policy, please contact us:<\/p>\n<ul>\n<li>By telephone number: +48 508 052 072<\/li>\n<\/ul>\t\t\t\t\t\t\t\t<\/div>\n\t\t\t\t<\/div>\n\t\t\t\t\t<\/div>\n\t\t<\/div>\n\t\t\t\t\t<\/div>\n\t\t<\/section>\n\t\t\t\t<\/div>","protected":false},"excerpt":{"rendered":"<p>Polityka zwrot\u00f3w i zwrot\u00f3w Dzi\u0119kujemy za zakupy w Welding Consulting. Je\u015bli z jakiegokolwiek powodu nie jeste\u015b w pe\u0142ni usatysfakcjonowany zakupem, zapraszamy do zapoznania si\u0119 z nasz\u0105 polityk\u0105 dotycz\u0105c\u0105 zwrot\u00f3w pieni\u0119dzy. Poni\u017csze warunki maj\u0105 zastosowanie do wszystkich produkt\u00f3w zakupionych u nas. Interpretacja i definicje Interpretacja S\u0142owa, kt\u00f3rych pierwsza litera jest pisana wielk\u0105 liter\u0105, maj\u0105 znaczenie okre\u015blone zgodnie z poni\u017cszymi warunkami. Poni\u017csze definicje maj\u0105 to samo znaczenie niezale\u017cnie od tego, czy wyst\u0119puj\u0105 w liczbie pojedynczej czy mnogiej. Definicje Na potrzeby niniejszej Polityki zwrot\u00f3w i refundacji: Firma&nbsp;(zwana w niniejszej Umowie \u201eSp\u00f3\u0142k\u0105\u201d, \u201eMy\u201d, \u201eNas\u201d lub \u201eNasz\u201d) oznacza Welding Consulting, ul. Strzeli\u0144ska 23\/3 60-169 Pozna\u0144. Dobra&nbsp;zapozna\u0107 si\u0119 z przedmiotami wystawionymi na sprzeda\u017c w Serwisie. Zam\u00f3wienia&nbsp;oznaczaj\u0105 Twoj\u0105 pro\u015bb\u0119 o zakup od nas Towar\u00f3w. Praca&nbsp;odnosi si\u0119 do Strony internetowej. Strona internetowa&nbsp;odnosi si\u0119 do Welding Consulting, dost\u0119pnego pod adresem https:\/\/weldingconsulting.pl\/ Ty&nbsp;Oznacza osob\u0119 uzyskuj\u0105c\u0105 dost\u0119p do Us\u0142ugi lub korzystaj\u0105c\u0105 z niej, firm\u0119 lub inny podmiot prawny, w imieniu kt\u00f3rego taka osoba uzyskuje dost\u0119p do Us\u0142ugi lub korzysta z niej, stosownie do przypadku. Twoje prawa do anulowania zam\u00f3wienia Masz prawo anulowa\u0107 swoje Zam\u00f3wienie w ci\u0105gu 30 dni bez podawania przyczyny. Termin do anulowania Zam\u00f3wienia wynosi 30 dni od dnia, w kt\u00f3rym otrzymali Pa\u0144stwo Towar lub od dnia, w kt\u00f3rym wyznaczona przez Pa\u0144stwa osoba trzecia nieb\u0119d\u0105ca przewo\u017anikiem obj\u0119\u0142a dostarczony produkt w posiadanie. Aby skorzysta\u0107 z prawa do odst\u0105pienia od umowy, musisz poinformowa\u0107 nas o swojej decyzji w drodze jasnego o\u015bwiadczenia. Mo\u017cesz poinformowa\u0107 nas o swojej decyzji poprzez: Wed\u0142ug numeru telefonu: +48 508 052 072 Zwr\u00f3cimy Ci pieni\u0105dze nie p\u00f3\u017aniej ni\u017c 14 dni od dnia otrzymania zwracanego Towaru. B\u0119dziemy korzysta\u0107 z takich samych sposob\u00f3w p\u0142atno\u015bci, jakie u\u017cy\u0142e\u015b przy sk\u0142adaniu zam\u00f3wienia, a Ty nie poniesiesz \u017cadnych op\u0142at z tytu\u0142u takiego zwrotu. Warunki zwrot\u00f3w Aby Towar kwalifikowa\u0142 si\u0119 do zwrotu, prosimy upewni\u0107 si\u0119, \u017ce: Towar zosta\u0142 zakupiony w ci\u0105gu ostatnich 30 dni Towar znajduje si\u0119 w oryginalnym opakowaniu Zwrotowi nie podlegaj\u0105 nast\u0119puj\u0105ce Towary: Dostawa Towar\u00f3w wykonanych zgodnie z Twoj\u0105 specyfikacj\u0105 lub wyra\u017anie spersonalizowanych. Dostawa Towar\u00f3w, kt\u00f3re ze wzgl\u0119du na sw\u00f3j charakter nie nadaj\u0105 si\u0119 do zwrotu, ulegaj\u0105 szybkiemu zepsuciu lub kt\u00f3rych termin przydatno\u015bci do spo\u017cycia up\u0142yn\u0105\u0142. Dostawa Towaru, kt\u00f3rego opakowanie nie nadaje si\u0119 do zwrotu ze wzgl\u0119du na ochron\u0119 zdrowia lub ze wzgl\u0119d\u00f3w higienicznych i kt\u00f3re zosta\u0142o otwarte po dostarczeniu. Dostawa Towar\u00f3w, kt\u00f3re po dostarczeniu, ze wzgl\u0119du na sw\u00f3j charakter, zostaj\u0105 nieroz\u0142\u0105cznie po\u0142\u0105czone z innymi rzeczami. Zastrzegamy sobie prawo do odmowy zwrotu dowolnego towaru, kt\u00f3ry nie spe\u0142nia powy\u017cszych warunk\u00f3w zwrotu, wed\u0142ug w\u0142asnego uznania. Zwrotowi podlegaj\u0105 wy\u0142\u0105cznie Towary w cenie regularnej. Niestety, Towar wystawiony na wyprzeda\u017cy nie podlega zwrotowi. Wy\u0142\u0105czenie to mo\u017ce nie mie\u0107 zastosowania w Twoim przypadku, je\u015bli nie jest to dozwolone przez obowi\u0105zuj\u0105ce prawo. zwracanie towaru Ponosz\u0105 Pa\u0144stwo odpowiedzialno\u015b\u0107 za koszty i ryzyko zwrotu Towaru do nas. Towar nale\u017cy wys\u0142a\u0107 na adres: Strzeli\u0144ska 23\/3 60-169 Pozna\u0144 Nie mo\u017cemy ponosi\u0107 odpowiedzialno\u015bci za uszkodzenie lub zagubienie Towar\u00f3w w przesy\u0142ce zwrotnej. Dlatego zalecamy ubezpieczon\u0105 i mo\u017cliw\u0105 do \u015bledzenia us\u0142ug\u0119 pocztow\u0105. Nie mo\u017cemy dokona\u0107 zwrotu pieni\u0119dzy bez faktycznego otrzymania Towaru lub dowodu otrzymania przesy\u0142ki zwrotnej. Prezenty Je\u015bli Towar zosta\u0142 oznaczony jako prezent przy zakupie, a nast\u0119pnie wys\u0142any bezpo\u015brednio do Ciebie, otrzymasz kredyt podarunkowy o warto\u015bci zwrotu. Po otrzymaniu zwr\u00f3conego produktu, bon upominkowy zostanie do Ciebie wys\u0142any. Je\u017celi Towar nie zosta\u0142 oznaczony jako prezent w momencie zakupu lub osoba obdarowuj\u0105ca prezentem zleci\u0142a sobie wys\u0142anie Zam\u00f3wienia w celu przekazania go p\u00f3\u017aniej, wy\u015blemy zwrot pieni\u0119dzy do dawcy prezentu. Skontaktuj si\u0119 z nami Je\u015bli masz jakiekolwiek pytania dotycz\u0105ce naszej Polityki zwrot\u00f3w i zwrot\u00f3w, skontaktuj si\u0119 z nami: Wed\u0142ug numeru telefonu: +48 508 052 072<\/p>","protected":false},"author":1,"featured_media":0,"parent":0,"menu_order":0,"comment_status":"closed","ping_status":"closed","template":"","meta":{"site-sidebar-layout":"no-sidebar","site-content-layout":"","ast-site-content-layout":"full-width-container","site-content-style":"default","site-sidebar-style":"default","ast-global-header-display":"","ast-banner-title-visibility":"","ast-main-header-display":"","ast-hfb-above-header-display":"","ast-hfb-below-header-display":"","ast-hfb-mobile-header-display":"","site-post-title":"disabled","ast-breadcrumbs-content":"","ast-featured-img":"disabled","footer-sml-layout":"","ast-disable-related-posts":"","theme-transparent-header-meta":"","adv-header-id-meta":"","stick-header-meta":"","header-above-stick-meta":"","header-main-stick-meta":"","header-below-stick-meta":"","astra-migrate-meta-layouts":"default","ast-page-background-enabled":"default","ast-page-background-meta":{"desktop":{"background-color":"var(--ast-global-color-4)","background-image":"","background-repeat":"repeat","background-position":"center center","background-size":"auto","background-attachment":"scroll","background-type":"","background-media":"","overlay-type":"","overlay-color":"","overlay-opacity":"","overlay-gradient":""},"tablet":{"background-color":"","background-image":"","background-repeat":"repeat","background-position":"center center","background-size":"auto","background-attachment":"scroll","background-type":"","background-media":"","overlay-type":"","overlay-color":"","overlay-opacity":"","overlay-gradient":""},"mobile":{"background-color":"","background-image":"","background-repeat":"repeat","background-position":"center center","background-size":"auto","background-attachment":"scroll","background-type":"","background-media":"","overlay-type":"","overlay-color":"","overlay-opacity":"","overlay-gradient":""}},"ast-content-background-meta":{"desktop":{"background-color":"var(--ast-global-color-5)","background-image":"","background-repeat":"repeat","background-position":"center center","background-size":"auto","background-attachment":"scroll","background-type":"","background-media":"","overlay-type":"","overlay-color":"","overlay-opacity":"","overlay-gradient":""},"tablet":{"background-color":"var(--ast-global-color-5)","background-image":"","background-repeat":"repeat","background-position":"center center","background-size":"auto","background-attachment":"scroll","background-type":"","background-media":"","overlay-type":"","overlay-color":"","overlay-opacity":"","overlay-gradient":""},"mobile":{"background-color":"var(--ast-global-color-5)","background-image":"","background-repeat":"repeat","background-position":"center center","background-size":"auto","background-attachment":"scroll","background-type":"","background-media":"","overlay-type":"","overlay-color":"","overlay-opacity":"","overlay-gradient":""}},"footnotes":""},"class_list":["post-2199","page","type-page","status-publish","hentry"],"rttpg_featured_image_url":null,"rttpg_author":{"display_name":"admin-JYZ7TiXE","author_link":"https:\/\/weldingconsulting.pl\/en\/author\/admin-jyz7tixe\/"},"rttpg_comment":0,"rttpg_category":null,"rttpg_excerpt":"Polityka zwrot\u00f3w i zwrot\u00f3w Dzi\u0119kujemy za zakupy w Welding Consulting. Je\u015bli z jakiegokolwiek powodu nie jeste\u015b w pe\u0142ni usatysfakcjonowany zakupem, zapraszamy do zapoznania si\u0119 z nasz\u0105 polityk\u0105 dotycz\u0105c\u0105 zwrot\u00f3w pieni\u0119dzy. Poni\u017csze warunki maj\u0105 zastosowanie do wszystkich produkt\u00f3w zakupionych u nas. Interpretacja i definicje Interpretacja S\u0142owa, kt\u00f3rych pierwsza litera jest pisana wielk\u0105 liter\u0105, maj\u0105 znaczenie okre\u015blone&hellip;","_links":{"self":[{"href":"https:\/\/weldingconsulting.pl\/en\/wp-json\/wp\/v2\/pages\/2199","targetHints":{"allow":["GET"]}}],"collection":[{"href":"https:\/\/weldingconsulting.pl\/en\/wp-json\/wp\/v2\/pages"}],"about":[{"href":"https:\/\/weldingconsulting.pl\/en\/wp-json\/wp\/v2\/types\/page"}],"author":[{"embeddable":true,"href":"https:\/\/weldingconsulting.pl\/en\/wp-json\/wp\/v2\/users\/1"}],"replies":[{"embeddable":true,"href":"https:\/\/weldingconsulting.pl\/en\/wp-json\/wp\/v2\/comments?post=2199"}],"version-history":[{"count":25,"href":"https:\/\/weldingconsulting.pl\/en\/wp-json\/wp\/v2\/pages\/2199\/revisions"}],"predecessor-version":[{"id":2455,"href":"https:\/\/weldingconsulting.pl\/en\/wp-json\/wp\/v2\/pages\/2199\/revisions\/2455"}],"wp:attachment":[{"href":"https:\/\/weldingconsulting.pl\/en\/wp-json\/wp\/v2\/media?parent=2199"}],"curies":[{"name":"wp","href":"https:\/\/api.w.org\/{rel}","templated":true}]}}