{"id":1151,"date":"2023-09-21T01:09:23","date_gmt":"2023-09-20T23:09:23","guid":{"rendered":"https:\/\/weldingconsulting.pl\/?page_id=1151"},"modified":"2023-12-19T11:47:22","modified_gmt":"2023-12-19T10:47:22","slug":"en-15085-2-implementation-and-audits","status":"publish","type":"page","link":"https:\/\/weldingconsulting.pl\/en\/en-15085-2-implementation-and-audits\/","title":{"rendered":"Implementation and audits of EN 15085-2"},"content":{"rendered":"<div data-elementor-type=\"wp-page\" data-elementor-id=\"1151\" class=\"elementor elementor-1151\" data-elementor-post-type=\"page\">\n\t\t\t\t\t\t<section class=\"elementor-section elementor-top-section elementor-element elementor-element-cd2ddcf elementor-section-boxed elementor-section-height-default elementor-section-height-default wpr-particle-no wpr-jarallax-no wpr-parallax-no wpr-sticky-section-no wpr-column-slider-no wpr-equal-height-no\" data-id=\"cd2ddcf\" data-element_type=\"section\" data-e-type=\"section\">\n\t\t\t\t\t\t<div class=\"elementor-container elementor-column-gap-default\">\n\t\t\t\t\t<div class=\"elementor-column elementor-col-100 elementor-top-column elementor-element elementor-element-0cff99e\" data-id=\"0cff99e\" data-element_type=\"column\" data-e-type=\"column\">\n\t\t\t<div class=\"elementor-widget-wrap elementor-element-populated\">\n\t\t\t\t\t\t<section class=\"elementor-section elementor-inner-section elementor-element elementor-element-6d05ab5 elementor-section-boxed elementor-section-height-default elementor-section-height-default wpr-particle-no wpr-jarallax-no wpr-parallax-no wpr-sticky-section-no wpr-column-slider-no wpr-equal-height-no\" data-id=\"6d05ab5\" data-element_type=\"section\" data-e-type=\"section\">\n\t\t\t\t\t\t<div class=\"elementor-container elementor-column-gap-default\">\n\t\t\t\t\t<div class=\"elementor-column elementor-col-100 elementor-inner-column elementor-element elementor-element-2a3e229\" data-id=\"2a3e229\" data-element_type=\"column\" data-e-type=\"column\">\n\t\t\t<div class=\"elementor-widget-wrap elementor-element-populated\">\n\t\t\t\t\t\t<div class=\"elementor-element elementor-element-5843563 elementor-widget elementor-widget-heading\" data-id=\"5843563\" data-element_type=\"widget\" data-e-type=\"widget\" data-widget_type=\"heading.default\">\n\t\t\t\t<div class=\"elementor-widget-container\">\n\t\t\t\t\t<h2 class=\"elementor-heading-title elementor-size-default\">EN 15085-2 implementation and audits<\/h2>\t\t\t\t<\/div>\n\t\t\t\t<\/div>\n\t\t\t\t\t<\/div>\n\t\t<\/div>\n\t\t\t\t\t<\/div>\n\t\t<\/section>\n\t\t\t\t<section class=\"elementor-section elementor-inner-section elementor-element elementor-element-dee6747 elementor-section-boxed elementor-section-height-default elementor-section-height-default wpr-particle-no wpr-jarallax-no wpr-parallax-no wpr-sticky-section-no wpr-column-slider-no wpr-equal-height-no\" data-id=\"dee6747\" data-element_type=\"section\" data-e-type=\"section\">\n\t\t\t\t\t\t<div class=\"elementor-container elementor-column-gap-default\">\n\t\t\t\t\t<div class=\"elementor-column elementor-col-50 elementor-inner-column elementor-element elementor-element-d99e377\" data-id=\"d99e377\" data-element_type=\"column\" data-e-type=\"column\">\n\t\t\t<div class=\"elementor-widget-wrap elementor-element-populated\">\n\t\t\t\t\t\t<div class=\"elementor-element elementor-element-08d2c61 elementor-widget elementor-widget-text-editor\" data-id=\"08d2c61\" data-element_type=\"widget\" data-e-type=\"widget\" data-widget_type=\"text-editor.default\">\n\t\t\t\t<div class=\"elementor-widget-container\">\n\t\t\t\t\t\t\t\t\t<p>The global growth of industrial production is increasing the requirements for the quality and safety of means of transport, including railway vehicles. In this context, the internationally recognised EN 15085-2:2020 standard has been developed The EN 15085-2 standard aims to ensure that manufacturing and repair companies ensure the quality of welding in the production or maintenance of railway vehicles and their components. Certification to EN 15085-2 is recommended for all companies involved in the welding of rail vehicles.<\/p><p>The requirements of EN 15085-2 present different certification levels (CL 1 to 3) and different welding quality classes (CP A, CP B, CP C1, CP C2, CP C3, CP D).<\/p><p>Benefits of Certification<\/p><ul><li>Welding quality guarantee<\/li><li>Guaranteeing the safety of your products<\/li><li>Increasing competitiveness<\/li><li>Greater confidence of your customers<\/li><\/ul><p>If you want to audit or implement the EN 15085-2 standard, we invite you to work with us.<\/p><p>\u00a0<\/p>\t\t\t\t\t\t\t\t<\/div>\n\t\t\t\t<\/div>\n\t\t\t\t\t<\/div>\n\t\t<\/div>\n\t\t\t\t<div class=\"elementor-column elementor-col-50 elementor-inner-column elementor-element elementor-element-4b591d3\" data-id=\"4b591d3\" data-element_type=\"column\" data-e-type=\"column\">\n\t\t\t<div class=\"elementor-widget-wrap elementor-element-populated\">\n\t\t\t\t\t\t<div class=\"elementor-element elementor-element-5165a42 elementor-widget elementor-widget-image\" data-id=\"5165a42\" data-element_type=\"widget\" data-e-type=\"widget\" data-widget_type=\"image.default\">\n\t\t\t\t<div class=\"elementor-widget-container\">\n\t\t\t\t\t\t\t\t\t\t\t\t\t\t\t<img fetchpriority=\"high\" decoding=\"async\" width=\"800\" height=\"533\" src=\"https:\/\/weldingconsulting.pl\/wp-content\/uploads\/2023\/09\/pojazd-szynowy.webp\" class=\"attachment-large size-large wp-image-1603\" alt=\"\" srcset=\"https:\/\/weldingconsulting.pl\/wp-content\/uploads\/2023\/09\/pojazd-szynowy.webp 800w, https:\/\/weldingconsulting.pl\/wp-content\/uploads\/2023\/09\/pojazd-szynowy-300x200.webp 300w, https:\/\/weldingconsulting.pl\/wp-content\/uploads\/2023\/09\/pojazd-szynowy-768x512.webp 768w\" sizes=\"(max-width: 800px) 100vw, 800px\" title=\"\">\t\t\t\t\t\t\t\t\t\t\t\t\t\t\t<\/div>\n\t\t\t\t<\/div>\n\t\t\t\t\t<\/div>\n\t\t<\/div>\n\t\t\t\t\t<\/div>\n\t\t<\/section>\n\t\t\t\t\t<\/div>\n\t\t<\/div>\n\t\t\t\t\t<\/div>\n\t\t<\/section>\n\t\t\t\t<\/div>","protected":false},"excerpt":{"rendered":"<p>EN 15085-2 implementations and audits The global development of industrial production increases the requirements for the quality and safety of means of transport, including railway vehicles. In this context, the internationally recognized standard EN 15085-2:2020 was developed. The EN 15085-2 standard aims to ensure that manufacturing and repair companies ensure the appropriate quality of welding in the production or maintenance of railway vehicles and their components. Certification according to EN 15085-2 is recommended for all companies involved in welding rail vehicles. Requirements EN 15085-2 presents different levels of certification (CL 1 to 3) and different welding quality classes (CP A, CP B, CP C1, CP C2, CP C3, CP D) Benefits of Certification Guarantee of welding quality Guarantee of the safety of your products Increased competitiveness Greater trust of your customers If you want to conduct an audit or implement the EN 15085-2 standard, we invite you to cooperate.<\/p>","protected":false},"author":1,"featured_media":0,"parent":0,"menu_order":0,"comment_status":"closed","ping_status":"closed","template":"elementor_header_footer","meta":{"site-sidebar-layout":"default","site-content-layout":"","ast-site-content-layout":"default","site-content-style":"default","site-sidebar-style":"default","ast-global-header-display":"","ast-banner-title-visibility":"","ast-main-header-display":"","ast-hfb-above-header-display":"","ast-hfb-below-header-display":"","ast-hfb-mobile-header-display":"","site-post-title":"","ast-breadcrumbs-content":"","ast-featured-img":"","footer-sml-layout":"","ast-disable-related-posts":"","theme-transparent-header-meta":"default","adv-header-id-meta":"","stick-header-meta":"","header-above-stick-meta":"","header-main-stick-meta":"","header-below-stick-meta":"","astra-migrate-meta-layouts":"set","ast-page-background-enabled":"default","ast-page-background-meta":{"desktop":{"background-color":"var(--ast-global-color-4)","background-image":"","background-repeat":"repeat","background-position":"center center","background-size":"auto","background-attachment":"scroll","background-type":"","background-media":"","overlay-type":"","overlay-color":"","overlay-opacity":"","overlay-gradient":""},"tablet":{"background-color":"","background-image":"","background-repeat":"repeat","background-position":"center center","background-size":"auto","background-attachment":"scroll","background-type":"","background-media":"","overlay-type":"","overlay-color":"","overlay-opacity":"","overlay-gradient":""},"mobile":{"background-color":"","background-image":"","background-repeat":"repeat","background-position":"center center","background-size":"auto","background-attachment":"scroll","background-type":"","background-media":"","overlay-type":"","overlay-color":"","overlay-opacity":"","overlay-gradient":""}},"ast-content-background-meta":{"desktop":{"background-color":"var(--ast-global-color-5)","background-image":"","background-repeat":"repeat","background-position":"center center","background-size":"auto","background-attachment":"scroll","background-type":"","background-media":"","overlay-type":"","overlay-color":"","overlay-opacity":"","overlay-gradient":""},"tablet":{"background-color":"var(--ast-global-color-5)","background-image":"","background-repeat":"repeat","background-position":"center center","background-size":"auto","background-attachment":"scroll","background-type":"","background-media":"","overlay-type":"","overlay-color":"","overlay-opacity":"","overlay-gradient":""},"mobile":{"background-color":"var(--ast-global-color-5)","background-image":"","background-repeat":"repeat","background-position":"center center","background-size":"auto","background-attachment":"scroll","background-type":"","background-media":"","overlay-type":"","overlay-color":"","overlay-opacity":"","overlay-gradient":""}},"footnotes":""},"class_list":["post-1151","page","type-page","status-publish","hentry"],"rttpg_featured_image_url":null,"rttpg_author":{"display_name":"admin-JYZ7TiXE","author_link":"https:\/\/weldingconsulting.pl\/en\/author\/admin-jyz7tixe\/"},"rttpg_comment":0,"rttpg_category":null,"rttpg_excerpt":"EN 15085-2 wdro\u017cenia i audyty Globalny rozw\u00f3j produkcji przemys\u0142owej zwi\u0119ksza wymagania dotycz\u0105ce jako\u015bci i\u00a0bezpiecze\u0144stwa \u015brodk\u00f3w transportu, w\u00a0tym pojazd\u00f3w kolejowych. W\u00a0tym kontek\u015bcie opracowano uznan\u0105 na\u00a0ca\u0142ym \u015bwiecie norm\u0119 EN 15085-2:2020 Norma EN 15085-2 ma na\u00a0celu zapewnienie, \u017ce firmy produkcyjne i\u00a0remontowe zapewniaj\u0105 odpowiedni\u0105 jako\u015b\u0107 spawania w\u00a0produkcji lub\u00a0konserwacji pojazd\u00f3w kolejowych i\u00a0ich\u00a0komponent\u00f3w. Certyfikacja wed\u0142ug EN 15085-2 jest zalecana wszystkim firmom&hellip;","_links":{"self":[{"href":"https:\/\/weldingconsulting.pl\/en\/wp-json\/wp\/v2\/pages\/1151","targetHints":{"allow":["GET"]}}],"collection":[{"href":"https:\/\/weldingconsulting.pl\/en\/wp-json\/wp\/v2\/pages"}],"about":[{"href":"https:\/\/weldingconsulting.pl\/en\/wp-json\/wp\/v2\/types\/page"}],"author":[{"embeddable":true,"href":"https:\/\/weldingconsulting.pl\/en\/wp-json\/wp\/v2\/users\/1"}],"replies":[{"embeddable":true,"href":"https:\/\/weldingconsulting.pl\/en\/wp-json\/wp\/v2\/comments?post=1151"}],"version-history":[{"count":13,"href":"https:\/\/weldingconsulting.pl\/en\/wp-json\/wp\/v2\/pages\/1151\/revisions"}],"predecessor-version":[{"id":2472,"href":"https:\/\/weldingconsulting.pl\/en\/wp-json\/wp\/v2\/pages\/1151\/revisions\/2472"}],"wp:attachment":[{"href":"https:\/\/weldingconsulting.pl\/en\/wp-json\/wp\/v2\/media?parent=1151"}],"curies":[{"name":"wp","href":"https:\/\/api.w.org\/{rel}","templated":true}]}}