{"id":1150,"date":"2023-09-21T00:55:15","date_gmt":"2023-09-20T22:55:15","guid":{"rendered":"https:\/\/weldingconsulting.pl\/?page_id=1150"},"modified":"2023-12-19T10:29:36","modified_gmt":"2023-12-19T09:29:36","slug":"milling-of-small-parts-on-a-4-axis-milling-machine","status":"publish","type":"page","link":"https:\/\/weldingconsulting.pl\/en\/milling-of-small-parts-on-a-4-axis-milling-machine\/","title":{"rendered":"Milling of small parts on a 4-axis milling machine"},"content":{"rendered":"<div data-elementor-type=\"wp-page\" data-elementor-id=\"1150\" class=\"elementor elementor-1150\" data-elementor-post-type=\"page\">\n\t\t\t\t\t\t<section class=\"elementor-section elementor-top-section elementor-element elementor-element-511e8ee elementor-section-boxed elementor-section-height-default elementor-section-height-default wpr-particle-no wpr-jarallax-no wpr-parallax-no wpr-sticky-section-no wpr-equal-height-no\" data-id=\"511e8ee\" data-element_type=\"section\" data-e-type=\"section\">\n\t\t\t\t\t\t<div class=\"elementor-container elementor-column-gap-default\">\n\t\t\t\t\t<div class=\"elementor-column elementor-col-100 elementor-top-column elementor-element elementor-element-3e81f9c\" data-id=\"3e81f9c\" data-element_type=\"column\" data-e-type=\"column\">\n\t\t\t<div class=\"elementor-widget-wrap elementor-element-populated\">\n\t\t\t\t\t\t<section class=\"elementor-section elementor-inner-section elementor-element elementor-element-6633f61 elementor-section-boxed elementor-section-height-default elementor-section-height-default wpr-particle-no wpr-jarallax-no wpr-parallax-no wpr-sticky-section-no wpr-equal-height-no\" data-id=\"6633f61\" data-element_type=\"section\" data-e-type=\"section\">\n\t\t\t\t\t\t<div class=\"elementor-container elementor-column-gap-default\">\n\t\t\t\t\t<div class=\"elementor-column elementor-col-100 elementor-inner-column elementor-element elementor-element-4763c43\" data-id=\"4763c43\" data-element_type=\"column\" data-e-type=\"column\">\n\t\t\t<div class=\"elementor-widget-wrap elementor-element-populated\">\n\t\t\t\t\t\t<div class=\"elementor-element elementor-element-245b6e0 elementor-widget elementor-widget-heading\" data-id=\"245b6e0\" data-element_type=\"widget\" data-e-type=\"widget\" data-widget_type=\"heading.default\">\n\t\t\t\t<div class=\"elementor-widget-container\">\n\t\t\t\t\t<h2 class=\"elementor-heading-title elementor-size-default\">Milling of small parts on a 4-axis milling machine<\/h2>\t\t\t\t<\/div>\n\t\t\t\t<\/div>\n\t\t\t\t\t<\/div>\n\t\t<\/div>\n\t\t\t\t\t<\/div>\n\t\t<\/section>\n\t\t\t\t<section class=\"elementor-section elementor-inner-section elementor-element elementor-element-962610c elementor-section-boxed elementor-section-height-default elementor-section-height-default wpr-particle-no wpr-jarallax-no wpr-parallax-no wpr-sticky-section-no wpr-equal-height-no\" data-id=\"962610c\" data-element_type=\"section\" data-e-type=\"section\">\n\t\t\t\t\t\t<div class=\"elementor-container elementor-column-gap-default\">\n\t\t\t\t\t<div class=\"elementor-column elementor-col-50 elementor-inner-column elementor-element elementor-element-338826e\" data-id=\"338826e\" data-element_type=\"column\" data-e-type=\"column\">\n\t\t\t<div class=\"elementor-widget-wrap elementor-element-populated\">\n\t\t\t\t\t\t<div class=\"elementor-element elementor-element-da024cf elementor-widget__width-initial elementor-widget elementor-widget-text-editor\" data-id=\"da024cf\" data-element_type=\"widget\" data-e-type=\"widget\" data-widget_type=\"text-editor.default\">\n\t\t\t\t<div class=\"elementor-widget-container\">\n\t\t\t\t\t\t\t\t\t<h2>Versatility<\/h2><p>CNC milling is a reduction process that uses very fast, accurate tools. Milling works well on a variety of materials with varying degrees of hardness. The increased accuracy also means that CNC milling machines can work on parts of different dimensions.<\/p><h2>Innovations<\/h2><p>Increased CNC milling capabilities enable engineers to create increasingly complex designs from single materials and with less waste. This enables companies to streamline their R&amp;D processes with fewer production constraints.<\/p><h2>Composite production<\/h2><p>CNC milling machines follow translated directions from highly detailed CAD or CAM models. CNC machines can have up to five-axis control systems to mill parts at multiple angles simultaneously with different tools. This makes it easier to produce complex and precise milled parts at higher speeds than ever before.<\/p><p>We welcome your enquiries.<\/p>\t\t\t\t\t\t\t\t<\/div>\n\t\t\t\t<\/div>\n\t\t\t\t\t<\/div>\n\t\t<\/div>\n\t\t\t\t<div class=\"elementor-column elementor-col-50 elementor-inner-column elementor-element elementor-element-9efde6e\" data-id=\"9efde6e\" data-element_type=\"column\" data-e-type=\"column\">\n\t\t\t<div class=\"elementor-widget-wrap elementor-element-populated\">\n\t\t\t\t\t\t<div class=\"elementor-element elementor-element-348d36e elementor-widget elementor-widget-image\" data-id=\"348d36e\" data-element_type=\"widget\" data-e-type=\"widget\" data-widget_type=\"image.default\">\n\t\t\t\t<div class=\"elementor-widget-container\">\n\t\t\t\t\t\t\t\t\t\t\t\t\t\t\t<img fetchpriority=\"high\" decoding=\"async\" width=\"1024\" height=\"683\" src=\"https:\/\/weldingconsulting.pl\/wp-content\/uploads\/2023\/09\/frez1-1024x683.webp\" class=\"attachment-large size-large wp-image-1607\" alt=\"\" srcset=\"https:\/\/weldingconsulting.pl\/wp-content\/uploads\/2023\/09\/frez1-1024x683.webp 1024w, https:\/\/weldingconsulting.pl\/wp-content\/uploads\/2023\/09\/frez1-300x200.webp 300w, https:\/\/weldingconsulting.pl\/wp-content\/uploads\/2023\/09\/frez1-768x512.webp 768w, https:\/\/weldingconsulting.pl\/wp-content\/uploads\/2023\/09\/frez1-1536x1024.webp 1536w, https:\/\/weldingconsulting.pl\/wp-content\/uploads\/2023\/09\/frez1-2048x1365.webp 2048w\" sizes=\"(max-width: 1024px) 100vw, 1024px\" title=\"\">\t\t\t\t\t\t\t\t\t\t\t\t\t\t\t<\/div>\n\t\t\t\t<\/div>\n\t\t\t\t\t<\/div>\n\t\t<\/div>\n\t\t\t\t\t<\/div>\n\t\t<\/section>\n\t\t\t\t\t<\/div>\n\t\t<\/div>\n\t\t\t\t\t<\/div>\n\t\t<\/section>\n\t\t\t\t<\/div>","protected":false},"excerpt":{"rendered":"<p>Milling small parts on a 4-axis mill Versatility CNC milling is a reduction process that uses very fast, accurate tools. Milling works well on a variety of materials with varying degrees of hardness. Increased accuracy also means that CNC mills can handle parts with a variety of dimensions. Innovation The increased capabilities of CNC milling allow engineers to create increasingly complex designs from a single material and with less waste. This allows companies to streamline their R&amp;D processes with fewer production constraints. Complex production CNC milling machines follow translated directions from highly detailed CAD or CAM models. CNC machines can have up to five axis control systems to mill parts at multiple angles simultaneously using different tools. This makes it easier to produce complex and precise milled parts at higher speeds than ever before. We invite you to submit an RFP.<\/p>","protected":false},"author":1,"featured_media":0,"parent":0,"menu_order":0,"comment_status":"closed","ping_status":"closed","template":"elementor_header_footer","meta":{"site-sidebar-layout":"default","site-content-layout":"","ast-site-content-layout":"default","site-content-style":"default","site-sidebar-style":"default","ast-global-header-display":"","ast-banner-title-visibility":"","ast-main-header-display":"","ast-hfb-above-header-display":"","ast-hfb-below-header-display":"","ast-hfb-mobile-header-display":"","site-post-title":"","ast-breadcrumbs-content":"","ast-featured-img":"","footer-sml-layout":"","ast-disable-related-posts":"","theme-transparent-header-meta":"default","adv-header-id-meta":"","stick-header-meta":"","header-above-stick-meta":"","header-main-stick-meta":"","header-below-stick-meta":"","astra-migrate-meta-layouts":"set","ast-page-background-enabled":"default","ast-page-background-meta":{"desktop":{"background-color":"var(--ast-global-color-4)","background-image":"","background-repeat":"repeat","background-position":"center center","background-size":"auto","background-attachment":"scroll","background-type":"","background-media":"","overlay-type":"","overlay-color":"","overlay-opacity":"","overlay-gradient":""},"tablet":{"background-color":"","background-image":"","background-repeat":"repeat","background-position":"center center","background-size":"auto","background-attachment":"scroll","background-type":"","background-media":"","overlay-type":"","overlay-color":"","overlay-opacity":"","overlay-gradient":""},"mobile":{"background-color":"","background-image":"","background-repeat":"repeat","background-position":"center center","background-size":"auto","background-attachment":"scroll","background-type":"","background-media":"","overlay-type":"","overlay-color":"","overlay-opacity":"","overlay-gradient":""}},"ast-content-background-meta":{"desktop":{"background-color":"var(--ast-global-color-5)","background-image":"","background-repeat":"repeat","background-position":"center center","background-size":"auto","background-attachment":"scroll","background-type":"","background-media":"","overlay-type":"","overlay-color":"","overlay-opacity":"","overlay-gradient":""},"tablet":{"background-color":"var(--ast-global-color-5)","background-image":"","background-repeat":"repeat","background-position":"center center","background-size":"auto","background-attachment":"scroll","background-type":"","background-media":"","overlay-type":"","overlay-color":"","overlay-opacity":"","overlay-gradient":""},"mobile":{"background-color":"var(--ast-global-color-5)","background-image":"","background-repeat":"repeat","background-position":"center center","background-size":"auto","background-attachment":"scroll","background-type":"","background-media":"","overlay-type":"","overlay-color":"","overlay-opacity":"","overlay-gradient":""}},"footnotes":""},"class_list":["post-1150","page","type-page","status-publish","hentry"],"rttpg_featured_image_url":null,"rttpg_author":{"display_name":"admin-JYZ7TiXE","author_link":"https:\/\/weldingconsulting.pl\/en\/author\/admin-jyz7tixe\/"},"rttpg_comment":0,"rttpg_category":null,"rttpg_excerpt":"Frezowanie ma\u0142ych element\u00f3w na frezarce 4 osiowej Wszechstronno\u015b\u0107 Frezowanie CNC jest procesem redukcyjnym, w\u00a0kt\u00f3rym wykorzystuje\u00a0si\u0119 bardzo szybkie, dok\u0142adne narz\u0119dzia. Frezowanie dzia\u0142a dobrze na\u00a0r\u00f3\u017cnych materia\u0142ach o\u00a0r\u00f3\u017cnym stopniu twardo\u015bci. Zwi\u0119kszona dok\u0142adno\u015b\u0107 oznacza r\u00f3wnie\u017c, \u017ce frezarki CNC mog\u0105 pracowa\u0107 na\u00a0cz\u0119\u015bciach o\u00a0r\u00f3\u017cnych wymiarach. Innowacje Zwi\u0119kszone mo\u017cliwo\u015bci frezowania CNC umo\u017cliwiaj\u0105 in\u017cynierom tworzenie coraz bardziej z\u0142o\u017conych projekt\u00f3w z\u00a0pojedynczych materia\u0142\u00f3w i\u00a0przy mniejszej&hellip;","_links":{"self":[{"href":"https:\/\/weldingconsulting.pl\/en\/wp-json\/wp\/v2\/pages\/1150","targetHints":{"allow":["GET"]}}],"collection":[{"href":"https:\/\/weldingconsulting.pl\/en\/wp-json\/wp\/v2\/pages"}],"about":[{"href":"https:\/\/weldingconsulting.pl\/en\/wp-json\/wp\/v2\/types\/page"}],"author":[{"embeddable":true,"href":"https:\/\/weldingconsulting.pl\/en\/wp-json\/wp\/v2\/users\/1"}],"replies":[{"embeddable":true,"href":"https:\/\/weldingconsulting.pl\/en\/wp-json\/wp\/v2\/comments?post=1150"}],"version-history":[{"count":11,"href":"https:\/\/weldingconsulting.pl\/en\/wp-json\/wp\/v2\/pages\/1150\/revisions"}],"predecessor-version":[{"id":2458,"href":"https:\/\/weldingconsulting.pl\/en\/wp-json\/wp\/v2\/pages\/1150\/revisions\/2458"}],"wp:attachment":[{"href":"https:\/\/weldingconsulting.pl\/en\/wp-json\/wp\/v2\/media?parent=1150"}],"curies":[{"name":"wp","href":"https:\/\/api.w.org\/{rel}","templated":true}]}}