{"id":1121,"date":"2023-09-20T22:53:05","date_gmt":"2023-09-20T20:53:05","guid":{"rendered":"https:\/\/weldingconsulting.pl\/?page_id=1121"},"modified":"2023-12-19T10:27:03","modified_gmt":"2023-12-19T09:27:03","slug":"pressure-directive-ped-2014-68-eu","status":"publish","type":"page","link":"https:\/\/weldingconsulting.pl\/en\/pressure-directive-ped-2014-68-eu\/","title":{"rendered":"Pressure Equipment Directive ped\/2014\/68\/eu"},"content":{"rendered":"<div data-elementor-type=\"wp-page\" data-elementor-id=\"1121\" class=\"elementor elementor-1121\" data-elementor-post-type=\"page\">\n\t\t\t\t\t\t<section class=\"elementor-section elementor-top-section elementor-element elementor-element-172a851 elementor-section-boxed elementor-section-height-default elementor-section-height-default wpr-particle-no wpr-jarallax-no wpr-parallax-no wpr-sticky-section-no wpr-equal-height-no\" data-id=\"172a851\" data-element_type=\"section\" data-e-type=\"section\">\n\t\t\t\t\t\t<div class=\"elementor-container elementor-column-gap-default\">\n\t\t\t\t\t<div class=\"elementor-column elementor-col-100 elementor-top-column elementor-element elementor-element-b8b7d16\" data-id=\"b8b7d16\" data-element_type=\"column\" data-e-type=\"column\">\n\t\t\t<div class=\"elementor-widget-wrap elementor-element-populated\">\n\t\t\t\t\t\t<section class=\"elementor-section elementor-inner-section elementor-element elementor-element-b7b1bbc elementor-section-boxed elementor-section-height-default elementor-section-height-default wpr-particle-no wpr-jarallax-no wpr-parallax-no wpr-sticky-section-no wpr-equal-height-no\" data-id=\"b7b1bbc\" data-element_type=\"section\" data-e-type=\"section\">\n\t\t\t\t\t\t<div class=\"elementor-container elementor-column-gap-default\">\n\t\t\t\t\t<div class=\"elementor-column elementor-col-100 elementor-inner-column elementor-element elementor-element-61e18b6\" data-id=\"61e18b6\" data-element_type=\"column\" data-e-type=\"column\">\n\t\t\t<div class=\"elementor-widget-wrap elementor-element-populated\">\n\t\t\t\t\t\t<div class=\"elementor-element elementor-element-d47a44b elementor-widget elementor-widget-heading\" data-id=\"d47a44b\" data-element_type=\"widget\" data-e-type=\"widget\" data-widget_type=\"heading.default\">\n\t\t\t\t<div class=\"elementor-widget-container\">\n\t\t\t\t\t<h2 class=\"elementor-heading-title elementor-size-default\">Pressure directive ped\/2014\/68\/eu - welding standards<\/h2>\t\t\t\t<\/div>\n\t\t\t\t<\/div>\n\t\t\t\t\t<\/div>\n\t\t<\/div>\n\t\t\t\t\t<\/div>\n\t\t<\/section>\n\t\t\t\t<section class=\"elementor-section elementor-inner-section elementor-element elementor-element-6454959 elementor-section-boxed elementor-section-height-default elementor-section-height-default wpr-particle-no wpr-jarallax-no wpr-parallax-no wpr-sticky-section-no wpr-equal-height-no\" data-id=\"6454959\" data-element_type=\"section\" data-e-type=\"section\">\n\t\t\t\t\t\t<div class=\"elementor-container elementor-column-gap-default\">\n\t\t\t\t\t<div class=\"elementor-column elementor-col-100 elementor-inner-column elementor-element elementor-element-af3bb54\" data-id=\"af3bb54\" data-element_type=\"column\" data-e-type=\"column\">\n\t\t\t<div class=\"elementor-widget-wrap elementor-element-populated\">\n\t\t\t\t\t\t<div class=\"elementor-element elementor-element-9261bcc elementor-widget elementor-widget-text-editor\" data-id=\"9261bcc\" data-element_type=\"widget\" data-e-type=\"widget\" data-widget_type=\"text-editor.default\">\n\t\t\t\t<div class=\"elementor-widget-container\">\n\t\t\t\t\t\t\t\t\t<p>Like other industries, welding is subject to European Parliament standards and directives. The Pressure Directive ped\/2014\/68\/eu was issued by the European Parliament on 15 May 2014. It concerns the harmonisation of the laws of the Member States regarding the making available on the market of pressure equipment.\u00a0<strong>Welding consultancy and inspections<\/strong>\u00a0include the implementation and control of the implementation of the rules described in the Directive. The regulations contained in the\u00a0<strong>Pressure directive PED\/2014\/68\/eu<\/strong>\u00a0are primarily intended to prevent an increasing number of fraudulently and improperly certified devices from entering the market.<\/p>\t\t\t\t\t\t\t\t<\/div>\n\t\t\t\t<\/div>\n\t\t\t\t<div class=\"elementor-element elementor-element-0fafbfc elementor-widget elementor-widget-heading\" data-id=\"0fafbfc\" data-element_type=\"widget\" data-e-type=\"widget\" data-widget_type=\"heading.default\">\n\t\t\t\t<div class=\"elementor-widget-container\">\n\t\t\t\t\t<h2 class=\"elementor-heading-title elementor-size-default\">When does the Pressure Directive PED 2014\/68\/eu apply?<\/h2>\t\t\t\t<\/div>\n\t\t\t\t<\/div>\n\t\t\t\t<div class=\"elementor-element elementor-element-66033a8 elementor-widget elementor-widget-text-editor\" data-id=\"66033a8\" data-element_type=\"widget\" data-e-type=\"widget\" data-widget_type=\"text-editor.default\">\n\t\t\t\t<div class=\"elementor-widget-container\">\n\t\t\t\t\t\t\t\t\t<p>The obligation to implement the directive lies with all production companies involved in the supply chain. With the introduction of a uniform standard - the safety we take care of, for example through the implementation of the\u00a0<strong>welding instructions<\/strong>. The directive applies to the use of pressure equipment with a permissible pressure higher than 0.5 bar, which is why it is so important to implement it correctly in welding plants.<\/p><p>Welding Consulting provides certification services for welding and\u00a0<strong>helps to comprehensively implement the Pressure Directive PED 2014\/68\/eu<\/strong>, including any welding-related requirements. As with other welding certificates or WPQR\/WPS procedures, we start with a visit to our client's site and then develop a plan to implement the directive's regulations.<\/p>\t\t\t\t\t\t\t\t<\/div>\n\t\t\t\t<\/div>\n\t\t\t\t<div class=\"elementor-element elementor-element-0467929 elementor-widget elementor-widget-heading\" data-id=\"0467929\" data-element_type=\"widget\" data-e-type=\"widget\" data-widget_type=\"heading.default\">\n\t\t\t\t<div class=\"elementor-widget-container\">\n\t\t\t\t\t<h2 class=\"elementor-heading-title elementor-size-default\">Pressure Directive for welding<\/h2>\t\t\t\t<\/div>\n\t\t\t\t<\/div>\n\t\t\t\t<div class=\"elementor-element elementor-element-1147b74 elementor-widget elementor-widget-text-editor\" data-id=\"1147b74\" data-element_type=\"widget\" data-e-type=\"widget\" data-widget_type=\"text-editor.default\">\n\t\t\t\t<div class=\"elementor-widget-container\">\n\t\t\t\t\t\t\t\t\t<p><strong>PED Pressure Directive<\/strong>\/2014\/68\/EU covers a wide range of regulations, including for the welding sector, which are primarily intended to increase safety in the use of such equipment and installations through harmonised rules for their manufacture and distribution. It also applies to the personnel involved in making the equipment.\u00a0<strong>pressure<\/strong>materials used, as well as the production methods employed. Implementation\u00a0<strong>Directives<\/strong>\u00a0is essential in many businesses, which is why we at Welding Consulting provide support in complying with it.<\/p>\t\t\t\t\t\t\t\t<\/div>\n\t\t\t\t<\/div>\n\t\t\t\t<div class=\"elementor-element elementor-element-882a0ea elementor-widget elementor-widget-heading\" data-id=\"882a0ea\" data-element_type=\"widget\" data-e-type=\"widget\" data-widget_type=\"heading.default\">\n\t\t\t\t<div class=\"elementor-widget-container\">\n\t\t\t\t\t<h2 class=\"elementor-heading-title elementor-size-default\">Implementation of the PED in companies<\/h2>\t\t\t\t<\/div>\n\t\t\t\t<\/div>\n\t\t\t\t<div class=\"elementor-element elementor-element-de28369 elementor-widget elementor-widget-text-editor\" data-id=\"de28369\" data-element_type=\"widget\" data-e-type=\"widget\" data-widget_type=\"text-editor.default\">\n\t\t\t\t<div class=\"elementor-widget-container\">\n\t\t\t\t\t\t\t\t\t<p>Properly constructed and functioning equipment\u00a0<strong>pressure<\/strong>\u00a0not only ensure the efficient running of a variety of industrial processes, but also an adequate level of safety. This is why their certification in accordance with\u00a0<strong>the PED<\/strong>\/2014\/68\/EU is so important. Welding companies involved in the manufacture of equipment are also subject to it\u00a0<strong>pressure\u00a0<\/strong>- Compliance with EU standards concerns, among other things, the qualifications of welders and the technology used. As a result, certified steam boilers, pipelines, gas pipelines or pressure vessels can be freely traded on EU markets.<\/p>\t\t\t\t\t\t\t\t<\/div>\n\t\t\t\t<\/div>\n\t\t\t\t<div class=\"elementor-element elementor-element-01cc41d elementor-widget elementor-widget-heading\" data-id=\"01cc41d\" data-element_type=\"widget\" data-e-type=\"widget\" data-widget_type=\"heading.default\">\n\t\t\t\t<div class=\"elementor-widget-container\">\n\t\t\t\t\t<h2 class=\"elementor-heading-title elementor-size-default\">Support from welding specialists<\/h2>\t\t\t\t<\/div>\n\t\t\t\t<\/div>\n\t\t\t\t<div class=\"elementor-element elementor-element-0102b08 elementor-widget elementor-widget-text-editor\" data-id=\"0102b08\" data-element_type=\"widget\" data-e-type=\"widget\" data-widget_type=\"text-editor.default\">\n\t\t\t\t<div class=\"elementor-widget-container\">\n\t\t\t\t\t\t\t\t\t<p>At Welding Consulting, we deal with the professional implementation as well as the control of the rules resulting from the\u00a0<strong>PED pressure directive<\/strong>\/2014\/68\/EU in companies within the welding area. Our services are always tailored to the individual needs of the client, preparing a comprehensive plan to implement the regulations developed by the European Parliament. Among other things, we offer the verification of welders' qualifications and their certification, the drafting of welding instructions, as well as the control of the methods used. Thanks to us, the operation of your company will be fully compliant with\u00a0<strong>pressure directive<\/strong>. We encourage you to contact us.<\/p>\t\t\t\t\t\t\t\t<\/div>\n\t\t\t\t<\/div>\n\t\t\t\t<div class=\"elementor-element elementor-element-c7889a4 elementor-widget elementor-widget-heading\" data-id=\"c7889a4\" data-element_type=\"widget\" data-e-type=\"widget\" data-widget_type=\"heading.default\">\n\t\t\t\t<div class=\"elementor-widget-container\">\n\t\t\t\t\t<h2 class=\"elementor-heading-title elementor-size-default\">PED 2014\/68\/eu Directive - specific standards and procedures for the protection of people and free circulation within the European Union market<\/h2>\t\t\t\t<\/div>\n\t\t\t\t<\/div>\n\t\t\t\t<div class=\"elementor-element elementor-element-2b32778 elementor-widget elementor-widget-text-editor\" data-id=\"2b32778\" data-element_type=\"widget\" data-e-type=\"widget\" data-widget_type=\"text-editor.default\">\n\t\t\t\t<div class=\"elementor-widget-container\">\n\t\t\t\t\t\t\t\t\t<p><strong>PED Directive<\/strong>\u00a0issued by the European Parliament are requirements that apply to both pressure equipment and welding workers. In order to make sure that the activities carried out in a given company are in accordance with the standards written in it, it is worthwhile to take advantage of professional help from specialists. At Welding Consulting, we help our customers to implement\u00a0<strong>Directive<\/strong>\u00a0pressure\u00a0<strong>PED<\/strong>\u00a02014\/68\/eu, we are experienced in audits and certification. By taking advantage of our support, you can be sure that your company will meet international requirements, standards and directives for safety and quality. We warmly invite you to cooperate with us, and if you have any questions or concerns, please feel free to contact our representatives.<\/p>\t\t\t\t\t\t\t\t<\/div>\n\t\t\t\t<\/div>\n\t\t\t\t\t<\/div>\n\t\t<\/div>\n\t\t\t\t\t<\/div>\n\t\t<\/section>\n\t\t\t\t\t<\/div>\n\t\t<\/div>\n\t\t\t\t\t<\/div>\n\t\t<\/section>\n\t\t\t\t<\/div>","protected":false},"excerpt":{"rendered":"<p>Pressure Equipment Directive ped\/2014\/68\/eu \u2013 welding standards Like other industries, welding is subject to the standards and directives of the European Parliament. The Pressure Equipment Directive ped\/2014\/68\/eu was issued by the European Parliament on 15 May 2014. It concerns the harmonisation of the laws of the Member States concerning the making available on the market of pressure equipment. Welding advice and inspections include the implementation and control of the implementation of the principles described in the directive. The regulations contained in the Pressure Equipment Directive PED\/2014\/68\/eu are primarily intended to prevent the introduction to the market of an increasing number of devices certified in an unfair and improper manner. When is the Pressure Equipment Directive PED 2014\/68\/eu applied? The obligation to implement the directive rests with all manufacturing companies participating in the supply chain. By introducing a uniform standard \u2013 safety is significantly increased, which we take care of, for example, by implementing welding instructions. The directive applies to the use of pressure equipment with a permissible pressure higher than 0.5 bar, which is why its correct implementation in welding plants is so important. Welding Consulting provides certification services for welding and helps to comprehensively implement the pressure equipment directive PED 2014\/68\/eu, along with all the requirements included in welding. As in the case of other welding certificates or WPQR\/WPS procedures, we start with a visit to our Client&#039;s plant, and then we develop a plan for implementing the directive&#039;s regulations. Pressure equipment directive for welding The pressure equipment directive PED\/2014\/68\/EU includes a number of different regulations - concerning, among others, the welding industry - which are primarily intended to increase the safety of using such devices and installations through unified rules for their production and distribution. It also applies to personnel involved in the production of pressure equipment, the materials used, and the production methods used. The implementation of the directive is necessary in many companies, which is why at Welding Consulting we provide support in its compliance. Implementation of the PED directive in companies Properly made and functioning pressure equipment not only ensures the efficient course of various industrial processes, but also an appropriate level of safety. This is why their certification in accordance with the PED\/2014\/68\/EU directive is so important. It also applies to companies in the welding industry that manufacture pressure equipment - compliance with EU standards concerns, among others, the qualifications of welders and the technologies used. As a result, it is possible to freely trade in certified steam boilers, pipelines, gas pipelines or pressure vessels on the European Union markets. Support of welding specialists At Welding Consulting, we deal with the professional implementation and control of the principles resulting from the PED\/2014\/68\/EU pressure directive in companies in the welding sector. We always adapt our services to the individual needs of the Client, preparing a comprehensive plan allowing for the implementation of the regulations developed by the European Parliament. Among other things, we offer verification of welders&#039; qualifications, as well as their certification, preparation of welding instructions, as well as control of the methods used. Thanks to us, the functioning of your company will be fully compliant with the Pressure Equipment Directive. We encourage you to contact us. PED Directive 2014\/68\/eu - specific standards and procedures for the protection of people and free circulation within the European Union market The PED Directive issued by the European Parliament is a requirement that applies to both pressure equipment and employees performing welding work. To be sure that the activities carried out in a given company are in accordance with the standards written in it, it is worth using the professional help of specialists. At Welding Consulting, we help our clients implement the Pressure Equipment Directive PED 2014\/68\/eu, we have experience in audits and certification. Using our support, you can be sure that your company will meet international requirements, standards and directives in the field of safety and quality. We cordially invite you to cooperate, and in case of any questions or doubts, we encourage you to contact our representatives.<\/p>","protected":false},"author":1,"featured_media":0,"parent":0,"menu_order":0,"comment_status":"closed","ping_status":"closed","template":"elementor_header_footer","meta":{"site-sidebar-layout":"default","site-content-layout":"","ast-site-content-layout":"default","site-content-style":"default","site-sidebar-style":"default","ast-global-header-display":"","ast-banner-title-visibility":"","ast-main-header-display":"","ast-hfb-above-header-display":"","ast-hfb-below-header-display":"","ast-hfb-mobile-header-display":"","site-post-title":"","ast-breadcrumbs-content":"","ast-featured-img":"","footer-sml-layout":"","ast-disable-related-posts":"","theme-transparent-header-meta":"default","adv-header-id-meta":"","stick-header-meta":"","header-above-stick-meta":"","header-main-stick-meta":"","header-below-stick-meta":"","astra-migrate-meta-layouts":"set","ast-page-background-enabled":"default","ast-page-background-meta":{"desktop":{"background-color":"var(--ast-global-color-4)","background-image":"","background-repeat":"repeat","background-position":"center center","background-size":"auto","background-attachment":"scroll","background-type":"","background-media":"","overlay-type":"","overlay-color":"","overlay-opacity":"","overlay-gradient":""},"tablet":{"background-color":"","background-image":"","background-repeat":"repeat","background-position":"center center","background-size":"auto","background-attachment":"scroll","background-type":"","background-media":"","overlay-type":"","overlay-color":"","overlay-opacity":"","overlay-gradient":""},"mobile":{"background-color":"","background-image":"","background-repeat":"repeat","background-position":"center center","background-size":"auto","background-attachment":"scroll","background-type":"","background-media":"","overlay-type":"","overlay-color":"","overlay-opacity":"","overlay-gradient":""}},"ast-content-background-meta":{"desktop":{"background-color":"var(--ast-global-color-5)","background-image":"","background-repeat":"repeat","background-position":"center center","background-size":"auto","background-attachment":"scroll","background-type":"","background-media":"","overlay-type":"","overlay-color":"","overlay-opacity":"","overlay-gradient":""},"tablet":{"background-color":"var(--ast-global-color-5)","background-image":"","background-repeat":"repeat","background-position":"center center","background-size":"auto","background-attachment":"scroll","background-type":"","background-media":"","overlay-type":"","overlay-color":"","overlay-opacity":"","overlay-gradient":""},"mobile":{"background-color":"var(--ast-global-color-5)","background-image":"","background-repeat":"repeat","background-position":"center center","background-size":"auto","background-attachment":"scroll","background-type":"","background-media":"","overlay-type":"","overlay-color":"","overlay-opacity":"","overlay-gradient":""}},"footnotes":""},"class_list":["post-1121","page","type-page","status-publish","hentry"],"rttpg_featured_image_url":null,"rttpg_author":{"display_name":"admin-JYZ7TiXE","author_link":"https:\/\/weldingconsulting.pl\/en\/author\/admin-jyz7tixe\/"},"rttpg_comment":0,"rttpg_category":null,"rttpg_excerpt":"Dyrektywa ci\u015bnieniowa ped\/2014\/68\/eu \u2013 normy dla spawalnictwa Podobnie jak inne bran\u017ce spawalnictwo podlega normom i\u00a0dyrektywom Parlamentu Europejskiego. Dyrektywa Ci\u015bnieniowa ped\/2014\/68\/eu wydana zosta\u0142a przez Parlament Europejski w\u00a0dniu 15 maja 2014 r. Dotyczy ona harmonizacji ustawodawstw pa\u0144stw cz\u0142onkowskich w\u00a0zakresie udost\u0119pniania na\u00a0rynku urz\u0105dze\u0144 ci\u015bnieniowych.\u00a0Doradztwo i\u00a0inspekcje spawalnicze\u00a0obejmuj\u0105 wdro\u017cenie i\u00a0kontrol\u0119 wdro\u017cenia zasad opisanych w\u00a0dyrektywie. Regulacje zawarte w\u00a0dyrektywie ci\u015bnieniowej PED\/2014\/68\/eu\u00a0maj\u0105 przede&hellip;","_links":{"self":[{"href":"https:\/\/weldingconsulting.pl\/en\/wp-json\/wp\/v2\/pages\/1121","targetHints":{"allow":["GET"]}}],"collection":[{"href":"https:\/\/weldingconsulting.pl\/en\/wp-json\/wp\/v2\/pages"}],"about":[{"href":"https:\/\/weldingconsulting.pl\/en\/wp-json\/wp\/v2\/types\/page"}],"author":[{"embeddable":true,"href":"https:\/\/weldingconsulting.pl\/en\/wp-json\/wp\/v2\/users\/1"}],"replies":[{"embeddable":true,"href":"https:\/\/weldingconsulting.pl\/en\/wp-json\/wp\/v2\/comments?post=1121"}],"version-history":[{"count":9,"href":"https:\/\/weldingconsulting.pl\/en\/wp-json\/wp\/v2\/pages\/1121\/revisions"}],"predecessor-version":[{"id":2457,"href":"https:\/\/weldingconsulting.pl\/en\/wp-json\/wp\/v2\/pages\/1121\/revisions\/2457"}],"wp:attachment":[{"href":"https:\/\/weldingconsulting.pl\/en\/wp-json\/wp\/v2\/media?parent=1121"}],"curies":[{"name":"wp","href":"https:\/\/api.w.org\/{rel}","templated":true}]}}