{"id":1117,"date":"2023-09-21T00:13:44","date_gmt":"2023-09-20T22:13:44","guid":{"rendered":"https:\/\/weldingconsulting.pl\/?page_id=1117"},"modified":"2024-08-28T15:12:41","modified_gmt":"2024-08-28T13:12:41","slug":"wpqr-and-wps-procedures-for-welding","status":"publish","type":"page","link":"https:\/\/weldingconsulting.pl\/en\/wpqr-and-wps-procedures-for-welding\/","title":{"rendered":"WPQR and WPS procedures for welding"},"content":{"rendered":"<div data-elementor-type=\"wp-page\" data-elementor-id=\"1117\" class=\"elementor elementor-1117\" data-elementor-post-type=\"page\">\n\t\t\t\t\t\t<section class=\"elementor-section elementor-top-section elementor-element elementor-element-59f7bdb elementor-section-boxed elementor-section-height-default elementor-section-height-default wpr-particle-no wpr-jarallax-no wpr-parallax-no wpr-sticky-section-no wpr-column-slider-no wpr-equal-height-no\" data-id=\"59f7bdb\" data-element_type=\"section\" data-e-type=\"section\">\n\t\t\t\t\t\t<div class=\"elementor-container elementor-column-gap-default\">\n\t\t\t\t\t<div class=\"elementor-column elementor-col-100 elementor-top-column elementor-element elementor-element-69db6c0\" data-id=\"69db6c0\" data-element_type=\"column\" data-e-type=\"column\">\n\t\t\t<div class=\"elementor-widget-wrap elementor-element-populated\">\n\t\t\t\t\t\t<section class=\"elementor-section elementor-inner-section elementor-element elementor-element-dd6a21d elementor-section-boxed elementor-section-height-default elementor-section-height-default wpr-particle-no wpr-jarallax-no wpr-parallax-no wpr-sticky-section-no wpr-column-slider-no wpr-equal-height-no\" data-id=\"dd6a21d\" data-element_type=\"section\" data-e-type=\"section\">\n\t\t\t\t\t\t<div class=\"elementor-container elementor-column-gap-default\">\n\t\t\t\t\t<div class=\"elementor-column elementor-col-100 elementor-inner-column elementor-element elementor-element-433a8fe\" data-id=\"433a8fe\" data-element_type=\"column\" data-e-type=\"column\">\n\t\t\t<div class=\"elementor-widget-wrap elementor-element-populated\">\n\t\t\t\t\t\t<div class=\"elementor-element elementor-element-5d82c38 elementor-widget elementor-widget-heading\" data-id=\"5d82c38\" data-element_type=\"widget\" data-e-type=\"widget\" data-widget_type=\"heading.default\">\n\t\t\t\t<div class=\"elementor-widget-container\">\n\t\t\t\t\t<h2 class=\"elementor-heading-title elementor-size-default\">WPQR and WPS procedures for welding<\/h2>\t\t\t\t<\/div>\n\t\t\t\t<\/div>\n\t\t\t\t\t<\/div>\n\t\t<\/div>\n\t\t\t\t\t<\/div>\n\t\t<\/section>\n\t\t\t\t<section class=\"elementor-section elementor-inner-section elementor-element elementor-element-6d0c4d2 elementor-section-boxed elementor-section-height-default elementor-section-height-default wpr-particle-no wpr-jarallax-no wpr-parallax-no wpr-sticky-section-no wpr-column-slider-no wpr-equal-height-no\" data-id=\"6d0c4d2\" data-element_type=\"section\" data-e-type=\"section\">\n\t\t\t\t\t\t<div class=\"elementor-container elementor-column-gap-default\">\n\t\t\t\t\t<div class=\"elementor-column elementor-col-50 elementor-inner-column elementor-element elementor-element-f062207\" data-id=\"f062207\" data-element_type=\"column\" data-e-type=\"column\">\n\t\t\t<div class=\"elementor-widget-wrap elementor-element-populated\">\n\t\t\t\t\t\t<div class=\"elementor-element elementor-element-ae4ca86 elementor-widget elementor-widget-text-editor\" data-id=\"ae4ca86\" data-element_type=\"widget\" data-e-type=\"widget\" data-widget_type=\"text-editor.default\">\n\t\t\t\t<div class=\"elementor-widget-container\">\n\t\t\t\t\t\t\t\t\t<p>The development of the welding technology qualification procedure and the subsequent preparation and implementation of the technology manual is a multi-stage process. The speed of the work and the reliability of the final result will depend on the knowledge and experience of the welding consultant. Implementation of procedures\u00a0<strong>WPQR<\/strong>\u00a0i\u00a0<strong>WPS<\/strong>\u00a0for\u00a0<strong>welding<\/strong>\u00a0are carried out in accordance with the generally accepted standards EN ISO 15614-1, EN 1090, EN 13445, EN 13480,\u00a0<strong>NORSOK M-101<\/strong>,\u00a0<strong>NORSOK M-601<\/strong>, AWS D1.1, ASME IX and the Pressure Directive PED 2014\/68\/EU.<\/p><h2>Welding production and procedures<\/h2><p>Before implementing the procedures, we familiarise ourselves in detail with the state of welding production at the customer's company and advise on initial technological solutions. At the outset, it is necessary to assess what technologies will be needed to meet the process requirements in terms of thickness and the range of qualified base material grade. Complete process of Technology Qualification\u00a0<strong>Welding\u00a0<\/strong>(<strong>WPQR<\/strong>) is carried out in cooperation with the customer and a professional testing laboratory, which carries out destructive and non-destructive tests. The results of these tests are valuable indications for the creation of a technological manual\u00a0<strong>welding\u00a0<\/strong>-\u00a0<strong>WPS<\/strong>.<\/p>\t\t\t\t\t\t\t\t<\/div>\n\t\t\t\t<\/div>\n\t\t\t\t\t<\/div>\n\t\t<\/div>\n\t\t\t\t<div class=\"elementor-column elementor-col-50 elementor-inner-column elementor-element elementor-element-bbed28b\" data-id=\"bbed28b\" data-element_type=\"column\" data-e-type=\"column\">\n\t\t\t<div class=\"elementor-widget-wrap elementor-element-populated\">\n\t\t\t\t\t\t<div class=\"elementor-element elementor-element-c7a8337 elementor-widget elementor-widget-image\" data-id=\"c7a8337\" data-element_type=\"widget\" data-e-type=\"widget\" data-widget_type=\"image.default\">\n\t\t\t\t<div class=\"elementor-widget-container\">\n\t\t\t\t\t\t\t\t\t\t\t\t\t\t\t<img fetchpriority=\"high\" decoding=\"async\" width=\"724\" height=\"483\" src=\"https:\/\/weldingconsulting.pl\/wp-content\/uploads\/2023\/09\/Procedury-WPQR-WPS.webp\" class=\"attachment-large size-large wp-image-1578\" alt=\"\" srcset=\"https:\/\/weldingconsulting.pl\/wp-content\/uploads\/2023\/09\/Procedury-WPQR-WPS.webp 724w, https:\/\/weldingconsulting.pl\/wp-content\/uploads\/2023\/09\/Procedury-WPQR-WPS-300x200.webp 300w\" sizes=\"(max-width: 724px) 100vw, 724px\" title=\"\">\t\t\t\t\t\t\t\t\t\t\t\t\t\t\t<\/div>\n\t\t\t\t<\/div>\n\t\t\t\t<div class=\"elementor-element elementor-element-85e541f elementor-widget elementor-widget-text-editor\" data-id=\"85e541f\" data-element_type=\"widget\" data-e-type=\"widget\" data-widget_type=\"text-editor.default\">\n\t\t\t\t<div class=\"elementor-widget-container\">\n\t\t\t\t\t\t\t\t\t<p><strong>No matter what country you need to qualify in, thanks to modern technology we will carry out online counselling and successfully complete the full WPQR technology qualification process.  For more information or to start the process, please contact us on\u00a0<a href=\"tel:+48 508 052 072\">+48 508 052 072<\/a><\/strong><\/p>\t\t\t\t\t\t\t\t<\/div>\n\t\t\t\t<\/div>\n\t\t\t\t\t<\/div>\n\t\t<\/div>\n\t\t\t\t\t<\/div>\n\t\t<\/section>\n\t\t\t\t<section class=\"elementor-section elementor-inner-section elementor-element elementor-element-40b2e19 elementor-section-boxed elementor-section-height-default elementor-section-height-default wpr-particle-no wpr-jarallax-no wpr-parallax-no wpr-sticky-section-no wpr-column-slider-no wpr-equal-height-no\" data-id=\"40b2e19\" data-element_type=\"section\" data-e-type=\"section\">\n\t\t\t\t\t\t<div class=\"elementor-container elementor-column-gap-default\">\n\t\t\t\t\t<div class=\"elementor-column elementor-col-100 elementor-inner-column elementor-element elementor-element-2e83a04\" data-id=\"2e83a04\" data-element_type=\"column\" data-e-type=\"column\">\n\t\t\t<div class=\"elementor-widget-wrap elementor-element-populated\">\n\t\t\t\t\t\t<div class=\"elementor-element elementor-element-5950026 elementor-widget elementor-widget-text-editor\" data-id=\"5950026\" data-element_type=\"widget\" data-e-type=\"widget\" data-widget_type=\"text-editor.default\">\n\t\t\t\t<div class=\"elementor-widget-container\">\n\t\t\t\t\t\t\t\t\t<h2>Qualification steps for WPQR welding technology<\/h2><p>The process from the meeting with the client and the welding consultancy phase to the development of the welding technology manual is as follows:<\/p><ul><li>Design analysis - precise definition of process, grade of base material, thickness and diameter ranges and type of joints.<\/li><li>Preparation of the preliminary welding process manual - pWPS.<\/li><li>Internal welding test of the target joint.<\/li><li>Welding of plates or pipes with a notified body.<\/li><li>Positive non-destructive test results, proceed to destructive testing.<\/li><li>Issue of a WPQR welding technology qualification protocol by a notified body.<\/li><li>Development of process instructions\u00a0<strong>welding\u00a0<\/strong>-\u00a0<strong>WPS<\/strong>.<\/li><\/ul>\t\t\t\t\t\t\t\t<\/div>\n\t\t\t\t<\/div>\n\t\t\t\t\t<\/div>\n\t\t<\/div>\n\t\t\t\t\t<\/div>\n\t\t<\/section>\n\t\t\t\t<section class=\"elementor-section elementor-inner-section elementor-element elementor-element-4f33979 elementor-section-boxed elementor-section-height-default elementor-section-height-default wpr-particle-no wpr-jarallax-no wpr-parallax-no wpr-sticky-section-no wpr-column-slider-no wpr-equal-height-no\" data-id=\"4f33979\" data-element_type=\"section\" data-e-type=\"section\">\n\t\t\t\t\t\t<div class=\"elementor-container elementor-column-gap-default\">\n\t\t\t\t\t<div class=\"elementor-column elementor-col-100 elementor-inner-column elementor-element elementor-element-d69fa33\" data-id=\"d69fa33\" data-element_type=\"column\" data-e-type=\"column\">\n\t\t\t<div class=\"elementor-widget-wrap elementor-element-populated\">\n\t\t\t\t\t\t<div class=\"elementor-element elementor-element-c22b00b elementor-widget elementor-widget-text-editor\" data-id=\"c22b00b\" data-element_type=\"widget\" data-e-type=\"widget\" data-widget_type=\"text-editor.default\">\n\t\t\t\t<div class=\"elementor-widget-container\">\n\t\t\t\t\t\t\t\t\t<h2>Welding: fast and comprehensive development of WPQR and WPS<\/h2><p>If you are looking for a reliable company that supports companies in implementing and maintaining the high standards of the services offered in terms of\u00a0<strong>welding\u00a0<\/strong>- We invite you to work with Welding Consulting! We provide engineering consultancy, creation of welding procedures, inspections, expert opinions and much more. Consulting and certification services for companies dealing with\u00a0<strong>welding<\/strong>\u00a0We provide services throughout Poland. Please feel free to contact us for details of our offer.<\/p>\t\t\t\t\t\t\t\t<\/div>\n\t\t\t\t<\/div>\n\t\t\t\t<div class=\"elementor-element elementor-element-b7d1e17 elementor-widget elementor-widget-text-editor\" data-id=\"b7d1e17\" data-element_type=\"widget\" data-e-type=\"widget\" data-widget_type=\"text-editor.default\">\n\t\t\t\t<div class=\"elementor-widget-container\">\n\t\t\t\t\t\t\t\t\t<h2>Development of a qualification procedure for welding technology - WPS welding at the highest level<\/h2><p><strong>WPS<\/strong>\u00a0is the basic source of information for welding personnel performing all welding work on a specific structure or product, created on the basis of the WPQR. It is assumed that the documentation should at least contain the technological guidelines, i.e. for example the numerical designation of the welding process, the method of surface preparation, a schematic drawing of the joint to be welded, the parameters during the\u00a0<strong>welding<\/strong>\u00a0and position, whether information on the filler material, identification data, information on the material to be welded and other specific requirements related to the method of\u00a0<strong>welding<\/strong>. Would you like to learn more about standards and process instructions\u00a0<strong>welding<\/strong>? We look forward to hearing from you!<\/p>\t\t\t\t\t\t\t\t<\/div>\n\t\t\t\t<\/div>\n\t\t\t\t\t<\/div>\n\t\t<\/div>\n\t\t\t\t\t<\/div>\n\t\t<\/section>\n\t\t\t\t\t<\/div>\n\t\t<\/div>\n\t\t\t\t\t<\/div>\n\t\t<\/section>\n\t\t\t\t<\/div>","protected":false},"excerpt":{"rendered":"<p>WPQR and WPS procedures for welding The development of a welding technology qualification procedure and the subsequent preparation and implementation of a technological instruction is a multi-stage process. The pace of work and the reliability of the final effect will depend on the knowledge and experience of the welding consultant. We implement WPQR and WPS procedures for welding according to the generally accepted standards EN ISO 15614-1, EN 1090, EN 13445, EN 13480, NORSOK M-101, NORSOK M-601, AWS D1.1, ASME IX and the pressure directive PED 2014\/68\/EU. Welding production and procedures Before implementing the procedures, we familiarize ourselves in detail with the state of welding production in the Client&#039;s company and advise on the initial technological solutions. At the beginning, it is necessary to assess what technologies will be needed to meet the process requirements in terms of thickness and the range of the qualified base material type. The complete Welding Technology Qualification (WPQR) procedure is carried out in cooperation with the Client and a professional research laboratory that carries out destructive and non-destructive tests. The results of these tests are valuable indications for the creation of a welding technology specification \u2013 WPS. No matter in which country the qualification should be carried out, thanks to modern technologies we will provide online consulting and successfully complete the full WPQR technology qualification process. For more information or to start the process, please contact us at +48 508 052 072 Stages of WPQR welding technology qualification The process from meeting with the Client and the welding consulting phase to the development of the welding technology specification is as follows: Project analysis \u2013 precise determination of the process, type of base material, thickness and diameter ranges and type of joints. Preparation of a preliminary welding technology specification \u2013 pWPS. Internal welding test of the target joint. Welding of plates or pipes with the participation of a notified body. Positive results of non-destructive testing, transition to destructive testing. Issuance of the welding technology qualification protocol WPQR by a notified body. Development of a welding technology instruction - WPS. Welding: fast and comprehensive development of WPQR and WPS If you are looking for a reliable company that supports companies in implementing and maintaining high standards of offered welding services - we encourage you to cooperate with Welding Consulting! We provide engineering consulting, creation of welding procedures, inspections, expertise and much more. We provide consulting and certification services for welding companies throughout Poland. In order to familiarize yourself with the details of the offer, we encourage you to contact us. Development of a welding technology qualification procedure - welding WPS at the highest level WPS is the basic source of information for welding personnel performing all welding work in the production of a specific structure or product, created on the basis of WPQR. It is assumed that the documentation should contain at least technological guidelines, such as the digital designation of the welding process, the method of surface preparation, a schematic drawing of the welded joint, welding parameters and the position or information about the filler metal, identification data, information about the welded material, as well as other detailed requirements related to the welding method. Do you want to learn more about welding standards and technological instructions? We cordially invite you to contact us!<\/p>","protected":false},"author":1,"featured_media":0,"parent":0,"menu_order":0,"comment_status":"closed","ping_status":"closed","template":"elementor_header_footer","meta":{"site-sidebar-layout":"default","site-content-layout":"","ast-site-content-layout":"default","site-content-style":"default","site-sidebar-style":"default","ast-global-header-display":"","ast-banner-title-visibility":"","ast-main-header-display":"","ast-hfb-above-header-display":"","ast-hfb-below-header-display":"","ast-hfb-mobile-header-display":"","site-post-title":"","ast-breadcrumbs-content":"","ast-featured-img":"","footer-sml-layout":"","ast-disable-related-posts":"","theme-transparent-header-meta":"default","adv-header-id-meta":"","stick-header-meta":"","header-above-stick-meta":"","header-main-stick-meta":"","header-below-stick-meta":"","astra-migrate-meta-layouts":"set","ast-page-background-enabled":"default","ast-page-background-meta":{"desktop":{"background-color":"var(--ast-global-color-4)","background-image":"","background-repeat":"repeat","background-position":"center center","background-size":"auto","background-attachment":"scroll","background-type":"","background-media":"","overlay-type":"","overlay-color":"","overlay-opacity":"","overlay-gradient":""},"tablet":{"background-color":"","background-image":"","background-repeat":"repeat","background-position":"center center","background-size":"auto","background-attachment":"scroll","background-type":"","background-media":"","overlay-type":"","overlay-color":"","overlay-opacity":"","overlay-gradient":""},"mobile":{"background-color":"","background-image":"","background-repeat":"repeat","background-position":"center center","background-size":"auto","background-attachment":"scroll","background-type":"","background-media":"","overlay-type":"","overlay-color":"","overlay-opacity":"","overlay-gradient":""}},"ast-content-background-meta":{"desktop":{"background-color":"var(--ast-global-color-5)","background-image":"","background-repeat":"repeat","background-position":"center center","background-size":"auto","background-attachment":"scroll","background-type":"","background-media":"","overlay-type":"","overlay-color":"","overlay-opacity":"","overlay-gradient":""},"tablet":{"background-color":"var(--ast-global-color-5)","background-image":"","background-repeat":"repeat","background-position":"center center","background-size":"auto","background-attachment":"scroll","background-type":"","background-media":"","overlay-type":"","overlay-color":"","overlay-opacity":"","overlay-gradient":""},"mobile":{"background-color":"var(--ast-global-color-5)","background-image":"","background-repeat":"repeat","background-position":"center center","background-size":"auto","background-attachment":"scroll","background-type":"","background-media":"","overlay-type":"","overlay-color":"","overlay-opacity":"","overlay-gradient":""}},"footnotes":""},"class_list":["post-1117","page","type-page","status-publish","hentry"],"rttpg_featured_image_url":null,"rttpg_author":{"display_name":"admin-JYZ7TiXE","author_link":"https:\/\/weldingconsulting.pl\/en\/author\/admin-jyz7tixe\/"},"rttpg_comment":0,"rttpg_category":null,"rttpg_excerpt":"Procedury WPQR i WPS dla spawalnictwa Opracowanie procedury kwalifikowania technologii spawania oraz\u00a0p\u00f3\u017aniejsze przygotowanie i\u00a0wdro\u017cenie instrukcji technologicznej to\u00a0proces wieloetapowy. Od\u00a0wiedzy i\u00a0do\u015bwiadczenia doradcy spawalniczego b\u0119dzie zale\u017ce\u0107 tempo prac i\u00a0rzetelno\u015b\u0107 finalnego efektu. Wdro\u017cenie procedur\u00a0WPQR\u00a0i\u00a0WPS\u00a0dla\u00a0spawalnictwa\u00a0przeprowadzamy, wed\u0142ug og\u00f3lnie przyj\u0119tnych norm EN\u00a0ISO\u00a015614-1, EN\u00a01090, EN\u00a013445, EN\u00a013480,\u00a0NORSOK M-101,\u00a0NORSOK M-601, AWS\u00a0D1.1, ASME IX\u00a0oraz\u00a0dyrektywy ci\u015bnieniowej PED\u00a02014\/68\/EU. Produkcja spawalnicza a\u00a0procedury Przed wdro\u017ceniem procedur zapoznajemy\u00a0si\u0119\u00a0szczeg\u00f3\u0142owo ze\u00a0stanem produkcji&hellip;","_links":{"self":[{"href":"https:\/\/weldingconsulting.pl\/en\/wp-json\/wp\/v2\/pages\/1117","targetHints":{"allow":["GET"]}}],"collection":[{"href":"https:\/\/weldingconsulting.pl\/en\/wp-json\/wp\/v2\/pages"}],"about":[{"href":"https:\/\/weldingconsulting.pl\/en\/wp-json\/wp\/v2\/types\/page"}],"author":[{"embeddable":true,"href":"https:\/\/weldingconsulting.pl\/en\/wp-json\/wp\/v2\/users\/1"}],"replies":[{"embeddable":true,"href":"https:\/\/weldingconsulting.pl\/en\/wp-json\/wp\/v2\/comments?post=1117"}],"version-history":[{"count":36,"href":"https:\/\/weldingconsulting.pl\/en\/wp-json\/wp\/v2\/pages\/1117\/revisions"}],"predecessor-version":[{"id":3181,"href":"https:\/\/weldingconsulting.pl\/en\/wp-json\/wp\/v2\/pages\/1117\/revisions\/3181"}],"wp:attachment":[{"href":"https:\/\/weldingconsulting.pl\/en\/wp-json\/wp\/v2\/media?parent=1117"}],"curies":[{"name":"wp","href":"https:\/\/api.w.org\/{rel}","templated":true}]}}