{"id":1115,"date":"2023-09-21T00:21:57","date_gmt":"2023-09-20T22:21:57","guid":{"rendered":"https:\/\/weldingconsulting.pl\/?page_id=1115"},"modified":"2023-12-20T15:42:54","modified_gmt":"2023-12-20T14:42:54","slug":"iso-3834-certification-benefits-and-implementation","status":"publish","type":"page","link":"https:\/\/weldingconsulting.pl\/en\/iso-3834-certification-benefits-and-implementation\/","title":{"rendered":"ISO 3834 certification - benefits and implementation"},"content":{"rendered":"<div data-elementor-type=\"wp-page\" data-elementor-id=\"1115\" class=\"elementor elementor-1115\" data-elementor-post-type=\"page\">\n\t\t\t\t\t\t<section class=\"elementor-section elementor-top-section elementor-element elementor-element-34dce07 elementor-section-boxed elementor-section-height-default elementor-section-height-default wpr-particle-no wpr-jarallax-no wpr-parallax-no wpr-sticky-section-no\" data-id=\"34dce07\" data-element_type=\"section\" data-e-type=\"section\">\n\t\t\t\t\t\t<div class=\"elementor-container elementor-column-gap-default\">\n\t\t\t\t\t<div class=\"elementor-column elementor-col-100 elementor-top-column elementor-element elementor-element-8916ae7\" data-id=\"8916ae7\" data-element_type=\"column\" data-e-type=\"column\">\n\t\t\t<div class=\"elementor-widget-wrap elementor-element-populated\">\n\t\t\t\t\t\t<section class=\"elementor-section elementor-inner-section elementor-element elementor-element-677d7fb elementor-section-boxed elementor-section-height-default elementor-section-height-default wpr-particle-no wpr-jarallax-no wpr-parallax-no wpr-sticky-section-no\" data-id=\"677d7fb\" data-element_type=\"section\" data-e-type=\"section\">\n\t\t\t\t\t\t<div class=\"elementor-container elementor-column-gap-default\">\n\t\t\t\t\t<div class=\"elementor-column elementor-col-100 elementor-inner-column elementor-element elementor-element-427f2f5\" data-id=\"427f2f5\" data-element_type=\"column\" data-e-type=\"column\">\n\t\t\t<div class=\"elementor-widget-wrap elementor-element-populated\">\n\t\t\t\t\t\t<div class=\"elementor-element elementor-element-13c11e6 elementor-widget elementor-widget-heading\" data-id=\"13c11e6\" data-element_type=\"widget\" data-e-type=\"widget\" data-widget_type=\"heading.default\">\n\t\t\t\t<div class=\"elementor-widget-container\">\n\t\t\t\t\t<h2 class=\"elementor-heading-title elementor-size-default\">ISO 3834 certification - implementation for welding<\/h2>\t\t\t\t<\/div>\n\t\t\t\t<\/div>\n\t\t\t\t\t<\/div>\n\t\t<\/div>\n\t\t\t\t\t<\/div>\n\t\t<\/section>\n\t\t\t\t<section class=\"elementor-section elementor-inner-section elementor-element elementor-element-316ba2f elementor-section-boxed elementor-section-height-default elementor-section-height-default wpr-particle-no wpr-jarallax-no wpr-parallax-no wpr-sticky-section-no\" data-id=\"316ba2f\" data-element_type=\"section\" data-e-type=\"section\">\n\t\t\t\t\t\t<div class=\"elementor-container elementor-column-gap-default\">\n\t\t\t\t\t<div class=\"elementor-column elementor-col-50 elementor-inner-column elementor-element elementor-element-d3bdc57\" data-id=\"d3bdc57\" data-element_type=\"column\" data-e-type=\"column\">\n\t\t\t<div class=\"elementor-widget-wrap elementor-element-populated\">\n\t\t\t\t\t\t<div class=\"elementor-element elementor-element-130093e elementor-widget elementor-widget-text-editor\" data-id=\"130093e\" data-element_type=\"widget\" data-e-type=\"widget\" data-widget_type=\"text-editor.default\">\n\t\t\t\t<div class=\"elementor-widget-container\">\n\t\t\t\t\t\t\t\t\t<p>ISO 3834 certification for a manufacturing company using welding techniques is now a necessity and a mark of distinction, allowing the company to be regarded as a reliable and trusted partner.\u00a0<strong>Implementation of ISO 3834<\/strong>\u00a0is one of the most important tasks for a consulting and implementation company, but also the most recognisable\u00a0<strong>welding quality certificate<\/strong>.<\/p>\t\t\t\t\t\t\t\t<\/div>\n\t\t\t\t<\/div>\n\t\t\t\t<div class=\"elementor-element elementor-element-997f7bc elementor-widget elementor-widget-text-editor\" data-id=\"997f7bc\" data-element_type=\"widget\" data-e-type=\"widget\" data-widget_type=\"text-editor.default\">\n\t\t\t\t<div class=\"elementor-widget-container\">\n\t\t\t\t\t\t\t\t\t<h2>What does ISO 3834 certification cover?<\/h2><p>To generalise - ISO 3834 is a comprehensive set of guidelines relating to the welding of metal components. In contrast to, for example\u00a0<a href=\"https:\/\/weldingconsulting.pl\/en\/offer-2\/pressure-directive-ped-2014-68-eu\/\">PED 2014\/68\/EU Pressure Directive<\/a>, the recommendations contained in this certificate relate strictly to welding. It is important to bear in mind that ISO 3834 is designed to accommodate a group of\u00a0<strong>requirements for the welding company<\/strong>\u00a0depending on the role of the welding product in terms of the overall safety of the manufactured structure. The greater the role of the welding product, the larger the group of requirements for ISO 3834 certification must be.<\/p>\t\t\t\t\t\t\t\t<\/div>\n\t\t\t\t<\/div>\n\t\t\t\t\t<\/div>\n\t\t<\/div>\n\t\t\t\t<div class=\"elementor-column elementor-col-50 elementor-inner-column elementor-element elementor-element-8f77cca\" data-id=\"8f77cca\" data-element_type=\"column\" data-e-type=\"column\">\n\t\t\t<div class=\"elementor-widget-wrap elementor-element-populated\">\n\t\t\t\t\t\t<div class=\"elementor-element elementor-element-cefdab8 elementor-widget elementor-widget-image\" data-id=\"cefdab8\" data-element_type=\"widget\" data-e-type=\"widget\" data-widget_type=\"image.default\">\n\t\t\t\t<div class=\"elementor-widget-container\">\n\t\t\t\t\t\t\t\t\t\t\t\t\t\t\t<img fetchpriority=\"high\" decoding=\"async\" width=\"788\" height=\"443\" src=\"https:\/\/weldingconsulting.pl\/wp-content\/uploads\/2023\/09\/Wdrozenia-ISO-3834.webp\" class=\"attachment-large size-large wp-image-1566\" alt=\"\" srcset=\"https:\/\/weldingconsulting.pl\/wp-content\/uploads\/2023\/09\/Wdrozenia-ISO-3834.webp 788w, https:\/\/weldingconsulting.pl\/wp-content\/uploads\/2023\/09\/Wdrozenia-ISO-3834-300x169.webp 300w, https:\/\/weldingconsulting.pl\/wp-content\/uploads\/2023\/09\/Wdrozenia-ISO-3834-768x432.webp 768w\" sizes=\"(max-width: 788px) 100vw, 788px\" title=\"\">\t\t\t\t\t\t\t\t\t\t\t\t\t\t\t<\/div>\n\t\t\t\t<\/div>\n\t\t\t\t\t<\/div>\n\t\t<\/div>\n\t\t\t\t\t<\/div>\n\t\t<\/section>\n\t\t\t\t<section class=\"elementor-section elementor-inner-section elementor-element elementor-element-ae855c6 elementor-section-boxed elementor-section-height-default elementor-section-height-default wpr-particle-no wpr-jarallax-no wpr-parallax-no wpr-sticky-section-no\" data-id=\"ae855c6\" data-element_type=\"section\" data-e-type=\"section\">\n\t\t\t\t\t\t<div class=\"elementor-container elementor-column-gap-default\">\n\t\t\t\t\t<div class=\"elementor-column elementor-col-100 elementor-inner-column elementor-element elementor-element-fa3e259\" data-id=\"fa3e259\" data-element_type=\"column\" data-e-type=\"column\">\n\t\t\t<div class=\"elementor-widget-wrap elementor-element-populated\">\n\t\t\t\t\t\t<div class=\"elementor-element elementor-element-6695d06 elementor-widget elementor-widget-text-editor\" data-id=\"6695d06\" data-element_type=\"widget\" data-e-type=\"widget\" data-widget_type=\"text-editor.default\">\n\t\t\t\t<div class=\"elementor-widget-container\">\n\t\t\t\t\t\t\t\t\t<h2>What does the implementation of ISO 3834 look like?<\/h2><p>As with all areas of certification for welding, the implementation of ISO 3834 must be carried out by a qualified welding engineer. As part of the implementation process, services are provided\u00a0<strong>welding surveillance<\/strong>\u00a0and advisory services covering workplace organisation and employee training, as well as the production planning stage. A certified company should demonstrate that it is able to fully control production and its organisation and to guard against errors. Once all formal and practical requirements have been met, the following are awarded\u00a0<strong>ISO 3834 certificate<\/strong>and the company obtains confirmation of its important technical and organisational competence. Holding a certificate not only constitutes a form of\u00a0<strong>safeguards in case of inspections<\/strong>but above all it is a clear signal of credibility and reliability to contractors.<\/p>\t\t\t\t\t\t\t\t<\/div>\n\t\t\t\t<\/div>\n\t\t\t\t\t<\/div>\n\t\t<\/div>\n\t\t\t\t\t<\/div>\n\t\t<\/section>\n\t\t\t\t\t<\/div>\n\t\t<\/div>\n\t\t\t\t\t<\/div>\n\t\t<\/section>\n\t\t\t\t<\/div>","protected":false},"excerpt":{"rendered":"<p>ISO 3834 Certificate \u2013 Welding Implementations ISO 3834 certificate for a manufacturing company using welding techniques is currently a necessity and a hallmark, allowing the company to be treated as a reliable and trustworthy partner. Implementation of ISO 3834 is one of the most important tasks for a consulting and implementation company, but also the most recognizable quality certificate in welding. What does the ISO 3834 certificate include? Generally speaking \u2013 ISO 3834 is a comprehensive set of guidelines relating to welding of metal elements. Unlike, for example, the pressure directive PED 2014\/68\/EU, the recommendations contained in this certificate refer strictly to welding. It should be remembered that the ISO 3834 standard is developed in such a way as to adapt the group of requirements for a welding company depending on the role of the welding product in terms of the general safety of the manufactured structure. The greater the role of the welding product, the greater the group of requirements for ISO 3834 certification that must be met. How does ISO 3834 implementation look like? Like all areas related to welding certification, ISO 3834 implementation must be carried out by a qualified welding engineer. As part of the implementation process, welding supervision and consulting services are provided, covering the organization of the workplace and employee training, as well as the production planning stage. A certified company should demonstrate that it is able to fully control production and its organization and avoid errors. After meeting all formal and practical requirements, the ISO 3834 certificate is awarded, and the company receives confirmation of important technical and organizational competences. Having a certificate is not only a form of security in the event of an inspection, but above all it is a clear signal of credibility and reliability for contractors.<\/p>","protected":false},"author":1,"featured_media":0,"parent":0,"menu_order":0,"comment_status":"closed","ping_status":"closed","template":"elementor_header_footer","meta":{"site-sidebar-layout":"default","site-content-layout":"","ast-site-content-layout":"default","site-content-style":"default","site-sidebar-style":"default","ast-global-header-display":"","ast-banner-title-visibility":"","ast-main-header-display":"","ast-hfb-above-header-display":"","ast-hfb-below-header-display":"","ast-hfb-mobile-header-display":"","site-post-title":"","ast-breadcrumbs-content":"","ast-featured-img":"","footer-sml-layout":"","ast-disable-related-posts":"","theme-transparent-header-meta":"default","adv-header-id-meta":"","stick-header-meta":"","header-above-stick-meta":"","header-main-stick-meta":"","header-below-stick-meta":"","astra-migrate-meta-layouts":"set","ast-page-background-enabled":"default","ast-page-background-meta":{"desktop":{"background-color":"var(--ast-global-color-4)","background-image":"","background-repeat":"repeat","background-position":"center center","background-size":"auto","background-attachment":"scroll","background-type":"","background-media":"","overlay-type":"","overlay-color":"","overlay-opacity":"","overlay-gradient":""},"tablet":{"background-color":"","background-image":"","background-repeat":"repeat","background-position":"center center","background-size":"auto","background-attachment":"scroll","background-type":"","background-media":"","overlay-type":"","overlay-color":"","overlay-opacity":"","overlay-gradient":""},"mobile":{"background-color":"","background-image":"","background-repeat":"repeat","background-position":"center center","background-size":"auto","background-attachment":"scroll","background-type":"","background-media":"","overlay-type":"","overlay-color":"","overlay-opacity":"","overlay-gradient":""}},"ast-content-background-meta":{"desktop":{"background-color":"var(--ast-global-color-5)","background-image":"","background-repeat":"repeat","background-position":"center center","background-size":"auto","background-attachment":"scroll","background-type":"","background-media":"","overlay-type":"","overlay-color":"","overlay-opacity":"","overlay-gradient":""},"tablet":{"background-color":"var(--ast-global-color-5)","background-image":"","background-repeat":"repeat","background-position":"center center","background-size":"auto","background-attachment":"scroll","background-type":"","background-media":"","overlay-type":"","overlay-color":"","overlay-opacity":"","overlay-gradient":""},"mobile":{"background-color":"var(--ast-global-color-5)","background-image":"","background-repeat":"repeat","background-position":"center center","background-size":"auto","background-attachment":"scroll","background-type":"","background-media":"","overlay-type":"","overlay-color":"","overlay-opacity":"","overlay-gradient":""}},"footnotes":""},"class_list":["post-1115","page","type-page","status-publish","hentry"],"rttpg_featured_image_url":null,"rttpg_author":{"display_name":"admin-JYZ7TiXE","author_link":"https:\/\/weldingconsulting.pl\/en\/author\/admin-jyz7tixe\/"},"rttpg_comment":0,"rttpg_category":null,"rttpg_excerpt":"Certyfikat ISO 3834 \u2013 wdro\u017cenia dla spawalnictwa Certyfikat ISO 3834 dla firmy produkcyjnej wykorzystuj\u0105cej techniki spawalnicze jest obecnie konieczno\u015bci\u0105 i\u00a0znakiem rozpoznawczym, pozwalaj\u0105cym traktowa\u0107 firm\u0119 jako pewnego i\u00a0zaufanego partnera.\u00a0Wdro\u017cenie ISO 3834\u00a0to\u00a0jedno z\u00a0najwa\u017cniejszych zada\u0144 dla firmy doradczo-wdro\u017ceniowej, ale\u00a0te\u017c najbardziej rozpoznawalny\u00a0certyfikat jako\u015bci w\u00a0spawalnictwie. Co obejmuje certyfikat ISO 3834? Uog\u00f3lniaj\u0105c \u2013 ISO 3834 jest to\u00a0ca\u0142o\u015bciowy zestaw wytycznych odnosz\u0105cych\u00a0si\u0119 do\u00a0spawania&hellip;","_links":{"self":[{"href":"https:\/\/weldingconsulting.pl\/en\/wp-json\/wp\/v2\/pages\/1115","targetHints":{"allow":["GET"]}}],"collection":[{"href":"https:\/\/weldingconsulting.pl\/en\/wp-json\/wp\/v2\/pages"}],"about":[{"href":"https:\/\/weldingconsulting.pl\/en\/wp-json\/wp\/v2\/types\/page"}],"author":[{"embeddable":true,"href":"https:\/\/weldingconsulting.pl\/en\/wp-json\/wp\/v2\/users\/1"}],"replies":[{"embeddable":true,"href":"https:\/\/weldingconsulting.pl\/en\/wp-json\/wp\/v2\/comments?post=1115"}],"version-history":[{"count":19,"href":"https:\/\/weldingconsulting.pl\/en\/wp-json\/wp\/v2\/pages\/1115\/revisions"}],"predecessor-version":[{"id":2485,"href":"https:\/\/weldingconsulting.pl\/en\/wp-json\/wp\/v2\/pages\/1115\/revisions\/2485"}],"wp:attachment":[{"href":"https:\/\/weldingconsulting.pl\/en\/wp-json\/wp\/v2\/media?parent=1115"}],"curies":[{"name":"wp","href":"https:\/\/api.w.org\/{rel}","templated":true}]}}