{"id":1039,"date":"2023-09-20T20:31:11","date_gmt":"2023-09-20T18:31:11","guid":{"rendered":"https:\/\/weldingconsulting.pl\/?page_id=1039"},"modified":"2023-12-19T11:40:34","modified_gmt":"2023-12-19T10:40:34","slug":"certification-for-welders-2","status":"publish","type":"page","link":"https:\/\/weldingconsulting.pl\/en\/certification-for-welders-2\/","title":{"rendered":"Certificates for welders"},"content":{"rendered":"<div data-elementor-type=\"wp-page\" data-elementor-id=\"1039\" class=\"elementor elementor-1039\" data-elementor-post-type=\"page\">\n\t\t\t\t\t\t<section class=\"elementor-section elementor-top-section elementor-element elementor-element-3bee167 elementor-section-boxed elementor-section-height-default elementor-section-height-default wpr-particle-no wpr-jarallax-no wpr-parallax-no wpr-sticky-section-no wpr-column-slider-no wpr-equal-height-no\" data-id=\"3bee167\" data-element_type=\"section\" data-e-type=\"section\">\n\t\t\t\t\t\t<div class=\"elementor-container elementor-column-gap-default\">\n\t\t\t\t\t<div class=\"elementor-column elementor-col-100 elementor-top-column elementor-element elementor-element-42f9ca3\" data-id=\"42f9ca3\" data-element_type=\"column\" data-e-type=\"column\">\n\t\t\t<div class=\"elementor-widget-wrap elementor-element-populated\">\n\t\t\t\t\t\t<section class=\"elementor-section elementor-inner-section elementor-element elementor-element-876f2b9 elementor-section-boxed elementor-section-height-default elementor-section-height-default wpr-particle-no wpr-jarallax-no wpr-parallax-no wpr-sticky-section-no wpr-column-slider-no wpr-equal-height-no\" data-id=\"876f2b9\" data-element_type=\"section\" data-e-type=\"section\">\n\t\t\t\t\t\t<div class=\"elementor-container elementor-column-gap-default\">\n\t\t\t\t\t<div class=\"elementor-column elementor-col-100 elementor-inner-column elementor-element elementor-element-dbf56d8\" data-id=\"dbf56d8\" data-element_type=\"column\" data-e-type=\"column\">\n\t\t\t<div class=\"elementor-widget-wrap elementor-element-populated\">\n\t\t\t\t\t\t<div class=\"elementor-element elementor-element-f8ca20d elementor-widget elementor-widget-heading\" data-id=\"f8ca20d\" data-element_type=\"widget\" data-e-type=\"widget\" data-widget_type=\"heading.default\">\n\t\t\t\t<div class=\"elementor-widget-container\">\n\t\t\t\t\t<h2 class=\"elementor-heading-title elementor-size-default\">Certificates for welders<\/h2>\t\t\t\t<\/div>\n\t\t\t\t<\/div>\n\t\t\t\t\t<\/div>\n\t\t<\/div>\n\t\t\t\t\t<\/div>\n\t\t<\/section>\n\t\t\t\t<section class=\"elementor-section elementor-inner-section elementor-element elementor-element-376f007 elementor-section-boxed elementor-section-height-default elementor-section-height-default wpr-particle-no wpr-jarallax-no wpr-parallax-no wpr-sticky-section-no wpr-column-slider-no wpr-equal-height-no\" data-id=\"376f007\" data-element_type=\"section\" data-e-type=\"section\">\n\t\t\t\t\t\t<div class=\"elementor-container elementor-column-gap-default\">\n\t\t\t\t\t<div class=\"elementor-column elementor-col-100 elementor-inner-column elementor-element elementor-element-1c29c5b\" data-id=\"1c29c5b\" data-element_type=\"column\" data-e-type=\"column\">\n\t\t\t<div class=\"elementor-widget-wrap elementor-element-populated\">\n\t\t\t\t\t\t<div class=\"elementor-element elementor-element-6c020a2 elementor-widget elementor-widget-text-editor\" data-id=\"6c020a2\" data-element_type=\"widget\" data-e-type=\"widget\" data-widget_type=\"text-editor.default\">\n\t\t\t\t<div class=\"elementor-widget-container\">\n\t\t\t\t\t\t\t\t\t<p>Welding Consulting conducts examinations for welders according to the\u00a0<strong>ISO 9606 standards<\/strong>.<br \/>When examining a welder, the focus is on the welder's ability to manipulate the electrode, welding gun or welding torch manually in such a way as to produce a weld of acceptable quality. Welding processes according to this part of ISO 9606 include only those welding processes which are considered to be manual or partly mechanised welding processes. They do not therefore include fully mechanised and automatic welding processes.<\/p><p>Qualified\u00a0<strong>welder<\/strong>\u00a0is a highly sought-after professional in many companies across a wide range of industries. However, every welding professional should obtain formal confirmation of his or her knowledge and skills in order to be eligible to practice. The method for obtaining such formal certification is to obtain a\u00a0<strong>certificate<\/strong>\u00a0intended\u00a0<strong>for welders<\/strong>Welding Consulting's services include welding examinations in accordance with ISO 9606. In turn, Welding Consulting's services include the examination of welding professionals according to ISO 9606 standards.<\/p><h2>Certificates for welders to confirm their qualifications<\/h2><p>We provide professional examinations as a necessary step to obtain the\u00a0<strong>certificate for welders<\/strong>. Skills testing takes the form of performing trial joints, which are then checked for correct preparation. The examination also includes work on the basis of instructions received. The whole process, however, applies only to non-mechanised activities.\u00a0<strong>Certification of welders<\/strong>\u00a0confirms the qualification of the professional and is of great importance for the proper execution of welds and thus the strength of welded structures.<\/p><h2>ISO 9606 certification of welders<\/h2><p>Welding work can take many forms and take place in a variety of industrial plants, so\u00a0<strong>certification for welders<\/strong>\u00a0should confirm their qualification to deal with specific materials. At Welding Consulting, we offer examinations in accordance with the accepted ISO 9606 standards. This means that\u00a0<strong>certification of welders<\/strong>\u00a0in our company includes the testing of skills in working with steel, aluminium, copper, nickel, titanium, zirconium, as well as alloys of these metals.<\/p><h2>Professional certification of welders at Welding Consulting<\/h2><p>Welding Consulting is a company specialising in a wide range of welding services, one of which is\u00a0<strong>certification of welders<\/strong>which is a necessary step to obtain the required authorisations. We comply with all applicable standards and regulations, and our extensive experience makes our offer distinguished by the highest level of professionalism. We invite you to take advantage of our examination offer for\u00a0<strong>certification for welders<\/strong>.<\/p>\t\t\t\t\t\t\t\t<\/div>\n\t\t\t\t<\/div>\n\t\t\t\t\t<\/div>\n\t\t<\/div>\n\t\t\t\t\t<\/div>\n\t\t<\/section>\n\t\t\t\t\t<\/div>\n\t\t<\/div>\n\t\t\t\t\t<\/div>\n\t\t<\/section>\n\t\t\t\t<\/div>","protected":false},"excerpt":{"rendered":"<p>Welding Certifications Welding Consulting conducts examinations for welders according to ISO 9606 standards. When examining a welder, the focus is on the welder&#039;s ability to manually manipulate the electrode, welding gun or welding torch in such a way as to produce a weld of acceptable quality. The welding processes according to this part of ISO 9606 cover only those welding processes that are considered to be manual or partially mechanized welding processes. Therefore, they do not cover fully mechanized and automatic welding processes. A qualified welder is still a highly sought-after professional in many companies operating in various industries. However, every welding specialist should obtain formal confirmation of their knowledge and skills in order to be authorized to practice the profession. The method of obtaining such official authorizations is to receive a certificate intended for welders, obtained after previously passing an examination in the field of welding. The services of Welding Consulting include examinations of people involved in welding in accordance with ISO 9606 standards. Certificates for welders confirming their qualifications We conduct professional examinations, which are a necessary step to obtain a certificate for welders. The skills are checked by making test joints, which are then checked for correct preparation. The examination also includes work based on the instructions received. However, the whole applies only to non-mechanized activities. Welder certification confirms the qualifications of a specialist and is of great importance for the proper execution of welds, and thus the strength of welded structures. Welder certification according to ISO 9606 standards Welding work can take various forms and take place in various industrial plants, which is why certificates for welders should confirm their qualifications to deal with specific materials. At Welding Consulting, we offer exams in accordance with the adopted ISO 9606 standards. This means that the certification of welders in our company includes checking skills in the field of working with steel, aluminum, copper, nickel, titanium, zirconium, and alloys of these metals. Professional certification of welders at Welding Consulting Welding Consulting is a company specializing in services in the broadly understood welding field, and one of them is the certification of welders, which is a necessary step to obtain the required authorizations. We comply with all applicable standards and regulations, and our extensive experience makes our offer stand out with the highest level of professionalism. We invite you to take advantage of our offer of exams for welder certificates.<\/p>","protected":false},"author":1,"featured_media":0,"parent":0,"menu_order":0,"comment_status":"closed","ping_status":"closed","template":"elementor_header_footer","meta":{"site-sidebar-layout":"default","site-content-layout":"","ast-site-content-layout":"default","site-content-style":"default","site-sidebar-style":"default","ast-global-header-display":"","ast-banner-title-visibility":"","ast-main-header-display":"","ast-hfb-above-header-display":"","ast-hfb-below-header-display":"","ast-hfb-mobile-header-display":"","site-post-title":"","ast-breadcrumbs-content":"","ast-featured-img":"","footer-sml-layout":"","ast-disable-related-posts":"","theme-transparent-header-meta":"default","adv-header-id-meta":"","stick-header-meta":"","header-above-stick-meta":"","header-main-stick-meta":"","header-below-stick-meta":"","astra-migrate-meta-layouts":"set","ast-page-background-enabled":"default","ast-page-background-meta":{"desktop":{"background-color":"var(--ast-global-color-4)","background-image":"","background-repeat":"repeat","background-position":"center center","background-size":"auto","background-attachment":"scroll","background-type":"","background-media":"","overlay-type":"","overlay-color":"","overlay-opacity":"","overlay-gradient":""},"tablet":{"background-color":"","background-image":"","background-repeat":"repeat","background-position":"center center","background-size":"auto","background-attachment":"scroll","background-type":"","background-media":"","overlay-type":"","overlay-color":"","overlay-opacity":"","overlay-gradient":""},"mobile":{"background-color":"","background-image":"","background-repeat":"repeat","background-position":"center center","background-size":"auto","background-attachment":"scroll","background-type":"","background-media":"","overlay-type":"","overlay-color":"","overlay-opacity":"","overlay-gradient":""}},"ast-content-background-meta":{"desktop":{"background-color":"var(--ast-global-color-5)","background-image":"","background-repeat":"repeat","background-position":"center center","background-size":"auto","background-attachment":"scroll","background-type":"","background-media":"","overlay-type":"","overlay-color":"","overlay-opacity":"","overlay-gradient":""},"tablet":{"background-color":"var(--ast-global-color-5)","background-image":"","background-repeat":"repeat","background-position":"center center","background-size":"auto","background-attachment":"scroll","background-type":"","background-media":"","overlay-type":"","overlay-color":"","overlay-opacity":"","overlay-gradient":""},"mobile":{"background-color":"var(--ast-global-color-5)","background-image":"","background-repeat":"repeat","background-position":"center center","background-size":"auto","background-attachment":"scroll","background-type":"","background-media":"","overlay-type":"","overlay-color":"","overlay-opacity":"","overlay-gradient":""}},"footnotes":""},"class_list":["post-1039","page","type-page","status-publish","hentry"],"rttpg_featured_image_url":null,"rttpg_author":{"display_name":"admin-JYZ7TiXE","author_link":"https:\/\/weldingconsulting.pl\/en\/author\/admin-jyz7tixe\/"},"rttpg_comment":0,"rttpg_category":null,"rttpg_excerpt":"Certyfikaty dla spawaczy Firma Welding Consulting przeprowadza egzaminy dla spawaczy wed\u0142ug\u00a0norm ISO 9606. Podczas egzaminowania spawacza, punktem ci\u0119\u017cko\u015bci jest zdolno\u015b\u0107 spawacza do\u00a0takiego r\u0119cznego manipulowania elektrod\u0105, uchwytem spawalniczym lub\u00a0palnikiem spawalniczym, aby wykona\u0107 spoin\u0119 o\u00a0akceptowanej jako\u015bci. Procesy spawania wed\u0142ug niniejszej cz\u0119\u015bci ISO 9606 obejmuj\u0105 tylko\u00a0takie procesy spawania, kt\u00f3re uznane s\u0105 za\u00a0procesy r\u0119cznego lub\u00a0cz\u0119\u015bciowo zmechanizowanego spawania. Nie\u00a0obejmuj\u0105 zatem\u00a0proces\u00f3w&hellip;","_links":{"self":[{"href":"https:\/\/weldingconsulting.pl\/en\/wp-json\/wp\/v2\/pages\/1039","targetHints":{"allow":["GET"]}}],"collection":[{"href":"https:\/\/weldingconsulting.pl\/en\/wp-json\/wp\/v2\/pages"}],"about":[{"href":"https:\/\/weldingconsulting.pl\/en\/wp-json\/wp\/v2\/types\/page"}],"author":[{"embeddable":true,"href":"https:\/\/weldingconsulting.pl\/en\/wp-json\/wp\/v2\/users\/1"}],"replies":[{"embeddable":true,"href":"https:\/\/weldingconsulting.pl\/en\/wp-json\/wp\/v2\/comments?post=1039"}],"version-history":[{"count":15,"href":"https:\/\/weldingconsulting.pl\/en\/wp-json\/wp\/v2\/pages\/1039\/revisions"}],"predecessor-version":[{"id":2467,"href":"https:\/\/weldingconsulting.pl\/en\/wp-json\/wp\/v2\/pages\/1039\/revisions\/2467"}],"wp:attachment":[{"href":"https:\/\/weldingconsulting.pl\/en\/wp-json\/wp\/v2\/media?parent=1039"}],"curies":[{"name":"wp","href":"https:\/\/api.w.org\/{rel}","templated":true}]}}