{"id":1027,"date":"2023-09-20T20:14:24","date_gmt":"2023-09-20T18:14:24","guid":{"rendered":"https:\/\/weldingconsulting.pl\/?page_id=1027"},"modified":"2023-12-20T16:11:37","modified_gmt":"2023-12-20T15:11:37","slug":"welding-engineer","status":"publish","type":"page","link":"https:\/\/weldingconsulting.pl\/en\/welding-engineer\/","title":{"rendered":"External welding engineer"},"content":{"rendered":"<div data-elementor-type=\"wp-page\" data-elementor-id=\"1027\" class=\"elementor elementor-1027\" data-elementor-post-type=\"page\">\n\t\t\t\t\t\t<section class=\"elementor-section elementor-top-section elementor-element elementor-element-c395eda elementor-section-boxed elementor-section-height-default elementor-section-height-default wpr-particle-no wpr-jarallax-no wpr-parallax-no wpr-sticky-section-no wpr-column-slider-no wpr-equal-height-no\" data-id=\"c395eda\" data-element_type=\"section\" data-e-type=\"section\">\n\t\t\t\t\t\t<div class=\"elementor-container elementor-column-gap-default\">\n\t\t\t\t\t<div class=\"elementor-column elementor-col-100 elementor-top-column elementor-element elementor-element-3c664c0\" data-id=\"3c664c0\" data-element_type=\"column\" data-e-type=\"column\">\n\t\t\t<div class=\"elementor-widget-wrap elementor-element-populated\">\n\t\t\t\t\t\t<div class=\"elementor-element elementor-element-b1e7c2c elementor-widget elementor-widget-heading\" data-id=\"b1e7c2c\" data-element_type=\"widget\" data-e-type=\"widget\" data-widget_type=\"heading.default\">\n\t\t\t\t<div class=\"elementor-widget-container\">\n\t\t\t\t\t<h1 class=\"elementor-heading-title elementor-size-default\">Welding Engineer<\/h1>\t\t\t\t<\/div>\n\t\t\t\t<\/div>\n\t\t\t\t<section class=\"elementor-section elementor-inner-section elementor-element elementor-element-da29a22 elementor-section-boxed elementor-section-height-default elementor-section-height-default wpr-particle-no wpr-jarallax-no wpr-parallax-no wpr-sticky-section-no wpr-column-slider-no wpr-equal-height-no\" data-id=\"da29a22\" data-element_type=\"section\" data-e-type=\"section\">\n\t\t\t\t\t\t<div class=\"elementor-container elementor-column-gap-default\">\n\t\t\t\t\t<div class=\"elementor-column elementor-col-50 elementor-inner-column elementor-element elementor-element-e5d09b2\" data-id=\"e5d09b2\" data-element_type=\"column\" data-e-type=\"column\">\n\t\t\t<div class=\"elementor-widget-wrap elementor-element-populated\">\n\t\t\t\t\t\t<div class=\"elementor-element elementor-element-e81ad32 elementor-widget elementor-widget-text-editor\" data-id=\"e81ad32\" data-element_type=\"widget\" data-e-type=\"widget\" data-widget_type=\"text-editor.default\">\n\t\t\t\t<div class=\"elementor-widget-container\">\n\t\t\t\t\t\t\t\t\t<p>When certifying a plant to ISO 3834, a company must have suitably qualified personnel. An IWE-certified welding engineer becomes an essential necessity and his or her daily presence is not required. We suggest that you take advantage of the range of services offered by Welding Consulting.<\/p><ul><li>Develops welding techniques, procedures and the application of welding equipment to metal fabrication problems using knowledge of production specifications, metal and metal alloy properties and engineering principles: Conducts research and development studies to develop and test new processes and procedures, improves existing or tests new welding equipment, develops new or modifies current welding methods, techniques and procedures, discovers new patterns of welding phenomena.<\/li><li>Evaluates the technical reports resulting from the test results, carries out preventive actions in case of non-conformities.<\/li><li>Develops welding procedures to guide production and welding personnel with respect to specification constraints, material processes, heat treatment requirements which include the use of complex alloys, unusual fabrication methods, welding of critical joints and complex requirements.<\/li><li>Evaluates new developments in welding for possible application to solving current welding problems or production processes.<\/li><li>Directs and co-ordinates technical staff during inspections to ensure employees are familiar with established welding procedures, restrictions and standards.<\/li><li>Contacts personnel from other companies, engineering personnel or customers to exchange ideas, technical information on welding matters.<\/li><\/ul>\t\t\t\t\t\t\t\t<\/div>\n\t\t\t\t<\/div>\n\t\t\t\t\t<\/div>\n\t\t<\/div>\n\t\t\t\t<div class=\"elementor-column elementor-col-50 elementor-inner-column elementor-element elementor-element-c1c1d6a\" data-id=\"c1c1d6a\" data-element_type=\"column\" data-e-type=\"column\">\n\t\t\t<div class=\"elementor-widget-wrap elementor-element-populated\">\n\t\t\t\t\t\t<div class=\"elementor-element elementor-element-fcacd14 elementor-widget elementor-widget-image\" data-id=\"fcacd14\" data-element_type=\"widget\" data-e-type=\"widget\" data-widget_type=\"image.default\">\n\t\t\t\t<div class=\"elementor-widget-container\">\n\t\t\t\t\t\t\t\t\t\t\t\t\t\t\t<img fetchpriority=\"high\" decoding=\"async\" width=\"768\" height=\"576\" src=\"https:\/\/weldingconsulting.pl\/wp-content\/uploads\/2023\/09\/4.webp\" class=\"attachment-large size-large wp-image-1383\" alt=\"\" srcset=\"https:\/\/weldingconsulting.pl\/wp-content\/uploads\/2023\/09\/4.webp 768w, https:\/\/weldingconsulting.pl\/wp-content\/uploads\/2023\/09\/4-300x225.webp 300w\" sizes=\"(max-width: 768px) 100vw, 768px\" title=\"\">\t\t\t\t\t\t\t\t\t\t\t\t\t\t\t<\/div>\n\t\t\t\t<\/div>\n\t\t\t\t\t<\/div>\n\t\t<\/div>\n\t\t\t\t\t<\/div>\n\t\t<\/section>\n\t\t\t\t\t<\/div>\n\t\t<\/div>\n\t\t\t\t\t<\/div>\n\t\t<\/section>\n\t\t\t\t<\/div>","protected":false},"excerpt":{"rendered":"<p>Welding Engineer Certifying a plant according to ISO 3834 standard, the company must have appropriately qualified personnel. A welding engineer with IWE certificate becomes a necessary necessity and his daily presence is not required. We suggest that you take advantage of the range of services offered by Welding Consulting. Develops welding techniques, procedures and application of welding equipment to problems related to metal production, using knowledge of production specifications, properties of metals and metal alloys and engineering principles: Conducts research and development studies to develop and test new processes and procedures, improves existing or tests new welding equipment, develops new or modifies current welding methods, techniques and procedures, discovers new patterns of welding phenomena. Evaluates technical reports resulting from the test results, performs preventive actions in the event of non-conformances. Develops welding procedures to direct production and welding personnel in relation to specification constraints, material processes, heat treatment requirements which include the use of complex alloys, unusual fabrication methods, welding of critical joints, and complex requirements. Evaluates new welding developments for possible application to solve current welding or production process problems. Directs and coordinates technical personnel in conducting inspections to ensure familiarity with established welding procedures, constraints, and standards. Contacts personnel from other companies, engineering personnel, or customers to exchange ideas, technical information on welding matters.<\/p>","protected":false},"author":1,"featured_media":0,"parent":0,"menu_order":0,"comment_status":"closed","ping_status":"closed","template":"elementor_header_footer","meta":{"site-sidebar-layout":"default","site-content-layout":"","ast-site-content-layout":"default","site-content-style":"default","site-sidebar-style":"default","ast-global-header-display":"","ast-banner-title-visibility":"","ast-main-header-display":"","ast-hfb-above-header-display":"","ast-hfb-below-header-display":"","ast-hfb-mobile-header-display":"","site-post-title":"","ast-breadcrumbs-content":"","ast-featured-img":"","footer-sml-layout":"","ast-disable-related-posts":"","theme-transparent-header-meta":"default","adv-header-id-meta":"","stick-header-meta":"","header-above-stick-meta":"","header-main-stick-meta":"","header-below-stick-meta":"","astra-migrate-meta-layouts":"set","ast-page-background-enabled":"default","ast-page-background-meta":{"desktop":{"background-color":"var(--ast-global-color-4)","background-image":"","background-repeat":"repeat","background-position":"center center","background-size":"auto","background-attachment":"scroll","background-type":"","background-media":"","overlay-type":"","overlay-color":"","overlay-opacity":"","overlay-gradient":""},"tablet":{"background-color":"","background-image":"","background-repeat":"repeat","background-position":"center center","background-size":"auto","background-attachment":"scroll","background-type":"","background-media":"","overlay-type":"","overlay-color":"","overlay-opacity":"","overlay-gradient":""},"mobile":{"background-color":"","background-image":"","background-repeat":"repeat","background-position":"center center","background-size":"auto","background-attachment":"scroll","background-type":"","background-media":"","overlay-type":"","overlay-color":"","overlay-opacity":"","overlay-gradient":""}},"ast-content-background-meta":{"desktop":{"background-color":"var(--ast-global-color-5)","background-image":"","background-repeat":"repeat","background-position":"center center","background-size":"auto","background-attachment":"scroll","background-type":"","background-media":"","overlay-type":"","overlay-color":"","overlay-opacity":"","overlay-gradient":""},"tablet":{"background-color":"var(--ast-global-color-5)","background-image":"","background-repeat":"repeat","background-position":"center center","background-size":"auto","background-attachment":"scroll","background-type":"","background-media":"","overlay-type":"","overlay-color":"","overlay-opacity":"","overlay-gradient":""},"mobile":{"background-color":"var(--ast-global-color-5)","background-image":"","background-repeat":"repeat","background-position":"center center","background-size":"auto","background-attachment":"scroll","background-type":"","background-media":"","overlay-type":"","overlay-color":"","overlay-opacity":"","overlay-gradient":""}},"footnotes":""},"class_list":["post-1027","page","type-page","status-publish","hentry"],"rttpg_featured_image_url":null,"rttpg_author":{"display_name":"admin-JYZ7TiXE","author_link":"https:\/\/weldingconsulting.pl\/en\/author\/admin-jyz7tixe\/"},"rttpg_comment":0,"rttpg_category":null,"rttpg_excerpt":"In\u017cynier Spawalnictwa Certyfikuj\u0105c zak\u0142ad wed\u0142ug normy ISO 3834 firma musi posiada\u0107 odpowiednio kwalifikowany personel. In\u017cynier spawalnictwa z\u00a0certyfikatem IWE staje\u00a0si\u0119 niezb\u0119dn\u0105 konieczno\u015bci\u0105 a\u00a0jego\u00a0codzienna obecno\u015b\u0107 nie\u00a0jest wymagana. Proponujemy aby\u015bcie skorzystali pa\u0144stwo z\u00a0zakresu us\u0142ug proponowanych przez Welding Consulting. Opracowuje techniki spawalnicze, procedury i\u00a0zastosowanie sprz\u0119tu spawalniczego do\u00a0problem\u00f3w zwi\u0105zanych z\u00a0wytwarzaniem metali, wykorzystuj\u0105c wiedz\u0119 na\u00a0temat specyfikacji produkcyjnych, w\u0142a\u015bciwo\u015bci metali i\u00a0stop\u00f3w metali&hellip;","_links":{"self":[{"href":"https:\/\/weldingconsulting.pl\/en\/wp-json\/wp\/v2\/pages\/1027","targetHints":{"allow":["GET"]}}],"collection":[{"href":"https:\/\/weldingconsulting.pl\/en\/wp-json\/wp\/v2\/pages"}],"about":[{"href":"https:\/\/weldingconsulting.pl\/en\/wp-json\/wp\/v2\/types\/page"}],"author":[{"embeddable":true,"href":"https:\/\/weldingconsulting.pl\/en\/wp-json\/wp\/v2\/users\/1"}],"replies":[{"embeddable":true,"href":"https:\/\/weldingconsulting.pl\/en\/wp-json\/wp\/v2\/comments?post=1027"}],"version-history":[{"count":13,"href":"https:\/\/weldingconsulting.pl\/en\/wp-json\/wp\/v2\/pages\/1027\/revisions"}],"predecessor-version":[{"id":2491,"href":"https:\/\/weldingconsulting.pl\/en\/wp-json\/wp\/v2\/pages\/1027\/revisions\/2491"}],"wp:attachment":[{"href":"https:\/\/weldingconsulting.pl\/en\/wp-json\/wp\/v2\/media?parent=1027"}],"curies":[{"name":"wp","href":"https:\/\/api.w.org\/{rel}","templated":true}]}}