{"id":8642,"date":"2026-03-10T09:03:47","date_gmt":"2026-03-10T08:03:47","guid":{"rendered":"https:\/\/weldingconsulting.pl\/?page_id=8642"},"modified":"2026-03-10T09:15:09","modified_gmt":"2026-03-10T08:15:09","slug":"iso-14731-schweiskoordinator","status":"publish","type":"page","link":"https:\/\/weldingconsulting.pl\/de\/iso-14731-schweiskoordinator\/","title":{"rendered":"ISO 14731 Schwei\u00dfkoordinator | Schwei\u00dfaufsicht in Polen"},"content":{"rendered":"<div data-elementor-type=\"wp-page\" data-elementor-id=\"8642\" class=\"elementor elementor-8642\" data-elementor-post-type=\"page\">\n\t\t\t\t\t\t<section class=\"elementor-section elementor-top-section elementor-element elementor-element-2a7c8cd2 elementor-section-boxed elementor-section-height-default elementor-section-height-default wpr-particle-no wpr-jarallax-no wpr-parallax-no wpr-sticky-section-no\" data-id=\"2a7c8cd2\" data-element_type=\"section\" data-e-type=\"section\">\n\t\t\t\t\t\t<div class=\"elementor-container elementor-column-gap-default\">\n\t\t\t\t\t<div class=\"elementor-column elementor-col-100 elementor-top-column elementor-element elementor-element-6ff73851\" data-id=\"6ff73851\" data-element_type=\"column\" data-e-type=\"column\">\n\t\t\t<div class=\"elementor-widget-wrap elementor-element-populated\">\n\t\t\t\t\t\t<div class=\"elementor-element elementor-element-7526f8b6 elementor-widget elementor-widget-text-editor\" data-id=\"7526f8b6\" data-element_type=\"widget\" data-e-type=\"widget\" data-widget_type=\"text-editor.default\">\n\t\t\t\t<div class=\"elementor-widget-container\">\n\t\t\t\t\t\t\t\t\t\n<h1 class=\"wp-block-heading\"><\/h1>\n\t\t\t\t\t\t\t\t<\/div>\n\t\t\t\t<\/div>\n\t\t\t\t\t<\/div>\n\t\t<\/div>\n\t\t\t\t\t<\/div>\n\t\t<\/section>\n\t\t\t\t<section class=\"elementor-section elementor-top-section elementor-element elementor-element-e6c6b5e elementor-section-boxed elementor-section-height-default elementor-section-height-default wpr-particle-no wpr-jarallax-no wpr-parallax-no wpr-sticky-section-no\" data-id=\"e6c6b5e\" data-element_type=\"section\" data-e-type=\"section\">\n\t\t\t\t\t\t<div class=\"elementor-container elementor-column-gap-default\">\n\t\t\t\t\t<div class=\"elementor-column elementor-col-100 elementor-top-column elementor-element elementor-element-dd708bb\" data-id=\"dd708bb\" data-element_type=\"column\" data-e-type=\"column\">\n\t\t\t<div class=\"elementor-widget-wrap elementor-element-populated\">\n\t\t\t\t\t\t<div class=\"elementor-element elementor-element-e9c82f9 elementor-widget elementor-widget-heading\" data-id=\"e9c82f9\" data-element_type=\"widget\" data-e-type=\"widget\" data-widget_type=\"heading.default\">\n\t\t\t\t<div class=\"elementor-widget-container\">\n\t\t\t\t\t<h2 class=\"elementor-heading-title elementor-size-default\">ISO 14731 Schwei\u00dfkoordinator<\/h2>\t\t\t\t<\/div>\n\t\t\t\t<\/div>\n\t\t\t\t\t<\/div>\n\t\t<\/div>\n\t\t\t\t\t<\/div>\n\t\t<\/section>\n\t\t\t\t<section class=\"elementor-section elementor-top-section elementor-element elementor-element-b6b2db4 elementor-section-boxed elementor-section-height-default elementor-section-height-default wpr-particle-no wpr-jarallax-no wpr-parallax-no wpr-sticky-section-no\" data-id=\"b6b2db4\" data-element_type=\"section\" data-e-type=\"section\">\n\t\t\t\t\t\t<div class=\"elementor-container elementor-column-gap-default\">\n\t\t\t\t\t<div class=\"elementor-column elementor-col-100 elementor-top-column elementor-element elementor-element-6a134f6\" data-id=\"6a134f6\" data-element_type=\"column\" data-e-type=\"column\">\n\t\t\t<div class=\"elementor-widget-wrap elementor-element-populated\">\n\t\t\t\t\t\t<div class=\"elementor-element elementor-element-82a6665 elementor-widget elementor-widget-heading\" data-id=\"82a6665\" data-element_type=\"widget\" data-e-type=\"widget\" data-widget_type=\"heading.default\">\n\t\t\t\t<div class=\"elementor-widget-container\">\n\t\t\t\t\t<h2 class=\"elementor-heading-title elementor-size-default\">Die Rolle des Schwei\u00dfkoordinators<\/h2>\t\t\t\t<\/div>\n\t\t\t\t<\/div>\n\t\t\t\t\t<\/div>\n\t\t<\/div>\n\t\t\t\t\t<\/div>\n\t\t<\/section>\n\t\t\t\t<section class=\"elementor-section elementor-top-section elementor-element elementor-element-5253eec elementor-section-boxed elementor-section-height-default elementor-section-height-default wpr-particle-no wpr-jarallax-no wpr-parallax-no wpr-sticky-section-no\" data-id=\"5253eec\" data-element_type=\"section\" data-e-type=\"section\">\n\t\t\t\t\t\t<div class=\"elementor-container elementor-column-gap-default\">\n\t\t\t\t\t<div class=\"elementor-column elementor-col-100 elementor-top-column elementor-element elementor-element-e1dcd60\" data-id=\"e1dcd60\" data-element_type=\"column\" data-e-type=\"column\">\n\t\t\t<div class=\"elementor-widget-wrap elementor-element-populated\">\n\t\t\t\t\t\t<div class=\"elementor-element elementor-element-b9726ff elementor-widget elementor-widget-text-editor\" data-id=\"b9726ff\" data-element_type=\"widget\" data-e-type=\"widget\" data-widget_type=\"text-editor.default\">\n\t\t\t\t<div class=\"elementor-widget-container\">\n\t\t\t\t\t\t\t\t\t<p data-start=\"2532\" data-end=\"2752\">Standard <strong data-start=\"2538\" data-end=\"2551\">ISO 14731<\/strong> Die Vorschriften legen die Anforderungen an die \u00dcberwachung von Schwei\u00dfprozessen in Industrieprojekten fest. Der Schwei\u00dfkoordinator ist f\u00fcr die ordnungsgem\u00e4\u00dfe Organisation und Kontrolle der schwei\u00dfbezogenen Prozesse verantwortlich.<\/p>\n<p data-start=\"2754\" data-end=\"2797\">Zu den Hauptaufgaben des Koordinators geh\u00f6ren:<\/p>\n<ul>\n<li data-start=\"2801\" data-end=\"2834\">\u00dcberwachung der Schwei\u00dftechnik<\/li>\n<li data-start=\"2837\" data-end=\"2873\">Kontrolle der Schwei\u00dfdokumentation<\/li>\n<li data-start=\"2876\" data-end=\"2910\">\u00dcberwachung der Qualifikationen von Schwei\u00dfern<\/li>\n<li data-start=\"2913\" data-end=\"2949\">\u00dcberpr\u00fcfung der Schwei\u00dfverfahren<\/li>\n<li data-start=\"2952\" data-end=\"2996\">Zusammenarbeit mit den Abteilungen Qualit\u00e4t und Produktion<\/li>\n<\/ul>\t\t\t\t\t\t\t\t<\/div>\n\t\t\t\t<\/div>\n\t\t\t\t\t<\/div>\n\t\t<\/div>\n\t\t\t\t\t<\/div>\n\t\t<\/section>\n\t\t\t\t<section class=\"elementor-section elementor-top-section elementor-element elementor-element-e68cdf4 elementor-section-boxed elementor-section-height-default elementor-section-height-default wpr-particle-no wpr-jarallax-no wpr-parallax-no wpr-sticky-section-no\" data-id=\"e68cdf4\" data-element_type=\"section\" data-e-type=\"section\">\n\t\t\t\t\t\t<div class=\"elementor-container elementor-column-gap-default\">\n\t\t\t\t\t<div class=\"elementor-column elementor-col-100 elementor-top-column elementor-element elementor-element-71b6434\" data-id=\"71b6434\" data-element_type=\"column\" data-e-type=\"column\">\n\t\t\t<div class=\"elementor-widget-wrap elementor-element-populated\">\n\t\t\t\t\t\t<div class=\"elementor-element elementor-element-00d6c26 elementor-widget elementor-widget-heading\" data-id=\"00d6c26\" data-element_type=\"widget\" data-e-type=\"widget\" data-widget_type=\"heading.default\">\n\t\t\t\t<div class=\"elementor-widget-container\">\n\t\t\t\t\t<h2 class=\"elementor-heading-title elementor-size-default\">Unterst\u00fctzung f\u00fcr Industrieprojekte<\/h2>\t\t\t\t<\/div>\n\t\t\t\t<\/div>\n\t\t\t\t\t<\/div>\n\t\t<\/div>\n\t\t\t\t\t<\/div>\n\t\t<\/section>\n\t\t\t\t<section class=\"elementor-section elementor-top-section elementor-element elementor-element-2fe9a71 elementor-section-boxed elementor-section-height-default elementor-section-height-default wpr-particle-no wpr-jarallax-no wpr-parallax-no wpr-sticky-section-no\" data-id=\"2fe9a71\" data-element_type=\"section\" data-e-type=\"section\">\n\t\t\t\t\t\t<div class=\"elementor-container elementor-column-gap-default\">\n\t\t\t\t\t<div class=\"elementor-column elementor-col-100 elementor-top-column elementor-element elementor-element-4f2087f\" data-id=\"4f2087f\" data-element_type=\"column\" data-e-type=\"column\">\n\t\t\t<div class=\"elementor-widget-wrap elementor-element-populated\">\n\t\t\t\t\t\t<div class=\"elementor-element elementor-element-4cbb636 elementor-widget elementor-widget-text-editor\" data-id=\"4cbb636\" data-element_type=\"widget\" data-e-type=\"widget\" data-widget_type=\"text-editor.default\">\n\t\t\t\t<div class=\"elementor-widget-container\">\n\t\t\t\t\t\t\t\t\t<p data-start=\"3045\" data-end=\"3167\">Der Schwei\u00dfkoordinator spielt eine Schl\u00fcsselrolle bei Projekten, die qualitativ hochwertige Schwei\u00dfkonstruktionen erfordern.<\/p>\n<p data-start=\"3169\" data-end=\"3201\">Die Unterst\u00fctzung umfasst unter anderem:<\/p>\n<ul>\n<li data-start=\"3205\" data-end=\"3249\">\u00dcberwachung der Produktion von Schwei\u00dfkonstruktionen<\/li>\n<li data-start=\"3252\" data-end=\"3276\">Schwei\u00dfqualit\u00e4tskontrolle<\/li>\n<li data-start=\"3279\" data-end=\"3313\">Analyse der technischen Dokumentation<\/li>\n<li data-start=\"3316\" data-end=\"3356\">Zusammenarbeit mit Zertifizierungsstellen<\/li>\n<\/ul>\t\t\t\t\t\t\t\t<\/div>\n\t\t\t\t<\/div>\n\t\t\t\t\t<\/div>\n\t\t<\/div>\n\t\t\t\t\t<\/div>\n\t\t<\/section>\n\t\t\t\t<section class=\"elementor-section elementor-top-section elementor-element elementor-element-12a76f2 elementor-section-boxed elementor-section-height-default elementor-section-height-default wpr-particle-no wpr-jarallax-no wpr-parallax-no wpr-sticky-section-no\" data-id=\"12a76f2\" data-element_type=\"section\" data-e-type=\"section\">\n\t\t\t\t\t\t<div class=\"elementor-container elementor-column-gap-default\">\n\t\t\t\t\t<div class=\"elementor-column elementor-col-100 elementor-top-column elementor-element elementor-element-df9e7b7\" data-id=\"df9e7b7\" data-element_type=\"column\" data-e-type=\"column\">\n\t\t\t<div class=\"elementor-widget-wrap elementor-element-populated\">\n\t\t\t\t\t\t<div class=\"elementor-element elementor-element-2b52395 elementor-widget elementor-widget-heading\" data-id=\"2b52395\" data-element_type=\"widget\" data-e-type=\"widget\" data-widget_type=\"heading.default\">\n\t\t\t\t<div class=\"elementor-widget-container\">\n\t\t\t\t\t<h2 class=\"elementor-heading-title elementor-size-default\">Einhaltung internationaler Standards<\/h2>\t\t\t\t<\/div>\n\t\t\t\t<\/div>\n\t\t\t\t\t<\/div>\n\t\t<\/div>\n\t\t\t\t\t<\/div>\n\t\t<\/section>\n\t\t\t\t<section class=\"elementor-section elementor-top-section elementor-element elementor-element-9618f2d elementor-section-boxed elementor-section-height-default elementor-section-height-default wpr-particle-no wpr-jarallax-no wpr-parallax-no wpr-sticky-section-no\" data-id=\"9618f2d\" data-element_type=\"section\" data-e-type=\"section\">\n\t\t\t\t\t\t<div class=\"elementor-container elementor-column-gap-default\">\n\t\t\t\t\t<div class=\"elementor-column elementor-col-100 elementor-top-column elementor-element elementor-element-e2f9e87\" data-id=\"e2f9e87\" data-element_type=\"column\" data-e-type=\"column\">\n\t\t\t<div class=\"elementor-widget-wrap elementor-element-populated\">\n\t\t\t\t\t\t<div class=\"elementor-element elementor-element-4c9baad elementor-widget elementor-widget-text-editor\" data-id=\"4c9baad\" data-element_type=\"widget\" data-e-type=\"widget\" data-widget_type=\"text-editor.default\">\n\t\t\t\t<div class=\"elementor-widget-container\">\n\t\t\t\t\t\t\t\t\t<p data-start=\"3408\" data-end=\"3522\">Eine professionelle Schwei\u00dfkoordination tr\u00e4gt dazu bei, die Einhaltung wichtiger Branchenstandards sicherzustellen, wie zum Beispiel:<\/p>\n<ul>\n<li data-start=\"3526\" data-end=\"3536\">ISO 3834<\/li>\n<li data-start=\"3539\" data-end=\"3550\">ISO 14731<\/li>\n<li data-start=\"3553\" data-end=\"3562\">EN 1090<\/li>\n<li data-start=\"3565\" data-end=\"3598\">Anforderungen an Industrieprojekte<\/li>\n<\/ul>\n<p data-start=\"3600\" data-end=\"3699\">Dadurch k\u00f6nnen die Anforderungen der Investoren erf\u00fcllt und die Sicherheit des Bauwerks erh\u00f6ht werden.<\/p>\t\t\t\t\t\t\t\t<\/div>\n\t\t\t\t<\/div>\n\t\t\t\t\t<\/div>\n\t\t<\/div>\n\t\t\t\t\t<\/div>\n\t\t<\/section>\n\t\t\t\t<section class=\"elementor-section elementor-top-section elementor-element elementor-element-9966365 elementor-section-boxed elementor-section-height-default elementor-section-height-default wpr-particle-no wpr-jarallax-no wpr-parallax-no wpr-sticky-section-no\" data-id=\"9966365\" data-element_type=\"section\" data-e-type=\"section\">\n\t\t\t\t\t\t<div class=\"elementor-container elementor-column-gap-default\">\n\t\t\t\t\t<div class=\"elementor-column elementor-col-100 elementor-top-column elementor-element elementor-element-45f6cd9\" data-id=\"45f6cd9\" data-element_type=\"column\" data-e-type=\"column\">\n\t\t\t<div class=\"elementor-widget-wrap elementor-element-populated\">\n\t\t\t\t\t\t<div class=\"elementor-element elementor-element-a8d8f5b elementor-widget elementor-widget-heading\" data-id=\"a8d8f5b\" data-element_type=\"widget\" data-e-type=\"widget\" data-widget_type=\"heading.default\">\n\t\t\t\t<div class=\"elementor-widget-container\">\n\t\t\t\t\t<h2 class=\"elementor-heading-title elementor-size-default\">Optimierung der Schwei\u00dfprozesse<\/h2>\t\t\t\t<\/div>\n\t\t\t\t<\/div>\n\t\t\t\t\t<\/div>\n\t\t<\/div>\n\t\t\t\t\t<\/div>\n\t\t<\/section>\n\t\t\t\t<section class=\"elementor-section elementor-top-section elementor-element elementor-element-0a607f7 elementor-section-boxed elementor-section-height-default elementor-section-height-default wpr-particle-no wpr-jarallax-no wpr-parallax-no wpr-sticky-section-no\" data-id=\"0a607f7\" data-element_type=\"section\" data-e-type=\"section\">\n\t\t\t\t\t\t<div class=\"elementor-container elementor-column-gap-default\">\n\t\t\t\t\t<div class=\"elementor-column elementor-col-100 elementor-top-column elementor-element elementor-element-f594b09\" data-id=\"f594b09\" data-element_type=\"column\" data-e-type=\"column\">\n\t\t\t<div class=\"elementor-widget-wrap elementor-element-populated\">\n\t\t\t\t\t\t<div class=\"elementor-element elementor-element-4be9756 elementor-widget elementor-widget-text-editor\" data-id=\"4be9756\" data-element_type=\"widget\" data-e-type=\"widget\" data-widget_type=\"text-editor.default\">\n\t\t\t\t<div class=\"elementor-widget-container\">\n\t\t\t\t\t\t\t\t\t<p data-start=\"1443\" data-end=\"1693\">Der Schwei\u00dfkoordinator \u00fcberwacht nicht nur die Prozesse, sondern unterst\u00fctzt aktiv die Produktionsoptimierung. Durch die Analyse von Schwei\u00dfprozessen und die Umsetzung von Verbesserungen lassen sich Projektdurchf\u00fchrungszeiten verk\u00fcrzen, Kosten senken und die Schwei\u00dfnahtqualit\u00e4t verbessern.<\/p>\n<p data-start=\"1695\" data-end=\"1893\">Dank regelm\u00e4\u00dfiger interner Audits und der \u00dcberwachung technologischer Parameter k\u00f6nnen Probleme schnell erkannt und Korrekturen vorgenommen werden, was die Effizienz des gesamten Produktionsprozesses steigert.<\/p>\t\t\t\t\t\t\t\t<\/div>\n\t\t\t\t<\/div>\n\t\t\t\t\t<\/div>\n\t\t<\/div>\n\t\t\t\t\t<\/div>\n\t\t<\/section>\n\t\t\t\t<section class=\"elementor-section elementor-top-section elementor-element elementor-element-c23b648 elementor-section-boxed elementor-section-height-default elementor-section-height-default wpr-particle-no wpr-jarallax-no wpr-parallax-no wpr-sticky-section-no\" data-id=\"c23b648\" data-element_type=\"section\" data-e-type=\"section\">\n\t\t\t\t\t\t<div class=\"elementor-container elementor-column-gap-default\">\n\t\t\t\t\t<div class=\"elementor-column elementor-col-100 elementor-top-column elementor-element elementor-element-7616e9b\" data-id=\"7616e9b\" data-element_type=\"column\" data-e-type=\"column\">\n\t\t\t<div class=\"elementor-widget-wrap elementor-element-populated\">\n\t\t\t\t\t\t<div class=\"elementor-element elementor-element-fe525df elementor-widget elementor-widget-heading\" data-id=\"fe525df\" data-element_type=\"widget\" data-e-type=\"widget\" data-widget_type=\"heading.default\">\n\t\t\t\t<div class=\"elementor-widget-container\">\n\t\t\t\t\t<h2 class=\"elementor-heading-title elementor-size-default\">Unterst\u00fctzung f\u00fcr Projektteams<\/h2>\t\t\t\t<\/div>\n\t\t\t\t<\/div>\n\t\t\t\t\t<\/div>\n\t\t<\/div>\n\t\t\t\t\t<\/div>\n\t\t<\/section>\n\t\t\t\t<section class=\"elementor-section elementor-top-section elementor-element elementor-element-da2579e elementor-section-boxed elementor-section-height-default elementor-section-height-default wpr-particle-no wpr-jarallax-no wpr-parallax-no wpr-sticky-section-no\" data-id=\"da2579e\" data-element_type=\"section\" data-e-type=\"section\">\n\t\t\t\t\t\t<div class=\"elementor-container elementor-column-gap-default\">\n\t\t\t\t\t<div class=\"elementor-column elementor-col-100 elementor-top-column elementor-element elementor-element-14cc79f\" data-id=\"14cc79f\" data-element_type=\"column\" data-e-type=\"column\">\n\t\t\t<div class=\"elementor-widget-wrap elementor-element-populated\">\n\t\t\t\t\t\t<div class=\"elementor-element elementor-element-0686f9d elementor-widget elementor-widget-text-editor\" data-id=\"0686f9d\" data-element_type=\"widget\" data-e-type=\"widget\" data-widget_type=\"text-editor.default\">\n\t\t\t\t<div class=\"elementor-widget-container\">\n\t\t\t\t\t\t\t\t\t<p data-start=\"1944\" data-end=\"2210\">Der Schwei\u00dfkoordinator fungiert zudem als Berater f\u00fcr Ingenieure, Projektmanager und Auftragnehmer. Dank seiner technischen Expertise k\u00f6nnen die Projektteams fundiertere Entscheidungen treffen und so das Risiko von Prozessfehlern und kostspieligen Nacharbeiten minimieren.<\/p>\n<p data-start=\"2212\" data-end=\"2390\">Dar\u00fcber hinaus unterst\u00fctzt der Schwei\u00dfkoordinator die Mitarbeiterschulung, die Einf\u00fchrung neuer Verfahren und die Integration internationaler Normen in die t\u00e4glichen Produktionsprozesse.<\/p>\t\t\t\t\t\t\t\t<\/div>\n\t\t\t\t<\/div>\n\t\t\t\t\t<\/div>\n\t\t<\/div>\n\t\t\t\t\t<\/div>\n\t\t<\/section>\n\t\t\t\t<\/div>","protected":false},"excerpt":{"rendered":"<p>Koordynator Spawalnictwa ISO 14731 Rola koordynatora spawalnictwa Norma ISO 14731 okre\u015bla wymagania dotycz\u0105ce nadzoru nad procesami spawalniczymi w projektach przemys\u0142owych. Koordynator spawalnictwa odpowiada za prawid\u0142ow\u0105 organizacj\u0119 oraz kontrol\u0119 proces\u00f3w zwi\u0105zanych ze spawaniem. Do g\u0142\u00f3wnych obowi\u0105zk\u00f3w koordynatora nale\u017c\u0105: nadz\u00f3r nad technologi\u0105 spawania kontrola dokumentacji spawalniczej nadz\u00f3r nad kwalifikacj\u0105 spawaczy weryfikacja procedur spawalniczych wsp\u00f3\u0142praca z dzia\u0142ami jako\u015bci oraz produkcji Wsparcie projekt\u00f3w przemys\u0142owych Koordynator spawalnictwa odgrywa kluczow\u0105 rol\u0119 w projektach wymagaj\u0105cych wysokiej jako\u015bci wykonania konstrukcji spawanych. Wsparcie obejmuje mi\u0119dzy innymi: nadz\u00f3r nad produkcj\u0105 konstrukcji spawanych kontrol\u0119 jako\u015bci spoin analiz\u0119 dokumentacji technicznej wsp\u00f3\u0142prac\u0119 z jednostkami certyfikuj\u0105cymi Zgodno\u015b\u0107 z normami mi\u0119dzynarodowymi Profesjonalna koordynacja spawalnictwa pozwala zapewni\u0107 zgodno\u015b\u0107 z najwa\u017cniejszymi normami bran\u017cowymi, takimi jak: ISO 3834 ISO 14731 EN 1090 wymagania projekt\u00f3w przemys\u0142owych Dzi\u0119ki temu mo\u017cliwe jest spe\u0142nienie wymaga\u0144 inwestor\u00f3w oraz zwi\u0119kszenie bezpiecze\u0144stwa konstrukcji. Optymalizacja proces\u00f3w spawalniczych Koordynator spawalnictwa nie tylko nadzoruje procesy, ale r\u00f3wnie\u017c aktywnie wspiera optymalizacj\u0119 produkcji. Analiza proces\u00f3w spawalniczych i wdra\u017canie usprawnie\u0144 pozwala skr\u00f3ci\u0107 czas realizacji projekt\u00f3w, zmniejszy\u0107 koszty oraz poprawi\u0107 jako\u015b\u0107 spoin. Dzi\u0119ki regularnym audytom wewn\u0119trznym i monitorowaniu parametr\u00f3w technologicznych mo\u017cliwe jest szybkie wykrycie problem\u00f3w i wprowadzenie korekt, co zwi\u0119ksza efektywno\u015b\u0107 ca\u0142ego procesu produkcyjnego. Wsparcie dla zespo\u0142\u00f3w projektowych Koordynator spawalnictwa pe\u0142ni r\u00f3wnie\u017c rol\u0119 doradcz\u0105 dla in\u017cynier\u00f3w, kierownik\u00f3w projekt\u00f3w i wykonawc\u00f3w. Dzi\u0119ki jego wiedzy technicznej zespo\u0142y projektowe mog\u0105 podejmowa\u0107 bardziej \u015bwiadome decyzje, minimalizuj\u0105c ryzyko b\u0142\u0119d\u00f3w technologicznych i kosztownych poprawek. Dodatkowo, koordynator spawalnictwa wspiera szkolenia personelu, wprowadzanie nowych procedur oraz integracj\u0119 wymaga\u0144 norm mi\u0119dzynarodowych z codziennymi procesami produkcyjnymi.<\/p>","protected":false},"author":1,"featured_media":0,"parent":0,"menu_order":0,"comment_status":"closed","ping_status":"closed","template":"elementor_header_footer","meta":{"site-sidebar-layout":"default","site-content-layout":"","ast-site-content-layout":"default","site-content-style":"default","site-sidebar-style":"default","ast-global-header-display":"","ast-banner-title-visibility":"","ast-main-header-display":"","ast-hfb-above-header-display":"","ast-hfb-below-header-display":"","ast-hfb-mobile-header-display":"","site-post-title":"","ast-breadcrumbs-content":"","ast-featured-img":"","footer-sml-layout":"","ast-disable-related-posts":"","theme-transparent-header-meta":"","adv-header-id-meta":"","stick-header-meta":"","header-above-stick-meta":"","header-main-stick-meta":"","header-below-stick-meta":"","astra-migrate-meta-layouts":"default","ast-page-background-enabled":"default","ast-page-background-meta":{"desktop":{"background-color":"var(--ast-global-color-4)","background-image":"","background-repeat":"repeat","background-position":"center center","background-size":"auto","background-attachment":"scroll","background-type":"","background-media":"","overlay-type":"","overlay-color":"","overlay-opacity":"","overlay-gradient":""},"tablet":{"background-color":"","background-image":"","background-repeat":"repeat","background-position":"center center","background-size":"auto","background-attachment":"scroll","background-type":"","background-media":"","overlay-type":"","overlay-color":"","overlay-opacity":"","overlay-gradient":""},"mobile":{"background-color":"","background-image":"","background-repeat":"repeat","background-position":"center center","background-size":"auto","background-attachment":"scroll","background-type":"","background-media":"","overlay-type":"","overlay-color":"","overlay-opacity":"","overlay-gradient":""}},"ast-content-background-meta":{"desktop":{"background-color":"var(--ast-global-color-5)","background-image":"","background-repeat":"repeat","background-position":"center center","background-size":"auto","background-attachment":"scroll","background-type":"","background-media":"","overlay-type":"","overlay-color":"","overlay-opacity":"","overlay-gradient":""},"tablet":{"background-color":"var(--ast-global-color-5)","background-image":"","background-repeat":"repeat","background-position":"center center","background-size":"auto","background-attachment":"scroll","background-type":"","background-media":"","overlay-type":"","overlay-color":"","overlay-opacity":"","overlay-gradient":""},"mobile":{"background-color":"var(--ast-global-color-5)","background-image":"","background-repeat":"repeat","background-position":"center center","background-size":"auto","background-attachment":"scroll","background-type":"","background-media":"","overlay-type":"","overlay-color":"","overlay-opacity":"","overlay-gradient":""}},"footnotes":""},"class_list":["post-8642","page","type-page","status-publish","hentry"],"rttpg_featured_image_url":null,"rttpg_author":{"display_name":"admin-JYZ7TiXE","author_link":"https:\/\/weldingconsulting.pl\/de\/author\/admin-jyz7tixe\/"},"rttpg_comment":0,"rttpg_category":null,"rttpg_excerpt":"Koordynator Spawalnictwa ISO 14731 Rola koordynatora spawalnictwa Norma ISO 14731 okre\u015bla wymagania dotycz\u0105ce nadzoru nad procesami spawalniczymi w projektach przemys\u0142owych. Koordynator spawalnictwa odpowiada za prawid\u0142ow\u0105 organizacj\u0119 oraz kontrol\u0119 proces\u00f3w zwi\u0105zanych ze spawaniem. Do g\u0142\u00f3wnych obowi\u0105zk\u00f3w koordynatora nale\u017c\u0105: nadz\u00f3r nad technologi\u0105 spawania kontrola dokumentacji spawalniczej nadz\u00f3r nad kwalifikacj\u0105 spawaczy weryfikacja procedur spawalniczych wsp\u00f3\u0142praca z dzia\u0142ami jako\u015bci&hellip;","_links":{"self":[{"href":"https:\/\/weldingconsulting.pl\/de\/wp-json\/wp\/v2\/pages\/8642","targetHints":{"allow":["GET"]}}],"collection":[{"href":"https:\/\/weldingconsulting.pl\/de\/wp-json\/wp\/v2\/pages"}],"about":[{"href":"https:\/\/weldingconsulting.pl\/de\/wp-json\/wp\/v2\/types\/page"}],"author":[{"embeddable":true,"href":"https:\/\/weldingconsulting.pl\/de\/wp-json\/wp\/v2\/users\/1"}],"replies":[{"embeddable":true,"href":"https:\/\/weldingconsulting.pl\/de\/wp-json\/wp\/v2\/comments?post=8642"}],"version-history":[{"count":7,"href":"https:\/\/weldingconsulting.pl\/de\/wp-json\/wp\/v2\/pages\/8642\/revisions"}],"predecessor-version":[{"id":8650,"href":"https:\/\/weldingconsulting.pl\/de\/wp-json\/wp\/v2\/pages\/8642\/revisions\/8650"}],"wp:attachment":[{"href":"https:\/\/weldingconsulting.pl\/de\/wp-json\/wp\/v2\/media?parent=8642"}],"curies":[{"name":"wp","href":"https:\/\/api.w.org\/{rel}","templated":true}]}}