{"id":8636,"date":"2026-03-10T08:58:07","date_gmt":"2026-03-10T07:58:07","guid":{"rendered":"https:\/\/weldingconsulting.pl\/?page_id=8636"},"modified":"2026-03-10T09:17:44","modified_gmt":"2026-03-10T08:17:44","slug":"iso-3834-berater-polen","status":"publish","type":"page","link":"https:\/\/weldingconsulting.pl\/de\/iso-3834-berater-polen\/","title":{"rendered":"ISO 3834-Berater in Polen | Unterst\u00fctzung bei Audits und Zertifizierungen"},"content":{"rendered":"<div data-elementor-type=\"wp-page\" data-elementor-id=\"8636\" class=\"elementor elementor-8636\" data-elementor-post-type=\"page\">\n\t\t\t\t\t\t<section class=\"elementor-section elementor-top-section elementor-element elementor-element-a9fe3e0 elementor-section-boxed elementor-section-height-default elementor-section-height-default wpr-particle-no wpr-jarallax-no wpr-parallax-no wpr-sticky-section-no\" data-id=\"a9fe3e0\" data-element_type=\"section\" data-e-type=\"section\">\n\t\t\t\t\t\t<div class=\"elementor-container elementor-column-gap-default\">\n\t\t\t\t\t<div class=\"elementor-column elementor-col-100 elementor-top-column elementor-element elementor-element-1d913d5d\" data-id=\"1d913d5d\" data-element_type=\"column\" data-e-type=\"column\">\n\t\t\t<div class=\"elementor-widget-wrap elementor-element-populated\">\n\t\t\t\t\t\t<div class=\"elementor-element elementor-element-7e730962 elementor-widget elementor-widget-text-editor\" data-id=\"7e730962\" data-element_type=\"widget\" data-e-type=\"widget\" data-widget_type=\"text-editor.default\">\n\t\t\t\t<div class=\"elementor-widget-container\">\n\t\t\t\t\t\t\t\t\t\n<h1 class=\"wp-block-heading\"><\/h1>\n\t\t\t\t\t\t\t\t<\/div>\n\t\t\t\t<\/div>\n\t\t\t\t\t<\/div>\n\t\t<\/div>\n\t\t\t\t\t<\/div>\n\t\t<\/section>\n\t\t\t\t<section class=\"elementor-section elementor-top-section elementor-element elementor-element-0168926 elementor-section-boxed elementor-section-height-default elementor-section-height-default wpr-particle-no wpr-jarallax-no wpr-parallax-no wpr-sticky-section-no\" data-id=\"0168926\" data-element_type=\"section\" data-e-type=\"section\">\n\t\t\t\t\t\t<div class=\"elementor-container elementor-column-gap-default\">\n\t\t\t\t\t<div class=\"elementor-column elementor-col-100 elementor-top-column elementor-element elementor-element-933e48c\" data-id=\"933e48c\" data-element_type=\"column\" data-e-type=\"column\">\n\t\t\t<div class=\"elementor-widget-wrap elementor-element-populated\">\n\t\t\t\t\t\t<div class=\"elementor-element elementor-element-d9c4754 elementor-widget elementor-widget-heading\" data-id=\"d9c4754\" data-element_type=\"widget\" data-e-type=\"widget\" data-widget_type=\"heading.default\">\n\t\t\t\t<div class=\"elementor-widget-container\">\n\t\t\t\t\t<h1 class=\"elementor-heading-title elementor-size-default\">Konsultant ISO 3834 w Polsce<\/h1>\t\t\t\t<\/div>\n\t\t\t\t<\/div>\n\t\t\t\t\t<\/div>\n\t\t<\/div>\n\t\t\t\t\t<\/div>\n\t\t<\/section>\n\t\t\t\t<section class=\"elementor-section elementor-top-section elementor-element elementor-element-0b31f79 elementor-section-boxed elementor-section-height-default elementor-section-height-default wpr-particle-no wpr-jarallax-no wpr-parallax-no wpr-sticky-section-no\" data-id=\"0b31f79\" data-element_type=\"section\" data-e-type=\"section\">\n\t\t\t\t\t\t<div class=\"elementor-container elementor-column-gap-default\">\n\t\t\t\t\t<div class=\"elementor-column elementor-col-100 elementor-top-column elementor-element elementor-element-ea89b05\" data-id=\"ea89b05\" data-element_type=\"column\" data-e-type=\"column\">\n\t\t\t<div class=\"elementor-widget-wrap elementor-element-populated\">\n\t\t\t\t\t\t<div class=\"elementor-element elementor-element-c053c32 elementor-widget elementor-widget-heading\" data-id=\"c053c32\" data-element_type=\"widget\" data-e-type=\"widget\" data-widget_type=\"heading.default\">\n\t\t\t\t<div class=\"elementor-widget-container\">\n\t\t\t\t\t<h2 class=\"elementor-heading-title elementor-size-default\">Wsparcie w przygotowaniu do audytu ISO 3834<\/h2>\t\t\t\t<\/div>\n\t\t\t\t<\/div>\n\t\t\t\t\t<\/div>\n\t\t<\/div>\n\t\t\t\t\t<\/div>\n\t\t<\/section>\n\t\t\t\t<section class=\"elementor-section elementor-top-section elementor-element elementor-element-b397a12 elementor-section-boxed elementor-section-height-default elementor-section-height-default wpr-particle-no wpr-jarallax-no wpr-parallax-no wpr-sticky-section-no\" data-id=\"b397a12\" data-element_type=\"section\" data-e-type=\"section\">\n\t\t\t\t\t\t<div class=\"elementor-container elementor-column-gap-default\">\n\t\t\t\t\t<div class=\"elementor-column elementor-col-100 elementor-top-column elementor-element elementor-element-48165da\" data-id=\"48165da\" data-element_type=\"column\" data-e-type=\"column\">\n\t\t\t<div class=\"elementor-widget-wrap elementor-element-populated\">\n\t\t\t\t\t\t<div class=\"elementor-element elementor-element-61189b2 elementor-widget elementor-widget-text-editor\" data-id=\"61189b2\" data-element_type=\"widget\" data-e-type=\"widget\" data-widget_type=\"text-editor.default\">\n\t\t\t\t<div class=\"elementor-widget-container\">\n\t\t\t\t\t\t\t\t\t<p data-start=\"579\" data-end=\"812\">Standard <strong data-start=\"585\" data-end=\"597\">ISO 3834<\/strong> okre\u015bla wymagania dotycz\u0105ce zarz\u0105dzania jako\u015bci\u0105 w procesach spawalniczych. W wielu bran\u017cach przemys\u0142owych spe\u0142nienie tej normy jest niezb\u0119dne do realizacji projekt\u00f3w oraz wsp\u00f3\u0142pracy z mi\u0119dzynarodowymi inwestorami.<\/p>\n<p data-start=\"814\" data-end=\"934\">Profesjonalny konsultant ISO 3834 pomaga firmom przygotowa\u0107 si\u0119 do audytu oraz wdro\u017cy\u0107 odpowiednie procedury jako\u015bciowe.<\/p>\n<p data-start=\"936\" data-end=\"968\">Die Unterst\u00fctzung umfasst unter anderem:<\/p>\n<ul>\n<li data-start=\"972\" data-end=\"1013\">analiz\u0119 obecnych proces\u00f3w spawalniczych<\/li>\n<li data-start=\"1016\" data-end=\"1075\">przygotowanie dokumentacji wymaganej przez norm\u0119 ISO 3834<\/li>\n<li data-start=\"1078\" data-end=\"1131\">weryfikacj\u0119 procedur technologii spawania (WPS\/PQR)<\/li>\n<li data-start=\"1134\" data-end=\"1174\">wsparcie podczas audytu certyfikacyjnego<\/li>\n<\/ul>\t\t\t\t\t\t\t\t<\/div>\n\t\t\t\t<\/div>\n\t\t\t\t\t<\/div>\n\t\t<\/div>\n\t\t\t\t\t<\/div>\n\t\t<\/section>\n\t\t\t\t<section class=\"elementor-section elementor-top-section elementor-element elementor-element-1e04d9f elementor-section-boxed elementor-section-height-default elementor-section-height-default wpr-particle-no wpr-jarallax-no wpr-parallax-no wpr-sticky-section-no\" data-id=\"1e04d9f\" data-element_type=\"section\" data-e-type=\"section\">\n\t\t\t\t\t\t<div class=\"elementor-container elementor-column-gap-default\">\n\t\t\t\t\t<div class=\"elementor-column elementor-col-100 elementor-top-column elementor-element elementor-element-a971ef9\" data-id=\"a971ef9\" data-element_type=\"column\" data-e-type=\"column\">\n\t\t\t<div class=\"elementor-widget-wrap elementor-element-populated\">\n\t\t\t\t\t\t<div class=\"elementor-element elementor-element-42f933b elementor-widget elementor-widget-heading\" data-id=\"42f933b\" data-element_type=\"widget\" data-e-type=\"widget\" data-widget_type=\"heading.default\">\n\t\t\t\t<div class=\"elementor-widget-container\">\n\t\t\t\t\t<h2 class=\"elementor-heading-title elementor-size-default\">Wdro\u017cenie systemu jako\u015bci spawalniczej<\/h2>\t\t\t\t<\/div>\n\t\t\t\t<\/div>\n\t\t\t\t\t<\/div>\n\t\t<\/div>\n\t\t\t\t\t<\/div>\n\t\t<\/section>\n\t\t\t\t<section class=\"elementor-section elementor-top-section elementor-element elementor-element-5e65a31 elementor-section-boxed elementor-section-height-default elementor-section-height-default wpr-particle-no wpr-jarallax-no wpr-parallax-no wpr-sticky-section-no\" data-id=\"5e65a31\" data-element_type=\"section\" data-e-type=\"section\">\n\t\t\t\t\t\t<div class=\"elementor-container elementor-column-gap-default\">\n\t\t\t\t\t<div class=\"elementor-column elementor-col-100 elementor-top-column elementor-element elementor-element-d4ae36d\" data-id=\"d4ae36d\" data-element_type=\"column\" data-e-type=\"column\">\n\t\t\t<div class=\"elementor-widget-wrap elementor-element-populated\">\n\t\t\t\t\t\t<div class=\"elementor-element elementor-element-2094b87 elementor-widget elementor-widget-text-editor\" data-id=\"2094b87\" data-element_type=\"widget\" data-e-type=\"widget\" data-widget_type=\"text-editor.default\">\n\t\t\t\t<div class=\"elementor-widget-container\">\n\t\t\t\t\t\t\t\t\t<p data-start=\"1229\" data-end=\"1444\">Wdro\u017cenie normy ISO 3834 wymaga odpowiedniego systemu zarz\u0105dzania jako\u015bci\u0105 w procesach spawalniczych. Konsultant spawalnictwa wspiera przedsi\u0119biorstwa w opracowaniu i wdro\u017ceniu procedur zgodnych z wymaganiami normy.<\/p>\n<p data-start=\"1446\" data-end=\"1472\">Proces wdro\u017cenia obejmuje:<\/p>\n<ul>\n<li data-start=\"1476\" data-end=\"1516\">przygotowanie dokumentacji jako\u015bciowej<\/li>\n<li data-start=\"1519\" data-end=\"1555\">opracowanie procedur spawalniczych<\/li>\n<li data-start=\"1558\" data-end=\"1592\">szkolenie personelu technicznego<\/li>\n<li data-start=\"1595\" data-end=\"1629\">wdro\u017cenie systemu kontroli jako\u015bci<\/li>\n<\/ul>\n<p data-start=\"1631\" data-end=\"1737\">Dzi\u0119ki temu firma mo\u017ce skutecznie przygotowa\u0107 si\u0119 do audytu oraz spe\u0142ni\u0107 wymagania klient\u00f3w przemys\u0142owych.<\/p>\t\t\t\t\t\t\t\t<\/div>\n\t\t\t\t<\/div>\n\t\t\t\t\t<\/div>\n\t\t<\/div>\n\t\t\t\t\t<\/div>\n\t\t<\/section>\n\t\t\t\t<section class=\"elementor-section elementor-top-section elementor-element elementor-element-672c189 elementor-section-boxed elementor-section-height-default elementor-section-height-default wpr-particle-no wpr-jarallax-no wpr-parallax-no wpr-sticky-section-no\" data-id=\"672c189\" data-element_type=\"section\" data-e-type=\"section\">\n\t\t\t\t\t\t<div class=\"elementor-container elementor-column-gap-default\">\n\t\t\t\t\t<div class=\"elementor-column elementor-col-100 elementor-top-column elementor-element elementor-element-b697f49\" data-id=\"b697f49\" data-element_type=\"column\" data-e-type=\"column\">\n\t\t\t<div class=\"elementor-widget-wrap elementor-element-populated\">\n\t\t\t\t\t\t<div class=\"elementor-element elementor-element-489a6e0 elementor-widget elementor-widget-heading\" data-id=\"489a6e0\" data-element_type=\"widget\" data-e-type=\"widget\" data-widget_type=\"heading.default\">\n\t\t\t\t<div class=\"elementor-widget-container\">\n\t\t\t\t\t<h2 class=\"elementor-heading-title elementor-size-default\">Wsparcie techniczne dla firm produkcyjnych<\/h2>\t\t\t\t<\/div>\n\t\t\t\t<\/div>\n\t\t\t\t\t<\/div>\n\t\t<\/div>\n\t\t\t\t\t<\/div>\n\t\t<\/section>\n\t\t\t\t<section class=\"elementor-section elementor-top-section elementor-element elementor-element-3c58c01 elementor-section-boxed elementor-section-height-default elementor-section-height-default wpr-particle-no wpr-jarallax-no wpr-parallax-no wpr-sticky-section-no\" data-id=\"3c58c01\" data-element_type=\"section\" data-e-type=\"section\">\n\t\t\t\t\t\t<div class=\"elementor-container elementor-column-gap-default\">\n\t\t\t\t\t<div class=\"elementor-column elementor-col-100 elementor-top-column elementor-element elementor-element-021fda8\" data-id=\"021fda8\" data-element_type=\"column\" data-e-type=\"column\">\n\t\t\t<div class=\"elementor-widget-wrap elementor-element-populated\">\n\t\t\t\t\t\t<div class=\"elementor-element elementor-element-47e7ece elementor-widget elementor-widget-text-editor\" data-id=\"47e7ece\" data-element_type=\"widget\" data-e-type=\"widget\" data-widget_type=\"text-editor.default\">\n\t\t\t\t<div class=\"elementor-widget-container\">\n\t\t\t\t\t\t\t\t\t<p data-start=\"1796\" data-end=\"1913\">Konsultant ISO 3834 wspiera firmy produkcyjne w optymalizacji proces\u00f3w spawalniczych oraz poprawie jako\u015bci produkcji.<\/p>\n<p data-start=\"1915\" data-end=\"1937\">Us\u0142ugi mog\u0105 obejmowa\u0107:<\/p>\n<ul>\n<li data-start=\"1941\" data-end=\"1990\">technische Beratung zu Schwei\u00dfprojekten<\/li>\n<li data-start=\"1993\" data-end=\"2028\">kontrol\u0119 dokumentacji technicznej<\/li>\n<li data-start=\"2031\" data-end=\"2067\">analiz\u0119 problem\u00f3w technologicznych<\/li>\n<li data-start=\"2070\" data-end=\"2113\">popraw\u0119 efektywno\u015bci proces\u00f3w produkcyjnych<\/li>\n<\/ul>\t\t\t\t\t\t\t\t<\/div>\n\t\t\t\t<\/div>\n\t\t\t\t\t<\/div>\n\t\t<\/div>\n\t\t\t\t\t<\/div>\n\t\t<\/section>\n\t\t\t\t<section class=\"elementor-section elementor-top-section elementor-element elementor-element-72a785a elementor-section-boxed elementor-section-height-default elementor-section-height-default wpr-particle-no wpr-jarallax-no wpr-parallax-no wpr-sticky-section-no\" data-id=\"72a785a\" data-element_type=\"section\" data-e-type=\"section\">\n\t\t\t\t\t\t<div class=\"elementor-container elementor-column-gap-default\">\n\t\t\t\t\t<div class=\"elementor-column elementor-col-100 elementor-top-column elementor-element elementor-element-77b7c89\" data-id=\"77b7c89\" data-element_type=\"column\" data-e-type=\"column\">\n\t\t\t<div class=\"elementor-widget-wrap elementor-element-populated\">\n\t\t\t\t\t\t<div class=\"elementor-element elementor-element-9c668c2 elementor-widget elementor-widget-heading\" data-id=\"9c668c2\" data-element_type=\"widget\" data-e-type=\"widget\" data-widget_type=\"heading.default\">\n\t\t\t\t<div class=\"elementor-widget-container\">\n\t\t\t\t\t<h2 class=\"elementor-heading-title elementor-size-default\">Doradztwo w zakresie certyfikacji i audyt\u00f3w mi\u0119dzynarodowych<\/h2>\t\t\t\t<\/div>\n\t\t\t\t<\/div>\n\t\t\t\t\t<\/div>\n\t\t<\/div>\n\t\t\t\t\t<\/div>\n\t\t<\/section>\n\t\t\t\t<section class=\"elementor-section elementor-top-section elementor-element elementor-element-54cabd0 elementor-section-boxed elementor-section-height-default elementor-section-height-default wpr-particle-no wpr-jarallax-no wpr-parallax-no wpr-sticky-section-no\" data-id=\"54cabd0\" data-element_type=\"section\" data-e-type=\"section\">\n\t\t\t\t\t\t<div class=\"elementor-container elementor-column-gap-default\">\n\t\t\t\t\t<div class=\"elementor-column elementor-col-100 elementor-top-column elementor-element elementor-element-a86fc2f\" data-id=\"a86fc2f\" data-element_type=\"column\" data-e-type=\"column\">\n\t\t\t<div class=\"elementor-widget-wrap elementor-element-populated\">\n\t\t\t\t\t\t<div class=\"elementor-element elementor-element-f691eae elementor-widget elementor-widget-text-editor\" data-id=\"f691eae\" data-element_type=\"widget\" data-e-type=\"widget\" data-widget_type=\"text-editor.default\">\n\t\t\t\t<div class=\"elementor-widget-container\">\n\t\t\t\t\t\t\t\t\t<p data-start=\"218\" data-end=\"560\">Konsultant ISO 3834 mo\u017ce r\u00f3wnie\u017c wspiera\u0107 firmy przygotowuj\u0105ce si\u0119 do audyt\u00f3w mi\u0119dzynarodowych i certyfikacji projekt\u00f3w przemys\u0142owych. Dzi\u0119ki do\u015bwiadczeniu w pracy z r\u00f3\u017cnymi standardami i wymaganiami klient\u00f3w zagranicznych, specjalista pomaga w skutecznym wdro\u017ceniu wymog\u00f3w norm ISO i zapewnieniu pe\u0142nej zgodno\u015bci dokumentacji spawalniczej.<\/p>\n<p data-start=\"562\" data-end=\"767\">W ramach tego wsparcia przeprowadzana jest analiza wymaga\u0144 audytowych, przygotowanie dokumentacji zgodnie z mi\u0119dzynarodowymi standardami oraz szkolenia dla zespo\u0142\u00f3w odpowiedzialnych za procesy spawalnicze.<\/p>\t\t\t\t\t\t\t\t<\/div>\n\t\t\t\t<\/div>\n\t\t\t\t\t<\/div>\n\t\t<\/div>\n\t\t\t\t\t<\/div>\n\t\t<\/section>\n\t\t\t\t<section class=\"elementor-section elementor-top-section elementor-element elementor-element-a39a3cf elementor-section-boxed elementor-section-height-default elementor-section-height-default wpr-particle-no wpr-jarallax-no wpr-parallax-no wpr-sticky-section-no\" data-id=\"a39a3cf\" data-element_type=\"section\" data-e-type=\"section\">\n\t\t\t\t\t\t<div class=\"elementor-container elementor-column-gap-default\">\n\t\t\t\t\t<div class=\"elementor-column elementor-col-100 elementor-top-column elementor-element elementor-element-1a091ed\" data-id=\"1a091ed\" data-element_type=\"column\" data-e-type=\"column\">\n\t\t\t<div class=\"elementor-widget-wrap elementor-element-populated\">\n\t\t\t\t\t\t<div class=\"elementor-element elementor-element-2e9f965 elementor-widget elementor-widget-heading\" data-id=\"2e9f965\" data-element_type=\"widget\" data-e-type=\"widget\" data-widget_type=\"heading.default\">\n\t\t\t\t<div class=\"elementor-widget-container\">\n\t\t\t\t\t<h2 class=\"elementor-heading-title elementor-size-default\">Optymalizacja proces\u00f3w spawalniczych i jako\u015bci produkcji<\/h2>\t\t\t\t<\/div>\n\t\t\t\t<\/div>\n\t\t\t\t\t<\/div>\n\t\t<\/div>\n\t\t\t\t\t<\/div>\n\t\t<\/section>\n\t\t\t\t<section class=\"elementor-section elementor-top-section elementor-element elementor-element-d9b5836 elementor-section-boxed elementor-section-height-default elementor-section-height-default wpr-particle-no wpr-jarallax-no wpr-parallax-no wpr-sticky-section-no\" data-id=\"d9b5836\" data-element_type=\"section\" data-e-type=\"section\">\n\t\t\t\t\t\t<div class=\"elementor-container elementor-column-gap-default\">\n\t\t\t\t\t<div class=\"elementor-column elementor-col-100 elementor-top-column elementor-element elementor-element-e1dd0ee\" data-id=\"e1dd0ee\" data-element_type=\"column\" data-e-type=\"column\">\n\t\t\t<div class=\"elementor-widget-wrap elementor-element-populated\">\n\t\t\t\t\t\t<div class=\"elementor-element elementor-element-bb1c03b elementor-widget elementor-widget-text-editor\" data-id=\"bb1c03b\" data-element_type=\"widget\" data-e-type=\"widget\" data-widget_type=\"text-editor.default\">\n\t\t\t\t<div class=\"elementor-widget-container\">\n\t\t\t\t\t\t\t\t\t<p data-start=\"840\" data-end=\"1127\">Profesjonalny konsultant ISO 3834 nie tylko wspiera audyty, ale tak\u017ce aktywnie pomaga w optymalizacji proces\u00f3w spawalniczych. Analiza wydajno\u015bci produkcji, kontrola parametr\u00f3w technologicznych oraz wdra\u017canie najlepszych praktyk pozwala zmniejszy\u0107 ryzyko b\u0142\u0119d\u00f3w i poprawi\u0107 jako\u015b\u0107 spoin.<\/p>\n<p data-start=\"1129\" data-end=\"1357\">Dodatkowo, konsultant mo\u017ce rekomendowa\u0107 wdro\u017cenie narz\u0119dzi do monitorowania proces\u00f3w spawalniczych, co pozwala firmom na bie\u017c\u0105co kontrolowa\u0107 jako\u015b\u0107, skr\u00f3ci\u0107 czas produkcji oraz zwi\u0119kszy\u0107 efektywno\u015b\u0107 ca\u0142ego zak\u0142adu przemys\u0142owego.<\/p>\t\t\t\t\t\t\t\t<\/div>\n\t\t\t\t<\/div>\n\t\t\t\t\t<\/div>\n\t\t<\/div>\n\t\t\t\t\t<\/div>\n\t\t<\/section>\n\t\t\t\t<\/div>","protected":false},"excerpt":{"rendered":"<p>Konsultant ISO 3834 w Polsce Wsparcie w przygotowaniu do audytu ISO 3834 Norma ISO 3834 okre\u015bla wymagania dotycz\u0105ce zarz\u0105dzania jako\u015bci\u0105 w procesach spawalniczych. W wielu bran\u017cach przemys\u0142owych spe\u0142nienie tej normy jest niezb\u0119dne do realizacji projekt\u00f3w oraz wsp\u00f3\u0142pracy z mi\u0119dzynarodowymi inwestorami. Profesjonalny konsultant ISO 3834 pomaga firmom przygotowa\u0107 si\u0119 do audytu oraz wdro\u017cy\u0107 odpowiednie procedury jako\u015bciowe. Wsparcie obejmuje mi\u0119dzy innymi: analiz\u0119 obecnych proces\u00f3w spawalniczych przygotowanie dokumentacji wymaganej przez norm\u0119 ISO 3834 weryfikacj\u0119 procedur technologii spawania (WPS\/PQR) wsparcie podczas audytu certyfikacyjnego Wdro\u017cenie systemu jako\u015bci spawalniczej Wdro\u017cenie normy ISO 3834 wymaga odpowiedniego systemu zarz\u0105dzania jako\u015bci\u0105 w procesach spawalniczych. Konsultant spawalnictwa wspiera przedsi\u0119biorstwa w opracowaniu i wdro\u017ceniu procedur zgodnych z wymaganiami normy. Proces wdro\u017cenia obejmuje: przygotowanie dokumentacji jako\u015bciowej opracowanie procedur spawalniczych szkolenie personelu technicznego wdro\u017cenie systemu kontroli jako\u015bci Dzi\u0119ki temu firma mo\u017ce skutecznie przygotowa\u0107 si\u0119 do audytu oraz spe\u0142ni\u0107 wymagania klient\u00f3w przemys\u0142owych. Wsparcie techniczne dla firm produkcyjnych Konsultant ISO 3834 wspiera firmy produkcyjne w optymalizacji proces\u00f3w spawalniczych oraz poprawie jako\u015bci produkcji. Us\u0142ugi mog\u0105 obejmowa\u0107: doradztwo techniczne w projektach spawalniczych kontrol\u0119 dokumentacji technicznej analiz\u0119 problem\u00f3w technologicznych popraw\u0119 efektywno\u015bci proces\u00f3w produkcyjnych Doradztwo w zakresie certyfikacji i audyt\u00f3w mi\u0119dzynarodowych Konsultant ISO 3834 mo\u017ce r\u00f3wnie\u017c wspiera\u0107 firmy przygotowuj\u0105ce si\u0119 do audyt\u00f3w mi\u0119dzynarodowych i certyfikacji projekt\u00f3w przemys\u0142owych. Dzi\u0119ki do\u015bwiadczeniu w pracy z r\u00f3\u017cnymi standardami i wymaganiami klient\u00f3w zagranicznych, specjalista pomaga w skutecznym wdro\u017ceniu wymog\u00f3w norm ISO i zapewnieniu pe\u0142nej zgodno\u015bci dokumentacji spawalniczej. W ramach tego wsparcia przeprowadzana jest analiza wymaga\u0144 audytowych, przygotowanie dokumentacji zgodnie z mi\u0119dzynarodowymi standardami oraz szkolenia dla zespo\u0142\u00f3w odpowiedzialnych za procesy spawalnicze. Optymalizacja proces\u00f3w spawalniczych i jako\u015bci produkcji Profesjonalny konsultant ISO 3834 nie tylko wspiera audyty, ale tak\u017ce aktywnie pomaga w optymalizacji proces\u00f3w spawalniczych. Analiza wydajno\u015bci produkcji, kontrola parametr\u00f3w technologicznych oraz wdra\u017canie najlepszych praktyk pozwala zmniejszy\u0107 ryzyko b\u0142\u0119d\u00f3w i poprawi\u0107 jako\u015b\u0107 spoin. Dodatkowo, konsultant mo\u017ce rekomendowa\u0107 wdro\u017cenie narz\u0119dzi do monitorowania proces\u00f3w spawalniczych, co pozwala firmom na bie\u017c\u0105co kontrolowa\u0107 jako\u015b\u0107, skr\u00f3ci\u0107 czas produkcji oraz zwi\u0119kszy\u0107 efektywno\u015b\u0107 ca\u0142ego zak\u0142adu przemys\u0142owego.<\/p>","protected":false},"author":1,"featured_media":0,"parent":0,"menu_order":0,"comment_status":"closed","ping_status":"closed","template":"elementor_header_footer","meta":{"site-sidebar-layout":"default","site-content-layout":"","ast-site-content-layout":"default","site-content-style":"default","site-sidebar-style":"default","ast-global-header-display":"","ast-banner-title-visibility":"","ast-main-header-display":"","ast-hfb-above-header-display":"","ast-hfb-below-header-display":"","ast-hfb-mobile-header-display":"","site-post-title":"","ast-breadcrumbs-content":"","ast-featured-img":"","footer-sml-layout":"","ast-disable-related-posts":"","theme-transparent-header-meta":"","adv-header-id-meta":"","stick-header-meta":"","header-above-stick-meta":"","header-main-stick-meta":"","header-below-stick-meta":"","astra-migrate-meta-layouts":"default","ast-page-background-enabled":"default","ast-page-background-meta":{"desktop":{"background-color":"var(--ast-global-color-4)","background-image":"","background-repeat":"repeat","background-position":"center center","background-size":"auto","background-attachment":"scroll","background-type":"","background-media":"","overlay-type":"","overlay-color":"","overlay-opacity":"","overlay-gradient":""},"tablet":{"background-color":"","background-image":"","background-repeat":"repeat","background-position":"center center","background-size":"auto","background-attachment":"scroll","background-type":"","background-media":"","overlay-type":"","overlay-color":"","overlay-opacity":"","overlay-gradient":""},"mobile":{"background-color":"","background-image":"","background-repeat":"repeat","background-position":"center center","background-size":"auto","background-attachment":"scroll","background-type":"","background-media":"","overlay-type":"","overlay-color":"","overlay-opacity":"","overlay-gradient":""}},"ast-content-background-meta":{"desktop":{"background-color":"var(--ast-global-color-5)","background-image":"","background-repeat":"repeat","background-position":"center center","background-size":"auto","background-attachment":"scroll","background-type":"","background-media":"","overlay-type":"","overlay-color":"","overlay-opacity":"","overlay-gradient":""},"tablet":{"background-color":"var(--ast-global-color-5)","background-image":"","background-repeat":"repeat","background-position":"center center","background-size":"auto","background-attachment":"scroll","background-type":"","background-media":"","overlay-type":"","overlay-color":"","overlay-opacity":"","overlay-gradient":""},"mobile":{"background-color":"var(--ast-global-color-5)","background-image":"","background-repeat":"repeat","background-position":"center center","background-size":"auto","background-attachment":"scroll","background-type":"","background-media":"","overlay-type":"","overlay-color":"","overlay-opacity":"","overlay-gradient":""}},"footnotes":""},"class_list":["post-8636","page","type-page","status-publish","hentry"],"rttpg_featured_image_url":null,"rttpg_author":{"display_name":"admin-JYZ7TiXE","author_link":"https:\/\/weldingconsulting.pl\/de\/author\/admin-jyz7tixe\/"},"rttpg_comment":0,"rttpg_category":null,"rttpg_excerpt":"Konsultant ISO 3834 w Polsce Wsparcie w przygotowaniu do audytu ISO 3834 Norma ISO 3834 okre\u015bla wymagania dotycz\u0105ce zarz\u0105dzania jako\u015bci\u0105 w procesach spawalniczych. W wielu bran\u017cach przemys\u0142owych spe\u0142nienie tej normy jest niezb\u0119dne do realizacji projekt\u00f3w oraz wsp\u00f3\u0142pracy z mi\u0119dzynarodowymi inwestorami. Profesjonalny konsultant ISO 3834 pomaga firmom przygotowa\u0107 si\u0119 do audytu oraz wdro\u017cy\u0107 odpowiednie procedury jako\u015bciowe.&hellip;","_links":{"self":[{"href":"https:\/\/weldingconsulting.pl\/de\/wp-json\/wp\/v2\/pages\/8636","targetHints":{"allow":["GET"]}}],"collection":[{"href":"https:\/\/weldingconsulting.pl\/de\/wp-json\/wp\/v2\/pages"}],"about":[{"href":"https:\/\/weldingconsulting.pl\/de\/wp-json\/wp\/v2\/types\/page"}],"author":[{"embeddable":true,"href":"https:\/\/weldingconsulting.pl\/de\/wp-json\/wp\/v2\/users\/1"}],"replies":[{"embeddable":true,"href":"https:\/\/weldingconsulting.pl\/de\/wp-json\/wp\/v2\/comments?post=8636"}],"version-history":[{"count":7,"href":"https:\/\/weldingconsulting.pl\/de\/wp-json\/wp\/v2\/pages\/8636\/revisions"}],"predecessor-version":[{"id":8653,"href":"https:\/\/weldingconsulting.pl\/de\/wp-json\/wp\/v2\/pages\/8636\/revisions\/8653"}],"wp:attachment":[{"href":"https:\/\/weldingconsulting.pl\/de\/wp-json\/wp\/v2\/media?parent=8636"}],"curies":[{"name":"wp","href":"https:\/\/api.w.org\/{rel}","templated":true}]}}