{"id":8630,"date":"2026-03-10T08:51:47","date_gmt":"2026-03-10T07:51:47","guid":{"rendered":"https:\/\/weldingconsulting.pl\/?page_id=8630"},"modified":"2026-03-10T08:55:32","modified_gmt":"2026-03-10T07:55:32","slug":"unabhangiger-schweisinspektor-polen","status":"publish","type":"page","link":"https:\/\/weldingconsulting.pl\/de\/unabhangiger-schweisinspektor-polen\/","title":{"rendered":"Unabh\u00e4ngiger Schwei\u00dfinspektor in Polen | IWE-Schwei\u00dfaufsicht"},"content":{"rendered":"<div data-elementor-type=\"wp-page\" data-elementor-id=\"8630\" class=\"elementor elementor-8630\" data-elementor-post-type=\"page\">\n\t\t\t\t\t\t<section class=\"elementor-section elementor-top-section elementor-element elementor-element-20ccef29 elementor-section-boxed elementor-section-height-default elementor-section-height-default wpr-particle-no wpr-jarallax-no wpr-parallax-no wpr-sticky-section-no\" data-id=\"20ccef29\" data-element_type=\"section\" data-e-type=\"section\">\n\t\t\t\t\t\t<div class=\"elementor-container elementor-column-gap-default\">\n\t\t\t\t\t<div class=\"elementor-column elementor-col-100 elementor-top-column elementor-element elementor-element-3d93c143\" data-id=\"3d93c143\" data-element_type=\"column\" data-e-type=\"column\">\n\t\t\t<div class=\"elementor-widget-wrap elementor-element-populated\">\n\t\t\t\t\t\t<div class=\"elementor-element elementor-element-14cbb1bd elementor-widget elementor-widget-text-editor\" data-id=\"14cbb1bd\" data-element_type=\"widget\" data-e-type=\"widget\" data-widget_type=\"text-editor.default\">\n\t\t\t\t<div class=\"elementor-widget-container\">\n\t\t\t\t\t\t\t\t\t\n<h1 class=\"wp-block-heading\"><\/h1>\n\t\t\t\t\t\t\t\t<\/div>\n\t\t\t\t<\/div>\n\t\t\t\t\t<\/div>\n\t\t<\/div>\n\t\t\t\t\t<\/div>\n\t\t<\/section>\n\t\t\t\t<section class=\"elementor-section elementor-top-section elementor-element elementor-element-108b985 elementor-section-boxed elementor-section-height-default elementor-section-height-default wpr-particle-no wpr-jarallax-no wpr-parallax-no wpr-sticky-section-no\" data-id=\"108b985\" data-element_type=\"section\" data-e-type=\"section\">\n\t\t\t\t\t\t<div class=\"elementor-container elementor-column-gap-default\">\n\t\t\t\t\t<div class=\"elementor-column elementor-col-100 elementor-top-column elementor-element elementor-element-53a2d1d\" data-id=\"53a2d1d\" data-element_type=\"column\" data-e-type=\"column\">\n\t\t\t<div class=\"elementor-widget-wrap elementor-element-populated\">\n\t\t\t\t\t\t<div class=\"elementor-element elementor-element-65139d2 elementor-widget elementor-widget-heading\" data-id=\"65139d2\" data-element_type=\"widget\" data-e-type=\"widget\" data-widget_type=\"heading.default\">\n\t\t\t\t<div class=\"elementor-widget-container\">\n\t\t\t\t\t<h1 class=\"elementor-heading-title elementor-size-default\">Unabh\u00e4ngiger Schwei\u00dfinspektor in Polen<\/h1>\t\t\t\t<\/div>\n\t\t\t\t<\/div>\n\t\t\t\t\t<\/div>\n\t\t<\/div>\n\t\t\t\t\t<\/div>\n\t\t<\/section>\n\t\t\t\t<section class=\"elementor-section elementor-top-section elementor-element elementor-element-830ea08 elementor-section-boxed elementor-section-height-default elementor-section-height-default wpr-particle-no wpr-jarallax-no wpr-parallax-no wpr-sticky-section-no\" data-id=\"830ea08\" data-element_type=\"section\" data-e-type=\"section\">\n\t\t\t\t\t\t<div class=\"elementor-container elementor-column-gap-default\">\n\t\t\t\t\t<div class=\"elementor-column elementor-col-100 elementor-top-column elementor-element elementor-element-3e5a4aa\" data-id=\"3e5a4aa\" data-element_type=\"column\" data-e-type=\"column\">\n\t\t\t<div class=\"elementor-widget-wrap elementor-element-populated\">\n\t\t\t\t\t\t<div class=\"elementor-element elementor-element-0eae44d elementor-widget elementor-widget-heading\" data-id=\"0eae44d\" data-element_type=\"widget\" data-e-type=\"widget\" data-widget_type=\"heading.default\">\n\t\t\t\t<div class=\"elementor-widget-container\">\n\t\t\t\t\t<h2 class=\"elementor-heading-title elementor-size-default\">IWE-zertifizierter Schwei\u00dffachmann<\/h2>\t\t\t\t<\/div>\n\t\t\t\t<\/div>\n\t\t\t\t\t<\/div>\n\t\t<\/div>\n\t\t\t\t\t<\/div>\n\t\t<\/section>\n\t\t\t\t<section class=\"elementor-section elementor-top-section elementor-element elementor-element-35a58be elementor-section-boxed elementor-section-height-default elementor-section-height-default wpr-particle-no wpr-jarallax-no wpr-parallax-no wpr-sticky-section-no\" data-id=\"35a58be\" data-element_type=\"section\" data-e-type=\"section\">\n\t\t\t\t\t\t<div class=\"elementor-container elementor-column-gap-default\">\n\t\t\t\t\t<div class=\"elementor-column elementor-col-100 elementor-top-column elementor-element elementor-element-8f3c79e\" data-id=\"8f3c79e\" data-element_type=\"column\" data-e-type=\"column\">\n\t\t\t<div class=\"elementor-widget-wrap elementor-element-populated\">\n\t\t\t\t\t\t<div class=\"elementor-element elementor-element-7064c0c elementor-widget elementor-widget-text-editor\" data-id=\"7064c0c\" data-element_type=\"widget\" data-e-type=\"widget\" data-widget_type=\"text-editor.default\">\n\t\t\t\t<div class=\"elementor-widget-container\">\n\t\t\t\t\t\t\t\t\t<p data-start=\"637\" data-end=\"976\">Ein unabh\u00e4ngiger Schwei\u00dfinspektor ist ein Spezialist, der f\u00fcr die \u00dcberwachung von Schwei\u00dfprozessen und die Qualit\u00e4tskontrolle der in Industrieprojekten durchgef\u00fchrten Arbeiten verantwortlich ist. Zertifizierte Unterst\u00fctzung <strong data-start=\"832\" data-end=\"895\">Schwei\u00dfingenieur IWE (International Welding Engineer)<\/strong> erm\u00f6glicht es uns, die Einhaltung internationaler Standards bei den Produktionsprozessen sicherzustellen.<\/p>\n<p data-start=\"978\" data-end=\"1220\">Ein IWE-Experte verf\u00fcgt \u00fcber fundierte Kenntnisse in Schwei\u00dftechnik, Werkstoffkunde und Qualit\u00e4tskontrollsystemen. Dies erm\u00f6glicht ein effektives Management von Schwei\u00dfprozessen in Projekten mit hohen technischen Anforderungen.<\/p>\n<p data-start=\"1222\" data-end=\"1258\">Der Leistungsumfang umfasst unter anderem:<\/p>\n<ul>\n<li data-start=\"1262\" data-end=\"1298\">\u00dcberwachung der Schwei\u00dfprozesse<\/li>\n<li data-start=\"1301\" data-end=\"1339\">\u00dcberpr\u00fcfung der technischen Dokumentation<\/li>\n<li data-start=\"1342\" data-end=\"1389\">Schwei\u00dftechnikerqualifikation (WPS und PQR)<\/li>\n<li data-start=\"1392\" data-end=\"1424\">\u00dcberpr\u00fcfung der Qualifikationen von Schwei\u00dfern<\/li>\n<li data-start=\"1427\" data-end=\"1473\">Technischer Support f\u00fcr Produktionsteams<\/li>\n<\/ul>\t\t\t\t\t\t\t\t<\/div>\n\t\t\t\t<\/div>\n\t\t\t\t\t<\/div>\n\t\t<\/div>\n\t\t\t\t\t<\/div>\n\t\t<\/section>\n\t\t\t\t<section class=\"elementor-section elementor-top-section elementor-element elementor-element-8dffcb2 elementor-section-boxed elementor-section-height-default elementor-section-height-default wpr-particle-no wpr-jarallax-no wpr-parallax-no wpr-sticky-section-no\" data-id=\"8dffcb2\" data-element_type=\"section\" data-e-type=\"section\">\n\t\t\t\t\t\t<div class=\"elementor-container elementor-column-gap-default\">\n\t\t\t\t\t<div class=\"elementor-column elementor-col-100 elementor-top-column elementor-element elementor-element-0c3ba90\" data-id=\"0c3ba90\" data-element_type=\"column\" data-e-type=\"column\">\n\t\t\t<div class=\"elementor-widget-wrap elementor-element-populated\">\n\t\t\t\t\t\t<div class=\"elementor-element elementor-element-95265f4 elementor-widget elementor-widget-heading\" data-id=\"95265f4\" data-element_type=\"widget\" data-e-type=\"widget\" data-widget_type=\"heading.default\">\n\t\t\t\t<div class=\"elementor-widget-container\">\n\t\t\t\t\t<h2 class=\"elementor-heading-title elementor-size-default\">Unterst\u00fctzung bei ISO 3834-Audits<\/h2>\t\t\t\t<\/div>\n\t\t\t\t<\/div>\n\t\t\t\t\t<\/div>\n\t\t<\/div>\n\t\t\t\t\t<\/div>\n\t\t<\/section>\n\t\t\t\t<section class=\"elementor-section elementor-top-section elementor-element elementor-element-b1fb291 elementor-section-boxed elementor-section-height-default elementor-section-height-default wpr-particle-no wpr-jarallax-no wpr-parallax-no wpr-sticky-section-no\" data-id=\"b1fb291\" data-element_type=\"section\" data-e-type=\"section\">\n\t\t\t\t\t\t<div class=\"elementor-container elementor-column-gap-default\">\n\t\t\t\t\t<div class=\"elementor-column elementor-col-100 elementor-top-column elementor-element elementor-element-dd22cff\" data-id=\"dd22cff\" data-element_type=\"column\" data-e-type=\"column\">\n\t\t\t<div class=\"elementor-widget-wrap elementor-element-populated\">\n\t\t\t\t\t\t<div class=\"elementor-element elementor-element-d81e4ed elementor-widget elementor-widget-text-editor\" data-id=\"d81e4ed\" data-element_type=\"widget\" data-e-type=\"widget\" data-widget_type=\"text-editor.default\">\n\t\t\t\t<div class=\"elementor-widget-container\">\n\t\t\t\t\t\t\t\t\t<p data-start=\"1518\" data-end=\"1743\">Standard <strong data-start=\"1524\" data-end=\"1536\">ISO 3834<\/strong> Diese Norm legt die Anforderungen an ein Qualit\u00e4tsmanagementsystem f\u00fcr Schwei\u00dfprozesse fest. In vielen Industrieprojekten ist die Einhaltung dieser Norm unerl\u00e4sslich f\u00fcr die Zertifizierung und die Vertragsabwicklung.<\/p>\n<p data-start=\"1745\" data-end=\"1801\">Ein unabh\u00e4ngiger Schwei\u00dfinspektor kann Unternehmen in folgenden Bereichen unterst\u00fctzen:<\/p>\n<ul>\n<li data-start=\"1805\" data-end=\"1839\">Vorbereitung auf das ISO 3834-Audit<\/li>\n<li data-start=\"1842\" data-end=\"1881\">Pr\u00fcfung der Schwei\u00dfdokumentation<\/li>\n<li data-start=\"1884\" data-end=\"1917\">Analyse der Produktionsverfahren<\/li>\n<li data-start=\"1920\" data-end=\"1965\">Durchf\u00fchrung einer angemessenen Schwei\u00dfaufsicht<\/li>\n<\/ul>\n<p data-start=\"1967\" data-end=\"2085\">Dank professioneller Unterst\u00fctzung verl\u00e4uft der Auditprozess reibungsloser und das Risiko der Nichteinhaltung wird deutlich reduziert.<\/p>\t\t\t\t\t\t\t\t<\/div>\n\t\t\t\t<\/div>\n\t\t\t\t\t<\/div>\n\t\t<\/div>\n\t\t\t\t\t<\/div>\n\t\t<\/section>\n\t\t\t\t<section class=\"elementor-section elementor-top-section elementor-element elementor-element-7d426c3 elementor-section-boxed elementor-section-height-default elementor-section-height-default wpr-particle-no wpr-jarallax-no wpr-parallax-no wpr-sticky-section-no\" data-id=\"7d426c3\" data-element_type=\"section\" data-e-type=\"section\">\n\t\t\t\t\t\t<div class=\"elementor-container elementor-column-gap-default\">\n\t\t\t\t\t<div class=\"elementor-column elementor-col-100 elementor-top-column elementor-element elementor-element-170ae9a\" data-id=\"170ae9a\" data-element_type=\"column\" data-e-type=\"column\">\n\t\t\t<div class=\"elementor-widget-wrap elementor-element-populated\">\n\t\t\t\t\t\t<div class=\"elementor-element elementor-element-6195e62 elementor-widget elementor-widget-heading\" data-id=\"6195e62\" data-element_type=\"widget\" data-e-type=\"widget\" data-widget_type=\"heading.default\">\n\t\t\t\t<div class=\"elementor-widget-container\">\n\t\t\t\t\t<h2 class=\"elementor-heading-title elementor-size-default\">Schwei\u00dfkoordination gem\u00e4\u00df ISO 14731<\/h2>\t\t\t\t<\/div>\n\t\t\t\t<\/div>\n\t\t\t\t\t<\/div>\n\t\t<\/div>\n\t\t\t\t\t<\/div>\n\t\t<\/section>\n\t\t\t\t<section class=\"elementor-section elementor-top-section elementor-element elementor-element-de3ff70 elementor-section-boxed elementor-section-height-default elementor-section-height-default wpr-particle-no wpr-jarallax-no wpr-parallax-no wpr-sticky-section-no\" data-id=\"de3ff70\" data-element_type=\"section\" data-e-type=\"section\">\n\t\t\t\t\t\t<div class=\"elementor-container elementor-column-gap-default\">\n\t\t\t\t\t<div class=\"elementor-column elementor-col-100 elementor-top-column elementor-element elementor-element-2984a2a\" data-id=\"2984a2a\" data-element_type=\"column\" data-e-type=\"column\">\n\t\t\t<div class=\"elementor-widget-wrap elementor-element-populated\">\n\t\t\t\t\t\t<div class=\"elementor-element elementor-element-fd6d67d elementor-widget elementor-widget-text-editor\" data-id=\"fd6d67d\" data-element_type=\"widget\" data-e-type=\"widget\" data-widget_type=\"text-editor.default\">\n\t\t\t\t<div class=\"elementor-widget-container\">\n\t\t\t\t\t\t\t\t\t<p data-start=\"2146\" data-end=\"2363\">Standard <strong data-start=\"2152\" data-end=\"2165\">ISO 14731<\/strong> Die Vorgaben regeln die Anforderungen an die Schwei\u00dfkoordination in Industrieprojekten. Eine ordnungsgem\u00e4\u00dfe Organisation der Schwei\u00dfaufsicht ist entscheidend f\u00fcr die Qualit\u00e4t und Sicherheit der Bauarbeiten.<\/p>\n<p data-start=\"2365\" data-end=\"2417\">Der Schwei\u00dfkoordinator ist unter anderem verantwortlich f\u00fcr:<\/p>\n<ul>\n<li data-start=\"2421\" data-end=\"2454\">\u00dcberwachung der Schwei\u00dftechnik<\/li>\n<li data-start=\"2457\" data-end=\"2493\">Kontrolle der Schwei\u00dfdokumentation<\/li>\n<li data-start=\"2496\" data-end=\"2530\">\u00dcberwachung der Qualifikationen von Schwei\u00dfern<\/li>\n<li data-start=\"2533\" data-end=\"2575\">Zusammenarbeit mit Zertifizierungsstellen<\/li>\n<li data-start=\"2578\" data-end=\"2613\">Qualit\u00e4tskontrolle der durchgef\u00fchrten Schwei\u00dfn\u00e4hte<\/li>\n<\/ul>\n<p data-start=\"2615\" data-end=\"2762\">Die professionelle Koordination der Schwei\u00dfprozesse erm\u00f6glicht es uns, die Produktionseffizienz zu steigern und die Anforderungen internationaler Qualit\u00e4tsstandards zu erf\u00fcllen.<\/p>\t\t\t\t\t\t\t\t<\/div>\n\t\t\t\t<\/div>\n\t\t\t\t\t<\/div>\n\t\t<\/div>\n\t\t\t\t\t<\/div>\n\t\t<\/section>\n\t\t\t\t<section class=\"elementor-section elementor-top-section elementor-element elementor-element-e967feb elementor-section-boxed elementor-section-height-default elementor-section-height-default wpr-particle-no wpr-jarallax-no wpr-parallax-no wpr-sticky-section-no\" data-id=\"e967feb\" data-element_type=\"section\" data-e-type=\"section\">\n\t\t\t\t\t\t<div class=\"elementor-container elementor-column-gap-default\">\n\t\t\t\t\t<div class=\"elementor-column elementor-col-100 elementor-top-column elementor-element elementor-element-c3792bb\" data-id=\"c3792bb\" data-element_type=\"column\" data-e-type=\"column\">\n\t\t\t<div class=\"elementor-widget-wrap elementor-element-populated\">\n\t\t\t\t\t\t<div class=\"elementor-element elementor-element-c0b1968 elementor-widget elementor-widget-heading\" data-id=\"c0b1968\" data-element_type=\"widget\" data-e-type=\"widget\" data-widget_type=\"heading.default\">\n\t\t\t\t<div class=\"elementor-widget-container\">\n\t\t\t\t\t<h2 class=\"elementor-heading-title elementor-size-default\">Schwei\u00dfaufsicht bei Industrieprojekten<\/h2>\t\t\t\t<\/div>\n\t\t\t\t<\/div>\n\t\t\t\t\t<\/div>\n\t\t<\/div>\n\t\t\t\t\t<\/div>\n\t\t<\/section>\n\t\t\t\t<section class=\"elementor-section elementor-top-section elementor-element elementor-element-cbcb10e elementor-section-boxed elementor-section-height-default elementor-section-height-default wpr-particle-no wpr-jarallax-no wpr-parallax-no wpr-sticky-section-no\" data-id=\"cbcb10e\" data-element_type=\"section\" data-e-type=\"section\">\n\t\t\t\t\t\t<div class=\"elementor-container elementor-column-gap-default\">\n\t\t\t\t\t<div class=\"elementor-column elementor-col-100 elementor-top-column elementor-element elementor-element-a2fd22e\" data-id=\"a2fd22e\" data-element_type=\"column\" data-e-type=\"column\">\n\t\t\t<div class=\"elementor-widget-wrap elementor-element-populated\">\n\t\t\t\t\t\t<div class=\"elementor-element elementor-element-db4c681 elementor-widget elementor-widget-text-editor\" data-id=\"db4c681\" data-element_type=\"widget\" data-e-type=\"widget\" data-widget_type=\"text-editor.default\">\n\t\t\t\t<div class=\"elementor-widget-container\">\n\t\t\t\t\t\t\t\t\t<p data-start=\"2824\" data-end=\"2938\">Die Dienste eines unabh\u00e4ngigen Schwei\u00dfinspektors sind besonders wichtig bei Projekten in Branchen wie beispielsweise:<\/p>\n<ul>\n<li data-start=\"2942\" data-end=\"2963\">Stahlkonstruktionen<\/li>\n<li data-start=\"2966\" data-end=\"2989\">Energiewirtschaft<\/li>\n<li data-start=\"2992\" data-end=\"3009\">Schwerindustrie<\/li>\n<li data-start=\"3012\" data-end=\"3030\">\u00d6l- und Gassektor<\/li>\n<li data-start=\"3033\" data-end=\"3059\">industrielle Infrastruktur<\/li>\n<\/ul>\n<p data-start=\"3061\" data-end=\"3213\">Dank unserer Erfahrung mit internationalen Projekten k\u00f6nnen wir eine hohe Qualit\u00e4t der ausgef\u00fchrten Arbeiten und die Einhaltung der Anforderungen der Investoren gew\u00e4hrleisten.<\/p>\t\t\t\t\t\t\t\t<\/div>\n\t\t\t\t<\/div>\n\t\t\t\t\t<\/div>\n\t\t<\/div>\n\t\t\t\t\t<\/div>\n\t\t<\/section>\n\t\t\t\t<\/div>","protected":false},"excerpt":{"rendered":"<p>Niezale\u017cny Inspektor Spawalnictwa w Polsce Certyfikowany In\u017cynier Spawalnictwa IWE Niezale\u017cny inspektor spawalnictwa to specjalista odpowiedzialny za nadz\u00f3r nad procesami spawalniczymi oraz kontrol\u0119 jako\u015bci prac wykonywanych w projektach przemys\u0142owych. Wsparcie certyfikowanego In\u017cyniera Spawalnictwa IWE (International Welding Engineer) pozwala zapewni\u0107 zgodno\u015b\u0107 proces\u00f3w produkcyjnych z mi\u0119dzynarodowymi standardami. Ekspert IWE posiada zaawansowan\u0105 wiedz\u0119 z zakresu technologii spawania, materia\u0142oznawstwa oraz system\u00f3w kontroli jako\u015bci. Dzi\u0119ki temu mo\u017cliwe jest skuteczne zarz\u0105dzanie procesami spawalniczymi w projektach o wysokich wymaganiach technicznych. Zakres us\u0142ug obejmuje mi\u0119dzy innymi: nadz\u00f3r nad procesami spawalniczymi weryfikacj\u0119 dokumentacji technicznej kwalifikacj\u0119 technologii spawania (WPS i PQR) kontrol\u0119 kwalifikacji spawaczy wsparcie techniczne dla zespo\u0142\u00f3w produkcyjnych Wsparcie w audytach ISO 3834 Norma ISO 3834 okre\u015bla wymagania dotycz\u0105ce systemu zarz\u0105dzania jako\u015bci\u0105 w procesach spawalniczych. W wielu projektach przemys\u0142owych spe\u0142nienie tej normy jest niezb\u0119dne do uzyskania certyfikacji oraz realizacji kontrakt\u00f3w. Niezale\u017cny inspektor spawalnictwa mo\u017ce wspiera\u0107 firmy w: przygotowaniu do audytu ISO 3834 weryfikacji dokumentacji spawalniczej analizie procedur produkcyjnych wdro\u017ceniu odpowiedniego nadzoru spawalniczego Dzi\u0119ki profesjonalnemu wsparciu proces audytu przebiega sprawniej, a ryzyko niezgodno\u015bci zostaje znacz\u0105co ograniczone. Koordynacja spawalnictwa zgodnie z ISO 14731 Norma ISO 14731 okre\u015bla wymagania dotycz\u0105ce koordynacji spawalnictwa w projektach przemys\u0142owych. Odpowiednia organizacja nadzoru spawalniczego jest kluczowa dla zapewnienia jako\u015bci oraz bezpiecze\u0144stwa konstrukcji. Koordynator spawalnictwa odpowiada mi\u0119dzy innymi za: nadz\u00f3r nad technologi\u0105 spawania kontrol\u0119 dokumentacji spawalniczej nadz\u00f3r nad kwalifikacj\u0105 spawaczy wsp\u00f3\u0142prac\u0119 z jednostkami certyfikuj\u0105cymi kontrol\u0119 jako\u015bci wykonywanych spoin Profesjonalna koordynacja proces\u00f3w spawalniczych pozwala zwi\u0119kszy\u0107 efektywno\u015b\u0107 produkcji oraz spe\u0142ni\u0107 wymagania mi\u0119dzynarodowych norm jako\u015bciowych. Nadz\u00f3r spawalniczy w projektach przemys\u0142owych Us\u0142ugi niezale\u017cnego inspektora spawalnictwa s\u0105 szczeg\u00f3lnie wa\u017cne w projektach realizowanych w bran\u017cach takich jak: konstrukcje stalowe przemys\u0142 energetyczny przemys\u0142 ci\u0119\u017cki sektor oil &amp; gas infrastruktura przemys\u0142owa Dzi\u0119ki do\u015bwiadczeniu w mi\u0119dzynarodowych projektach mo\u017cliwe jest zapewnienie wysokiej jako\u015bci realizowanych prac oraz zgodno\u015bci z wymaganiami inwestor\u00f3w.<\/p>","protected":false},"author":1,"featured_media":0,"parent":0,"menu_order":0,"comment_status":"closed","ping_status":"closed","template":"elementor_header_footer","meta":{"site-sidebar-layout":"default","site-content-layout":"","ast-site-content-layout":"default","site-content-style":"default","site-sidebar-style":"default","ast-global-header-display":"","ast-banner-title-visibility":"","ast-main-header-display":"","ast-hfb-above-header-display":"","ast-hfb-below-header-display":"","ast-hfb-mobile-header-display":"","site-post-title":"","ast-breadcrumbs-content":"","ast-featured-img":"","footer-sml-layout":"","ast-disable-related-posts":"","theme-transparent-header-meta":"","adv-header-id-meta":"","stick-header-meta":"","header-above-stick-meta":"","header-main-stick-meta":"","header-below-stick-meta":"","astra-migrate-meta-layouts":"default","ast-page-background-enabled":"default","ast-page-background-meta":{"desktop":{"background-color":"var(--ast-global-color-4)","background-image":"","background-repeat":"repeat","background-position":"center center","background-size":"auto","background-attachment":"scroll","background-type":"","background-media":"","overlay-type":"","overlay-color":"","overlay-opacity":"","overlay-gradient":""},"tablet":{"background-color":"","background-image":"","background-repeat":"repeat","background-position":"center center","background-size":"auto","background-attachment":"scroll","background-type":"","background-media":"","overlay-type":"","overlay-color":"","overlay-opacity":"","overlay-gradient":""},"mobile":{"background-color":"","background-image":"","background-repeat":"repeat","background-position":"center center","background-size":"auto","background-attachment":"scroll","background-type":"","background-media":"","overlay-type":"","overlay-color":"","overlay-opacity":"","overlay-gradient":""}},"ast-content-background-meta":{"desktop":{"background-color":"var(--ast-global-color-5)","background-image":"","background-repeat":"repeat","background-position":"center center","background-size":"auto","background-attachment":"scroll","background-type":"","background-media":"","overlay-type":"","overlay-color":"","overlay-opacity":"","overlay-gradient":""},"tablet":{"background-color":"var(--ast-global-color-5)","background-image":"","background-repeat":"repeat","background-position":"center center","background-size":"auto","background-attachment":"scroll","background-type":"","background-media":"","overlay-type":"","overlay-color":"","overlay-opacity":"","overlay-gradient":""},"mobile":{"background-color":"var(--ast-global-color-5)","background-image":"","background-repeat":"repeat","background-position":"center center","background-size":"auto","background-attachment":"scroll","background-type":"","background-media":"","overlay-type":"","overlay-color":"","overlay-opacity":"","overlay-gradient":""}},"footnotes":""},"class_list":["post-8630","page","type-page","status-publish","hentry"],"rttpg_featured_image_url":null,"rttpg_author":{"display_name":"admin-JYZ7TiXE","author_link":"https:\/\/weldingconsulting.pl\/de\/author\/admin-jyz7tixe\/"},"rttpg_comment":0,"rttpg_category":null,"rttpg_excerpt":"Niezale\u017cny Inspektor Spawalnictwa w Polsce Certyfikowany In\u017cynier Spawalnictwa IWE Niezale\u017cny inspektor spawalnictwa to specjalista odpowiedzialny za nadz\u00f3r nad procesami spawalniczymi oraz kontrol\u0119 jako\u015bci prac wykonywanych w projektach przemys\u0142owych. Wsparcie certyfikowanego In\u017cyniera Spawalnictwa IWE (International Welding Engineer) pozwala zapewni\u0107 zgodno\u015b\u0107 proces\u00f3w produkcyjnych z mi\u0119dzynarodowymi standardami. Ekspert IWE posiada zaawansowan\u0105 wiedz\u0119 z zakresu technologii spawania, materia\u0142oznawstwa oraz&hellip;","_links":{"self":[{"href":"https:\/\/weldingconsulting.pl\/de\/wp-json\/wp\/v2\/pages\/8630","targetHints":{"allow":["GET"]}}],"collection":[{"href":"https:\/\/weldingconsulting.pl\/de\/wp-json\/wp\/v2\/pages"}],"about":[{"href":"https:\/\/weldingconsulting.pl\/de\/wp-json\/wp\/v2\/types\/page"}],"author":[{"embeddable":true,"href":"https:\/\/weldingconsulting.pl\/de\/wp-json\/wp\/v2\/users\/1"}],"replies":[{"embeddable":true,"href":"https:\/\/weldingconsulting.pl\/de\/wp-json\/wp\/v2\/comments?post=8630"}],"version-history":[{"count":4,"href":"https:\/\/weldingconsulting.pl\/de\/wp-json\/wp\/v2\/pages\/8630\/revisions"}],"predecessor-version":[{"id":8635,"href":"https:\/\/weldingconsulting.pl\/de\/wp-json\/wp\/v2\/pages\/8630\/revisions\/8635"}],"wp:attachment":[{"href":"https:\/\/weldingconsulting.pl\/de\/wp-json\/wp\/v2\/media?parent=8630"}],"curies":[{"name":"wp","href":"https:\/\/api.w.org\/{rel}","templated":true}]}}