{"id":8586,"date":"2025-09-05T13:24:35","date_gmt":"2025-09-05T11:24:35","guid":{"rendered":"https:\/\/weldingconsulting.pl\/?page_id=8586"},"modified":"2025-09-05T13:26:25","modified_gmt":"2025-09-05T11:26:25","slug":"artikel","status":"publish","type":"page","link":"https:\/\/weldingconsulting.pl\/de\/artikel\/","title":{"rendered":"Artikel"},"content":{"rendered":"<div data-elementor-type=\"wp-page\" data-elementor-id=\"8586\" class=\"elementor elementor-8586\" data-elementor-post-type=\"page\">\n\t\t\t\t\t\t<section class=\"elementor-section elementor-top-section elementor-element elementor-element-7faf5a3 elementor-section-boxed elementor-section-height-default elementor-section-height-default wpr-particle-no wpr-jarallax-no wpr-parallax-no wpr-sticky-section-no wpr-column-slider-no wpr-equal-height-no\" data-id=\"7faf5a3\" data-element_type=\"section\" data-e-type=\"section\">\n\t\t\t\t\t\t<div class=\"elementor-container elementor-column-gap-default\">\n\t\t\t\t\t<div class=\"elementor-column elementor-col-100 elementor-top-column elementor-element elementor-element-631a187\" data-id=\"631a187\" data-element_type=\"column\" data-e-type=\"column\">\n\t\t\t<div class=\"elementor-widget-wrap elementor-element-populated\">\n\t\t\t\t\t\t<div class=\"elementor-element elementor-element-b734443 meta-visibility-show title_position_default title_hover_border_default title-default img_hover_animation_default meta_position_default readmore-btn-default-style grid-hover-overlay-type-always tpg-el-box-border-enable tpg-border-bottom-disable elementor-widget elementor-widget-tpg-grid-layout\" data-id=\"b734443\" data-element_type=\"widget\" data-e-type=\"widget\" data-widget_type=\"tpg-grid-layout.default\">\n\t\t\t\t<div class=\"elementor-widget-container\">\n\t\t\t\t\t\t\t<div class=\"rt-container-fluid rt-tpg-container tpg-el-main-wrapper clearfix grid-layout3-main\"\n\t\t\t id=\"rt-tpg-container-4104971302\"\n\t\t\t data-layout=\"grid-layout3\"\n\t\t\t data-grid-style=\"tpg-full-height\"\n\t\t\t data-sc-id=\"elementor\"\n\t\t\t data-el-settings=''\n\t\t\t data-el-query=''\n\t\t\t data-el-path=''\n\t\t>\n\t\t\t\t\t\t<div class='tpg-header-wrapper'>\n\t\t\t\t\t\t\t<\/div>\n\n\t\t\t<div data-title=\"Loading ...\" class=\"rt-row rt-content-loader grid-layout3 grid-behaviour tpg-full-height grid_layout_wrapper\">\n\t\t\t\t\n<div class=\"rt-col-md-4 rt-col-sm-6 rt-col-xs-12 default rt-grid-item\" data-id=\"8624\">\n\t<div class=\"rt-holder tpg-post-holder\">\n\t\t<div class=\"rt-detail rt-el-content-wrapper\">\n\t\t\t\t\t\t\t<div class=\"rt-img-holder tpg-el-image-wrap has-no-thumbnail\">\n\t\t\t\t\t<a data-id=\"8624\" href=\"https:\/\/weldingconsulting.pl\/de\/unterschied-zwischen-inspektionsstellen-und-iwe-beratern\/\" class=\"tpg-post-link\" target=\"_self\">        \n        <\/a>\n                <div class=\"overlay grid-hover-content\"><\/div>\n        \t\t\t\t<\/div>\n\t\t\t\n\n\t\t\t<div class=\"entry-title-wrapper\"><h3 class=\"entry-title\"><a data-id=\"8624\" href=\"https:\/\/weldingconsulting.pl\/de\/unterschied-zwischen-inspektionsstellen-und-iwe-beratern\/\" class=\"tpg-post-link\" target=\"_self\">Der Unterschied zwischen gro\u00dfen Inspektionsbeh\u00f6rden und unabh\u00e4ngigen IWE-Beratern<\/a><\/h3><\/div>\n\t\t\t\t\t\t\t<div class=\"post-meta-tags rt-el-post-meta\">\n\t\t\t\t\t\t\t\t\t<\/div>\n\t\t\t\n\t\t\t\t\t\t\t<div class=\"tpg-excerpt tpg-el-excerpt\">\n\t\t\t\t\t\t\t\t\t\t\t<div class=\"tpg-excerpt-inner\">\n\t\t\t\t\t\t\tDer Unterschied zwischen gro\u00dfen Pr\u00fcfstellen und unabh\u00e4ngigen IWE-Beratern Einleitung Bei industriellen Schwei\u00dfprojekten ist eine angemessene technische \u00dcberwachung von entscheidender Bedeutung...\t\t\t\t\t\t<\/div>\n\t\t\t\t\t\t\t\t\t\t\t\t\t\t<\/div>\n\t\t\t\n\t\t\t        <div class=\"post-footer\">\n            <div class=\"post-footer\">\n                <div class=\"read-more\">\n                    <a data-id=\"8624\" href=\"https:\/\/weldingconsulting.pl\/de\/unterschied-zwischen-inspektionsstellen-und-iwe-beratern\/\" class=\"tpg-post-link\" target=\"_self\">Mehr lesen<\/a>                <\/div>\n            <\/div>\n        <\/div>\n        \t\t<\/div>\n\t<\/div>\n<\/div>\n\n<div class=\"rt-col-md-4 rt-col-sm-6 rt-col-xs-12 default rt-grid-item\" data-id=\"8618\">\n\t<div class=\"rt-holder tpg-post-holder\">\n\t\t<div class=\"rt-detail rt-el-content-wrapper\">\n\t\t\t\t\t\t\t<div class=\"rt-img-holder tpg-el-image-wrap has-no-thumbnail\">\n\t\t\t\t\t<a data-id=\"8618\" href=\"https:\/\/weldingconsulting.pl\/de\/vorbereitung-auf-das-iso-3834-polska-audit\/\" class=\"tpg-post-link\" target=\"_self\">        \n        <\/a>\n                <div class=\"overlay grid-hover-content\"><\/div>\n        \t\t\t\t<\/div>\n\t\t\t\n\n\t\t\t<div class=\"entry-title-wrapper\"><h3 class=\"entry-title\"><a data-id=\"8618\" href=\"https:\/\/weldingconsulting.pl\/de\/vorbereitung-auf-das-iso-3834-polska-audit\/\" class=\"tpg-post-link\" target=\"_self\">Vorbereitung auf ein ISO 3834-Audit in Polen<\/a><\/h3><\/div>\n\t\t\t\t\t\t\t<div class=\"post-meta-tags rt-el-post-meta\">\n\t\t\t\t\t\t\t\t\t<\/div>\n\t\t\t\n\t\t\t\t\t\t\t<div class=\"tpg-excerpt tpg-el-excerpt\">\n\t\t\t\t\t\t\t\t\t\t\t<div class=\"tpg-excerpt-inner\">\n\t\t\t\t\t\t\tVorbereitung auf ein ISO 3834-Audit in Polen \u2013 was ausl\u00e4ndische Kunden wissen sollten. Einleitung: Die Norm ISO 3834 ist eine der wichtigsten Qualit\u00e4tsstandards im Schwei\u00dfen. Sie legt die Anforderungen fest\u2026.\t\t\t\t\t\t<\/div>\n\t\t\t\t\t\t\t\t\t\t\t\t\t\t<\/div>\n\t\t\t\n\t\t\t        <div class=\"post-footer\">\n            <div class=\"post-footer\">\n                <div class=\"read-more\">\n                    <a data-id=\"8618\" href=\"https:\/\/weldingconsulting.pl\/de\/vorbereitung-auf-das-iso-3834-polska-audit\/\" class=\"tpg-post-link\" target=\"_self\">Mehr lesen<\/a>                <\/div>\n            <\/div>\n        <\/div>\n        \t\t<\/div>\n\t<\/div>\n<\/div>\n\n<div class=\"rt-col-md-4 rt-col-sm-6 rt-col-xs-12 default rt-grid-item\" data-id=\"8611\">\n\t<div class=\"rt-holder tpg-post-holder\">\n\t\t<div class=\"rt-detail rt-el-content-wrapper\">\n\t\t\t\t\t\t\t<div class=\"rt-img-holder tpg-el-image-wrap has-no-thumbnail\">\n\t\t\t\t\t<a data-id=\"8611\" href=\"https:\/\/weldingconsulting.pl\/de\/einen-unabhangigen-schweisinspektor-in-polen-engagieren\/\" class=\"tpg-post-link\" target=\"_self\">        \n        <\/a>\n                <div class=\"overlay grid-hover-content\"><\/div>\n        \t\t\t\t<\/div>\n\t\t\t\n\n\t\t\t<div class=\"entry-title-wrapper\"><h3 class=\"entry-title\"><a data-id=\"8611\" href=\"https:\/\/weldingconsulting.pl\/de\/einen-unabhangigen-schweisinspektor-in-polen-engagieren\/\" class=\"tpg-post-link\" target=\"_self\">Wie man in Polen einen unabh\u00e4ngigen Schwei\u00dfinspektor beauftragt<\/a><\/h3><\/div>\n\t\t\t\t\t\t\t<div class=\"post-meta-tags rt-el-post-meta\">\n\t\t\t\t\t\t\t\t\t<\/div>\n\t\t\t\n\t\t\t\t\t\t\t<div class=\"tpg-excerpt tpg-el-excerpt\">\n\t\t\t\t\t\t\t\t\t\t\t<div class=\"tpg-excerpt-inner\">\n\t\t\t\t\t\t\tWie man in Polen einen unabh\u00e4ngigen Schwei\u00dfinspektor beauftragt Einleitung Polen ist eines der wichtigsten Industriezentren Europas, insbesondere in Sektoren wie dem Stahlbau...\t\t\t\t\t\t<\/div>\n\t\t\t\t\t\t\t\t\t\t\t\t\t\t<\/div>\n\t\t\t\n\t\t\t        <div class=\"post-footer\">\n            <div class=\"post-footer\">\n                <div class=\"read-more\">\n                    <a data-id=\"8611\" href=\"https:\/\/weldingconsulting.pl\/de\/einen-unabhangigen-schweisinspektor-in-polen-engagieren\/\" class=\"tpg-post-link\" target=\"_self\">Mehr lesen<\/a>                <\/div>\n            <\/div>\n        <\/div>\n        \t\t<\/div>\n\t<\/div>\n<\/div>\n\n<div class=\"rt-col-md-4 rt-col-sm-6 rt-col-xs-12 default rt-grid-item\" data-id=\"8563\">\n\t<div class=\"rt-holder tpg-post-holder\">\n\t\t<div class=\"rt-detail rt-el-content-wrapper\">\n\t\t\t\t\t\t\t<div class=\"rt-img-holder tpg-el-image-wrap has-no-thumbnail\">\n\t\t\t\t\t<a data-id=\"8563\" href=\"https:\/\/weldingconsulting.pl\/de\/sicherheit-des-schweisers\/\" class=\"tpg-post-link\" target=\"_self\">        \n        <\/a>\n                <div class=\"overlay grid-hover-content\"><\/div>\n        \t\t\t\t<\/div>\n\t\t\t\n\n\t\t\t<div class=\"entry-title-wrapper\"><h3 class=\"entry-title\"><a data-id=\"8563\" href=\"https:\/\/weldingconsulting.pl\/de\/sicherheit-des-schweisers\/\" class=\"tpg-post-link\" target=\"_self\">Sicherheit beim Schwei\u00dfen \u2013 Gesundheits- und Sicherheitsregeln und praktische Tipps<\/a><\/h3><\/div>\n\t\t\t\t\t\t\t<div class=\"post-meta-tags rt-el-post-meta\">\n\t\t\t\t\t\t\t\t\t<\/div>\n\t\t\t\n\t\t\t\t\t\t\t<div class=\"tpg-excerpt tpg-el-excerpt\">\n\t\t\t\t\t\t\t\t\t\t\t<div class=\"tpg-excerpt-inner\">\n\t\t\t\t\t\t\tSicherheit beim Schwei\u00dfen \u2013 Gesundheits- und Sicherheitsvorschriften und praktische Tipps. Warum ist die Sicherheit beim Schwei\u00dfen so wichtig? Schwei\u00dfen ist ein Prozess, der mit vielen Gefahren verbunden ist: hohe Temperaturen, UV-Strahlung...\t\t\t\t\t\t<\/div>\n\t\t\t\t\t\t\t\t\t\t\t\t\t\t<\/div>\n\t\t\t\n\t\t\t        <div class=\"post-footer\">\n            <div class=\"post-footer\">\n                <div class=\"read-more\">\n                    <a data-id=\"8563\" href=\"https:\/\/weldingconsulting.pl\/de\/sicherheit-des-schweisers\/\" class=\"tpg-post-link\" target=\"_self\">Mehr lesen<\/a>                <\/div>\n            <\/div>\n        <\/div>\n        \t\t<\/div>\n\t<\/div>\n<\/div>\n\n<div class=\"rt-col-md-4 rt-col-sm-6 rt-col-xs-12 default rt-grid-item\" data-id=\"8558\">\n\t<div class=\"rt-holder tpg-post-holder\">\n\t\t<div class=\"rt-detail rt-el-content-wrapper\">\n\t\t\t\t\t\t\t<div class=\"rt-img-holder tpg-el-image-wrap has-no-thumbnail\">\n\t\t\t\t\t<a data-id=\"8558\" href=\"https:\/\/weldingconsulting.pl\/de\/iso-3834-schweisqualitatssystem\/\" class=\"tpg-post-link\" target=\"_self\">        \n        <\/a>\n                <div class=\"overlay grid-hover-content\"><\/div>\n        \t\t\t\t<\/div>\n\t\t\t\n\n\t\t\t<div class=\"entry-title-wrapper\"><h3 class=\"entry-title\"><a data-id=\"8558\" href=\"https:\/\/weldingconsulting.pl\/de\/iso-3834-schweisqualitatssystem\/\" class=\"tpg-post-link\" target=\"_self\">ISO 3834 \u2013 Qualit\u00e4tsmanagementsystem f\u00fcr Schwei\u00dfarbeiten<\/a><\/h3><\/div>\n\t\t\t\t\t\t\t<div class=\"post-meta-tags rt-el-post-meta\">\n\t\t\t\t\t\t\t\t\t<\/div>\n\t\t\t\n\t\t\t\t\t\t\t<div class=\"tpg-excerpt tpg-el-excerpt\">\n\t\t\t\t\t\t\t\t\t\t\t<div class=\"tpg-excerpt-inner\">\n\t\t\t\t\t\t\tISO 3834 \u2013 das wichtigste Qualit\u00e4tssystem im Schwei\u00dfen. Was ist ISO 3834? ISO 3834 ist eine internationale Norm, die Qualit\u00e4tsanforderungen f\u00fcr Schwei\u00dfprozesse metallischer Werkstoffe festlegt...\t\t\t\t\t\t<\/div>\n\t\t\t\t\t\t\t\t\t\t\t\t\t\t<\/div>\n\t\t\t\n\t\t\t        <div class=\"post-footer\">\n            <div class=\"post-footer\">\n                <div class=\"read-more\">\n                    <a data-id=\"8558\" href=\"https:\/\/weldingconsulting.pl\/de\/iso-3834-schweisqualitatssystem\/\" class=\"tpg-post-link\" target=\"_self\">Mehr lesen<\/a>                <\/div>\n            <\/div>\n        <\/div>\n        \t\t<\/div>\n\t<\/div>\n<\/div>\n\n<div class=\"rt-col-md-4 rt-col-sm-6 rt-col-xs-12 default rt-grid-item\" data-id=\"8550\">\n\t<div class=\"rt-holder tpg-post-holder\">\n\t\t<div class=\"rt-detail rt-el-content-wrapper\">\n\t\t\t\t\t\t\t<div class=\"rt-img-holder tpg-el-image-wrap has-no-thumbnail\">\n\t\t\t\t\t<a data-id=\"8550\" href=\"https:\/\/weldingconsulting.pl\/de\/schweisaufsicht-bauindustrie\/\" class=\"tpg-post-link\" target=\"_self\">        \n        <\/a>\n                <div class=\"overlay grid-hover-content\"><\/div>\n        \t\t\t\t<\/div>\n\t\t\t\n\n\t\t\t<div class=\"entry-title-wrapper\"><h3 class=\"entry-title\"><a data-id=\"8550\" href=\"https:\/\/weldingconsulting.pl\/de\/schweisaufsicht-bauindustrie\/\" class=\"tpg-post-link\" target=\"_self\">Warum die Schwei\u00dfaufsicht im Baugewerbe und in der Industrie von entscheidender Bedeutung ist<\/a><\/h3><\/div>\n\t\t\t\t\t\t\t<div class=\"post-meta-tags rt-el-post-meta\">\n\t\t\t\t\t\t\t\t\t<\/div>\n\t\t\t\n\t\t\t\t\t\t\t<div class=\"tpg-excerpt tpg-el-excerpt\">\n\t\t\t\t\t\t\t\t\t\t\t<div class=\"tpg-excerpt-inner\">\n\t\t\t\t\t\t\tWarum die Schwei\u00dfaufsicht im Baugewerbe und in der Industrie so wichtig ist Die Rolle der Schwei\u00dfaufsicht Unter Schwei\u00dfaufsicht versteht man die systematische \u00dcberpr\u00fcfung der Qualit\u00e4t von Schwei\u00dfn\u00e4hten, der Dokumentation und der Einhaltung von...\t\t\t\t\t\t<\/div>\n\t\t\t\t\t\t\t\t\t\t\t\t\t\t<\/div>\n\t\t\t\n\t\t\t        <div class=\"post-footer\">\n            <div class=\"post-footer\">\n                <div class=\"read-more\">\n                    <a data-id=\"8550\" href=\"https:\/\/weldingconsulting.pl\/de\/schweisaufsicht-bauindustrie\/\" class=\"tpg-post-link\" target=\"_self\">Mehr lesen<\/a>                <\/div>\n            <\/div>\n        <\/div>\n        \t\t<\/div>\n\t<\/div>\n<\/div>\n\n<div class=\"rt-col-md-4 rt-col-sm-6 rt-col-xs-12 default rt-grid-item\" data-id=\"8545\">\n\t<div class=\"rt-holder tpg-post-holder\">\n\t\t<div class=\"rt-detail rt-el-content-wrapper\">\n\t\t\t\t\t\t\t<div class=\"rt-img-holder tpg-el-image-wrap has-no-thumbnail\">\n\t\t\t\t\t<a data-id=\"8545\" href=\"https:\/\/weldingconsulting.pl\/de\/die-haufigsten-fehler-beim-schweisprozess-und-wie-man-sie-vermeidet\/\" class=\"tpg-post-link\" target=\"_self\">        \n        <\/a>\n                <div class=\"overlay grid-hover-content\"><\/div>\n        \t\t\t\t<\/div>\n\t\t\t\n\n\t\t\t<div class=\"entry-title-wrapper\"><h3 class=\"entry-title\"><a data-id=\"8545\" href=\"https:\/\/weldingconsulting.pl\/de\/die-haufigsten-fehler-beim-schweisprozess-und-wie-man-sie-vermeidet\/\" class=\"tpg-post-link\" target=\"_self\">Die h\u00e4ufigsten Schwei\u00dffehler und wie man sie vermeidet<\/a><\/h3><\/div>\n\t\t\t\t\t\t\t<div class=\"post-meta-tags rt-el-post-meta\">\n\t\t\t\t\t\t\t\t\t<\/div>\n\t\t\t\n\t\t\t\t\t\t\t<div class=\"tpg-excerpt tpg-el-excerpt\">\n\t\t\t\t\t\t\t\t\t\t\t<div class=\"tpg-excerpt-inner\">\n\t\t\t\t\t\t\tH\u00e4ufige Schwei\u00dffehler und deren Vermeidung Einleitung Der Schwei\u00dfprozess erfordert Pr\u00e4zision, Erfahrung und Kenntnis der Normen. Selbst kleine Fehler k\u00f6nnen zu ernsthaften Problemen f\u00fchren \u2013 von...\t\t\t\t\t\t<\/div>\n\t\t\t\t\t\t\t\t\t\t\t\t\t\t<\/div>\n\t\t\t\n\t\t\t        <div class=\"post-footer\">\n            <div class=\"post-footer\">\n                <div class=\"read-more\">\n                    <a data-id=\"8545\" href=\"https:\/\/weldingconsulting.pl\/de\/die-haufigsten-fehler-beim-schweisprozess-und-wie-man-sie-vermeidet\/\" class=\"tpg-post-link\" target=\"_self\">Mehr lesen<\/a>                <\/div>\n            <\/div>\n        <\/div>\n        \t\t<\/div>\n\t<\/div>\n<\/div>\n\n<div class=\"rt-col-md-4 rt-col-sm-6 rt-col-xs-12 default rt-grid-item\" data-id=\"8531\">\n\t<div class=\"rt-holder tpg-post-holder\">\n\t\t<div class=\"rt-detail rt-el-content-wrapper\">\n\t\t\t\t\t\t\t<div class=\"rt-img-holder tpg-el-image-wrap has-no-thumbnail\">\n\t\t\t\t\t<a data-id=\"8531\" href=\"https:\/\/weldingconsulting.pl\/de\/schweiserzertifizierung-alles-was-sie-wissen-mussen\/\" class=\"tpg-post-link\" target=\"_self\">        \n        <\/a>\n                <div class=\"overlay grid-hover-content\"><\/div>\n        \t\t\t\t<\/div>\n\t\t\t\n\n\t\t\t<div class=\"entry-title-wrapper\"><h3 class=\"entry-title\"><a data-id=\"8531\" href=\"https:\/\/weldingconsulting.pl\/de\/schweiserzertifizierung-alles-was-sie-wissen-mussen\/\" class=\"tpg-post-link\" target=\"_self\">Schwei\u00dferzertifizierung \u2013 Alles, was Sie wissen m\u00fcssen<\/a><\/h3><\/div>\n\t\t\t\t\t\t\t<div class=\"post-meta-tags rt-el-post-meta\">\n\t\t\t\t\t\t\t\t\t<\/div>\n\t\t\t\n\t\t\t\t\t\t\t<div class=\"tpg-excerpt tpg-el-excerpt\">\n\t\t\t\t\t\t\t\t\t\t\t<div class=\"tpg-excerpt-inner\">\n\t\t\t\t\t\t\tSchwei\u00dferzertifizierung \u2013 Alles, was Sie wissen m\u00fcssen Einf\u00fchrung \u2013 Warum eine Zertifizierung wichtig ist Die Schwei\u00dferzertifizierung best\u00e4tigt, dass eine Person \u00fcber die entsprechenden Qualifikationen verf\u00fcgt und \u2026\t\t\t\t\t\t<\/div>\n\t\t\t\t\t\t\t\t\t\t\t\t\t\t<\/div>\n\t\t\t\n\t\t\t        <div class=\"post-footer\">\n            <div class=\"post-footer\">\n                <div class=\"read-more\">\n                    <a data-id=\"8531\" href=\"https:\/\/weldingconsulting.pl\/de\/schweiserzertifizierung-alles-was-sie-wissen-mussen\/\" class=\"tpg-post-link\" target=\"_self\">Mehr lesen<\/a>                <\/div>\n            <\/div>\n        <\/div>\n        \t\t<\/div>\n\t<\/div>\n<\/div>\n\t\t\t<\/div>\n\t\t\t\n\t\t<\/div>\n\t\t\t\t\t\t<\/div>\n\t\t\t\t<\/div>\n\t\t\t\t\t<\/div>\n\t\t<\/div>\n\t\t\t\t\t<\/div>\n\t\t<\/section>\n\t\t\t\t<\/div>","protected":false},"excerpt":{"rendered":"<p>Bezpiecze\u0144stwo spawacza \u2013 zasady BHP i praktyczne wskaz\u00f3wki Bezpiecze\u0144stwo spawacza \u2013 zasady BHP i praktyczne wskaz\u00f3wki Dlaczego bezpiecze\u0144stwo spawacza jest kluczowe? Spawanie to proces obarczony wieloma zagro\u017ceniami: wysok\u0105 temperatur\u0105, promieniowaniem UV&#8230; Czytaj wi\u0119cej ISO 3834 \u2013 system zarz\u0105dzania jako\u015bci\u0105 w spawalnictwie ISO 3834 \u2013 najwa\u017cniejszy system jako\u015bci w spawalnictwie Czym jest ISO 3834? Norma ISO 3834 to mi\u0119dzynarodowy standard okre\u015blaj\u0105cy wymagania jako\u015bciowe dla proces\u00f3w spawania materia\u0142\u00f3w metalowych&#8230; Czytaj wi\u0119cej Dlaczego nadz\u00f3r spawalniczy jest kluczowy w budownictwie i przemy\u015ble Dlaczego nadz\u00f3r spawalniczy jest kluczowy w budownictwie i przemy\u015ble Rola nadzoru spawalniczego Nadz\u00f3r spawalniczy to proces systematycznego kontrolowania jako\u015bci spoin, dokumentacji oraz zgodno\u015bci z&#8230; Czytaj wi\u0119cej Najcz\u0119stsze b\u0142\u0119dy w procesie spawania i sposoby ich unikania Najcz\u0119stsze b\u0142\u0119dy w procesie spawania i jak ich unika\u0107 Wprowadzenie Proces spawania wymaga precyzji, do\u015bwiadczenia i znajomo\u015bci norm. Nawet drobne b\u0142\u0119dy mog\u0105 prowadzi\u0107 do powa\u017cnych problem\u00f3w \u2013 od&#8230; Czytaj wi\u0119cej Certyfikacja spawaczy \u2013 wszystko, co musisz wiedzie\u0107 Certyfikacja spawaczy \u2013 wszystko, co musisz wiedzie\u0107 Wprowadzenie \u2013 dlaczego certyfikacja jest wa\u017cna Certyfikacja spawaczy to potwierdzenie, \u017ce dana osoba posiada odpowiednie kwalifikacje i&#8230; Czytaj wi\u0119cej<\/p>","protected":false},"author":1,"featured_media":0,"parent":0,"menu_order":0,"comment_status":"closed","ping_status":"closed","template":"elementor_header_footer","meta":{"site-sidebar-layout":"no-sidebar","site-content-layout":"","ast-site-content-layout":"full-width-container","site-content-style":"default","site-sidebar-style":"default","ast-global-header-display":"","ast-banner-title-visibility":"","ast-main-header-display":"","ast-hfb-above-header-display":"","ast-hfb-below-header-display":"","ast-hfb-mobile-header-display":"","site-post-title":"","ast-breadcrumbs-content":"","ast-featured-img":"disabled","footer-sml-layout":"","ast-disable-related-posts":"","theme-transparent-header-meta":"","adv-header-id-meta":"","stick-header-meta":"","header-above-stick-meta":"","header-main-stick-meta":"","header-below-stick-meta":"","astra-migrate-meta-layouts":"default","ast-page-background-enabled":"default","ast-page-background-meta":{"desktop":{"background-color":"var(--ast-global-color-4)","background-image":"","background-repeat":"repeat","background-position":"center center","background-size":"auto","background-attachment":"scroll","background-type":"","background-media":"","overlay-type":"","overlay-color":"","overlay-opacity":"","overlay-gradient":""},"tablet":{"background-color":"","background-image":"","background-repeat":"repeat","background-position":"center center","background-size":"auto","background-attachment":"scroll","background-type":"","background-media":"","overlay-type":"","overlay-color":"","overlay-opacity":"","overlay-gradient":""},"mobile":{"background-color":"","background-image":"","background-repeat":"repeat","background-position":"center center","background-size":"auto","background-attachment":"scroll","background-type":"","background-media":"","overlay-type":"","overlay-color":"","overlay-opacity":"","overlay-gradient":""}},"ast-content-background-meta":{"desktop":{"background-color":"var(--ast-global-color-5)","background-image":"","background-repeat":"repeat","background-position":"center center","background-size":"auto","background-attachment":"scroll","background-type":"","background-media":"","overlay-type":"","overlay-color":"","overlay-opacity":"","overlay-gradient":""},"tablet":{"background-color":"var(--ast-global-color-5)","background-image":"","background-repeat":"repeat","background-position":"center center","background-size":"auto","background-attachment":"scroll","background-type":"","background-media":"","overlay-type":"","overlay-color":"","overlay-opacity":"","overlay-gradient":""},"mobile":{"background-color":"var(--ast-global-color-5)","background-image":"","background-repeat":"repeat","background-position":"center center","background-size":"auto","background-attachment":"scroll","background-type":"","background-media":"","overlay-type":"","overlay-color":"","overlay-opacity":"","overlay-gradient":""}},"footnotes":""},"class_list":["post-8586","page","type-page","status-publish","hentry"],"rttpg_featured_image_url":null,"rttpg_author":{"display_name":"admin-JYZ7TiXE","author_link":"https:\/\/weldingconsulting.pl\/de\/author\/admin-jyz7tixe\/"},"rttpg_comment":0,"rttpg_category":"","rttpg_excerpt":"Bezpiecze\u0144stwo spawacza \u2013 zasady BHP i praktyczne wskaz\u00f3wki Bezpiecze\u0144stwo spawacza \u2013 zasady BHP i praktyczne wskaz\u00f3wki Dlaczego bezpiecze\u0144stwo spawacza jest kluczowe? Spawanie to proces obarczony wieloma zagro\u017ceniami: wysok\u0105 temperatur\u0105, promieniowaniem UV&#8230; Czytaj wi\u0119cej ISO 3834 \u2013 system zarz\u0105dzania jako\u015bci\u0105 w spawalnictwie ISO 3834 \u2013 najwa\u017cniejszy system jako\u015bci w spawalnictwie Czym jest ISO 3834? Norma ISO&hellip;","_links":{"self":[{"href":"https:\/\/weldingconsulting.pl\/de\/wp-json\/wp\/v2\/pages\/8586","targetHints":{"allow":["GET"]}}],"collection":[{"href":"https:\/\/weldingconsulting.pl\/de\/wp-json\/wp\/v2\/pages"}],"about":[{"href":"https:\/\/weldingconsulting.pl\/de\/wp-json\/wp\/v2\/types\/page"}],"author":[{"embeddable":true,"href":"https:\/\/weldingconsulting.pl\/de\/wp-json\/wp\/v2\/users\/1"}],"replies":[{"embeddable":true,"href":"https:\/\/weldingconsulting.pl\/de\/wp-json\/wp\/v2\/comments?post=8586"}],"version-history":[{"count":4,"href":"https:\/\/weldingconsulting.pl\/de\/wp-json\/wp\/v2\/pages\/8586\/revisions"}],"predecessor-version":[{"id":8590,"href":"https:\/\/weldingconsulting.pl\/de\/wp-json\/wp\/v2\/pages\/8586\/revisions\/8590"}],"wp:attachment":[{"href":"https:\/\/weldingconsulting.pl\/de\/wp-json\/wp\/v2\/media?parent=8586"}],"curies":[{"name":"wp","href":"https:\/\/api.w.org\/{rel}","templated":true}]}}