{"id":8522,"date":"2025-08-20T17:55:47","date_gmt":"2025-08-20T15:55:47","guid":{"rendered":"https:\/\/weldingconsulting.pl\/?page_id=8522"},"modified":"2025-08-20T18:49:03","modified_gmt":"2025-08-20T16:49:03","slug":"uber-uns","status":"publish","type":"page","link":"https:\/\/weldingconsulting.pl\/de\/uber-uns\/","title":{"rendered":"\u00dcber uns"},"content":{"rendered":"<div data-elementor-type=\"wp-page\" data-elementor-id=\"8522\" class=\"elementor elementor-8522\" data-elementor-post-type=\"page\">\n\t\t\t\t\t\t<section class=\"elementor-section elementor-top-section elementor-element elementor-element-9cfaf8a elementor-section-boxed elementor-section-height-default elementor-section-height-default wpr-particle-no wpr-jarallax-no wpr-parallax-no wpr-sticky-section-no wpr-equal-height-no\" data-id=\"9cfaf8a\" data-element_type=\"section\" data-e-type=\"section\">\n\t\t\t\t\t\t<div class=\"elementor-container elementor-column-gap-default\">\n\t\t\t\t\t<div class=\"elementor-column elementor-col-100 elementor-top-column elementor-element elementor-element-f18742f\" data-id=\"f18742f\" data-element_type=\"column\" data-e-type=\"column\">\n\t\t\t<div class=\"elementor-widget-wrap elementor-element-populated\">\n\t\t\t\t\t\t<div class=\"elementor-element elementor-element-4f2b644 elementor-widget elementor-widget-heading\" data-id=\"4f2b644\" data-element_type=\"widget\" data-e-type=\"widget\" data-widget_type=\"heading.default\">\n\t\t\t\t<div class=\"elementor-widget-container\">\n\t\t\t\t\t<h2 class=\"elementor-heading-title elementor-size-default\">\u00dcber uns<\/h2>\t\t\t\t<\/div>\n\t\t\t\t<\/div>\n\t\t\t\t<div class=\"elementor-element elementor-element-b144b6d elementor-widget elementor-widget-text-editor\" data-id=\"b144b6d\" data-element_type=\"widget\" data-e-type=\"widget\" data-widget_type=\"text-editor.default\">\n\t\t\t\t<div class=\"elementor-widget-container\">\n\t\t\t\t\t\t\t\t\t<h2 data-start=\"1748\" data-end=\"1765\">Wer wir sind<\/h2><p data-start=\"1766\" data-end=\"2036\"><strong data-start=\"1766\" data-end=\"1790\">WeldingConsulting.pl<\/strong> ist ein Expertenteam, das sich auf Schwei\u00dfberatung, \u00dcberwachung und Zertifizierung von Schwei\u00dfern und Unternehmen spezialisiert hat. Seit Jahren unterst\u00fctzen wir Unternehmen in ganz Europa und gew\u00e4hrleisten h\u00f6chste Qualit\u00e4t, Sicherheit und die Einhaltung internationaler Standards.<\/p><h2 data-start=\"2038\" data-end=\"2054\">Unsere Mission<\/h2><p data-start=\"2055\" data-end=\"2313\">Unser Ziel ist <strong data-start=\"2073\" data-end=\"2120\">Unterst\u00fctzung von Bau- und Industrieunternehmen<\/strong> bei der Umsetzung von Schwei\u00dfprojekten auf h\u00f6chstem Niveau. Wir kombinieren technisches Wissen mit praktischer Erfahrung, um ma\u00dfgeschneiderte L\u00f6sungen f\u00fcr individuelle Kundenbed\u00fcrfnisse zu bieten.<\/p><h2 data-start=\"2315\" data-end=\"2329\">Was wir tun<\/h2><p data-start=\"2330\" data-end=\"2348\">Wir bieten unter anderem:<\/p><ul data-start=\"2349\" data-end=\"2601\"><li data-start=\"2349\" data-end=\"2412\"><p data-start=\"2351\" data-end=\"2412\">Schwei\u00dfaufsicht auf Baustellen und in Industrieanlagen,<\/p><\/li><li data-start=\"2413\" data-end=\"2468\"><p data-start=\"2415\" data-end=\"2468\">Qualifikationspr\u00fcfungen und Zertifizierungen von Schwei\u00dfern,<\/p><\/li><li data-start=\"2469\" data-end=\"2521\"><p data-start=\"2471\" data-end=\"2521\">Erstellung der Schwei\u00dfdokumentation (WPS\/PQR),<\/p><\/li><li data-start=\"2522\" data-end=\"2566\"><p data-start=\"2524\" data-end=\"2566\">Qualit\u00e4tskontrollen und unabh\u00e4ngige Inspektionen,<\/p><\/li><li data-start=\"2567\" data-end=\"2601\"><p data-start=\"2569\" data-end=\"2601\">Technische Beratung f\u00fcr Unternehmen.<\/p><\/li><\/ul><h2 data-start=\"2603\" data-end=\"2619\">Warum wir<\/h2><p data-start=\"2620\" data-end=\"2837\"><img decoding=\"async\" class=\"emoji\" role=\"img\" draggable=\"false\" src=\"https:\/\/s.w.org\/images\/core\/emoji\/16.0.1\/svg\/2714.svg\" alt=\"\u2714\" title=\"\"> Erfahrene und zertifizierte Schwei\u00dffachberater,<br data-start=\"2675\" data-end=\"2678\" \/><img decoding=\"async\" class=\"emoji\" role=\"img\" draggable=\"false\" src=\"https:\/\/s.w.org\/images\/core\/emoji\/16.0.1\/svg\/2714.svg\" alt=\"\u2714\" title=\"\"> Kenntnisse internationaler Normen und Standards,<br data-start=\"2725\" data-end=\"2728\" \/><img decoding=\"async\" class=\"emoji\" role=\"img\" draggable=\"false\" src=\"https:\/\/s.w.org\/images\/core\/emoji\/16.0.1\/svg\/2714.svg\" alt=\"\u2714\" title=\"\"> Ma\u00dfgeschneiderte L\u00f6sungen f\u00fcr kleine und gro\u00dfe Unternehmen,<br data-start=\"2777\" data-end=\"2780\" \/><img decoding=\"async\" class=\"emoji\" role=\"img\" draggable=\"false\" src=\"https:\/\/s.w.org\/images\/core\/emoji\/16.0.1\/svg\/2714.svg\" alt=\"\u2714\" title=\"\"> Engagement f\u00fcr Qualit\u00e4t, Sicherheit und Effizienz.<\/p><h2 data-start=\"2839\" data-end=\"2856\">Unsere Kunden<\/h2><p data-start=\"2857\" data-end=\"2876\">Wir kooperieren mit:<\/p><ul data-start=\"2877\" data-end=\"3034\"><li data-start=\"2877\" data-end=\"2901\"><p data-start=\"2879\" data-end=\"2901\">Bauunternehmen,<\/p><\/li><li data-start=\"2902\" data-end=\"2932\"><p data-start=\"2904\" data-end=\"2932\">Stahlproduktionsanlagen,<\/p><\/li><li data-start=\"2933\" data-end=\"2971\"><p data-start=\"2935\" data-end=\"2971\">Ingenieurb\u00fcros,<\/p><\/li><li data-start=\"2972\" data-end=\"3000\"><p data-start=\"2974\" data-end=\"3000\">Generalunternehmer,<\/p><\/li><li data-start=\"3001\" data-end=\"3034\"><p data-start=\"3003\" data-end=\"3034\">Zertifizierungsinstitutionen.<\/p><\/li><\/ul>\t\t\t\t\t\t\t\t<\/div>\n\t\t\t\t<\/div>\n\t\t\t\t\t<\/div>\n\t\t<\/div>\n\t\t\t\t\t<\/div>\n\t\t<\/section>\n\t\t\t\t<\/div>","protected":false},"excerpt":{"rendered":"<p>O nas Kim jeste\u015bmy WeldingConsulting.pl to zesp\u00f3\u0142 ekspert\u00f3w specjalizuj\u0105cych si\u0119 w doradztwie spawalniczym, nadzorze oraz certyfikacji spawaczy i firm. Od lat wspieramy przedsi\u0119biorstwa w ca\u0142ej Europie, dbaj\u0105c o najwy\u017csz\u0105 jako\u015b\u0107, bezpiecze\u0144stwo i zgodno\u015b\u0107 z mi\u0119dzynarodowymi normami. Nasza misja Naszym celem jest wspieranie firm budowlanych i przemys\u0142owych w realizacji projekt\u00f3w spawalniczych na najwy\u017cszym poziomie. \u0141\u0105czymy wiedz\u0119 techniczn\u0105 z praktycznym do\u015bwiadczeniem, aby dostarcza\u0107 rozwi\u0105zania dopasowane do indywidualnych potrzeb klient\u00f3w. Co robimy Oferujemy m.in.: Nadz\u00f3r spawalniczy na budowach i w zak\u0142adach przemys\u0142owych, Egzaminy kwalifikacyjne oraz certyfikacj\u0119 spawaczy, Opracowanie dokumentacji spawalniczej (WPS\/PQR), Kontrole jako\u015bci i niezale\u017cne inspekcje, Doradztwo techniczne dla firm. Dlaczego my Do\u015bwiadczeni i certyfikowani konsultanci spawalniczy, Znajomo\u015b\u0107 mi\u0119dzynarodowych norm i standard\u00f3w, Rozwi\u0105zania dopasowane do ma\u0142ych i du\u017cych firm, Zaanga\u017cowanie w jako\u015b\u0107, bezpiecze\u0144stwo i efektywno\u015b\u0107. Nasi klienci Wsp\u00f3\u0142pracujemy z: Firmami budowlanymi, Zak\u0142adami produkcji stali, Przedsi\u0119biorstwami in\u017cynieryjnymi, Generalnymi wykonawcami, Instytucjami certyfikuj\u0105cymi.<\/p>","protected":false},"author":1,"featured_media":0,"parent":0,"menu_order":0,"comment_status":"closed","ping_status":"closed","template":"elementor_canvas","meta":{"site-sidebar-layout":"no-sidebar","site-content-layout":"","ast-site-content-layout":"full-width-container","site-content-style":"default","site-sidebar-style":"default","ast-global-header-display":"","ast-banner-title-visibility":"","ast-main-header-display":"","ast-hfb-above-header-display":"","ast-hfb-below-header-display":"","ast-hfb-mobile-header-display":"","site-post-title":"","ast-breadcrumbs-content":"","ast-featured-img":"disabled","footer-sml-layout":"","ast-disable-related-posts":"","theme-transparent-header-meta":"","adv-header-id-meta":"","stick-header-meta":"","header-above-stick-meta":"","header-main-stick-meta":"","header-below-stick-meta":"","astra-migrate-meta-layouts":"default","ast-page-background-enabled":"default","ast-page-background-meta":{"desktop":{"background-color":"var(--ast-global-color-4)","background-image":"","background-repeat":"repeat","background-position":"center center","background-size":"auto","background-attachment":"scroll","background-type":"","background-media":"","overlay-type":"","overlay-color":"","overlay-opacity":"","overlay-gradient":""},"tablet":{"background-color":"","background-image":"","background-repeat":"repeat","background-position":"center center","background-size":"auto","background-attachment":"scroll","background-type":"","background-media":"","overlay-type":"","overlay-color":"","overlay-opacity":"","overlay-gradient":""},"mobile":{"background-color":"","background-image":"","background-repeat":"repeat","background-position":"center center","background-size":"auto","background-attachment":"scroll","background-type":"","background-media":"","overlay-type":"","overlay-color":"","overlay-opacity":"","overlay-gradient":""}},"ast-content-background-meta":{"desktop":{"background-color":"var(--ast-global-color-5)","background-image":"","background-repeat":"repeat","background-position":"center center","background-size":"auto","background-attachment":"scroll","background-type":"","background-media":"","overlay-type":"","overlay-color":"","overlay-opacity":"","overlay-gradient":""},"tablet":{"background-color":"var(--ast-global-color-5)","background-image":"","background-repeat":"repeat","background-position":"center center","background-size":"auto","background-attachment":"scroll","background-type":"","background-media":"","overlay-type":"","overlay-color":"","overlay-opacity":"","overlay-gradient":""},"mobile":{"background-color":"var(--ast-global-color-5)","background-image":"","background-repeat":"repeat","background-position":"center center","background-size":"auto","background-attachment":"scroll","background-type":"","background-media":"","overlay-type":"","overlay-color":"","overlay-opacity":"","overlay-gradient":""}},"footnotes":""},"class_list":["post-8522","page","type-page","status-publish","hentry"],"rttpg_featured_image_url":null,"rttpg_author":{"display_name":"admin-JYZ7TiXE","author_link":"https:\/\/weldingconsulting.pl\/de\/author\/admin-jyz7tixe\/"},"rttpg_comment":0,"rttpg_category":null,"rttpg_excerpt":"O nas Kim jeste\u015bmy WeldingConsulting.pl to zesp\u00f3\u0142 ekspert\u00f3w specjalizuj\u0105cych si\u0119 w doradztwie spawalniczym, nadzorze oraz certyfikacji spawaczy i firm. Od lat wspieramy przedsi\u0119biorstwa w ca\u0142ej Europie, dbaj\u0105c o najwy\u017csz\u0105 jako\u015b\u0107, bezpiecze\u0144stwo i zgodno\u015b\u0107 z mi\u0119dzynarodowymi normami. Nasza misja Naszym celem jest wspieranie firm budowlanych i przemys\u0142owych w realizacji projekt\u00f3w spawalniczych na najwy\u017cszym poziomie. \u0141\u0105czymy wiedz\u0119&hellip;","_links":{"self":[{"href":"https:\/\/weldingconsulting.pl\/de\/wp-json\/wp\/v2\/pages\/8522","targetHints":{"allow":["GET"]}}],"collection":[{"href":"https:\/\/weldingconsulting.pl\/de\/wp-json\/wp\/v2\/pages"}],"about":[{"href":"https:\/\/weldingconsulting.pl\/de\/wp-json\/wp\/v2\/types\/page"}],"author":[{"embeddable":true,"href":"https:\/\/weldingconsulting.pl\/de\/wp-json\/wp\/v2\/users\/1"}],"replies":[{"embeddable":true,"href":"https:\/\/weldingconsulting.pl\/de\/wp-json\/wp\/v2\/comments?post=8522"}],"version-history":[{"count":4,"href":"https:\/\/weldingconsulting.pl\/de\/wp-json\/wp\/v2\/pages\/8522\/revisions"}],"predecessor-version":[{"id":8527,"href":"https:\/\/weldingconsulting.pl\/de\/wp-json\/wp\/v2\/pages\/8522\/revisions\/8527"}],"wp:attachment":[{"href":"https:\/\/weldingconsulting.pl\/de\/wp-json\/wp\/v2\/media?parent=8522"}],"curies":[{"name":"wp","href":"https:\/\/api.w.org\/{rel}","templated":true}]}}