{"id":3047,"date":"2024-08-09T11:50:02","date_gmt":"2024-08-09T09:50:02","guid":{"rendered":"https:\/\/weldingconsulting.pl\/?page_id=3047"},"modified":"2024-08-09T15:03:13","modified_gmt":"2024-08-09T13:03:13","slug":"schweisprufungen-warschau","status":"publish","type":"page","link":"https:\/\/weldingconsulting.pl\/de\/schweisprufungen-warschau\/","title":{"rendered":"Schwei\u00dfpr\u00fcfungen Warschau"},"content":{"rendered":"\t\t<div data-elementor-type=\"wp-page\" data-elementor-id=\"3047\" class=\"elementor elementor-3047\" data-elementor-post-type=\"page\">\n\t\t\t\t\t\t<section class=\"elementor-section elementor-top-section elementor-element elementor-element-5a94094 elementor-section-boxed elementor-section-height-default elementor-section-height-default wpr-particle-no wpr-jarallax-no wpr-parallax-no wpr-sticky-section-no\" data-id=\"5a94094\" data-element_type=\"section\" data-e-type=\"section\">\n\t\t\t\t\t\t<div class=\"elementor-container elementor-column-gap-default\">\n\t\t\t\t\t<div class=\"elementor-column elementor-col-100 elementor-top-column elementor-element elementor-element-f131552\" data-id=\"f131552\" data-element_type=\"column\" data-e-type=\"column\">\n\t\t\t<div class=\"elementor-widget-wrap elementor-element-populated\">\n\t\t\t\t\t\t<div class=\"elementor-element elementor-element-3dac773 elementor-widget elementor-widget-heading\" data-id=\"3dac773\" data-element_type=\"widget\" data-e-type=\"widget\" data-widget_type=\"heading.default\">\n\t\t\t\t<div class=\"elementor-widget-container\">\n\t\t\t\t\t<h1 class=\"elementor-heading-title elementor-size-default\">Inspekcje spawalnicze Warszawa\n<\/h1>\t\t\t\t<\/div>\n\t\t\t\t<\/div>\n\t\t\t\t<div class=\"elementor-element elementor-element-6e679c4 elementor-widget elementor-widget-text-editor\" data-id=\"6e679c4\" data-element_type=\"widget\" data-e-type=\"widget\" data-widget_type=\"text-editor.default\">\n\t\t\t\t<div class=\"elementor-widget-container\">\n\t\t\t\t\t\t\t\t\t<p><span style=\"font-weight: 400;\">W weldingconsulting.pl jeste\u015bmy liderami w dziedzinie inspekcji spawalniczych w Warszawie, dostarczaj\u0105c rozwi\u0105zania, kt\u00f3re zapewniaj\u0105 najwy\u017csze standardy jako\u015bci i bezpiecze\u0144stwa. Nasza firma \u0142\u0105czy wieloletnie do\u015bwiadczenie z nowoczesnymi technologiami, oferuj\u0105c us\u0142ugi, kt\u00f3re spe\u0142niaj\u0105 oczekiwania najbardziej wymagaj\u0105cych klient\u00f3w.<\/span><\/p>\t\t\t\t\t\t\t\t<\/div>\n\t\t\t\t<\/div>\n\t\t\t\t\t<\/div>\n\t\t<\/div>\n\t\t\t\t\t<\/div>\n\t\t<\/section>\n\t\t\t\t<section class=\"elementor-section elementor-top-section elementor-element elementor-element-0fd11ff elementor-section-boxed elementor-section-height-default elementor-section-height-default wpr-particle-no wpr-jarallax-no wpr-parallax-no wpr-sticky-section-no\" data-id=\"0fd11ff\" data-element_type=\"section\" data-e-type=\"section\">\n\t\t\t\t\t\t<div class=\"elementor-container elementor-column-gap-default\">\n\t\t\t\t\t<div class=\"elementor-column elementor-col-50 elementor-top-column elementor-element elementor-element-33e09d6\" data-id=\"33e09d6\" data-element_type=\"column\" data-e-type=\"column\">\n\t\t\t<div class=\"elementor-widget-wrap elementor-element-populated\">\n\t\t\t\t\t\t<div class=\"elementor-element elementor-element-d1d3898 elementor-widget elementor-widget-heading\" data-id=\"d1d3898\" data-element_type=\"widget\" data-e-type=\"widget\" data-widget_type=\"heading.default\">\n\t\t\t\t<div class=\"elementor-widget-container\">\n\t\t\t\t\t<h2 class=\"elementor-heading-title elementor-size-default\">Dlaczego warto wybra\u0107 consulting.pl?\n<\/h2>\t\t\t\t<\/div>\n\t\t\t\t<\/div>\n\t\t\t\t<div class=\"elementor-element elementor-element-f64730a elementor-widget elementor-widget-text-editor\" data-id=\"f64730a\" data-element_type=\"widget\" data-e-type=\"widget\" data-widget_type=\"text-editor.default\">\n\t\t\t\t<div class=\"elementor-widget-container\">\n\t\t\t\t\t\t\t\t\t<p><strong>Do\u015bwiadczenie i Ekspertyza:<\/strong> Nasz zesp\u00f3\u0142 sk\u0142ada si\u0119 z wysoko wykwalifikowanych specjalist\u00f3w z wieloletnim do\u015bwiadczeniem w dziedzinie inspekcji spawalniczych. Nasza wiedza i umiej\u0119tno\u015bci pozwalaj\u0105 nam skutecznie identyfikowa\u0107 i rozwi\u0105zywa\u0107 problemy, zapewniaj\u0105c najwy\u017csz\u0105 jako\u015b\u0107 us\u0142ug.<\/p><p><strong>Indywidualne Podej\u015bcie:<\/strong> Ka\u017cdy projekt traktujemy indywidualnie, dostosowuj\u0105c nasze us\u0142ugi do specyficznych potrzeb i wymaga\u0144 klient\u00f3w. Nasze podej\u015bcie gwarantuje precyzyjne i efektywne rozwi\u0105zania, kt\u00f3re wspieraj\u0105 sukces projekt\u00f3w.<\/p><p><strong>Zaawansowane Technologie:<\/strong> Korzystamy z najnowszych technologii i metod inspekcyjnych, co pozwala nam na dok\u0142adn\u0105 i rzeteln\u0105 ocen\u0119 jako\u015bci spoin oraz proces\u00f3w spawalniczych. Nasze innowacyjne rozwi\u0105zania zapewniaj\u0105 efektywno\u015b\u0107 i dok\u0142adno\u015b\u0107 w ka\u017cdej inspekcji.<\/p><p><strong>Profesjonalizm i Rzetelno\u015b\u0107:<\/strong> Jeste\u015bmy zobowi\u0105zani do zachowania najwy\u017cszych standard\u00f3w profesjonalizmu i rzetelno\u015bci. Nasze raporty i analizy s\u0105 szczeg\u00f3\u0142owe i transparentne, co pozwala naszym klientom na podejmowanie \u015bwiadomych decyzji.<\/p><p><strong>Bezpiecze\u0144stwo i Jako\u015b\u0107:<\/strong> Naszym priorytetem jest zapewnienie, \u017ce wszystkie projekty s\u0105 realizowane zgodnie z obowi\u0105zuj\u0105cymi normami i przepisami, co przek\u0142ada si\u0119 na bezpiecze\u0144stwo i wysok\u0105 jako\u015b\u0107 ko\u0144cowego produktu.<\/p><h3>Nasza Misja<\/h3><p>Nasz\u0105 misj\u0105 jest dostarczanie us\u0142ug inspekcji spawalniczych, kt\u00f3re nie tylko spe\u0142niaj\u0105, ale przewy\u017cszaj\u0105 oczekiwania naszych klient\u00f3w. Anga\u017cujemy si\u0119 w ka\u017cdy projekt z pe\u0142nym zaanga\u017cowaniem, d\u0105\u017c\u0105c do doskona\u0142o\u015bci w ka\u017cdej realizowanej us\u0142udze.<\/p>\t\t\t\t\t\t\t\t<\/div>\n\t\t\t\t<\/div>\n\t\t\t\t\t<\/div>\n\t\t<\/div>\n\t\t\t\t<div class=\"elementor-column elementor-col-50 elementor-top-column elementor-element elementor-element-ff6bf32\" data-id=\"ff6bf32\" data-element_type=\"column\" data-e-type=\"column\">\n\t\t\t<div class=\"elementor-widget-wrap elementor-element-populated\">\n\t\t\t\t\t\t<div class=\"elementor-element elementor-element-67b2a15 elementor-widget elementor-widget-image\" data-id=\"67b2a15\" data-element_type=\"widget\" data-e-type=\"widget\" data-widget_type=\"image.default\">\n\t\t\t\t<div class=\"elementor-widget-container\">\n\t\t\t\t\t\t\t\t\t\t\t\t\t\t\t<img fetchpriority=\"high\" decoding=\"async\" width=\"1024\" height=\"683\" src=\"https:\/\/weldingconsulting.pl\/wp-content\/uploads\/2024\/08\/industrial-worker-using-angle-grinder-and-cutting-2024-05-17-16-33-16-utc_11zon-scaled.jpg\" class=\"attachment-large size-large wp-image-3057\" alt=\"\" title=\"\">\t\t\t\t\t\t\t\t\t\t\t\t\t\t\t<\/div>\n\t\t\t\t<\/div>\n\t\t\t\t<div class=\"elementor-element elementor-element-ad16df3 elementor-widget elementor-widget-image\" data-id=\"ad16df3\" data-element_type=\"widget\" data-e-type=\"widget\" data-widget_type=\"image.default\">\n\t\t\t\t<div class=\"elementor-widget-container\">\n\t\t\t\t\t\t\t\t\t\t\t\t\t\t\t<img decoding=\"async\" width=\"1024\" height=\"853\" src=\"https:\/\/weldingconsulting.pl\/wp-content\/uploads\/2024\/01\/image-1200x1000-1_11zon-1024x853.jpg\" class=\"attachment-large size-large wp-image-2678\" alt=\"\" srcset=\"https:\/\/weldingconsulting.pl\/wp-content\/uploads\/2024\/01\/image-1200x1000-1_11zon-1024x853.jpg 1024w, https:\/\/weldingconsulting.pl\/wp-content\/uploads\/2024\/01\/image-1200x1000-1_11zon-300x250.jpg 300w, https:\/\/weldingconsulting.pl\/wp-content\/uploads\/2024\/01\/image-1200x1000-1_11zon-768x640.jpg 768w, https:\/\/weldingconsulting.pl\/wp-content\/uploads\/2024\/01\/image-1200x1000-1_11zon-14x12.jpg 14w, https:\/\/weldingconsulting.pl\/wp-content\/uploads\/2024\/01\/image-1200x1000-1_11zon-600x500.jpg 600w, https:\/\/weldingconsulting.pl\/wp-content\/uploads\/2024\/01\/image-1200x1000-1_11zon.jpg 1200w\" sizes=\"(max-width: 1024px) 100vw, 1024px\" title=\"\">\t\t\t\t\t\t\t\t\t\t\t\t\t\t\t<\/div>\n\t\t\t\t<\/div>\n\t\t\t\t\t<\/div>\n\t\t<\/div>\n\t\t\t\t\t<\/div>\n\t\t<\/section>\n\t\t\t\t<section class=\"elementor-section elementor-top-section elementor-element elementor-element-21d364a1 envato-kit-141-top-0 elementor-section-boxed elementor-section-height-default elementor-section-height-default wpr-particle-no wpr-jarallax-no wpr-parallax-no wpr-sticky-section-no\" data-id=\"21d364a1\" data-element_type=\"section\" data-e-type=\"section\" data-settings=\"{&quot;background_background&quot;:&quot;classic&quot;}\">\n\t\t\t\t\t\t\t<div class=\"elementor-background-overlay\"><\/div>\n\t\t\t\t\t\t\t<div class=\"elementor-container elementor-column-gap-wider\">\n\t\t\t\t\t<div class=\"elementor-column elementor-col-100 elementor-top-column elementor-element elementor-element-eb90f57\" data-id=\"eb90f57\" data-element_type=\"column\" data-e-type=\"column\">\n\t\t\t<div class=\"elementor-widget-wrap elementor-element-populated\">\n\t\t\t\t\t\t<div class=\"elementor-element elementor-element-e6f9b54 elementor-widget elementor-widget-heading\" data-id=\"e6f9b54\" data-element_type=\"widget\" data-e-type=\"widget\" data-widget_type=\"heading.default\">\n\t\t\t\t<div class=\"elementor-widget-container\">\n\t\t\t\t\t<h2 class=\"elementor-heading-title elementor-size-default\">Skontaktuj si\u0119 z nami<\/h2>\t\t\t\t<\/div>\n\t\t\t\t<\/div>\n\t\t\t\t<div class=\"elementor-element elementor-element-1501a8b elementor-widget elementor-widget-text-editor\" data-id=\"1501a8b\" data-element_type=\"widget\" data-e-type=\"widget\" data-widget_type=\"text-editor.default\">\n\t\t\t\t<div class=\"elementor-widget-container\">\n\t\t\t\t\t\t\t\t\t<p><span style=\"font-weight: 400;\">Skontaktuj si\u0119 z nami, aby dowiedzie\u0107 si\u0119, jak mo\u017cemy pom\u00f3c w zapewnieniu jako\u015bci i bezpiecze\u0144stwa Twoich projekt\u00f3w spawalniczych:<\/span><\/p>\t\t\t\t\t\t\t\t<\/div>\n\t\t\t\t<\/div>\n\t\t\t\t\t<\/div>\n\t\t<\/div>\n\t\t\t\t\t<\/div>\n\t\t<\/section>\n\t\t\t\t<section class=\"elementor-section elementor-top-section elementor-element elementor-element-5837b697 envato-kit-141-top-0 elementor-section-content-middle elementor-section-boxed elementor-section-height-default elementor-section-height-default wpr-particle-no wpr-jarallax-no wpr-parallax-no wpr-sticky-section-no\" data-id=\"5837b697\" data-element_type=\"section\" data-e-type=\"section\" data-settings=\"{&quot;background_background&quot;:&quot;classic&quot;}\">\n\t\t\t\t\t\t\t<div class=\"elementor-background-overlay\"><\/div>\n\t\t\t\t\t\t\t<div class=\"elementor-container elementor-column-gap-wider\">\n\t\t\t\t\t<div class=\"elementor-column elementor-col-50 elementor-top-column elementor-element elementor-element-328df5e3\" data-id=\"328df5e3\" data-element_type=\"column\" data-e-type=\"column\" data-settings=\"{&quot;animation&quot;:&quot;none&quot;}\">\n\t\t\t<div class=\"elementor-widget-wrap elementor-element-populated\">\n\t\t\t\t\t\t<div class=\"elementor-element elementor-element-e631c81 elementor-view-stacked elementor-shape-square elementor-position-block-start elementor-mobile-position-block-start elementor-widget elementor-widget-icon-box\" data-id=\"e631c81\" data-element_type=\"widget\" data-e-type=\"widget\" data-widget_type=\"icon-box.default\">\n\t\t\t\t<div class=\"elementor-widget-container\">\n\t\t\t\t\t\t\t<div class=\"elementor-icon-box-wrapper\">\n\n\t\t\t\t\t\t<div class=\"elementor-icon-box-icon\">\n\t\t\t\t<a href=\"mailto:office@weldingconsulting.pl\" class=\"elementor-icon\" tabindex=\"-1\" aria-label=\"office@weldingconsulting.pl\">\n\t\t\t\t<i aria-hidden=\"true\" class=\"far fa-envelope\"><\/i>\t\t\t\t<\/a>\n\t\t\t<\/div>\n\t\t\t\n\t\t\t\t\t\t<div class=\"elementor-icon-box-content\">\n\n\t\t\t\t\t\t\t\t\t<h3 class=\"elementor-icon-box-title\">\n\t\t\t\t\t\t<a href=\"mailto:office@weldingconsulting.pl\" >\n\t\t\t\t\t\t\toffice@weldingconsulting.pl\t\t\t\t\t\t<\/a>\n\t\t\t\t\t<\/h3>\n\t\t\t\t\n\t\t\t\t\n\t\t\t<\/div>\n\t\t\t\n\t\t<\/div>\n\t\t\t\t\t\t<\/div>\n\t\t\t\t<\/div>\n\t\t\t\t<div class=\"elementor-element elementor-element-6e5aae99 elementor-invisible elementor-widget elementor-widget-google_maps\" data-id=\"6e5aae99\" data-element_type=\"widget\" data-e-type=\"widget\" data-settings=\"{&quot;_animation&quot;:&quot;fadeIn&quot;,&quot;_animation_delay&quot;:300}\" data-widget_type=\"google_maps.default\">\n\t\t\t\t<div class=\"elementor-widget-container\">\n\t\t\t\t\t\t\t<div class=\"elementor-custom-embed\">\n\t\t\t<iframe loading=\"lazy\"\n\t\t\t\t\tsrc=\"https:\/\/maps.google.com\/maps?q=%20Warszawa&#038;t=m&#038;z=10&#038;output=embed&#038;iwloc=near\"\n\t\t\t\t\ttitle=\" Warszawa\"\n\t\t\t\t\taria-label=\" Warszawa\"\n\t\t\t><\/iframe>\n\t\t<\/div>\n\t\t\t\t\t\t<\/div>\n\t\t\t\t<\/div>\n\t\t\t\t\t<\/div>\n\t\t<\/div>\n\t\t\t\t<div class=\"elementor-column elementor-col-50 elementor-top-column elementor-element elementor-element-124ad979 envato-kit-141-newsletter-inline elementor-invisible\" data-id=\"124ad979\" data-element_type=\"column\" data-e-type=\"column\" data-settings=\"{&quot;background_background&quot;:&quot;classic&quot;,&quot;animation&quot;:&quot;pulse&quot;,&quot;animation_delay&quot;:200}\">\n\t\t\t<div class=\"elementor-widget-wrap elementor-element-populated\">\n\t\t\t\t\t\t<section class=\"elementor-section elementor-inner-section elementor-element elementor-element-3317b25 elementor-section-boxed elementor-section-height-default elementor-section-height-default wpr-particle-no wpr-jarallax-no wpr-parallax-no wpr-sticky-section-no\" data-id=\"3317b25\" data-element_type=\"section\" data-e-type=\"section\">\n\t\t\t\t\t\t<div class=\"elementor-container elementor-column-gap-default\">\n\t\t\t\t\t<div class=\"elementor-column elementor-col-100 elementor-inner-column elementor-element elementor-element-df79340\" data-id=\"df79340\" data-element_type=\"column\" data-e-type=\"column\">\n\t\t\t<div class=\"elementor-widget-wrap elementor-element-populated\">\n\t\t\t\t\t\t<div class=\"elementor-element elementor-element-9aa9434 elementor-view-stacked elementor-shape-square elementor-position-block-start elementor-mobile-position-block-start elementor-widget elementor-widget-icon-box\" data-id=\"9aa9434\" data-element_type=\"widget\" data-e-type=\"widget\" data-widget_type=\"icon-box.default\">\n\t\t\t\t<div class=\"elementor-widget-container\">\n\t\t\t\t\t\t\t<div class=\"elementor-icon-box-wrapper\">\n\n\t\t\t\t\t\t<div class=\"elementor-icon-box-icon\">\n\t\t\t\t<a href=\"tel:+48%20508%20052%20072\" class=\"elementor-icon\" tabindex=\"-1\" aria-label=\"+48 508 052 072\">\n\t\t\t\t<i aria-hidden=\"true\" class=\"fas fa-phone\"><\/i>\t\t\t\t<\/a>\n\t\t\t<\/div>\n\t\t\t\n\t\t\t\t\t\t<div class=\"elementor-icon-box-content\">\n\n\t\t\t\t\t\t\t\t\t<h3 class=\"elementor-icon-box-title\">\n\t\t\t\t\t\t<a href=\"tel:+48%20508%20052%20072\" >\n\t\t\t\t\t\t\t+48 508 052 072\t\t\t\t\t\t<\/a>\n\t\t\t\t\t<\/h3>\n\t\t\t\t\n\t\t\t\t\n\t\t\t<\/div>\n\t\t\t\n\t\t<\/div>\n\t\t\t\t\t\t<\/div>\n\t\t\t\t<\/div>\n\t\t\t\t\t<\/div>\n\t\t<\/div>\n\t\t\t\t\t<\/div>\n\t\t<\/section>\n\t\t\t\t<div class=\"elementor-element elementor-element-66d728b3 elementor-button-align-stretch elementor-widget elementor-widget-form\" data-id=\"66d728b3\" data-element_type=\"widget\" data-e-type=\"widget\" data-settings=\"{&quot;step_next_label&quot;:&quot;Next&quot;,&quot;step_previous_label&quot;:&quot;Previous&quot;,&quot;step_type&quot;:&quot;number_text&quot;,&quot;step_icon_shape&quot;:&quot;circle&quot;}\" data-widget_type=\"form.default\">\n\t\t\t\t<div class=\"elementor-widget-container\">\n\t\t\t\t\t\t\t<form class=\"elementor-form\" method=\"post\" name=\"New Form\" aria-label=\"New Form\">\n\t\t\t<input type=\"hidden\" name=\"post_id\" value=\"3047\"\/>\n\t\t\t<input type=\"hidden\" name=\"form_id\" value=\"66d728b3\"\/>\n\t\t\t<input type=\"hidden\" name=\"referer_title\" value=\"Inspekcje spawalnicze Warszawa &#045; Welding Consultant | Konsultacje spawalnicze\" \/>\n\n\t\t\t\t\t\t\t<input type=\"hidden\" name=\"queried_id\" value=\"3047\"\/>\n\t\t\t\n\t\t\t<div class=\"elementor-form-fields-wrapper elementor-labels-above\">\n\t\t\t\t\t\t\t\t<div class=\"elementor-field-type-text elementor-field-group elementor-column elementor-field-group-email elementor-col-100 elementor-field-required\">\n\t\t\t\t\t\t\t\t\t\t\t\t\t<input size=\"1\" type=\"text\" name=\"form_fields[email]\" id=\"form-field-email\" class=\"elementor-field elementor-size-md  elementor-field-textual\" placeholder=\"Nazwa\" required=\"required\">\n\t\t\t\t\t\t\t\t\t\t\t<\/div>\n\t\t\t\t\t\t\t\t<div class=\"elementor-field-type-tel elementor-field-group elementor-column elementor-field-group-field_b94d874 elementor-col-100 elementor-field-required\">\n\t\t\t\t\t\t\t<input size=\"1\" type=\"tel\" name=\"form_fields[field_b94d874]\" id=\"form-field-field_b94d874\" class=\"elementor-field elementor-size-md  elementor-field-textual\" placeholder=\"Telefon\" required=\"required\" pattern=\"[0-9()#&amp;+*-=.]+\" title=\"Akceptowane s\u0105 jedynie cyfry i znaki telefoniczne (#,-,*).\">\n\n\t\t\t\t\t\t<\/div>\n\t\t\t\t\t\t\t\t<div class=\"elementor-field-type-email elementor-field-group elementor-column elementor-field-group-field_a2c539f elementor-col-100 elementor-field-required\">\n\t\t\t\t\t\t\t\t\t\t\t\t\t<input size=\"1\" type=\"email\" name=\"form_fields[field_a2c539f]\" id=\"form-field-field_a2c539f\" class=\"elementor-field elementor-size-md  elementor-field-textual\" placeholder=\"E-mail\" required=\"required\">\n\t\t\t\t\t\t\t\t\t\t\t<\/div>\n\t\t\t\t\t\t\t\t<div class=\"elementor-field-type-textarea elementor-field-group elementor-column elementor-field-group-da6d553 elementor-col-100\">\n\t\t\t\t\t<textarea class=\"elementor-field-textual elementor-field  elementor-size-md\" name=\"form_fields[da6d553]\" id=\"form-field-da6d553\" rows=\"4\" placeholder=\"Jak mo\u017cemy Ci pom\u00f3c?\"><\/textarea>\t\t\t\t<\/div>\n\t\t\t\t\t\t\t\t<div class=\"elementor-field-group elementor-column elementor-field-type-submit elementor-col-100 e-form__buttons\">\n\t\t\t\t\t<button class=\"elementor-button elementor-size-md\" type=\"submit\">\n\t\t\t\t\t\t<span class=\"elementor-button-content-wrapper\">\n\t\t\t\t\t\t\t\t\t\t\t\t\t\t\t\t\t\t\t\t\t\t<span class=\"elementor-button-text\">Sk\u0142ada\u0107<\/span>\n\t\t\t\t\t\t\t\t\t\t\t\t\t<\/span>\n\t\t\t\t\t<\/button>\n\t\t\t\t<\/div>\n\t\t\t<\/div>\n\t\t<\/form>\n\t\t\t\t\t\t<\/div>\n\t\t\t\t<\/div>\n\t\t\t\t\t<\/div>\n\t\t<\/div>\n\t\t\t\t\t<\/div>\n\t\t<\/section>\n\t\t\t\t<\/div>\n\t\t","protected":false},"excerpt":{"rendered":"<p>Inspekcje spawalnicze Warszawa W weldingconsulting.pl jeste\u015bmy liderami w dziedzinie inspekcji spawalniczych w Warszawie, dostarczaj\u0105c rozwi\u0105zania, kt\u00f3re zapewniaj\u0105 najwy\u017csze standardy jako\u015bci i bezpiecze\u0144stwa. Nasza firma \u0142\u0105czy wieloletnie do\u015bwiadczenie z nowoczesnymi technologiami, oferuj\u0105c us\u0142ugi, kt\u00f3re spe\u0142niaj\u0105 oczekiwania najbardziej wymagaj\u0105cych klient\u00f3w. Dlaczego warto wybra\u0107 consulting.pl? Do\u015bwiadczenie i Ekspertyza: Nasz zesp\u00f3\u0142 sk\u0142ada si\u0119 z wysoko wykwalifikowanych specjalist\u00f3w z wieloletnim do\u015bwiadczeniem w dziedzinie inspekcji spawalniczych. Nasza wiedza i umiej\u0119tno\u015bci pozwalaj\u0105 nam skutecznie identyfikowa\u0107 i rozwi\u0105zywa\u0107 problemy, zapewniaj\u0105c najwy\u017csz\u0105 jako\u015b\u0107 us\u0142ug. Indywidualne Podej\u015bcie: Ka\u017cdy projekt traktujemy indywidualnie, dostosowuj\u0105c nasze us\u0142ugi do specyficznych potrzeb i wymaga\u0144 klient\u00f3w. Nasze podej\u015bcie gwarantuje precyzyjne i efektywne rozwi\u0105zania, kt\u00f3re wspieraj\u0105 sukces projekt\u00f3w. Zaawansowane Technologie: Korzystamy z najnowszych technologii i metod inspekcyjnych, co pozwala nam na dok\u0142adn\u0105 i rzeteln\u0105 ocen\u0119 jako\u015bci spoin oraz proces\u00f3w spawalniczych. Nasze innowacyjne rozwi\u0105zania zapewniaj\u0105 efektywno\u015b\u0107 i dok\u0142adno\u015b\u0107 w ka\u017cdej inspekcji. Profesjonalizm i Rzetelno\u015b\u0107: Jeste\u015bmy zobowi\u0105zani do zachowania najwy\u017cszych standard\u00f3w profesjonalizmu i rzetelno\u015bci. Nasze raporty i analizy s\u0105 szczeg\u00f3\u0142owe i transparentne, co pozwala naszym klientom na podejmowanie \u015bwiadomych decyzji. Bezpiecze\u0144stwo i Jako\u015b\u0107: Naszym priorytetem jest zapewnienie, \u017ce wszystkie projekty s\u0105 realizowane zgodnie z obowi\u0105zuj\u0105cymi normami i przepisami, co przek\u0142ada si\u0119 na bezpiecze\u0144stwo i wysok\u0105 jako\u015b\u0107 ko\u0144cowego produktu. Nasza Misja Nasz\u0105 misj\u0105 jest dostarczanie us\u0142ug inspekcji spawalniczych, kt\u00f3re nie tylko spe\u0142niaj\u0105, ale przewy\u017cszaj\u0105 oczekiwania naszych klient\u00f3w. Anga\u017cujemy si\u0119 w ka\u017cdy projekt z pe\u0142nym zaanga\u017cowaniem, d\u0105\u017c\u0105c do doskona\u0142o\u015bci w ka\u017cdej realizowanej us\u0142udze. Skontaktuj si\u0119 z nami Skontaktuj si\u0119 z nami, aby dowiedzie\u0107 si\u0119, jak mo\u017cemy pom\u00f3c w zapewnieniu jako\u015bci i bezpiecze\u0144stwa Twoich projekt\u00f3w spawalniczych: office@weldingconsulting.pl +48 508 052 072<\/p>","protected":false},"author":1,"featured_media":0,"parent":0,"menu_order":0,"comment_status":"closed","ping_status":"closed","template":"elementor_header_footer","meta":{"site-sidebar-layout":"no-sidebar","site-content-layout":"","ast-site-content-layout":"full-width-container","site-content-style":"default","site-sidebar-style":"default","ast-global-header-display":"","ast-banner-title-visibility":"","ast-main-header-display":"","ast-hfb-above-header-display":"","ast-hfb-below-header-display":"","ast-hfb-mobile-header-display":"","site-post-title":"disabled","ast-breadcrumbs-content":"","ast-featured-img":"disabled","footer-sml-layout":"","ast-disable-related-posts":"","theme-transparent-header-meta":"default","adv-header-id-meta":"","stick-header-meta":"","header-above-stick-meta":"","header-main-stick-meta":"","header-below-stick-meta":"","astra-migrate-meta-layouts":"set","ast-page-background-enabled":"default","ast-page-background-meta":{"desktop":{"background-color":"var(--ast-global-color-4)","background-image":"","background-repeat":"repeat","background-position":"center center","background-size":"auto","background-attachment":"scroll","background-type":"","background-media":"","overlay-type":"","overlay-color":"","overlay-opacity":"","overlay-gradient":""},"tablet":{"background-color":"","background-image":"","background-repeat":"repeat","background-position":"center center","background-size":"auto","background-attachment":"scroll","background-type":"","background-media":"","overlay-type":"","overlay-color":"","overlay-opacity":"","overlay-gradient":""},"mobile":{"background-color":"","background-image":"","background-repeat":"repeat","background-position":"center center","background-size":"auto","background-attachment":"scroll","background-type":"","background-media":"","overlay-type":"","overlay-color":"","overlay-opacity":"","overlay-gradient":""}},"ast-content-background-meta":{"desktop":{"background-color":"var(--ast-global-color-5)","background-image":"","background-repeat":"repeat","background-position":"center center","background-size":"auto","background-attachment":"scroll","background-type":"","background-media":"","overlay-type":"","overlay-color":"","overlay-opacity":"","overlay-gradient":""},"tablet":{"background-color":"var(--ast-global-color-5)","background-image":"","background-repeat":"repeat","background-position":"center center","background-size":"auto","background-attachment":"scroll","background-type":"","background-media":"","overlay-type":"","overlay-color":"","overlay-opacity":"","overlay-gradient":""},"mobile":{"background-color":"var(--ast-global-color-5)","background-image":"","background-repeat":"repeat","background-position":"center center","background-size":"auto","background-attachment":"scroll","background-type":"","background-media":"","overlay-type":"","overlay-color":"","overlay-opacity":"","overlay-gradient":""}},"footnotes":""},"class_list":["post-3047","page","type-page","status-publish","hentry"],"rttpg_featured_image_url":null,"rttpg_author":{"display_name":"admin-JYZ7TiXE","author_link":"https:\/\/weldingconsulting.pl\/de\/author\/admin-jyz7tixe\/"},"rttpg_comment":0,"rttpg_category":null,"rttpg_excerpt":"Inspekcje spawalnicze Warszawa W weldingconsulting.pl jeste\u015bmy liderami w dziedzinie inspekcji spawalniczych w Warszawie, dostarczaj\u0105c rozwi\u0105zania, kt\u00f3re zapewniaj\u0105 najwy\u017csze standardy jako\u015bci i bezpiecze\u0144stwa. Nasza firma \u0142\u0105czy wieloletnie do\u015bwiadczenie z nowoczesnymi technologiami, oferuj\u0105c us\u0142ugi, kt\u00f3re spe\u0142niaj\u0105 oczekiwania najbardziej wymagaj\u0105cych klient\u00f3w. Dlaczego warto wybra\u0107 consulting.pl? Do\u015bwiadczenie i Ekspertyza: Nasz zesp\u00f3\u0142 sk\u0142ada si\u0119 z wysoko wykwalifikowanych specjalist\u00f3w z wieloletnim&hellip;","_links":{"self":[{"href":"https:\/\/weldingconsulting.pl\/de\/wp-json\/wp\/v2\/pages\/3047","targetHints":{"allow":["GET"]}}],"collection":[{"href":"https:\/\/weldingconsulting.pl\/de\/wp-json\/wp\/v2\/pages"}],"about":[{"href":"https:\/\/weldingconsulting.pl\/de\/wp-json\/wp\/v2\/types\/page"}],"author":[{"embeddable":true,"href":"https:\/\/weldingconsulting.pl\/de\/wp-json\/wp\/v2\/users\/1"}],"replies":[{"embeddable":true,"href":"https:\/\/weldingconsulting.pl\/de\/wp-json\/wp\/v2\/comments?post=3047"}],"version-history":[{"count":40,"href":"https:\/\/weldingconsulting.pl\/de\/wp-json\/wp\/v2\/pages\/3047\/revisions"}],"predecessor-version":[{"id":3119,"href":"https:\/\/weldingconsulting.pl\/de\/wp-json\/wp\/v2\/pages\/3047\/revisions\/3119"}],"wp:attachment":[{"href":"https:\/\/weldingconsulting.pl\/de\/wp-json\/wp\/v2\/media?parent=3047"}],"curies":[{"name":"wp","href":"https:\/\/api.w.org\/{rel}","templated":true}]}}