{"id":2750,"date":"2024-03-07T14:37:15","date_gmt":"2024-03-07T13:37:15","guid":{"rendered":"https:\/\/weldingconsulting.pl\/?page_id=2750"},"modified":"2024-11-20T11:38:21","modified_gmt":"2024-11-20T10:38:21","slug":"norm-iso-15614-1-ausbildung","status":"publish","type":"page","link":"https:\/\/weldingconsulting.pl\/de\/norm-iso-15614-1-ausbildung\/","title":{"rendered":"ISO 15614-1 - Individuelle Ausbildung"},"content":{"rendered":"\t\t<div data-elementor-type=\"wp-page\" data-elementor-id=\"2750\" class=\"elementor elementor-2750\" data-elementor-post-type=\"page\">\n\t\t\t\t\t\t<section class=\"elementor-section elementor-top-section elementor-element elementor-element-b75c17b elementor-section-boxed elementor-section-height-default elementor-section-height-default wpr-particle-no wpr-jarallax-no wpr-parallax-no wpr-sticky-section-no\" data-id=\"b75c17b\" data-element_type=\"section\" data-e-type=\"section\">\n\t\t\t\t\t\t<div class=\"elementor-container elementor-column-gap-default\">\n\t\t\t\t\t<div class=\"elementor-column elementor-col-100 elementor-top-column elementor-element elementor-element-dad1a56\" data-id=\"dad1a56\" data-element_type=\"column\" data-e-type=\"column\">\n\t\t\t<div class=\"elementor-widget-wrap elementor-element-populated\">\n\t\t\t\t\t\t<div class=\"elementor-element elementor-element-78fbbc2 elementor-widget elementor-widget-heading\" data-id=\"78fbbc2\" data-element_type=\"widget\" data-e-type=\"widget\" data-widget_type=\"heading.default\">\n\t\t\t\t<div class=\"elementor-widget-container\">\n\t\t\t\t\t<h1 class=\"elementor-heading-title elementor-size-default\">Norma ISO 15614-1 \u2013 Szkolenie Indywidualne oferowane przez Weldingconsulting ISO 15614-1 Standard \u2013 Indywidualne Szkolenie<\/h1>\t\t\t\t<\/div>\n\t\t\t\t<\/div>\n\t\t\t\t\t<\/div>\n\t\t<\/div>\n\t\t\t\t\t<\/div>\n\t\t<\/section>\n\t\t\t\t<section class=\"elementor-section elementor-top-section elementor-element elementor-element-f404723 elementor-section-boxed elementor-section-height-default elementor-section-height-default wpr-particle-no wpr-jarallax-no wpr-parallax-no wpr-sticky-section-no\" data-id=\"f404723\" data-element_type=\"section\" data-e-type=\"section\">\n\t\t\t\t\t\t<div class=\"elementor-container elementor-column-gap-default\">\n\t\t\t\t\t<div class=\"elementor-column elementor-col-100 elementor-top-column elementor-element elementor-element-0b4972f\" data-id=\"0b4972f\" data-element_type=\"column\" data-e-type=\"column\">\n\t\t\t<div class=\"elementor-widget-wrap\">\n\t\t\t\t\t\t\t<\/div>\n\t\t<\/div>\n\t\t\t\t\t<\/div>\n\t\t<\/section>\n\t\t\t\t<section class=\"elementor-section elementor-top-section elementor-element elementor-element-af2eceb elementor-section-boxed elementor-section-height-default elementor-section-height-default wpr-particle-no wpr-jarallax-no wpr-parallax-no wpr-sticky-section-no\" data-id=\"af2eceb\" data-element_type=\"section\" data-e-type=\"section\">\n\t\t\t\t\t\t<div class=\"elementor-container elementor-column-gap-default\">\n\t\t\t\t\t<div class=\"elementor-column elementor-col-50 elementor-top-column elementor-element elementor-element-68b6649\" data-id=\"68b6649\" data-element_type=\"column\" data-e-type=\"column\" data-settings=\"{&quot;background_background&quot;:&quot;classic&quot;}\">\n\t\t\t<div class=\"elementor-widget-wrap elementor-element-populated\">\n\t\t\t\t\t\t<div class=\"elementor-element elementor-element-05d50b8 elementor-button-align-stretch elementor-widget elementor-widget-form\" data-id=\"05d50b8\" data-element_type=\"widget\" data-e-type=\"widget\" data-settings=\"{&quot;step_next_label&quot;:&quot;Next&quot;,&quot;step_previous_label&quot;:&quot;Previous&quot;,&quot;button_width&quot;:&quot;100&quot;,&quot;step_type&quot;:&quot;number_text&quot;,&quot;step_icon_shape&quot;:&quot;circle&quot;}\" data-widget_type=\"form.default\">\n\t\t\t\t<div class=\"elementor-widget-container\">\n\t\t\t\t\t\t\t<form class=\"elementor-form\" method=\"post\" name=\"New Form\" aria-label=\"New Form\">\n\t\t\t<input type=\"hidden\" name=\"post_id\" value=\"2750\"\/>\n\t\t\t<input type=\"hidden\" name=\"form_id\" value=\"05d50b8\"\/>\n\t\t\t<input type=\"hidden\" name=\"referer_title\" value=\"Norma ISO 15614-1 \u2013 Szkolenie Indywidualne &#045; Welding Consultant | Konsultacje spawalnicze\" \/>\n\n\t\t\t\t\t\t\t<input type=\"hidden\" name=\"queried_id\" value=\"2750\"\/>\n\t\t\t\n\t\t\t<div class=\"elementor-form-fields-wrapper elementor-labels-above\">\n\t\t\t\t\t\t\t\t<div class=\"elementor-field-type-text elementor-field-group elementor-column elementor-field-group-name elementor-col-100\">\n\t\t\t\t\t\t\t\t\t\t\t\t\t<input size=\"1\" type=\"text\" name=\"form_fields[name]\" id=\"form-field-name\" class=\"elementor-field elementor-size-sm  elementor-field-textual\" placeholder=\"Nazwa\">\n\t\t\t\t\t\t\t\t\t\t\t<\/div>\n\t\t\t\t\t\t\t\t<div class=\"elementor-field-type-email elementor-field-group elementor-column elementor-field-group-email elementor-col-100 elementor-field-required\">\n\t\t\t\t\t\t\t\t\t\t\t\t\t<input size=\"1\" type=\"email\" name=\"form_fields[email]\" id=\"form-field-email\" class=\"elementor-field elementor-size-sm  elementor-field-textual\" placeholder=\"E-mail\" required=\"required\">\n\t\t\t\t\t\t\t\t\t\t\t<\/div>\n\t\t\t\t\t\t\t\t<div class=\"elementor-field-type-tel elementor-field-group elementor-column elementor-field-group-field_18a2272 elementor-col-100\">\n\t\t\t\t\t\t\t<input size=\"1\" type=\"tel\" name=\"form_fields[field_18a2272]\" id=\"form-field-field_18a2272\" class=\"elementor-field elementor-size-sm  elementor-field-textual\" placeholder=\"Telefon\" pattern=\"[0-9()#&amp;+*-=.]+\" title=\"Seuls les caract\u00e8res de num\u00e9ros de t\u00e9l\u00e9phone (#, -, *, etc.) sont accept\u00e9s.\">\n\n\t\t\t\t\t\t<\/div>\n\t\t\t\t\t\t\t\t<div class=\"elementor-field-type-textarea elementor-field-group elementor-column elementor-field-group-message elementor-col-100\">\n\t\t\t\t\t<textarea class=\"elementor-field-textual elementor-field  elementor-size-sm\" name=\"form_fields[message]\" id=\"form-field-message\" rows=\"2\" placeholder=\"W czym mo\u017cemy Pom\u00f3c?\"><\/textarea>\t\t\t\t<\/div>\n\t\t\t\t\t\t\t\t<div class=\"elementor-field-group elementor-column elementor-field-type-submit elementor-col-100 e-form__buttons\">\n\t\t\t\t\t<button class=\"elementor-button elementor-size-sm\" type=\"submit\">\n\t\t\t\t\t\t<span class=\"elementor-button-content-wrapper\">\n\t\t\t\t\t\t\t\t\t\t\t\t\t\t\t\t\t\t\t\t\t\t<span class=\"elementor-button-text\">Wyslij <\/span>\n\t\t\t\t\t\t\t\t\t\t\t\t\t<\/span>\n\t\t\t\t\t<\/button>\n\t\t\t\t<\/div>\n\t\t\t<\/div>\n\t\t<\/form>\n\t\t\t\t\t\t<\/div>\n\t\t\t\t<\/div>\n\t\t\t\t\t<\/div>\n\t\t<\/div>\n\t\t\t\t<div class=\"elementor-column elementor-col-50 elementor-top-column elementor-element elementor-element-b3eee5b\" data-id=\"b3eee5b\" data-element_type=\"column\" data-e-type=\"column\">\n\t\t\t<div class=\"elementor-widget-wrap elementor-element-populated\">\n\t\t\t\t\t\t<div class=\"elementor-element elementor-element-4e4855f elementor-icon-list--layout-traditional elementor-list-item-link-full_width elementor-widget elementor-widget-icon-list\" data-id=\"4e4855f\" data-element_type=\"widget\" data-e-type=\"widget\" data-widget_type=\"icon-list.default\">\n\t\t\t\t<div class=\"elementor-widget-container\">\n\t\t\t\t\t\t\t<ul class=\"elementor-icon-list-items\">\n\t\t\t\t\t\t\t<li class=\"elementor-icon-list-item\">\n\t\t\t\t\t\t\t\t\t\t<span class=\"elementor-icon-list-text\">Skontaktuj si\u0119 z Weldingconsulting, aby uzyska\u0107 szkolenie dotycz\u0105ce normy ISO 15614-1.<\/span>\n\t\t\t\t\t\t\t\t\t<\/li>\n\t\t\t\t\t\t<\/ul>\n\t\t\t\t\t\t<\/div>\n\t\t\t\t<\/div>\n\t\t\t\t<div class=\"elementor-element elementor-element-33dc7b9 elementor-icon-list--layout-inline elementor-list-item-link-full_width elementor-widget elementor-widget-icon-list\" data-id=\"33dc7b9\" data-element_type=\"widget\" data-e-type=\"widget\" data-widget_type=\"icon-list.default\">\n\t\t\t\t<div class=\"elementor-widget-container\">\n\t\t\t\t\t\t\t<ul class=\"elementor-icon-list-items elementor-inline-items\">\n\t\t\t\t\t\t\t<li class=\"elementor-icon-list-item elementor-inline-item\">\n\t\t\t\t\t\t\t\t\t\t\t<a href=\"tel:+48%20508%20052%20072\">\n\n\t\t\t\t\t\t\t\t\t\t\t\t<span class=\"elementor-icon-list-icon\">\n\t\t\t\t\t\t\t<i aria-hidden=\"true\" class=\"fas fa-phone-alt\"><\/i>\t\t\t\t\t\t<\/span>\n\t\t\t\t\t\t\t\t\t\t<span class=\"elementor-icon-list-text\">+48 508 052 072<\/span>\n\t\t\t\t\t\t\t\t\t\t\t<\/a>\n\t\t\t\t\t\t\t\t\t<\/li>\n\t\t\t\t\t\t\t\t<li class=\"elementor-icon-list-item elementor-inline-item\">\n\t\t\t\t\t\t\t\t\t\t\t<a href=\"mailto:office@weldingconsulting.pl\">\n\n\t\t\t\t\t\t\t\t\t\t\t\t<span class=\"elementor-icon-list-icon\">\n\t\t\t\t\t\t\t<i aria-hidden=\"true\" class=\"fas fa-mail-bulk\"><\/i>\t\t\t\t\t\t<\/span>\n\t\t\t\t\t\t\t\t\t\t<span class=\"elementor-icon-list-text\">office@weldingconsulting.pl<\/span>\n\t\t\t\t\t\t\t\t\t\t\t<\/a>\n\t\t\t\t\t\t\t\t\t<\/li>\n\t\t\t\t\t\t<\/ul>\n\t\t\t\t\t\t<\/div>\n\t\t\t\t<\/div>\n\t\t\t\t\t<\/div>\n\t\t<\/div>\n\t\t\t\t\t<\/div>\n\t\t<\/section>\n\t\t\t\t<section class=\"elementor-section elementor-top-section elementor-element elementor-element-4349c58 elementor-section-boxed elementor-section-height-default elementor-section-height-default wpr-particle-no wpr-jarallax-no wpr-parallax-no wpr-sticky-section-no\" data-id=\"4349c58\" data-element_type=\"section\" data-e-type=\"section\">\n\t\t\t\t\t\t<div class=\"elementor-container elementor-column-gap-default\">\n\t\t\t\t\t<div class=\"elementor-column elementor-col-50 elementor-top-column elementor-element elementor-element-fecb949\" data-id=\"fecb949\" data-element_type=\"column\" data-e-type=\"column\">\n\t\t\t<div class=\"elementor-widget-wrap elementor-element-populated\">\n\t\t\t\t\t\t<div class=\"elementor-element elementor-element-7ac6d41 elementor-widget elementor-widget-image\" data-id=\"7ac6d41\" data-element_type=\"widget\" data-e-type=\"widget\" data-widget_type=\"image.default\">\n\t\t\t\t<div class=\"elementor-widget-container\">\n\t\t\t\t\t\t\t\t\t\t\t\t\t\t\t<img decoding=\"async\" src=\"https:\/\/weldingconsulting.pl\/wp-content\/uploads\/elementor\/thumbs\/7xm.xyz230243_11zon-qhfvinyq6qg6gzma25nr97au08mdaa0e9sx2x3knm0.jpg\" title=\"7xm.xyz230243_11zon\" alt=\"Indywidualne Podej\u015bcie do Wymaga\u0144 Spawalniczych\" loading=\"lazy\" \/>\t\t\t\t\t\t\t\t\t\t\t\t\t\t\t<\/div>\n\t\t\t\t<\/div>\n\t\t\t\t<div class=\"elementor-element elementor-element-3a743cc elementor-widget elementor-widget-image\" data-id=\"3a743cc\" data-element_type=\"widget\" data-e-type=\"widget\" data-widget_type=\"image.default\">\n\t\t\t\t<div class=\"elementor-widget-container\">\n\t\t\t\t\t\t\t\t\t\t\t\t\t\t\t<img decoding=\"async\" src=\"https:\/\/weldingconsulting.pl\/wp-content\/uploads\/elementor\/thumbs\/image-1080x1080-1_11zon-qhfmt3126h6h87435lyefc0vmm83df43tpvl7wivew.jpg\" title=\"image-1080&#215;1080 (1)_11zon\" alt=\"image-1080x1080 (1)_11zon\" loading=\"lazy\" \/>\t\t\t\t\t\t\t\t\t\t\t\t\t\t\t<\/div>\n\t\t\t\t<\/div>\n\t\t\t\t\t<\/div>\n\t\t<\/div>\n\t\t\t\t<div class=\"elementor-column elementor-col-50 elementor-top-column elementor-element elementor-element-217e413\" data-id=\"217e413\" data-element_type=\"column\" data-e-type=\"column\">\n\t\t\t<div class=\"elementor-widget-wrap elementor-element-populated\">\n\t\t\t\t\t\t<div class=\"elementor-element elementor-element-d57d0d6 elementor-widget elementor-widget-heading\" data-id=\"d57d0d6\" data-element_type=\"widget\" data-e-type=\"widget\" data-widget_type=\"heading.default\">\n\t\t\t\t<div class=\"elementor-widget-container\">\n\t\t\t\t\t<h2 class=\"elementor-heading-title elementor-size-default\">Norma ISO 15614-1 \u2013 Szkolenie Indywidualne\n<\/h2>\t\t\t\t<\/div>\n\t\t\t\t<\/div>\n\t\t\t\t<div class=\"elementor-element elementor-element-4652163 elementor-widget elementor-widget-text-editor\" data-id=\"4652163\" data-element_type=\"widget\" data-e-type=\"widget\" data-widget_type=\"text-editor.default\">\n\t\t\t\t<div class=\"elementor-widget-container\">\n\t\t\t\t\t\t\t\t\t<p><strong>Nasze szkolenia s\u0105 teraz dost\u0119pne online, dzi\u0119ki wykorzystaniu nowoczesnych technologii, co pozwala na globalny zasi\u0119g. Uczestnicy z ka\u017cdego zak\u0105tka \u015bwiata mog\u0105 korzysta\u0107 z naszej wiedzy, pokonuj\u0105c bariery odleg\u0142o\u015bci i zyskuj\u0105c niespotykan\u0105 dot\u0105d elastyczno\u015b\u0107. <a href=\"tel:+48 508 052 072\">+48 508 052 072<\/a><\/strong><\/p>\t\t\t\t\t\t\t\t<\/div>\n\t\t\t\t<\/div>\n\t\t\t\t<div class=\"elementor-element elementor-element-7f39791 elementor-widget elementor-widget-text-editor\" data-id=\"7f39791\" data-element_type=\"widget\" data-e-type=\"widget\" data-widget_type=\"text-editor.default\">\n\t\t\t\t<div class=\"elementor-widget-container\">\n\t\t\t\t\t\t\t\t\t<p><span style=\"font-weight: 400;\">Nasze intensywne szkolenie indywidualne zgodne z norm\u0105 ISO 15614-1 to kompleksowy program, kt\u00f3ry oferuje g\u0142\u0119bokie zanurzenie w \u015bwiat mi\u0119dzynarodowych standard\u00f3w spawalniczych. Przygotowujemy Ci\u0119 nie tylko do zdania egzaminu certyfikacyjnego, ale tak\u017ce do skutecznego stosowania tych norm w praktyce zawodowej. Podczas naszego szkolenia dok\u0142adnie omawiamy g\u0142\u00f3wne za\u0142o\u017cenia i wymagania normy ISO 15614-1, staraj\u0105c si\u0119 dostarczy\u0107 praktyczne narz\u0119dzia i umiej\u0119tno\u015bci, kt\u00f3re b\u0119d\u0105 Ci potrzebne do zrozumienia i konsekwentnego stosowania tych wytycznych w rzeczywistych sytuacjach spawalniczych.<\/span><\/p><p>\u00a0<\/p><p><span style=\"font-weight: 400;\">Nasz zesp\u00f3\u0142 instruktorski to do\u015bwiadczeni specjali\u015bci, kt\u00f3rzy s\u0105 zawsze gotowi udzieli\u0107 Ci wsparcia i pomocy na ka\u017cdym etapie szkolenia. Dzi\u0119ki ich zaanga\u017cowaniu i indywidualnemu podej\u015bciu, masz pewno\u015b\u0107, \u017ce otrzymasz nie tylko teoretyczn\u0105 wiedz\u0119, ale tak\u017ce praktyczne wskaz\u00f3wki i umiej\u0119tno\u015bci, kt\u00f3re pomog\u0105 Ci rozwija\u0107 si\u0119 zawodowo. Nasze szkolenie indywidualne jest dostosowane do Twoich potrzeb i poziomu zaawansowania, aby zapewni\u0107 Ci jak najlepsze rezultaty i pom\u00f3c Ci osi\u0105gn\u0105\u0107 swoje cele zawodowe w dziedzinie spawania.<\/span><\/p>\t\t\t\t\t\t\t\t<\/div>\n\t\t\t\t<\/div>\n\t\t\t\t\t<\/div>\n\t\t<\/div>\n\t\t\t\t\t<\/div>\n\t\t<\/section>\n\t\t\t\t<\/div>\n\t\t","protected":false},"excerpt":{"rendered":"<p>Norma ISO 15614-1 \u2013 Szkolenie Indywidualne oferowane przez Weldingconsulting ISO 15614-1 Standard \u2013 Indywidualne Szkolenie Skontaktuj si\u0119 z Weldingconsulting, aby uzyska\u0107 szkolenie dotycz\u0105ce normy ISO 15614-1. +48 508 052 072 office@weldingconsulting.pl Norma ISO 15614-1 \u2013 Szkolenie Indywidualne Nasze szkolenia s\u0105 teraz dost\u0119pne online, dzi\u0119ki wykorzystaniu nowoczesnych technologii, co pozwala na globalny zasi\u0119g. Uczestnicy z ka\u017cdego zak\u0105tka \u015bwiata mog\u0105 korzysta\u0107 z naszej wiedzy, pokonuj\u0105c bariery odleg\u0142o\u015bci i zyskuj\u0105c niespotykan\u0105 dot\u0105d elastyczno\u015b\u0107. +48 508 052 072 Nasze intensywne szkolenie indywidualne zgodne z norm\u0105 ISO 15614-1 to kompleksowy program, kt\u00f3ry oferuje g\u0142\u0119bokie zanurzenie w \u015bwiat mi\u0119dzynarodowych standard\u00f3w spawalniczych. Przygotowujemy Ci\u0119 nie tylko do zdania egzaminu certyfikacyjnego, ale tak\u017ce do skutecznego stosowania tych norm w praktyce zawodowej. Podczas naszego szkolenia dok\u0142adnie omawiamy g\u0142\u00f3wne za\u0142o\u017cenia i wymagania normy ISO 15614-1, staraj\u0105c si\u0119 dostarczy\u0107 praktyczne narz\u0119dzia i umiej\u0119tno\u015bci, kt\u00f3re b\u0119d\u0105 Ci potrzebne do zrozumienia i konsekwentnego stosowania tych wytycznych w rzeczywistych sytuacjach spawalniczych. \u00a0 Nasz zesp\u00f3\u0142 instruktorski to do\u015bwiadczeni specjali\u015bci, kt\u00f3rzy s\u0105 zawsze gotowi udzieli\u0107 Ci wsparcia i pomocy na ka\u017cdym etapie szkolenia. Dzi\u0119ki ich zaanga\u017cowaniu i indywidualnemu podej\u015bciu, masz pewno\u015b\u0107, \u017ce otrzymasz nie tylko teoretyczn\u0105 wiedz\u0119, ale tak\u017ce praktyczne wskaz\u00f3wki i umiej\u0119tno\u015bci, kt\u00f3re pomog\u0105 Ci rozwija\u0107 si\u0119 zawodowo. Nasze szkolenie indywidualne jest dostosowane do Twoich potrzeb i poziomu zaawansowania, aby zapewni\u0107 Ci jak najlepsze rezultaty i pom\u00f3c Ci osi\u0105gn\u0105\u0107 swoje cele zawodowe w dziedzinie spawania.<\/p>","protected":false},"author":1,"featured_media":0,"parent":0,"menu_order":0,"comment_status":"closed","ping_status":"closed","template":"","meta":{"site-sidebar-layout":"no-sidebar","site-content-layout":"","ast-site-content-layout":"full-width-container","site-content-style":"default","site-sidebar-style":"default","ast-global-header-display":"","ast-banner-title-visibility":"","ast-main-header-display":"","ast-hfb-above-header-display":"","ast-hfb-below-header-display":"","ast-hfb-mobile-header-display":"","site-post-title":"disabled","ast-breadcrumbs-content":"","ast-featured-img":"disabled","footer-sml-layout":"","ast-disable-related-posts":"","theme-transparent-header-meta":"default","adv-header-id-meta":"","stick-header-meta":"","header-above-stick-meta":"","header-main-stick-meta":"","header-below-stick-meta":"","astra-migrate-meta-layouts":"set","ast-page-background-enabled":"default","ast-page-background-meta":{"desktop":{"background-color":"var(--ast-global-color-4)","background-image":"","background-repeat":"repeat","background-position":"center center","background-size":"auto","background-attachment":"scroll","background-type":"","background-media":"","overlay-type":"","overlay-color":"","overlay-opacity":"","overlay-gradient":""},"tablet":{"background-color":"","background-image":"","background-repeat":"repeat","background-position":"center center","background-size":"auto","background-attachment":"scroll","background-type":"","background-media":"","overlay-type":"","overlay-color":"","overlay-opacity":"","overlay-gradient":""},"mobile":{"background-color":"","background-image":"","background-repeat":"repeat","background-position":"center center","background-size":"auto","background-attachment":"scroll","background-type":"","background-media":"","overlay-type":"","overlay-color":"","overlay-opacity":"","overlay-gradient":""}},"ast-content-background-meta":{"desktop":{"background-color":"var(--ast-global-color-5)","background-image":"","background-repeat":"repeat","background-position":"center center","background-size":"auto","background-attachment":"scroll","background-type":"","background-media":"","overlay-type":"","overlay-color":"","overlay-opacity":"","overlay-gradient":""},"tablet":{"background-color":"var(--ast-global-color-5)","background-image":"","background-repeat":"repeat","background-position":"center center","background-size":"auto","background-attachment":"scroll","background-type":"","background-media":"","overlay-type":"","overlay-color":"","overlay-opacity":"","overlay-gradient":""},"mobile":{"background-color":"var(--ast-global-color-5)","background-image":"","background-repeat":"repeat","background-position":"center center","background-size":"auto","background-attachment":"scroll","background-type":"","background-media":"","overlay-type":"","overlay-color":"","overlay-opacity":"","overlay-gradient":""}},"footnotes":""},"class_list":["post-2750","page","type-page","status-publish","hentry"],"rttpg_featured_image_url":null,"rttpg_author":{"display_name":"admin-JYZ7TiXE","author_link":"https:\/\/weldingconsulting.pl\/de\/author\/admin-jyz7tixe\/"},"rttpg_comment":0,"rttpg_category":null,"rttpg_excerpt":"Norma ISO 15614-1 \u2013 Szkolenie Indywidualne oferowane przez Weldingconsulting ISO 15614-1 Standard \u2013 Indywidualne Szkolenie Skontaktuj si\u0119 z Weldingconsulting, aby uzyska\u0107 szkolenie dotycz\u0105ce normy ISO 15614-1. +48 508 052 072 office@weldingconsulting.pl Norma ISO 15614-1 \u2013 Szkolenie Indywidualne Nasze szkolenia s\u0105 teraz dost\u0119pne online, dzi\u0119ki wykorzystaniu nowoczesnych technologii, co pozwala na globalny zasi\u0119g. Uczestnicy z ka\u017cdego&hellip;","_links":{"self":[{"href":"https:\/\/weldingconsulting.pl\/de\/wp-json\/wp\/v2\/pages\/2750","targetHints":{"allow":["GET"]}}],"collection":[{"href":"https:\/\/weldingconsulting.pl\/de\/wp-json\/wp\/v2\/pages"}],"about":[{"href":"https:\/\/weldingconsulting.pl\/de\/wp-json\/wp\/v2\/types\/page"}],"author":[{"embeddable":true,"href":"https:\/\/weldingconsulting.pl\/de\/wp-json\/wp\/v2\/users\/1"}],"replies":[{"embeddable":true,"href":"https:\/\/weldingconsulting.pl\/de\/wp-json\/wp\/v2\/comments?post=2750"}],"version-history":[{"count":17,"href":"https:\/\/weldingconsulting.pl\/de\/wp-json\/wp\/v2\/pages\/2750\/revisions"}],"predecessor-version":[{"id":3315,"href":"https:\/\/weldingconsulting.pl\/de\/wp-json\/wp\/v2\/pages\/2750\/revisions\/3315"}],"wp:attachment":[{"href":"https:\/\/weldingconsulting.pl\/de\/wp-json\/wp\/v2\/media?parent=2750"}],"curies":[{"name":"wp","href":"https:\/\/api.w.org\/{rel}","templated":true}]}}