{"id":2221,"date":"2023-11-23T19:21:11","date_gmt":"2023-11-23T18:21:11","guid":{"rendered":"https:\/\/weldingconsulting.pl\/?page_id=2221"},"modified":"2023-12-19T11:50:56","modified_gmt":"2023-12-19T10:50:56","slug":"versandvorschriften","status":"publish","type":"page","link":"https:\/\/weldingconsulting.pl\/de\/versandvorschriften\/","title":{"rendered":"Versandvorschriften"},"content":{"rendered":"<div data-elementor-type=\"wp-page\" data-elementor-id=\"2221\" class=\"elementor elementor-2221\" data-elementor-post-type=\"page\">\n\t\t\t\t\t\t<section class=\"elementor-section elementor-top-section elementor-element elementor-element-06f2c3c elementor-section-boxed elementor-section-height-default elementor-section-height-default wpr-particle-no wpr-jarallax-no wpr-parallax-no wpr-sticky-section-no\" data-id=\"06f2c3c\" data-element_type=\"section\" data-e-type=\"section\">\n\t\t\t\t\t\t<div class=\"elementor-container elementor-column-gap-default\">\n\t\t\t\t\t<div class=\"elementor-column elementor-col-100 elementor-top-column elementor-element elementor-element-e8387a5\" data-id=\"e8387a5\" data-element_type=\"column\" data-e-type=\"column\">\n\t\t\t<div class=\"elementor-widget-wrap elementor-element-populated\">\n\t\t\t\t\t\t<div class=\"elementor-element elementor-element-65084c9 elementor-widget elementor-widget-heading\" data-id=\"65084c9\" data-element_type=\"widget\" data-e-type=\"widget\" data-widget_type=\"heading.default\">\n\t\t\t\t<div class=\"elementor-widget-container\">\n\t\t\t\t\t<h2 class=\"elementor-heading-title elementor-size-default\">VERSANDBESTIMMUNGEN<\/h2>\t\t\t\t<\/div>\n\t\t\t\t<\/div>\n\t\t\t\t<div class=\"elementor-element elementor-element-d6f8477 elementor-widget elementor-widget-text-editor\" data-id=\"d6f8477\" data-element_type=\"widget\" data-e-type=\"widget\" data-widget_type=\"text-editor.default\">\n\t\t\t\t<div class=\"elementor-widget-container\">\n\t\t\t\t\t\t\t\t\t<p>https:\/\/weldingconsulting.pl\/ verpflichtet sich zu Spitzenleistungen und zur vollen Zufriedenheit unserer Kunden.<br \/>https:\/\/weldingconsulting.pl\/ ist stolz darauf, Versanddienstleistungen anzubieten. Seien Sie versichert, dass wir alles tun<br \/>sind wir in der Lage, Ihre Bestellung so schnell wie m\u00f6glich zu liefern. Bitte ber\u00fccksichtigen Sie m\u00f6gliche Feiertage<br \/>Auswirkungen auf die Lieferzeiten. https:\/\/weldingconsulting.pl\/ bietet auch einen Versand am selben Tag an.<\/p>\t\t\t\t\t\t\t\t<\/div>\n\t\t\t\t<\/div>\n\t\t\t\t\t<\/div>\n\t\t<\/div>\n\t\t\t\t\t<\/div>\n\t\t<\/section>\n\t\t\t\t<section class=\"elementor-section elementor-top-section elementor-element elementor-element-30a34b2 elementor-section-boxed elementor-section-height-default elementor-section-height-default wpr-particle-no wpr-jarallax-no wpr-parallax-no wpr-sticky-section-no\" data-id=\"30a34b2\" data-element_type=\"section\" data-e-type=\"section\">\n\t\t\t\t\t\t<div class=\"elementor-container elementor-column-gap-default\">\n\t\t\t\t\t<div class=\"elementor-column elementor-col-100 elementor-top-column elementor-element elementor-element-aea3c5d\" data-id=\"aea3c5d\" data-element_type=\"column\" data-e-type=\"column\">\n\t\t\t<div class=\"elementor-widget-wrap elementor-element-populated\">\n\t\t\t\t\t\t<div class=\"elementor-element elementor-element-89883e2 elementor-widget elementor-widget-heading\" data-id=\"89883e2\" data-element_type=\"widget\" data-e-type=\"widget\" data-widget_type=\"heading.default\">\n\t\t\t\t<div class=\"elementor-widget-container\">\n\t\t\t\t\t<h2 class=\"elementor-heading-title elementor-size-default\">2. ABSETZEN\n\n<\/h2>\t\t\t\t<\/div>\n\t\t\t\t<\/div>\n\t\t\t\t<div class=\"elementor-element elementor-element-47d544c elementor-widget elementor-widget-text-editor\" data-id=\"47d544c\" data-element_type=\"widget\" data-e-type=\"widget\" data-widget_type=\"text-editor.default\">\n\t\t\t\t<div class=\"elementor-widget-container\">\n\t\t\t\t\t\t\t\t\t<p>Alle Bestellungen f\u00fcr unsere Produkte werden innerhalb von 4-10 Arbeitstagen bearbeitet und versandt. Bestellungen sind nicht<br \/>an Wochenenden oder Feiertagen versandt oder geliefert werden. Wenn wir mit einer gro\u00dfen Anzahl von Auftr\u00e4gen zu tun haben,<br \/>k\u00f6nnen sich die Sendungen um mehrere Tage verz\u00f6gern. Bitte planen Sie zus\u00e4tzliche Tage f\u00fcr die Lieferung ein. Wenn es<br \/>eine erhebliche Verz\u00f6gerung bei der Versendung Ihrer Bestellung eintritt, werden Sie per E-Mail benachrichtigt.<\/p>\t\t\t\t\t\t\t\t<\/div>\n\t\t\t\t<\/div>\n\t\t\t\t\t<\/div>\n\t\t<\/div>\n\t\t\t\t\t<\/div>\n\t\t<\/section>\n\t\t\t\t<section class=\"elementor-section elementor-top-section elementor-element elementor-element-3620592 elementor-section-boxed elementor-section-height-default elementor-section-height-default wpr-particle-no wpr-jarallax-no wpr-parallax-no wpr-sticky-section-no\" data-id=\"3620592\" data-element_type=\"section\" data-e-type=\"section\">\n\t\t\t\t\t\t<div class=\"elementor-container elementor-column-gap-default\">\n\t\t\t\t\t<div class=\"elementor-column elementor-col-100 elementor-top-column elementor-element elementor-element-a4fc3ee\" data-id=\"a4fc3ee\" data-element_type=\"column\" data-e-type=\"column\">\n\t\t\t<div class=\"elementor-widget-wrap elementor-element-populated\">\n\t\t\t\t\t\t<div class=\"elementor-element elementor-element-643bcbe elementor-widget elementor-widget-heading\" data-id=\"643bcbe\" data-element_type=\"widget\" data-e-type=\"widget\" data-widget_type=\"heading.default\">\n\t\t\t\t<div class=\"elementor-widget-container\">\n\t\t\t\t\t<h2 class=\"elementor-heading-title elementor-size-default\">3. VERANTWORTUNG F\u00dcR SCHLECHTE ADRESSEN\n<\/h2>\t\t\t\t<\/div>\n\t\t\t\t<\/div>\n\t\t\t\t<div class=\"elementor-element elementor-element-64d78b4 elementor-widget elementor-widget-text-editor\" data-id=\"64d78b4\" data-element_type=\"widget\" data-e-type=\"widget\" data-widget_type=\"text-editor.default\">\n\t\t\t\t<div class=\"elementor-widget-container\">\n\t\t\t\t\t\t\t\t\t<p>Es liegt in der Verantwortung des Kunden, sicherzustellen, dass die eingegebene Lieferadresse korrekt ist.<br \/>Wir bem\u00fchen uns, die Bearbeitungs- und Versandzeiten zu beschleunigen, daher gibt es immer ein kleines Zeitfenster f\u00fcr diese<br \/>die falsche Lieferadresse zu korrigieren. Wenn Sie glauben, dass dies der Fall ist, kontaktieren Sie uns bitte sofort<br \/>eine falsche Lieferadresse angegeben hat.<\/p>\t\t\t\t\t\t\t\t<\/div>\n\t\t\t\t<\/div>\n\t\t\t\t\t<\/div>\n\t\t<\/div>\n\t\t\t\t\t<\/div>\n\t\t<\/section>\n\t\t\t\t<section class=\"elementor-section elementor-top-section elementor-element elementor-element-cbbbad1 elementor-section-boxed elementor-section-height-default elementor-section-height-default wpr-particle-no wpr-jarallax-no wpr-parallax-no wpr-sticky-section-no\" data-id=\"cbbbad1\" data-element_type=\"section\" data-e-type=\"section\">\n\t\t\t\t\t\t<div class=\"elementor-container elementor-column-gap-default\">\n\t\t\t\t\t<div class=\"elementor-column elementor-col-100 elementor-top-column elementor-element elementor-element-86464ad\" data-id=\"86464ad\" data-element_type=\"column\" data-e-type=\"column\">\n\t\t\t<div class=\"elementor-widget-wrap elementor-element-populated\">\n\t\t\t\t\t\t<div class=\"elementor-element elementor-element-2f1218c elementor-widget elementor-widget-heading\" data-id=\"2f1218c\" data-element_type=\"widget\" data-e-type=\"widget\" data-widget_type=\"heading.default\">\n\t\t\t\t<div class=\"elementor-widget-container\">\n\t\t\t\t\t<h2 class=\"elementor-heading-title elementor-size-default\">4. NICHT GELIEFERTE AUFTR\u00c4GE\n\n<\/h2>\t\t\t\t<\/div>\n\t\t\t\t<\/div>\n\t\t\t\t<div class=\"elementor-element elementor-element-bae3a96 elementor-widget elementor-widget-text-editor\" data-id=\"bae3a96\" data-element_type=\"widget\" data-e-type=\"widget\" data-widget_type=\"text-editor.default\">\n\t\t\t\t<div class=\"elementor-widget-container\">\n\t\t\t\t\t\t\t\t\t<p>Bestellungen, die aufgrund falscher Versandinformationen als unzustellbar an uns zur\u00fcckgeschickt wurden, sind solche<br \/>unterliegen einer von uns festgelegten R\u00fccknahmegeb\u00fchr.<\/p>\t\t\t\t\t\t\t\t<\/div>\n\t\t\t\t<\/div>\n\t\t\t\t\t<\/div>\n\t\t<\/div>\n\t\t\t\t\t<\/div>\n\t\t<\/section>\n\t\t\t\t<section class=\"elementor-section elementor-top-section elementor-element elementor-element-987fcd2 elementor-section-boxed elementor-section-height-default elementor-section-height-default wpr-particle-no wpr-jarallax-no wpr-parallax-no wpr-sticky-section-no\" data-id=\"987fcd2\" data-element_type=\"section\" data-e-type=\"section\">\n\t\t\t\t\t\t<div class=\"elementor-container elementor-column-gap-default\">\n\t\t\t\t\t<div class=\"elementor-column elementor-col-100 elementor-top-column elementor-element elementor-element-276d041\" data-id=\"276d041\" data-element_type=\"column\" data-e-type=\"column\">\n\t\t\t<div class=\"elementor-widget-wrap elementor-element-populated\">\n\t\t\t\t\t\t<div class=\"elementor-element elementor-element-cd9b24e elementor-widget elementor-widget-heading\" data-id=\"cd9b24e\" data-element_type=\"widget\" data-e-type=\"widget\" data-widget_type=\"heading.default\">\n\t\t\t\t<div class=\"elementor-widget-container\">\n\t\t\t\t\t<h2 class=\"elementor-heading-title elementor-size-default\">5. VERLORENE\/GESTOHLENE PAKETE<\/h2>\t\t\t\t<\/div>\n\t\t\t\t<\/div>\n\t\t\t\t<div class=\"elementor-element elementor-element-fd371c2 elementor-widget elementor-widget-text-editor\" data-id=\"fd371c2\" data-element_type=\"widget\" data-e-type=\"widget\" data-widget_type=\"text-editor.default\">\n\t\t\t\t<div class=\"elementor-widget-container\">\n\t\t\t\t\t\t\t\t\t<p>https:\/\/weldingconsulting.pl\/ ist nicht verantwortlich f\u00fcr verlorene oder gestohlene Sendungen. Wenn Sie eine Sendung verfolgen<br \/>die Information besagt, dass Ihr Paket an Ihre Adresse zugestellt wurde und Sie es nicht erhalten haben,<br \/>melden Sie dies bitte den \u00f6rtlichen Beh\u00f6rden.<\/p>\t\t\t\t\t\t\t\t<\/div>\n\t\t\t\t<\/div>\n\t\t\t\t\t<\/div>\n\t\t<\/div>\n\t\t\t\t\t<\/div>\n\t\t<\/section>\n\t\t\t\t<section class=\"elementor-section elementor-top-section elementor-element elementor-element-7d90d17 elementor-section-boxed elementor-section-height-default elementor-section-height-default wpr-particle-no wpr-jarallax-no wpr-parallax-no wpr-sticky-section-no\" data-id=\"7d90d17\" data-element_type=\"section\" data-e-type=\"section\">\n\t\t\t\t\t\t<div class=\"elementor-container elementor-column-gap-default\">\n\t\t\t\t\t<div class=\"elementor-column elementor-col-100 elementor-top-column elementor-element elementor-element-c9019d1\" data-id=\"c9019d1\" data-element_type=\"column\" data-e-type=\"column\">\n\t\t\t<div class=\"elementor-widget-wrap elementor-element-populated\">\n\t\t\t\t\t\t<div class=\"elementor-element elementor-element-82bde06 elementor-widget elementor-widget-heading\" data-id=\"82bde06\" data-element_type=\"widget\" data-e-type=\"widget\" data-widget_type=\"heading.default\">\n\t\t\t\t<div class=\"elementor-widget-container\">\n\t\t\t\t\t<h2 class=\"elementor-heading-title elementor-size-default\">6. TAGE DER R\u00dcCKGABE\n<\/h2>\t\t\t\t<\/div>\n\t\t\t\t<\/div>\n\t\t\t\t<div class=\"elementor-element elementor-element-1fefcea elementor-widget elementor-widget-text-editor\" data-id=\"1fefcea\" data-element_type=\"widget\" data-e-type=\"widget\" data-widget_type=\"text-editor.default\">\n\t\t\t\t<div class=\"elementor-widget-container\">\n\t\t\t\t\t\t\t\t\t<p>Auf https:\/\/weldingconsulting.pl\/ k\u00f6nnen Sie Ihren Einkauf innerhalb von 14 Tagen zur\u00fcckgeben. Sei nett<br \/>darauf hingewiesen, dass der\/die Artikel unge\u00f6ffnet und unbenutzt zur\u00fcckgegeben werden sollten.<\/p>\t\t\t\t\t\t\t\t<\/div>\n\t\t\t\t<\/div>\n\t\t\t\t\t<\/div>\n\t\t<\/div>\n\t\t\t\t\t<\/div>\n\t\t<\/section>\n\t\t\t\t<section class=\"elementor-section elementor-top-section elementor-element elementor-element-56f758c elementor-section-boxed elementor-section-height-default elementor-section-height-default wpr-particle-no wpr-jarallax-no wpr-parallax-no wpr-sticky-section-no\" data-id=\"56f758c\" data-element_type=\"section\" data-e-type=\"section\">\n\t\t\t\t\t\t<div class=\"elementor-container elementor-column-gap-default\">\n\t\t\t\t\t<div class=\"elementor-column elementor-col-100 elementor-top-column elementor-element elementor-element-8e64e3e\" data-id=\"8e64e3e\" data-element_type=\"column\" data-e-type=\"column\">\n\t\t\t<div class=\"elementor-widget-wrap elementor-element-populated\">\n\t\t\t\t\t\t<div class=\"elementor-element elementor-element-811350b elementor-widget elementor-widget-heading\" data-id=\"811350b\" data-element_type=\"widget\" data-e-type=\"widget\" data-widget_type=\"heading.default\">\n\t\t\t\t<div class=\"elementor-widget-container\">\n\t\t\t\t\t<h2 class=\"elementor-heading-title elementor-size-default\">7. PRODUKTPROZESS KEIN LAGER\n\n\n<\/h2>\t\t\t\t<\/div>\n\t\t\t\t<\/div>\n\t\t\t\t<div class=\"elementor-element elementor-element-3961cc6 elementor-widget elementor-widget-text-editor\" data-id=\"3961cc6\" data-element_type=\"widget\" data-e-type=\"widget\" data-widget_type=\"text-editor.default\">\n\t\t\t\t<div class=\"elementor-widget-container\">\n\t\t\t\t\t\t\t\t\t<p>https:\/\/weldingconsulting.pl\/ bietet die folgenden Optionen f\u00fcr den Fall, dass ein Element fehlt<br \/>Lagerbestand https:\/\/weldingconsulting.pl\/ Warten Sie mit dem Versand, bis alle Produkte auf Lager sind.<\/p>\t\t\t\t\t\t\t\t<\/div>\n\t\t\t\t<\/div>\n\t\t\t\t\t<\/div>\n\t\t<\/div>\n\t\t\t\t\t<\/div>\n\t\t<\/section>\n\t\t\t\t<section class=\"elementor-section elementor-top-section elementor-element elementor-element-481c21a elementor-section-boxed elementor-section-height-default elementor-section-height-default wpr-particle-no wpr-jarallax-no wpr-parallax-no wpr-sticky-section-no\" data-id=\"481c21a\" data-element_type=\"section\" data-e-type=\"section\">\n\t\t\t\t\t\t<div class=\"elementor-container elementor-column-gap-default\">\n\t\t\t\t\t<div class=\"elementor-column elementor-col-100 elementor-top-column elementor-element elementor-element-cfa1804\" data-id=\"cfa1804\" data-element_type=\"column\" data-e-type=\"column\">\n\t\t\t<div class=\"elementor-widget-wrap elementor-element-populated\">\n\t\t\t\t\t\t<div class=\"elementor-element elementor-element-c694e68 elementor-widget elementor-widget-heading\" data-id=\"c694e68\" data-element_type=\"widget\" data-e-type=\"widget\" data-widget_type=\"heading.default\">\n\t\t\t\t<div class=\"elementor-widget-container\">\n\t\t\t\t\t<h2 class=\"elementor-heading-title elementor-size-default\">8. Z\u00d6LLE UND EINFUHRSTEUERN\n\n\n\n<\/h2>\t\t\t\t<\/div>\n\t\t\t\t<\/div>\n\t\t\t\t<div class=\"elementor-element elementor-element-347a8a7 elementor-widget elementor-widget-text-editor\" data-id=\"347a8a7\" data-element_type=\"widget\" data-e-type=\"widget\" data-widget_type=\"text-editor.default\">\n\t\t\t\t<div class=\"elementor-widget-container\">\n\t\t\t\t\t\t\t\t\t<p>Beim Umgang mit https:\/\/weldingconsulting.pl\/ haben Sie folgende M\u00f6glichkeiten<br \/>Einfuhrsteuern und Z\u00f6lle: Sie m\u00fcssen die erforderlichen Geb\u00fchren zahlen, wenn die Artikel versandt werden<br \/>Ankunft im Bestimmungsland.<\/p>\t\t\t\t\t\t\t\t<\/div>\n\t\t\t\t<\/div>\n\t\t\t\t\t<\/div>\n\t\t<\/div>\n\t\t\t\t\t<\/div>\n\t\t<\/section>\n\t\t\t\t<section class=\"elementor-section elementor-top-section elementor-element elementor-element-c1a036e elementor-section-boxed elementor-section-height-default elementor-section-height-default wpr-particle-no wpr-jarallax-no wpr-parallax-no wpr-sticky-section-no\" data-id=\"c1a036e\" data-element_type=\"section\" data-e-type=\"section\">\n\t\t\t\t\t\t<div class=\"elementor-container elementor-column-gap-default\">\n\t\t\t\t\t<div class=\"elementor-column elementor-col-100 elementor-top-column elementor-element elementor-element-76aa7a6\" data-id=\"76aa7a6\" data-element_type=\"column\" data-e-type=\"column\">\n\t\t\t<div class=\"elementor-widget-wrap elementor-element-populated\">\n\t\t\t\t\t\t<div class=\"elementor-element elementor-element-4efd55f elementor-widget elementor-widget-heading\" data-id=\"4efd55f\" data-element_type=\"widget\" data-e-type=\"widget\" data-widget_type=\"heading.default\">\n\t\t\t\t<div class=\"elementor-widget-container\">\n\t\t\t\t\t<h2 class=\"elementor-heading-title elementor-size-default\">9 AKZEPTANZ\n\n\n\n\n<\/h2>\t\t\t\t<\/div>\n\t\t\t\t<\/div>\n\t\t\t\t<div class=\"elementor-element elementor-element-3964160 elementor-widget elementor-widget-text-editor\" data-id=\"3964160\" data-element_type=\"widget\" data-e-type=\"widget\" data-widget_type=\"text-editor.default\">\n\t\t\t\t<div class=\"elementor-widget-container\">\n\t\t\t\t\t\t\t\t\t<p>Indem Sie auf unsere Website zugreifen und eine Bestellung aufgeben, haben Sie freiwillig die Bedingungen dieser Sendung akzeptiert.<br \/>Politik.<\/p>\t\t\t\t\t\t\t\t<\/div>\n\t\t\t\t<\/div>\n\t\t\t\t\t<\/div>\n\t\t<\/div>\n\t\t\t\t\t<\/div>\n\t\t<\/section>\n\t\t\t\t<section class=\"elementor-section elementor-top-section elementor-element elementor-element-6d8fa72 elementor-section-boxed elementor-section-height-default elementor-section-height-default wpr-particle-no wpr-jarallax-no wpr-parallax-no wpr-sticky-section-no\" data-id=\"6d8fa72\" data-element_type=\"section\" data-e-type=\"section\">\n\t\t\t\t\t\t<div class=\"elementor-container elementor-column-gap-default\">\n\t\t\t\t\t<div class=\"elementor-column elementor-col-100 elementor-top-column elementor-element elementor-element-e192ce9\" data-id=\"e192ce9\" data-element_type=\"column\" data-e-type=\"column\">\n\t\t\t<div class=\"elementor-widget-wrap elementor-element-populated\">\n\t\t\t\t\t\t<div class=\"elementor-element elementor-element-25f5655 elementor-widget elementor-widget-heading\" data-id=\"25f5655\" data-element_type=\"widget\" data-e-type=\"widget\" data-widget_type=\"heading.default\">\n\t\t\t\t<div class=\"elementor-widget-container\">\n\t\t\t\t\t<h2 class=\"elementor-heading-title elementor-size-default\">KONTAKTINFORMATIONEN<\/h2>\t\t\t\t<\/div>\n\t\t\t\t<\/div>\n\t\t\t\t<div class=\"elementor-element elementor-element-2ccf7dd elementor-widget elementor-widget-text-editor\" data-id=\"2ccf7dd\" data-element_type=\"widget\" data-e-type=\"widget\" data-widget_type=\"text-editor.default\">\n\t\t\t\t<div class=\"elementor-widget-container\">\n\t\t\t\t\t\t\t\t\t<p>Wenn Sie Fragen oder Anmerkungen haben, wenden Sie sich bitte an die folgenden Kontakte:<\/p>\n<p>Telefon - +48 508 052 072<\/p>\t\t\t\t\t\t\t\t<\/div>\n\t\t\t\t<\/div>\n\t\t\t\t\t<\/div>\n\t\t<\/div>\n\t\t\t\t\t<\/div>\n\t\t<\/section>\n\t\t\t\t<\/div>","protected":false},"excerpt":{"rendered":"<p>ZASADY WYSY\u0141KI https:\/\/weldingconsulting.pl\/ stawia na doskona\u0142o\u015b\u0107 i pe\u0142n\u0105 satysfakcj\u0119 naszych klient\u00f3w.https:\/\/weldingconsulting.pl\/ z dum\u0105 oferuje us\u0142ugi spedycyjne. B\u0105d\u017a pewien, \u017ce robimy wszystkojeste\u015bmy w stanie dostarczy\u0107 Twoje zam\u00f3wienie tak szybko, jak to mo\u017cliwe. Prosz\u0119 wzi\u0105\u0107 pod uwag\u0119 ewentualne \u015bwi\u0119tawp\u0142yw na czas dostawy. https:\/\/weldingconsulting.pl\/ oferuje r\u00f3wnie\u017c wysy\u0142k\u0119 tego samego dnia. 2. WYSY\u0141KA Wszystkie zam\u00f3wienia na nasze produkty s\u0105 przetwarzane i wysy\u0142ane w ci\u0105gu 4-10 dni roboczych. Zam\u00f3wienia niewysy\u0142ane lub dostarczane w weekendy lub \u015bwi\u0119ta. Je\u017celi mamy do czynienia z du\u017c\u0105 liczb\u0105 zam\u00f3wie\u0144,przesy\u0142ki mog\u0105 by\u0107 op\u00f3\u017anione o kilka dni. Prosz\u0119 o dopuszczenie dodatkowych dni na dostaw\u0119. Jezeli tamnast\u0105pi znaczne op\u00f3\u017anienie w wysy\u0142ce Twojego zam\u00f3wienia, skontaktujemy si\u0119 z Tob\u0105 mailowo. 3. Z\u0141A ODPOWIEDZIALNO\u015a\u0106 ADRESOWA Obowi\u0105zkiem klienta jest upewnienie si\u0119, \u017ce wprowadzony adres wysy\u0142ki jest prawid\u0142owy.Dok\u0142adamy wszelkich stara\u0144, aby przyspieszy\u0107 czas przetwarzania i wysy\u0142ki, dlatego zawsze jest ma\u0142e okienko na topopraw nieprawid\u0142owy adres wysy\u0142ki. Je\u015bli uwa\u017casz, \u017ce tak, skontaktuj si\u0119 z nami natychmiastpoda\u0142 b\u0142\u0119dny adres do wysy\u0142ki. 4. ZAM\u00d3WIENIA NIEDOSTAWIONE Zam\u00f3wienia, kt\u00f3re zosta\u0142y nam zwr\u00f3cone jako niemo\u017cliwe do dostarczenia z powodu nieprawid\u0142owych informacji o wysy\u0142ce, s\u0105 takiez zastrze\u017ceniem ustalonej przez nas op\u0142aty za uzupe\u0142nienie zapas\u00f3w. 5. ZGUBIONE\/SKRADZIONE PACZKI https:\/\/weldingconsulting.pl\/ nie ponosi odpowiedzialno\u015bci za zagubione lub skradzione przesy\u0142ki. Je\u015bli \u015bledziszinformacja g\u0142osi, \u017ce Twoja przesy\u0142ka zosta\u0142a dostarczona pod Tw\u00f3j adres i jej nie otrzyma\u0142e\u015b,prosz\u0119 zg\u0142osi\u0107 to w\u0142adzom lokalnym. 6.DNI ZWROTU https:\/\/weldingconsulting.pl\/ umo\u017cliwia zwrot zakupionego(-ych) towaru w terminie 14 dni. B\u0105d\u017a \u0142askawypoinformowa\u0142, \u017ce przedmiot(y) powinien zosta\u0107 zwr\u00f3cony nieotwarty i nieu\u017cywany. 7. PROCES PRODUKTU BRAK MAGAZYNU https:\/\/weldingconsulting.pl\/ posiada nast\u0119puj\u0105ce opcje w przypadku, gdy brakuje pozycjistock https:\/\/weldingconsulting.pl\/ Przed wysy\u0142k\u0105 poczekaj, a\u017c wszystkie produkty b\u0119d\u0105 dost\u0119pne w magazynie. 8.C\u0141A I PODATKI IMPORTOWE Maj\u0105c do czynienia z https:\/\/weldingconsulting.pl\/ masz nast\u0119puj\u0105ce mo\u017cliwo\u015bci je\u015bli chodzi oPodatki i c\u0142a importowe: B\u0119dziesz zobowi\u0105zany do uiszczenia wymaganych op\u0142at, gdy przedmioty zostan\u0105 wys\u0142aneprzybyciu do kraju docelowego. 9. PRZYJ\u0118CIE Wchodz\u0105c na nasz\u0105 stron\u0119 i sk\u0142adaj\u0105c zam\u00f3wienie, dobrowolnie zaakceptowa\u0142e\u015b warunki tej wysy\u0142kiPolityka. INFORMACJE KONTAKTOWE W przypadku pyta\u0144 lub komentarzy prosimy o kontakt za po\u015brednictwem nast\u0119puj\u0105cych kontakt\u00f3w: Telefon &#8211; +48 508 052 072<\/p>","protected":false},"author":1,"featured_media":0,"parent":0,"menu_order":0,"comment_status":"closed","ping_status":"closed","template":"","meta":{"site-sidebar-layout":"no-sidebar","site-content-layout":"","ast-site-content-layout":"full-width-container","site-content-style":"default","site-sidebar-style":"default","ast-global-header-display":"","ast-banner-title-visibility":"","ast-main-header-display":"","ast-hfb-above-header-display":"","ast-hfb-below-header-display":"","ast-hfb-mobile-header-display":"","site-post-title":"disabled","ast-breadcrumbs-content":"","ast-featured-img":"disabled","footer-sml-layout":"","ast-disable-related-posts":"","theme-transparent-header-meta":"","adv-header-id-meta":"","stick-header-meta":"","header-above-stick-meta":"","header-main-stick-meta":"","header-below-stick-meta":"","astra-migrate-meta-layouts":"default","ast-page-background-enabled":"default","ast-page-background-meta":{"desktop":{"background-color":"var(--ast-global-color-4)","background-image":"","background-repeat":"repeat","background-position":"center center","background-size":"auto","background-attachment":"scroll","background-type":"","background-media":"","overlay-type":"","overlay-color":"","overlay-opacity":"","overlay-gradient":""},"tablet":{"background-color":"","background-image":"","background-repeat":"repeat","background-position":"center center","background-size":"auto","background-attachment":"scroll","background-type":"","background-media":"","overlay-type":"","overlay-color":"","overlay-opacity":"","overlay-gradient":""},"mobile":{"background-color":"","background-image":"","background-repeat":"repeat","background-position":"center center","background-size":"auto","background-attachment":"scroll","background-type":"","background-media":"","overlay-type":"","overlay-color":"","overlay-opacity":"","overlay-gradient":""}},"ast-content-background-meta":{"desktop":{"background-color":"var(--ast-global-color-5)","background-image":"","background-repeat":"repeat","background-position":"center center","background-size":"auto","background-attachment":"scroll","background-type":"","background-media":"","overlay-type":"","overlay-color":"","overlay-opacity":"","overlay-gradient":""},"tablet":{"background-color":"var(--ast-global-color-5)","background-image":"","background-repeat":"repeat","background-position":"center center","background-size":"auto","background-attachment":"scroll","background-type":"","background-media":"","overlay-type":"","overlay-color":"","overlay-opacity":"","overlay-gradient":""},"mobile":{"background-color":"var(--ast-global-color-5)","background-image":"","background-repeat":"repeat","background-position":"center center","background-size":"auto","background-attachment":"scroll","background-type":"","background-media":"","overlay-type":"","overlay-color":"","overlay-opacity":"","overlay-gradient":""}},"footnotes":""},"class_list":["post-2221","page","type-page","status-publish","hentry"],"rttpg_featured_image_url":null,"rttpg_author":{"display_name":"admin-JYZ7TiXE","author_link":"https:\/\/weldingconsulting.pl\/de\/author\/admin-jyz7tixe\/"},"rttpg_comment":0,"rttpg_category":null,"rttpg_excerpt":"ZASADY WYSY\u0141KI https:\/\/weldingconsulting.pl\/ stawia na doskona\u0142o\u015b\u0107 i pe\u0142n\u0105 satysfakcj\u0119 naszych klient\u00f3w.https:\/\/weldingconsulting.pl\/ z dum\u0105 oferuje us\u0142ugi spedycyjne. B\u0105d\u017a pewien, \u017ce robimy wszystkojeste\u015bmy w stanie dostarczy\u0107 Twoje zam\u00f3wienie tak szybko, jak to mo\u017cliwe. Prosz\u0119 wzi\u0105\u0107 pod uwag\u0119 ewentualne \u015bwi\u0119tawp\u0142yw na czas dostawy. https:\/\/weldingconsulting.pl\/ oferuje r\u00f3wnie\u017c wysy\u0142k\u0119 tego samego dnia. 2. WYSY\u0141KA Wszystkie zam\u00f3wienia na nasze produkty s\u0105&hellip;","_links":{"self":[{"href":"https:\/\/weldingconsulting.pl\/de\/wp-json\/wp\/v2\/pages\/2221","targetHints":{"allow":["GET"]}}],"collection":[{"href":"https:\/\/weldingconsulting.pl\/de\/wp-json\/wp\/v2\/pages"}],"about":[{"href":"https:\/\/weldingconsulting.pl\/de\/wp-json\/wp\/v2\/types\/page"}],"author":[{"embeddable":true,"href":"https:\/\/weldingconsulting.pl\/de\/wp-json\/wp\/v2\/users\/1"}],"replies":[{"embeddable":true,"href":"https:\/\/weldingconsulting.pl\/de\/wp-json\/wp\/v2\/comments?post=2221"}],"version-history":[{"count":16,"href":"https:\/\/weldingconsulting.pl\/de\/wp-json\/wp\/v2\/pages\/2221\/revisions"}],"predecessor-version":[{"id":2474,"href":"https:\/\/weldingconsulting.pl\/de\/wp-json\/wp\/v2\/pages\/2221\/revisions\/2474"}],"wp:attachment":[{"href":"https:\/\/weldingconsulting.pl\/de\/wp-json\/wp\/v2\/media?parent=2221"}],"curies":[{"name":"wp","href":"https:\/\/api.w.org\/{rel}","templated":true}]}}