{"id":1121,"date":"2023-09-20T22:53:05","date_gmt":"2023-09-20T20:53:05","guid":{"rendered":"https:\/\/weldingconsulting.pl\/?page_id=1121"},"modified":"2023-12-19T10:27:03","modified_gmt":"2023-12-19T09:27:03","slug":"druckrichtlinie-ped-2014-68-eu","status":"publish","type":"page","link":"https:\/\/weldingconsulting.pl\/de\/druckrichtlinie-ped-2014-68-eu\/","title":{"rendered":"Druckger\u00e4te-Richtlinie ped\/2014\/68\/eu"},"content":{"rendered":"<div data-elementor-type=\"wp-page\" data-elementor-id=\"1121\" class=\"elementor elementor-1121\" data-elementor-post-type=\"page\">\n\t\t\t\t\t\t<section class=\"elementor-section elementor-top-section elementor-element elementor-element-172a851 elementor-section-boxed elementor-section-height-default elementor-section-height-default wpr-particle-no wpr-jarallax-no wpr-parallax-no wpr-sticky-section-no wpr-column-slider-no wpr-equal-height-no\" data-id=\"172a851\" data-element_type=\"section\" data-e-type=\"section\">\n\t\t\t\t\t\t<div class=\"elementor-container elementor-column-gap-default\">\n\t\t\t\t\t<div class=\"elementor-column elementor-col-100 elementor-top-column elementor-element elementor-element-b8b7d16\" data-id=\"b8b7d16\" data-element_type=\"column\" data-e-type=\"column\">\n\t\t\t<div class=\"elementor-widget-wrap elementor-element-populated\">\n\t\t\t\t\t\t<section class=\"elementor-section elementor-inner-section elementor-element elementor-element-b7b1bbc elementor-section-boxed elementor-section-height-default elementor-section-height-default wpr-particle-no wpr-jarallax-no wpr-parallax-no wpr-sticky-section-no wpr-column-slider-no wpr-equal-height-no\" data-id=\"b7b1bbc\" data-element_type=\"section\" data-e-type=\"section\">\n\t\t\t\t\t\t<div class=\"elementor-container elementor-column-gap-default\">\n\t\t\t\t\t<div class=\"elementor-column elementor-col-100 elementor-inner-column elementor-element elementor-element-61e18b6\" data-id=\"61e18b6\" data-element_type=\"column\" data-e-type=\"column\">\n\t\t\t<div class=\"elementor-widget-wrap elementor-element-populated\">\n\t\t\t\t\t\t<div class=\"elementor-element elementor-element-d47a44b elementor-widget elementor-widget-heading\" data-id=\"d47a44b\" data-element_type=\"widget\" data-e-type=\"widget\" data-widget_type=\"heading.default\">\n\t\t\t\t<div class=\"elementor-widget-container\">\n\t\t\t\t\t<h2 class=\"elementor-heading-title elementor-size-default\">Druckrichtlinie ped\/2014\/68\/eu - Schwei\u00dfnormen<\/h2>\t\t\t\t<\/div>\n\t\t\t\t<\/div>\n\t\t\t\t\t<\/div>\n\t\t<\/div>\n\t\t\t\t\t<\/div>\n\t\t<\/section>\n\t\t\t\t<section class=\"elementor-section elementor-inner-section elementor-element elementor-element-6454959 elementor-section-boxed elementor-section-height-default elementor-section-height-default wpr-particle-no wpr-jarallax-no wpr-parallax-no wpr-sticky-section-no wpr-column-slider-no wpr-equal-height-no\" data-id=\"6454959\" data-element_type=\"section\" data-e-type=\"section\">\n\t\t\t\t\t\t<div class=\"elementor-container elementor-column-gap-default\">\n\t\t\t\t\t<div class=\"elementor-column elementor-col-100 elementor-inner-column elementor-element elementor-element-af3bb54\" data-id=\"af3bb54\" data-element_type=\"column\" data-e-type=\"column\">\n\t\t\t<div class=\"elementor-widget-wrap elementor-element-populated\">\n\t\t\t\t\t\t<div class=\"elementor-element elementor-element-9261bcc elementor-widget elementor-widget-text-editor\" data-id=\"9261bcc\" data-element_type=\"widget\" data-e-type=\"widget\" data-widget_type=\"text-editor.default\">\n\t\t\t\t<div class=\"elementor-widget-container\">\n\t\t\t\t\t\t\t\t\t<p>Wie andere Branchen unterliegt auch das Schwei\u00dfen den Normen und Richtlinien des Europ\u00e4ischen Parlaments. Die Druckrichtlinie ped\/2014\/68\/eu wurde vom Europ\u00e4ischen Parlament am 15. Mai 2014 erlassen. Sie betrifft die Harmonisierung der Rechtsvorschriften der Mitgliedstaaten \u00fcber die Bereitstellung von Druckger\u00e4ten auf dem Markt.\u00a0<strong>Schwei\u00dftechnische Beratung und Inspektionen<\/strong>\u00a0die Durchf\u00fchrung und Kontrolle der Umsetzung der in der Richtlinie beschriebenen Vorschriften umfassen. Die in der Richtlinie enthaltenen Regelungen\u00a0<strong>Druckrichtlinie PED\/2014\/68\/eu<\/strong>\u00a0sollen in erster Linie verhindern, dass immer mehr betr\u00fcgerische und nicht ordnungsgem\u00e4\u00df zertifizierte Produkte auf den Markt kommen.<\/p>\t\t\t\t\t\t\t\t<\/div>\n\t\t\t\t<\/div>\n\t\t\t\t<div class=\"elementor-element elementor-element-0fafbfc elementor-widget elementor-widget-heading\" data-id=\"0fafbfc\" data-element_type=\"widget\" data-e-type=\"widget\" data-widget_type=\"heading.default\">\n\t\t\t\t<div class=\"elementor-widget-container\">\n\t\t\t\t\t<h2 class=\"elementor-heading-title elementor-size-default\">Wann gilt die Druckrichtlinie PED 2014\/68\/eu?<\/h2>\t\t\t\t<\/div>\n\t\t\t\t<\/div>\n\t\t\t\t<div class=\"elementor-element elementor-element-66033a8 elementor-widget elementor-widget-text-editor\" data-id=\"66033a8\" data-element_type=\"widget\" data-e-type=\"widget\" data-widget_type=\"text-editor.default\">\n\t\t\t\t<div class=\"elementor-widget-container\">\n\t\t\t\t\t\t\t\t\t<p>Die Verpflichtung zur Umsetzung der Richtlinie liegt bei allen an der Lieferkette beteiligten Produktionsunternehmen. Mit der Einf\u00fchrung eines einheitlichen Standards - f\u00fcr die Sicherheit sorgen wir, zum Beispiel durch die Umsetzung der\u00a0<strong>Schwei\u00dfanweisungen<\/strong>. Die Richtlinie gilt f\u00fcr die Verwendung von Druckger\u00e4ten mit einem zul\u00e4ssigen Druck von mehr als 0,5 bar, weshalb es so wichtig ist, sie in Schwei\u00dfanlagen korrekt umzusetzen.<\/p><p>Welding Consulting bietet Zertifizierungsdienste f\u00fcr Schwei\u00dfen und\u00a0<strong>hilft bei der umfassenden Umsetzung der Druckrichtlinie PED 2014\/68\/eu<\/strong>einschlie\u00dflich aller schwei\u00dftechnischen Anforderungen. Wie bei anderen Schwei\u00dfzertifikaten oder WPQR\/WPS-Verfahren beginnen wir mit einem Besuch vor Ort beim Kunden und entwickeln dann einen Plan zur Umsetzung der Richtlinienvorschriften.<\/p>\t\t\t\t\t\t\t\t<\/div>\n\t\t\t\t<\/div>\n\t\t\t\t<div class=\"elementor-element elementor-element-0467929 elementor-widget elementor-widget-heading\" data-id=\"0467929\" data-element_type=\"widget\" data-e-type=\"widget\" data-widget_type=\"heading.default\">\n\t\t\t\t<div class=\"elementor-widget-container\">\n\t\t\t\t\t<h2 class=\"elementor-heading-title elementor-size-default\">Druckrichtlinie f\u00fcr das Schwei\u00dfen<\/h2>\t\t\t\t<\/div>\n\t\t\t\t<\/div>\n\t\t\t\t<div class=\"elementor-element elementor-element-1147b74 elementor-widget elementor-widget-text-editor\" data-id=\"1147b74\" data-element_type=\"widget\" data-e-type=\"widget\" data-widget_type=\"text-editor.default\">\n\t\t\t\t<div class=\"elementor-widget-container\">\n\t\t\t\t\t\t\t\t\t<p><strong>PED Druckrichtlinie<\/strong>\/2014\/68\/EU umfasst eine breite Palette von Vorschriften, auch f\u00fcr den Schwei\u00dfsektor, die in erster Linie die Sicherheit bei der Verwendung solcher Ger\u00e4te und Anlagen durch harmonisierte Vorschriften f\u00fcr ihre Herstellung und ihren Vertrieb erh\u00f6hen sollen. Sie gilt auch f\u00fcr das Personal, das an der Herstellung der Ger\u00e4te beteiligt ist.\u00a0<strong>Druck<\/strong>die verwendeten Materialien sowie die angewandten Produktionsmethoden. Umsetzung\u00a0<strong>Richtlinien<\/strong>\u00a0ist in vielen Unternehmen unverzichtbar, weshalb wir von Welding Consulting Unterst\u00fctzung bei der Einhaltung dieser Vorschriften anbieten.<\/p>\t\t\t\t\t\t\t\t<\/div>\n\t\t\t\t<\/div>\n\t\t\t\t<div class=\"elementor-element elementor-element-882a0ea elementor-widget elementor-widget-heading\" data-id=\"882a0ea\" data-element_type=\"widget\" data-e-type=\"widget\" data-widget_type=\"heading.default\">\n\t\t\t\t<div class=\"elementor-widget-container\">\n\t\t\t\t\t<h2 class=\"elementor-heading-title elementor-size-default\">Umsetzung der PED in Unternehmen<\/h2>\t\t\t\t<\/div>\n\t\t\t\t<\/div>\n\t\t\t\t<div class=\"elementor-element elementor-element-de28369 elementor-widget elementor-widget-text-editor\" data-id=\"de28369\" data-element_type=\"widget\" data-e-type=\"widget\" data-widget_type=\"text-editor.default\">\n\t\t\t\t<div class=\"elementor-widget-container\">\n\t\t\t\t\t\t\t\t\t<p>Ordnungsgem\u00e4\u00df gebaute und funktionierende Ger\u00e4te\u00a0<strong>Druck<\/strong>\u00a0gew\u00e4hrleisten nicht nur den effizienten Ablauf einer Vielzahl von industriellen Prozessen, sondern auch ein angemessenes Sicherheitsniveau. Deshalb ist ihre Zertifizierung nach der\u00a0<strong>die PED<\/strong>\/2014\/68\/EU so wichtig ist. Auch Schwei\u00dfbetriebe, die an der Herstellung von Ausr\u00fcstungen beteiligt sind, unterliegen der Richtlinie\u00a0<strong>Druck\u00a0<\/strong>- Die Einhaltung der EU-Normen betrifft u. a. die Qualifikation der Schwei\u00dfer und die verwendete Technologie. Infolgedessen k\u00f6nnen zertifizierte Dampfkessel, Rohrleitungen, Gasleitungen oder Druckbeh\u00e4lter auf den EU-M\u00e4rkten frei gehandelt werden.<\/p>\t\t\t\t\t\t\t\t<\/div>\n\t\t\t\t<\/div>\n\t\t\t\t<div class=\"elementor-element elementor-element-01cc41d elementor-widget elementor-widget-heading\" data-id=\"01cc41d\" data-element_type=\"widget\" data-e-type=\"widget\" data-widget_type=\"heading.default\">\n\t\t\t\t<div class=\"elementor-widget-container\">\n\t\t\t\t\t<h2 class=\"elementor-heading-title elementor-size-default\">Unterst\u00fctzung durch Schwei\u00dfspezialisten<\/h2>\t\t\t\t<\/div>\n\t\t\t\t<\/div>\n\t\t\t\t<div class=\"elementor-element elementor-element-0102b08 elementor-widget elementor-widget-text-editor\" data-id=\"0102b08\" data-element_type=\"widget\" data-e-type=\"widget\" data-widget_type=\"text-editor.default\">\n\t\t\t\t<div class=\"elementor-widget-container\">\n\t\t\t\t\t\t\t\t\t<p>Bei Welding Consulting befassen wir uns mit der fachgerechten Umsetzung sowie der Kontrolle der sich aus den\u00a0<strong>PED-Druckrichtlinie<\/strong>\/2014\/68\/EU in Unternehmen im Schwei\u00dfbereich. Unsere Dienstleistungen sind stets auf die individuellen Bed\u00fcrfnisse des Kunden zugeschnitten, wobei wir einen umfassenden Plan zur Umsetzung der vom Europ\u00e4ischen Parlament entwickelten Vorschriften erstellen. Wir bieten unter anderem die \u00dcberpr\u00fcfung der Qualifikationen der Schwei\u00dfer und deren Zertifizierung, die Erstellung von Schwei\u00dfanweisungen sowie die Kontrolle der angewandten Verfahren. Dank uns wird der Betrieb Ihres Unternehmens vollst\u00e4ndig konform sein mit\u00a0<strong>Druckrichtlinie<\/strong>. Wir ermutigen Sie, uns zu kontaktieren.<\/p>\t\t\t\t\t\t\t\t<\/div>\n\t\t\t\t<\/div>\n\t\t\t\t<div class=\"elementor-element elementor-element-c7889a4 elementor-widget elementor-widget-heading\" data-id=\"c7889a4\" data-element_type=\"widget\" data-e-type=\"widget\" data-widget_type=\"heading.default\">\n\t\t\t\t<div class=\"elementor-widget-container\">\n\t\t\t\t\t<h2 class=\"elementor-heading-title elementor-size-default\">PED 2014\/68\/eu Richtlinie - spezifische Normen und Verfahren f\u00fcr den Schutz von Personen und den freien Verkehr auf dem Markt der Europ\u00e4ischen Union<\/h2>\t\t\t\t<\/div>\n\t\t\t\t<\/div>\n\t\t\t\t<div class=\"elementor-element elementor-element-2b32778 elementor-widget elementor-widget-text-editor\" data-id=\"2b32778\" data-element_type=\"widget\" data-e-type=\"widget\" data-widget_type=\"text-editor.default\">\n\t\t\t\t<div class=\"elementor-widget-container\">\n\t\t\t\t\t\t\t\t\t<p><strong>PED-Richtlinie<\/strong>\u00a0die vom Europ\u00e4ischen Parlament erlassen wurden, sind Anforderungen, die sowohl f\u00fcr Druckger\u00e4te als auch f\u00fcr Schwei\u00dfer gelten. Um sicherzustellen, dass die in einem Unternehmen ausge\u00fcbten T\u00e4tigkeiten mit den darin enthaltenen Normen \u00fcbereinstimmen, lohnt es sich, professionelle Hilfe von Fachleuten in Anspruch zu nehmen. Bei Welding Consulting helfen wir unseren Kunden bei der Umsetzung\u00a0<strong>Richtlinie<\/strong>\u00a0Druck\u00a0<strong>PED<\/strong>\u00a02014\/68\/eu, sind wir erfahren in Audits und Zertifizierung. Wenn Sie unsere Unterst\u00fctzung in Anspruch nehmen, k\u00f6nnen Sie sicher sein, dass Ihr Unternehmen die internationalen Anforderungen, Normen und Richtlinien f\u00fcr Sicherheit und Qualit\u00e4t erf\u00fcllt. Wir laden Sie herzlich ein, mit uns zusammenzuarbeiten, und wenn Sie Fragen oder Bedenken haben, k\u00f6nnen Sie sich gerne an unsere Vertreter wenden.<\/p>\t\t\t\t\t\t\t\t<\/div>\n\t\t\t\t<\/div>\n\t\t\t\t\t<\/div>\n\t\t<\/div>\n\t\t\t\t\t<\/div>\n\t\t<\/section>\n\t\t\t\t\t<\/div>\n\t\t<\/div>\n\t\t\t\t\t<\/div>\n\t\t<\/section>\n\t\t\t\t<\/div>","protected":false},"excerpt":{"rendered":"<p>Dyrektywa ci\u015bnieniowa ped\/2014\/68\/eu \u2013 normy dla spawalnictwa Podobnie jak inne bran\u017ce spawalnictwo podlega normom i\u00a0dyrektywom Parlamentu Europejskiego. Dyrektywa Ci\u015bnieniowa ped\/2014\/68\/eu wydana zosta\u0142a przez Parlament Europejski w\u00a0dniu 15 maja 2014 r. Dotyczy ona harmonizacji ustawodawstw pa\u0144stw cz\u0142onkowskich w\u00a0zakresie udost\u0119pniania na\u00a0rynku urz\u0105dze\u0144 ci\u015bnieniowych.\u00a0Doradztwo i\u00a0inspekcje spawalnicze\u00a0obejmuj\u0105 wdro\u017cenie i\u00a0kontrol\u0119 wdro\u017cenia zasad opisanych w\u00a0dyrektywie. Regulacje zawarte w\u00a0dyrektywie ci\u015bnieniowej PED\/2014\/68\/eu\u00a0maj\u0105 przede wszystkim za\u00a0zadanie zapobiec wprowadzaniu na\u00a0rynek rosn\u0105cej liczby urz\u0105dze\u0144 certyfikowanych w\u00a0spos\u00f3b nieuczciwy i\u00a0niew\u0142a\u015bciwy. Kiedy stosuje si\u0119 dyrektyw\u0119 ci\u015bnieniow\u0105 PED 2014\/68\/eu? Obowi\u0105zek wdro\u017cenia dyrektywy spoczywa na\u00a0wszystkich firmach produkcyjnych uczestnicz\u0105cych w\u00a0\u0142a\u0144cuchu dostaw. Dzi\u0119ki wprowadzeniu jednolitego standardu \u2013 znacznie podwy\u017csza\u00a0si\u0119 bezpiecze\u0144stwo ,o kt\u00f3re dbamy np. poprzez\u00a0wdro\u017cenie\u00a0instrukcji spawania. Dyrektyw\u0119 stosuje\u00a0si\u0119 w\u00a0przypadku u\u017cywania urz\u0105dze\u0144 ci\u015bnieniowych o\u00a0dopuszczalnym ci\u015bnieniu wy\u017cszym ni\u017c 0,5 bara, dlatego tak\u00a0wa\u017cne jest jej\u00a0poprawne wprowadzenie do\u00a0zak\u0142ad\u00f3w spawalniczych. Welding Consulting \u015bwiadczy us\u0142ugi certyfikacyjne dla spawalnictwa i\u00a0pomaga kompleksowo wdro\u017cy\u0107 dyrektyw\u0119 ci\u015bnieniow\u0105 PED 2014\/68\/eu, wraz ze wszelkimi wymaganiami zawartymi dotycz\u0105cymi spawalnictwa. Podobnie jak i\u00a0w\u00a0przypadku innych certyfikat\u00f3w dla spawalnictwa czy\u00a0procedur WPQR\/WPS rozpoczynamy od\u00a0wizyty w\u00a0zak\u0142adzie naszego Klienta, a\u00a0nast\u0119pnie opracowujemy plan wdro\u017cenia regulacji dyrektywy. Dyrektywa ci\u015bnieniowa dla spawalnictwa Dyrektywa ci\u015bnieniowa PED\/2014\/68\/EU obejmuje szereg r\u00f3\u017cnorodnych regulacji \u2014 dotycz\u0105cych mi\u0119dzy innymi bran\u017cy spawalnictwa \u2014 kt\u00f3re maj\u0105 za\u00a0zadanie przede wszystkim zwi\u0119kszy\u0107 bezpiecze\u0144stwo korzystania z\u00a0urz\u0105dze\u0144 i\u00a0instalacji tego rodzaju za\u00a0spraw\u0105 ujednoliconych zasad ich\u00a0produkcji oraz\u00a0dystrybucji. Dotyczy ona\u00a0r\u00f3wnie\u017c personelu zajmuj\u0105cego\u00a0si\u0119\u00a0wykonywaniem sprz\u0119tu\u00a0ci\u015bnieniowego, stosowanych materia\u0142\u00f3w, a\u00a0tak\u017ce wykorzystywanych metod produkcyjnych. Wdro\u017cenie\u00a0dyrektywy\u00a0jest niezb\u0119dne w\u00a0wielu przedsi\u0119biorstwach, dlatego w\u00a0Welding Consulting udzielamy wsparcia w\u00a0jej\u00a0przestrzeganiu. Wdra\u017canie dyrektywy PED w przedsi\u0119biorstwach Prawid\u0142owo wykonane oraz\u00a0funkcjonuj\u0105ce urz\u0105dzenia\u00a0ci\u015bnieniowe\u00a0nie\u00a0tylko\u00a0zapewniaj\u0105 efektywny przebieg r\u00f3\u017cnorodnych proces\u00f3w przemys\u0142owych, lecz\u00a0tak\u017ce odpowiedni poziom bezpiecze\u0144stwa. W\u0142a\u015bnie dlatego ich\u00a0certyfikacja zgodna z\u00a0dyrektyw\u0105 PED\/2014\/68\/EU ma\u00a0tak\u00a0du\u017ce znaczenie. Podlegaj\u0105 jej\u00a0r\u00f3wnie\u017c firmy z\u00a0bran\u017cy spawalnictwa zajmuj\u0105ce\u00a0si\u0119\u00a0produkcja urz\u0105dze\u0144\u00a0ci\u015bnieniowych\u00a0\u2014 przestrzeganie norm unijnych dotyczy mi\u0119dzy innymi uprawnie\u0144 spawaczy oraz\u00a0wykorzystywanych technologii. W\u00a0rezultacie mo\u017cliwy jest swobodny obr\u00f3t na\u00a0rynkach Unii Europejskiej certyfikowanymi kot\u0142ami parowymi, ruroci\u0105gami, gazoci\u0105gami czy\u00a0zbiornikami ci\u015bnieniowymi. Wsparcie specjalist\u00f3w w zakresie spawalnictwa W firmie Welding Consulting zajmujemy\u00a0si\u0119\u00a0profesjonalnym wdra\u017caniem, a\u00a0tak\u017ce kontrolowaniem zasad wynikaj\u0105cych z\u00a0dyrektywy ci\u015bnieniowej PED\/2014\/68\/EU w\u00a0przedsi\u0119biorstwach w\u00a0obr\u0119bie spawalnictwa. Nasze us\u0142ugi zawsze dostosowujemy do\u00a0indywidualnych potrzeb Klienta, przygotowuj\u0105c kompleksowy plan pozwalaj\u0105cy na\u00a0realizowanie regulacji opracowanych przez Parlament Europejski. Oferujemy mi\u0119dzy innymi sprawdzanie uprawnie\u0144 spawaczy, a\u00a0tak\u017ce ich\u00a0certyfikacj\u0119, sporz\u0105dzanie instrukcji dotycz\u0105cych spawania, jak\u00a0r\u00f3wnie\u017c kontrol\u0119 wykorzystywanych metod. Dzi\u0119ki nam\u00a0funkcjonowanie Pa\u0144stwa firmy b\u0119dzie ca\u0142kowicie zgodne z\u00a0dyrektyw\u0105 ci\u015bnieniow\u0105. Zach\u0119camy do\u00a0kontaktu. Dyrektywa PED 2014\/68\/eu \u2014 okre\u015blone normy i procedury, s\u0142u\u017c\u0105ce ochronie ludzi oraz swobodnemu obrotowi w obr\u0119bie rynku Unii Europejskiej Dyrektywa PED\u00a0wydana przez Parlament Europejski to\u00a0wymagania, kt\u00f3re dotycz\u0105 zar\u00f3wno urz\u0105dze\u0144 ci\u015bnieniowych, jak\u00a0i\u00a0pracownik\u00f3w wykonuj\u0105cych prace spawalnicze. Aby\u00a0mie\u0107 pewno\u015b\u0107, \u017ce\u00a0dzia\u0142ania wykonywane w\u00a0danym przedsi\u0119biorstwie s\u0105\u00a0zgodnie z\u00a0zapisanymi w\u00a0niej normami, warto skorzysta\u0107 z\u00a0profesjonalnej pomocy specjalist\u00f3w. W\u00a0Welding Consulting naszym Klientom pomagamy wdro\u017cy\u0107\u00a0dyrektyw\u0119\u00a0ci\u015bnieniow\u0105\u00a0PED\u00a02014\/68\/eu, mamy do\u015bwiadczenie w\u00a0zakresie audyt\u00f3w i\u00a0certyfikacji. Korzystaj\u0105c z\u00a0naszego wsparcia, mo\u017cesz by\u0107\u00a0pewny, \u017ce\u00a0Twoja firma spe\u0142ni mi\u0119dzynarodowe wymagania, normy oraz\u00a0dyrektywy w\u00a0zakresie bezpiecze\u0144stwa i\u00a0jako\u015bci. Serdecznie zach\u0119camy do\u00a0wsp\u00f3\u0142pracy, a\u00a0w\u00a0przypadku pyta\u0144 lub\u00a0jakichkolwiek w\u0105tpliwo\u015bci zach\u0119camy do\u00a0kontaktu z\u00a0naszymi przedstawicielami.<\/p>","protected":false},"author":1,"featured_media":0,"parent":0,"menu_order":0,"comment_status":"closed","ping_status":"closed","template":"elementor_header_footer","meta":{"site-sidebar-layout":"default","site-content-layout":"","ast-site-content-layout":"default","site-content-style":"default","site-sidebar-style":"default","ast-global-header-display":"","ast-banner-title-visibility":"","ast-main-header-display":"","ast-hfb-above-header-display":"","ast-hfb-below-header-display":"","ast-hfb-mobile-header-display":"","site-post-title":"","ast-breadcrumbs-content":"","ast-featured-img":"","footer-sml-layout":"","ast-disable-related-posts":"","theme-transparent-header-meta":"default","adv-header-id-meta":"","stick-header-meta":"","header-above-stick-meta":"","header-main-stick-meta":"","header-below-stick-meta":"","astra-migrate-meta-layouts":"set","ast-page-background-enabled":"default","ast-page-background-meta":{"desktop":{"background-color":"var(--ast-global-color-4)","background-image":"","background-repeat":"repeat","background-position":"center center","background-size":"auto","background-attachment":"scroll","background-type":"","background-media":"","overlay-type":"","overlay-color":"","overlay-opacity":"","overlay-gradient":""},"tablet":{"background-color":"","background-image":"","background-repeat":"repeat","background-position":"center center","background-size":"auto","background-attachment":"scroll","background-type":"","background-media":"","overlay-type":"","overlay-color":"","overlay-opacity":"","overlay-gradient":""},"mobile":{"background-color":"","background-image":"","background-repeat":"repeat","background-position":"center center","background-size":"auto","background-attachment":"scroll","background-type":"","background-media":"","overlay-type":"","overlay-color":"","overlay-opacity":"","overlay-gradient":""}},"ast-content-background-meta":{"desktop":{"background-color":"var(--ast-global-color-5)","background-image":"","background-repeat":"repeat","background-position":"center center","background-size":"auto","background-attachment":"scroll","background-type":"","background-media":"","overlay-type":"","overlay-color":"","overlay-opacity":"","overlay-gradient":""},"tablet":{"background-color":"var(--ast-global-color-5)","background-image":"","background-repeat":"repeat","background-position":"center center","background-size":"auto","background-attachment":"scroll","background-type":"","background-media":"","overlay-type":"","overlay-color":"","overlay-opacity":"","overlay-gradient":""},"mobile":{"background-color":"var(--ast-global-color-5)","background-image":"","background-repeat":"repeat","background-position":"center center","background-size":"auto","background-attachment":"scroll","background-type":"","background-media":"","overlay-type":"","overlay-color":"","overlay-opacity":"","overlay-gradient":""}},"footnotes":""},"class_list":["post-1121","page","type-page","status-publish","hentry"],"rttpg_featured_image_url":null,"rttpg_author":{"display_name":"admin-JYZ7TiXE","author_link":"https:\/\/weldingconsulting.pl\/de\/author\/admin-jyz7tixe\/"},"rttpg_comment":0,"rttpg_category":null,"rttpg_excerpt":"Dyrektywa ci\u015bnieniowa ped\/2014\/68\/eu \u2013 normy dla spawalnictwa Podobnie jak inne bran\u017ce spawalnictwo podlega normom i\u00a0dyrektywom Parlamentu Europejskiego. Dyrektywa Ci\u015bnieniowa ped\/2014\/68\/eu wydana zosta\u0142a przez Parlament Europejski w\u00a0dniu 15 maja 2014 r. Dotyczy ona harmonizacji ustawodawstw pa\u0144stw cz\u0142onkowskich w\u00a0zakresie udost\u0119pniania na\u00a0rynku urz\u0105dze\u0144 ci\u015bnieniowych.\u00a0Doradztwo i\u00a0inspekcje spawalnicze\u00a0obejmuj\u0105 wdro\u017cenie i\u00a0kontrol\u0119 wdro\u017cenia zasad opisanych w\u00a0dyrektywie. Regulacje zawarte w\u00a0dyrektywie ci\u015bnieniowej PED\/2014\/68\/eu\u00a0maj\u0105 przede&hellip;","_links":{"self":[{"href":"https:\/\/weldingconsulting.pl\/de\/wp-json\/wp\/v2\/pages\/1121","targetHints":{"allow":["GET"]}}],"collection":[{"href":"https:\/\/weldingconsulting.pl\/de\/wp-json\/wp\/v2\/pages"}],"about":[{"href":"https:\/\/weldingconsulting.pl\/de\/wp-json\/wp\/v2\/types\/page"}],"author":[{"embeddable":true,"href":"https:\/\/weldingconsulting.pl\/de\/wp-json\/wp\/v2\/users\/1"}],"replies":[{"embeddable":true,"href":"https:\/\/weldingconsulting.pl\/de\/wp-json\/wp\/v2\/comments?post=1121"}],"version-history":[{"count":9,"href":"https:\/\/weldingconsulting.pl\/de\/wp-json\/wp\/v2\/pages\/1121\/revisions"}],"predecessor-version":[{"id":2457,"href":"https:\/\/weldingconsulting.pl\/de\/wp-json\/wp\/v2\/pages\/1121\/revisions\/2457"}],"wp:attachment":[{"href":"https:\/\/weldingconsulting.pl\/de\/wp-json\/wp\/v2\/media?parent=1121"}],"curies":[{"name":"wp","href":"https:\/\/api.w.org\/{rel}","templated":true}]}}