{"id":1113,"date":"2023-09-21T00:32:10","date_gmt":"2023-09-20T22:32:10","guid":{"rendered":"https:\/\/weldingconsulting.pl\/?page_id=1113"},"modified":"2023-12-27T19:24:43","modified_gmt":"2023-12-27T18:24:43","slug":"herstellung-von-stahlkonstruktionen","status":"publish","type":"page","link":"https:\/\/weldingconsulting.pl\/de\/herstellung-von-stahlkonstruktionen\/","title":{"rendered":"Herstellung von Stahlkonstruktionen"},"content":{"rendered":"<div data-elementor-type=\"wp-page\" data-elementor-id=\"1113\" class=\"elementor elementor-1113\" data-elementor-post-type=\"page\">\n\t\t\t\t\t\t<section class=\"elementor-section elementor-top-section elementor-element elementor-element-c8b6b69 elementor-section-boxed elementor-section-height-default elementor-section-height-default wpr-particle-no wpr-jarallax-no wpr-parallax-no wpr-sticky-section-no wpr-column-slider-no wpr-equal-height-no\" data-id=\"c8b6b69\" data-element_type=\"section\" data-e-type=\"section\">\n\t\t\t\t\t\t<div class=\"elementor-container elementor-column-gap-default\">\n\t\t\t\t\t<div class=\"elementor-column elementor-col-100 elementor-top-column elementor-element elementor-element-465ea26\" data-id=\"465ea26\" data-element_type=\"column\" data-e-type=\"column\">\n\t\t\t<div class=\"elementor-widget-wrap elementor-element-populated\">\n\t\t\t\t\t\t<div class=\"elementor-element elementor-element-29c9219 elementor-widget elementor-widget-heading\" data-id=\"29c9219\" data-element_type=\"widget\" data-e-type=\"widget\" data-widget_type=\"heading.default\">\n\t\t\t\t<div class=\"elementor-widget-container\">\n\t\t\t\t\t<h1 class=\"elementor-heading-title elementor-size-default\">Vorfertigung von Stahlkonstruktionen mit Schwei\u00dfberatung: Partnerschaften f\u00fcr die Realisierung robuster Projekte<\/h1>\t\t\t\t<\/div>\n\t\t\t\t<\/div>\n\t\t\t\t<div class=\"elementor-element elementor-element-9d18839 elementor-widget elementor-widget-text-editor\" data-id=\"9d18839\" data-element_type=\"widget\" data-e-type=\"widget\" data-widget_type=\"text-editor.default\">\n\t\t\t\t<div class=\"elementor-widget-container\">\n\t\t\t\t\t\t\t\t\t<p><span style=\"font-weight: 400;\">In der heutigen dynamischen Industrieumgebung werden die Effizienz und Robustheit von Stahlkonstruktionen zu Schl\u00fcsselelementen f\u00fcr den Erfolg eines jeden Projekts. Wir von Welding Consulting haben dies nicht nur erkannt, sondern bieten auch einen umfassenden Vorfertigungsservice f\u00fcr Stahlkonstruktionen an. Damit sind wir ein unsch\u00e4tzbarer Partner f\u00fcr Unternehmen, die nicht nur einen Auftragnehmer, sondern auch einen Experten suchen, der Wissen, Erfahrung und Liebe zum Detail in ein Projekt einbringt.<\/span><\/p>\t\t\t\t\t\t\t\t<\/div>\n\t\t\t\t<\/div>\n\t\t\t\t\t<\/div>\n\t\t<\/div>\n\t\t\t\t\t<\/div>\n\t\t<\/section>\n\t\t\t\t<section class=\"elementor-section elementor-top-section elementor-element elementor-element-2207afb1 elementor-section-boxed elementor-section-height-default elementor-section-height-default wpr-particle-no wpr-jarallax-no wpr-parallax-no wpr-sticky-section-no wpr-column-slider-no wpr-equal-height-no\" data-id=\"2207afb1\" data-element_type=\"section\" data-e-type=\"section\">\n\t\t\t\t\t\t<div class=\"elementor-container elementor-column-gap-default\">\n\t\t\t\t\t<div class=\"elementor-column elementor-col-50 elementor-top-column elementor-element elementor-element-73aa2942\" data-id=\"73aa2942\" data-element_type=\"column\" data-e-type=\"column\">\n\t\t\t<div class=\"elementor-widget-wrap elementor-element-populated\">\n\t\t\t\t\t\t<div class=\"elementor-element elementor-element-4d2d72cd elementor-widget elementor-widget-heading\" data-id=\"4d2d72cd\" data-element_type=\"widget\" data-e-type=\"widget\" data-widget_type=\"heading.default\">\n\t\t\t\t<div class=\"elementor-widget-container\">\n\t\t\t\t\t<h2 class=\"elementor-heading-title elementor-size-default\">Permanente Schwei\u00dfaufsicht<\/h2>\t\t\t\t<\/div>\n\t\t\t\t<\/div>\n\t\t\t\t<div class=\"elementor-element elementor-element-2eb0402d elementor-widget-divider--view-line elementor-widget elementor-widget-divider\" data-id=\"2eb0402d\" data-element_type=\"widget\" data-e-type=\"widget\" data-widget_type=\"divider.default\">\n\t\t\t\t<div class=\"elementor-widget-container\">\n\t\t\t\t\t\t\t<div class=\"elementor-divider\">\n\t\t\t<span class=\"elementor-divider-separator\">\n\t\t\t\t\t\t<\/span>\n\t\t<\/div>\n\t\t\t\t\t\t<\/div>\n\t\t\t\t<\/div>\n\t\t\t\t<div class=\"elementor-element elementor-element-42f3d597 elementor-widget elementor-widget-text-editor\" data-id=\"42f3d597\" data-element_type=\"widget\" data-e-type=\"widget\" data-widget_type=\"text-editor.default\">\n\t\t\t\t<div class=\"elementor-widget-container\">\n\t\t\t\t\t\t\t\t\t<p><span style=\"font-weight: 400;\">Unser Vorfertigungsservice basiert auf einer st\u00e4ndigen Schwei\u00dfaufsicht. Das ist nicht nur Standard, sondern vor allem eine Garantie daf\u00fcr, dass jede Schwei\u00dfnaht genau beurteilt wird und dass der gesamte Schwei\u00dfprozess nach den h\u00f6chsten Industriestandards durchgef\u00fchrt wird. Sicherheit ist f\u00fcr uns nicht nur eine Frage der Erf\u00fcllung formaler Anforderungen, sondern vor allem eine Frage der Robustheit und Langlebigkeit der fertigen Konstruktion.<\/span><\/p>\t\t\t\t\t\t\t\t<\/div>\n\t\t\t\t<\/div>\n\t\t\t\t<div class=\"elementor-element elementor-element-526f37d elementor-widget elementor-widget-heading\" data-id=\"526f37d\" data-element_type=\"widget\" data-e-type=\"widget\" data-widget_type=\"heading.default\">\n\t\t\t\t<div class=\"elementor-widget-container\">\n\t\t\t\t\t<h2 class=\"elementor-heading-title elementor-size-default\">Bescheidenes Projektmanagement<\/h2>\t\t\t\t<\/div>\n\t\t\t\t<\/div>\n\t\t\t\t<div class=\"elementor-element elementor-element-f9ecc64 elementor-widget-divider--view-line elementor-widget elementor-widget-divider\" data-id=\"f9ecc64\" data-element_type=\"widget\" data-e-type=\"widget\" data-widget_type=\"divider.default\">\n\t\t\t\t<div class=\"elementor-widget-container\">\n\t\t\t\t\t\t\t<div class=\"elementor-divider\">\n\t\t\t<span class=\"elementor-divider-separator\">\n\t\t\t\t\t\t<\/span>\n\t\t<\/div>\n\t\t\t\t\t\t<\/div>\n\t\t\t\t<\/div>\n\t\t\t\t<div class=\"elementor-element elementor-element-8052d81 elementor-widget elementor-widget-text-editor\" data-id=\"8052d81\" data-element_type=\"widget\" data-e-type=\"widget\" data-widget_type=\"text-editor.default\">\n\t\t\t\t<div class=\"elementor-widget-container\">\n\t\t\t\t\t\t\t\t\t<p><span style=\"font-weight: 400;\">Bei Welding Consulting legen wir Wert auf Zeit und Effizienz. Unser bescheidenes Projektmanagement ist der Schl\u00fcssel zur termingerechten und budgetgerechten Fertigstellung der Arbeit. Wir k\u00fcmmern uns um jede Phase des Vorfertigungsprozesses - von der Planung \u00fcber die Werkstattkoordination bis hin zum Transport der fertigen Konstruktion. Diese Vorgehensweise garantiert einen reibungslosen Ablauf und Pr\u00e4zision in jedem Detail.<\/span><\/p>\t\t\t\t\t\t\t\t<\/div>\n\t\t\t\t<\/div>\n\t\t\t\t\t<\/div>\n\t\t<\/div>\n\t\t\t\t<div class=\"elementor-column elementor-col-50 elementor-top-column elementor-element elementor-element-3ca61d3d\" data-id=\"3ca61d3d\" data-element_type=\"column\" data-e-type=\"column\">\n\t\t\t<div class=\"elementor-widget-wrap elementor-element-populated\">\n\t\t\t\t\t\t<div class=\"elementor-element elementor-element-76ff7af1 elementor-widget elementor-widget-image\" data-id=\"76ff7af1\" data-element_type=\"widget\" data-e-type=\"widget\" data-widget_type=\"image.default\">\n\t\t\t\t<div class=\"elementor-widget-container\">\n\t\t\t\t\t\t\t\t\t\t\t\t\t\t\t<img decoding=\"async\" src=\"https:\/\/weldingconsulting.pl\/wp-content\/uploads\/elementor\/thumbs\/7xm.xyz815633-qhfu3xmeqfnrqu6gnwoaoufnuntcwyjhw6omr9pqnk.jpg\" title=\"7xm.xyz815633\" alt=\"7xm.xyz815633\" loading=\"lazy\" \/>\t\t\t\t\t\t\t\t\t\t\t\t\t\t\t<\/div>\n\t\t\t\t<\/div>\n\t\t\t\t\t<\/div>\n\t\t<\/div>\n\t\t\t\t\t<\/div>\n\t\t<\/section>\n\t\t\t\t<section class=\"elementor-section elementor-top-section elementor-element elementor-element-b9072c2 elementor-section-boxed elementor-section-height-default elementor-section-height-default wpr-particle-no wpr-jarallax-no wpr-parallax-no wpr-sticky-section-no wpr-column-slider-no wpr-equal-height-no\" data-id=\"b9072c2\" data-element_type=\"section\" data-e-type=\"section\">\n\t\t\t\t\t\t<div class=\"elementor-container elementor-column-gap-default\">\n\t\t\t\t\t<div class=\"elementor-column elementor-col-50 elementor-top-column elementor-element elementor-element-e61338e\" data-id=\"e61338e\" data-element_type=\"column\" data-e-type=\"column\">\n\t\t\t<div class=\"elementor-widget-wrap elementor-element-populated\">\n\t\t\t\t\t\t<div class=\"elementor-element elementor-element-e13d784 elementor-widget elementor-widget-image\" data-id=\"e13d784\" data-element_type=\"widget\" data-e-type=\"widget\" data-widget_type=\"image.default\">\n\t\t\t\t<div class=\"elementor-widget-container\">\n\t\t\t\t\t\t\t\t\t\t\t\t\t\t\t<img fetchpriority=\"high\" decoding=\"async\" width=\"476\" height=\"317\" src=\"https:\/\/weldingconsulting.pl\/wp-content\/uploads\/2023\/12\/l_20160915_79018_5311_tcm17-323476_w1024_n.jpg\" class=\"attachment-full size-full wp-image-2584\" alt=\"Konformit\u00e4t mit den Normen EN 1090 und EN 13445\" srcset=\"https:\/\/weldingconsulting.pl\/wp-content\/uploads\/2023\/12\/l_20160915_79018_5311_tcm17-323476_w1024_n.jpg 476w, https:\/\/weldingconsulting.pl\/wp-content\/uploads\/2023\/12\/l_20160915_79018_5311_tcm17-323476_w1024_n-300x200.jpg 300w, https:\/\/weldingconsulting.pl\/wp-content\/uploads\/2023\/12\/l_20160915_79018_5311_tcm17-323476_w1024_n-18x12.jpg 18w\" sizes=\"(max-width: 476px) 100vw, 476px\" title=\"\">\t\t\t\t\t\t\t\t\t\t\t\t\t\t\t<\/div>\n\t\t\t\t<\/div>\n\t\t\t\t\t<\/div>\n\t\t<\/div>\n\t\t\t\t<div class=\"elementor-column elementor-col-50 elementor-top-column elementor-element elementor-element-a49dc4d\" data-id=\"a49dc4d\" data-element_type=\"column\" data-e-type=\"column\">\n\t\t\t<div class=\"elementor-widget-wrap elementor-element-populated\">\n\t\t\t\t\t\t<div class=\"elementor-element elementor-element-9a107d0 elementor-widget elementor-widget-heading\" data-id=\"9a107d0\" data-element_type=\"widget\" data-e-type=\"widget\" data-widget_type=\"heading.default\">\n\t\t\t\t<div class=\"elementor-widget-container\">\n\t\t\t\t\t<h2 class=\"elementor-heading-title elementor-size-default\">Konformit\u00e4t mit den Normen EN 1090 und EN 13445<\/h2>\t\t\t\t<\/div>\n\t\t\t\t<\/div>\n\t\t\t\t<div class=\"elementor-element elementor-element-d4a237d elementor-widget-divider--view-line elementor-widget elementor-widget-divider\" data-id=\"d4a237d\" data-element_type=\"widget\" data-e-type=\"widget\" data-widget_type=\"divider.default\">\n\t\t\t\t<div class=\"elementor-widget-container\">\n\t\t\t\t\t\t\t<div class=\"elementor-divider\">\n\t\t\t<span class=\"elementor-divider-separator\">\n\t\t\t\t\t\t<\/span>\n\t\t<\/div>\n\t\t\t\t\t\t<\/div>\n\t\t\t\t<\/div>\n\t\t\t\t<div class=\"elementor-element elementor-element-3866cce elementor-widget elementor-widget-text-editor\" data-id=\"3866cce\" data-element_type=\"widget\" data-e-type=\"widget\" data-widget_type=\"text-editor.default\">\n\t\t\t\t<div class=\"elementor-widget-container\">\n\t\t\t\t\t\t\t\t\t<p><span style=\"font-weight: 400;\">Unsere Vorfertigungsprojekte entsprechen stets den Normen EN 1090 und EN 13445, was f\u00fcr uns nicht nur eine Formalit\u00e4t ist, sondern vor allem ein Beweis daf\u00fcr, dass unsere Arbeit den europ\u00e4ischen Qualit\u00e4tsstandards entspricht. Wir verpflichten uns, daf\u00fcr zu sorgen, dass jedes Element der Struktur, von den Materialien bis zu den Schwei\u00dfn\u00e4hten, den Anforderungen der Industrienormen entspricht.<\/span><\/p>\t\t\t\t\t\t\t\t<\/div>\n\t\t\t\t<\/div>\n\t\t\t\t<div class=\"elementor-element elementor-element-276fb19 elementor-widget elementor-widget-heading\" data-id=\"276fb19\" data-element_type=\"widget\" data-e-type=\"widget\" data-widget_type=\"heading.default\">\n\t\t\t\t<div class=\"elementor-widget-container\">\n\t\t\t\t\t<h2 class=\"elementor-heading-title elementor-size-default\">Anpassung an die Projektspezifika<\/h2>\t\t\t\t<\/div>\n\t\t\t\t<\/div>\n\t\t\t\t<div class=\"elementor-element elementor-element-420664b elementor-widget-divider--view-line elementor-widget elementor-widget-divider\" data-id=\"420664b\" data-element_type=\"widget\" data-e-type=\"widget\" data-widget_type=\"divider.default\">\n\t\t\t\t<div class=\"elementor-widget-container\">\n\t\t\t\t\t\t\t<div class=\"elementor-divider\">\n\t\t\t<span class=\"elementor-divider-separator\">\n\t\t\t\t\t\t<\/span>\n\t\t<\/div>\n\t\t\t\t\t\t<\/div>\n\t\t\t\t<\/div>\n\t\t\t\t<div class=\"elementor-element elementor-element-8aaa63d elementor-widget elementor-widget-text-editor\" data-id=\"8aaa63d\" data-element_type=\"widget\" data-e-type=\"widget\" data-widget_type=\"text-editor.default\">\n\t\t\t\t<div class=\"elementor-widget-container\">\n\t\t\t\t\t\t\t\t\t<p><span style=\"font-weight: 400;\">Welding Consulting hat keine Angst vor Herausforderungen. Unsere Erfahrung in der Arbeit mit einer Vielzahl von Materialien wie Kohlenstoffst\u00e4hlen, hochfesten St\u00e4hlen oder hochlegierten St\u00e4hlen erm\u00f6glicht es uns, die Konstruktion auf die Besonderheiten des Projekts abzustimmen. Flexibilit\u00e4t ist f\u00fcr uns nicht nur eine Marketingphrase, sondern ein Prinzip, das wir t\u00e4glich anwenden, um auch die anspruchsvollsten Erwartungen unserer Kunden zu erf\u00fcllen.<\/span><\/p>\t\t\t\t\t\t\t\t<\/div>\n\t\t\t\t<\/div>\n\t\t\t\t\t<\/div>\n\t\t<\/div>\n\t\t\t\t\t<\/div>\n\t\t<\/section>\n\t\t\t\t<section class=\"elementor-section elementor-top-section elementor-element elementor-element-6f09421 elementor-section-boxed elementor-section-height-default elementor-section-height-default wpr-particle-no wpr-jarallax-no wpr-parallax-no wpr-sticky-section-no wpr-column-slider-no wpr-equal-height-no\" data-id=\"6f09421\" data-element_type=\"section\" data-e-type=\"section\">\n\t\t\t\t\t\t<div class=\"elementor-container elementor-column-gap-default\">\n\t\t\t\t\t<div class=\"elementor-column elementor-col-100 elementor-top-column elementor-element elementor-element-23dfbe5\" data-id=\"23dfbe5\" data-element_type=\"column\" data-e-type=\"column\">\n\t\t\t<div class=\"elementor-widget-wrap elementor-element-populated\">\n\t\t\t\t\t\t<div class=\"elementor-element elementor-element-41e5e423 elementor-widget elementor-widget-heading\" data-id=\"41e5e423\" data-element_type=\"widget\" data-e-type=\"widget\" data-widget_type=\"heading.default\">\n\t\t\t\t<div class=\"elementor-widget-container\">\n\t\t\t\t\t<h2 class=\"elementor-heading-title elementor-size-default\">Zusammenarbeit mit Werkst\u00e4tten und Druckbeh\u00e4lterexperten: Volles Spektrum an Dienstleistungen<\/h2>\t\t\t\t<\/div>\n\t\t\t\t<\/div>\n\t\t\t\t<div class=\"elementor-element elementor-element-34608771 elementor-widget-divider--view-line elementor-widget elementor-widget-divider\" data-id=\"34608771\" data-element_type=\"widget\" data-e-type=\"widget\" data-widget_type=\"divider.default\">\n\t\t\t\t<div class=\"elementor-widget-container\">\n\t\t\t\t\t\t\t<div class=\"elementor-divider\">\n\t\t\t<span class=\"elementor-divider-separator\">\n\t\t\t\t\t\t<\/span>\n\t\t<\/div>\n\t\t\t\t\t\t<\/div>\n\t\t\t\t<\/div>\n\t\t\t\t<div class=\"elementor-element elementor-element-bb1b3b9 elementor-widget elementor-widget-text-editor\" data-id=\"bb1b3b9\" data-element_type=\"widget\" data-e-type=\"widget\" data-widget_type=\"text-editor.default\">\n\t\t\t\t<div class=\"elementor-widget-container\">\n\t\t\t\t\t\t\t\t\t<p><span style=\"font-weight: 400;\">Welding Consulting ist nicht nur ein Unternehmen, sondern ein Partner, der sowohl mit Stahlvorfertigungsbetrieben als auch mit Druckbeh\u00e4lterexperten zusammenarbeitet. Das bedeutet, dass wir das gesamte Spektrum an Dienstleistungen anbieten, unabh\u00e4ngig von der Komplexit\u00e4t des Projekts oder den technischen Anforderungen.<\/span><span style=\"font-weight: 400;\">Wenn Sie sich f\u00fcr die Vorfertigung von Stahlkonstruktionen durch Welding Consulting entscheiden, investieren Sie in mehr als nur eine fertige Konstruktion. Sie entscheiden sich f\u00fcr einen Partner, der Sie in jeder Phase Ihres Projekts unterst\u00fctzt und Ihnen nicht nur Fachwissen, sondern auch eine Leidenschaft f\u00fcr Spitzenleistungen bietet. Nehmen Sie noch heute Kontakt mit uns auf, um mehr \u00fcber unsere Vorfertigungsleistungen zu erfahren und dar\u00fcber, wie wir Ihr Projekt unterst\u00fctzen k\u00f6nnen. Bei Welding Consulting ist Zuverl\u00e4ssigkeit kein Versprechen, sondern eine Verpflichtung, die wir bis ins Detail einhalten.<\/span><\/p>\t\t\t\t\t\t\t\t<\/div>\n\t\t\t\t<\/div>\n\t\t\t\t\t<\/div>\n\t\t<\/div>\n\t\t\t\t\t<\/div>\n\t\t<\/section>\n\t\t\t\t<\/div>","protected":false},"excerpt":{"rendered":"<p>Prefabrykacja Konstrukcji Stalowych z Welding Consulting: Partnerstwo w Realizacji Solidnych Projekt\u00f3w W dzisiejszych czasach, w dynamicznym \u015brodowisku przemys\u0142owym, efektywno\u015b\u0107 i solidno\u015b\u0107 konstrukcji stalowych staj\u0105 si\u0119 kluczowymi elementami sukcesu ka\u017cdego projektu. W Welding Consulting nie tylko zdajemy sobie z tego spraw\u0119, ale r\u00f3wnie\u017c oferujemy kompleksowe us\u0142ugi prefabrykacji konstrukcji stalowych, stanowi\u0105c nieocenionego partnera dla przedsi\u0119biorstw poszukuj\u0105cych nie tylko wykonawcy, lecz tak\u017ce eksperta, kt\u00f3ry wprowadzi do projektu wiedz\u0119, do\u015bwiadczenie i dba\u0142o\u015b\u0107 o detale. Sta\u0142y Nadz\u00f3r Spawalniczy Nasza us\u0142uga prefabrykacji opiera si\u0119 na sta\u0142ym nadzorze spawalniczym. To nie tylko standard, ale przede wszystkim gwarancja, \u017ce ka\u017cda spoina jest precyzyjnie oceniana, a ca\u0142y proces spawalniczy odbywa si\u0119 zgodnie z najwy\u017cszymi normami bran\u017cowymi. Dla nas bezpiecze\u0144stwo to nie tylko kwestia spe\u0142niania wymog\u00f3w formalnych, lecz przede wszystkim troska o solidno\u015b\u0107 i trwa\u0142o\u015b\u0107 gotowej konstrukcji. Skromne Zarz\u0105dzanie Projektem W Welding Consulting cenimy czas i efektywno\u015b\u0107. Nasze skromne zarz\u0105dzanie projektem to klucz do zrealizowania prac w terminie i zgodnie z ustalonym bud\u017cetem. Dbamy o ka\u017cdy etap procesu prefabrykacji \u2013 od planowania, poprzez koordynacj\u0119 warsztat\u00f3w, a\u017c po transport gotowej konstrukcji. To podej\u015bcie gwarantuje p\u0142ynno\u015b\u0107 i precyzj\u0119 w ka\u017cdym detalu. Zgodno\u015b\u0107 z Normami EN 1090 i EN 13445 Nasze realizacje prefabrykacyjne s\u0105 zawsze zgodne z normami EN 1090 oraz EN 13445. To dla nas nie tylko formalno\u015b\u0107, lecz przede wszystkim \u015bwiadectwo, \u017ce nasze prace spe\u0142niaj\u0105 europejskie standardy jako\u015bci. Zale\u017cy nam na tym, aby ka\u017cdy element konstrukcji, od materia\u0142\u00f3w po spoiny, by\u0142 dostosowany do wymaga\u0144 norm bran\u017cowych. Dostosowanie do Specyfiki Projektu Welding Consulting nie boi si\u0119 wyzwa\u0144. Nasze do\u015bwiadczenie w pracy z r\u00f3\u017cnorodnymi materia\u0142ami, takimi jak stale w\u0119glowe, wysoko wytrzyma\u0142e czy wysoko stopowe, pozwala nam dostosowa\u0107 konstrukcj\u0119 do specyfiki projektu. Elastyczno\u015b\u0107 to dla nas nie tylko fraza marketingowa, lecz zasada, kt\u00f3r\u0105 kierujemy si\u0119 na co dzie\u0144, aby spe\u0142nia\u0107 nawet najbardziej wymagaj\u0105ce oczekiwania naszych klient\u00f3w. Wsp\u00f3\u0142praca z Warsztatami i Ekspertami ds. Zbiornik\u00f3w Ci\u015bnieniowych: Pe\u0142ne Spektrum Us\u0142ug Welding Consulting to nie tylko firma, ale partner, kt\u00f3ry wsp\u00f3\u0142pracuje zar\u00f3wno z warsztatami specjalizuj\u0105cymi si\u0119 w prefabrykacji konstrukcji stalowych, jak i ekspertami ds. zbiornik\u00f3w ci\u015bnieniowych. To oznacza, \u017ce oferujemy pe\u0142ne spektrum us\u0142ug, niezale\u017cnie od skomplikowania projektu czy wymaga\u0144 technicznych.Decyduj\u0105c si\u0119 na us\u0142ugi prefabrykacji konstrukcji stalowych z Welding Consulting, inwestujesz w wi\u0119cej ni\u017c tylko gotow\u0105 konstrukcj\u0119. Wybierasz partnera gotowego wesprze\u0107 Ci\u0119 na ka\u017cdym etapie projektu, oferuj\u0105c nie tylko fachow\u0105 wiedz\u0119, ale tak\u017ce pasj\u0119 do doskona\u0142o\u015bci. Skontaktuj si\u0119 z nami ju\u017c dzi\u015b, aby dowiedzie\u0107 si\u0119 wi\u0119cej o naszych us\u0142ugach prefabrykacji i tym, jak mo\u017cemy wesprze\u0107 realizacj\u0119 Twojego projektu. W Welding Consulting solidno\u015b\u0107 nie jest obietnic\u0105, lecz zobowi\u0105zaniem, kt\u00f3re realizujemy w ka\u017cdym detalu.<\/p>","protected":false},"author":1,"featured_media":0,"parent":0,"menu_order":0,"comment_status":"closed","ping_status":"closed","template":"elementor_header_footer","meta":{"site-sidebar-layout":"default","site-content-layout":"","ast-site-content-layout":"default","site-content-style":"default","site-sidebar-style":"default","ast-global-header-display":"","ast-banner-title-visibility":"","ast-main-header-display":"","ast-hfb-above-header-display":"","ast-hfb-below-header-display":"","ast-hfb-mobile-header-display":"","site-post-title":"","ast-breadcrumbs-content":"","ast-featured-img":"","footer-sml-layout":"","ast-disable-related-posts":"","theme-transparent-header-meta":"default","adv-header-id-meta":"","stick-header-meta":"","header-above-stick-meta":"","header-main-stick-meta":"","header-below-stick-meta":"","astra-migrate-meta-layouts":"set","ast-page-background-enabled":"default","ast-page-background-meta":{"desktop":{"background-color":"var(--ast-global-color-4)","background-image":"","background-repeat":"repeat","background-position":"center center","background-size":"auto","background-attachment":"scroll","background-type":"","background-media":"","overlay-type":"","overlay-color":"","overlay-opacity":"","overlay-gradient":""},"tablet":{"background-color":"","background-image":"","background-repeat":"repeat","background-position":"center center","background-size":"auto","background-attachment":"scroll","background-type":"","background-media":"","overlay-type":"","overlay-color":"","overlay-opacity":"","overlay-gradient":""},"mobile":{"background-color":"","background-image":"","background-repeat":"repeat","background-position":"center center","background-size":"auto","background-attachment":"scroll","background-type":"","background-media":"","overlay-type":"","overlay-color":"","overlay-opacity":"","overlay-gradient":""}},"ast-content-background-meta":{"desktop":{"background-color":"var(--ast-global-color-5)","background-image":"","background-repeat":"repeat","background-position":"center center","background-size":"auto","background-attachment":"scroll","background-type":"","background-media":"","overlay-type":"","overlay-color":"","overlay-opacity":"","overlay-gradient":""},"tablet":{"background-color":"var(--ast-global-color-5)","background-image":"","background-repeat":"repeat","background-position":"center center","background-size":"auto","background-attachment":"scroll","background-type":"","background-media":"","overlay-type":"","overlay-color":"","overlay-opacity":"","overlay-gradient":""},"mobile":{"background-color":"var(--ast-global-color-5)","background-image":"","background-repeat":"repeat","background-position":"center center","background-size":"auto","background-attachment":"scroll","background-type":"","background-media":"","overlay-type":"","overlay-color":"","overlay-opacity":"","overlay-gradient":""}},"footnotes":""},"class_list":["post-1113","page","type-page","status-publish","hentry"],"rttpg_featured_image_url":null,"rttpg_author":{"display_name":"admin-JYZ7TiXE","author_link":"https:\/\/weldingconsulting.pl\/de\/author\/admin-jyz7tixe\/"},"rttpg_comment":0,"rttpg_category":null,"rttpg_excerpt":"Prefabrykacja Konstrukcji Stalowych z Welding Consulting: Partnerstwo w Realizacji Solidnych Projekt\u00f3w W dzisiejszych czasach, w dynamicznym \u015brodowisku przemys\u0142owym, efektywno\u015b\u0107 i solidno\u015b\u0107 konstrukcji stalowych staj\u0105 si\u0119 kluczowymi elementami sukcesu ka\u017cdego projektu. W Welding Consulting nie tylko zdajemy sobie z tego spraw\u0119, ale r\u00f3wnie\u017c oferujemy kompleksowe us\u0142ugi prefabrykacji konstrukcji stalowych, stanowi\u0105c nieocenionego partnera dla przedsi\u0119biorstw poszukuj\u0105cych nie&hellip;","_links":{"self":[{"href":"https:\/\/weldingconsulting.pl\/de\/wp-json\/wp\/v2\/pages\/1113","targetHints":{"allow":["GET"]}}],"collection":[{"href":"https:\/\/weldingconsulting.pl\/de\/wp-json\/wp\/v2\/pages"}],"about":[{"href":"https:\/\/weldingconsulting.pl\/de\/wp-json\/wp\/v2\/types\/page"}],"author":[{"embeddable":true,"href":"https:\/\/weldingconsulting.pl\/de\/wp-json\/wp\/v2\/users\/1"}],"replies":[{"embeddable":true,"href":"https:\/\/weldingconsulting.pl\/de\/wp-json\/wp\/v2\/comments?post=1113"}],"version-history":[{"count":42,"href":"https:\/\/weldingconsulting.pl\/de\/wp-json\/wp\/v2\/pages\/1113\/revisions"}],"predecessor-version":[{"id":2587,"href":"https:\/\/weldingconsulting.pl\/de\/wp-json\/wp\/v2\/pages\/1113\/revisions\/2587"}],"wp:attachment":[{"href":"https:\/\/weldingconsulting.pl\/de\/wp-json\/wp\/v2\/media?parent=1113"}],"curies":[{"name":"wp","href":"https:\/\/api.w.org\/{rel}","templated":true}]}}